{"id":47648,"date":"2025-12-04T18:18:41","date_gmt":"2025-12-04T18:18:41","guid":{"rendered":"https:\/\/toys.lt\/?post_type=product&#038;p=47648"},"modified":"2026-04-08T00:01:03","modified_gmt":"2026-04-08T00:01:03","slug":"rotallietu-tvertnes-militaras-bazes-komplekts-kopija","status":"publish","type":"product","link":"https:\/\/toys.lt\/lv\/produktas\/rotallietu-tvertnes-militaras-bazes-komplekts-kopija\/","title":{"rendered":"Rota\u013clietu tvertnes\/ milit\u0101r\u0101s b\u0101zes komplekts (Kopija)"},"content":{"rendered":"<p><strong>Rota\u013clietu komplekts, kas <\/strong>no piekabes p\u0101rv\u0113r\u0161as par milit\u0101ru b\u0101zi ar transportl\u012bdzek\u013ciem un citu milit\u0101ro apr\u012bkojumu.<\/p>\n<p><strong>Funkcijas:<\/strong><\/p>\n<ul>\n<li>Cisternas durvis atveras un k\u013c\u016bst par transportl\u012bdzek\u013cu gar\u0101\u017eu<\/li>\n<li>Tvertnes izm\u0113rs 24 x 32 x 17 cm<\/li>\n<li>5 transportl\u012bdzek\u013ci<\/li>\n<li>6 karav\u012bri<\/li>\n<li>1 helikopters<\/li>\n<li>1 drons<\/li>\n<li>lielgabals grie\u017eas visos virzienos<\/li>\n<\/ul>\n","protected":false},"excerpt":{"rendered":"<p>Materi\u0101ls: plastmasa<\/p>\n<p>Ieteicamais vecums: no 3 gadiem<\/p>\n<p>Iepakojuma izm\u0113ri: 46 x 11 x 23 cm<\/p>\n<p>Izcelsmes valsts: \u0136\u012bna.<\/p>\n","protected":false},"featured_media":47658,"comment_status":"open","ping_status":"closed","template":"","meta":[],"product_brand":[],"product_cat":[1155,1176,1177],"product_tag":[],"class_list":{"0":"post-47648","1":"product","2":"type-product","3":"status-publish","4":"has-post-thumbnail","6":"product_cat-leti","7":"product_cat-rotallietas-zeniem","8":"product_cat-rotalu-automasinas-traktori-un-kapurkedes","9":"pa_amziaus-grupe-3-lv","11":"first","12":"instock","13":"sale","14":"taxable","15":"shipping-taxable","16":"purchasable","17":"product-type-simple"},"yoast_head":"<!-- This site is optimized with the Yoast SEO plugin v27.6 - https:\/\/yoast.com\/product\/yoast-seo-wordpress\/ -->\n<title>Rota\u013clietu tvertnes\/ milit\u0101r\u0101s b\u0101zes komplekts (Kopija) - Toys.lt<\/title>\n<meta name=\"robots\" content=\"index, follow, max-snippet:-1, max-image-preview:large, max-video-preview:-1\" \/>\n<link rel=\"canonical\" href=\"https:\/\/toys.lt\/lv\/produktas\/rotallietu-tvertnes-militaras-bazes-komplekts-kopija\/\" \/>\n<meta property=\"og:locale\" content=\"lv_LV\" \/>\n<meta property=\"og:type\" content=\"article\" \/>\n<meta property=\"og:title\" content=\"Rota\u013clietu tvertnes\/ milit\u0101r\u0101s b\u0101zes komplekts (Kopija) - Toys.lt\" \/>\n<meta property=\"og:description\" content=\"Materi\u0101ls: plastmasa Ieteicamais vecums: no 3 gadiem Iepakojuma izm\u0113ri: 46 x 11 x 23 cm Izcelsmes valsts: \u0136\u012bna.\" \/>\n<meta property=\"og:url\" content=\"https:\/\/toys.lt\/lv\/produktas\/rotallietu-tvertnes-militaras-bazes-komplekts-kopija\/\" \/>\n<meta property=\"og:site_name\" content=\"Toys.lt\" \/>\n<meta property=\"article:modified_time\" content=\"2026-04-08T00:01:03+00:00\" \/>\n<meta property=\"og:image\" content=\"https:\/\/toys.lt\/wp-content\/uploads\/2025\/12\/Y2133-policijos-garazas-1-1300x800.png\" \/>\n\t<meta property=\"og:image:width\" content=\"1300\" \/>\n\t<meta property=\"og:image:height\" content=\"800\" \/>\n\t<meta property=\"og:image:type\" content=\"image\/png\" \/>\n<meta name=\"twitter:card\" content=\"summary_large_image\" \/>\n<script type=\"application\/ld+json\" class=\"yoast-schema-graph\">{\"@context\":\"https:\\\/\\\/schema.org\",\"@graph\":[{\"@type\":\"WebPage\",\"@id\":\"https:\\\/\\\/toys.lt\\\/lv\\\/produktas\\\/rotallietu-tvertnes-militaras-bazes-komplekts-kopija\\\/\",\"url\":\"https:\\\/\\\/toys.lt\\\/lv\\\/produktas\\\/rotallietu-tvertnes-militaras-bazes-komplekts-kopija\\\/\",\"name\":\"Rota\u013clietu tvertnes\\\/ milit\u0101r\u0101s b\u0101zes komplekts (Kopija) - Toys.lt\",\"isPartOf\":{\"@id\":\"https:\\\/\\\/toys.lt\\\/lv\\\/#website\"},\"primaryImageOfPage\":{\"@id\":\"https:\\\/\\\/toys.lt\\\/lv\\\/produktas\\\/rotallietu-tvertnes-militaras-bazes-komplekts-kopija\\\/#primaryimage\"},\"image\":{\"@id\":\"https:\\\/\\\/toys.lt\\\/lv\\\/produktas\\\/rotallietu-tvertnes-militaras-bazes-komplekts-kopija\\\/#primaryimage\"},\"thumbnailUrl\":\"https:\\\/\\\/toys.lt\\\/wp-content\\\/uploads\\\/2025\\\/12\\\/Y2133-policijos-garazas-1.png\",\"datePublished\":\"2025-12-04T18:18:41+00:00\",\"dateModified\":\"2026-04-08T00:01:03+00:00\",\"breadcrumb\":{\"@id\":\"https:\\\/\\\/toys.lt\\\/lv\\\/produktas\\\/rotallietu-tvertnes-militaras-bazes-komplekts-kopija\\\/#breadcrumb\"},\"inLanguage\":\"lv-LV\",\"potentialAction\":[{\"@type\":\"ReadAction\",\"target\":[\"https:\\\/\\\/toys.lt\\\/lv\\\/produktas\\\/rotallietu-tvertnes-militaras-bazes-komplekts-kopija\\\/\"]}]},{\"@type\":\"ImageObject\",\"inLanguage\":\"lv-LV\",\"@id\":\"https:\\\/\\\/toys.lt\\\/lv\\\/produktas\\\/rotallietu-tvertnes-militaras-bazes-komplekts-kopija\\\/#primaryimage\",\"url\":\"https:\\\/\\\/toys.lt\\\/wp-content\\\/uploads\\\/2025\\\/12\\\/Y2133-policijos-garazas-1.png\",\"contentUrl\":\"https:\\\/\\\/toys.lt\\\/wp-content\\\/uploads\\\/2025\\\/12\\\/Y2133-policijos-garazas-1.png\",\"width\":2520,\"height\":2129},{\"@type\":\"BreadcrumbList\",\"@id\":\"https:\\\/\\\/toys.lt\\\/lv\\\/produktas\\\/rotallietu-tvertnes-militaras-bazes-komplekts-kopija\\\/#breadcrumb\",\"itemListElement\":[{\"@type\":\"ListItem\",\"position\":1,\"name\":\"Home\",\"item\":\"https:\\\/\\\/toys.lt\\\/lv\\\/\"},{\"@type\":\"ListItem\",\"position\":2,\"name\":\"Veikals\",\"item\":\"https:\\\/\\\/toys.lt\\\/lv\\\/shop\\\/\"},{\"@type\":\"ListItem\",\"position\":3,\"name\":\"Rota\u013clietu tvertnes\\\/ milit\u0101r\u0101s b\u0101zes komplekts (Kopija)\"}]},{\"@type\":\"WebSite\",\"@id\":\"https:\\\/\\\/toys.lt\\\/lv\\\/#website\",\"url\":\"https:\\\/\\\/toys.lt\\\/lv\\\/\",\"name\":\"Toys.lt\",\"description\":\"\",\"potentialAction\":[{\"@type\":\"SearchAction\",\"target\":{\"@type\":\"EntryPoint\",\"urlTemplate\":\"https:\\\/\\\/toys.lt\\\/lv\\\/?s={search_term_string}\"},\"query-input\":{\"@type\":\"PropertyValueSpecification\",\"valueRequired\":true,\"valueName\":\"search_term_string\"}}],\"inLanguage\":\"lv-LV\"}]}<\/script>\n<!-- \/ Yoast SEO plugin. -->","yoast_head_json":{"title":"Rota\u013clietu tvertnes\/ milit\u0101r\u0101s b\u0101zes komplekts (Kopija) - Toys.lt","robots":{"index":"index","follow":"follow","max-snippet":"max-snippet:-1","max-image-preview":"max-image-preview:large","max-video-preview":"max-video-preview:-1"},"canonical":"https:\/\/toys.lt\/lv\/produktas\/rotallietu-tvertnes-militaras-bazes-komplekts-kopija\/","og_locale":"lv_LV","og_type":"article","og_title":"Rota\u013clietu tvertnes\/ milit\u0101r\u0101s b\u0101zes komplekts (Kopija) - Toys.lt","og_description":"Materi\u0101ls: plastmasa Ieteicamais vecums: no 3 gadiem Iepakojuma izm\u0113ri: 46 x 11 x 23 cm Izcelsmes valsts: \u0136\u012bna.","og_url":"https:\/\/toys.lt\/lv\/produktas\/rotallietu-tvertnes-militaras-bazes-komplekts-kopija\/","og_site_name":"Toys.lt","article_modified_time":"2026-04-08T00:01:03+00:00","og_image":[{"width":1300,"height":800,"url":"https:\/\/toys.lt\/wp-content\/uploads\/2025\/12\/Y2133-policijos-garazas-1-1300x800.png","type":"image\/png"}],"twitter_card":"summary_large_image","schema":{"@context":"https:\/\/schema.org","@graph":[{"@type":"WebPage","@id":"https:\/\/toys.lt\/lv\/produktas\/rotallietu-tvertnes-militaras-bazes-komplekts-kopija\/","url":"https:\/\/toys.lt\/lv\/produktas\/rotallietu-tvertnes-militaras-bazes-komplekts-kopija\/","name":"Rota\u013clietu tvertnes\/ milit\u0101r\u0101s b\u0101zes komplekts (Kopija) - Toys.lt","isPartOf":{"@id":"https:\/\/toys.lt\/lv\/#website"},"primaryImageOfPage":{"@id":"https:\/\/toys.lt\/lv\/produktas\/rotallietu-tvertnes-militaras-bazes-komplekts-kopija\/#primaryimage"},"image":{"@id":"https:\/\/toys.lt\/lv\/produktas\/rotallietu-tvertnes-militaras-bazes-komplekts-kopija\/#primaryimage"},"thumbnailUrl":"https:\/\/toys.lt\/wp-content\/uploads\/2025\/12\/Y2133-policijos-garazas-1.png","datePublished":"2025-12-04T18:18:41+00:00","dateModified":"2026-04-08T00:01:03+00:00","breadcrumb":{"@id":"https:\/\/toys.lt\/lv\/produktas\/rotallietu-tvertnes-militaras-bazes-komplekts-kopija\/#breadcrumb"},"inLanguage":"lv-LV","potentialAction":[{"@type":"ReadAction","target":["https:\/\/toys.lt\/lv\/produktas\/rotallietu-tvertnes-militaras-bazes-komplekts-kopija\/"]}]},{"@type":"ImageObject","inLanguage":"lv-LV","@id":"https:\/\/toys.lt\/lv\/produktas\/rotallietu-tvertnes-militaras-bazes-komplekts-kopija\/#primaryimage","url":"https:\/\/toys.lt\/wp-content\/uploads\/2025\/12\/Y2133-policijos-garazas-1.png","contentUrl":"https:\/\/toys.lt\/wp-content\/uploads\/2025\/12\/Y2133-policijos-garazas-1.png","width":2520,"height":2129},{"@type":"BreadcrumbList","@id":"https:\/\/toys.lt\/lv\/produktas\/rotallietu-tvertnes-militaras-bazes-komplekts-kopija\/#breadcrumb","itemListElement":[{"@type":"ListItem","position":1,"name":"Home","item":"https:\/\/toys.lt\/lv\/"},{"@type":"ListItem","position":2,"name":"Veikals","item":"https:\/\/toys.lt\/lv\/shop\/"},{"@type":"ListItem","position":3,"name":"Rota\u013clietu tvertnes\/ milit\u0101r\u0101s b\u0101zes komplekts (Kopija)"}]},{"@type":"WebSite","@id":"https:\/\/toys.lt\/lv\/#website","url":"https:\/\/toys.lt\/lv\/","name":"Toys.lt","description":"","potentialAction":[{"@type":"SearchAction","target":{"@type":"EntryPoint","urlTemplate":"https:\/\/toys.lt\/lv\/?s={search_term_string}"},"query-input":{"@type":"PropertyValueSpecification","valueRequired":true,"valueName":"search_term_string"}}],"inLanguage":"lv-LV"}]}},"_links":{"self":[{"href":"https:\/\/toys.lt\/lv\/wp-json\/wp\/v2\/product\/47648","targetHints":{"allow":["GET"]}}],"collection":[{"href":"https:\/\/toys.lt\/lv\/wp-json\/wp\/v2\/product"}],"about":[{"href":"https:\/\/toys.lt\/lv\/wp-json\/wp\/v2\/types\/product"}],"replies":[{"embeddable":true,"href":"https:\/\/toys.lt\/lv\/wp-json\/wp\/v2\/comments?post=47648"}],"version-history":[{"count":1,"href":"https:\/\/toys.lt\/lv\/wp-json\/wp\/v2\/product\/47648\/revisions"}],"predecessor-version":[{"id":48269,"href":"https:\/\/toys.lt\/lv\/wp-json\/wp\/v2\/product\/47648\/revisions\/48269"}],"wp:featuredmedia":[{"embeddable":true,"href":"https:\/\/toys.lt\/lv\/wp-json\/wp\/v2\/media\/47658"}],"wp:attachment":[{"href":"https:\/\/toys.lt\/lv\/wp-json\/wp\/v2\/media?parent=47648"}],"wp:term":[{"taxonomy":"product_brand","embeddable":true,"href":"https:\/\/toys.lt\/lv\/wp-json\/wp\/v2\/product_brand?post=47648"},{"taxonomy":"product_cat","embeddable":true,"href":"https:\/\/toys.lt\/lv\/wp-json\/wp\/v2\/product_cat?post=47648"},{"taxonomy":"product_tag","embeddable":true,"href":"https:\/\/toys.lt\/lv\/wp-json\/wp\/v2\/product_tag?post=47648"}],"curies":[{"name":"wp","href":"https:\/\/api.w.org\/{rel}","templated":true}]}}