{"id":47614,"date":"2025-12-04T02:37:42","date_gmt":"2025-12-04T02:37:42","guid":{"rendered":"https:\/\/toys.lt\/?post_type=product&#038;p=47614"},"modified":"2026-04-08T00:01:03","modified_gmt":"2026-04-08T00:01:03","slug":"interaktivais-arsta-komplekts-medicinas-stacija-26det-kopija-kopija","status":"publish","type":"product","link":"https:\/\/toys.lt\/lv\/produktas\/interaktivais-arsta-komplekts-medicinas-stacija-26det-kopija-kopija\/","title":{"rendered":"\u0100rsta sp\u0113\u013cu komplekts kast\u012bt\u0113 (10 gab.)"},"content":{"rendered":"<p data-start=\"396\" data-end=\"475\"><strong data-start=\"396\" data-end=\"475\">\u0100rsta rota\u013cu komplekts kast\u0113 ar 10 piederumiem b\u0113rniem no 3 gadu vecuma.<\/strong><\/p>\n<hr data-start=\"477\" data-end=\"480\">\n<p data-start=\"498\" data-end=\"811\">Doktora sp\u0113\u013cu komplekts kast\u012bt\u0113 ir lieliska izv\u0113le b\u0113rniem, kuriem pat\u012bk aktiersp\u0113le un medic\u012bnisk\u0101s sp\u0113les. Kompaktaj\u0101 komplekt\u0101 ir 10 da\u017e\u0101di medic\u012bnas instrumenti: stetoskops, \u0161\u013circe, \u0161\u0137\u0113res, otoskops, tabletes imit\u0101cija, termometrs un citi tematiski aksesu\u0101ri, kas pal\u012bdz\u0113s jums rad\u012bt interesantus st\u0101stus. <\/p>\n<p data-start=\"813\" data-end=\"1056\">Instrumenti ir \u0113rti iepakoti iztur\u012bg\u0101 kast\u0113 ar logu, lai tos b\u016btu \u0113rti uzglab\u0101t un d\u0101vin\u0101t. Rota\u013clieta att\u012bsta emp\u0101tiju, rado\u0161us rota\u013cu scen\u0101rijus, motoriku un soci\u0101l\u0101s prasmes. Izgatavota no dro\u0161as ABS plastmasas, piem\u0113rota b\u0113rniem no 3 gadu vecuma.  <\/p>\n<hr data-start=\"1058\" data-end=\"1061\">\n<h2 data-start=\"1063\" data-end=\"1080\"><strong data-start=\"1066\" data-end=\"1080\">\ud83e\uddf0 Funkcijas<\/strong><\/h2>\n<ul data-start=\"1081\" data-end=\"1351\">\n<li data-start=\"1081\" data-end=\"1131\">\n<p data-start=\"1083\" data-end=\"1131\">Kompakts 10 deta\u013cu \u0101rsta sp\u0113\u013cu komplekts<\/p>\n<\/li>\n<li data-start=\"1132\" data-end=\"1178\">\n<p data-start=\"1134\" data-end=\"1178\">re\u0101lu medic\u012bnas instrumentu simul\u0101cijas<\/p>\n<\/li>\n<li data-start=\"1179\" data-end=\"1232\">\n<p data-start=\"1181\" data-end=\"1232\">Veicina lomu sp\u0113les, emp\u0101tiju un rado\u0161umu.<\/p>\n<\/li>\n<li data-start=\"1233\" data-end=\"1278\">\n<p data-start=\"1235\" data-end=\"1278\">\u0112rta uzglab\u0101\u0161anas un transport\u0113\u0161anas kaste<\/p>\n<\/li>\n<li data-start=\"1279\" data-end=\"1316\">\n<p data-start=\"1281\" data-end=\"1316\">Izgatavots no dro\u0161as ABS plastmasas<\/p>\n<\/li>\n<li data-start=\"1317\" data-end=\"1351\">\n<p data-start=\"1319\" data-end=\"1351\">Piem\u0113rots z\u0113niem un meiten\u0113m<\/p>\n<\/li>\n<\/ul>\n<hr data-start=\"1353\" data-end=\"1356\">\n<h2 data-start=\"1358\" data-end=\"1391\"><strong data-start=\"1361\" data-end=\"1391\">\ud83d\udce6 Komplekts (10 gab.)<\/strong><\/h2>\n<ul data-start=\"1392\" data-end=\"1619\">\n<li data-start=\"1392\" data-end=\"1407\">\n<p data-start=\"1394\" data-end=\"1407\">Stetoskops<\/p>\n<\/li>\n<li data-start=\"1408\" data-end=\"1421\">\n<p data-start=\"1410\" data-end=\"1421\">\u0160\u013circe<\/p>\n<\/li>\n<li data-start=\"1422\" data-end=\"1433\">\n<p data-start=\"1424\" data-end=\"1433\">\u0160\u0137\u0113res<\/p>\n<\/li>\n<li data-start=\"1434\" data-end=\"1458\">\n<p data-start=\"1436\" data-end=\"1458\">Knaibl\u012b\u0161i\/ skava<\/p>\n<\/li>\n<li data-start=\"1459\" data-end=\"1497\">\n<p data-start=\"1461\" data-end=\"1497\">Otoskops (ausu p\u0101rbaudes instruments)<\/p>\n<\/li>\n<li data-start=\"1498\" data-end=\"1522\">\n<p data-start=\"1500\" data-end=\"1522\">P\u0101rbaudes spogulis<\/p>\n<\/li>\n<li data-start=\"1523\" data-end=\"1547\">\n<p data-start=\"1525\" data-end=\"1547\">Termometra imit\u0101cija<\/p>\n<\/li>\n<li data-start=\"1548\" data-end=\"1569\">\n<p data-start=\"1550\" data-end=\"1569\">Medic\u012bnas pudele<\/p>\n<\/li>\n<li data-start=\"1570\" data-end=\"1598\">\n<p data-start=\"1572\" data-end=\"1598\">Tabletes\/medikamentu kast\u012bte<\/p>\n<\/li>\n<li data-start=\"1599\" data-end=\"1619\">\n<p data-start=\"1601\" data-end=\"1619\">Mintel p\u0101rbaudei<\/p>\n<\/li>\n<\/ul>\n<hr data-start=\"1692\" data-end=\"1695\">\n<h2 data-start=\"1697\" data-end=\"1727\"><strong data-start=\"1700\" data-end=\"1727\">\ud83d\udccf Tehnisk\u0101 inform\u0101cija<\/strong><\/h2>\n<p data-start=\"1728\" data-end=\"1884\"><strong data-start=\"1728\" data-end=\"1747\">Komplekta izm\u0113rs:<\/strong> 36 \u00d7 4 \u00d7 26 cm<br data-start=\"1762\" data-end=\"1765\"> Svars<strong data-start=\"1765\" data-end=\"1776\">:<\/strong> 1,5 kg<br data-start=\"1783\" data-end=\"1786\"><strong data-start=\"1786\" data-end=\"1813\">Ieteicamais vecums:<\/strong> no 3 gadiem<br data-start=\"1851\" data-end=\"1854\"><strong data-start=\"1854\" data-end=\"1868\">Materi\u0101li:<\/strong> ABS plastmasa<strong data-start=\"1854\" data-end=\"1868\">.<\/strong> <\/p>\n<hr data-start=\"1886\" data-end=\"1889\">\n<h2 data-start=\"1891\" data-end=\"1915\"><strong data-start=\"1894\" data-end=\"1915\">Dro\u0161\u012bbas br\u012bdin\u0101jums<\/strong><\/h2>\n<p data-start=\"1916\" data-end=\"1985\">Nav piem\u0113rots b\u0113rniem l\u012bdz 3 gadu vecumam &#8211; mazas deta\u013cas un aizr\u012b\u0161an\u0101s risks.<\/p>\n","protected":false},"excerpt":{"rendered":"<p data-start=\"1763\" data-end=\"1863\"><strong data-start=\"1728\" data-end=\"1747\">Komplekta izm\u0113rs:<\/strong> 36 \u00d7 4 \u00d7 26 cm<br data-start=\"1762\" data-end=\"1765\"> Svars<strong data-start=\"1765\" data-end=\"1776\">:<\/strong> 1,5 kg<br data-start=\"1783\" data-end=\"1786\"><strong data-start=\"1786\" data-end=\"1813\">Ieteicamais vecums:<\/strong> no 3 gadiem<br data-start=\"1824\" data-end=\"1827\"><strong data-start=\"1827\" data-end=\"1844\">Izcelsmes valsts:<\/strong> \u0136\u012bna<br data-start=\"1851\" data-end=\"1854\"><strong data-start=\"1854\" data-end=\"1868\">Materi\u0101li:<\/strong> ABS plastmasa<strong data-start=\"1854\" data-end=\"1868\">.<\/strong> <\/p>\n","protected":false},"featured_media":47623,"comment_status":"open","ping_status":"closed","template":"","meta":[],"product_brand":[],"product_cat":[1180,1176,1151,1406,1155],"product_tag":[],"class_list":{"0":"post-47614","1":"product","2":"type-product","3":"status-publish","4":"has-post-thumbnail","6":"product_cat-rotallietas-meitenem","7":"product_cat-rotallietas-zeniem","8":"product_cat-specializeti-rotallietu-darbariki","9":"product_cat-letakais","10":"product_cat-leti","11":"pa_amziaus-grupe-3-lv","12":"pa_prek-s-tipas-izglitojosas-rotallietas","14":"first","15":"instock","16":"sale","17":"taxable","18":"shipping-taxable","19":"purchasable","20":"product-type-simple"},"yoast_head":"<!-- This site is optimized with the Yoast SEO plugin v26.3 - https:\/\/yoast.com\/wordpress\/plugins\/seo\/ -->\n<title>\u0100rsta sp\u0113\u013cu komplekts kast\u012bt\u0113 (10 gab.) - Toys.lt<\/title>\n<meta name=\"description\" content=\"\u0100rsta sp\u0113\u013cu komplekts kast\u0113 ar 10 piederumiem. Stetoskops, \u0161\u013circe, \u0161\u0137\u0113res un citi medic\u012bnas piederumi. Piem\u0113rots b\u0113rniem no 3 gadu vecuma.\" \/>\n<meta name=\"robots\" content=\"index, follow, max-snippet:-1, max-image-preview:large, max-video-preview:-1\" \/>\n<link rel=\"canonical\" href=\"https:\/\/toys.lt\/lv\/produktas\/interaktivais-arsta-komplekts-medicinas-stacija-26det-kopija-kopija\/\" \/>\n<meta property=\"og:locale\" content=\"lv_LV\" \/>\n<meta property=\"og:type\" content=\"article\" \/>\n<meta property=\"og:title\" content=\"\u0100rsta sp\u0113\u013cu komplekts kast\u012bt\u0113 (10 gab.) - Toys.lt\" \/>\n<meta property=\"og:description\" content=\"\u0100rsta sp\u0113\u013cu komplekts kast\u0113 ar 10 piederumiem. Stetoskops, \u0161\u013circe, \u0161\u0137\u0113res un citi medic\u012bnas piederumi. Piem\u0113rots b\u0113rniem no 3 gadu vecuma.\" \/>\n<meta property=\"og:url\" content=\"https:\/\/toys.lt\/lv\/produktas\/interaktivais-arsta-komplekts-medicinas-stacija-26det-kopija-kopija\/\" \/>\n<meta property=\"og:site_name\" content=\"Toys.lt\" \/>\n<meta property=\"article:modified_time\" content=\"2026-04-08T00:01:03+00:00\" \/>\n<meta property=\"og:image\" content=\"https:\/\/toys.lt\/wp-content\/uploads\/2025\/12\/8815-2-daktaro-rinkinys-1.jpg\" \/>\n\t<meta property=\"og:image:width\" content=\"2283\" \/>\n\t<meta property=\"og:image:height\" content=\"1749\" \/>\n\t<meta property=\"og:image:type\" content=\"image\/jpeg\" \/>\n<meta name=\"twitter:card\" content=\"summary_large_image\" \/>\n<meta name=\"twitter:label1\" content=\"Est. reading time\" \/>\n\t<meta name=\"twitter:data1\" content=\"1 minute\" \/>\n<script type=\"application\/ld+json\" class=\"yoast-schema-graph\">{\"@context\":\"https:\/\/schema.org\",\"@graph\":[{\"@type\":\"WebPage\",\"@id\":\"https:\/\/toys.lt\/lv\/produktas\/interaktivais-arsta-komplekts-medicinas-stacija-26det-kopija-kopija\/\",\"url\":\"https:\/\/toys.lt\/lv\/produktas\/interaktivais-arsta-komplekts-medicinas-stacija-26det-kopija-kopija\/\",\"name\":\"\u0100rsta sp\u0113\u013cu komplekts kast\u012bt\u0113 (10 gab.) - Toys.lt\",\"isPartOf\":{\"@id\":\"https:\/\/toys.lt\/lv\/#website\"},\"primaryImageOfPage\":{\"@id\":\"https:\/\/toys.lt\/lv\/produktas\/interaktivais-arsta-komplekts-medicinas-stacija-26det-kopija-kopija\/#primaryimage\"},\"image\":{\"@id\":\"https:\/\/toys.lt\/lv\/produktas\/interaktivais-arsta-komplekts-medicinas-stacija-26det-kopija-kopija\/#primaryimage\"},\"thumbnailUrl\":\"https:\/\/toys.lt\/wp-content\/uploads\/2025\/12\/8815-2-daktaro-rinkinys-1.jpg\",\"datePublished\":\"2025-12-04T02:37:42+00:00\",\"dateModified\":\"2026-04-08T00:01:03+00:00\",\"description\":\"\u0100rsta sp\u0113\u013cu komplekts kast\u0113 ar 10 piederumiem. Stetoskops, \u0161\u013circe, \u0161\u0137\u0113res un citi medic\u012bnas piederumi. Piem\u0113rots b\u0113rniem no 3 gadu vecuma.\",\"breadcrumb\":{\"@id\":\"https:\/\/toys.lt\/lv\/produktas\/interaktivais-arsta-komplekts-medicinas-stacija-26det-kopija-kopija\/#breadcrumb\"},\"inLanguage\":\"lv-LV\",\"potentialAction\":[{\"@type\":\"ReadAction\",\"target\":[\"https:\/\/toys.lt\/lv\/produktas\/interaktivais-arsta-komplekts-medicinas-stacija-26det-kopija-kopija\/\"]}]},{\"@type\":\"ImageObject\",\"inLanguage\":\"lv-LV\",\"@id\":\"https:\/\/toys.lt\/lv\/produktas\/interaktivais-arsta-komplekts-medicinas-stacija-26det-kopija-kopija\/#primaryimage\",\"url\":\"https:\/\/toys.lt\/wp-content\/uploads\/2025\/12\/8815-2-daktaro-rinkinys-1.jpg\",\"contentUrl\":\"https:\/\/toys.lt\/wp-content\/uploads\/2025\/12\/8815-2-daktaro-rinkinys-1.jpg\",\"width\":2283,\"height\":1749,\"caption\":\"8811A-2\"},{\"@type\":\"BreadcrumbList\",\"@id\":\"https:\/\/toys.lt\/lv\/produktas\/interaktivais-arsta-komplekts-medicinas-stacija-26det-kopija-kopija\/#breadcrumb\",\"itemListElement\":[{\"@type\":\"ListItem\",\"position\":1,\"name\":\"Home\",\"item\":\"https:\/\/toys.lt\/lv\/\"},{\"@type\":\"ListItem\",\"position\":2,\"name\":\"Veikals\",\"item\":\"https:\/\/toys.lt\/lv\/shop\/\"},{\"@type\":\"ListItem\",\"position\":3,\"name\":\"\u0100rsta sp\u0113\u013cu komplekts kast\u012bt\u0113 (10 gab.)\"}]},{\"@type\":\"WebSite\",\"@id\":\"https:\/\/toys.lt\/lv\/#website\",\"url\":\"https:\/\/toys.lt\/lv\/\",\"name\":\"Toys.lt\",\"description\":\"\",\"potentialAction\":[{\"@type\":\"SearchAction\",\"target\":{\"@type\":\"EntryPoint\",\"urlTemplate\":\"https:\/\/toys.lt\/lv\/?s={search_term_string}\"},\"query-input\":{\"@type\":\"PropertyValueSpecification\",\"valueRequired\":true,\"valueName\":\"search_term_string\"}}],\"inLanguage\":\"lv-LV\"}]}<\/script>\n<!-- \/ Yoast SEO plugin. -->","yoast_head_json":{"title":"\u0100rsta sp\u0113\u013cu komplekts kast\u012bt\u0113 (10 gab.) - Toys.lt","description":"\u0100rsta sp\u0113\u013cu komplekts kast\u0113 ar 10 piederumiem. Stetoskops, \u0161\u013circe, \u0161\u0137\u0113res un citi medic\u012bnas piederumi. Piem\u0113rots b\u0113rniem no 3 gadu vecuma.","robots":{"index":"index","follow":"follow","max-snippet":"max-snippet:-1","max-image-preview":"max-image-preview:large","max-video-preview":"max-video-preview:-1"},"canonical":"https:\/\/toys.lt\/lv\/produktas\/interaktivais-arsta-komplekts-medicinas-stacija-26det-kopija-kopija\/","og_locale":"lv_LV","og_type":"article","og_title":"\u0100rsta sp\u0113\u013cu komplekts kast\u012bt\u0113 (10 gab.) - Toys.lt","og_description":"\u0100rsta sp\u0113\u013cu komplekts kast\u0113 ar 10 piederumiem. Stetoskops, \u0161\u013circe, \u0161\u0137\u0113res un citi medic\u012bnas piederumi. Piem\u0113rots b\u0113rniem no 3 gadu vecuma.","og_url":"https:\/\/toys.lt\/lv\/produktas\/interaktivais-arsta-komplekts-medicinas-stacija-26det-kopija-kopija\/","og_site_name":"Toys.lt","article_modified_time":"2026-04-08T00:01:03+00:00","og_image":[{"width":2283,"height":1749,"url":"https:\/\/toys.lt\/wp-content\/uploads\/2025\/12\/8815-2-daktaro-rinkinys-1.jpg","type":"image\/jpeg"}],"twitter_card":"summary_large_image","twitter_misc":{"Est. reading time":"1 minute"},"schema":{"@context":"https:\/\/schema.org","@graph":[{"@type":"WebPage","@id":"https:\/\/toys.lt\/lv\/produktas\/interaktivais-arsta-komplekts-medicinas-stacija-26det-kopija-kopija\/","url":"https:\/\/toys.lt\/lv\/produktas\/interaktivais-arsta-komplekts-medicinas-stacija-26det-kopija-kopija\/","name":"\u0100rsta sp\u0113\u013cu komplekts kast\u012bt\u0113 (10 gab.) - Toys.lt","isPartOf":{"@id":"https:\/\/toys.lt\/lv\/#website"},"primaryImageOfPage":{"@id":"https:\/\/toys.lt\/lv\/produktas\/interaktivais-arsta-komplekts-medicinas-stacija-26det-kopija-kopija\/#primaryimage"},"image":{"@id":"https:\/\/toys.lt\/lv\/produktas\/interaktivais-arsta-komplekts-medicinas-stacija-26det-kopija-kopija\/#primaryimage"},"thumbnailUrl":"https:\/\/toys.lt\/wp-content\/uploads\/2025\/12\/8815-2-daktaro-rinkinys-1.jpg","datePublished":"2025-12-04T02:37:42+00:00","dateModified":"2026-04-08T00:01:03+00:00","description":"\u0100rsta sp\u0113\u013cu komplekts kast\u0113 ar 10 piederumiem. Stetoskops, \u0161\u013circe, \u0161\u0137\u0113res un citi medic\u012bnas piederumi. Piem\u0113rots b\u0113rniem no 3 gadu vecuma.","breadcrumb":{"@id":"https:\/\/toys.lt\/lv\/produktas\/interaktivais-arsta-komplekts-medicinas-stacija-26det-kopija-kopija\/#breadcrumb"},"inLanguage":"lv-LV","potentialAction":[{"@type":"ReadAction","target":["https:\/\/toys.lt\/lv\/produktas\/interaktivais-arsta-komplekts-medicinas-stacija-26det-kopija-kopija\/"]}]},{"@type":"ImageObject","inLanguage":"lv-LV","@id":"https:\/\/toys.lt\/lv\/produktas\/interaktivais-arsta-komplekts-medicinas-stacija-26det-kopija-kopija\/#primaryimage","url":"https:\/\/toys.lt\/wp-content\/uploads\/2025\/12\/8815-2-daktaro-rinkinys-1.jpg","contentUrl":"https:\/\/toys.lt\/wp-content\/uploads\/2025\/12\/8815-2-daktaro-rinkinys-1.jpg","width":2283,"height":1749,"caption":"8811A-2"},{"@type":"BreadcrumbList","@id":"https:\/\/toys.lt\/lv\/produktas\/interaktivais-arsta-komplekts-medicinas-stacija-26det-kopija-kopija\/#breadcrumb","itemListElement":[{"@type":"ListItem","position":1,"name":"Home","item":"https:\/\/toys.lt\/lv\/"},{"@type":"ListItem","position":2,"name":"Veikals","item":"https:\/\/toys.lt\/lv\/shop\/"},{"@type":"ListItem","position":3,"name":"\u0100rsta sp\u0113\u013cu komplekts kast\u012bt\u0113 (10 gab.)"}]},{"@type":"WebSite","@id":"https:\/\/toys.lt\/lv\/#website","url":"https:\/\/toys.lt\/lv\/","name":"Toys.lt","description":"","potentialAction":[{"@type":"SearchAction","target":{"@type":"EntryPoint","urlTemplate":"https:\/\/toys.lt\/lv\/?s={search_term_string}"},"query-input":{"@type":"PropertyValueSpecification","valueRequired":true,"valueName":"search_term_string"}}],"inLanguage":"lv-LV"}]}},"_links":{"self":[{"href":"https:\/\/toys.lt\/lv\/wp-json\/wp\/v2\/product\/47614","targetHints":{"allow":["GET"]}}],"collection":[{"href":"https:\/\/toys.lt\/lv\/wp-json\/wp\/v2\/product"}],"about":[{"href":"https:\/\/toys.lt\/lv\/wp-json\/wp\/v2\/types\/product"}],"replies":[{"embeddable":true,"href":"https:\/\/toys.lt\/lv\/wp-json\/wp\/v2\/comments?post=47614"}],"version-history":[{"count":2,"href":"https:\/\/toys.lt\/lv\/wp-json\/wp\/v2\/product\/47614\/revisions"}],"predecessor-version":[{"id":48383,"href":"https:\/\/toys.lt\/lv\/wp-json\/wp\/v2\/product\/47614\/revisions\/48383"}],"wp:featuredmedia":[{"embeddable":true,"href":"https:\/\/toys.lt\/lv\/wp-json\/wp\/v2\/media\/47623"}],"wp:attachment":[{"href":"https:\/\/toys.lt\/lv\/wp-json\/wp\/v2\/media?parent=47614"}],"wp:term":[{"taxonomy":"product_brand","embeddable":true,"href":"https:\/\/toys.lt\/lv\/wp-json\/wp\/v2\/product_brand?post=47614"},{"taxonomy":"product_cat","embeddable":true,"href":"https:\/\/toys.lt\/lv\/wp-json\/wp\/v2\/product_cat?post=47614"},{"taxonomy":"product_tag","embeddable":true,"href":"https:\/\/toys.lt\/lv\/wp-json\/wp\/v2\/product_tag?post=47614"}],"curies":[{"name":"wp","href":"https:\/\/api.w.org\/{rel}","templated":true}]}}