{"id":47602,"date":"2025-12-04T02:08:42","date_gmt":"2025-12-04T02:08:42","guid":{"rendered":"https:\/\/toys.lt\/?post_type=product&#038;p=47602"},"modified":"2026-04-08T00:01:03","modified_gmt":"2026-04-08T00:01:03","slug":"interaktivais-arsta-komplekts-medicinas-stacija-26det-kopija","status":"publish","type":"product","link":"https:\/\/toys.lt\/lv\/produktas\/interaktivais-arsta-komplekts-medicinas-stacija-26det-kopija\/","title":{"rendered":"\u0100rsta sp\u0113\u013cu galds ar piederumiem (17 gab.)"},"content":{"rendered":"<p>\u0100rsta sp\u0113\u013cu komplekts ar galdu un 17 piederumiem b\u0113rniem no 3 gadu vecuma.<\/p>\n<p data-start=\"570\" data-end=\"935\">&#8220;Es esmu mazais \u0101rsts&#8221; ir interakt\u012bvs \u0101rsta sp\u0113\u013cu komplekts ar stat\u012bvu, kas \u013cauj b\u0113rniem m\u0101j\u0101s izveidot savu mazo kl\u012bniku. Uz 58,5 cm augst\u0101 sp\u0113\u013cu galda ir vieta medic\u012bnas piederumiem, imit\u0113tam monitoram, izlietnei un tematiskiem aksesu\u0101riem. B\u0113rni var klaus\u012bties sirdsdarb\u012bbu, m\u0113r\u012bt temperat\u016bru, veikt &#8220;p\u0101rbaudes&#8221; un, sp\u0113l\u0113jot lomu sp\u0113les, m\u0101c\u012bties emp\u0101tiju.  <\/p>\n<p data-start=\"937\" data-end=\"1179\">Komplekts att\u012bsta s\u012bko motoriku, soci\u0101l\u0101s prasmes un rado\u0161o dom\u0101\u0161anu. Iztur\u012bgas ABS plastmasas deta\u013cas nodro\u0161ina dro\u0161u un ilgsto\u0161u rota\u013cu pieredzi. Ide\u0101la izv\u0113le b\u0113rniem, kuriem pat\u012bk p\u0113t\u012bt, rad\u012bt st\u0101stus un r\u016bp\u0113ties par citiem.  <\/p>\n<h1 data-start=\"1327\" data-end=\"1340\"><strong data-start=\"1329\" data-end=\"1340\">\ud83e\uddf0Properties<\/strong><\/h1>\n<ul data-start=\"1341\" data-end=\"1728\">\n<li data-start=\"1341\" data-end=\"1389\">\n<p data-start=\"1343\" data-end=\"1389\">58,5 cm augsts daudzfunkcion\u0101ls sp\u0113\u013cu galds<\/p>\n<\/li>\n<li data-start=\"1390\" data-end=\"1490\">\n<p data-start=\"1392\" data-end=\"1490\">17 medic\u012bniskie piederumi (stetoskops, termometrs, \u0161\u0137\u0113res, \u0161\u013circe, m\u0101ksl\u012bg\u0101s tabletes utt.)<\/p>\n<\/li>\n<li data-start=\"1491\" data-end=\"1540\">\n<p data-start=\"1493\" data-end=\"1540\">Integr\u0113ta izlietne un simul\u0113ts monitors<\/p>\n<\/li>\n<li data-start=\"1541\" data-end=\"1581\">\n<p data-start=\"1543\" data-end=\"1581\">\u0112rti plaukti piederumiem<\/p>\n<\/li>\n<li data-start=\"1582\" data-end=\"1645\">\n<p data-start=\"1584\" data-end=\"1645\">Veicina emp\u0101tiju, rado\u0161umu un soci\u0101lo lomu sp\u0113les.<\/p>\n<\/li>\n<li data-start=\"1646\" data-end=\"1693\">\n<p data-start=\"1648\" data-end=\"1693\">Izgatavots no dro\u0161as un iztur\u012bgas ABS plastmasas<\/p>\n<\/li>\n<li data-start=\"1694\" data-end=\"1728\">\n<p data-start=\"1696\" data-end=\"1728\">Piem\u0113rots z\u0113niem un meiten\u0113m<\/p>\n<\/li>\n<\/ul>\n<p data-start=\"1865\" data-end=\"1895\"><strong data-start=\"1865\" data-end=\"1893\">\ud83d\udce6 Komplekts (17 gab.):<\/strong><\/p>\n<ul data-start=\"1896\" data-end=\"2092\">\n<li data-start=\"1896\" data-end=\"1914\">\n<p data-start=\"1898\" data-end=\"1914\">Sp\u0113\u013cu galds<\/p>\n<\/li>\n<li data-start=\"1915\" data-end=\"1930\">\n<p data-start=\"1917\" data-end=\"1930\">Stetoskops<\/p>\n<\/li>\n<li data-start=\"1931\" data-end=\"1946\">\n<p data-start=\"1933\" data-end=\"1946\">Termometrs<\/p>\n<\/li>\n<li data-start=\"1947\" data-end=\"1960\">\n<p data-start=\"1949\" data-end=\"1960\">\u0160\u013circe<\/p>\n<\/li>\n<li data-start=\"1961\" data-end=\"2037\">\n<p data-start=\"1963\" data-end=\"2037\">Medic\u012bniskie instrumenti (\u0161\u0137\u0113res, \u0101murs, p\u0101rs\u0113ji, flakoni utt.)<\/p>\n<\/li>\n<li data-start=\"2038\" data-end=\"2063\">\n<p data-start=\"2040\" data-end=\"2063\">Monitora simul\u0101cija<\/p>\n<\/li>\n<li data-start=\"2064\" data-end=\"2092\">\n<p data-start=\"2066\" data-end=\"2092\">Uzglab\u0101\u0161anas tvertnes un piederumi<\/p>\n<\/li>\n<\/ul>\n<h1 data-start=\"1735\" data-end=\"1761\"><strong data-start=\"1737\" data-end=\"1761\">\ud83d\udccfTehnisk\u0101 inform\u0101cija<\/strong><\/h1>\n<p data-start=\"1763\" data-end=\"1863\"><strong data-start=\"1763\" data-end=\"1782\">Komplekta izm\u0113rs:<\/strong> 45 \u00d7 28 \u00d7 58,5 cm<br data-start=\"1800\" data-end=\"1803\"><strong data-start=\"1803\" data-end=\"1822\">Iepakojuma izm\u0113rs:<\/strong> 39 \u00d7 10,5 \u00d7 57 cm<br data-start=\"1840\" data-end=\"1843\"> Svars<strong data-start=\"1843\" data-end=\"1854\">:<\/strong> 1,7 kg<\/p>\n<p data-start=\"2094\" data-end=\"2192\"><strong data-start=\"2094\" data-end=\"2121\">Ieteicamais vecums:<\/strong> no 3 gadiem<br data-start=\"2159\" data-end=\"2162\"><strong data-start=\"2162\" data-end=\"2176\">Materi\u0101li:<\/strong> ABS plastmasa<\/p>\n<hr data-start=\"2194\" data-end=\"2197\">\n<h1 data-start=\"2199\" data-end=\"2222\"><strong data-start=\"2201\" data-end=\"2222\">Dro\u0161\u012bbas br\u012bdin\u0101jums<\/strong><\/h1>\n<p data-start=\"2223\" data-end=\"2292\">Nav piem\u0113rots b\u0113rniem l\u012bdz 3 gadu vecumam &#8211; mazas deta\u013cas un aizr\u012b\u0161an\u0101s risks.<\/p>\n","protected":false},"excerpt":{"rendered":"<p data-start=\"1763\" data-end=\"1863\"><strong data-start=\"1763\" data-end=\"1782\">Komplekta izm\u0113rs:<\/strong> 45 \u00d7 28 \u00d7 58,5 cm<br data-start=\"1800\" data-end=\"1803\"><strong data-start=\"1803\" data-end=\"1822\">Iepakojuma izm\u0113rs:<\/strong> 39 \u00d7 10,5 \u00d7 57 cm<br data-start=\"1840\" data-end=\"1843\"> Svars<strong data-start=\"1843\" data-end=\"1854\">:<\/strong> 1,7 kg<\/p>\n<p data-start=\"2094\" data-end=\"2192\"><strong data-start=\"2094\" data-end=\"2121\">Ieteicamais vecums:<\/strong> no 3 gadiem<br data-start=\"2132\" data-end=\"2135\"><strong data-start=\"2135\" data-end=\"2152\">Izcelsmes valsts:<\/strong> \u0136\u012bna<br data-start=\"2159\" data-end=\"2162\"><strong data-start=\"2162\" data-end=\"2176\">Materi\u0101li:<\/strong> ABS plastmasa<\/p>\n","protected":false},"featured_media":47606,"comment_status":"open","ping_status":"closed","template":"","meta":[],"product_brand":[],"product_cat":[1180,1176,1151,1155],"product_tag":[],"class_list":{"0":"post-47602","1":"product","2":"type-product","3":"status-publish","4":"has-post-thumbnail","6":"product_cat-rotallietas-meitenem","7":"product_cat-rotallietas-zeniem","8":"product_cat-specializeti-rotallietu-darbariki","9":"product_cat-leti","10":"pa_amziaus-grupe-3-lv","11":"pa_prek-s-tipas-izglitojosas-rotallietas","13":"first","14":"instock","15":"sale","16":"taxable","17":"shipping-taxable","18":"purchasable","19":"product-type-simple"},"yoast_head":"<!-- This site is optimized with the Yoast SEO plugin v26.3 - https:\/\/yoast.com\/wordpress\/plugins\/seo\/ -->\n<title>\u0100rsta sp\u0113\u013cu galds ar piederumiem (17 gab.) - Toys.lt<\/title>\n<meta name=\"description\" content=\"\u0100rsta komplekts ar galdu un 17 piederumiem. Stetoskops, termometrs, \u0161\u013circe un citi medic\u012bnas piederumi. Piem\u0113rots b\u0113rniem no 3 gadu vecuma.\" \/>\n<meta name=\"robots\" content=\"index, follow, max-snippet:-1, max-image-preview:large, max-video-preview:-1\" \/>\n<link rel=\"canonical\" href=\"https:\/\/toys.lt\/lv\/produktas\/interaktivais-arsta-komplekts-medicinas-stacija-26det-kopija\/\" \/>\n<meta property=\"og:locale\" content=\"lv_LV\" \/>\n<meta property=\"og:type\" content=\"article\" \/>\n<meta property=\"og:title\" content=\"\u0100rsta sp\u0113\u013cu galds ar piederumiem (17 gab.) - Toys.lt\" \/>\n<meta property=\"og:description\" content=\"\u0100rsta komplekts ar galdu un 17 piederumiem. Stetoskops, termometrs, \u0161\u013circe un citi medic\u012bnas piederumi. Piem\u0113rots b\u0113rniem no 3 gadu vecuma.\" \/>\n<meta property=\"og:url\" content=\"https:\/\/toys.lt\/lv\/produktas\/interaktivais-arsta-komplekts-medicinas-stacija-26det-kopija\/\" \/>\n<meta property=\"og:site_name\" content=\"Toys.lt\" \/>\n<meta property=\"article:modified_time\" content=\"2026-04-08T00:01:03+00:00\" \/>\n<meta property=\"og:image\" content=\"https:\/\/toys.lt\/wp-content\/uploads\/2025\/12\/8832-1-daktaro-rinknys-2.jpg\" \/>\n\t<meta property=\"og:image:width\" content=\"667\" \/>\n\t<meta property=\"og:image:height\" content=\"878\" \/>\n\t<meta property=\"og:image:type\" content=\"image\/jpeg\" \/>\n<meta name=\"twitter:card\" content=\"summary_large_image\" \/>\n<meta name=\"twitter:label1\" content=\"Est. reading time\" \/>\n\t<meta name=\"twitter:data1\" content=\"1 minute\" \/>\n<script type=\"application\/ld+json\" class=\"yoast-schema-graph\">{\"@context\":\"https:\/\/schema.org\",\"@graph\":[{\"@type\":\"WebPage\",\"@id\":\"https:\/\/toys.lt\/lv\/produktas\/interaktivais-arsta-komplekts-medicinas-stacija-26det-kopija\/\",\"url\":\"https:\/\/toys.lt\/lv\/produktas\/interaktivais-arsta-komplekts-medicinas-stacija-26det-kopija\/\",\"name\":\"\u0100rsta sp\u0113\u013cu galds ar piederumiem (17 gab.) - Toys.lt\",\"isPartOf\":{\"@id\":\"https:\/\/toys.lt\/lv\/#website\"},\"primaryImageOfPage\":{\"@id\":\"https:\/\/toys.lt\/lv\/produktas\/interaktivais-arsta-komplekts-medicinas-stacija-26det-kopija\/#primaryimage\"},\"image\":{\"@id\":\"https:\/\/toys.lt\/lv\/produktas\/interaktivais-arsta-komplekts-medicinas-stacija-26det-kopija\/#primaryimage\"},\"thumbnailUrl\":\"https:\/\/toys.lt\/wp-content\/uploads\/2025\/12\/8832-1-daktaro-rinknys-2.jpg\",\"datePublished\":\"2025-12-04T02:08:42+00:00\",\"dateModified\":\"2026-04-08T00:01:03+00:00\",\"description\":\"\u0100rsta komplekts ar galdu un 17 piederumiem. Stetoskops, termometrs, \u0161\u013circe un citi medic\u012bnas piederumi. Piem\u0113rots b\u0113rniem no 3 gadu vecuma.\",\"breadcrumb\":{\"@id\":\"https:\/\/toys.lt\/lv\/produktas\/interaktivais-arsta-komplekts-medicinas-stacija-26det-kopija\/#breadcrumb\"},\"inLanguage\":\"lv-LV\",\"potentialAction\":[{\"@type\":\"ReadAction\",\"target\":[\"https:\/\/toys.lt\/lv\/produktas\/interaktivais-arsta-komplekts-medicinas-stacija-26det-kopija\/\"]}]},{\"@type\":\"ImageObject\",\"inLanguage\":\"lv-LV\",\"@id\":\"https:\/\/toys.lt\/lv\/produktas\/interaktivais-arsta-komplekts-medicinas-stacija-26det-kopija\/#primaryimage\",\"url\":\"https:\/\/toys.lt\/wp-content\/uploads\/2025\/12\/8832-1-daktaro-rinknys-2.jpg\",\"contentUrl\":\"https:\/\/toys.lt\/wp-content\/uploads\/2025\/12\/8832-1-daktaro-rinknys-2.jpg\",\"width\":667,\"height\":878},{\"@type\":\"BreadcrumbList\",\"@id\":\"https:\/\/toys.lt\/lv\/produktas\/interaktivais-arsta-komplekts-medicinas-stacija-26det-kopija\/#breadcrumb\",\"itemListElement\":[{\"@type\":\"ListItem\",\"position\":1,\"name\":\"Home\",\"item\":\"https:\/\/toys.lt\/lv\/\"},{\"@type\":\"ListItem\",\"position\":2,\"name\":\"Veikals\",\"item\":\"https:\/\/toys.lt\/lv\/shop\/\"},{\"@type\":\"ListItem\",\"position\":3,\"name\":\"\u0100rsta sp\u0113\u013cu galds ar piederumiem (17 gab.)\"}]},{\"@type\":\"WebSite\",\"@id\":\"https:\/\/toys.lt\/lv\/#website\",\"url\":\"https:\/\/toys.lt\/lv\/\",\"name\":\"Toys.lt\",\"description\":\"\",\"potentialAction\":[{\"@type\":\"SearchAction\",\"target\":{\"@type\":\"EntryPoint\",\"urlTemplate\":\"https:\/\/toys.lt\/lv\/?s={search_term_string}\"},\"query-input\":{\"@type\":\"PropertyValueSpecification\",\"valueRequired\":true,\"valueName\":\"search_term_string\"}}],\"inLanguage\":\"lv-LV\"}]}<\/script>\n<!-- \/ Yoast SEO plugin. -->","yoast_head_json":{"title":"\u0100rsta sp\u0113\u013cu galds ar piederumiem (17 gab.) - Toys.lt","description":"\u0100rsta komplekts ar galdu un 17 piederumiem. Stetoskops, termometrs, \u0161\u013circe un citi medic\u012bnas piederumi. Piem\u0113rots b\u0113rniem no 3 gadu vecuma.","robots":{"index":"index","follow":"follow","max-snippet":"max-snippet:-1","max-image-preview":"max-image-preview:large","max-video-preview":"max-video-preview:-1"},"canonical":"https:\/\/toys.lt\/lv\/produktas\/interaktivais-arsta-komplekts-medicinas-stacija-26det-kopija\/","og_locale":"lv_LV","og_type":"article","og_title":"\u0100rsta sp\u0113\u013cu galds ar piederumiem (17 gab.) - Toys.lt","og_description":"\u0100rsta komplekts ar galdu un 17 piederumiem. Stetoskops, termometrs, \u0161\u013circe un citi medic\u012bnas piederumi. Piem\u0113rots b\u0113rniem no 3 gadu vecuma.","og_url":"https:\/\/toys.lt\/lv\/produktas\/interaktivais-arsta-komplekts-medicinas-stacija-26det-kopija\/","og_site_name":"Toys.lt","article_modified_time":"2026-04-08T00:01:03+00:00","og_image":[{"width":667,"height":878,"url":"https:\/\/toys.lt\/wp-content\/uploads\/2025\/12\/8832-1-daktaro-rinknys-2.jpg","type":"image\/jpeg"}],"twitter_card":"summary_large_image","twitter_misc":{"Est. reading time":"1 minute"},"schema":{"@context":"https:\/\/schema.org","@graph":[{"@type":"WebPage","@id":"https:\/\/toys.lt\/lv\/produktas\/interaktivais-arsta-komplekts-medicinas-stacija-26det-kopija\/","url":"https:\/\/toys.lt\/lv\/produktas\/interaktivais-arsta-komplekts-medicinas-stacija-26det-kopija\/","name":"\u0100rsta sp\u0113\u013cu galds ar piederumiem (17 gab.) - Toys.lt","isPartOf":{"@id":"https:\/\/toys.lt\/lv\/#website"},"primaryImageOfPage":{"@id":"https:\/\/toys.lt\/lv\/produktas\/interaktivais-arsta-komplekts-medicinas-stacija-26det-kopija\/#primaryimage"},"image":{"@id":"https:\/\/toys.lt\/lv\/produktas\/interaktivais-arsta-komplekts-medicinas-stacija-26det-kopija\/#primaryimage"},"thumbnailUrl":"https:\/\/toys.lt\/wp-content\/uploads\/2025\/12\/8832-1-daktaro-rinknys-2.jpg","datePublished":"2025-12-04T02:08:42+00:00","dateModified":"2026-04-08T00:01:03+00:00","description":"\u0100rsta komplekts ar galdu un 17 piederumiem. Stetoskops, termometrs, \u0161\u013circe un citi medic\u012bnas piederumi. Piem\u0113rots b\u0113rniem no 3 gadu vecuma.","breadcrumb":{"@id":"https:\/\/toys.lt\/lv\/produktas\/interaktivais-arsta-komplekts-medicinas-stacija-26det-kopija\/#breadcrumb"},"inLanguage":"lv-LV","potentialAction":[{"@type":"ReadAction","target":["https:\/\/toys.lt\/lv\/produktas\/interaktivais-arsta-komplekts-medicinas-stacija-26det-kopija\/"]}]},{"@type":"ImageObject","inLanguage":"lv-LV","@id":"https:\/\/toys.lt\/lv\/produktas\/interaktivais-arsta-komplekts-medicinas-stacija-26det-kopija\/#primaryimage","url":"https:\/\/toys.lt\/wp-content\/uploads\/2025\/12\/8832-1-daktaro-rinknys-2.jpg","contentUrl":"https:\/\/toys.lt\/wp-content\/uploads\/2025\/12\/8832-1-daktaro-rinknys-2.jpg","width":667,"height":878},{"@type":"BreadcrumbList","@id":"https:\/\/toys.lt\/lv\/produktas\/interaktivais-arsta-komplekts-medicinas-stacija-26det-kopija\/#breadcrumb","itemListElement":[{"@type":"ListItem","position":1,"name":"Home","item":"https:\/\/toys.lt\/lv\/"},{"@type":"ListItem","position":2,"name":"Veikals","item":"https:\/\/toys.lt\/lv\/shop\/"},{"@type":"ListItem","position":3,"name":"\u0100rsta sp\u0113\u013cu galds ar piederumiem (17 gab.)"}]},{"@type":"WebSite","@id":"https:\/\/toys.lt\/lv\/#website","url":"https:\/\/toys.lt\/lv\/","name":"Toys.lt","description":"","potentialAction":[{"@type":"SearchAction","target":{"@type":"EntryPoint","urlTemplate":"https:\/\/toys.lt\/lv\/?s={search_term_string}"},"query-input":{"@type":"PropertyValueSpecification","valueRequired":true,"valueName":"search_term_string"}}],"inLanguage":"lv-LV"}]}},"_links":{"self":[{"href":"https:\/\/toys.lt\/lv\/wp-json\/wp\/v2\/product\/47602","targetHints":{"allow":["GET"]}}],"collection":[{"href":"https:\/\/toys.lt\/lv\/wp-json\/wp\/v2\/product"}],"about":[{"href":"https:\/\/toys.lt\/lv\/wp-json\/wp\/v2\/types\/product"}],"replies":[{"embeddable":true,"href":"https:\/\/toys.lt\/lv\/wp-json\/wp\/v2\/comments?post=47602"}],"version-history":[{"count":2,"href":"https:\/\/toys.lt\/lv\/wp-json\/wp\/v2\/product\/47602\/revisions"}],"predecessor-version":[{"id":48381,"href":"https:\/\/toys.lt\/lv\/wp-json\/wp\/v2\/product\/47602\/revisions\/48381"}],"wp:featuredmedia":[{"embeddable":true,"href":"https:\/\/toys.lt\/lv\/wp-json\/wp\/v2\/media\/47606"}],"wp:attachment":[{"href":"https:\/\/toys.lt\/lv\/wp-json\/wp\/v2\/media?parent=47602"}],"wp:term":[{"taxonomy":"product_brand","embeddable":true,"href":"https:\/\/toys.lt\/lv\/wp-json\/wp\/v2\/product_brand?post=47602"},{"taxonomy":"product_cat","embeddable":true,"href":"https:\/\/toys.lt\/lv\/wp-json\/wp\/v2\/product_cat?post=47602"},{"taxonomy":"product_tag","embeddable":true,"href":"https:\/\/toys.lt\/lv\/wp-json\/wp\/v2\/product_tag?post=47602"}],"curies":[{"name":"wp","href":"https:\/\/api.w.org\/{rel}","templated":true}]}}