{"id":47400,"date":"2025-12-01T07:25:40","date_gmt":"2025-12-01T07:25:40","guid":{"rendered":"https:\/\/toys.lt\/?post_type=product&#038;p=47400"},"modified":"2026-04-08T00:01:04","modified_gmt":"2026-04-08T00:01:04","slug":"rotallietu-garaza-kopija-kopija-kopija-kopija","status":"publish","type":"product","link":"https:\/\/toys.lt\/lv\/produktas\/rotallietu-garaza-kopija-kopija-kopija-kopija\/","title":{"rendered":"Rota\u013clietu gar\u0101\u017ea ar automa\u0161\u012bn\u0101m | 82 gab."},"content":{"rendered":"<p data-start=\"283\" data-end=\"553\">Celtniec\u012bbas autost\u0101vvietu tornis ir daudzst\u0101vu rota\u013cu gar\u0101\u017ea ar 5 l\u012bme\u0146iem, spir\u0101lveida trasi, darbojo\u0161os auto pac\u0113l\u0101ju un gaismas un ska\u0146as efektiem. Komplekt\u0101 ir 82 deta\u013cas: 2 met\u0101la automa\u0161\u012bnas, met\u0101la lidma\u0161\u012bna, ce\u013ca z\u012bme, b\u0101ka un liels pils\u0113tas pakl\u0101js. Ide\u0101la rota\u013clieta mazajiem konstruktoriem &#8211; t\u0101 veicina rado\u0161umu un nodro\u0161ina daudz darb\u012bbas rota\u013c\u0101s.  <\/p>\n<h1 data-start=\"612\" data-end=\"638\"><strong data-start=\"614\" data-end=\"638\">Tehnisk\u0101 inform\u0101cija<\/strong><\/h1>\n<ul data-start=\"640\" data-end=\"1042\">\n<li data-start=\"640\" data-end=\"677\">\n<p data-start=\"642\" data-end=\"677\"><strong data-start=\"642\" data-end=\"659\">Gar\u0101\u017eas izm\u0113ri:<\/strong> 54 \u00d7 46 \u00d7 84 cm<\/p>\n<\/li>\n<li data-start=\"678\" data-end=\"719\">\n<p data-start=\"680\" data-end=\"719\"><strong data-start=\"680\" data-end=\"699\">Iepakojuma izm\u0113rs:<\/strong> 40,5 \u00d7 13 \u00d7 55 cm<\/p>\n<\/li>\n<li data-start=\"720\" data-end=\"761\">\n<p data-start=\"722\" data-end=\"761\"><strong data-start=\"722\" data-end=\"748\">Ce\u013ca spilventi\u0146a izm\u0113rs:<\/strong> 58 \u00d7 78 cm<\/p>\n<\/li>\n<li data-start=\"762\" data-end=\"790\">\n<p data-start=\"764\" data-end=\"790\"><strong data-start=\"764\" data-end=\"785\">Da\u013cu skaits:<\/strong> 82<\/p>\n<\/li>\n<li data-start=\"791\" data-end=\"840\">\n<p data-start=\"793\" data-end=\"840\"><strong data-start=\"793\" data-end=\"818\">Nepiecie\u0161am\u0101s baterijas:<\/strong> 3 x AA (nav iek\u013cautas)<\/p>\n<\/li>\n<li data-start=\"841\" data-end=\"948\">\n<p data-start=\"843\" data-end=\"948\"><strong data-start=\"843\" data-end=\"861\">Komplekts:<\/strong> 2 met\u0101la automa\u0161\u012bnas, met\u0101la lidma\u0161\u012bna, ce\u013ca z\u012bme, b\u0101ka, pils\u0113tas pakl\u0101js<\/p>\n<\/li>\n<li data-start=\"949\" data-end=\"970\">\n<p data-start=\"951\" data-end=\"970\"><strong data-start=\"951\" data-end=\"962\">Svars:<\/strong> ~ 3 kg<\/p>\n<\/li>\n<li data-start=\"971\" data-end=\"1013\">\n<p data-start=\"973\" data-end=\"1013\"><strong data-start=\"973\" data-end=\"1000\">Ieteicamais vecums:<\/strong> no 3 gadiem<\/p>\n<\/li>\n<li data-start=\"1014\" data-end=\"1042\">\n<p data-start=\"1016\" data-end=\"1042\"><strong data-start=\"1016\" data-end=\"1033\">Izcelsmes valsts:<\/strong> \u0136\u012bna<\/p>\n<\/li>\n<\/ul>\n<hr data-start=\"1044\" data-end=\"1047\">\n<h1 data-start=\"1049\" data-end=\"1072\"><strong data-start=\"1051\" data-end=\"1072\">Dro\u0161\u012bbas br\u012bdin\u0101jums<\/strong><\/h1>\n<p data-start=\"1074\" data-end=\"1143\">Nav piem\u0113rots b\u0113rniem l\u012bdz 3 gadu vecumam &#8211; mazas deta\u013cas un aizr\u012b\u0161an\u0101s risks.<\/p>\n","protected":false},"excerpt":{"rendered":"<ul>\n<li data-start=\"642\" data-end=\"677\"><strong data-start=\"642\" data-end=\"659\">Gar\u0101\u017eas izm\u0113ri:<\/strong> 54 \u00d7 46 \u00d7 84 cm<\/li>\n<li data-start=\"680\" data-end=\"719\"><strong data-start=\"680\" data-end=\"699\">Iepakojuma izm\u0113rs:<\/strong> 40,5 \u00d7 13 \u00d7 55 cm<\/li>\n<li data-start=\"722\" data-end=\"761\"><strong data-start=\"722\" data-end=\"748\">Ce\u013ca spilventi\u0146a izm\u0113rs:<\/strong> 58 \u00d7 78 cm<\/li>\n<li data-start=\"764\" data-end=\"790\"><strong data-start=\"764\" data-end=\"785\">Da\u013cu skaits:<\/strong> 82<\/li>\n<li data-start=\"793\" data-end=\"840\"><strong data-start=\"793\" data-end=\"818\">Nepiecie\u0161am\u0101s baterijas:<\/strong> 3 x AA (nav iek\u013cautas)<\/li>\n<li data-start=\"951\" data-end=\"970\"><strong data-start=\"951\" data-end=\"962\">Svars:<\/strong> 3 kg<\/li>\n<li data-start=\"973\" data-end=\"1013\"><strong data-start=\"973\" data-end=\"1000\">Ieteicamais vecums:<\/strong> no 3 gadiem<\/li>\n<li data-start=\"1016\" data-end=\"1042\"><strong data-start=\"1016\" data-end=\"1033\">Izcelsmes valsts:<\/strong> \u0136\u012bna<\/li>\n<\/ul>\n","protected":false},"featured_media":47402,"comment_status":"open","ping_status":"closed","template":"","meta":[],"product_brand":[],"product_cat":[1176,1177],"product_tag":[],"class_list":{"0":"post-47400","1":"product","2":"type-product","3":"status-publish","4":"has-post-thumbnail","6":"product_cat-rotallietas-zeniem","7":"product_cat-rotalu-automasinas-traktori-un-kapurkedes","8":"pa_amziaus-grupe-3-lv","9":"pa_spalva-dazadi","11":"first","12":"instock","13":"sale","14":"taxable","15":"shipping-taxable","16":"purchasable","17":"product-type-simple"},"yoast_head":"<!-- This site is optimized with the Yoast SEO plugin v26.3 - https:\/\/yoast.com\/wordpress\/plugins\/seo\/ -->\n<title>Rota\u013clietu gar\u0101\u017ea ar automa\u0161\u012bn\u0101m | 82 gab. - Toys.lt<\/title>\n<meta name=\"description\" content=\"Iespaid\u012bga 5 st\u0101vu rota\u013clietu gar\u0101\u017ea ar 82 deta\u013c\u0101m, 2 automa\u0161\u012bn\u0101m, lidma\u0161\u012bnu, liftu, gaismas un ska\u0146as efektiem. Lieliska sp\u0113le b\u0113rniem no 3 gadu vecuma.\" \/>\n<meta name=\"robots\" content=\"index, follow, max-snippet:-1, max-image-preview:large, max-video-preview:-1\" \/>\n<link rel=\"canonical\" href=\"https:\/\/toys.lt\/lv\/produktas\/rotallietu-garaza-kopija-kopija-kopija-kopija\/\" \/>\n<meta property=\"og:locale\" content=\"lv_LV\" \/>\n<meta property=\"og:type\" content=\"article\" \/>\n<meta property=\"og:title\" content=\"Rota\u013clietu gar\u0101\u017ea ar automa\u0161\u012bn\u0101m | 82 gab. - Toys.lt\" \/>\n<meta property=\"og:description\" content=\"Iespaid\u012bga 5 st\u0101vu rota\u013clietu gar\u0101\u017ea ar 82 deta\u013c\u0101m, 2 automa\u0161\u012bn\u0101m, lidma\u0161\u012bnu, liftu, gaismas un ska\u0146as efektiem. Lieliska sp\u0113le b\u0113rniem no 3 gadu vecuma.\" \/>\n<meta property=\"og:url\" content=\"https:\/\/toys.lt\/lv\/produktas\/rotallietu-garaza-kopija-kopija-kopija-kopija\/\" \/>\n<meta property=\"og:site_name\" content=\"Toys.lt\" \/>\n<meta property=\"article:modified_time\" content=\"2026-04-08T00:01:04+00:00\" \/>\n<meta property=\"og:image\" content=\"https:\/\/toys.lt\/wp-content\/uploads\/2025\/12\/660-A326-zaislinis-garazas-1.jpg\" \/>\n\t<meta property=\"og:image:width\" content=\"1000\" \/>\n\t<meta property=\"og:image:height\" content=\"721\" \/>\n\t<meta property=\"og:image:type\" content=\"image\/jpeg\" \/>\n<meta name=\"twitter:card\" content=\"summary_large_image\" \/>\n<meta name=\"twitter:label1\" content=\"Est. reading time\" \/>\n\t<meta name=\"twitter:data1\" content=\"1 minute\" \/>\n<script type=\"application\/ld+json\" class=\"yoast-schema-graph\">{\"@context\":\"https:\/\/schema.org\",\"@graph\":[{\"@type\":\"WebPage\",\"@id\":\"https:\/\/toys.lt\/lv\/produktas\/rotallietu-garaza-kopija-kopija-kopija-kopija\/\",\"url\":\"https:\/\/toys.lt\/lv\/produktas\/rotallietu-garaza-kopija-kopija-kopija-kopija\/\",\"name\":\"Rota\u013clietu gar\u0101\u017ea ar automa\u0161\u012bn\u0101m | 82 gab. - Toys.lt\",\"isPartOf\":{\"@id\":\"https:\/\/toys.lt\/lv\/#website\"},\"primaryImageOfPage\":{\"@id\":\"https:\/\/toys.lt\/lv\/produktas\/rotallietu-garaza-kopija-kopija-kopija-kopija\/#primaryimage\"},\"image\":{\"@id\":\"https:\/\/toys.lt\/lv\/produktas\/rotallietu-garaza-kopija-kopija-kopija-kopija\/#primaryimage\"},\"thumbnailUrl\":\"https:\/\/toys.lt\/wp-content\/uploads\/2025\/12\/660-A326-zaislinis-garazas-1.jpg\",\"datePublished\":\"2025-12-01T07:25:40+00:00\",\"dateModified\":\"2026-04-08T00:01:04+00:00\",\"description\":\"Iespaid\u012bga 5 st\u0101vu rota\u013clietu gar\u0101\u017ea ar 82 deta\u013c\u0101m, 2 automa\u0161\u012bn\u0101m, lidma\u0161\u012bnu, liftu, gaismas un ska\u0146as efektiem. Lieliska sp\u0113le b\u0113rniem no 3 gadu vecuma.\",\"breadcrumb\":{\"@id\":\"https:\/\/toys.lt\/lv\/produktas\/rotallietu-garaza-kopija-kopija-kopija-kopija\/#breadcrumb\"},\"inLanguage\":\"lv-LV\",\"potentialAction\":[{\"@type\":\"ReadAction\",\"target\":[\"https:\/\/toys.lt\/lv\/produktas\/rotallietu-garaza-kopija-kopija-kopija-kopija\/\"]}]},{\"@type\":\"ImageObject\",\"inLanguage\":\"lv-LV\",\"@id\":\"https:\/\/toys.lt\/lv\/produktas\/rotallietu-garaza-kopija-kopija-kopija-kopija\/#primaryimage\",\"url\":\"https:\/\/toys.lt\/wp-content\/uploads\/2025\/12\/660-A326-zaislinis-garazas-1.jpg\",\"contentUrl\":\"https:\/\/toys.lt\/wp-content\/uploads\/2025\/12\/660-A326-zaislinis-garazas-1.jpg\",\"width\":1000,\"height\":721},{\"@type\":\"BreadcrumbList\",\"@id\":\"https:\/\/toys.lt\/lv\/produktas\/rotallietu-garaza-kopija-kopija-kopija-kopija\/#breadcrumb\",\"itemListElement\":[{\"@type\":\"ListItem\",\"position\":1,\"name\":\"Home\",\"item\":\"https:\/\/toys.lt\/lv\/\"},{\"@type\":\"ListItem\",\"position\":2,\"name\":\"Veikals\",\"item\":\"https:\/\/toys.lt\/lv\/shop\/\"},{\"@type\":\"ListItem\",\"position\":3,\"name\":\"Rota\u013clietu gar\u0101\u017ea ar automa\u0161\u012bn\u0101m | 82 gab.\"}]},{\"@type\":\"WebSite\",\"@id\":\"https:\/\/toys.lt\/lv\/#website\",\"url\":\"https:\/\/toys.lt\/lv\/\",\"name\":\"Toys.lt\",\"description\":\"\",\"potentialAction\":[{\"@type\":\"SearchAction\",\"target\":{\"@type\":\"EntryPoint\",\"urlTemplate\":\"https:\/\/toys.lt\/lv\/?s={search_term_string}\"},\"query-input\":{\"@type\":\"PropertyValueSpecification\",\"valueRequired\":true,\"valueName\":\"search_term_string\"}}],\"inLanguage\":\"lv-LV\"}]}<\/script>\n<!-- \/ Yoast SEO plugin. -->","yoast_head_json":{"title":"Rota\u013clietu gar\u0101\u017ea ar automa\u0161\u012bn\u0101m | 82 gab. - Toys.lt","description":"Iespaid\u012bga 5 st\u0101vu rota\u013clietu gar\u0101\u017ea ar 82 deta\u013c\u0101m, 2 automa\u0161\u012bn\u0101m, lidma\u0161\u012bnu, liftu, gaismas un ska\u0146as efektiem. Lieliska sp\u0113le b\u0113rniem no 3 gadu vecuma.","robots":{"index":"index","follow":"follow","max-snippet":"max-snippet:-1","max-image-preview":"max-image-preview:large","max-video-preview":"max-video-preview:-1"},"canonical":"https:\/\/toys.lt\/lv\/produktas\/rotallietu-garaza-kopija-kopija-kopija-kopija\/","og_locale":"lv_LV","og_type":"article","og_title":"Rota\u013clietu gar\u0101\u017ea ar automa\u0161\u012bn\u0101m | 82 gab. - Toys.lt","og_description":"Iespaid\u012bga 5 st\u0101vu rota\u013clietu gar\u0101\u017ea ar 82 deta\u013c\u0101m, 2 automa\u0161\u012bn\u0101m, lidma\u0161\u012bnu, liftu, gaismas un ska\u0146as efektiem. Lieliska sp\u0113le b\u0113rniem no 3 gadu vecuma.","og_url":"https:\/\/toys.lt\/lv\/produktas\/rotallietu-garaza-kopija-kopija-kopija-kopija\/","og_site_name":"Toys.lt","article_modified_time":"2026-04-08T00:01:04+00:00","og_image":[{"width":1000,"height":721,"url":"https:\/\/toys.lt\/wp-content\/uploads\/2025\/12\/660-A326-zaislinis-garazas-1.jpg","type":"image\/jpeg"}],"twitter_card":"summary_large_image","twitter_misc":{"Est. reading time":"1 minute"},"schema":{"@context":"https:\/\/schema.org","@graph":[{"@type":"WebPage","@id":"https:\/\/toys.lt\/lv\/produktas\/rotallietu-garaza-kopija-kopija-kopija-kopija\/","url":"https:\/\/toys.lt\/lv\/produktas\/rotallietu-garaza-kopija-kopija-kopija-kopija\/","name":"Rota\u013clietu gar\u0101\u017ea ar automa\u0161\u012bn\u0101m | 82 gab. - Toys.lt","isPartOf":{"@id":"https:\/\/toys.lt\/lv\/#website"},"primaryImageOfPage":{"@id":"https:\/\/toys.lt\/lv\/produktas\/rotallietu-garaza-kopija-kopija-kopija-kopija\/#primaryimage"},"image":{"@id":"https:\/\/toys.lt\/lv\/produktas\/rotallietu-garaza-kopija-kopija-kopija-kopija\/#primaryimage"},"thumbnailUrl":"https:\/\/toys.lt\/wp-content\/uploads\/2025\/12\/660-A326-zaislinis-garazas-1.jpg","datePublished":"2025-12-01T07:25:40+00:00","dateModified":"2026-04-08T00:01:04+00:00","description":"Iespaid\u012bga 5 st\u0101vu rota\u013clietu gar\u0101\u017ea ar 82 deta\u013c\u0101m, 2 automa\u0161\u012bn\u0101m, lidma\u0161\u012bnu, liftu, gaismas un ska\u0146as efektiem. Lieliska sp\u0113le b\u0113rniem no 3 gadu vecuma.","breadcrumb":{"@id":"https:\/\/toys.lt\/lv\/produktas\/rotallietu-garaza-kopija-kopija-kopija-kopija\/#breadcrumb"},"inLanguage":"lv-LV","potentialAction":[{"@type":"ReadAction","target":["https:\/\/toys.lt\/lv\/produktas\/rotallietu-garaza-kopija-kopija-kopija-kopija\/"]}]},{"@type":"ImageObject","inLanguage":"lv-LV","@id":"https:\/\/toys.lt\/lv\/produktas\/rotallietu-garaza-kopija-kopija-kopija-kopija\/#primaryimage","url":"https:\/\/toys.lt\/wp-content\/uploads\/2025\/12\/660-A326-zaislinis-garazas-1.jpg","contentUrl":"https:\/\/toys.lt\/wp-content\/uploads\/2025\/12\/660-A326-zaislinis-garazas-1.jpg","width":1000,"height":721},{"@type":"BreadcrumbList","@id":"https:\/\/toys.lt\/lv\/produktas\/rotallietu-garaza-kopija-kopija-kopija-kopija\/#breadcrumb","itemListElement":[{"@type":"ListItem","position":1,"name":"Home","item":"https:\/\/toys.lt\/lv\/"},{"@type":"ListItem","position":2,"name":"Veikals","item":"https:\/\/toys.lt\/lv\/shop\/"},{"@type":"ListItem","position":3,"name":"Rota\u013clietu gar\u0101\u017ea ar automa\u0161\u012bn\u0101m | 82 gab."}]},{"@type":"WebSite","@id":"https:\/\/toys.lt\/lv\/#website","url":"https:\/\/toys.lt\/lv\/","name":"Toys.lt","description":"","potentialAction":[{"@type":"SearchAction","target":{"@type":"EntryPoint","urlTemplate":"https:\/\/toys.lt\/lv\/?s={search_term_string}"},"query-input":{"@type":"PropertyValueSpecification","valueRequired":true,"valueName":"search_term_string"}}],"inLanguage":"lv-LV"}]}},"_links":{"self":[{"href":"https:\/\/toys.lt\/lv\/wp-json\/wp\/v2\/product\/47400","targetHints":{"allow":["GET"]}}],"collection":[{"href":"https:\/\/toys.lt\/lv\/wp-json\/wp\/v2\/product"}],"about":[{"href":"https:\/\/toys.lt\/lv\/wp-json\/wp\/v2\/types\/product"}],"replies":[{"embeddable":true,"href":"https:\/\/toys.lt\/lv\/wp-json\/wp\/v2\/comments?post=47400"}],"version-history":[{"count":2,"href":"https:\/\/toys.lt\/lv\/wp-json\/wp\/v2\/product\/47400\/revisions"}],"predecessor-version":[{"id":48376,"href":"https:\/\/toys.lt\/lv\/wp-json\/wp\/v2\/product\/47400\/revisions\/48376"}],"wp:featuredmedia":[{"embeddable":true,"href":"https:\/\/toys.lt\/lv\/wp-json\/wp\/v2\/media\/47402"}],"wp:attachment":[{"href":"https:\/\/toys.lt\/lv\/wp-json\/wp\/v2\/media?parent=47400"}],"wp:term":[{"taxonomy":"product_brand","embeddable":true,"href":"https:\/\/toys.lt\/lv\/wp-json\/wp\/v2\/product_brand?post=47400"},{"taxonomy":"product_cat","embeddable":true,"href":"https:\/\/toys.lt\/lv\/wp-json\/wp\/v2\/product_cat?post=47400"},{"taxonomy":"product_tag","embeddable":true,"href":"https:\/\/toys.lt\/lv\/wp-json\/wp\/v2\/product_tag?post=47400"}],"curies":[{"name":"wp","href":"https:\/\/api.w.org\/{rel}","templated":true}]}}