{"id":47351,"date":"2025-12-01T03:16:26","date_gmt":"2025-12-01T03:16:26","guid":{"rendered":"https:\/\/toys.lt\/?post_type=product&#038;p=47351"},"modified":"2026-03-30T00:25:33","modified_gmt":"2026-03-30T00:25:33","slug":"soft-gun-rotalu-pistole-ar-patronam-kopija","status":"publish","type":"product","link":"https:\/\/toys.lt\/lv\/produktas\/soft-gun-rotalu-pistole-ar-patronam-kopija\/","title":{"rendered":"Rota\u013cu pistole &#8220;Soft Gun&#8221; ar aksesu\u0101riem"},"content":{"rendered":"<p>Iesaistiet savus b\u0113rnus jautr\u0101s un akt\u012bv\u0101s rota\u013c\u0101s ar Soft Gun rota\u013cu pumpja darb\u012bbas pistoli! \u0160\u012b kr\u0101sain\u0101 pistole \u0161auj m\u012bkstas putuplasta bumbi\u0146as, padarot to dro\u0161u gan m\u0101j\u0101s, gan \u0101r\u0101. Komplekt\u0101 ietilpst 3 m\u0113r\u0137u baloni\u0146i, ko b\u0113rni var izmantot, lai nekav\u0113joties s\u0101ktu att\u012bst\u012bt savas precizit\u0101tes un reakcijas prasmes. Viegli lietojams, jautri sp\u0113l\u0113jams \u2013 lieliska izv\u0113le b\u0113rniem no 8 gadu vecuma.   <\/p>\n<p data-start=\"796\" data-end=\"815\"><strong data-start=\"796\" data-end=\"815\">Funkcijas:<\/strong><\/p>\n<ul data-start=\"816\" data-end=\"989\">\n<li data-start=\"816\" data-end=\"848\">\n<p data-start=\"818\" data-end=\"848\">S\u016bk\u0146a iedarbin\u0101\u0161anas meh\u0101nisms<\/p>\n<\/li>\n<li data-start=\"849\" data-end=\"876\">\n<p data-start=\"851\" data-end=\"876\">\u0160aujot pa 1 bumbai vienlaikus<\/p>\n<\/li>\n<li data-start=\"877\" data-end=\"907\">\n<p data-start=\"879\" data-end=\"907\">Paredz\u0113ts m\u0113r\u0137\u0113\u0161anas treni\u0146iem<\/p>\n<\/li>\n<li data-start=\"908\" data-end=\"989\">\n<p data-start=\"910\" data-end=\"989\">Vienk\u0101r\u0161a iel\u0101de: ievietojiet bumbu \u2192 atvelciet \u2192 stumiet uz priek\u0161u \u2192 sitiet<\/p>\n<\/li>\n<li data-start=\"908\" data-end=\"989\">Pieejams div\u0101s kr\u0101s\u0101s<\/li>\n<\/ul>\n<p data-start=\"991\" data-end=\"1009\"><strong data-start=\"991\" data-end=\"1009\">Apr\u012bkojums:<\/strong><\/p>\n<ul data-start=\"1010\" data-end=\"1091\">\n<li data-start=\"1010\" data-end=\"1034\">\n<p data-start=\"1012\" data-end=\"1034\">1 rota\u013cu pistole<\/p>\n<\/li>\n<li data-start=\"1035\" data-end=\"1065\">\n<p data-start=\"1037\" data-end=\"1065\">12 m\u012bkstas putu bumbi\u0146as<\/p>\n<\/li>\n<li data-start=\"1066\" data-end=\"1091\">\n<p data-start=\"1068\" data-end=\"1091\">3 k\u0101rbu m\u0113r\u0137i<\/p>\n<\/li>\n<\/ul>\n<p data-start=\"1093\" data-end=\"1302\">Materi\u0101li: plastmasa, poliuret\u0101na putas<br data-start=\"1165\" data-end=\"1168\">Iepakojuma izm\u0113ri: 35,5 \u00d7 6 \u00d7 25 cm<br data-start=\"1210\" data-end=\"1213\">Svars: ~0,5 kg<br data-start=\"1232\" data-end=\"1235\">Ieteicamais vecums: no 8 gadiem<\/p>\n<hr data-start=\"1304\" data-end=\"1307\">\n<h1 data-start=\"1309\" data-end=\"1340\"><strong data-start=\"1314\" data-end=\"1338\">Dro\u0161\u012bbas br\u012bdin\u0101jums<\/strong><\/h1>\n<p data-start=\"1341\" data-end=\"1530\">Rota\u013clieta nav piem\u0113rota b\u0113rniem l\u012bdz 3 gadu vecumam s\u012bku deta\u013cu d\u0113\u013c. Nelietot \u0161au\u0161anai uz cilv\u0113kiem vai dz\u012bvniekiem. \u0160aut tikai pa nor\u0101d\u012btiem nedz\u012bviem m\u0113r\u0137iem. Ieteicams sp\u0113l\u0113ties pieaugu\u0161o uzraudz\u012bb\u0101.   <\/p>\n<p>&nbsp;<\/p>\n","protected":false},"excerpt":{"rendered":"<p>Materi\u0101li: plastmasa, poliuret\u0101na putas<br data-start=\"1165\" data-end=\"1168\">Iepakojuma izm\u0113ri: 35,5 \u00d7 6 \u00d7 25 cm<br data-start=\"1210\" data-end=\"1213\">Svars: ~0,5 kg<br data-start=\"1232\" data-end=\"1235\">Ieteicamais vecums: no 8 gadiem<br data-start=\"1273\" data-end=\"1276\">Izcelsmes valsts: \u0136\u012bna<\/p>\n","protected":false},"featured_media":47355,"comment_status":"open","ping_status":"closed","template":"","meta":[],"product_brand":[],"product_cat":[1176,1173,1406],"product_tag":[],"class_list":{"0":"post-47351","1":"product","2":"type-product","3":"status-publish","4":"has-post-thumbnail","6":"product_cat-rotallietas-zeniem","7":"product_cat-rotalu-pistoles-un-piederumi","8":"product_cat-letakais","9":"pa_amziaus-grupe-8-lv","10":"pa_prek-s-spalva-white","11":"pa_prek-s-spalva-zala","13":"first","14":"instock","15":"taxable","16":"shipping-taxable","17":"purchasable","18":"product-type-variable"},"yoast_head":"<!-- This site is optimized with the Yoast SEO plugin v26.3 - https:\/\/yoast.com\/wordpress\/plugins\/seo\/ -->\n<title>Rota\u013cu pistole &quot;Soft Gun&quot; ar aksesu\u0101riem - Toys.lt<\/title>\n<meta name=\"description\" content=\"Rota\u013cu pistole &quot;Soft Gun&quot; ar 12 m\u012bkst\u0101m bumbi\u0146\u0101m un 3 m\u0113r\u0137iem. Dro\u0161a, viegli lietojama un jautra rota\u013clieta b\u0113rniem no 8 gadu vecuma, lai att\u012bst\u012btu m\u0113r\u0137\u0113\u0161anas prasmes.\" \/>\n<meta name=\"robots\" content=\"index, follow, max-snippet:-1, max-image-preview:large, max-video-preview:-1\" \/>\n<link rel=\"canonical\" href=\"https:\/\/toys.lt\/lv\/produktas\/soft-gun-rotalu-pistole-ar-patronam-kopija\/\" \/>\n<meta property=\"og:locale\" content=\"lv_LV\" \/>\n<meta property=\"og:type\" content=\"article\" \/>\n<meta property=\"og:title\" content=\"Rota\u013cu pistole &quot;Soft Gun&quot; ar aksesu\u0101riem - Toys.lt\" \/>\n<meta property=\"og:description\" content=\"Rota\u013cu pistole &quot;Soft Gun&quot; ar 12 m\u012bkst\u0101m bumbi\u0146\u0101m un 3 m\u0113r\u0137iem. Dro\u0161a, viegli lietojama un jautra rota\u013clieta b\u0113rniem no 8 gadu vecuma, lai att\u012bst\u012btu m\u0113r\u0137\u0113\u0161anas prasmes.\" \/>\n<meta property=\"og:url\" content=\"https:\/\/toys.lt\/lv\/produktas\/soft-gun-rotalu-pistole-ar-patronam-kopija\/\" \/>\n<meta property=\"og:site_name\" content=\"Toys.lt\" \/>\n<meta property=\"article:modified_time\" content=\"2026-03-30T00:25:33+00:00\" \/>\n<meta property=\"og:image\" content=\"https:\/\/toys.lt\/wp-content\/uploads\/2025\/12\/NL-09U-zaislinis-ginklas-soft-gun-3.jpg\" \/>\n\t<meta property=\"og:image:width\" content=\"721\" \/>\n\t<meta property=\"og:image:height\" content=\"712\" \/>\n\t<meta property=\"og:image:type\" content=\"image\/jpeg\" \/>\n<meta name=\"twitter:card\" content=\"summary_large_image\" \/>\n<meta name=\"twitter:label1\" content=\"Est. reading time\" \/>\n\t<meta name=\"twitter:data1\" content=\"1 minute\" \/>\n<script type=\"application\/ld+json\" class=\"yoast-schema-graph\">{\"@context\":\"https:\/\/schema.org\",\"@graph\":[{\"@type\":\"WebPage\",\"@id\":\"https:\/\/toys.lt\/lv\/produktas\/soft-gun-rotalu-pistole-ar-patronam-kopija\/\",\"url\":\"https:\/\/toys.lt\/lv\/produktas\/soft-gun-rotalu-pistole-ar-patronam-kopija\/\",\"name\":\"Rota\u013cu pistole \\\"Soft Gun\\\" ar aksesu\u0101riem - Toys.lt\",\"isPartOf\":{\"@id\":\"https:\/\/toys.lt\/lv\/#website\"},\"primaryImageOfPage\":{\"@id\":\"https:\/\/toys.lt\/lv\/produktas\/soft-gun-rotalu-pistole-ar-patronam-kopija\/#primaryimage\"},\"image\":{\"@id\":\"https:\/\/toys.lt\/lv\/produktas\/soft-gun-rotalu-pistole-ar-patronam-kopija\/#primaryimage\"},\"thumbnailUrl\":\"https:\/\/toys.lt\/wp-content\/uploads\/2025\/12\/NL-09U-zaislinis-ginklas-soft-gun-3.jpg\",\"datePublished\":\"2025-12-01T03:16:26+00:00\",\"dateModified\":\"2026-03-30T00:25:33+00:00\",\"description\":\"Rota\u013cu pistole \\\"Soft Gun\\\" ar 12 m\u012bkst\u0101m bumbi\u0146\u0101m un 3 m\u0113r\u0137iem. Dro\u0161a, viegli lietojama un jautra rota\u013clieta b\u0113rniem no 8 gadu vecuma, lai att\u012bst\u012btu m\u0113r\u0137\u0113\u0161anas prasmes.\",\"breadcrumb\":{\"@id\":\"https:\/\/toys.lt\/lv\/produktas\/soft-gun-rotalu-pistole-ar-patronam-kopija\/#breadcrumb\"},\"inLanguage\":\"lv-LV\",\"potentialAction\":[{\"@type\":\"ReadAction\",\"target\":[\"https:\/\/toys.lt\/lv\/produktas\/soft-gun-rotalu-pistole-ar-patronam-kopija\/\"]}]},{\"@type\":\"ImageObject\",\"inLanguage\":\"lv-LV\",\"@id\":\"https:\/\/toys.lt\/lv\/produktas\/soft-gun-rotalu-pistole-ar-patronam-kopija\/#primaryimage\",\"url\":\"https:\/\/toys.lt\/wp-content\/uploads\/2025\/12\/NL-09U-zaislinis-ginklas-soft-gun-3.jpg\",\"contentUrl\":\"https:\/\/toys.lt\/wp-content\/uploads\/2025\/12\/NL-09U-zaislinis-ginklas-soft-gun-3.jpg\",\"width\":721,\"height\":712},{\"@type\":\"BreadcrumbList\",\"@id\":\"https:\/\/toys.lt\/lv\/produktas\/soft-gun-rotalu-pistole-ar-patronam-kopija\/#breadcrumb\",\"itemListElement\":[{\"@type\":\"ListItem\",\"position\":1,\"name\":\"Home\",\"item\":\"https:\/\/toys.lt\/lv\/\"},{\"@type\":\"ListItem\",\"position\":2,\"name\":\"Veikals\",\"item\":\"https:\/\/toys.lt\/lv\/shop\/\"},{\"@type\":\"ListItem\",\"position\":3,\"name\":\"Rota\u013cu pistole &#8222;Soft Gun&#8221; ar aksesu\u0101riem\"}]},{\"@type\":\"WebSite\",\"@id\":\"https:\/\/toys.lt\/lv\/#website\",\"url\":\"https:\/\/toys.lt\/lv\/\",\"name\":\"Toys.lt\",\"description\":\"\",\"potentialAction\":[{\"@type\":\"SearchAction\",\"target\":{\"@type\":\"EntryPoint\",\"urlTemplate\":\"https:\/\/toys.lt\/lv\/?s={search_term_string}\"},\"query-input\":{\"@type\":\"PropertyValueSpecification\",\"valueRequired\":true,\"valueName\":\"search_term_string\"}}],\"inLanguage\":\"lv-LV\"}]}<\/script>\n<!-- \/ Yoast SEO plugin. -->","yoast_head_json":{"title":"Rota\u013cu pistole \"Soft Gun\" ar aksesu\u0101riem - Toys.lt","description":"Rota\u013cu pistole \"Soft Gun\" ar 12 m\u012bkst\u0101m bumbi\u0146\u0101m un 3 m\u0113r\u0137iem. Dro\u0161a, viegli lietojama un jautra rota\u013clieta b\u0113rniem no 8 gadu vecuma, lai att\u012bst\u012btu m\u0113r\u0137\u0113\u0161anas prasmes.","robots":{"index":"index","follow":"follow","max-snippet":"max-snippet:-1","max-image-preview":"max-image-preview:large","max-video-preview":"max-video-preview:-1"},"canonical":"https:\/\/toys.lt\/lv\/produktas\/soft-gun-rotalu-pistole-ar-patronam-kopija\/","og_locale":"lv_LV","og_type":"article","og_title":"Rota\u013cu pistole \"Soft Gun\" ar aksesu\u0101riem - Toys.lt","og_description":"Rota\u013cu pistole \"Soft Gun\" ar 12 m\u012bkst\u0101m bumbi\u0146\u0101m un 3 m\u0113r\u0137iem. Dro\u0161a, viegli lietojama un jautra rota\u013clieta b\u0113rniem no 8 gadu vecuma, lai att\u012bst\u012btu m\u0113r\u0137\u0113\u0161anas prasmes.","og_url":"https:\/\/toys.lt\/lv\/produktas\/soft-gun-rotalu-pistole-ar-patronam-kopija\/","og_site_name":"Toys.lt","article_modified_time":"2026-03-30T00:25:33+00:00","og_image":[{"width":721,"height":712,"url":"https:\/\/toys.lt\/wp-content\/uploads\/2025\/12\/NL-09U-zaislinis-ginklas-soft-gun-3.jpg","type":"image\/jpeg"}],"twitter_card":"summary_large_image","twitter_misc":{"Est. reading time":"1 minute"},"schema":{"@context":"https:\/\/schema.org","@graph":[{"@type":"WebPage","@id":"https:\/\/toys.lt\/lv\/produktas\/soft-gun-rotalu-pistole-ar-patronam-kopija\/","url":"https:\/\/toys.lt\/lv\/produktas\/soft-gun-rotalu-pistole-ar-patronam-kopija\/","name":"Rota\u013cu pistole \"Soft Gun\" ar aksesu\u0101riem - Toys.lt","isPartOf":{"@id":"https:\/\/toys.lt\/lv\/#website"},"primaryImageOfPage":{"@id":"https:\/\/toys.lt\/lv\/produktas\/soft-gun-rotalu-pistole-ar-patronam-kopija\/#primaryimage"},"image":{"@id":"https:\/\/toys.lt\/lv\/produktas\/soft-gun-rotalu-pistole-ar-patronam-kopija\/#primaryimage"},"thumbnailUrl":"https:\/\/toys.lt\/wp-content\/uploads\/2025\/12\/NL-09U-zaislinis-ginklas-soft-gun-3.jpg","datePublished":"2025-12-01T03:16:26+00:00","dateModified":"2026-03-30T00:25:33+00:00","description":"Rota\u013cu pistole \"Soft Gun\" ar 12 m\u012bkst\u0101m bumbi\u0146\u0101m un 3 m\u0113r\u0137iem. Dro\u0161a, viegli lietojama un jautra rota\u013clieta b\u0113rniem no 8 gadu vecuma, lai att\u012bst\u012btu m\u0113r\u0137\u0113\u0161anas prasmes.","breadcrumb":{"@id":"https:\/\/toys.lt\/lv\/produktas\/soft-gun-rotalu-pistole-ar-patronam-kopija\/#breadcrumb"},"inLanguage":"lv-LV","potentialAction":[{"@type":"ReadAction","target":["https:\/\/toys.lt\/lv\/produktas\/soft-gun-rotalu-pistole-ar-patronam-kopija\/"]}]},{"@type":"ImageObject","inLanguage":"lv-LV","@id":"https:\/\/toys.lt\/lv\/produktas\/soft-gun-rotalu-pistole-ar-patronam-kopija\/#primaryimage","url":"https:\/\/toys.lt\/wp-content\/uploads\/2025\/12\/NL-09U-zaislinis-ginklas-soft-gun-3.jpg","contentUrl":"https:\/\/toys.lt\/wp-content\/uploads\/2025\/12\/NL-09U-zaislinis-ginklas-soft-gun-3.jpg","width":721,"height":712},{"@type":"BreadcrumbList","@id":"https:\/\/toys.lt\/lv\/produktas\/soft-gun-rotalu-pistole-ar-patronam-kopija\/#breadcrumb","itemListElement":[{"@type":"ListItem","position":1,"name":"Home","item":"https:\/\/toys.lt\/lv\/"},{"@type":"ListItem","position":2,"name":"Veikals","item":"https:\/\/toys.lt\/lv\/shop\/"},{"@type":"ListItem","position":3,"name":"Rota\u013cu pistole &#8222;Soft Gun&#8221; ar aksesu\u0101riem"}]},{"@type":"WebSite","@id":"https:\/\/toys.lt\/lv\/#website","url":"https:\/\/toys.lt\/lv\/","name":"Toys.lt","description":"","potentialAction":[{"@type":"SearchAction","target":{"@type":"EntryPoint","urlTemplate":"https:\/\/toys.lt\/lv\/?s={search_term_string}"},"query-input":{"@type":"PropertyValueSpecification","valueRequired":true,"valueName":"search_term_string"}}],"inLanguage":"lv-LV"}]}},"_links":{"self":[{"href":"https:\/\/toys.lt\/lv\/wp-json\/wp\/v2\/product\/47351","targetHints":{"allow":["GET"]}}],"collection":[{"href":"https:\/\/toys.lt\/lv\/wp-json\/wp\/v2\/product"}],"about":[{"href":"https:\/\/toys.lt\/lv\/wp-json\/wp\/v2\/types\/product"}],"replies":[{"embeddable":true,"href":"https:\/\/toys.lt\/lv\/wp-json\/wp\/v2\/comments?post=47351"}],"version-history":[{"count":3,"href":"https:\/\/toys.lt\/lv\/wp-json\/wp\/v2\/product\/47351\/revisions"}],"predecessor-version":[{"id":48308,"href":"https:\/\/toys.lt\/lv\/wp-json\/wp\/v2\/product\/47351\/revisions\/48308"}],"wp:featuredmedia":[{"embeddable":true,"href":"https:\/\/toys.lt\/lv\/wp-json\/wp\/v2\/media\/47355"}],"wp:attachment":[{"href":"https:\/\/toys.lt\/lv\/wp-json\/wp\/v2\/media?parent=47351"}],"wp:term":[{"taxonomy":"product_brand","embeddable":true,"href":"https:\/\/toys.lt\/lv\/wp-json\/wp\/v2\/product_brand?post=47351"},{"taxonomy":"product_cat","embeddable":true,"href":"https:\/\/toys.lt\/lv\/wp-json\/wp\/v2\/product_cat?post=47351"},{"taxonomy":"product_tag","embeddable":true,"href":"https:\/\/toys.lt\/lv\/wp-json\/wp\/v2\/product_tag?post=47351"}],"curies":[{"name":"wp","href":"https:\/\/api.w.org\/{rel}","templated":true}]}}