{"id":47279,"date":"2025-11-30T23:32:46","date_gmt":"2025-11-30T23:32:46","guid":{"rendered":"https:\/\/toys.lt\/?post_type=product&#038;p=47279"},"modified":"2026-04-08T00:01:06","modified_gmt":"2026-04-08T00:01:06","slug":"rotallietu-pistole-ar-gaismam-un-skanam-kopija-kopija","status":"publish","type":"product","link":"https:\/\/toys.lt\/lv\/produktas\/rotallietu-pistole-ar-gaismam-un-skanam-kopija-kopija\/","title":{"rendered":"Rota\u013clieta ar gaismu un ska\u0146\u0101m 40cm"},"content":{"rendered":"<p>\u0160\u012b rota\u013clieta ar izgaismotu pistoli sniedz b\u0113rniem daudz emociju &#8211; t\u0101 izdod \u0161au\u0161anas ska\u0146as, iesl\u0113dz spilgtas gaismas un t\u0101s priek\u0161puse kustas, lai sp\u0113lei pie\u0161\u0137irtu v\u0113l liel\u0101ku dinamiku. Iztur\u012bg\u0101 plastmasa, \u0113rtais satv\u0113riens un dro\u0161ais dizains \u013cauj \u0161o pistoli izmantot gan m\u0101j\u0101s, gan \u0101r\u0101. Ide\u0101la rota\u013clieta mazajiem r\u012bc\u012bbas varo\u0146iem.  <\/p>\n<p>&nbsp;<\/p>\n<ul>\n<li data-start=\"895\" data-end=\"937\">\n<p data-start=\"897\" data-end=\"937\"><strong data-start=\"897\" data-end=\"924\">Ieteicamais vecums:<\/strong> no 3 gadiem<\/p>\n<\/li>\n<li data-start=\"938\" data-end=\"965\">\n<p data-start=\"940\" data-end=\"965\"><strong data-start=\"940\" data-end=\"953\">Materi\u0101ls:<\/strong> plastmasa<\/p>\n<\/li>\n<li data-start=\"966\" data-end=\"1039\">\n<p data-start=\"968\" data-end=\"1039\"><strong data-start=\"968\" data-end=\"982\">Funkcijas:<\/strong> \u0161au\u0161anas ska\u0146as, gaismas efekti, kust\u012bga priek\u0161puse<\/p>\n<\/li>\n<li data-start=\"1040\" data-end=\"1084\">\n<p data-start=\"1042\" data-end=\"1084\"><strong data-start=\"1042\" data-end=\"1065\">Iero\u010da izm\u0113ri<\/strong>: 40 \u00d7 3,5 \u00d7 17 cm<\/p>\n<\/li>\n<li data-start=\"1085\" data-end=\"1129\">\n<p data-start=\"1087\" data-end=\"1129\"><strong data-start=\"1087\" data-end=\"1112\">Iepakojuma izm\u0113ri:<\/strong> 42 \u00d7 5 \u00d7 24 cm<\/p>\n<\/li>\n<li data-start=\"1130\" data-end=\"1161\">\n<p data-start=\"1132\" data-end=\"1161\"><strong data-start=\"1132\" data-end=\"1152\">Iepakojuma svars:<\/strong> 0,5 kg<\/p>\n<\/li>\n<li data-start=\"1162\" data-end=\"1212\">\n<p data-start=\"1164\" data-end=\"1212\"><strong data-start=\"1164\" data-end=\"1189\">Nepiecie\u0161am\u0101s baterijas:<\/strong> 3 \u00d7 AA (nav iek\u013cautas)<\/p>\n<\/li>\n<\/ul>\n","protected":false},"excerpt":{"rendered":"<ul>\n<li data-start=\"895\" data-end=\"937\">\n<p data-start=\"897\" data-end=\"937\"><strong data-start=\"897\" data-end=\"924\">Ieteicamais vecums:<\/strong> no 3 gadiem<\/p>\n<\/li>\n<li data-start=\"938\" data-end=\"965\">\n<p data-start=\"940\" data-end=\"965\"><strong data-start=\"940\" data-end=\"953\">Materi\u0101ls:<\/strong> plastmasa<\/p>\n<\/li>\n<li data-start=\"966\" data-end=\"1039\">\n<p data-start=\"968\" data-end=\"1039\"><strong data-start=\"968\" data-end=\"982\">Funkcijas:<\/strong> \u0161au\u0161anas ska\u0146as, gaismas efekti, kust\u012bga priek\u0161puse<\/p>\n<\/li>\n<li data-start=\"1040\" data-end=\"1084\">\n<p data-start=\"1042\" data-end=\"1084\"><strong data-start=\"1042\" data-end=\"1065\">Iero\u010da izm\u0113ri<\/strong>: 40 \u00d7 3,5 \u00d7 17 cm<\/p>\n<\/li>\n<li data-start=\"1085\" data-end=\"1129\">\n<p data-start=\"1087\" data-end=\"1129\"><strong data-start=\"1087\" data-end=\"1112\">Iepakojuma izm\u0113ri:<\/strong> 42 \u00d7 5 \u00d7 24 cm<\/p>\n<\/li>\n<li data-start=\"1130\" data-end=\"1161\">\n<p data-start=\"1132\" data-end=\"1161\"><strong data-start=\"1132\" data-end=\"1152\">Iepakojuma svars:<\/strong> 0,5 kg<\/p>\n<\/li>\n<li data-start=\"1162\" data-end=\"1212\">\n<p data-start=\"1164\" data-end=\"1212\"><strong data-start=\"1164\" data-end=\"1189\">Nepiecie\u0161am\u0101s baterijas:<\/strong> 3 \u00d7 AA (nav iek\u013cautas)<\/p>\n<\/li>\n<li data-start=\"1213\" data-end=\"1241\">\n<p data-start=\"1215\" data-end=\"1241\"><strong data-start=\"1215\" data-end=\"1232\">Izcelsmes valsts:<\/strong> \u0136\u012bna<\/p>\n<\/li>\n<\/ul>\n","protected":false},"featured_media":47281,"comment_status":"open","ping_status":"closed","template":"","meta":[],"product_brand":[],"product_cat":[1176,1173],"product_tag":[],"class_list":{"0":"post-47279","1":"product","2":"type-product","3":"status-publish","4":"has-post-thumbnail","6":"product_cat-rotallietas-zeniem","7":"product_cat-rotalu-pistoles-un-piederumi","8":"pa_amziaus-grupe-3-lv","10":"first","11":"instock","12":"sale","13":"taxable","14":"shipping-taxable","15":"purchasable","16":"product-type-simple"},"yoast_head":"<!-- This site is optimized with the Yoast SEO plugin v26.3 - https:\/\/yoast.com\/wordpress\/plugins\/seo\/ -->\n<title>Rota\u013clieta ar gaismu un ska\u0146\u0101m 40cm - Toys.lt<\/title>\n<meta name=\"description\" content=\"Rota\u013clieta ar gaismas pistoli, ska\u0146\u0101m un kust\u012bgu priek\u0161pusi. Spilgtas gaismas un re\u0101listiski efekti, piem\u0113rots b\u0113rniem no 3 gadu vecuma.\" \/>\n<meta name=\"robots\" content=\"index, follow, max-snippet:-1, max-image-preview:large, max-video-preview:-1\" \/>\n<link rel=\"canonical\" href=\"https:\/\/toys.lt\/lv\/produktas\/rotallietu-pistole-ar-gaismam-un-skanam-kopija-kopija\/\" \/>\n<meta property=\"og:locale\" content=\"lv_LV\" \/>\n<meta property=\"og:type\" content=\"article\" \/>\n<meta property=\"og:title\" content=\"Rota\u013clieta ar gaismu un ska\u0146\u0101m 40cm - Toys.lt\" \/>\n<meta property=\"og:description\" content=\"Rota\u013clieta ar gaismas pistoli, ska\u0146\u0101m un kust\u012bgu priek\u0161pusi. Spilgtas gaismas un re\u0101listiski efekti, piem\u0113rots b\u0113rniem no 3 gadu vecuma.\" \/>\n<meta property=\"og:url\" content=\"https:\/\/toys.lt\/lv\/produktas\/rotallietu-pistole-ar-gaismam-un-skanam-kopija-kopija\/\" \/>\n<meta property=\"og:site_name\" content=\"Toys.lt\" \/>\n<meta property=\"article:modified_time\" content=\"2026-04-08T00:01:06+00:00\" \/>\n<meta property=\"og:image\" content=\"https:\/\/toys.lt\/wp-content\/uploads\/2025\/11\/819A-zaislinis-svieciantis-ginklas-scaled.jpg\" \/>\n\t<meta property=\"og:image:width\" content=\"2560\" \/>\n\t<meta property=\"og:image:height\" content=\"2286\" \/>\n\t<meta property=\"og:image:type\" content=\"image\/jpeg\" \/>\n<meta name=\"twitter:card\" content=\"summary_large_image\" \/>\n<meta name=\"twitter:label1\" content=\"Est. reading time\" \/>\n\t<meta name=\"twitter:data1\" content=\"1 minute\" \/>\n<script type=\"application\/ld+json\" class=\"yoast-schema-graph\">{\"@context\":\"https:\/\/schema.org\",\"@graph\":[{\"@type\":\"WebPage\",\"@id\":\"https:\/\/toys.lt\/lv\/produktas\/rotallietu-pistole-ar-gaismam-un-skanam-kopija-kopija\/\",\"url\":\"https:\/\/toys.lt\/lv\/produktas\/rotallietu-pistole-ar-gaismam-un-skanam-kopija-kopija\/\",\"name\":\"Rota\u013clieta ar gaismu un ska\u0146\u0101m 40cm - Toys.lt\",\"isPartOf\":{\"@id\":\"https:\/\/toys.lt\/lv\/#website\"},\"primaryImageOfPage\":{\"@id\":\"https:\/\/toys.lt\/lv\/produktas\/rotallietu-pistole-ar-gaismam-un-skanam-kopija-kopija\/#primaryimage\"},\"image\":{\"@id\":\"https:\/\/toys.lt\/lv\/produktas\/rotallietu-pistole-ar-gaismam-un-skanam-kopija-kopija\/#primaryimage\"},\"thumbnailUrl\":\"https:\/\/toys.lt\/wp-content\/uploads\/2025\/11\/819A-zaislinis-svieciantis-ginklas-scaled.jpg\",\"datePublished\":\"2025-11-30T23:32:46+00:00\",\"dateModified\":\"2026-04-08T00:01:06+00:00\",\"description\":\"Rota\u013clieta ar gaismas pistoli, ska\u0146\u0101m un kust\u012bgu priek\u0161pusi. Spilgtas gaismas un re\u0101listiski efekti, piem\u0113rots b\u0113rniem no 3 gadu vecuma.\",\"breadcrumb\":{\"@id\":\"https:\/\/toys.lt\/lv\/produktas\/rotallietu-pistole-ar-gaismam-un-skanam-kopija-kopija\/#breadcrumb\"},\"inLanguage\":\"lv-LV\",\"potentialAction\":[{\"@type\":\"ReadAction\",\"target\":[\"https:\/\/toys.lt\/lv\/produktas\/rotallietu-pistole-ar-gaismam-un-skanam-kopija-kopija\/\"]}]},{\"@type\":\"ImageObject\",\"inLanguage\":\"lv-LV\",\"@id\":\"https:\/\/toys.lt\/lv\/produktas\/rotallietu-pistole-ar-gaismam-un-skanam-kopija-kopija\/#primaryimage\",\"url\":\"https:\/\/toys.lt\/wp-content\/uploads\/2025\/11\/819A-zaislinis-svieciantis-ginklas-scaled.jpg\",\"contentUrl\":\"https:\/\/toys.lt\/wp-content\/uploads\/2025\/11\/819A-zaislinis-svieciantis-ginklas-scaled.jpg\",\"width\":2560,\"height\":2286},{\"@type\":\"BreadcrumbList\",\"@id\":\"https:\/\/toys.lt\/lv\/produktas\/rotallietu-pistole-ar-gaismam-un-skanam-kopija-kopija\/#breadcrumb\",\"itemListElement\":[{\"@type\":\"ListItem\",\"position\":1,\"name\":\"Home\",\"item\":\"https:\/\/toys.lt\/lv\/\"},{\"@type\":\"ListItem\",\"position\":2,\"name\":\"Veikals\",\"item\":\"https:\/\/toys.lt\/lv\/shop\/\"},{\"@type\":\"ListItem\",\"position\":3,\"name\":\"Rota\u013clieta ar gaismu un ska\u0146\u0101m 40cm\"}]},{\"@type\":\"WebSite\",\"@id\":\"https:\/\/toys.lt\/lv\/#website\",\"url\":\"https:\/\/toys.lt\/lv\/\",\"name\":\"Toys.lt\",\"description\":\"\",\"potentialAction\":[{\"@type\":\"SearchAction\",\"target\":{\"@type\":\"EntryPoint\",\"urlTemplate\":\"https:\/\/toys.lt\/lv\/?s={search_term_string}\"},\"query-input\":{\"@type\":\"PropertyValueSpecification\",\"valueRequired\":true,\"valueName\":\"search_term_string\"}}],\"inLanguage\":\"lv-LV\"}]}<\/script>\n<!-- \/ Yoast SEO plugin. -->","yoast_head_json":{"title":"Rota\u013clieta ar gaismu un ska\u0146\u0101m 40cm - Toys.lt","description":"Rota\u013clieta ar gaismas pistoli, ska\u0146\u0101m un kust\u012bgu priek\u0161pusi. Spilgtas gaismas un re\u0101listiski efekti, piem\u0113rots b\u0113rniem no 3 gadu vecuma.","robots":{"index":"index","follow":"follow","max-snippet":"max-snippet:-1","max-image-preview":"max-image-preview:large","max-video-preview":"max-video-preview:-1"},"canonical":"https:\/\/toys.lt\/lv\/produktas\/rotallietu-pistole-ar-gaismam-un-skanam-kopija-kopija\/","og_locale":"lv_LV","og_type":"article","og_title":"Rota\u013clieta ar gaismu un ska\u0146\u0101m 40cm - Toys.lt","og_description":"Rota\u013clieta ar gaismas pistoli, ska\u0146\u0101m un kust\u012bgu priek\u0161pusi. Spilgtas gaismas un re\u0101listiski efekti, piem\u0113rots b\u0113rniem no 3 gadu vecuma.","og_url":"https:\/\/toys.lt\/lv\/produktas\/rotallietu-pistole-ar-gaismam-un-skanam-kopija-kopija\/","og_site_name":"Toys.lt","article_modified_time":"2026-04-08T00:01:06+00:00","og_image":[{"width":2560,"height":2286,"url":"https:\/\/toys.lt\/wp-content\/uploads\/2025\/11\/819A-zaislinis-svieciantis-ginklas-scaled.jpg","type":"image\/jpeg"}],"twitter_card":"summary_large_image","twitter_misc":{"Est. reading time":"1 minute"},"schema":{"@context":"https:\/\/schema.org","@graph":[{"@type":"WebPage","@id":"https:\/\/toys.lt\/lv\/produktas\/rotallietu-pistole-ar-gaismam-un-skanam-kopija-kopija\/","url":"https:\/\/toys.lt\/lv\/produktas\/rotallietu-pistole-ar-gaismam-un-skanam-kopija-kopija\/","name":"Rota\u013clieta ar gaismu un ska\u0146\u0101m 40cm - Toys.lt","isPartOf":{"@id":"https:\/\/toys.lt\/lv\/#website"},"primaryImageOfPage":{"@id":"https:\/\/toys.lt\/lv\/produktas\/rotallietu-pistole-ar-gaismam-un-skanam-kopija-kopija\/#primaryimage"},"image":{"@id":"https:\/\/toys.lt\/lv\/produktas\/rotallietu-pistole-ar-gaismam-un-skanam-kopija-kopija\/#primaryimage"},"thumbnailUrl":"https:\/\/toys.lt\/wp-content\/uploads\/2025\/11\/819A-zaislinis-svieciantis-ginklas-scaled.jpg","datePublished":"2025-11-30T23:32:46+00:00","dateModified":"2026-04-08T00:01:06+00:00","description":"Rota\u013clieta ar gaismas pistoli, ska\u0146\u0101m un kust\u012bgu priek\u0161pusi. Spilgtas gaismas un re\u0101listiski efekti, piem\u0113rots b\u0113rniem no 3 gadu vecuma.","breadcrumb":{"@id":"https:\/\/toys.lt\/lv\/produktas\/rotallietu-pistole-ar-gaismam-un-skanam-kopija-kopija\/#breadcrumb"},"inLanguage":"lv-LV","potentialAction":[{"@type":"ReadAction","target":["https:\/\/toys.lt\/lv\/produktas\/rotallietu-pistole-ar-gaismam-un-skanam-kopija-kopija\/"]}]},{"@type":"ImageObject","inLanguage":"lv-LV","@id":"https:\/\/toys.lt\/lv\/produktas\/rotallietu-pistole-ar-gaismam-un-skanam-kopija-kopija\/#primaryimage","url":"https:\/\/toys.lt\/wp-content\/uploads\/2025\/11\/819A-zaislinis-svieciantis-ginklas-scaled.jpg","contentUrl":"https:\/\/toys.lt\/wp-content\/uploads\/2025\/11\/819A-zaislinis-svieciantis-ginklas-scaled.jpg","width":2560,"height":2286},{"@type":"BreadcrumbList","@id":"https:\/\/toys.lt\/lv\/produktas\/rotallietu-pistole-ar-gaismam-un-skanam-kopija-kopija\/#breadcrumb","itemListElement":[{"@type":"ListItem","position":1,"name":"Home","item":"https:\/\/toys.lt\/lv\/"},{"@type":"ListItem","position":2,"name":"Veikals","item":"https:\/\/toys.lt\/lv\/shop\/"},{"@type":"ListItem","position":3,"name":"Rota\u013clieta ar gaismu un ska\u0146\u0101m 40cm"}]},{"@type":"WebSite","@id":"https:\/\/toys.lt\/lv\/#website","url":"https:\/\/toys.lt\/lv\/","name":"Toys.lt","description":"","potentialAction":[{"@type":"SearchAction","target":{"@type":"EntryPoint","urlTemplate":"https:\/\/toys.lt\/lv\/?s={search_term_string}"},"query-input":{"@type":"PropertyValueSpecification","valueRequired":true,"valueName":"search_term_string"}}],"inLanguage":"lv-LV"}]}},"_links":{"self":[{"href":"https:\/\/toys.lt\/lv\/wp-json\/wp\/v2\/product\/47279","targetHints":{"allow":["GET"]}}],"collection":[{"href":"https:\/\/toys.lt\/lv\/wp-json\/wp\/v2\/product"}],"about":[{"href":"https:\/\/toys.lt\/lv\/wp-json\/wp\/v2\/types\/product"}],"replies":[{"embeddable":true,"href":"https:\/\/toys.lt\/lv\/wp-json\/wp\/v2\/comments?post=47279"}],"version-history":[{"count":2,"href":"https:\/\/toys.lt\/lv\/wp-json\/wp\/v2\/product\/47279\/revisions"}],"predecessor-version":[{"id":48369,"href":"https:\/\/toys.lt\/lv\/wp-json\/wp\/v2\/product\/47279\/revisions\/48369"}],"wp:featuredmedia":[{"embeddable":true,"href":"https:\/\/toys.lt\/lv\/wp-json\/wp\/v2\/media\/47281"}],"wp:attachment":[{"href":"https:\/\/toys.lt\/lv\/wp-json\/wp\/v2\/media?parent=47279"}],"wp:term":[{"taxonomy":"product_brand","embeddable":true,"href":"https:\/\/toys.lt\/lv\/wp-json\/wp\/v2\/product_brand?post=47279"},{"taxonomy":"product_cat","embeddable":true,"href":"https:\/\/toys.lt\/lv\/wp-json\/wp\/v2\/product_cat?post=47279"},{"taxonomy":"product_tag","embeddable":true,"href":"https:\/\/toys.lt\/lv\/wp-json\/wp\/v2\/product_tag?post=47279"}],"curies":[{"name":"wp","href":"https:\/\/api.w.org\/{rel}","templated":true}]}}