{"id":47256,"date":"2025-11-30T22:59:40","date_gmt":"2025-11-30T22:59:40","guid":{"rendered":"https:\/\/toys.lt\/?post_type=product&#038;p=47256"},"modified":"2026-04-08T00:01:07","modified_gmt":"2026-04-08T00:01:07","slug":"rotallietu-puteklu-sucejs-kopija","status":"publish","type":"product","link":"https:\/\/toys.lt\/lv\/produktas\/rotallietu-puteklu-sucejs-kopija\/","title":{"rendered":"Rota\u013clietu m\u0101jas t\u012br\u012b\u0161anas komplekts ar putek\u013cu s\u016bc\u0113ju"},"content":{"rendered":"<p data-start=\"186\" data-end=\"435\">Rota\u013clietu m\u0101jas uzkop\u0161anas komplekts ar putek\u013cu s\u016bc\u0113ju sniedz b\u0113rniem jautras lomu sp\u0113les un pal\u012bdz vi\u0146iem att\u012bst\u012bt motoriku un sakopt\u012bbu. Komplekt\u0101 eso\u0161ais akumulatora putek\u013cs\u016bc\u0113js imit\u0113 \u012bstu t\u012br\u012b\u0161anu, padarot sp\u0113li v\u0113l jautr\u0101ku. <\/p>\n<hr data-start=\"437\" data-end=\"440\">\n<h2 data-start=\"442\" data-end=\"466\"><strong data-start=\"445\" data-end=\"466\">Specifik\u0101cijas<\/strong><\/h2>\n<ul data-start=\"467\" data-end=\"875\">\n<li data-start=\"467\" data-end=\"577\">\n<p data-start=\"469\" data-end=\"577\"><strong data-start=\"469\" data-end=\"490\">Komplekta saturs:<\/strong> rota\u013clietu putek\u013cs\u016bc\u0113js, slota, l\u0101psta, maza birste, aerosola imit\u0101cija.<\/p>\n<\/li>\n<li data-start=\"578\" data-end=\"646\">\n<p data-start=\"580\" data-end=\"646\"><strong data-start=\"580\" data-end=\"600\">Putek\u013cs\u016bc\u0113js:<\/strong> darbojas ar 4 \u00d7 AA baterij\u0101m (nav iek\u013cautas komplekt\u0101)<\/p>\n<\/li>\n<li data-start=\"647\" data-end=\"678\">\n<p data-start=\"649\" data-end=\"678\"><strong data-start=\"649\" data-end=\"662\">Materi\u0101ls:<\/strong> ABS plastmasa<\/p>\n<\/li>\n<li data-start=\"679\" data-end=\"713\">\n<p data-start=\"681\" data-end=\"713\"><strong data-start=\"681\" data-end=\"708\">Ieteicamais vecums:<\/strong> 3+<\/p>\n<\/li>\n<li data-start=\"714\" data-end=\"768\">\n<p data-start=\"716\" data-end=\"768\"><strong data-start=\"716\" data-end=\"750\">Rota\u013clietas izm\u0113ri (s\u016bknis):<\/strong> 15 \u00d7 24 \u00d7 20 cm<\/p>\n<\/li>\n<li data-start=\"769\" data-end=\"814\">\n<p data-start=\"771\" data-end=\"814\"><strong data-start=\"771\" data-end=\"796\">Iepakojuma izm\u0113ri:<\/strong> 41 \u00d7 12 \u00d7 29 cm<\/p>\n<\/li>\n<li data-start=\"815\" data-end=\"846\">\n<p data-start=\"817\" data-end=\"846\"><strong data-start=\"817\" data-end=\"828\">Svars:<\/strong> 0,4 kg<\/p>\n<\/li>\n<\/ul>\n","protected":false},"excerpt":{"rendered":"<ul data-start=\"467\" data-end=\"875\">\n<li data-start=\"467\" data-end=\"577\">\n<p data-start=\"469\" data-end=\"577\"><strong data-start=\"469\" data-end=\"490\">Komplekta saturs:<\/strong> rota\u013clietu putek\u013cs\u016bc\u0113js, slota, l\u0101psta, maza birste, aerosola imit\u0101cija.<\/p>\n<\/li>\n<li data-start=\"578\" data-end=\"646\">\n<p data-start=\"580\" data-end=\"646\"><strong data-start=\"580\" data-end=\"600\">Putek\u013cs\u016bc\u0113js:<\/strong> darbojas ar 4 \u00d7 AA baterij\u0101m (nav iek\u013cautas komplekt\u0101)<\/p>\n<\/li>\n<li data-start=\"647\" data-end=\"678\">\n<p data-start=\"649\" data-end=\"678\"><strong data-start=\"649\" data-end=\"662\">Materi\u0101ls:<\/strong> ABS plastmasa<\/p>\n<\/li>\n<li data-start=\"679\" data-end=\"713\">\n<p data-start=\"681\" data-end=\"713\"><strong data-start=\"681\" data-end=\"708\">Ieteicamais vecums:<\/strong> 3+<\/p>\n<\/li>\n<li data-start=\"714\" data-end=\"768\">\n<p data-start=\"716\" data-end=\"768\"><strong data-start=\"716\" data-end=\"750\">Rota\u013clietas izm\u0113ri (s\u016bknis):<\/strong> 15 \u00d7 24 \u00d7 20 cm<\/p>\n<\/li>\n<li data-start=\"769\" data-end=\"814\">\n<p data-start=\"771\" data-end=\"814\"><strong data-start=\"771\" data-end=\"796\">Iepakojuma izm\u0113ri:<\/strong> 41 \u00d7 12 \u00d7 29 cm<\/p>\n<\/li>\n<li data-start=\"815\" data-end=\"846\">\n<p data-start=\"817\" data-end=\"846\"><strong data-start=\"817\" data-end=\"828\">Svars:<\/strong> 0,4 kg<\/p>\n<\/li>\n<li data-start=\"847\" data-end=\"875\">\n<p data-start=\"849\" data-end=\"875\"><strong data-start=\"849\" data-end=\"866\">Izcelsmes valsts:<\/strong> \u0136\u012bna<\/p>\n<\/li>\n<\/ul>\n","protected":false},"featured_media":47266,"comment_status":"open","ping_status":"closed","template":"","meta":[],"product_brand":[],"product_cat":[1180,1176,1151,1155],"product_tag":[],"class_list":{"0":"post-47256","1":"product","2":"type-product","3":"status-publish","4":"has-post-thumbnail","6":"product_cat-rotallietas-meitenem","7":"product_cat-rotallietas-zeniem","8":"product_cat-specializeti-rotallietu-darbariki","9":"product_cat-leti","10":"pa_amziaus-grupe-3-lv","11":"pa_prek-s-tipas-puteklu-suceji","13":"first","14":"instock","15":"sale","16":"taxable","17":"shipping-taxable","18":"purchasable","19":"product-type-simple"},"yoast_head":"<!-- This site is optimized with the Yoast SEO plugin v26.3 - https:\/\/yoast.com\/wordpress\/plugins\/seo\/ -->\n<title>Rota\u013clietu m\u0101jas t\u012br\u012b\u0161anas komplekts ar putek\u013cu s\u016bc\u0113ju - Toys.lt<\/title>\n<meta name=\"description\" content=\"Rota\u013clietu m\u0101jas uzkop\u0161anas komplekts ar darbojo\u0161os putek\u013cus\u016bc\u0113ju ir jautra un izgl\u012btojo\u0161a sp\u0113le b\u0113rniem no 3 gadu vecuma. Lieliska d\u0101vana.\" \/>\n<meta name=\"robots\" content=\"index, follow, max-snippet:-1, max-image-preview:large, max-video-preview:-1\" \/>\n<link rel=\"canonical\" href=\"https:\/\/toys.lt\/lv\/produktas\/rotallietu-puteklu-sucejs-kopija\/\" \/>\n<meta property=\"og:locale\" content=\"lv_LV\" \/>\n<meta property=\"og:type\" content=\"article\" \/>\n<meta property=\"og:title\" content=\"Rota\u013clietu m\u0101jas t\u012br\u012b\u0161anas komplekts ar putek\u013cu s\u016bc\u0113ju - Toys.lt\" \/>\n<meta property=\"og:description\" content=\"Rota\u013clietu m\u0101jas uzkop\u0161anas komplekts ar darbojo\u0161os putek\u013cus\u016bc\u0113ju ir jautra un izgl\u012btojo\u0161a sp\u0113le b\u0113rniem no 3 gadu vecuma. Lieliska d\u0101vana.\" \/>\n<meta property=\"og:url\" content=\"https:\/\/toys.lt\/lv\/produktas\/rotallietu-puteklu-sucejs-kopija\/\" \/>\n<meta property=\"og:site_name\" content=\"Toys.lt\" \/>\n<meta property=\"article:modified_time\" content=\"2026-04-08T00:01:07+00:00\" \/>\n<meta property=\"og:image\" content=\"https:\/\/toys.lt\/wp-content\/uploads\/2025\/11\/zaislinis-namu-valymo-rinkinys-su-dulkiu-siurbliu-6.jpg\" \/>\n\t<meta property=\"og:image:width\" content=\"800\" \/>\n\t<meta property=\"og:image:height\" content=\"800\" \/>\n\t<meta property=\"og:image:type\" content=\"image\/jpeg\" \/>\n<meta name=\"twitter:card\" content=\"summary_large_image\" \/>\n<meta name=\"twitter:label1\" content=\"Est. reading time\" \/>\n\t<meta name=\"twitter:data1\" content=\"1 minute\" \/>\n<script type=\"application\/ld+json\" class=\"yoast-schema-graph\">{\"@context\":\"https:\/\/schema.org\",\"@graph\":[{\"@type\":\"WebPage\",\"@id\":\"https:\/\/toys.lt\/lv\/produktas\/rotallietu-puteklu-sucejs-kopija\/\",\"url\":\"https:\/\/toys.lt\/lv\/produktas\/rotallietu-puteklu-sucejs-kopija\/\",\"name\":\"Rota\u013clietu m\u0101jas t\u012br\u012b\u0161anas komplekts ar putek\u013cu s\u016bc\u0113ju - Toys.lt\",\"isPartOf\":{\"@id\":\"https:\/\/toys.lt\/lv\/#website\"},\"primaryImageOfPage\":{\"@id\":\"https:\/\/toys.lt\/lv\/produktas\/rotallietu-puteklu-sucejs-kopija\/#primaryimage\"},\"image\":{\"@id\":\"https:\/\/toys.lt\/lv\/produktas\/rotallietu-puteklu-sucejs-kopija\/#primaryimage\"},\"thumbnailUrl\":\"https:\/\/toys.lt\/wp-content\/uploads\/2025\/11\/zaislinis-namu-valymo-rinkinys-su-dulkiu-siurbliu-6.jpg\",\"datePublished\":\"2025-11-30T22:59:40+00:00\",\"dateModified\":\"2026-04-08T00:01:07+00:00\",\"description\":\"Rota\u013clietu m\u0101jas uzkop\u0161anas komplekts ar darbojo\u0161os putek\u013cus\u016bc\u0113ju ir jautra un izgl\u012btojo\u0161a sp\u0113le b\u0113rniem no 3 gadu vecuma. Lieliska d\u0101vana.\",\"breadcrumb\":{\"@id\":\"https:\/\/toys.lt\/lv\/produktas\/rotallietu-puteklu-sucejs-kopija\/#breadcrumb\"},\"inLanguage\":\"lv-LV\",\"potentialAction\":[{\"@type\":\"ReadAction\",\"target\":[\"https:\/\/toys.lt\/lv\/produktas\/rotallietu-puteklu-sucejs-kopija\/\"]}]},{\"@type\":\"ImageObject\",\"inLanguage\":\"lv-LV\",\"@id\":\"https:\/\/toys.lt\/lv\/produktas\/rotallietu-puteklu-sucejs-kopija\/#primaryimage\",\"url\":\"https:\/\/toys.lt\/wp-content\/uploads\/2025\/11\/zaislinis-namu-valymo-rinkinys-su-dulkiu-siurbliu-6.jpg\",\"contentUrl\":\"https:\/\/toys.lt\/wp-content\/uploads\/2025\/11\/zaislinis-namu-valymo-rinkinys-su-dulkiu-siurbliu-6.jpg\",\"width\":800,\"height\":800},{\"@type\":\"BreadcrumbList\",\"@id\":\"https:\/\/toys.lt\/lv\/produktas\/rotallietu-puteklu-sucejs-kopija\/#breadcrumb\",\"itemListElement\":[{\"@type\":\"ListItem\",\"position\":1,\"name\":\"Home\",\"item\":\"https:\/\/toys.lt\/lv\/\"},{\"@type\":\"ListItem\",\"position\":2,\"name\":\"Veikals\",\"item\":\"https:\/\/toys.lt\/lv\/shop\/\"},{\"@type\":\"ListItem\",\"position\":3,\"name\":\"Rota\u013clietu m\u0101jas t\u012br\u012b\u0161anas komplekts ar putek\u013cu s\u016bc\u0113ju\"}]},{\"@type\":\"WebSite\",\"@id\":\"https:\/\/toys.lt\/lv\/#website\",\"url\":\"https:\/\/toys.lt\/lv\/\",\"name\":\"Toys.lt\",\"description\":\"\",\"potentialAction\":[{\"@type\":\"SearchAction\",\"target\":{\"@type\":\"EntryPoint\",\"urlTemplate\":\"https:\/\/toys.lt\/lv\/?s={search_term_string}\"},\"query-input\":{\"@type\":\"PropertyValueSpecification\",\"valueRequired\":true,\"valueName\":\"search_term_string\"}}],\"inLanguage\":\"lv-LV\"}]}<\/script>\n<!-- \/ Yoast SEO plugin. -->","yoast_head_json":{"title":"Rota\u013clietu m\u0101jas t\u012br\u012b\u0161anas komplekts ar putek\u013cu s\u016bc\u0113ju - Toys.lt","description":"Rota\u013clietu m\u0101jas uzkop\u0161anas komplekts ar darbojo\u0161os putek\u013cus\u016bc\u0113ju ir jautra un izgl\u012btojo\u0161a sp\u0113le b\u0113rniem no 3 gadu vecuma. Lieliska d\u0101vana.","robots":{"index":"index","follow":"follow","max-snippet":"max-snippet:-1","max-image-preview":"max-image-preview:large","max-video-preview":"max-video-preview:-1"},"canonical":"https:\/\/toys.lt\/lv\/produktas\/rotallietu-puteklu-sucejs-kopija\/","og_locale":"lv_LV","og_type":"article","og_title":"Rota\u013clietu m\u0101jas t\u012br\u012b\u0161anas komplekts ar putek\u013cu s\u016bc\u0113ju - Toys.lt","og_description":"Rota\u013clietu m\u0101jas uzkop\u0161anas komplekts ar darbojo\u0161os putek\u013cus\u016bc\u0113ju ir jautra un izgl\u012btojo\u0161a sp\u0113le b\u0113rniem no 3 gadu vecuma. Lieliska d\u0101vana.","og_url":"https:\/\/toys.lt\/lv\/produktas\/rotallietu-puteklu-sucejs-kopija\/","og_site_name":"Toys.lt","article_modified_time":"2026-04-08T00:01:07+00:00","og_image":[{"width":800,"height":800,"url":"https:\/\/toys.lt\/wp-content\/uploads\/2025\/11\/zaislinis-namu-valymo-rinkinys-su-dulkiu-siurbliu-6.jpg","type":"image\/jpeg"}],"twitter_card":"summary_large_image","twitter_misc":{"Est. reading time":"1 minute"},"schema":{"@context":"https:\/\/schema.org","@graph":[{"@type":"WebPage","@id":"https:\/\/toys.lt\/lv\/produktas\/rotallietu-puteklu-sucejs-kopija\/","url":"https:\/\/toys.lt\/lv\/produktas\/rotallietu-puteklu-sucejs-kopija\/","name":"Rota\u013clietu m\u0101jas t\u012br\u012b\u0161anas komplekts ar putek\u013cu s\u016bc\u0113ju - Toys.lt","isPartOf":{"@id":"https:\/\/toys.lt\/lv\/#website"},"primaryImageOfPage":{"@id":"https:\/\/toys.lt\/lv\/produktas\/rotallietu-puteklu-sucejs-kopija\/#primaryimage"},"image":{"@id":"https:\/\/toys.lt\/lv\/produktas\/rotallietu-puteklu-sucejs-kopija\/#primaryimage"},"thumbnailUrl":"https:\/\/toys.lt\/wp-content\/uploads\/2025\/11\/zaislinis-namu-valymo-rinkinys-su-dulkiu-siurbliu-6.jpg","datePublished":"2025-11-30T22:59:40+00:00","dateModified":"2026-04-08T00:01:07+00:00","description":"Rota\u013clietu m\u0101jas uzkop\u0161anas komplekts ar darbojo\u0161os putek\u013cus\u016bc\u0113ju ir jautra un izgl\u012btojo\u0161a sp\u0113le b\u0113rniem no 3 gadu vecuma. Lieliska d\u0101vana.","breadcrumb":{"@id":"https:\/\/toys.lt\/lv\/produktas\/rotallietu-puteklu-sucejs-kopija\/#breadcrumb"},"inLanguage":"lv-LV","potentialAction":[{"@type":"ReadAction","target":["https:\/\/toys.lt\/lv\/produktas\/rotallietu-puteklu-sucejs-kopija\/"]}]},{"@type":"ImageObject","inLanguage":"lv-LV","@id":"https:\/\/toys.lt\/lv\/produktas\/rotallietu-puteklu-sucejs-kopija\/#primaryimage","url":"https:\/\/toys.lt\/wp-content\/uploads\/2025\/11\/zaislinis-namu-valymo-rinkinys-su-dulkiu-siurbliu-6.jpg","contentUrl":"https:\/\/toys.lt\/wp-content\/uploads\/2025\/11\/zaislinis-namu-valymo-rinkinys-su-dulkiu-siurbliu-6.jpg","width":800,"height":800},{"@type":"BreadcrumbList","@id":"https:\/\/toys.lt\/lv\/produktas\/rotallietu-puteklu-sucejs-kopija\/#breadcrumb","itemListElement":[{"@type":"ListItem","position":1,"name":"Home","item":"https:\/\/toys.lt\/lv\/"},{"@type":"ListItem","position":2,"name":"Veikals","item":"https:\/\/toys.lt\/lv\/shop\/"},{"@type":"ListItem","position":3,"name":"Rota\u013clietu m\u0101jas t\u012br\u012b\u0161anas komplekts ar putek\u013cu s\u016bc\u0113ju"}]},{"@type":"WebSite","@id":"https:\/\/toys.lt\/lv\/#website","url":"https:\/\/toys.lt\/lv\/","name":"Toys.lt","description":"","potentialAction":[{"@type":"SearchAction","target":{"@type":"EntryPoint","urlTemplate":"https:\/\/toys.lt\/lv\/?s={search_term_string}"},"query-input":{"@type":"PropertyValueSpecification","valueRequired":true,"valueName":"search_term_string"}}],"inLanguage":"lv-LV"}]}},"_links":{"self":[{"href":"https:\/\/toys.lt\/lv\/wp-json\/wp\/v2\/product\/47256","targetHints":{"allow":["GET"]}}],"collection":[{"href":"https:\/\/toys.lt\/lv\/wp-json\/wp\/v2\/product"}],"about":[{"href":"https:\/\/toys.lt\/lv\/wp-json\/wp\/v2\/types\/product"}],"replies":[{"embeddable":true,"href":"https:\/\/toys.lt\/lv\/wp-json\/wp\/v2\/comments?post=47256"}],"version-history":[{"count":2,"href":"https:\/\/toys.lt\/lv\/wp-json\/wp\/v2\/product\/47256\/revisions"}],"predecessor-version":[{"id":48367,"href":"https:\/\/toys.lt\/lv\/wp-json\/wp\/v2\/product\/47256\/revisions\/48367"}],"wp:featuredmedia":[{"embeddable":true,"href":"https:\/\/toys.lt\/lv\/wp-json\/wp\/v2\/media\/47266"}],"wp:attachment":[{"href":"https:\/\/toys.lt\/lv\/wp-json\/wp\/v2\/media?parent=47256"}],"wp:term":[{"taxonomy":"product_brand","embeddable":true,"href":"https:\/\/toys.lt\/lv\/wp-json\/wp\/v2\/product_brand?post=47256"},{"taxonomy":"product_cat","embeddable":true,"href":"https:\/\/toys.lt\/lv\/wp-json\/wp\/v2\/product_cat?post=47256"},{"taxonomy":"product_tag","embeddable":true,"href":"https:\/\/toys.lt\/lv\/wp-json\/wp\/v2\/product_tag?post=47256"}],"curies":[{"name":"wp","href":"https:\/\/api.w.org\/{rel}","templated":true}]}}