{"id":47245,"date":"2025-11-30T22:24:16","date_gmt":"2025-11-30T22:24:16","guid":{"rendered":"https:\/\/toys.lt\/?post_type=product&#038;p=47245"},"modified":"2026-04-08T00:01:07","modified_gmt":"2026-04-08T00:01:07","slug":"lelle-ar-piederumiem-kopija","status":"publish","type":"product","link":"https:\/\/toys.lt\/lv\/produktas\/lelle-ar-piederumiem-kopija\/","title":{"rendered":"Lelle \u0101rsts ar medic\u012bnas piederumu (29 cm)"},"content":{"rendered":"<p>Doktors lelle ar medic\u012bnisko komplektu ir jautrs rota\u013cu komplekts b\u0113rniem, kuriem pat\u012bk \u0101rsta loma. Komplekt\u0101 ietilpst lelle un medic\u012bniskie piederumi. <\/p>\n<p>&nbsp;<\/p>\n<h2 data-start=\"699\" data-end=\"727\"><strong data-start=\"702\" data-end=\"727\">Kas iek\u013cauts<\/strong><\/h2>\n<ul data-start=\"728\" data-end=\"891\">\n<li data-start=\"728\" data-end=\"765\">\n<p data-start=\"730\" data-end=\"765\">Doktora lelle (aptuveni 29 cm augsta)<\/p>\n<\/li>\n<li data-start=\"766\" data-end=\"781\">\n<p data-start=\"768\" data-end=\"781\">Stetoskops<\/p>\n<\/li>\n<li data-start=\"782\" data-end=\"804\">\n<p data-start=\"784\" data-end=\"804\">Medic\u012bnisk\u0101 karte<\/p>\n<\/li>\n<li data-start=\"805\" data-end=\"826\">\n<p data-start=\"807\" data-end=\"826\">Medic\u012bnas pudeles<\/p>\n<\/li>\n<li data-start=\"827\" data-end=\"891\">\n<p data-start=\"829\" data-end=\"891\">\u0101rsta instrumenti (\u0161\u013circe, \u0101murs, termometrs u. c.)<\/p>\n<\/li>\n<\/ul>\n<hr data-start=\"893\" data-end=\"896\">\n<h2 data-start=\"898\" data-end=\"919\"><strong data-start=\"901\" data-end=\"919\">Specifik\u0101cijas<\/strong><\/h2>\n<ul data-start=\"920\" data-end=\"1141\">\n<li data-start=\"920\" data-end=\"962\">\n<p data-start=\"922\" data-end=\"962\"><strong data-start=\"922\" data-end=\"949\">Ieteicamais vecums:<\/strong> no 3 gadiem<\/p>\n<\/li>\n<li data-start=\"963\" data-end=\"992\">\n<p data-start=\"965\" data-end=\"992\"><strong data-start=\"965\" data-end=\"983\">Augstums:<\/strong> 29 cm<\/p>\n<\/li>\n<li data-start=\"993\" data-end=\"1049\">\n<p data-start=\"995\" data-end=\"1049\"><strong data-start=\"995\" data-end=\"1031\">Iepakojuma izm\u0113ri (aptuveni):<\/strong> 32 \u00d7 14 \u00d7 4 cm<\/p>\n<\/li>\n<li data-start=\"1050\" data-end=\"1073\">\n<p data-start=\"1052\" data-end=\"1073\"><strong data-start=\"1052\" data-end=\"1063\">Svars:<\/strong> 0,3 kg<\/p>\n<\/li>\n<li data-start=\"1074\" data-end=\"1112\">\n<p data-start=\"1076\" data-end=\"1112\"><strong data-start=\"1076\" data-end=\"1090\">Materi\u0101li:<\/strong> plastmasa, tekstils<\/p>\n<\/li>\n<\/ul>\n<p>&nbsp;<\/p>\n","protected":false},"excerpt":{"rendered":"<ul data-start=\"920\" data-end=\"1141\">\n<li data-start=\"920\" data-end=\"962\">\n<p data-start=\"922\" data-end=\"962\"><strong data-start=\"922\" data-end=\"949\">Ieteicamais vecums:<\/strong> no 3 gadiem<\/p>\n<\/li>\n<li data-start=\"963\" data-end=\"992\">\n<p data-start=\"965\" data-end=\"992\"><strong data-start=\"965\" data-end=\"983\">Augstums:<\/strong> 29 cm<\/p>\n<\/li>\n<li data-start=\"993\" data-end=\"1049\">\n<p data-start=\"995\" data-end=\"1049\"><strong data-start=\"995\" data-end=\"1031\">Iepakojuma izm\u0113ri (aptuveni):<\/strong> 32 \u00d7 14 \u00d7 4 cm<\/p>\n<\/li>\n<li data-start=\"1050\" data-end=\"1073\">\n<p data-start=\"1052\" data-end=\"1073\"><strong data-start=\"1052\" data-end=\"1063\">Svars:<\/strong> 0,3 kg<\/p>\n<\/li>\n<li data-start=\"1074\" data-end=\"1112\">\n<p data-start=\"1076\" data-end=\"1112\"><strong data-start=\"1076\" data-end=\"1090\">Materi\u0101li:<\/strong> plastmasa, tekstils<\/p>\n<\/li>\n<li data-start=\"1113\" data-end=\"1141\">\n<p data-start=\"1115\" data-end=\"1141\"><strong data-start=\"1115\" data-end=\"1132\">Izcelsmes valsts:<\/strong> \u0136\u012bna<\/p>\n<\/li>\n<\/ul>\n","protected":false},"featured_media":47249,"comment_status":"open","ping_status":"closed","template":"","meta":[],"product_brand":[],"product_cat":[1406,1180,1221],"product_tag":[],"class_list":{"0":"post-47245","1":"product","2":"type-product","3":"status-publish","4":"has-post-thumbnail","6":"product_cat-letakais","7":"product_cat-rotallietas-meitenem","8":"product_cat-rotalu-lelles-un-aksesuari","9":"pa_amziaus-grupe-3-lv","10":"pa_prek-s-spalva-roza","11":"pa_prek-s-spalva-violeta","13":"first","14":"outofstock","15":"sale","16":"taxable","17":"shipping-taxable","18":"purchasable","19":"product-type-simple"},"yoast_head":"<!-- This site is optimized with the Yoast SEO plugin v27.6 - https:\/\/yoast.com\/product\/yoast-seo-wordpress\/ -->\n<title>Lelle \u0101rsts ar medic\u012bnas piederumu (29 cm) - Toys.lt<\/title>\n<meta name=\"description\" content=\"Doktors lelle ar medic\u012bnisko komplektu ir lieliska rota\u013clieta \u0101rsta lomu sp\u0113l\u0113m. Komplekts att\u012bsta b\u0113rna izt\u0113li un veicina m\u0101c\u012b\u0161anos r\u016bp\u0113ties.\" \/>\n<meta name=\"robots\" content=\"index, follow, max-snippet:-1, max-image-preview:large, max-video-preview:-1\" \/>\n<link rel=\"canonical\" href=\"https:\/\/toys.lt\/lv\/produktas\/lelle-ar-piederumiem-kopija\/\" \/>\n<meta property=\"og:locale\" content=\"lv_LV\" \/>\n<meta property=\"og:type\" content=\"article\" \/>\n<meta property=\"og:title\" content=\"Lelle \u0101rsts ar medic\u012bnas piederumu (29 cm) - Toys.lt\" \/>\n<meta property=\"og:description\" content=\"Doktors lelle ar medic\u012bnisko komplektu ir lieliska rota\u013clieta \u0101rsta lomu sp\u0113l\u0113m. Komplekts att\u012bsta b\u0113rna izt\u0113li un veicina m\u0101c\u012b\u0161anos r\u016bp\u0113ties.\" \/>\n<meta property=\"og:url\" content=\"https:\/\/toys.lt\/lv\/produktas\/lelle-ar-piederumiem-kopija\/\" \/>\n<meta property=\"og:site_name\" content=\"Toys.lt\" \/>\n<meta property=\"article:modified_time\" content=\"2026-04-08T00:01:07+00:00\" \/>\n<meta property=\"og:image\" content=\"https:\/\/toys.lt\/wp-content\/uploads\/2025\/11\/lele-daktare-su-medicininiu-rinkiniu-1.jpg.jpg\" \/>\n\t<meta property=\"og:image:width\" content=\"1205\" \/>\n\t<meta property=\"og:image:height\" content=\"1538\" \/>\n\t<meta property=\"og:image:type\" content=\"image\/jpeg\" \/>\n<meta name=\"twitter:card\" content=\"summary_large_image\" \/>\n<script type=\"application\/ld+json\" class=\"yoast-schema-graph\">{\"@context\":\"https:\\\/\\\/schema.org\",\"@graph\":[{\"@type\":\"WebPage\",\"@id\":\"https:\\\/\\\/toys.lt\\\/lv\\\/produktas\\\/lelle-ar-piederumiem-kopija\\\/\",\"url\":\"https:\\\/\\\/toys.lt\\\/lv\\\/produktas\\\/lelle-ar-piederumiem-kopija\\\/\",\"name\":\"Lelle \u0101rsts ar medic\u012bnas piederumu (29 cm) - Toys.lt\",\"isPartOf\":{\"@id\":\"https:\\\/\\\/toys.lt\\\/lv\\\/#website\"},\"primaryImageOfPage\":{\"@id\":\"https:\\\/\\\/toys.lt\\\/lv\\\/produktas\\\/lelle-ar-piederumiem-kopija\\\/#primaryimage\"},\"image\":{\"@id\":\"https:\\\/\\\/toys.lt\\\/lv\\\/produktas\\\/lelle-ar-piederumiem-kopija\\\/#primaryimage\"},\"thumbnailUrl\":\"https:\\\/\\\/toys.lt\\\/wp-content\\\/uploads\\\/2025\\\/11\\\/lele-daktare-su-medicininiu-rinkiniu-1.jpg.jpg\",\"datePublished\":\"2025-11-30T22:24:16+00:00\",\"dateModified\":\"2026-04-08T00:01:07+00:00\",\"description\":\"Doktors lelle ar medic\u012bnisko komplektu ir lieliska rota\u013clieta \u0101rsta lomu sp\u0113l\u0113m. Komplekts att\u012bsta b\u0113rna izt\u0113li un veicina m\u0101c\u012b\u0161anos r\u016bp\u0113ties.\",\"breadcrumb\":{\"@id\":\"https:\\\/\\\/toys.lt\\\/lv\\\/produktas\\\/lelle-ar-piederumiem-kopija\\\/#breadcrumb\"},\"inLanguage\":\"lv-LV\",\"potentialAction\":[{\"@type\":\"ReadAction\",\"target\":[\"https:\\\/\\\/toys.lt\\\/lv\\\/produktas\\\/lelle-ar-piederumiem-kopija\\\/\"]}]},{\"@type\":\"ImageObject\",\"inLanguage\":\"lv-LV\",\"@id\":\"https:\\\/\\\/toys.lt\\\/lv\\\/produktas\\\/lelle-ar-piederumiem-kopija\\\/#primaryimage\",\"url\":\"https:\\\/\\\/toys.lt\\\/wp-content\\\/uploads\\\/2025\\\/11\\\/lele-daktare-su-medicininiu-rinkiniu-1.jpg.jpg\",\"contentUrl\":\"https:\\\/\\\/toys.lt\\\/wp-content\\\/uploads\\\/2025\\\/11\\\/lele-daktare-su-medicininiu-rinkiniu-1.jpg.jpg\",\"width\":1205,\"height\":1538,\"caption\":\"lele daktare su medicininiu rinkiniu 1\"},{\"@type\":\"BreadcrumbList\",\"@id\":\"https:\\\/\\\/toys.lt\\\/lv\\\/produktas\\\/lelle-ar-piederumiem-kopija\\\/#breadcrumb\",\"itemListElement\":[{\"@type\":\"ListItem\",\"position\":1,\"name\":\"Home\",\"item\":\"https:\\\/\\\/toys.lt\\\/lv\\\/\"},{\"@type\":\"ListItem\",\"position\":2,\"name\":\"Veikals\",\"item\":\"https:\\\/\\\/toys.lt\\\/lv\\\/shop\\\/\"},{\"@type\":\"ListItem\",\"position\":3,\"name\":\"Lelle \u0101rsts ar medic\u012bnas piederumu (29 cm)\"}]},{\"@type\":\"WebSite\",\"@id\":\"https:\\\/\\\/toys.lt\\\/lv\\\/#website\",\"url\":\"https:\\\/\\\/toys.lt\\\/lv\\\/\",\"name\":\"Toys.lt\",\"description\":\"\",\"potentialAction\":[{\"@type\":\"SearchAction\",\"target\":{\"@type\":\"EntryPoint\",\"urlTemplate\":\"https:\\\/\\\/toys.lt\\\/lv\\\/?s={search_term_string}\"},\"query-input\":{\"@type\":\"PropertyValueSpecification\",\"valueRequired\":true,\"valueName\":\"search_term_string\"}}],\"inLanguage\":\"lv-LV\"}]}<\/script>\n<!-- \/ Yoast SEO plugin. -->","yoast_head_json":{"title":"Lelle \u0101rsts ar medic\u012bnas piederumu (29 cm) - Toys.lt","description":"Doktors lelle ar medic\u012bnisko komplektu ir lieliska rota\u013clieta \u0101rsta lomu sp\u0113l\u0113m. Komplekts att\u012bsta b\u0113rna izt\u0113li un veicina m\u0101c\u012b\u0161anos r\u016bp\u0113ties.","robots":{"index":"index","follow":"follow","max-snippet":"max-snippet:-1","max-image-preview":"max-image-preview:large","max-video-preview":"max-video-preview:-1"},"canonical":"https:\/\/toys.lt\/lv\/produktas\/lelle-ar-piederumiem-kopija\/","og_locale":"lv_LV","og_type":"article","og_title":"Lelle \u0101rsts ar medic\u012bnas piederumu (29 cm) - Toys.lt","og_description":"Doktors lelle ar medic\u012bnisko komplektu ir lieliska rota\u013clieta \u0101rsta lomu sp\u0113l\u0113m. Komplekts att\u012bsta b\u0113rna izt\u0113li un veicina m\u0101c\u012b\u0161anos r\u016bp\u0113ties.","og_url":"https:\/\/toys.lt\/lv\/produktas\/lelle-ar-piederumiem-kopija\/","og_site_name":"Toys.lt","article_modified_time":"2026-04-08T00:01:07+00:00","og_image":[{"width":1205,"height":1538,"url":"https:\/\/toys.lt\/wp-content\/uploads\/2025\/11\/lele-daktare-su-medicininiu-rinkiniu-1.jpg.jpg","type":"image\/jpeg"}],"twitter_card":"summary_large_image","schema":{"@context":"https:\/\/schema.org","@graph":[{"@type":"WebPage","@id":"https:\/\/toys.lt\/lv\/produktas\/lelle-ar-piederumiem-kopija\/","url":"https:\/\/toys.lt\/lv\/produktas\/lelle-ar-piederumiem-kopija\/","name":"Lelle \u0101rsts ar medic\u012bnas piederumu (29 cm) - Toys.lt","isPartOf":{"@id":"https:\/\/toys.lt\/lv\/#website"},"primaryImageOfPage":{"@id":"https:\/\/toys.lt\/lv\/produktas\/lelle-ar-piederumiem-kopija\/#primaryimage"},"image":{"@id":"https:\/\/toys.lt\/lv\/produktas\/lelle-ar-piederumiem-kopija\/#primaryimage"},"thumbnailUrl":"https:\/\/toys.lt\/wp-content\/uploads\/2025\/11\/lele-daktare-su-medicininiu-rinkiniu-1.jpg.jpg","datePublished":"2025-11-30T22:24:16+00:00","dateModified":"2026-04-08T00:01:07+00:00","description":"Doktors lelle ar medic\u012bnisko komplektu ir lieliska rota\u013clieta \u0101rsta lomu sp\u0113l\u0113m. Komplekts att\u012bsta b\u0113rna izt\u0113li un veicina m\u0101c\u012b\u0161anos r\u016bp\u0113ties.","breadcrumb":{"@id":"https:\/\/toys.lt\/lv\/produktas\/lelle-ar-piederumiem-kopija\/#breadcrumb"},"inLanguage":"lv-LV","potentialAction":[{"@type":"ReadAction","target":["https:\/\/toys.lt\/lv\/produktas\/lelle-ar-piederumiem-kopija\/"]}]},{"@type":"ImageObject","inLanguage":"lv-LV","@id":"https:\/\/toys.lt\/lv\/produktas\/lelle-ar-piederumiem-kopija\/#primaryimage","url":"https:\/\/toys.lt\/wp-content\/uploads\/2025\/11\/lele-daktare-su-medicininiu-rinkiniu-1.jpg.jpg","contentUrl":"https:\/\/toys.lt\/wp-content\/uploads\/2025\/11\/lele-daktare-su-medicininiu-rinkiniu-1.jpg.jpg","width":1205,"height":1538,"caption":"lele daktare su medicininiu rinkiniu 1"},{"@type":"BreadcrumbList","@id":"https:\/\/toys.lt\/lv\/produktas\/lelle-ar-piederumiem-kopija\/#breadcrumb","itemListElement":[{"@type":"ListItem","position":1,"name":"Home","item":"https:\/\/toys.lt\/lv\/"},{"@type":"ListItem","position":2,"name":"Veikals","item":"https:\/\/toys.lt\/lv\/shop\/"},{"@type":"ListItem","position":3,"name":"Lelle \u0101rsts ar medic\u012bnas piederumu (29 cm)"}]},{"@type":"WebSite","@id":"https:\/\/toys.lt\/lv\/#website","url":"https:\/\/toys.lt\/lv\/","name":"Toys.lt","description":"","potentialAction":[{"@type":"SearchAction","target":{"@type":"EntryPoint","urlTemplate":"https:\/\/toys.lt\/lv\/?s={search_term_string}"},"query-input":{"@type":"PropertyValueSpecification","valueRequired":true,"valueName":"search_term_string"}}],"inLanguage":"lv-LV"}]}},"_links":{"self":[{"href":"https:\/\/toys.lt\/lv\/wp-json\/wp\/v2\/product\/47245","targetHints":{"allow":["GET"]}}],"collection":[{"href":"https:\/\/toys.lt\/lv\/wp-json\/wp\/v2\/product"}],"about":[{"href":"https:\/\/toys.lt\/lv\/wp-json\/wp\/v2\/types\/product"}],"replies":[{"embeddable":true,"href":"https:\/\/toys.lt\/lv\/wp-json\/wp\/v2\/comments?post=47245"}],"version-history":[{"count":2,"href":"https:\/\/toys.lt\/lv\/wp-json\/wp\/v2\/product\/47245\/revisions"}],"predecessor-version":[{"id":48410,"href":"https:\/\/toys.lt\/lv\/wp-json\/wp\/v2\/product\/47245\/revisions\/48410"}],"wp:featuredmedia":[{"embeddable":true,"href":"https:\/\/toys.lt\/lv\/wp-json\/wp\/v2\/media\/47249"}],"wp:attachment":[{"href":"https:\/\/toys.lt\/lv\/wp-json\/wp\/v2\/media?parent=47245"}],"wp:term":[{"taxonomy":"product_brand","embeddable":true,"href":"https:\/\/toys.lt\/lv\/wp-json\/wp\/v2\/product_brand?post=47245"},{"taxonomy":"product_cat","embeddable":true,"href":"https:\/\/toys.lt\/lv\/wp-json\/wp\/v2\/product_cat?post=47245"},{"taxonomy":"product_tag","embeddable":true,"href":"https:\/\/toys.lt\/lv\/wp-json\/wp\/v2\/product_tag?post=47245"}],"curies":[{"name":"wp","href":"https:\/\/api.w.org\/{rel}","templated":true}]}}