{"id":47213,"date":"2025-11-30T19:00:04","date_gmt":"2025-11-30T19:00:04","guid":{"rendered":"https:\/\/toys.lt\/?post_type=product&#038;p=47213"},"modified":"2026-04-08T00:01:07","modified_gmt":"2026-04-08T00:01:07","slug":"rotallietu-garaza-kopija","status":"publish","type":"product","link":"https:\/\/toys.lt\/lv\/produktas\/rotallietu-garaza-kopija\/","title":{"rendered":"Ugunsdz\u0113s\u0113ju gar\u0101\u017eas komplekts ar met\u0101la ma\u0161\u012bn\u0101m"},"content":{"rendered":"<p data-start=\"283\" data-end=\"553\"><strong data-start=\"283\" data-end=\"320\">Ugunsdz\u0113s\u0113ju gar\u0101\u017eas sp\u0113\u013cu komplekts<\/strong> ir aizraujo\u0161a sp\u0113le b\u0113rniem, kur\u0101 vi\u0146i var veidot gl\u0101b\u0161anas scen\u0101rijus, braukt pa rampu, pacelt automa\u0161\u012bnas lifta pac\u0113l\u0101j\u0101 un izpild\u012bt ugunsdz\u0113s\u0113ju misijas. Komplekt\u0101 ir gaismas un ska\u0146as efekti, kas padara sp\u0113li v\u0113l re\u0101listisk\u0101ku. <\/p>\n<p data-start=\"555\" data-end=\"797\"><strong data-start=\"555\" data-end=\"599\">Komplekt\u0101 iek\u013caut\u0101s 3 met\u0101la ma\u0161\u012bnas<\/strong> ir iztur\u012bgas un piem\u0113rotas gan brauk\u0161anai aug\u0161up pa liftu, gan lejup pa \u012bpa\u0161o trasi. Gar\u0101\u017e\u0101 ir manu\u0101li darbin\u0101ms pac\u0113l\u0101js, ce\u013ca z\u012bmes un citi piederumi, lai att\u012bst\u012btu b\u0113rna izt\u0113li un motoriku. <\/p>\n<hr data-start=\"799\" data-end=\"802\">\n<h3 data-start=\"804\" data-end=\"825\"><strong data-start=\"808\" data-end=\"825\">Piln\u012bga<\/strong><\/h3>\n<ul data-start=\"826\" data-end=\"962\">\n<li data-start=\"826\" data-end=\"855\">\n<p data-start=\"828\" data-end=\"855\">Ugunsdz\u0113s\u0113ju stacijas 1. l\u012bme\u0146a gar\u0101\u017ea<\/p>\n<\/li>\n<li data-start=\"856\" data-end=\"889\">\n<p data-start=\"858\" data-end=\"889\">Manu\u0101li darbin\u0101ms lifts<\/p>\n<\/li>\n<li data-start=\"890\" data-end=\"925\">\n<p data-start=\"892\" data-end=\"925\">3 met\u0101la ugunsdz\u0113s\u0113ju ma\u0161\u012bnas<\/p>\n<\/li>\n<li data-start=\"926\" data-end=\"962\">\n<p data-start=\"928\" data-end=\"962\">Ce\u013ca z\u012bmes un citi piederumi<\/p>\n<\/li>\n<\/ul>\n<hr data-start=\"964\" data-end=\"967\">\n<h3 data-start=\"969\" data-end=\"984\"><strong data-start=\"973\" data-end=\"984\">Funkcijas<\/strong><\/h3>\n<ul data-start=\"985\" data-end=\"1182\">\n<li data-start=\"985\" data-end=\"1013\">\n<p data-start=\"987\" data-end=\"1013\">Gaismas un ska\u0146as efekti<\/p>\n<\/li>\n<li data-start=\"1014\" data-end=\"1048\">\n<p data-start=\"1016\" data-end=\"1048\">Met\u0101la ma\u0161\u012bnas (met\u0101la lie\u0161anas)<\/p>\n<\/li>\n<li data-start=\"1049\" data-end=\"1085\">\n<p data-start=\"1051\" data-end=\"1085\">Nolai\u0161an\u0101s trase un pacel\u0161an\u0101s pac\u0113lums<\/p>\n<\/li>\n<li data-start=\"1086\" data-end=\"1131\">\n<p data-start=\"1088\" data-end=\"1131\">Iztur\u012bgi plastmasas un met\u0101la elementi<\/p>\n<\/li>\n<li data-start=\"1132\" data-end=\"1182\">\n<p data-start=\"1134\" data-end=\"1182\">Stimul\u0113 izt\u0113li, motoriku un rota\u013c\u012bgu dom\u0101\u0161anu.<\/p>\n<\/li>\n<\/ul>\n<hr data-start=\"1184\" data-end=\"1187\">\n<h3 data-start=\"1189\" data-end=\"1211\"><strong data-start=\"1193\" data-end=\"1211\">Specifik\u0101cijas<\/strong><\/h3>\n<ul data-start=\"1212\" data-end=\"1462\">\n<li data-start=\"1212\" data-end=\"1268\">\n<p data-start=\"1214\" data-end=\"1268\"><strong data-start=\"1214\" data-end=\"1246\">Saloc\u012bt\u0101s gar\u0101\u017eas izm\u0113ri<\/strong>: 37 \u00d7 21,5 \u00d7 18,5 cm<\/p>\n<\/li>\n<li data-start=\"1269\" data-end=\"1338\">\n<p data-start=\"1271\" data-end=\"1338\"><strong data-start=\"1271\" data-end=\"1296\">Iepakojuma izm\u0113ri:<\/strong> 40,5 \u00d7 30 \u00d7 8,5 cm<\/p>\n<\/li>\n<li data-start=\"1339\" data-end=\"1390\">\n<p data-start=\"1341\" data-end=\"1390\"><strong data-start=\"1341\" data-end=\"1366\">Nepiecie\u0161am\u0101s baterijas:<\/strong> 2\u00d7 AA<\/p>\n<\/li>\n<li data-start=\"1391\" data-end=\"1433\">\n<p data-start=\"1393\" data-end=\"1433\"><strong data-start=\"1393\" data-end=\"1420\">Ieteicamais vecums:<\/strong> no 3 gadiem<\/p>\n<\/li>\n<li data-start=\"1434\" data-end=\"1462\">\n<p data-start=\"1436\" data-end=\"1462\"><strong data-start=\"1436\" data-end=\"1453\">Izcelsmes valsts:<\/strong> \u0136\u012bna<\/p>\n<\/li>\n<\/ul>\n<hr data-start=\"1464\" data-end=\"1467\">\n<h3 data-start=\"1469\" data-end=\"1494\"><strong data-start=\"1473\" data-end=\"1494\">Dro\u0161\u012bbas br\u012bdin\u0101jums<\/strong><\/h3>\n<p data-start=\"1495\" data-end=\"1581\">Nav piem\u0113rots b\u0113rniem l\u012bdz 3 gadu vecumam, jo maz\u0101s deta\u013cas var rad\u012bt aizr\u012b\u0161an\u0101s risku.<\/p>\n","protected":false},"excerpt":{"rendered":"<ul data-start=\"1212\" data-end=\"1462\">\n<li data-start=\"1212\" data-end=\"1268\">\n<p data-start=\"1214\" data-end=\"1268\"><strong data-start=\"1214\" data-end=\"1246\">Saloc\u012bt\u0101s gar\u0101\u017eas izm\u0113ri<\/strong>: 37 \u00d7 21,5 \u00d7 18,5 cm<\/p>\n<\/li>\n<li data-start=\"1269\" data-end=\"1338\">\n<p data-start=\"1271\" data-end=\"1338\"><strong data-start=\"1271\" data-end=\"1296\">Iepakojuma izm\u0113ri:<\/strong> 40,5 \u00d7 30 \u00d7 8,5 cm<\/p>\n<\/li>\n<li data-start=\"1339\" data-end=\"1390\">\n<p data-start=\"1341\" data-end=\"1390\"><strong data-start=\"1341\" data-end=\"1366\">Nepiecie\u0161am\u0101s baterijas:<\/strong> 2\u00d7 AA<\/p>\n<\/li>\n<li data-start=\"1391\" data-end=\"1433\">\n<p data-start=\"1393\" data-end=\"1433\"><strong data-start=\"1393\" data-end=\"1420\">Ieteicamais vecums:<\/strong> no 3 gadiem<\/p>\n<\/li>\n<li data-start=\"1434\" data-end=\"1462\">\n<p data-start=\"1436\" data-end=\"1462\"><strong data-start=\"1436\" data-end=\"1453\">Izcelsmes valsts:<\/strong> \u0136\u012bna<\/p>\n<\/li>\n<\/ul>\n","protected":false},"featured_media":47216,"comment_status":"open","ping_status":"closed","template":"","meta":[],"product_brand":[],"product_cat":[1176,1177],"product_tag":[],"class_list":{"0":"post-47213","1":"product","2":"type-product","3":"status-publish","4":"has-post-thumbnail","6":"product_cat-rotallietas-zeniem","7":"product_cat-rotalu-automasinas-traktori-un-kapurkedes","8":"pa_amziaus-grupe-3-lv","9":"pa_spalva-dazadi","11":"first","12":"instock","13":"sale","14":"taxable","15":"shipping-taxable","16":"purchasable","17":"product-type-simple"},"yoast_head":"<!-- This site is optimized with the Yoast SEO plugin v26.3 - https:\/\/yoast.com\/wordpress\/plugins\/seo\/ -->\n<title>Ugunsdz\u0113s\u0113ju gar\u0101\u017eas komplekts ar met\u0101la ma\u0161\u012bn\u0101m - Toys.lt<\/title>\n<meta name=\"description\" content=\"Ugunsdz\u0113s\u0113ju gar\u0101\u017eas komplekts ar 3 met\u0101la automa\u0161\u012bn\u0101m, gaism\u0101m un ska\u0146\u0101m. Ar liftu un slied\u0113m. Piem\u0113rots b\u0113rniem no 3 gadu vecuma.\" \/>\n<meta name=\"robots\" content=\"index, follow, max-snippet:-1, max-image-preview:large, max-video-preview:-1\" \/>\n<link rel=\"canonical\" href=\"https:\/\/toys.lt\/lv\/produktas\/rotallietu-garaza-kopija\/\" \/>\n<meta property=\"og:locale\" content=\"lv_LV\" \/>\n<meta property=\"og:type\" content=\"article\" \/>\n<meta property=\"og:title\" content=\"Ugunsdz\u0113s\u0113ju gar\u0101\u017eas komplekts ar met\u0101la ma\u0161\u012bn\u0101m - Toys.lt\" \/>\n<meta property=\"og:description\" content=\"Ugunsdz\u0113s\u0113ju gar\u0101\u017eas komplekts ar 3 met\u0101la automa\u0161\u012bn\u0101m, gaism\u0101m un ska\u0146\u0101m. Ar liftu un slied\u0113m. Piem\u0113rots b\u0113rniem no 3 gadu vecuma.\" \/>\n<meta property=\"og:url\" content=\"https:\/\/toys.lt\/lv\/produktas\/rotallietu-garaza-kopija\/\" \/>\n<meta property=\"og:site_name\" content=\"Toys.lt\" \/>\n<meta property=\"article:modified_time\" content=\"2026-04-08T00:01:07+00:00\" \/>\n<meta property=\"og:image\" content=\"https:\/\/toys.lt\/wp-content\/uploads\/2025\/11\/Gemini_Generated_Image_ue0dbque0dbque0d.png\" \/>\n\t<meta property=\"og:image:width\" content=\"1344\" \/>\n\t<meta property=\"og:image:height\" content=\"768\" \/>\n\t<meta property=\"og:image:type\" content=\"image\/png\" \/>\n<meta name=\"twitter:card\" content=\"summary_large_image\" \/>\n<meta name=\"twitter:label1\" content=\"Est. reading time\" \/>\n\t<meta name=\"twitter:data1\" content=\"1 minute\" \/>\n<script type=\"application\/ld+json\" class=\"yoast-schema-graph\">{\"@context\":\"https:\/\/schema.org\",\"@graph\":[{\"@type\":\"WebPage\",\"@id\":\"https:\/\/toys.lt\/lv\/produktas\/rotallietu-garaza-kopija\/\",\"url\":\"https:\/\/toys.lt\/lv\/produktas\/rotallietu-garaza-kopija\/\",\"name\":\"Ugunsdz\u0113s\u0113ju gar\u0101\u017eas komplekts ar met\u0101la ma\u0161\u012bn\u0101m - Toys.lt\",\"isPartOf\":{\"@id\":\"https:\/\/toys.lt\/lv\/#website\"},\"primaryImageOfPage\":{\"@id\":\"https:\/\/toys.lt\/lv\/produktas\/rotallietu-garaza-kopija\/#primaryimage\"},\"image\":{\"@id\":\"https:\/\/toys.lt\/lv\/produktas\/rotallietu-garaza-kopija\/#primaryimage\"},\"thumbnailUrl\":\"https:\/\/toys.lt\/wp-content\/uploads\/2025\/11\/Gemini_Generated_Image_ue0dbque0dbque0d.png\",\"datePublished\":\"2025-11-30T19:00:04+00:00\",\"dateModified\":\"2026-04-08T00:01:07+00:00\",\"description\":\"Ugunsdz\u0113s\u0113ju gar\u0101\u017eas komplekts ar 3 met\u0101la automa\u0161\u012bn\u0101m, gaism\u0101m un ska\u0146\u0101m. Ar liftu un slied\u0113m. Piem\u0113rots b\u0113rniem no 3 gadu vecuma.\",\"breadcrumb\":{\"@id\":\"https:\/\/toys.lt\/lv\/produktas\/rotallietu-garaza-kopija\/#breadcrumb\"},\"inLanguage\":\"lv-LV\",\"potentialAction\":[{\"@type\":\"ReadAction\",\"target\":[\"https:\/\/toys.lt\/lv\/produktas\/rotallietu-garaza-kopija\/\"]}]},{\"@type\":\"ImageObject\",\"inLanguage\":\"lv-LV\",\"@id\":\"https:\/\/toys.lt\/lv\/produktas\/rotallietu-garaza-kopija\/#primaryimage\",\"url\":\"https:\/\/toys.lt\/wp-content\/uploads\/2025\/11\/Gemini_Generated_Image_ue0dbque0dbque0d.png\",\"contentUrl\":\"https:\/\/toys.lt\/wp-content\/uploads\/2025\/11\/Gemini_Generated_Image_ue0dbque0dbque0d.png\",\"width\":1344,\"height\":768,\"caption\":\"Vieno auk\u0161to gaisrin\u0117s gara\u017eo \u017eaidim\u0173 rinkinys su rampe, \u0161viesomis ir garsais, trimis gaisrin\u0117mis ma\u0161in\u0117l\u0117mis ir gara\u017eo matmenimis.\"},{\"@type\":\"BreadcrumbList\",\"@id\":\"https:\/\/toys.lt\/lv\/produktas\/rotallietu-garaza-kopija\/#breadcrumb\",\"itemListElement\":[{\"@type\":\"ListItem\",\"position\":1,\"name\":\"Home\",\"item\":\"https:\/\/toys.lt\/lv\/\"},{\"@type\":\"ListItem\",\"position\":2,\"name\":\"Veikals\",\"item\":\"https:\/\/toys.lt\/lv\/shop\/\"},{\"@type\":\"ListItem\",\"position\":3,\"name\":\"Ugunsdz\u0113s\u0113ju gar\u0101\u017eas komplekts ar met\u0101la ma\u0161\u012bn\u0101m\"}]},{\"@type\":\"WebSite\",\"@id\":\"https:\/\/toys.lt\/lv\/#website\",\"url\":\"https:\/\/toys.lt\/lv\/\",\"name\":\"Toys.lt\",\"description\":\"\",\"potentialAction\":[{\"@type\":\"SearchAction\",\"target\":{\"@type\":\"EntryPoint\",\"urlTemplate\":\"https:\/\/toys.lt\/lv\/?s={search_term_string}\"},\"query-input\":{\"@type\":\"PropertyValueSpecification\",\"valueRequired\":true,\"valueName\":\"search_term_string\"}}],\"inLanguage\":\"lv-LV\"}]}<\/script>\n<!-- \/ Yoast SEO plugin. -->","yoast_head_json":{"title":"Ugunsdz\u0113s\u0113ju gar\u0101\u017eas komplekts ar met\u0101la ma\u0161\u012bn\u0101m - Toys.lt","description":"Ugunsdz\u0113s\u0113ju gar\u0101\u017eas komplekts ar 3 met\u0101la automa\u0161\u012bn\u0101m, gaism\u0101m un ska\u0146\u0101m. Ar liftu un slied\u0113m. Piem\u0113rots b\u0113rniem no 3 gadu vecuma.","robots":{"index":"index","follow":"follow","max-snippet":"max-snippet:-1","max-image-preview":"max-image-preview:large","max-video-preview":"max-video-preview:-1"},"canonical":"https:\/\/toys.lt\/lv\/produktas\/rotallietu-garaza-kopija\/","og_locale":"lv_LV","og_type":"article","og_title":"Ugunsdz\u0113s\u0113ju gar\u0101\u017eas komplekts ar met\u0101la ma\u0161\u012bn\u0101m - Toys.lt","og_description":"Ugunsdz\u0113s\u0113ju gar\u0101\u017eas komplekts ar 3 met\u0101la automa\u0161\u012bn\u0101m, gaism\u0101m un ska\u0146\u0101m. Ar liftu un slied\u0113m. Piem\u0113rots b\u0113rniem no 3 gadu vecuma.","og_url":"https:\/\/toys.lt\/lv\/produktas\/rotallietu-garaza-kopija\/","og_site_name":"Toys.lt","article_modified_time":"2026-04-08T00:01:07+00:00","og_image":[{"width":1344,"height":768,"url":"https:\/\/toys.lt\/wp-content\/uploads\/2025\/11\/Gemini_Generated_Image_ue0dbque0dbque0d.png","type":"image\/png"}],"twitter_card":"summary_large_image","twitter_misc":{"Est. reading time":"1 minute"},"schema":{"@context":"https:\/\/schema.org","@graph":[{"@type":"WebPage","@id":"https:\/\/toys.lt\/lv\/produktas\/rotallietu-garaza-kopija\/","url":"https:\/\/toys.lt\/lv\/produktas\/rotallietu-garaza-kopija\/","name":"Ugunsdz\u0113s\u0113ju gar\u0101\u017eas komplekts ar met\u0101la ma\u0161\u012bn\u0101m - Toys.lt","isPartOf":{"@id":"https:\/\/toys.lt\/lv\/#website"},"primaryImageOfPage":{"@id":"https:\/\/toys.lt\/lv\/produktas\/rotallietu-garaza-kopija\/#primaryimage"},"image":{"@id":"https:\/\/toys.lt\/lv\/produktas\/rotallietu-garaza-kopija\/#primaryimage"},"thumbnailUrl":"https:\/\/toys.lt\/wp-content\/uploads\/2025\/11\/Gemini_Generated_Image_ue0dbque0dbque0d.png","datePublished":"2025-11-30T19:00:04+00:00","dateModified":"2026-04-08T00:01:07+00:00","description":"Ugunsdz\u0113s\u0113ju gar\u0101\u017eas komplekts ar 3 met\u0101la automa\u0161\u012bn\u0101m, gaism\u0101m un ska\u0146\u0101m. Ar liftu un slied\u0113m. Piem\u0113rots b\u0113rniem no 3 gadu vecuma.","breadcrumb":{"@id":"https:\/\/toys.lt\/lv\/produktas\/rotallietu-garaza-kopija\/#breadcrumb"},"inLanguage":"lv-LV","potentialAction":[{"@type":"ReadAction","target":["https:\/\/toys.lt\/lv\/produktas\/rotallietu-garaza-kopija\/"]}]},{"@type":"ImageObject","inLanguage":"lv-LV","@id":"https:\/\/toys.lt\/lv\/produktas\/rotallietu-garaza-kopija\/#primaryimage","url":"https:\/\/toys.lt\/wp-content\/uploads\/2025\/11\/Gemini_Generated_Image_ue0dbque0dbque0d.png","contentUrl":"https:\/\/toys.lt\/wp-content\/uploads\/2025\/11\/Gemini_Generated_Image_ue0dbque0dbque0d.png","width":1344,"height":768,"caption":"Vieno auk\u0161to gaisrin\u0117s gara\u017eo \u017eaidim\u0173 rinkinys su rampe, \u0161viesomis ir garsais, trimis gaisrin\u0117mis ma\u0161in\u0117l\u0117mis ir gara\u017eo matmenimis."},{"@type":"BreadcrumbList","@id":"https:\/\/toys.lt\/lv\/produktas\/rotallietu-garaza-kopija\/#breadcrumb","itemListElement":[{"@type":"ListItem","position":1,"name":"Home","item":"https:\/\/toys.lt\/lv\/"},{"@type":"ListItem","position":2,"name":"Veikals","item":"https:\/\/toys.lt\/lv\/shop\/"},{"@type":"ListItem","position":3,"name":"Ugunsdz\u0113s\u0113ju gar\u0101\u017eas komplekts ar met\u0101la ma\u0161\u012bn\u0101m"}]},{"@type":"WebSite","@id":"https:\/\/toys.lt\/lv\/#website","url":"https:\/\/toys.lt\/lv\/","name":"Toys.lt","description":"","potentialAction":[{"@type":"SearchAction","target":{"@type":"EntryPoint","urlTemplate":"https:\/\/toys.lt\/lv\/?s={search_term_string}"},"query-input":{"@type":"PropertyValueSpecification","valueRequired":true,"valueName":"search_term_string"}}],"inLanguage":"lv-LV"}]}},"_links":{"self":[{"href":"https:\/\/toys.lt\/lv\/wp-json\/wp\/v2\/product\/47213","targetHints":{"allow":["GET"]}}],"collection":[{"href":"https:\/\/toys.lt\/lv\/wp-json\/wp\/v2\/product"}],"about":[{"href":"https:\/\/toys.lt\/lv\/wp-json\/wp\/v2\/types\/product"}],"replies":[{"embeddable":true,"href":"https:\/\/toys.lt\/lv\/wp-json\/wp\/v2\/comments?post=47213"}],"version-history":[{"count":2,"href":"https:\/\/toys.lt\/lv\/wp-json\/wp\/v2\/product\/47213\/revisions"}],"predecessor-version":[{"id":48365,"href":"https:\/\/toys.lt\/lv\/wp-json\/wp\/v2\/product\/47213\/revisions\/48365"}],"wp:featuredmedia":[{"embeddable":true,"href":"https:\/\/toys.lt\/lv\/wp-json\/wp\/v2\/media\/47216"}],"wp:attachment":[{"href":"https:\/\/toys.lt\/lv\/wp-json\/wp\/v2\/media?parent=47213"}],"wp:term":[{"taxonomy":"product_brand","embeddable":true,"href":"https:\/\/toys.lt\/lv\/wp-json\/wp\/v2\/product_brand?post=47213"},{"taxonomy":"product_cat","embeddable":true,"href":"https:\/\/toys.lt\/lv\/wp-json\/wp\/v2\/product_cat?post=47213"},{"taxonomy":"product_tag","embeddable":true,"href":"https:\/\/toys.lt\/lv\/wp-json\/wp\/v2\/product_tag?post=47213"}],"curies":[{"name":"wp","href":"https:\/\/api.w.org\/{rel}","templated":true}]}}