{"id":47146,"date":"2025-11-28T02:55:52","date_gmt":"2025-11-28T02:55:52","guid":{"rendered":"https:\/\/toys.lt\/?post_type=product&#038;p=47146"},"modified":"2026-04-08T00:01:08","modified_gmt":"2026-04-08T00:01:08","slug":"r-b-vadama-masina-kopija-kopija","status":"publish","type":"product","link":"https:\/\/toys.lt\/lv\/produktas\/r-b-vadama-masina-kopija-kopija\/","title":{"rendered":"R\/B vad\u0101ma betona kravas automa\u0161\u012bna ar gaism\u0101m un ska\u0146\u0101m"},"content":{"rendered":"<p data-start=\"304\" data-end=\"624\">Ar radio vad\u0101m\u0101 betona kravas automa\u0161\u012bna liks b\u0113rniem aizraut\u012bgi sp\u0113l\u0113ties! Transportl\u012bdzeklis p\u0101rvietojas visos virzienos, tam ir spilgtas gaismas un re\u0101listiskas ska\u0146as, bet rot\u0113jo\u0161ais mais\u012bt\u0101js pie\u0161\u0137ir sp\u0113lei v\u0113l liel\u0101ku funkcionalit\u0101ti. Vad\u012bbas panelis ir \u0113rts un viegli lietojams, t\u0101p\u0113c ar \u0161o rota\u013clietu dro\u0161i var sp\u0113l\u0113ties ar\u012b maz\u0101ki b\u0113rni.  <\/p>\n<p data-start=\"626\" data-end=\"638\"><strong data-start=\"626\" data-end=\"638\">Funkcijas:<\/strong><\/p>\n<ul data-start=\"639\" data-end=\"951\">\n<li data-start=\"639\" data-end=\"670\">\n<p data-start=\"641\" data-end=\"670\">Radio vad\u0101mie (R\/B)<\/p>\n<\/li>\n<li data-start=\"671\" data-end=\"712\">\n<p data-start=\"673\" data-end=\"712\">P\u0101rvietojas uz priek\u0161u, atpaka\u013c, pa kreisi un pa labi.<\/p>\n<\/li>\n<li data-start=\"713\" data-end=\"734\">\n<p data-start=\"715\" data-end=\"734\">Gaismas un ska\u0146as<\/p>\n<\/li>\n<li data-start=\"735\" data-end=\"768\">\n<p data-start=\"737\" data-end=\"768\">Vienk\u0101r\u0161a un \u0113rta lieto\u0161ana<\/p>\n<\/li>\n<li data-start=\"769\" data-end=\"809\">\n<p data-start=\"771\" data-end=\"809\">Ma\u0161\u012bnas izm\u0113rs: <strong data-start=\"786\" data-end=\"807\">30,5 \u00d7 10 \u00d7 15 cm<\/strong><\/p>\n<\/li>\n<li data-start=\"810\" data-end=\"849\">\n<p data-start=\"812\" data-end=\"849\">Iepakojuma izm\u0113rs: <strong data-start=\"828\" data-end=\"847\">41 \u00d7 12 \u00d7 17 cm<\/strong><\/p>\n<\/li>\n<li data-start=\"850\" data-end=\"892\">\n<p data-start=\"852\" data-end=\"892\">Ieteicamais vecums: <strong data-start=\"876\" data-end=\"890\">no 3 gadiem<\/strong><\/p>\n<\/li>\n<li data-start=\"893\" data-end=\"951\">\n<p data-start=\"895\" data-end=\"951\">Nepiecie\u0161am\u0101s baterijas: <strong data-start=\"917\" data-end=\"933\">4\u00d7AA ier\u012bcei<\/strong> + <strong data-start=\"936\" data-end=\"951\">2\u00d7AA t\u0101lvad\u012bbas pults<\/strong>.<\/p>\n<\/li>\n<\/ul>\n","protected":false},"excerpt":{"rendered":"<ul data-start=\"639\" data-end=\"951\">\n<li data-start=\"769\" data-end=\"809\">\n<p data-start=\"771\" data-end=\"809\">Ma\u0161\u012bnas izm\u0113rs: <strong data-start=\"786\" data-end=\"807\">30,5 \u00d7 10 \u00d7 15 cm<\/strong><\/p>\n<\/li>\n<li data-start=\"810\" data-end=\"849\">\n<p data-start=\"812\" data-end=\"849\">Iepakojuma izm\u0113rs: <strong data-start=\"828\" data-end=\"847\">41 \u00d7 12 \u00d7 17 cm<\/strong><\/p>\n<\/li>\n<li data-start=\"850\" data-end=\"892\">\n<p data-start=\"852\" data-end=\"892\">Ieteicamais vecums: <strong data-start=\"876\" data-end=\"890\">no 3 gadiem<\/strong><\/p>\n<\/li>\n<li data-start=\"893\" data-end=\"951\">\n<p data-start=\"895\" data-end=\"951\">Nepiecie\u0161am\u0101s baterijas: <strong data-start=\"917\" data-end=\"933\">4\u00d7AA ier\u012bcei<\/strong> + <strong data-start=\"936\" data-end=\"951\">2\u00d7AA t\u0101lvad\u012bbas pults<\/strong>.<\/p>\n<\/li>\n<li data-start=\"893\" data-end=\"951\">Izcelsmes valsts: \u0136\u012bna<\/li>\n<\/ul>\n","protected":false},"featured_media":47148,"comment_status":"open","ping_status":"closed","template":"","meta":[],"product_brand":[],"product_cat":[1176,1160,1155],"product_tag":[],"class_list":{"0":"post-47146","1":"product","2":"type-product","3":"status-publish","4":"has-post-thumbnail","6":"product_cat-rotallietas-zeniem","7":"product_cat-kontroletas-rotallietas","8":"product_cat-leti","9":"pa_amziaus-grupe-3-lv","10":"pa_prek-s-tipas-automasinas","12":"first","13":"instock","14":"sale","15":"taxable","16":"shipping-taxable","17":"purchasable","18":"product-type-simple"},"yoast_head":"<!-- This site is optimized with the Yoast SEO plugin v26.3 - https:\/\/yoast.com\/wordpress\/plugins\/seo\/ -->\n<title>R\/B vad\u0101ma betona kravas automa\u0161\u012bna ar gaism\u0101m un ska\u0146\u0101m - Toys.lt<\/title>\n<meta name=\"description\" content=\"Radio vad\u0101ma betona kravas automa\u0161\u012bna ar gaism\u0101m un ska\u0146\u0101m. Kustas visos virzienos, mais\u012bt\u0101js grie\u017eas. Ide\u0101la rota\u013clieta b\u0113rniem no 3 gadu vecuma.\" \/>\n<meta name=\"robots\" content=\"index, follow, max-snippet:-1, max-image-preview:large, max-video-preview:-1\" \/>\n<link rel=\"canonical\" href=\"https:\/\/toys.lt\/lv\/produktas\/r-b-vadama-masina-kopija-kopija\/\" \/>\n<meta property=\"og:locale\" content=\"lv_LV\" \/>\n<meta property=\"og:type\" content=\"article\" \/>\n<meta property=\"og:title\" content=\"R\/B vad\u0101ma betona kravas automa\u0161\u012bna ar gaism\u0101m un ska\u0146\u0101m - Toys.lt\" \/>\n<meta property=\"og:description\" content=\"Radio vad\u0101ma betona kravas automa\u0161\u012bna ar gaism\u0101m un ska\u0146\u0101m. Kustas visos virzienos, mais\u012bt\u0101js grie\u017eas. Ide\u0101la rota\u013clieta b\u0113rniem no 3 gadu vecuma.\" \/>\n<meta property=\"og:url\" content=\"https:\/\/toys.lt\/lv\/produktas\/r-b-vadama-masina-kopija-kopija\/\" \/>\n<meta property=\"og:site_name\" content=\"Toys.lt\" \/>\n<meta property=\"article:modified_time\" content=\"2026-04-08T00:01:08+00:00\" \/>\n<meta property=\"og:image\" content=\"https:\/\/toys.lt\/wp-content\/uploads\/2025\/11\/SH091-511-betonvezis.jpg\" \/>\n\t<meta property=\"og:image:width\" content=\"1890\" \/>\n\t<meta property=\"og:image:height\" content=\"1890\" \/>\n\t<meta property=\"og:image:type\" content=\"image\/jpeg\" \/>\n<meta name=\"twitter:card\" content=\"summary_large_image\" \/>\n<meta name=\"twitter:label1\" content=\"Est. reading time\" \/>\n\t<meta name=\"twitter:data1\" content=\"1 minute\" \/>\n<script type=\"application\/ld+json\" class=\"yoast-schema-graph\">{\"@context\":\"https:\/\/schema.org\",\"@graph\":[{\"@type\":\"WebPage\",\"@id\":\"https:\/\/toys.lt\/lv\/produktas\/r-b-vadama-masina-kopija-kopija\/\",\"url\":\"https:\/\/toys.lt\/lv\/produktas\/r-b-vadama-masina-kopija-kopija\/\",\"name\":\"R\/B vad\u0101ma betona kravas automa\u0161\u012bna ar gaism\u0101m un ska\u0146\u0101m - Toys.lt\",\"isPartOf\":{\"@id\":\"https:\/\/toys.lt\/lv\/#website\"},\"primaryImageOfPage\":{\"@id\":\"https:\/\/toys.lt\/lv\/produktas\/r-b-vadama-masina-kopija-kopija\/#primaryimage\"},\"image\":{\"@id\":\"https:\/\/toys.lt\/lv\/produktas\/r-b-vadama-masina-kopija-kopija\/#primaryimage\"},\"thumbnailUrl\":\"https:\/\/toys.lt\/wp-content\/uploads\/2025\/11\/SH091-511-betonvezis.jpg\",\"datePublished\":\"2025-11-28T02:55:52+00:00\",\"dateModified\":\"2026-04-08T00:01:08+00:00\",\"description\":\"Radio vad\u0101ma betona kravas automa\u0161\u012bna ar gaism\u0101m un ska\u0146\u0101m. Kustas visos virzienos, mais\u012bt\u0101js grie\u017eas. Ide\u0101la rota\u013clieta b\u0113rniem no 3 gadu vecuma.\",\"breadcrumb\":{\"@id\":\"https:\/\/toys.lt\/lv\/produktas\/r-b-vadama-masina-kopija-kopija\/#breadcrumb\"},\"inLanguage\":\"lv-LV\",\"potentialAction\":[{\"@type\":\"ReadAction\",\"target\":[\"https:\/\/toys.lt\/lv\/produktas\/r-b-vadama-masina-kopija-kopija\/\"]}]},{\"@type\":\"ImageObject\",\"inLanguage\":\"lv-LV\",\"@id\":\"https:\/\/toys.lt\/lv\/produktas\/r-b-vadama-masina-kopija-kopija\/#primaryimage\",\"url\":\"https:\/\/toys.lt\/wp-content\/uploads\/2025\/11\/SH091-511-betonvezis.jpg\",\"contentUrl\":\"https:\/\/toys.lt\/wp-content\/uploads\/2025\/11\/SH091-511-betonvezis.jpg\",\"width\":1890,\"height\":1890,\"caption\":\"R\/B valdomas \u017eaislinis betonve\u017eis su \u0161viesomis ir garsais, 1:24 mastelis\"},{\"@type\":\"BreadcrumbList\",\"@id\":\"https:\/\/toys.lt\/lv\/produktas\/r-b-vadama-masina-kopija-kopija\/#breadcrumb\",\"itemListElement\":[{\"@type\":\"ListItem\",\"position\":1,\"name\":\"Home\",\"item\":\"https:\/\/toys.lt\/lv\/\"},{\"@type\":\"ListItem\",\"position\":2,\"name\":\"Veikals\",\"item\":\"https:\/\/toys.lt\/lv\/shop\/\"},{\"@type\":\"ListItem\",\"position\":3,\"name\":\"R\/B vad\u0101ma betona kravas automa\u0161\u012bna ar gaism\u0101m un ska\u0146\u0101m\"}]},{\"@type\":\"WebSite\",\"@id\":\"https:\/\/toys.lt\/lv\/#website\",\"url\":\"https:\/\/toys.lt\/lv\/\",\"name\":\"Toys.lt\",\"description\":\"\",\"potentialAction\":[{\"@type\":\"SearchAction\",\"target\":{\"@type\":\"EntryPoint\",\"urlTemplate\":\"https:\/\/toys.lt\/lv\/?s={search_term_string}\"},\"query-input\":{\"@type\":\"PropertyValueSpecification\",\"valueRequired\":true,\"valueName\":\"search_term_string\"}}],\"inLanguage\":\"lv-LV\"}]}<\/script>\n<!-- \/ Yoast SEO plugin. -->","yoast_head_json":{"title":"R\/B vad\u0101ma betona kravas automa\u0161\u012bna ar gaism\u0101m un ska\u0146\u0101m - Toys.lt","description":"Radio vad\u0101ma betona kravas automa\u0161\u012bna ar gaism\u0101m un ska\u0146\u0101m. Kustas visos virzienos, mais\u012bt\u0101js grie\u017eas. Ide\u0101la rota\u013clieta b\u0113rniem no 3 gadu vecuma.","robots":{"index":"index","follow":"follow","max-snippet":"max-snippet:-1","max-image-preview":"max-image-preview:large","max-video-preview":"max-video-preview:-1"},"canonical":"https:\/\/toys.lt\/lv\/produktas\/r-b-vadama-masina-kopija-kopija\/","og_locale":"lv_LV","og_type":"article","og_title":"R\/B vad\u0101ma betona kravas automa\u0161\u012bna ar gaism\u0101m un ska\u0146\u0101m - Toys.lt","og_description":"Radio vad\u0101ma betona kravas automa\u0161\u012bna ar gaism\u0101m un ska\u0146\u0101m. Kustas visos virzienos, mais\u012bt\u0101js grie\u017eas. Ide\u0101la rota\u013clieta b\u0113rniem no 3 gadu vecuma.","og_url":"https:\/\/toys.lt\/lv\/produktas\/r-b-vadama-masina-kopija-kopija\/","og_site_name":"Toys.lt","article_modified_time":"2026-04-08T00:01:08+00:00","og_image":[{"width":1890,"height":1890,"url":"https:\/\/toys.lt\/wp-content\/uploads\/2025\/11\/SH091-511-betonvezis.jpg","type":"image\/jpeg"}],"twitter_card":"summary_large_image","twitter_misc":{"Est. reading time":"1 minute"},"schema":{"@context":"https:\/\/schema.org","@graph":[{"@type":"WebPage","@id":"https:\/\/toys.lt\/lv\/produktas\/r-b-vadama-masina-kopija-kopija\/","url":"https:\/\/toys.lt\/lv\/produktas\/r-b-vadama-masina-kopija-kopija\/","name":"R\/B vad\u0101ma betona kravas automa\u0161\u012bna ar gaism\u0101m un ska\u0146\u0101m - Toys.lt","isPartOf":{"@id":"https:\/\/toys.lt\/lv\/#website"},"primaryImageOfPage":{"@id":"https:\/\/toys.lt\/lv\/produktas\/r-b-vadama-masina-kopija-kopija\/#primaryimage"},"image":{"@id":"https:\/\/toys.lt\/lv\/produktas\/r-b-vadama-masina-kopija-kopija\/#primaryimage"},"thumbnailUrl":"https:\/\/toys.lt\/wp-content\/uploads\/2025\/11\/SH091-511-betonvezis.jpg","datePublished":"2025-11-28T02:55:52+00:00","dateModified":"2026-04-08T00:01:08+00:00","description":"Radio vad\u0101ma betona kravas automa\u0161\u012bna ar gaism\u0101m un ska\u0146\u0101m. Kustas visos virzienos, mais\u012bt\u0101js grie\u017eas. Ide\u0101la rota\u013clieta b\u0113rniem no 3 gadu vecuma.","breadcrumb":{"@id":"https:\/\/toys.lt\/lv\/produktas\/r-b-vadama-masina-kopija-kopija\/#breadcrumb"},"inLanguage":"lv-LV","potentialAction":[{"@type":"ReadAction","target":["https:\/\/toys.lt\/lv\/produktas\/r-b-vadama-masina-kopija-kopija\/"]}]},{"@type":"ImageObject","inLanguage":"lv-LV","@id":"https:\/\/toys.lt\/lv\/produktas\/r-b-vadama-masina-kopija-kopija\/#primaryimage","url":"https:\/\/toys.lt\/wp-content\/uploads\/2025\/11\/SH091-511-betonvezis.jpg","contentUrl":"https:\/\/toys.lt\/wp-content\/uploads\/2025\/11\/SH091-511-betonvezis.jpg","width":1890,"height":1890,"caption":"R\/B valdomas \u017eaislinis betonve\u017eis su \u0161viesomis ir garsais, 1:24 mastelis"},{"@type":"BreadcrumbList","@id":"https:\/\/toys.lt\/lv\/produktas\/r-b-vadama-masina-kopija-kopija\/#breadcrumb","itemListElement":[{"@type":"ListItem","position":1,"name":"Home","item":"https:\/\/toys.lt\/lv\/"},{"@type":"ListItem","position":2,"name":"Veikals","item":"https:\/\/toys.lt\/lv\/shop\/"},{"@type":"ListItem","position":3,"name":"R\/B vad\u0101ma betona kravas automa\u0161\u012bna ar gaism\u0101m un ska\u0146\u0101m"}]},{"@type":"WebSite","@id":"https:\/\/toys.lt\/lv\/#website","url":"https:\/\/toys.lt\/lv\/","name":"Toys.lt","description":"","potentialAction":[{"@type":"SearchAction","target":{"@type":"EntryPoint","urlTemplate":"https:\/\/toys.lt\/lv\/?s={search_term_string}"},"query-input":{"@type":"PropertyValueSpecification","valueRequired":true,"valueName":"search_term_string"}}],"inLanguage":"lv-LV"}]}},"_links":{"self":[{"href":"https:\/\/toys.lt\/lv\/wp-json\/wp\/v2\/product\/47146","targetHints":{"allow":["GET"]}}],"collection":[{"href":"https:\/\/toys.lt\/lv\/wp-json\/wp\/v2\/product"}],"about":[{"href":"https:\/\/toys.lt\/lv\/wp-json\/wp\/v2\/types\/product"}],"replies":[{"embeddable":true,"href":"https:\/\/toys.lt\/lv\/wp-json\/wp\/v2\/comments?post=47146"}],"version-history":[{"count":2,"href":"https:\/\/toys.lt\/lv\/wp-json\/wp\/v2\/product\/47146\/revisions"}],"predecessor-version":[{"id":48364,"href":"https:\/\/toys.lt\/lv\/wp-json\/wp\/v2\/product\/47146\/revisions\/48364"}],"wp:featuredmedia":[{"embeddable":true,"href":"https:\/\/toys.lt\/lv\/wp-json\/wp\/v2\/media\/47148"}],"wp:attachment":[{"href":"https:\/\/toys.lt\/lv\/wp-json\/wp\/v2\/media?parent=47146"}],"wp:term":[{"taxonomy":"product_brand","embeddable":true,"href":"https:\/\/toys.lt\/lv\/wp-json\/wp\/v2\/product_brand?post=47146"},{"taxonomy":"product_cat","embeddable":true,"href":"https:\/\/toys.lt\/lv\/wp-json\/wp\/v2\/product_cat?post=47146"},{"taxonomy":"product_tag","embeddable":true,"href":"https:\/\/toys.lt\/lv\/wp-json\/wp\/v2\/product_tag?post=47146"}],"curies":[{"name":"wp","href":"https:\/\/api.w.org\/{rel}","templated":true}]}}