{"id":47141,"date":"2025-11-28T02:46:41","date_gmt":"2025-11-28T02:46:41","guid":{"rendered":"https:\/\/toys.lt\/?post_type=product&#038;p=47141"},"modified":"2026-04-08T00:01:08","modified_gmt":"2026-04-08T00:01:08","slug":"r-b-vadama-masina-kopija","status":"publish","type":"product","link":"https:\/\/toys.lt\/lv\/produktas\/r-b-vadama-masina-kopija\/","title":{"rendered":"R\/B vad\u0101ma atkritumu ma\u0161\u012bna ar gaism\u0101m un ska\u0146\u0101m"},"content":{"rendered":"<p data-start=\"304\" data-end=\"624\"><br data-start=\"318\" data-end=\"321\">Ar radio vad\u0101m\u0101 atkritumu sav\u0101c\u0113jma\u0161\u012bna b\u0113rniem sag\u0101d\u0101s daudz jautru un aizraujo\u0161u sp\u0113\u013cu! Transportl\u012bdzeklis p\u0101rvietojas visos virzienos, tam ir spilgtas gaismas un re\u0101listiskas ska\u0146as. Vad\u012bbas panelis ir \u0113rts un viegli lietojams pat jaun\u0101kiem b\u0113rniem. Ide\u0101la izv\u0113le akt\u012bv\u0101m un rado\u0161\u0101m rota\u013c\u0101m.   <\/p>\n<p data-start=\"626\" data-end=\"638\"><strong data-start=\"626\" data-end=\"638\">Funkcijas:<\/strong><\/p>\n<ul data-start=\"639\" data-end=\"951\">\n<li data-start=\"639\" data-end=\"670\">\n<p data-start=\"641\" data-end=\"670\">Radio vad\u0101mie (R\/B)<\/p>\n<\/li>\n<li data-start=\"671\" data-end=\"712\">\n<p data-start=\"673\" data-end=\"712\">P\u0101rvietojas uz priek\u0161u, atpaka\u013c, pa kreisi un pa labi.<\/p>\n<\/li>\n<li data-start=\"713\" data-end=\"734\">\n<p data-start=\"715\" data-end=\"734\">Gaismas un ska\u0146as<\/p>\n<\/li>\n<li data-start=\"735\" data-end=\"768\">\n<p data-start=\"737\" data-end=\"768\">Vienk\u0101r\u0161a un \u0113rta lieto\u0161ana<\/p>\n<\/li>\n<li data-start=\"769\" data-end=\"809\">\n<p data-start=\"771\" data-end=\"809\">Ma\u0161\u012bnas izm\u0113rs: <strong data-start=\"786\" data-end=\"807\">26,5 \u00d7 13 \u00d7 10 cm<\/strong><\/p>\n<\/li>\n<li data-start=\"810\" data-end=\"849\">\n<p data-start=\"812\" data-end=\"849\">Iepakojuma izm\u0113rs: <strong data-start=\"828\" data-end=\"847\">41 \u00d7 12 \u00d7 17 cm<\/strong><\/p>\n<\/li>\n<li data-start=\"850\" data-end=\"892\">\n<p data-start=\"852\" data-end=\"892\">Ieteicamais vecums: <strong data-start=\"876\" data-end=\"890\">no 3 gadiem<\/strong><\/p>\n<\/li>\n<li data-start=\"893\" data-end=\"951\">\n<p data-start=\"895\" data-end=\"951\">Nepiecie\u0161am\u0101s baterijas: <strong data-start=\"917\" data-end=\"933\">4\u00d7AA ier\u012bcei<\/strong> + <strong data-start=\"936\" data-end=\"951\">2\u00d7AA t\u0101lvad\u012bbas pults<\/strong>.<\/p>\n<\/li>\n<\/ul>\n","protected":false},"excerpt":{"rendered":"<ul data-start=\"639\" data-end=\"951\">\n<li data-start=\"769\" data-end=\"809\">\n<p data-start=\"771\" data-end=\"809\">Ma\u0161\u012bnas izm\u0113rs: <strong data-start=\"786\" data-end=\"807\">26,5 \u00d7 13 \u00d7 10 cm<\/strong><\/p>\n<\/li>\n<li data-start=\"810\" data-end=\"849\">\n<p data-start=\"812\" data-end=\"849\">Iepakojuma izm\u0113rs: <strong data-start=\"828\" data-end=\"847\">41 \u00d7 12 \u00d7 17 cm<\/strong><\/p>\n<\/li>\n<li data-start=\"850\" data-end=\"892\">\n<p data-start=\"852\" data-end=\"892\">Ieteicamais vecums: <strong data-start=\"876\" data-end=\"890\">no 3 gadiem<\/strong><\/p>\n<\/li>\n<li data-start=\"893\" data-end=\"951\">\n<p data-start=\"895\" data-end=\"951\">Nepiecie\u0161am\u0101s baterijas: <strong data-start=\"917\" data-end=\"933\">4\u00d7AA ier\u012bcei<\/strong> + <strong data-start=\"936\" data-end=\"951\">2\u00d7AA t\u0101lvad\u012bbas pults<\/strong>.<\/p>\n<\/li>\n<li data-start=\"893\" data-end=\"951\">Izcelsmes valsts: \u0136\u012bna<\/li>\n<\/ul>\n","protected":false},"featured_media":47143,"comment_status":"open","ping_status":"closed","template":"","meta":[],"product_brand":[],"product_cat":[1176,1160,1155],"product_tag":[],"class_list":{"0":"post-47141","1":"product","2":"type-product","3":"status-publish","4":"has-post-thumbnail","6":"product_cat-rotallietas-zeniem","7":"product_cat-kontroletas-rotallietas","8":"product_cat-leti","9":"pa_amziaus-grupe-3-lv","10":"pa_prek-s-tipas-automasinas","12":"first","13":"instock","14":"sale","15":"taxable","16":"shipping-taxable","17":"purchasable","18":"product-type-simple"},"yoast_head":"<!-- This site is optimized with the Yoast SEO plugin v26.3 - https:\/\/yoast.com\/wordpress\/plugins\/seo\/ -->\n<title>R\/B vad\u0101ma atkritumu ma\u0161\u012bna ar gaism\u0101m un ska\u0146\u0101m - Toys.lt<\/title>\n<meta name=\"description\" content=\"Radio vad\u0101m\u0101 atkritumu ma\u0161\u012bna p\u0101rvietojas visos virzienos, tai ir gaismas un ska\u0146as. Viegli vad\u0101ma, ide\u0101la rota\u013clieta b\u0113rniem no 3 gadu vecuma.\" \/>\n<meta name=\"robots\" content=\"index, follow, max-snippet:-1, max-image-preview:large, max-video-preview:-1\" \/>\n<link rel=\"canonical\" href=\"https:\/\/toys.lt\/lv\/produktas\/r-b-vadama-masina-kopija\/\" \/>\n<meta property=\"og:locale\" content=\"lv_LV\" \/>\n<meta property=\"og:type\" content=\"article\" \/>\n<meta property=\"og:title\" content=\"R\/B vad\u0101ma atkritumu ma\u0161\u012bna ar gaism\u0101m un ska\u0146\u0101m - Toys.lt\" \/>\n<meta property=\"og:description\" content=\"Radio vad\u0101m\u0101 atkritumu ma\u0161\u012bna p\u0101rvietojas visos virzienos, tai ir gaismas un ska\u0146as. Viegli vad\u0101ma, ide\u0101la rota\u013clieta b\u0113rniem no 3 gadu vecuma.\" \/>\n<meta property=\"og:url\" content=\"https:\/\/toys.lt\/lv\/produktas\/r-b-vadama-masina-kopija\/\" \/>\n<meta property=\"og:site_name\" content=\"Toys.lt\" \/>\n<meta property=\"article:modified_time\" content=\"2026-04-08T00:01:08+00:00\" \/>\n<meta property=\"og:image\" content=\"https:\/\/toys.lt\/wp-content\/uploads\/2025\/11\/SH0951-516-rb-valdoma-masina.jpg\" \/>\n\t<meta property=\"og:image:width\" content=\"1886\" \/>\n\t<meta property=\"og:image:height\" content=\"1890\" \/>\n\t<meta property=\"og:image:type\" content=\"image\/jpeg\" \/>\n<meta name=\"twitter:card\" content=\"summary_large_image\" \/>\n<meta name=\"twitter:label1\" content=\"Est. reading time\" \/>\n\t<meta name=\"twitter:data1\" content=\"1 minute\" \/>\n<script type=\"application\/ld+json\" class=\"yoast-schema-graph\">{\"@context\":\"https:\/\/schema.org\",\"@graph\":[{\"@type\":\"WebPage\",\"@id\":\"https:\/\/toys.lt\/lv\/produktas\/r-b-vadama-masina-kopija\/\",\"url\":\"https:\/\/toys.lt\/lv\/produktas\/r-b-vadama-masina-kopija\/\",\"name\":\"R\/B vad\u0101ma atkritumu ma\u0161\u012bna ar gaism\u0101m un ska\u0146\u0101m - Toys.lt\",\"isPartOf\":{\"@id\":\"https:\/\/toys.lt\/lv\/#website\"},\"primaryImageOfPage\":{\"@id\":\"https:\/\/toys.lt\/lv\/produktas\/r-b-vadama-masina-kopija\/#primaryimage\"},\"image\":{\"@id\":\"https:\/\/toys.lt\/lv\/produktas\/r-b-vadama-masina-kopija\/#primaryimage\"},\"thumbnailUrl\":\"https:\/\/toys.lt\/wp-content\/uploads\/2025\/11\/SH0951-516-rb-valdoma-masina.jpg\",\"datePublished\":\"2025-11-28T02:46:41+00:00\",\"dateModified\":\"2026-04-08T00:01:08+00:00\",\"description\":\"Radio vad\u0101m\u0101 atkritumu ma\u0161\u012bna p\u0101rvietojas visos virzienos, tai ir gaismas un ska\u0146as. Viegli vad\u0101ma, ide\u0101la rota\u013clieta b\u0113rniem no 3 gadu vecuma.\",\"breadcrumb\":{\"@id\":\"https:\/\/toys.lt\/lv\/produktas\/r-b-vadama-masina-kopija\/#breadcrumb\"},\"inLanguage\":\"lv-LV\",\"potentialAction\":[{\"@type\":\"ReadAction\",\"target\":[\"https:\/\/toys.lt\/lv\/produktas\/r-b-vadama-masina-kopija\/\"]}]},{\"@type\":\"ImageObject\",\"inLanguage\":\"lv-LV\",\"@id\":\"https:\/\/toys.lt\/lv\/produktas\/r-b-vadama-masina-kopija\/#primaryimage\",\"url\":\"https:\/\/toys.lt\/wp-content\/uploads\/2025\/11\/SH0951-516-rb-valdoma-masina.jpg\",\"contentUrl\":\"https:\/\/toys.lt\/wp-content\/uploads\/2025\/11\/SH0951-516-rb-valdoma-masina.jpg\",\"width\":1886,\"height\":1890,\"caption\":\"\u017daislinis radijo bangomis valdomas \u0161iuk\u0161liave\u017e\u0117s sunkve\u017eimis, parodytas su pakuote ir i\u0161matavimais.\"},{\"@type\":\"BreadcrumbList\",\"@id\":\"https:\/\/toys.lt\/lv\/produktas\/r-b-vadama-masina-kopija\/#breadcrumb\",\"itemListElement\":[{\"@type\":\"ListItem\",\"position\":1,\"name\":\"Home\",\"item\":\"https:\/\/toys.lt\/lv\/\"},{\"@type\":\"ListItem\",\"position\":2,\"name\":\"Veikals\",\"item\":\"https:\/\/toys.lt\/lv\/shop\/\"},{\"@type\":\"ListItem\",\"position\":3,\"name\":\"R\/B vad\u0101ma atkritumu ma\u0161\u012bna ar gaism\u0101m un ska\u0146\u0101m\"}]},{\"@type\":\"WebSite\",\"@id\":\"https:\/\/toys.lt\/lv\/#website\",\"url\":\"https:\/\/toys.lt\/lv\/\",\"name\":\"Toys.lt\",\"description\":\"\",\"potentialAction\":[{\"@type\":\"SearchAction\",\"target\":{\"@type\":\"EntryPoint\",\"urlTemplate\":\"https:\/\/toys.lt\/lv\/?s={search_term_string}\"},\"query-input\":{\"@type\":\"PropertyValueSpecification\",\"valueRequired\":true,\"valueName\":\"search_term_string\"}}],\"inLanguage\":\"lv-LV\"}]}<\/script>\n<!-- \/ Yoast SEO plugin. -->","yoast_head_json":{"title":"R\/B vad\u0101ma atkritumu ma\u0161\u012bna ar gaism\u0101m un ska\u0146\u0101m - Toys.lt","description":"Radio vad\u0101m\u0101 atkritumu ma\u0161\u012bna p\u0101rvietojas visos virzienos, tai ir gaismas un ska\u0146as. Viegli vad\u0101ma, ide\u0101la rota\u013clieta b\u0113rniem no 3 gadu vecuma.","robots":{"index":"index","follow":"follow","max-snippet":"max-snippet:-1","max-image-preview":"max-image-preview:large","max-video-preview":"max-video-preview:-1"},"canonical":"https:\/\/toys.lt\/lv\/produktas\/r-b-vadama-masina-kopija\/","og_locale":"lv_LV","og_type":"article","og_title":"R\/B vad\u0101ma atkritumu ma\u0161\u012bna ar gaism\u0101m un ska\u0146\u0101m - Toys.lt","og_description":"Radio vad\u0101m\u0101 atkritumu ma\u0161\u012bna p\u0101rvietojas visos virzienos, tai ir gaismas un ska\u0146as. Viegli vad\u0101ma, ide\u0101la rota\u013clieta b\u0113rniem no 3 gadu vecuma.","og_url":"https:\/\/toys.lt\/lv\/produktas\/r-b-vadama-masina-kopija\/","og_site_name":"Toys.lt","article_modified_time":"2026-04-08T00:01:08+00:00","og_image":[{"width":1886,"height":1890,"url":"https:\/\/toys.lt\/wp-content\/uploads\/2025\/11\/SH0951-516-rb-valdoma-masina.jpg","type":"image\/jpeg"}],"twitter_card":"summary_large_image","twitter_misc":{"Est. reading time":"1 minute"},"schema":{"@context":"https:\/\/schema.org","@graph":[{"@type":"WebPage","@id":"https:\/\/toys.lt\/lv\/produktas\/r-b-vadama-masina-kopija\/","url":"https:\/\/toys.lt\/lv\/produktas\/r-b-vadama-masina-kopija\/","name":"R\/B vad\u0101ma atkritumu ma\u0161\u012bna ar gaism\u0101m un ska\u0146\u0101m - Toys.lt","isPartOf":{"@id":"https:\/\/toys.lt\/lv\/#website"},"primaryImageOfPage":{"@id":"https:\/\/toys.lt\/lv\/produktas\/r-b-vadama-masina-kopija\/#primaryimage"},"image":{"@id":"https:\/\/toys.lt\/lv\/produktas\/r-b-vadama-masina-kopija\/#primaryimage"},"thumbnailUrl":"https:\/\/toys.lt\/wp-content\/uploads\/2025\/11\/SH0951-516-rb-valdoma-masina.jpg","datePublished":"2025-11-28T02:46:41+00:00","dateModified":"2026-04-08T00:01:08+00:00","description":"Radio vad\u0101m\u0101 atkritumu ma\u0161\u012bna p\u0101rvietojas visos virzienos, tai ir gaismas un ska\u0146as. Viegli vad\u0101ma, ide\u0101la rota\u013clieta b\u0113rniem no 3 gadu vecuma.","breadcrumb":{"@id":"https:\/\/toys.lt\/lv\/produktas\/r-b-vadama-masina-kopija\/#breadcrumb"},"inLanguage":"lv-LV","potentialAction":[{"@type":"ReadAction","target":["https:\/\/toys.lt\/lv\/produktas\/r-b-vadama-masina-kopija\/"]}]},{"@type":"ImageObject","inLanguage":"lv-LV","@id":"https:\/\/toys.lt\/lv\/produktas\/r-b-vadama-masina-kopija\/#primaryimage","url":"https:\/\/toys.lt\/wp-content\/uploads\/2025\/11\/SH0951-516-rb-valdoma-masina.jpg","contentUrl":"https:\/\/toys.lt\/wp-content\/uploads\/2025\/11\/SH0951-516-rb-valdoma-masina.jpg","width":1886,"height":1890,"caption":"\u017daislinis radijo bangomis valdomas \u0161iuk\u0161liave\u017e\u0117s sunkve\u017eimis, parodytas su pakuote ir i\u0161matavimais."},{"@type":"BreadcrumbList","@id":"https:\/\/toys.lt\/lv\/produktas\/r-b-vadama-masina-kopija\/#breadcrumb","itemListElement":[{"@type":"ListItem","position":1,"name":"Home","item":"https:\/\/toys.lt\/lv\/"},{"@type":"ListItem","position":2,"name":"Veikals","item":"https:\/\/toys.lt\/lv\/shop\/"},{"@type":"ListItem","position":3,"name":"R\/B vad\u0101ma atkritumu ma\u0161\u012bna ar gaism\u0101m un ska\u0146\u0101m"}]},{"@type":"WebSite","@id":"https:\/\/toys.lt\/lv\/#website","url":"https:\/\/toys.lt\/lv\/","name":"Toys.lt","description":"","potentialAction":[{"@type":"SearchAction","target":{"@type":"EntryPoint","urlTemplate":"https:\/\/toys.lt\/lv\/?s={search_term_string}"},"query-input":{"@type":"PropertyValueSpecification","valueRequired":true,"valueName":"search_term_string"}}],"inLanguage":"lv-LV"}]}},"_links":{"self":[{"href":"https:\/\/toys.lt\/lv\/wp-json\/wp\/v2\/product\/47141","targetHints":{"allow":["GET"]}}],"collection":[{"href":"https:\/\/toys.lt\/lv\/wp-json\/wp\/v2\/product"}],"about":[{"href":"https:\/\/toys.lt\/lv\/wp-json\/wp\/v2\/types\/product"}],"replies":[{"embeddable":true,"href":"https:\/\/toys.lt\/lv\/wp-json\/wp\/v2\/comments?post=47141"}],"version-history":[{"count":2,"href":"https:\/\/toys.lt\/lv\/wp-json\/wp\/v2\/product\/47141\/revisions"}],"predecessor-version":[{"id":48361,"href":"https:\/\/toys.lt\/lv\/wp-json\/wp\/v2\/product\/47141\/revisions\/48361"}],"wp:featuredmedia":[{"embeddable":true,"href":"https:\/\/toys.lt\/lv\/wp-json\/wp\/v2\/media\/47143"}],"wp:attachment":[{"href":"https:\/\/toys.lt\/lv\/wp-json\/wp\/v2\/media?parent=47141"}],"wp:term":[{"taxonomy":"product_brand","embeddable":true,"href":"https:\/\/toys.lt\/lv\/wp-json\/wp\/v2\/product_brand?post=47141"},{"taxonomy":"product_cat","embeddable":true,"href":"https:\/\/toys.lt\/lv\/wp-json\/wp\/v2\/product_cat?post=47141"},{"taxonomy":"product_tag","embeddable":true,"href":"https:\/\/toys.lt\/lv\/wp-json\/wp\/v2\/product_tag?post=47141"}],"curies":[{"name":"wp","href":"https:\/\/api.w.org\/{rel}","templated":true}]}}