{"id":47044,"date":"2025-11-26T16:11:02","date_gmt":"2025-11-26T16:11:02","guid":{"rendered":"https:\/\/toys.lt\/?post_type=product&#038;p=47044"},"modified":"2026-04-08T00:01:09","modified_gmt":"2026-04-08T00:01:09","slug":"clementoni-zimesanas-delis-baby-shark-kopija","status":"publish","type":"product","link":"https:\/\/toys.lt\/lv\/produktas\/clementoni-zimesanas-delis-baby-shark-kopija\/","title":{"rendered":"Izgaismota z\u012bm\u0113\u0161anas t\u0101fele ar trafaretiem"},"content":{"rendered":"<p data-start=\"1369\" data-end=\"1755\">Izgaismot\u0101 z\u012bm\u0113\u0161anas t\u0101fele ar trafaretiem ir rado\u0161s un jautrs komplekts b\u0113rniem, lai z\u012bm\u0113tu ar neona efektiem. Z\u012bm\u0113jumi sp\u012bd, kad t\u0101fele ir iesl\u0113gta, t\u0101p\u0113c b\u0113rni var rad\u012bt iespaid\u012bgus tums\u0101 mirdzo\u0161us att\u0113lus.<br data-start=\"1616\" data-end=\"1619\">Komplekt\u0101 iek\u013cautie trafareti atvieglo z\u012bm\u0113\u0161anu un att\u012bsta rokas precizit\u0101ti, un mar\u0137ieri ir \u012bpa\u0161i piel\u0101goti \u0161\u012bs t\u0101feles virsmai. <\/p>\n<p data-start=\"1757\" data-end=\"1975\">T\u0101fele veicina rado\u0161umu, s\u012bko motoriku un koncentr\u0113\u0161an\u0101s sp\u0113jas, t\u0101p\u0113c t\u0101 ir ide\u0101li piem\u0113rota b\u0113rniem, kuriem pat\u012bk z\u012bm\u0113t un rad\u012bt savus st\u0101stus. T\u0101 ir lieliska izv\u0113le ikdienas aktivit\u0101t\u0113m vai k\u0101 ori\u0123in\u0101la d\u0101vana. <\/p>\n<hr data-start=\"1977\" data-end=\"1980\">\n<h1 data-start=\"1982\" data-end=\"1997\"><strong data-start=\"1986\" data-end=\"1997\">\u2b50 Funkcijas<\/strong><\/h1>\n<ul data-start=\"1998\" data-end=\"2302\">\n<li data-start=\"1998\" data-end=\"2045\">\n<p data-start=\"2000\" data-end=\"2045\">Izgaismots ras\u0113\u0161anas d\u0113lis ar neona efektu<\/p>\n<\/li>\n<li data-start=\"2046\" data-end=\"2073\">\n<p data-start=\"2048\" data-end=\"2073\">Z\u012bm\u0113jumi sp\u012bd tums\u0101<\/p>\n<\/li>\n<li data-start=\"2074\" data-end=\"2104\">\n<p data-start=\"2076\" data-end=\"2104\">Komplekt\u0101 iek\u013cauti <strong data-start=\"2086\" data-end=\"2102\">6 trafareti<\/strong><\/p>\n<\/li>\n<li data-start=\"2105\" data-end=\"2143\">\n<p data-start=\"2107\" data-end=\"2143\">Komplekt\u0101 ietilpst <strong data-start=\"2117\" data-end=\"2141\">4 kr\u0101saini mar\u0137ieri<\/strong><\/p>\n<\/li>\n<li data-start=\"2144\" data-end=\"2180\">\n<p data-start=\"2146\" data-end=\"2180\">\u0112rts, viegli lietojams un t\u012br\u0101ms<\/p>\n<\/li>\n<li data-start=\"2181\" data-end=\"2230\">\n<p data-start=\"2183\" data-end=\"2230\">Att\u012bsta rado\u0161umu, motoriku un koncentr\u0113\u0161an\u0101s sp\u0113jas<\/p>\n<\/li>\n<li data-start=\"2231\" data-end=\"2267\">\n<p data-start=\"2233\" data-end=\"2267\">Piem\u0113rots ce\u013co\u0161anai un aktivit\u0101t\u0113m m\u0101j\u0101s<\/p>\n<\/li>\n<li data-start=\"2268\" data-end=\"2302\">\n<p data-start=\"2270\" data-end=\"2302\">dro\u0161i, netoksiski materi\u0101li<\/p>\n<\/li>\n<\/ul>\n<hr data-start=\"2304\" data-end=\"2307\">\n<h1 data-start=\"2309\" data-end=\"2338\">\ud83d\udd27 <strong data-start=\"2314\" data-end=\"2338\">Tehnisk\u0101 inform\u0101cija<\/strong><\/h1>\n<ul data-start=\"2339\" data-end=\"2595\">\n<li data-start=\"2339\" data-end=\"2381\">\n<p data-start=\"2341\" data-end=\"2381\">Izstr\u0101d\u0101juma izm\u0113ri: <strong data-start=\"2361\" data-end=\"2379\">35 \u00d7 20 \u00d7 3 cm<\/strong><\/p>\n<\/li>\n<li data-start=\"2382\" data-end=\"2426\">\n<p data-start=\"2384\" data-end=\"2426\">Iepakojuma izm\u0113ri: <strong data-start=\"2406\" data-end=\"2424\">39 \u00d7 29 \u00d7 6 cm<\/strong><\/p>\n<\/li>\n<li data-start=\"2427\" data-end=\"2450\">\n<p data-start=\"2429\" data-end=\"2450\">Svars: <strong data-start=\"2437\" data-end=\"2448\">0,7 kg<\/strong><\/p>\n<\/li>\n<li data-start=\"2451\" data-end=\"2502\">\n<p data-start=\"2453\" data-end=\"2502\">Baro\u0161ana: <strong data-start=\"2465\" data-end=\"2485\">3 \u00d7 AA baterijas<\/strong> (nav iek\u013cautas komplekt\u0101)<\/p>\n<\/li>\n<li data-start=\"2503\" data-end=\"2545\">\n<p data-start=\"2505\" data-end=\"2545\">Ieteicamais vecums: <strong data-start=\"2529\" data-end=\"2543\">no 3 gadiem<\/strong><\/p>\n<\/li>\n<li data-start=\"2546\" data-end=\"2595\">\n<p data-start=\"2548\" data-end=\"2595\">Komplekt\u0101 ietilpst: <strong data-start=\"2559\" data-end=\"2595\">t\u0101fele, 4 mar\u0137ieri, 6 trafareti<\/strong>.<\/p>\n<\/li>\n<\/ul>\n","protected":false},"excerpt":{"rendered":"<ul data-start=\"2339\" data-end=\"2595\">\n<li data-start=\"2339\" data-end=\"2381\">\n<p data-start=\"2341\" data-end=\"2381\">Izstr\u0101d\u0101juma izm\u0113ri: <strong data-start=\"2361\" data-end=\"2379\">35 \u00d7 20 \u00d7 3 cm<\/strong><\/p>\n<\/li>\n<li data-start=\"2382\" data-end=\"2426\">\n<p data-start=\"2384\" data-end=\"2426\">Iepakojuma izm\u0113ri: <strong data-start=\"2406\" data-end=\"2424\">39 \u00d7 29 \u00d7 6 cm<\/strong><\/p>\n<\/li>\n<li data-start=\"2427\" data-end=\"2450\">\n<p data-start=\"2429\" data-end=\"2450\">Svars: <strong data-start=\"2437\" data-end=\"2448\">~0,7 kg<\/strong><\/p>\n<\/li>\n<li data-start=\"2451\" data-end=\"2502\">\n<p data-start=\"2453\" data-end=\"2502\">Baro\u0161ana: <strong data-start=\"2465\" data-end=\"2485\">3 \u00d7 AA baterijas<\/strong> (nav iek\u013cautas komplekt\u0101)<\/p>\n<\/li>\n<li data-start=\"2503\" data-end=\"2545\">\n<p data-start=\"2505\" data-end=\"2545\">Ieteicamais vecums: <strong data-start=\"2529\" data-end=\"2543\">no 3 gadiem<\/strong><\/p>\n<\/li>\n<li data-start=\"2546\" data-end=\"2595\">\n<p data-start=\"2548\" data-end=\"2595\">Komplekt\u0101 ietilpst: <strong data-start=\"2559\" data-end=\"2595\">t\u0101fele, 4 mar\u0137ieri, 6 trafareti<\/strong>.<\/p>\n<\/li>\n<\/ul>\n","protected":false},"featured_media":47046,"comment_status":"open","ping_status":"closed","template":"","meta":[],"product_brand":[384],"product_cat":[1257,1180,1176,1157,1155],"product_tag":[],"class_list":{"0":"post-47044","1":"product","2":"type-product","3":"status-publish","4":"has-post-thumbnail","6":"product_brand-clementoni-2","7":"product_cat-rokdarbi-un-radosums","8":"product_cat-rotallietas-meitenem","9":"product_cat-rotallietas-zeniem","10":"product_cat-izglitojosas-un-interaktivas-rotallietas","11":"product_cat-leti","12":"pa_amziaus-grupe-3-lv","13":"pa_prek-s-tipas-zimesanas-deli","15":"first","16":"instock","17":"sale","18":"taxable","19":"shipping-taxable","20":"purchasable","21":"product-type-simple"},"yoast_head":"<!-- This site is optimized with the Yoast SEO plugin v26.3 - https:\/\/yoast.com\/wordpress\/plugins\/seo\/ -->\n<title>Izgaismota z\u012bm\u0113\u0161anas t\u0101fele ar trafaretiem - Toys.lt<\/title>\n<meta name=\"description\" content=\"Izgaismota z\u012bm\u0113\u0161anas t\u0101fele b\u0113rniem ar neona efektu, 4 mar\u0137ieri un 6 trafareti. Att\u012bsta rado\u0161umu un motoriku, lieliski piem\u0113rots d\u0101vanai.\" \/>\n<meta name=\"robots\" content=\"index, follow, max-snippet:-1, max-image-preview:large, max-video-preview:-1\" \/>\n<link rel=\"canonical\" href=\"https:\/\/toys.lt\/lv\/produktas\/clementoni-zimesanas-delis-baby-shark-kopija\/\" \/>\n<meta property=\"og:locale\" content=\"lv_LV\" \/>\n<meta property=\"og:type\" content=\"article\" \/>\n<meta property=\"og:title\" content=\"Izgaismota z\u012bm\u0113\u0161anas t\u0101fele ar trafaretiem - Toys.lt\" \/>\n<meta property=\"og:description\" content=\"Izgaismota z\u012bm\u0113\u0161anas t\u0101fele b\u0113rniem ar neona efektu, 4 mar\u0137ieri un 6 trafareti. Att\u012bsta rado\u0161umu un motoriku, lieliski piem\u0113rots d\u0101vanai.\" \/>\n<meta property=\"og:url\" content=\"https:\/\/toys.lt\/lv\/produktas\/clementoni-zimesanas-delis-baby-shark-kopija\/\" \/>\n<meta property=\"og:site_name\" content=\"Toys.lt\" \/>\n<meta property=\"article:modified_time\" content=\"2026-04-08T00:01:09+00:00\" \/>\n<meta property=\"og:image\" content=\"https:\/\/toys.lt\/wp-content\/uploads\/2025\/11\/lightbox_package.jpg\" \/>\n\t<meta property=\"og:image:width\" content=\"700\" \/>\n\t<meta property=\"og:image:height\" content=\"550\" \/>\n\t<meta property=\"og:image:type\" content=\"image\/jpeg\" \/>\n<meta name=\"twitter:card\" content=\"summary_large_image\" \/>\n<meta name=\"twitter:label1\" content=\"Est. reading time\" \/>\n\t<meta name=\"twitter:data1\" content=\"1 minute\" \/>\n<script type=\"application\/ld+json\" class=\"yoast-schema-graph\">{\"@context\":\"https:\/\/schema.org\",\"@graph\":[{\"@type\":\"WebPage\",\"@id\":\"https:\/\/toys.lt\/lv\/produktas\/clementoni-zimesanas-delis-baby-shark-kopija\/\",\"url\":\"https:\/\/toys.lt\/lv\/produktas\/clementoni-zimesanas-delis-baby-shark-kopija\/\",\"name\":\"Izgaismota z\u012bm\u0113\u0161anas t\u0101fele ar trafaretiem - Toys.lt\",\"isPartOf\":{\"@id\":\"https:\/\/toys.lt\/lv\/#website\"},\"primaryImageOfPage\":{\"@id\":\"https:\/\/toys.lt\/lv\/produktas\/clementoni-zimesanas-delis-baby-shark-kopija\/#primaryimage\"},\"image\":{\"@id\":\"https:\/\/toys.lt\/lv\/produktas\/clementoni-zimesanas-delis-baby-shark-kopija\/#primaryimage\"},\"thumbnailUrl\":\"https:\/\/toys.lt\/wp-content\/uploads\/2025\/11\/lightbox_package.jpg\",\"datePublished\":\"2025-11-26T16:11:02+00:00\",\"dateModified\":\"2026-04-08T00:01:09+00:00\",\"description\":\"Izgaismota z\u012bm\u0113\u0161anas t\u0101fele b\u0113rniem ar neona efektu, 4 mar\u0137ieri un 6 trafareti. Att\u012bsta rado\u0161umu un motoriku, lieliski piem\u0113rots d\u0101vanai.\",\"breadcrumb\":{\"@id\":\"https:\/\/toys.lt\/lv\/produktas\/clementoni-zimesanas-delis-baby-shark-kopija\/#breadcrumb\"},\"inLanguage\":\"lv-LV\",\"potentialAction\":[{\"@type\":\"ReadAction\",\"target\":[\"https:\/\/toys.lt\/lv\/produktas\/clementoni-zimesanas-delis-baby-shark-kopija\/\"]}]},{\"@type\":\"ImageObject\",\"inLanguage\":\"lv-LV\",\"@id\":\"https:\/\/toys.lt\/lv\/produktas\/clementoni-zimesanas-delis-baby-shark-kopija\/#primaryimage\",\"url\":\"https:\/\/toys.lt\/wp-content\/uploads\/2025\/11\/lightbox_package.jpg\",\"contentUrl\":\"https:\/\/toys.lt\/wp-content\/uploads\/2025\/11\/lightbox_package.jpg\",\"width\":700,\"height\":550,\"caption\":\"\u0160vie\u010dianti pie\u0161imo lenta \u2013 pakuot\u0117s nuotrauka\"},{\"@type\":\"BreadcrumbList\",\"@id\":\"https:\/\/toys.lt\/lv\/produktas\/clementoni-zimesanas-delis-baby-shark-kopija\/#breadcrumb\",\"itemListElement\":[{\"@type\":\"ListItem\",\"position\":1,\"name\":\"Home\",\"item\":\"https:\/\/toys.lt\/lv\/\"},{\"@type\":\"ListItem\",\"position\":2,\"name\":\"Veikals\",\"item\":\"https:\/\/toys.lt\/lv\/shop\/\"},{\"@type\":\"ListItem\",\"position\":3,\"name\":\"Izgaismota z\u012bm\u0113\u0161anas t\u0101fele ar trafaretiem\"}]},{\"@type\":\"WebSite\",\"@id\":\"https:\/\/toys.lt\/lv\/#website\",\"url\":\"https:\/\/toys.lt\/lv\/\",\"name\":\"Toys.lt\",\"description\":\"\",\"potentialAction\":[{\"@type\":\"SearchAction\",\"target\":{\"@type\":\"EntryPoint\",\"urlTemplate\":\"https:\/\/toys.lt\/lv\/?s={search_term_string}\"},\"query-input\":{\"@type\":\"PropertyValueSpecification\",\"valueRequired\":true,\"valueName\":\"search_term_string\"}}],\"inLanguage\":\"lv-LV\"}]}<\/script>\n<!-- \/ Yoast SEO plugin. -->","yoast_head_json":{"title":"Izgaismota z\u012bm\u0113\u0161anas t\u0101fele ar trafaretiem - Toys.lt","description":"Izgaismota z\u012bm\u0113\u0161anas t\u0101fele b\u0113rniem ar neona efektu, 4 mar\u0137ieri un 6 trafareti. Att\u012bsta rado\u0161umu un motoriku, lieliski piem\u0113rots d\u0101vanai.","robots":{"index":"index","follow":"follow","max-snippet":"max-snippet:-1","max-image-preview":"max-image-preview:large","max-video-preview":"max-video-preview:-1"},"canonical":"https:\/\/toys.lt\/lv\/produktas\/clementoni-zimesanas-delis-baby-shark-kopija\/","og_locale":"lv_LV","og_type":"article","og_title":"Izgaismota z\u012bm\u0113\u0161anas t\u0101fele ar trafaretiem - Toys.lt","og_description":"Izgaismota z\u012bm\u0113\u0161anas t\u0101fele b\u0113rniem ar neona efektu, 4 mar\u0137ieri un 6 trafareti. Att\u012bsta rado\u0161umu un motoriku, lieliski piem\u0113rots d\u0101vanai.","og_url":"https:\/\/toys.lt\/lv\/produktas\/clementoni-zimesanas-delis-baby-shark-kopija\/","og_site_name":"Toys.lt","article_modified_time":"2026-04-08T00:01:09+00:00","og_image":[{"width":700,"height":550,"url":"https:\/\/toys.lt\/wp-content\/uploads\/2025\/11\/lightbox_package.jpg","type":"image\/jpeg"}],"twitter_card":"summary_large_image","twitter_misc":{"Est. reading time":"1 minute"},"schema":{"@context":"https:\/\/schema.org","@graph":[{"@type":"WebPage","@id":"https:\/\/toys.lt\/lv\/produktas\/clementoni-zimesanas-delis-baby-shark-kopija\/","url":"https:\/\/toys.lt\/lv\/produktas\/clementoni-zimesanas-delis-baby-shark-kopija\/","name":"Izgaismota z\u012bm\u0113\u0161anas t\u0101fele ar trafaretiem - Toys.lt","isPartOf":{"@id":"https:\/\/toys.lt\/lv\/#website"},"primaryImageOfPage":{"@id":"https:\/\/toys.lt\/lv\/produktas\/clementoni-zimesanas-delis-baby-shark-kopija\/#primaryimage"},"image":{"@id":"https:\/\/toys.lt\/lv\/produktas\/clementoni-zimesanas-delis-baby-shark-kopija\/#primaryimage"},"thumbnailUrl":"https:\/\/toys.lt\/wp-content\/uploads\/2025\/11\/lightbox_package.jpg","datePublished":"2025-11-26T16:11:02+00:00","dateModified":"2026-04-08T00:01:09+00:00","description":"Izgaismota z\u012bm\u0113\u0161anas t\u0101fele b\u0113rniem ar neona efektu, 4 mar\u0137ieri un 6 trafareti. Att\u012bsta rado\u0161umu un motoriku, lieliski piem\u0113rots d\u0101vanai.","breadcrumb":{"@id":"https:\/\/toys.lt\/lv\/produktas\/clementoni-zimesanas-delis-baby-shark-kopija\/#breadcrumb"},"inLanguage":"lv-LV","potentialAction":[{"@type":"ReadAction","target":["https:\/\/toys.lt\/lv\/produktas\/clementoni-zimesanas-delis-baby-shark-kopija\/"]}]},{"@type":"ImageObject","inLanguage":"lv-LV","@id":"https:\/\/toys.lt\/lv\/produktas\/clementoni-zimesanas-delis-baby-shark-kopija\/#primaryimage","url":"https:\/\/toys.lt\/wp-content\/uploads\/2025\/11\/lightbox_package.jpg","contentUrl":"https:\/\/toys.lt\/wp-content\/uploads\/2025\/11\/lightbox_package.jpg","width":700,"height":550,"caption":"\u0160vie\u010dianti pie\u0161imo lenta \u2013 pakuot\u0117s nuotrauka"},{"@type":"BreadcrumbList","@id":"https:\/\/toys.lt\/lv\/produktas\/clementoni-zimesanas-delis-baby-shark-kopija\/#breadcrumb","itemListElement":[{"@type":"ListItem","position":1,"name":"Home","item":"https:\/\/toys.lt\/lv\/"},{"@type":"ListItem","position":2,"name":"Veikals","item":"https:\/\/toys.lt\/lv\/shop\/"},{"@type":"ListItem","position":3,"name":"Izgaismota z\u012bm\u0113\u0161anas t\u0101fele ar trafaretiem"}]},{"@type":"WebSite","@id":"https:\/\/toys.lt\/lv\/#website","url":"https:\/\/toys.lt\/lv\/","name":"Toys.lt","description":"","potentialAction":[{"@type":"SearchAction","target":{"@type":"EntryPoint","urlTemplate":"https:\/\/toys.lt\/lv\/?s={search_term_string}"},"query-input":{"@type":"PropertyValueSpecification","valueRequired":true,"valueName":"search_term_string"}}],"inLanguage":"lv-LV"}]}},"_links":{"self":[{"href":"https:\/\/toys.lt\/lv\/wp-json\/wp\/v2\/product\/47044","targetHints":{"allow":["GET"]}}],"collection":[{"href":"https:\/\/toys.lt\/lv\/wp-json\/wp\/v2\/product"}],"about":[{"href":"https:\/\/toys.lt\/lv\/wp-json\/wp\/v2\/types\/product"}],"replies":[{"embeddable":true,"href":"https:\/\/toys.lt\/lv\/wp-json\/wp\/v2\/comments?post=47044"}],"version-history":[{"count":2,"href":"https:\/\/toys.lt\/lv\/wp-json\/wp\/v2\/product\/47044\/revisions"}],"predecessor-version":[{"id":48362,"href":"https:\/\/toys.lt\/lv\/wp-json\/wp\/v2\/product\/47044\/revisions\/48362"}],"wp:featuredmedia":[{"embeddable":true,"href":"https:\/\/toys.lt\/lv\/wp-json\/wp\/v2\/media\/47046"}],"wp:attachment":[{"href":"https:\/\/toys.lt\/lv\/wp-json\/wp\/v2\/media?parent=47044"}],"wp:term":[{"taxonomy":"product_brand","embeddable":true,"href":"https:\/\/toys.lt\/lv\/wp-json\/wp\/v2\/product_brand?post=47044"},{"taxonomy":"product_cat","embeddable":true,"href":"https:\/\/toys.lt\/lv\/wp-json\/wp\/v2\/product_cat?post=47044"},{"taxonomy":"product_tag","embeddable":true,"href":"https:\/\/toys.lt\/lv\/wp-json\/wp\/v2\/product_tag?post=47044"}],"curies":[{"name":"wp","href":"https:\/\/api.w.org\/{rel}","templated":true}]}}