{"id":47005,"date":"2025-11-24T23:58:56","date_gmt":"2025-11-24T23:58:56","guid":{"rendered":"https:\/\/toys.lt\/?post_type=product&#038;p=47005"},"modified":"2026-04-08T00:01:10","modified_gmt":"2026-04-08T00:01:10","slug":"lellu-maja-ar-piederumiem-kopija-kopija","status":"publish","type":"product","link":"https:\/\/toys.lt\/lv\/produktas\/lellu-maja-ar-piederumiem-kopija-kopija\/","title":{"rendered":"Le\u013c\u013cu m\u0101ja ar ma\u0161\u012bnu &#8211; 176 gab."},"content":{"rendered":"<p data-start=\"240\" data-end=\"608\">Izveidojiet savu le\u013c\u013cu pasauli ar \u0161o lielo, divst\u0101vu saliekamo le\u013c\u013cu m\u0101ju ar automa\u0161\u012bnu. Tas ir piln\u012bgs rota\u013cu komplekts ar m\u0113bel\u0113m, aksesu\u0101riem, lell\u0113m, m\u0101jdz\u012bvniekiem, pagalma elementiem un daudz\u0101m interjera deta\u013c\u0101m. B\u0113rni var iek\u0101rtot istabas, b\u016bv\u0113t, p\u0101rb\u016bv\u0113t un rad\u012bt savus st\u0101stus &#8211; katra sp\u0113le k\u013c\u016bst par jaunu fant\u0101zijas piedz\u012bvojumu.  <\/p>\n<p data-start=\"610\" data-end=\"832\">Iztur\u012bga plastmasa un pla\u0161a rota\u013cu zona sniedz v\u0113l vair\u0101k iesp\u0113ju rado\u0161umam. T\u0101 ir lieliska izv\u0113le b\u0113rniem, kuriem pat\u012bk b\u016bv\u0113t, veidot ainas un izsp\u0113l\u0113t situ\u0101cijas, att\u012bstot vi\u0146u soci\u0101l\u0101s prasmes un izt\u0113li. <\/p>\n<hr data-start=\"834\" data-end=\"837\">\n<h1 data-start=\"839\" data-end=\"854\"><strong data-start=\"843\" data-end=\"854\">\u2b50 Funkcijas<\/strong><\/h1>\n<ul data-start=\"856\" data-end=\"1141\">\n<li data-start=\"856\" data-end=\"907\">\n<p data-start=\"858\" data-end=\"907\">Liela divst\u0101vu saliekam\u0101 le\u013c\u013cu m\u0101ja<\/p>\n<\/li>\n<li data-start=\"908\" data-end=\"936\">\n<p data-start=\"910\" data-end=\"936\"><strong data-start=\"910\" data-end=\"934\">176 deta\u013cu komplekts<\/strong><\/p>\n<\/li>\n<li data-start=\"937\" data-end=\"995\">\n<p data-start=\"939\" data-end=\"995\">Automa\u0161\u012bnas, lelles, m\u0101jdz\u012bvnieki, m\u0113beles un aksesu\u0101ri<\/p>\n<\/li>\n<li data-start=\"996\" data-end=\"1033\">\n<p data-start=\"998\" data-end=\"1033\">Var main\u012bt interjera izk\u0101rtojumu<\/p>\n<\/li>\n<li data-start=\"1034\" data-end=\"1094\">\n<p data-start=\"1036\" data-end=\"1094\">Veicina rado\u0161as rota\u013cas un att\u012bsta soci\u0101l\u0101s prasmes.<\/p>\n<\/li>\n<li data-start=\"1095\" data-end=\"1141\">\n<p data-start=\"1097\" data-end=\"1141\">Izgatavots no dro\u0161as, iztur\u012bgas ABS plastmasas<\/p>\n<\/li>\n<\/ul>\n<hr data-start=\"1143\" data-end=\"1146\">\n<h1 data-start=\"1148\" data-end=\"1177\">\ud83d\udd27 <strong data-start=\"1153\" data-end=\"1177\">Tehnisk\u0101 inform\u0101cija<\/strong><\/h1>\n<ul data-start=\"1179\" data-end=\"1396\">\n<li data-start=\"1179\" data-end=\"1229\">\n<p data-start=\"1181\" data-end=\"1229\">Saloc\u012bt\u0101s m\u0101jas izm\u0113ri: <strong data-start=\"1208\" data-end=\"1227\">73 \u00d7 45 \u00d7 50 cm<\/strong><\/p>\n<\/li>\n<li data-start=\"1230\" data-end=\"1269\">\n<p data-start=\"1232\" data-end=\"1269\">Iepakojuma izm\u0113rs: <strong data-start=\"1248\" data-end=\"1267\">70 \u00d7 14 \u00d7 42 cm<\/strong><\/p>\n<\/li>\n<li data-start=\"1270\" data-end=\"1295\">\n<p data-start=\"1272\" data-end=\"1295\">Svars: <strong data-start=\"1280\" data-end=\"1293\"> 4 kg<\/strong><\/p>\n<\/li>\n<li data-start=\"1296\" data-end=\"1321\">\n<p data-start=\"1298\" data-end=\"1321\">Deta\u013cas: <strong data-start=\"1307\" data-end=\"1319\">176 gab.<\/strong><\/p>\n<\/li>\n<li data-start=\"1322\" data-end=\"1364\">\n<p data-start=\"1324\" data-end=\"1364\">Ieteicamais vecums: <strong data-start=\"1348\" data-end=\"1362\">no 3 gadiem<\/strong><\/p>\n<\/li>\n<li data-start=\"1365\" data-end=\"1396\">\n<p data-start=\"1367\" data-end=\"1396\">Materi\u0101ls: <strong data-start=\"1377\" data-end=\"1394\">ABS plastmasa<\/strong><\/p>\n<\/li>\n<\/ul>\n<hr data-start=\"1398\" data-end=\"1401\">\n<h1 data-start=\"1403\" data-end=\"1431\">\ud83c\udf81 <strong data-start=\"1408\" data-end=\"1431\">K\u0101p\u0113c izv\u0113l\u0113ties<\/strong><\/h1>\n<ul data-start=\"1433\" data-end=\"1579\">\n<li data-start=\"1433\" data-end=\"1472\">\n<p data-start=\"1435\" data-end=\"1472\">Liels komplekts ar daudz\u0101m deta\u013c\u0101m<\/p>\n<\/li>\n<li data-start=\"1473\" data-end=\"1502\">\n<p data-start=\"1475\" data-end=\"1502\">Veicina rado\u0161as rota\u013cas<\/p>\n<\/li>\n<li data-start=\"1503\" data-end=\"1539\">\n<p data-start=\"1505\" data-end=\"1539\">Ilgm\u016b\u017e\u012bga un iztur\u012bga konstrukcija<\/p>\n<\/li>\n<li data-start=\"1540\" data-end=\"1579\">\n<p data-start=\"1542\" data-end=\"1579\">Piem\u0113rots k\u0101 d\u0101vana jebkuram gad\u012bjumam<\/p>\n<\/li>\n<\/ul>\n","protected":false},"excerpt":{"rendered":"<p data-start=\"1486\" data-end=\"1534\">Saloc\u012bt\u0101s m\u0101jas izm\u0113ri: <strong data-start=\"1513\" data-end=\"1532\">73 \u00d7 45 \u00d7 50 cm<\/strong><\/p>\n<p data-start=\"1537\" data-end=\"1574\">Iepakojuma izm\u0113rs: <strong data-start=\"1553\" data-end=\"1572\">70 \u00d7 14 \u00d7 42 cm<\/strong><\/p>\n<p data-start=\"1577\" data-end=\"1600\">Svars:<strong data-start=\"1585\" data-end=\"1598\"> 4 kg<\/strong><\/p>\n<p data-start=\"1603\" data-end=\"1652\">Baro\u0161ana: <strong data-start=\"1615\" data-end=\"1635\">3 \u00d7 AA baterijas<\/strong> (nav iek\u013cautas komplekt\u0101)<\/p>\n<p data-start=\"1655\" data-end=\"1678\">S\u012bk\u0101ka inform\u0101cija: <strong data-start=\"1664\" data-end=\"1676\">176 gab.<\/strong><\/p>\n<p data-start=\"1681\" data-end=\"1721\">Ieteicamais vecums: <strong data-start=\"1705\" data-end=\"1719\">no 3 gadiem<\/strong><\/p>\n<p data-start=\"1724\" data-end=\"1747\">Materi\u0101ls: ABS plastmasa<\/p>\n<p data-start=\"1724\" data-end=\"1747\">Izcelsmes valsts: \u0136\u012bna<\/p>\n","protected":false},"featured_media":47007,"comment_status":"open","ping_status":"closed","template":"","meta":[],"product_brand":[],"product_cat":[1276,1155,1180],"product_tag":[],"class_list":{"0":"post-47005","1":"product","2":"type-product","3":"status-publish","4":"has-post-thumbnail","6":"product_cat-lellu-maja","7":"product_cat-leti","8":"product_cat-rotallietas-meitenem","9":"pa_amziaus-grupe-3-lv","10":"pa_prek-s-tipas-lellu-maja","11":"pa_spalva-dazadi","13":"first","14":"instock","15":"sale","16":"taxable","17":"shipping-taxable","18":"purchasable","19":"product-type-simple"},"yoast_head":"<!-- This site is optimized with the Yoast SEO plugin v27.6 - https:\/\/yoast.com\/product\/yoast-seo-wordpress\/ -->\n<title>Le\u013c\u013cu m\u0101ja ar ma\u0161\u012bnu - 176 gab. - Toys.lt<\/title>\n<meta name=\"description\" content=\"Liela divst\u0101vu princeses le\u013c\u013cu m\u0101ja ar automa\u0161\u012bnu. 176 deta\u013cas rado\u0161\u0101m un izt\u0113li rosino\u0161\u0101m rota\u013c\u0101m b\u0113rniem no 3 gadu vecuma.\" \/>\n<meta name=\"robots\" content=\"index, follow, max-snippet:-1, max-image-preview:large, max-video-preview:-1\" \/>\n<link rel=\"canonical\" href=\"https:\/\/toys.lt\/lv\/produktas\/lellu-maja-ar-piederumiem-kopija-kopija\/\" \/>\n<meta property=\"og:locale\" content=\"lv_LV\" \/>\n<meta property=\"og:type\" content=\"article\" \/>\n<meta property=\"og:title\" content=\"Le\u013c\u013cu m\u0101ja ar ma\u0161\u012bnu - 176 gab. - Toys.lt\" \/>\n<meta property=\"og:description\" content=\"Liela divst\u0101vu princeses le\u013c\u013cu m\u0101ja ar automa\u0161\u012bnu. 176 deta\u013cas rado\u0161\u0101m un izt\u0113li rosino\u0161\u0101m rota\u013c\u0101m b\u0113rniem no 3 gadu vecuma.\" \/>\n<meta property=\"og:url\" content=\"https:\/\/toys.lt\/lv\/produktas\/lellu-maja-ar-piederumiem-kopija-kopija\/\" \/>\n<meta property=\"og:site_name\" content=\"Toys.lt\" \/>\n<meta property=\"article:modified_time\" content=\"2026-04-08T00:01:10+00:00\" \/>\n<meta property=\"og:image\" content=\"https:\/\/toys.lt\/wp-content\/uploads\/2025\/11\/princess_top.jpg\" \/>\n\t<meta property=\"og:image:width\" content=\"1219\" \/>\n\t<meta property=\"og:image:height\" content=\"1450\" \/>\n\t<meta property=\"og:image:type\" content=\"image\/jpeg\" \/>\n<meta name=\"twitter:card\" content=\"summary_large_image\" \/>\n<meta name=\"twitter:label1\" content=\"Est. reading time\" \/>\n\t<meta name=\"twitter:data1\" content=\"1 minute\" \/>\n<script type=\"application\/ld+json\" class=\"yoast-schema-graph\">{\"@context\":\"https:\\\/\\\/schema.org\",\"@graph\":[{\"@type\":\"WebPage\",\"@id\":\"https:\\\/\\\/toys.lt\\\/lv\\\/produktas\\\/lellu-maja-ar-piederumiem-kopija-kopija\\\/\",\"url\":\"https:\\\/\\\/toys.lt\\\/lv\\\/produktas\\\/lellu-maja-ar-piederumiem-kopija-kopija\\\/\",\"name\":\"Le\u013c\u013cu m\u0101ja ar ma\u0161\u012bnu - 176 gab. - Toys.lt\",\"isPartOf\":{\"@id\":\"https:\\\/\\\/toys.lt\\\/lv\\\/#website\"},\"primaryImageOfPage\":{\"@id\":\"https:\\\/\\\/toys.lt\\\/lv\\\/produktas\\\/lellu-maja-ar-piederumiem-kopija-kopija\\\/#primaryimage\"},\"image\":{\"@id\":\"https:\\\/\\\/toys.lt\\\/lv\\\/produktas\\\/lellu-maja-ar-piederumiem-kopija-kopija\\\/#primaryimage\"},\"thumbnailUrl\":\"https:\\\/\\\/toys.lt\\\/wp-content\\\/uploads\\\/2025\\\/11\\\/princess_top.jpg\",\"datePublished\":\"2025-11-24T23:58:56+00:00\",\"dateModified\":\"2026-04-08T00:01:10+00:00\",\"description\":\"Liela divst\u0101vu princeses le\u013c\u013cu m\u0101ja ar automa\u0161\u012bnu. 176 deta\u013cas rado\u0161\u0101m un izt\u0113li rosino\u0161\u0101m rota\u013c\u0101m b\u0113rniem no 3 gadu vecuma.\",\"breadcrumb\":{\"@id\":\"https:\\\/\\\/toys.lt\\\/lv\\\/produktas\\\/lellu-maja-ar-piederumiem-kopija-kopija\\\/#breadcrumb\"},\"inLanguage\":\"lv-LV\",\"potentialAction\":[{\"@type\":\"ReadAction\",\"target\":[\"https:\\\/\\\/toys.lt\\\/lv\\\/produktas\\\/lellu-maja-ar-piederumiem-kopija-kopija\\\/\"]}]},{\"@type\":\"ImageObject\",\"inLanguage\":\"lv-LV\",\"@id\":\"https:\\\/\\\/toys.lt\\\/lv\\\/produktas\\\/lellu-maja-ar-piederumiem-kopija-kopija\\\/#primaryimage\",\"url\":\"https:\\\/\\\/toys.lt\\\/wp-content\\\/uploads\\\/2025\\\/11\\\/princess_top.jpg\",\"contentUrl\":\"https:\\\/\\\/toys.lt\\\/wp-content\\\/uploads\\\/2025\\\/11\\\/princess_top.jpg\",\"width\":1219,\"height\":1450,\"caption\":\"Princes\u0117s l\u0117li\u0173 namelis su automobiliu \u2013 pagrindinis vaizdas\"},{\"@type\":\"BreadcrumbList\",\"@id\":\"https:\\\/\\\/toys.lt\\\/lv\\\/produktas\\\/lellu-maja-ar-piederumiem-kopija-kopija\\\/#breadcrumb\",\"itemListElement\":[{\"@type\":\"ListItem\",\"position\":1,\"name\":\"Home\",\"item\":\"https:\\\/\\\/toys.lt\\\/lv\\\/\"},{\"@type\":\"ListItem\",\"position\":2,\"name\":\"Veikals\",\"item\":\"https:\\\/\\\/toys.lt\\\/lv\\\/shop\\\/\"},{\"@type\":\"ListItem\",\"position\":3,\"name\":\"Le\u013c\u013cu m\u0101ja ar ma\u0161\u012bnu &#8211; 176 gab.\"}]},{\"@type\":\"WebSite\",\"@id\":\"https:\\\/\\\/toys.lt\\\/lv\\\/#website\",\"url\":\"https:\\\/\\\/toys.lt\\\/lv\\\/\",\"name\":\"Toys.lt\",\"description\":\"\",\"potentialAction\":[{\"@type\":\"SearchAction\",\"target\":{\"@type\":\"EntryPoint\",\"urlTemplate\":\"https:\\\/\\\/toys.lt\\\/lv\\\/?s={search_term_string}\"},\"query-input\":{\"@type\":\"PropertyValueSpecification\",\"valueRequired\":true,\"valueName\":\"search_term_string\"}}],\"inLanguage\":\"lv-LV\"}]}<\/script>\n<!-- \/ Yoast SEO plugin. -->","yoast_head_json":{"title":"Le\u013c\u013cu m\u0101ja ar ma\u0161\u012bnu - 176 gab. - Toys.lt","description":"Liela divst\u0101vu princeses le\u013c\u013cu m\u0101ja ar automa\u0161\u012bnu. 176 deta\u013cas rado\u0161\u0101m un izt\u0113li rosino\u0161\u0101m rota\u013c\u0101m b\u0113rniem no 3 gadu vecuma.","robots":{"index":"index","follow":"follow","max-snippet":"max-snippet:-1","max-image-preview":"max-image-preview:large","max-video-preview":"max-video-preview:-1"},"canonical":"https:\/\/toys.lt\/lv\/produktas\/lellu-maja-ar-piederumiem-kopija-kopija\/","og_locale":"lv_LV","og_type":"article","og_title":"Le\u013c\u013cu m\u0101ja ar ma\u0161\u012bnu - 176 gab. - Toys.lt","og_description":"Liela divst\u0101vu princeses le\u013c\u013cu m\u0101ja ar automa\u0161\u012bnu. 176 deta\u013cas rado\u0161\u0101m un izt\u0113li rosino\u0161\u0101m rota\u013c\u0101m b\u0113rniem no 3 gadu vecuma.","og_url":"https:\/\/toys.lt\/lv\/produktas\/lellu-maja-ar-piederumiem-kopija-kopija\/","og_site_name":"Toys.lt","article_modified_time":"2026-04-08T00:01:10+00:00","og_image":[{"width":1219,"height":1450,"url":"https:\/\/toys.lt\/wp-content\/uploads\/2025\/11\/princess_top.jpg","type":"image\/jpeg"}],"twitter_card":"summary_large_image","twitter_misc":{"Est. reading time":"1 minute"},"schema":{"@context":"https:\/\/schema.org","@graph":[{"@type":"WebPage","@id":"https:\/\/toys.lt\/lv\/produktas\/lellu-maja-ar-piederumiem-kopija-kopija\/","url":"https:\/\/toys.lt\/lv\/produktas\/lellu-maja-ar-piederumiem-kopija-kopija\/","name":"Le\u013c\u013cu m\u0101ja ar ma\u0161\u012bnu - 176 gab. - Toys.lt","isPartOf":{"@id":"https:\/\/toys.lt\/lv\/#website"},"primaryImageOfPage":{"@id":"https:\/\/toys.lt\/lv\/produktas\/lellu-maja-ar-piederumiem-kopija-kopija\/#primaryimage"},"image":{"@id":"https:\/\/toys.lt\/lv\/produktas\/lellu-maja-ar-piederumiem-kopija-kopija\/#primaryimage"},"thumbnailUrl":"https:\/\/toys.lt\/wp-content\/uploads\/2025\/11\/princess_top.jpg","datePublished":"2025-11-24T23:58:56+00:00","dateModified":"2026-04-08T00:01:10+00:00","description":"Liela divst\u0101vu princeses le\u013c\u013cu m\u0101ja ar automa\u0161\u012bnu. 176 deta\u013cas rado\u0161\u0101m un izt\u0113li rosino\u0161\u0101m rota\u013c\u0101m b\u0113rniem no 3 gadu vecuma.","breadcrumb":{"@id":"https:\/\/toys.lt\/lv\/produktas\/lellu-maja-ar-piederumiem-kopija-kopija\/#breadcrumb"},"inLanguage":"lv-LV","potentialAction":[{"@type":"ReadAction","target":["https:\/\/toys.lt\/lv\/produktas\/lellu-maja-ar-piederumiem-kopija-kopija\/"]}]},{"@type":"ImageObject","inLanguage":"lv-LV","@id":"https:\/\/toys.lt\/lv\/produktas\/lellu-maja-ar-piederumiem-kopija-kopija\/#primaryimage","url":"https:\/\/toys.lt\/wp-content\/uploads\/2025\/11\/princess_top.jpg","contentUrl":"https:\/\/toys.lt\/wp-content\/uploads\/2025\/11\/princess_top.jpg","width":1219,"height":1450,"caption":"Princes\u0117s l\u0117li\u0173 namelis su automobiliu \u2013 pagrindinis vaizdas"},{"@type":"BreadcrumbList","@id":"https:\/\/toys.lt\/lv\/produktas\/lellu-maja-ar-piederumiem-kopija-kopija\/#breadcrumb","itemListElement":[{"@type":"ListItem","position":1,"name":"Home","item":"https:\/\/toys.lt\/lv\/"},{"@type":"ListItem","position":2,"name":"Veikals","item":"https:\/\/toys.lt\/lv\/shop\/"},{"@type":"ListItem","position":3,"name":"Le\u013c\u013cu m\u0101ja ar ma\u0161\u012bnu &#8211; 176 gab."}]},{"@type":"WebSite","@id":"https:\/\/toys.lt\/lv\/#website","url":"https:\/\/toys.lt\/lv\/","name":"Toys.lt","description":"","potentialAction":[{"@type":"SearchAction","target":{"@type":"EntryPoint","urlTemplate":"https:\/\/toys.lt\/lv\/?s={search_term_string}"},"query-input":{"@type":"PropertyValueSpecification","valueRequired":true,"valueName":"search_term_string"}}],"inLanguage":"lv-LV"}]}},"_links":{"self":[{"href":"https:\/\/toys.lt\/lv\/wp-json\/wp\/v2\/product\/47005","targetHints":{"allow":["GET"]}}],"collection":[{"href":"https:\/\/toys.lt\/lv\/wp-json\/wp\/v2\/product"}],"about":[{"href":"https:\/\/toys.lt\/lv\/wp-json\/wp\/v2\/types\/product"}],"replies":[{"embeddable":true,"href":"https:\/\/toys.lt\/lv\/wp-json\/wp\/v2\/comments?post=47005"}],"version-history":[{"count":2,"href":"https:\/\/toys.lt\/lv\/wp-json\/wp\/v2\/product\/47005\/revisions"}],"predecessor-version":[{"id":48360,"href":"https:\/\/toys.lt\/lv\/wp-json\/wp\/v2\/product\/47005\/revisions\/48360"}],"wp:featuredmedia":[{"embeddable":true,"href":"https:\/\/toys.lt\/lv\/wp-json\/wp\/v2\/media\/47007"}],"wp:attachment":[{"href":"https:\/\/toys.lt\/lv\/wp-json\/wp\/v2\/media?parent=47005"}],"wp:term":[{"taxonomy":"product_brand","embeddable":true,"href":"https:\/\/toys.lt\/lv\/wp-json\/wp\/v2\/product_brand?post=47005"},{"taxonomy":"product_cat","embeddable":true,"href":"https:\/\/toys.lt\/lv\/wp-json\/wp\/v2\/product_cat?post=47005"},{"taxonomy":"product_tag","embeddable":true,"href":"https:\/\/toys.lt\/lv\/wp-json\/wp\/v2\/product_tag?post=47005"}],"curies":[{"name":"wp","href":"https:\/\/api.w.org\/{rel}","templated":true}]}}