{"id":45662,"date":"2025-08-25T21:50:53","date_gmt":"2025-08-25T21:50:53","guid":{"rendered":"https:\/\/toys.lt\/produktas\/led-mugursoma-t5-vieda-mugursoma-ar-led-displeju\/"},"modified":"2026-03-30T00:25:33","modified_gmt":"2026-03-30T00:25:33","slug":"led-mugursoma-t5-vieda-mugursoma-ar-led-displeju","status":"publish","type":"product","link":"https:\/\/toys.lt\/lv\/produktas\/led-mugursoma-t5-vieda-mugursoma-ar-led-displeju\/","title":{"rendered":"LED mugursoma T5 &#8211; vied\u0101 mugursoma ar LED displeju"},"content":{"rendered":"<p data-start=\"175\" data-end=\"497\">Atkl\u0101jiet jaunu stila l\u012bmeni ar <strong data-start=\"215\" data-end=\"233\">T5<\/strong> Smart <strong data-start=\"215\" data-end=\"233\">LED mugursomu<\/strong>!<br data-start=\"234\" data-end=\"237\">\u0160aj\u0101 mugursom\u0101 ir ieb\u016bv\u0113ts <strong data-start=\"264\" data-end=\"278\">LED displejs<\/strong>, kas \u013cauj izpaust noska\u0146ojumu, r\u0101d\u012bt anim\u0101cijas, tekstus vai pat att\u0113lus. Vad\u012bba ir \u013coti vienk\u0101r\u0161a &#8211; vienk\u0101r\u0161i pievienojiet t\u0101lruni, izmantojot <strong data-start=\"425\" data-end=\"438\">Bluetooth<\/strong>, un izmantojiet tam paredz\u0113to lietotni (instrukcijas pievienotas komplekt\u0101). <\/p>\n<p data-start=\"499\" data-end=\"517\"><strong data-start=\"501\" data-end=\"515\">\u2705 Iesp\u0113jas:<\/strong><\/p>\n<ul data-start=\"518\" data-end=\"722\">\n<li data-start=\"518\" data-end=\"566\">\n<p data-start=\"520\" data-end=\"566\">R\u0101d\u012bt anim\u0101cijas, att\u0113lus un tekstu.<\/p>\n<\/li>\n<li data-start=\"567\" data-end=\"624\">\n<p data-start=\"569\" data-end=\"624\">Izveidojiet unik\u0101lus dizainus un personaliz\u0113tus v\u0113st\u012bjumus.<\/p>\n<\/li>\n<li data-start=\"625\" data-end=\"664\">\n<p data-start=\"627\" data-end=\"664\">Mainiet kr\u0101sas, stilus un efektus.<\/p>\n<\/li>\n<li data-start=\"665\" data-end=\"722\">\n<p data-start=\"667\" data-end=\"722\">Atz\u012bm\u0113jiet skol\u0101, ce\u013cojum\u0101 vai br\u012bvaj\u0101 laik\u0101.<\/p>\n<\/li>\n<\/ul>\n<p data-start=\"724\" data-end=\"754\">\ud83d\udccf <strong data-start=\"727\" data-end=\"752\">Tehnisk\u0101 inform\u0101cija:<\/strong><\/p>\n<ul data-start=\"755\" data-end=\"939\">\n<li data-start=\"755\" data-end=\"790\">\n<p data-start=\"757\" data-end=\"790\">Mugursomas izm\u0113rs: 31 \u00d7 15 \u00d7 33 cm<\/p>\n<\/li>\n<li data-start=\"791\" data-end=\"827\">\n<p data-start=\"793\" data-end=\"827\">LED ekr\u0101na izm\u0113rs: 18,5 \u00d7 19,5 cm<\/p>\n<\/li>\n<li data-start=\"828\" data-end=\"881\">\n<p data-start=\"830\" data-end=\"881\">Materi\u0101li: oxford audums, neilons, m\u0101ksl\u012bg\u0101 \u0101da<\/p>\n<\/li>\n<li data-start=\"882\" data-end=\"939\">\n<p data-start=\"884\" data-end=\"939\">Baro\u0161ana: \u0101r\u0113jais akumulators (powerbank, nav iek\u013cauts komplekt\u0101)<\/p>\n<\/li>\n<\/ul>\n<p data-start=\"941\" data-end=\"1045\">T\u0101 ir ne tikai ietilp\u012bga un \u0113rta mugursoma, bet ar\u012b stil\u012bgs aksesu\u0101rs, kas \u013cauj b\u016bt unik\u0101lam ikdien\u0101.<\/p>\n","protected":false},"excerpt":{"rendered":"<p>Izstr\u0101d\u0101juma tips: mugursoma<\/p>\n<p>Izcelsmes valsts: \u0136\u012bna<\/p>\n<p>Materi\u0101ls: oxford, neilons, m\u0101ksl\u012bg\u0101 \u0101da<\/p>\n<p>Izstr\u0101d\u0101juma izm\u0113ri: 31x15x33 cm<\/p>\n<p>Darbojas ar \u0101r\u0113jo akumulatoru (powerbank), nav iek\u013cauts<\/p>\n<p>Vad\u012bba: Bluetooth<\/p>\n","protected":false},"featured_media":45120,"comment_status":"open","ping_status":"closed","template":"","meta":[],"product_brand":[],"product_cat":[1382,1380],"product_tag":[],"class_list":{"0":"post-45662","1":"product","2":"type-product","3":"status-publish","4":"has-post-thumbnail","6":"product_cat-led-mugursomas","7":"product_cat-zinas","8":"pa_amziaus-grupe-3-lv","9":"pa_prek-s-spalva-black-lv","10":"pa_prek-s-spalva-dazadi","12":"first","13":"instock","14":"taxable","15":"shipping-taxable","16":"purchasable","17":"product-type-variable"},"yoast_head":"<!-- This site is optimized with the Yoast SEO plugin v26.3 - https:\/\/yoast.com\/wordpress\/plugins\/seo\/ -->\n<title>LED mugursoma T5 - vied\u0101 mugursoma ar LED displeju - Toys.lt<\/title>\n<meta name=\"description\" content=\"LED mugursoma T5 - vied\u0101 mugursoma ar LED displeju. Izveidojiet anim\u0101cijas, tekstus, att\u0113lus un vad\u012bbu, izmantojot Bluetooth. Stil\u012bga izv\u0113le ikdienai!\" \/>\n<meta name=\"robots\" content=\"index, follow, max-snippet:-1, max-image-preview:large, max-video-preview:-1\" \/>\n<link rel=\"canonical\" href=\"https:\/\/toys.lt\/lv\/produktas\/led-mugursoma-t5-vieda-mugursoma-ar-led-displeju\/\" \/>\n<meta property=\"og:locale\" content=\"lv_LV\" \/>\n<meta property=\"og:type\" content=\"article\" \/>\n<meta property=\"og:title\" content=\"LED mugursoma T5 - vied\u0101 mugursoma ar LED displeju - Toys.lt\" \/>\n<meta property=\"og:description\" content=\"LED mugursoma T5 - vied\u0101 mugursoma ar LED displeju. Izveidojiet anim\u0101cijas, tekstus, att\u0113lus un vad\u012bbu, izmantojot Bluetooth. Stil\u012bga izv\u0113le ikdienai!\" \/>\n<meta property=\"og:url\" content=\"https:\/\/toys.lt\/lv\/produktas\/led-mugursoma-t5-vieda-mugursoma-ar-led-displeju\/\" \/>\n<meta property=\"og:site_name\" content=\"Toys.lt\" \/>\n<meta property=\"article:modified_time\" content=\"2026-03-30T00:25:33+00:00\" \/>\n<meta property=\"og:image\" content=\"https:\/\/toys.lt\/wp-content\/uploads\/2025\/09\/PXL_20250912_184118280.MP_-scaled.jpg\" \/>\n\t<meta property=\"og:image:width\" content=\"1928\" \/>\n\t<meta property=\"og:image:height\" content=\"2560\" \/>\n\t<meta property=\"og:image:type\" content=\"image\/jpeg\" \/>\n<meta name=\"twitter:card\" content=\"summary_large_image\" \/>\n<meta name=\"twitter:label1\" content=\"Est. reading time\" \/>\n\t<meta name=\"twitter:data1\" content=\"1 minute\" \/>\n<script type=\"application\/ld+json\" class=\"yoast-schema-graph\">{\"@context\":\"https:\/\/schema.org\",\"@graph\":[{\"@type\":\"WebPage\",\"@id\":\"https:\/\/toys.lt\/lv\/produktas\/led-mugursoma-t5-vieda-mugursoma-ar-led-displeju\/\",\"url\":\"https:\/\/toys.lt\/lv\/produktas\/led-mugursoma-t5-vieda-mugursoma-ar-led-displeju\/\",\"name\":\"LED mugursoma T5 - vied\u0101 mugursoma ar LED displeju - Toys.lt\",\"isPartOf\":{\"@id\":\"https:\/\/toys.lt\/lv\/#website\"},\"primaryImageOfPage\":{\"@id\":\"https:\/\/toys.lt\/lv\/produktas\/led-mugursoma-t5-vieda-mugursoma-ar-led-displeju\/#primaryimage\"},\"image\":{\"@id\":\"https:\/\/toys.lt\/lv\/produktas\/led-mugursoma-t5-vieda-mugursoma-ar-led-displeju\/#primaryimage\"},\"thumbnailUrl\":\"https:\/\/toys.lt\/wp-content\/uploads\/2025\/09\/PXL_20250912_184118280.MP_-scaled.jpg\",\"datePublished\":\"2025-08-25T21:50:53+00:00\",\"dateModified\":\"2026-03-30T00:25:33+00:00\",\"description\":\"LED mugursoma T5 - vied\u0101 mugursoma ar LED displeju. Izveidojiet anim\u0101cijas, tekstus, att\u0113lus un vad\u012bbu, izmantojot Bluetooth. Stil\u012bga izv\u0113le ikdienai!\",\"breadcrumb\":{\"@id\":\"https:\/\/toys.lt\/lv\/produktas\/led-mugursoma-t5-vieda-mugursoma-ar-led-displeju\/#breadcrumb\"},\"inLanguage\":\"lv-LV\",\"potentialAction\":[{\"@type\":\"ReadAction\",\"target\":[\"https:\/\/toys.lt\/lv\/produktas\/led-mugursoma-t5-vieda-mugursoma-ar-led-displeju\/\"]}]},{\"@type\":\"ImageObject\",\"inLanguage\":\"lv-LV\",\"@id\":\"https:\/\/toys.lt\/lv\/produktas\/led-mugursoma-t5-vieda-mugursoma-ar-led-displeju\/#primaryimage\",\"url\":\"https:\/\/toys.lt\/wp-content\/uploads\/2025\/09\/PXL_20250912_184118280.MP_-scaled.jpg\",\"contentUrl\":\"https:\/\/toys.lt\/wp-content\/uploads\/2025\/09\/PXL_20250912_184118280.MP_-scaled.jpg\",\"width\":1928,\"height\":2560},{\"@type\":\"BreadcrumbList\",\"@id\":\"https:\/\/toys.lt\/lv\/produktas\/led-mugursoma-t5-vieda-mugursoma-ar-led-displeju\/#breadcrumb\",\"itemListElement\":[{\"@type\":\"ListItem\",\"position\":1,\"name\":\"Home\",\"item\":\"https:\/\/toys.lt\/lv\/\"},{\"@type\":\"ListItem\",\"position\":2,\"name\":\"Veikals\",\"item\":\"https:\/\/toys.lt\/lv\/shop\/\"},{\"@type\":\"ListItem\",\"position\":3,\"name\":\"LED mugursoma T5 &#8211; vied\u0101 mugursoma ar LED displeju\"}]},{\"@type\":\"WebSite\",\"@id\":\"https:\/\/toys.lt\/lv\/#website\",\"url\":\"https:\/\/toys.lt\/lv\/\",\"name\":\"Toys.lt\",\"description\":\"\",\"potentialAction\":[{\"@type\":\"SearchAction\",\"target\":{\"@type\":\"EntryPoint\",\"urlTemplate\":\"https:\/\/toys.lt\/lv\/?s={search_term_string}\"},\"query-input\":{\"@type\":\"PropertyValueSpecification\",\"valueRequired\":true,\"valueName\":\"search_term_string\"}}],\"inLanguage\":\"lv-LV\"}]}<\/script>\n<!-- \/ Yoast SEO plugin. -->","yoast_head_json":{"title":"LED mugursoma T5 - vied\u0101 mugursoma ar LED displeju - Toys.lt","description":"LED mugursoma T5 - vied\u0101 mugursoma ar LED displeju. Izveidojiet anim\u0101cijas, tekstus, att\u0113lus un vad\u012bbu, izmantojot Bluetooth. Stil\u012bga izv\u0113le ikdienai!","robots":{"index":"index","follow":"follow","max-snippet":"max-snippet:-1","max-image-preview":"max-image-preview:large","max-video-preview":"max-video-preview:-1"},"canonical":"https:\/\/toys.lt\/lv\/produktas\/led-mugursoma-t5-vieda-mugursoma-ar-led-displeju\/","og_locale":"lv_LV","og_type":"article","og_title":"LED mugursoma T5 - vied\u0101 mugursoma ar LED displeju - Toys.lt","og_description":"LED mugursoma T5 - vied\u0101 mugursoma ar LED displeju. Izveidojiet anim\u0101cijas, tekstus, att\u0113lus un vad\u012bbu, izmantojot Bluetooth. Stil\u012bga izv\u0113le ikdienai!","og_url":"https:\/\/toys.lt\/lv\/produktas\/led-mugursoma-t5-vieda-mugursoma-ar-led-displeju\/","og_site_name":"Toys.lt","article_modified_time":"2026-03-30T00:25:33+00:00","og_image":[{"width":1928,"height":2560,"url":"https:\/\/toys.lt\/wp-content\/uploads\/2025\/09\/PXL_20250912_184118280.MP_-scaled.jpg","type":"image\/jpeg"}],"twitter_card":"summary_large_image","twitter_misc":{"Est. reading time":"1 minute"},"schema":{"@context":"https:\/\/schema.org","@graph":[{"@type":"WebPage","@id":"https:\/\/toys.lt\/lv\/produktas\/led-mugursoma-t5-vieda-mugursoma-ar-led-displeju\/","url":"https:\/\/toys.lt\/lv\/produktas\/led-mugursoma-t5-vieda-mugursoma-ar-led-displeju\/","name":"LED mugursoma T5 - vied\u0101 mugursoma ar LED displeju - Toys.lt","isPartOf":{"@id":"https:\/\/toys.lt\/lv\/#website"},"primaryImageOfPage":{"@id":"https:\/\/toys.lt\/lv\/produktas\/led-mugursoma-t5-vieda-mugursoma-ar-led-displeju\/#primaryimage"},"image":{"@id":"https:\/\/toys.lt\/lv\/produktas\/led-mugursoma-t5-vieda-mugursoma-ar-led-displeju\/#primaryimage"},"thumbnailUrl":"https:\/\/toys.lt\/wp-content\/uploads\/2025\/09\/PXL_20250912_184118280.MP_-scaled.jpg","datePublished":"2025-08-25T21:50:53+00:00","dateModified":"2026-03-30T00:25:33+00:00","description":"LED mugursoma T5 - vied\u0101 mugursoma ar LED displeju. Izveidojiet anim\u0101cijas, tekstus, att\u0113lus un vad\u012bbu, izmantojot Bluetooth. Stil\u012bga izv\u0113le ikdienai!","breadcrumb":{"@id":"https:\/\/toys.lt\/lv\/produktas\/led-mugursoma-t5-vieda-mugursoma-ar-led-displeju\/#breadcrumb"},"inLanguage":"lv-LV","potentialAction":[{"@type":"ReadAction","target":["https:\/\/toys.lt\/lv\/produktas\/led-mugursoma-t5-vieda-mugursoma-ar-led-displeju\/"]}]},{"@type":"ImageObject","inLanguage":"lv-LV","@id":"https:\/\/toys.lt\/lv\/produktas\/led-mugursoma-t5-vieda-mugursoma-ar-led-displeju\/#primaryimage","url":"https:\/\/toys.lt\/wp-content\/uploads\/2025\/09\/PXL_20250912_184118280.MP_-scaled.jpg","contentUrl":"https:\/\/toys.lt\/wp-content\/uploads\/2025\/09\/PXL_20250912_184118280.MP_-scaled.jpg","width":1928,"height":2560},{"@type":"BreadcrumbList","@id":"https:\/\/toys.lt\/lv\/produktas\/led-mugursoma-t5-vieda-mugursoma-ar-led-displeju\/#breadcrumb","itemListElement":[{"@type":"ListItem","position":1,"name":"Home","item":"https:\/\/toys.lt\/lv\/"},{"@type":"ListItem","position":2,"name":"Veikals","item":"https:\/\/toys.lt\/lv\/shop\/"},{"@type":"ListItem","position":3,"name":"LED mugursoma T5 &#8211; vied\u0101 mugursoma ar LED displeju"}]},{"@type":"WebSite","@id":"https:\/\/toys.lt\/lv\/#website","url":"https:\/\/toys.lt\/lv\/","name":"Toys.lt","description":"","potentialAction":[{"@type":"SearchAction","target":{"@type":"EntryPoint","urlTemplate":"https:\/\/toys.lt\/lv\/?s={search_term_string}"},"query-input":{"@type":"PropertyValueSpecification","valueRequired":true,"valueName":"search_term_string"}}],"inLanguage":"lv-LV"}]}},"_links":{"self":[{"href":"https:\/\/toys.lt\/lv\/wp-json\/wp\/v2\/product\/45662","targetHints":{"allow":["GET"]}}],"collection":[{"href":"https:\/\/toys.lt\/lv\/wp-json\/wp\/v2\/product"}],"about":[{"href":"https:\/\/toys.lt\/lv\/wp-json\/wp\/v2\/types\/product"}],"replies":[{"embeddable":true,"href":"https:\/\/toys.lt\/lv\/wp-json\/wp\/v2\/comments?post=45662"}],"version-history":[{"count":0,"href":"https:\/\/toys.lt\/lv\/wp-json\/wp\/v2\/product\/45662\/revisions"}],"wp:featuredmedia":[{"embeddable":true,"href":"https:\/\/toys.lt\/lv\/wp-json\/wp\/v2\/media\/45120"}],"wp:attachment":[{"href":"https:\/\/toys.lt\/lv\/wp-json\/wp\/v2\/media?parent=45662"}],"wp:term":[{"taxonomy":"product_brand","embeddable":true,"href":"https:\/\/toys.lt\/lv\/wp-json\/wp\/v2\/product_brand?post=45662"},{"taxonomy":"product_cat","embeddable":true,"href":"https:\/\/toys.lt\/lv\/wp-json\/wp\/v2\/product_cat?post=45662"},{"taxonomy":"product_tag","embeddable":true,"href":"https:\/\/toys.lt\/lv\/wp-json\/wp\/v2\/product_tag?post=45662"}],"curies":[{"name":"wp","href":"https:\/\/api.w.org\/{rel}","templated":true}]}}