{"id":45655,"date":"2025-08-25T21:49:15","date_gmt":"2025-08-25T21:49:15","guid":{"rendered":"https:\/\/toys.lt\/produktas\/led-mugursoma-a-led-vieda-mugursoma-ar-led-displeju\/"},"modified":"2026-03-30T00:25:32","modified_gmt":"2026-03-30T00:25:32","slug":"led-mugursoma-a-led-vieda-mugursoma-ar-led-displeju","status":"publish","type":"product","link":"https:\/\/toys.lt\/lv\/produktas\/led-mugursoma-a-led-vieda-mugursoma-ar-led-displeju\/","title":{"rendered":"LED mugursoma A LED &#8211; vied\u0101 mugursoma ar LED displeju"},"content":{"rendered":"<p data-start=\"167\" data-end=\"460\">Izcelieties no p\u016b\u013ca ar gudro <strong data-start=\"200\" data-end=\"221\">LED mugursomu A LED<\/strong>!<br data-start=\"222\" data-end=\"225\">T\u0101 ir stil\u012bga mugursoma ar ieb\u016bv\u0113tu <strong data-start=\"260\" data-end=\"274\">LED displeju<\/strong>, kas \u013cauj jums izveidot savus unik\u0101los dizainus, anim\u0101cijas un tekstus. Ekr\u0101nu var viegli kontrol\u0113t &#8211; savienojiet to ar t\u0101lruni, izmantojot <strong data-start=\"389\" data-end=\"402\">Bluetooth<\/strong>, un izmantojiet tam paredz\u0113to lietotni (instrukcijas ir iek\u013cautas komplekt\u0101). <\/p>\n<p data-start=\"462\" data-end=\"480\"><strong data-start=\"464\" data-end=\"478\">\u2705 Iesp\u0113jas:<\/strong><\/p>\n<ul data-start=\"481\" data-end=\"702\">\n<li data-start=\"481\" data-end=\"538\">\n<p data-start=\"483\" data-end=\"538\">Par\u0101diet da\u017e\u0101das anim\u0101cijas, att\u0113lus un tekstu.<\/p>\n<\/li>\n<li data-start=\"539\" data-end=\"594\">\n<p data-start=\"541\" data-end=\"594\">Izveidojiet personaliz\u0113tus zi\u0146ojumus vai rado\u0161us dizainus.<\/p>\n<\/li>\n<li data-start=\"595\" data-end=\"650\">\n<p data-start=\"597\" data-end=\"650\">Mainiet kr\u0101sas, efektus un stilus atbilsto\u0161i savam noska\u0146ojumam.<\/p>\n<\/li>\n<li data-start=\"651\" data-end=\"702\">\n<p data-start=\"653\" data-end=\"702\">Atz\u012bm\u0113jiet sevi skol\u0101, ce\u013cojumos vai pas\u0101kumos.<\/p>\n<\/li>\n<\/ul>\n<p data-start=\"704\" data-end=\"734\">\ud83d\udccf <strong data-start=\"707\" data-end=\"732\">Tehnisk\u0101 inform\u0101cija:<\/strong><\/p>\n<ul data-start=\"735\" data-end=\"865\">\n<li data-start=\"735\" data-end=\"774\">\n<p data-start=\"737\" data-end=\"774\">Mugursomas izm\u0113rs: 33,5 \u00d7 44 \u00d7 10,5 cm<\/p>\n<\/li>\n<li data-start=\"775\" data-end=\"807\">\n<p data-start=\"777\" data-end=\"807\">LED ekr\u0101na izm\u0113rs: 25 \u00d7 25 cm<\/p>\n<\/li>\n<li data-start=\"808\" data-end=\"865\">\n<p data-start=\"810\" data-end=\"865\">Baro\u0161ana: \u0101r\u0113jais akumulators (powerbank, nav iek\u013cauts komplekt\u0101)<\/p>\n<\/li>\n<\/ul>\n<p data-start=\"867\" data-end=\"976\">\u0160\u012b mugursoma ir ne tikai ietilp\u012bga un praktiska, bet ar\u012b \u013cauj jums izcelt savu unikalit\u0101ti un b\u016bt redzamam visur un vienm\u0113r.<\/p>\n","protected":false},"excerpt":{"rendered":"<p>Izstr\u0101d\u0101juma tips: mugursoma<\/p>\n<p>Izcelsmes valsts: \u0136\u012bna<\/p>\n<p>Izstr\u0101d\u0101juma izm\u0113ri: 33,5x44x10,5 cm<\/p>\n<p>Darbojas ar \u0101r\u0113jo akumulatoru (powerbank), nav iek\u013cauts komplekt\u0101<\/p>\n<p>Vad\u012bba: Bluetooth<\/p>\n","protected":false},"featured_media":45095,"comment_status":"open","ping_status":"closed","template":"","meta":[],"product_brand":[],"product_cat":[1382,1380],"product_tag":[],"class_list":{"0":"post-45655","1":"product","2":"type-product","3":"status-publish","4":"has-post-thumbnail","6":"product_cat-led-mugursomas","7":"product_cat-zinas","8":"pa_amziaus-grupe-3-lv","9":"pa_prek-s-spalva-azure","10":"pa_prek-s-spalva-gaisma","11":"pa_prek-s-spalva-roza","12":"pa_prek-s-spalva-violeta","14":"first","15":"instock","16":"taxable","17":"shipping-taxable","18":"purchasable","19":"product-type-variable"},"yoast_head":"<!-- This site is optimized with the Yoast SEO plugin v26.3 - https:\/\/yoast.com\/wordpress\/plugins\/seo\/ -->\n<title>LED mugursoma A LED - vied\u0101 mugursoma ar LED displeju - Toys.lt<\/title>\n<meta name=\"description\" content=\"LED mugursoma A LED - moderna vied\u0101 mugursoma ar LED displeju. Veidojiet tekstus, anim\u0101cijas un att\u0113lus un p\u0101rvaldiet, izmantojot Bluetooth. Ide\u0101la izv\u0113le ikdienai!\" \/>\n<meta name=\"robots\" content=\"index, follow, max-snippet:-1, max-image-preview:large, max-video-preview:-1\" \/>\n<link rel=\"canonical\" href=\"https:\/\/toys.lt\/lv\/produktas\/led-mugursoma-a-led-vieda-mugursoma-ar-led-displeju\/\" \/>\n<meta property=\"og:locale\" content=\"lv_LV\" \/>\n<meta property=\"og:type\" content=\"article\" \/>\n<meta property=\"og:title\" content=\"LED mugursoma A LED - vied\u0101 mugursoma ar LED displeju - Toys.lt\" \/>\n<meta property=\"og:description\" content=\"LED mugursoma A LED - moderna vied\u0101 mugursoma ar LED displeju. Veidojiet tekstus, anim\u0101cijas un att\u0113lus un p\u0101rvaldiet, izmantojot Bluetooth. Ide\u0101la izv\u0113le ikdienai!\" \/>\n<meta property=\"og:url\" content=\"https:\/\/toys.lt\/lv\/produktas\/led-mugursoma-a-led-vieda-mugursoma-ar-led-displeju\/\" \/>\n<meta property=\"og:site_name\" content=\"Toys.lt\" \/>\n<meta property=\"article:modified_time\" content=\"2026-03-30T00:25:32+00:00\" \/>\n<meta property=\"og:image\" content=\"https:\/\/toys.lt\/wp-content\/uploads\/2025\/08\/PXL_20250912_183250211.MP_-scaled.jpg\" \/>\n\t<meta property=\"og:image:width\" content=\"1779\" \/>\n\t<meta property=\"og:image:height\" content=\"2560\" \/>\n\t<meta property=\"og:image:type\" content=\"image\/jpeg\" \/>\n<meta name=\"twitter:card\" content=\"summary_large_image\" \/>\n<meta name=\"twitter:label1\" content=\"Est. reading time\" \/>\n\t<meta name=\"twitter:data1\" content=\"1 minute\" \/>\n<script type=\"application\/ld+json\" class=\"yoast-schema-graph\">{\"@context\":\"https:\/\/schema.org\",\"@graph\":[{\"@type\":\"WebPage\",\"@id\":\"https:\/\/toys.lt\/lv\/produktas\/led-mugursoma-a-led-vieda-mugursoma-ar-led-displeju\/\",\"url\":\"https:\/\/toys.lt\/lv\/produktas\/led-mugursoma-a-led-vieda-mugursoma-ar-led-displeju\/\",\"name\":\"LED mugursoma A LED - vied\u0101 mugursoma ar LED displeju - Toys.lt\",\"isPartOf\":{\"@id\":\"https:\/\/toys.lt\/lv\/#website\"},\"primaryImageOfPage\":{\"@id\":\"https:\/\/toys.lt\/lv\/produktas\/led-mugursoma-a-led-vieda-mugursoma-ar-led-displeju\/#primaryimage\"},\"image\":{\"@id\":\"https:\/\/toys.lt\/lv\/produktas\/led-mugursoma-a-led-vieda-mugursoma-ar-led-displeju\/#primaryimage\"},\"thumbnailUrl\":\"https:\/\/toys.lt\/wp-content\/uploads\/2025\/08\/PXL_20250912_183250211.MP_-scaled.jpg\",\"datePublished\":\"2025-08-25T21:49:15+00:00\",\"dateModified\":\"2026-03-30T00:25:32+00:00\",\"description\":\"LED mugursoma A LED - moderna vied\u0101 mugursoma ar LED displeju. Veidojiet tekstus, anim\u0101cijas un att\u0113lus un p\u0101rvaldiet, izmantojot Bluetooth. Ide\u0101la izv\u0113le ikdienai!\",\"breadcrumb\":{\"@id\":\"https:\/\/toys.lt\/lv\/produktas\/led-mugursoma-a-led-vieda-mugursoma-ar-led-displeju\/#breadcrumb\"},\"inLanguage\":\"lv-LV\",\"potentialAction\":[{\"@type\":\"ReadAction\",\"target\":[\"https:\/\/toys.lt\/lv\/produktas\/led-mugursoma-a-led-vieda-mugursoma-ar-led-displeju\/\"]}]},{\"@type\":\"ImageObject\",\"inLanguage\":\"lv-LV\",\"@id\":\"https:\/\/toys.lt\/lv\/produktas\/led-mugursoma-a-led-vieda-mugursoma-ar-led-displeju\/#primaryimage\",\"url\":\"https:\/\/toys.lt\/wp-content\/uploads\/2025\/08\/PXL_20250912_183250211.MP_-scaled.jpg\",\"contentUrl\":\"https:\/\/toys.lt\/wp-content\/uploads\/2025\/08\/PXL_20250912_183250211.MP_-scaled.jpg\",\"width\":1779,\"height\":2560},{\"@type\":\"BreadcrumbList\",\"@id\":\"https:\/\/toys.lt\/lv\/produktas\/led-mugursoma-a-led-vieda-mugursoma-ar-led-displeju\/#breadcrumb\",\"itemListElement\":[{\"@type\":\"ListItem\",\"position\":1,\"name\":\"Home\",\"item\":\"https:\/\/toys.lt\/lv\/\"},{\"@type\":\"ListItem\",\"position\":2,\"name\":\"Veikals\",\"item\":\"https:\/\/toys.lt\/lv\/shop\/\"},{\"@type\":\"ListItem\",\"position\":3,\"name\":\"LED mugursoma A LED &#8211; vied\u0101 mugursoma ar LED displeju\"}]},{\"@type\":\"WebSite\",\"@id\":\"https:\/\/toys.lt\/lv\/#website\",\"url\":\"https:\/\/toys.lt\/lv\/\",\"name\":\"Toys.lt\",\"description\":\"\",\"potentialAction\":[{\"@type\":\"SearchAction\",\"target\":{\"@type\":\"EntryPoint\",\"urlTemplate\":\"https:\/\/toys.lt\/lv\/?s={search_term_string}\"},\"query-input\":{\"@type\":\"PropertyValueSpecification\",\"valueRequired\":true,\"valueName\":\"search_term_string\"}}],\"inLanguage\":\"lv-LV\"}]}<\/script>\n<!-- \/ Yoast SEO plugin. -->","yoast_head_json":{"title":"LED mugursoma A LED - vied\u0101 mugursoma ar LED displeju - Toys.lt","description":"LED mugursoma A LED - moderna vied\u0101 mugursoma ar LED displeju. Veidojiet tekstus, anim\u0101cijas un att\u0113lus un p\u0101rvaldiet, izmantojot Bluetooth. Ide\u0101la izv\u0113le ikdienai!","robots":{"index":"index","follow":"follow","max-snippet":"max-snippet:-1","max-image-preview":"max-image-preview:large","max-video-preview":"max-video-preview:-1"},"canonical":"https:\/\/toys.lt\/lv\/produktas\/led-mugursoma-a-led-vieda-mugursoma-ar-led-displeju\/","og_locale":"lv_LV","og_type":"article","og_title":"LED mugursoma A LED - vied\u0101 mugursoma ar LED displeju - Toys.lt","og_description":"LED mugursoma A LED - moderna vied\u0101 mugursoma ar LED displeju. Veidojiet tekstus, anim\u0101cijas un att\u0113lus un p\u0101rvaldiet, izmantojot Bluetooth. Ide\u0101la izv\u0113le ikdienai!","og_url":"https:\/\/toys.lt\/lv\/produktas\/led-mugursoma-a-led-vieda-mugursoma-ar-led-displeju\/","og_site_name":"Toys.lt","article_modified_time":"2026-03-30T00:25:32+00:00","og_image":[{"width":1779,"height":2560,"url":"https:\/\/toys.lt\/wp-content\/uploads\/2025\/08\/PXL_20250912_183250211.MP_-scaled.jpg","type":"image\/jpeg"}],"twitter_card":"summary_large_image","twitter_misc":{"Est. reading time":"1 minute"},"schema":{"@context":"https:\/\/schema.org","@graph":[{"@type":"WebPage","@id":"https:\/\/toys.lt\/lv\/produktas\/led-mugursoma-a-led-vieda-mugursoma-ar-led-displeju\/","url":"https:\/\/toys.lt\/lv\/produktas\/led-mugursoma-a-led-vieda-mugursoma-ar-led-displeju\/","name":"LED mugursoma A LED - vied\u0101 mugursoma ar LED displeju - Toys.lt","isPartOf":{"@id":"https:\/\/toys.lt\/lv\/#website"},"primaryImageOfPage":{"@id":"https:\/\/toys.lt\/lv\/produktas\/led-mugursoma-a-led-vieda-mugursoma-ar-led-displeju\/#primaryimage"},"image":{"@id":"https:\/\/toys.lt\/lv\/produktas\/led-mugursoma-a-led-vieda-mugursoma-ar-led-displeju\/#primaryimage"},"thumbnailUrl":"https:\/\/toys.lt\/wp-content\/uploads\/2025\/08\/PXL_20250912_183250211.MP_-scaled.jpg","datePublished":"2025-08-25T21:49:15+00:00","dateModified":"2026-03-30T00:25:32+00:00","description":"LED mugursoma A LED - moderna vied\u0101 mugursoma ar LED displeju. Veidojiet tekstus, anim\u0101cijas un att\u0113lus un p\u0101rvaldiet, izmantojot Bluetooth. Ide\u0101la izv\u0113le ikdienai!","breadcrumb":{"@id":"https:\/\/toys.lt\/lv\/produktas\/led-mugursoma-a-led-vieda-mugursoma-ar-led-displeju\/#breadcrumb"},"inLanguage":"lv-LV","potentialAction":[{"@type":"ReadAction","target":["https:\/\/toys.lt\/lv\/produktas\/led-mugursoma-a-led-vieda-mugursoma-ar-led-displeju\/"]}]},{"@type":"ImageObject","inLanguage":"lv-LV","@id":"https:\/\/toys.lt\/lv\/produktas\/led-mugursoma-a-led-vieda-mugursoma-ar-led-displeju\/#primaryimage","url":"https:\/\/toys.lt\/wp-content\/uploads\/2025\/08\/PXL_20250912_183250211.MP_-scaled.jpg","contentUrl":"https:\/\/toys.lt\/wp-content\/uploads\/2025\/08\/PXL_20250912_183250211.MP_-scaled.jpg","width":1779,"height":2560},{"@type":"BreadcrumbList","@id":"https:\/\/toys.lt\/lv\/produktas\/led-mugursoma-a-led-vieda-mugursoma-ar-led-displeju\/#breadcrumb","itemListElement":[{"@type":"ListItem","position":1,"name":"Home","item":"https:\/\/toys.lt\/lv\/"},{"@type":"ListItem","position":2,"name":"Veikals","item":"https:\/\/toys.lt\/lv\/shop\/"},{"@type":"ListItem","position":3,"name":"LED mugursoma A LED &#8211; vied\u0101 mugursoma ar LED displeju"}]},{"@type":"WebSite","@id":"https:\/\/toys.lt\/lv\/#website","url":"https:\/\/toys.lt\/lv\/","name":"Toys.lt","description":"","potentialAction":[{"@type":"SearchAction","target":{"@type":"EntryPoint","urlTemplate":"https:\/\/toys.lt\/lv\/?s={search_term_string}"},"query-input":{"@type":"PropertyValueSpecification","valueRequired":true,"valueName":"search_term_string"}}],"inLanguage":"lv-LV"}]}},"_links":{"self":[{"href":"https:\/\/toys.lt\/lv\/wp-json\/wp\/v2\/product\/45655","targetHints":{"allow":["GET"]}}],"collection":[{"href":"https:\/\/toys.lt\/lv\/wp-json\/wp\/v2\/product"}],"about":[{"href":"https:\/\/toys.lt\/lv\/wp-json\/wp\/v2\/types\/product"}],"replies":[{"embeddable":true,"href":"https:\/\/toys.lt\/lv\/wp-json\/wp\/v2\/comments?post=45655"}],"version-history":[{"count":0,"href":"https:\/\/toys.lt\/lv\/wp-json\/wp\/v2\/product\/45655\/revisions"}],"wp:featuredmedia":[{"embeddable":true,"href":"https:\/\/toys.lt\/lv\/wp-json\/wp\/v2\/media\/45095"}],"wp:attachment":[{"href":"https:\/\/toys.lt\/lv\/wp-json\/wp\/v2\/media?parent=45655"}],"wp:term":[{"taxonomy":"product_brand","embeddable":true,"href":"https:\/\/toys.lt\/lv\/wp-json\/wp\/v2\/product_brand?post=45655"},{"taxonomy":"product_cat","embeddable":true,"href":"https:\/\/toys.lt\/lv\/wp-json\/wp\/v2\/product_cat?post=45655"},{"taxonomy":"product_tag","embeddable":true,"href":"https:\/\/toys.lt\/lv\/wp-json\/wp\/v2\/product_tag?post=45655"}],"curies":[{"name":"wp","href":"https:\/\/api.w.org\/{rel}","templated":true}]}}