{"id":45650,"date":"2025-08-25T21:59:48","date_gmt":"2025-08-25T21:59:48","guid":{"rendered":"https:\/\/toys.lt\/produktas\/led-mugursoma-t2-vieda-mugursoma-ar-led-displeju\/"},"modified":"2026-03-30T00:25:32","modified_gmt":"2026-03-30T00:25:32","slug":"led-mugursoma-t2-vieda-mugursoma-ar-led-displeju","status":"publish","type":"product","link":"https:\/\/toys.lt\/lv\/produktas\/led-mugursoma-t2-vieda-mugursoma-ar-led-displeju\/","title":{"rendered":"LED mugursoma T2 &#8211; vied\u0101 mugursoma ar LED displeju"},"content":{"rendered":"<p data-start=\"186\" data-end=\"495\">Izcelieties ar <strong data-start=\"218\" data-end=\"236\">T2<\/strong> Smart <strong data-start=\"218\" data-end=\"236\">LED mugursomu<\/strong>!<br data-start=\"237\" data-end=\"240\">T\u0101 ir moderna mugursoma ar ieb\u016bv\u0113tu <strong data-start=\"274\" data-end=\"288\">LED ekr\u0101nu<\/strong>, kur\u0101 var att\u0113lot anim\u0101cijas, att\u0113lus, tekstus un pat izveidot savu unik\u0101lu dizainu. Vad\u012bba ir vienk\u0101r\u0161a &#8211; piesl\u0113dziet t\u0101lruni, izmantojot <strong data-start=\"424\" data-end=\"437\">Bluetooth<\/strong>, un izmantojiet tam paredz\u0113to lietotni (instrukcijas iek\u013cautas komplekt\u0101). <\/p>\n<p data-start=\"497\" data-end=\"515\"><strong data-start=\"499\" data-end=\"513\">\u2705 Iesp\u0113jas:<\/strong><\/p>\n<ul data-start=\"516\" data-end=\"711\">\n<li data-start=\"516\" data-end=\"569\">\n<p data-start=\"518\" data-end=\"569\">R\u0101d\u012bt anim\u0101cijas, att\u0113lus un tekstu.<\/p>\n<\/li>\n<li data-start=\"570\" data-end=\"618\">\n<p data-start=\"572\" data-end=\"618\">Individu\u0101lu dizainu un zi\u0146ojumu veido\u0161ana.<\/p>\n<\/li>\n<li data-start=\"619\" data-end=\"658\">\n<p data-start=\"621\" data-end=\"658\">Mainiet kr\u0101sas, efektus un stilus.<\/p>\n<\/li>\n<li data-start=\"659\" data-end=\"711\">\n<p data-start=\"661\" data-end=\"711\">Izcelieties skol\u0101, uz ce\u013ca vai ikdien\u0101.<\/p>\n<\/li>\n<\/ul>\n<p data-start=\"713\" data-end=\"743\">\ud83d\udccf <strong data-start=\"716\" data-end=\"741\">Tehnisk\u0101 inform\u0101cija:<\/strong><\/p>\n<ul data-start=\"744\" data-end=\"919\">\n<li data-start=\"744\" data-end=\"779\">\n<p data-start=\"746\" data-end=\"779\">Mugursomas izm\u0113rs: 30 \u00d7 43 \u00d7 13 cm<\/p>\n<\/li>\n<li data-start=\"780\" data-end=\"812\">\n<p data-start=\"782\" data-end=\"812\">LED ekr\u0101na izm\u0113rs: 25 \u00d7 25 cm<\/p>\n<\/li>\n<li data-start=\"813\" data-end=\"861\">\n<p data-start=\"815\" data-end=\"861\">Materi\u0101li: oxford, neilons, m\u0101ksl\u012bg\u0101 \u0101da<\/p>\n<\/li>\n<li data-start=\"862\" data-end=\"919\">\n<p data-start=\"864\" data-end=\"919\">Baro\u0161ana: \u0101r\u0113jais akumulators (powerbank, nav iek\u013cauts komplekt\u0101)<\/p>\n<\/li>\n<\/ul>\n<p data-start=\"921\" data-end=\"1008\">T\u0101 ir ietilp\u012bga, \u0113rta un \u013coti izteiksm\u012bga mugursoma, kas \u013cauj par\u0101d\u012bt savu person\u012bgo stilu.<\/p>\n","protected":false},"excerpt":{"rendered":"<p>Izstr\u0101d\u0101juma tips: mugursoma<\/p>\n<p>Izcelsmes valsts: \u0136\u012bna<\/p>\n<p>Materi\u0101ls: oxford, neilons, m\u0101ksl\u012bg\u0101 \u0101da<\/p>\n<p>Izstr\u0101d\u0101juma izm\u0113ri: 30 x 43 x 13 cm<\/p>\n<p>Darbojas ar \u0101r\u0113jo akumulatoru (powerbank), nav iek\u013cauts komplekt\u0101<\/p>\n<p>Vad\u012bba: Bluetooth<\/p>\n","protected":false},"featured_media":45127,"comment_status":"open","ping_status":"closed","template":"","meta":[],"product_brand":[],"product_cat":[1382,1380],"product_tag":[],"class_list":{"0":"post-45650","1":"product","2":"type-product","3":"status-publish","4":"has-post-thumbnail","6":"product_cat-led-mugursomas","7":"product_cat-zinas","8":"pa_amziaus-grupe-3-lv","9":"pa_prek-s-spalva-black-lv","10":"pa_prek-s-spalva-dzeltenais","12":"first","13":"instock","14":"taxable","15":"shipping-taxable","16":"purchasable","17":"product-type-variable"},"yoast_head":"<!-- This site is optimized with the Yoast SEO plugin v26.3 - https:\/\/yoast.com\/wordpress\/plugins\/seo\/ -->\n<title>LED mugursoma T2 - vied\u0101 mugursoma ar LED displeju - Toys.lt<\/title>\n<meta name=\"description\" content=\"LED mugursoma T2 - vied\u0101 mugursoma ar LED displeju. Izveidojiet anim\u0101cijas, tekstus un att\u0113lus, vad\u012bba, izmantojot Bluetooth. \u0112rta un stil\u012bga ikdienas lieto\u0161anai!\" \/>\n<meta name=\"robots\" content=\"index, follow, max-snippet:-1, max-image-preview:large, max-video-preview:-1\" \/>\n<link rel=\"canonical\" href=\"https:\/\/toys.lt\/lv\/produktas\/led-mugursoma-t2-vieda-mugursoma-ar-led-displeju\/\" \/>\n<meta property=\"og:locale\" content=\"lv_LV\" \/>\n<meta property=\"og:type\" content=\"article\" \/>\n<meta property=\"og:title\" content=\"LED mugursoma T2 - vied\u0101 mugursoma ar LED displeju - Toys.lt\" \/>\n<meta property=\"og:description\" content=\"LED mugursoma T2 - vied\u0101 mugursoma ar LED displeju. Izveidojiet anim\u0101cijas, tekstus un att\u0113lus, vad\u012bba, izmantojot Bluetooth. \u0112rta un stil\u012bga ikdienas lieto\u0161anai!\" \/>\n<meta property=\"og:url\" content=\"https:\/\/toys.lt\/lv\/produktas\/led-mugursoma-t2-vieda-mugursoma-ar-led-displeju\/\" \/>\n<meta property=\"og:site_name\" content=\"Toys.lt\" \/>\n<meta property=\"article:modified_time\" content=\"2026-03-30T00:25:32+00:00\" \/>\n<meta property=\"og:image\" content=\"https:\/\/toys.lt\/wp-content\/uploads\/2025\/08\/PXL_20250912_184338194-scaled.jpg\" \/>\n\t<meta property=\"og:image:width\" content=\"1928\" \/>\n\t<meta property=\"og:image:height\" content=\"2560\" \/>\n\t<meta property=\"og:image:type\" content=\"image\/jpeg\" \/>\n<meta name=\"twitter:card\" content=\"summary_large_image\" \/>\n<meta name=\"twitter:label1\" content=\"Est. reading time\" \/>\n\t<meta name=\"twitter:data1\" content=\"1 minute\" \/>\n<script type=\"application\/ld+json\" class=\"yoast-schema-graph\">{\"@context\":\"https:\/\/schema.org\",\"@graph\":[{\"@type\":\"WebPage\",\"@id\":\"https:\/\/toys.lt\/lv\/produktas\/led-mugursoma-t2-vieda-mugursoma-ar-led-displeju\/\",\"url\":\"https:\/\/toys.lt\/lv\/produktas\/led-mugursoma-t2-vieda-mugursoma-ar-led-displeju\/\",\"name\":\"LED mugursoma T2 - vied\u0101 mugursoma ar LED displeju - Toys.lt\",\"isPartOf\":{\"@id\":\"https:\/\/toys.lt\/lv\/#website\"},\"primaryImageOfPage\":{\"@id\":\"https:\/\/toys.lt\/lv\/produktas\/led-mugursoma-t2-vieda-mugursoma-ar-led-displeju\/#primaryimage\"},\"image\":{\"@id\":\"https:\/\/toys.lt\/lv\/produktas\/led-mugursoma-t2-vieda-mugursoma-ar-led-displeju\/#primaryimage\"},\"thumbnailUrl\":\"https:\/\/toys.lt\/wp-content\/uploads\/2025\/08\/PXL_20250912_184338194-scaled.jpg\",\"datePublished\":\"2025-08-25T21:59:48+00:00\",\"dateModified\":\"2026-03-30T00:25:32+00:00\",\"description\":\"LED mugursoma T2 - vied\u0101 mugursoma ar LED displeju. Izveidojiet anim\u0101cijas, tekstus un att\u0113lus, vad\u012bba, izmantojot Bluetooth. \u0112rta un stil\u012bga ikdienas lieto\u0161anai!\",\"breadcrumb\":{\"@id\":\"https:\/\/toys.lt\/lv\/produktas\/led-mugursoma-t2-vieda-mugursoma-ar-led-displeju\/#breadcrumb\"},\"inLanguage\":\"lv-LV\",\"potentialAction\":[{\"@type\":\"ReadAction\",\"target\":[\"https:\/\/toys.lt\/lv\/produktas\/led-mugursoma-t2-vieda-mugursoma-ar-led-displeju\/\"]}]},{\"@type\":\"ImageObject\",\"inLanguage\":\"lv-LV\",\"@id\":\"https:\/\/toys.lt\/lv\/produktas\/led-mugursoma-t2-vieda-mugursoma-ar-led-displeju\/#primaryimage\",\"url\":\"https:\/\/toys.lt\/wp-content\/uploads\/2025\/08\/PXL_20250912_184338194-scaled.jpg\",\"contentUrl\":\"https:\/\/toys.lt\/wp-content\/uploads\/2025\/08\/PXL_20250912_184338194-scaled.jpg\",\"width\":1928,\"height\":2560},{\"@type\":\"BreadcrumbList\",\"@id\":\"https:\/\/toys.lt\/lv\/produktas\/led-mugursoma-t2-vieda-mugursoma-ar-led-displeju\/#breadcrumb\",\"itemListElement\":[{\"@type\":\"ListItem\",\"position\":1,\"name\":\"Home\",\"item\":\"https:\/\/toys.lt\/lv\/\"},{\"@type\":\"ListItem\",\"position\":2,\"name\":\"Veikals\",\"item\":\"https:\/\/toys.lt\/lv\/shop\/\"},{\"@type\":\"ListItem\",\"position\":3,\"name\":\"LED mugursoma T2 &#8211; vied\u0101 mugursoma ar LED displeju\"}]},{\"@type\":\"WebSite\",\"@id\":\"https:\/\/toys.lt\/lv\/#website\",\"url\":\"https:\/\/toys.lt\/lv\/\",\"name\":\"Toys.lt\",\"description\":\"\",\"potentialAction\":[{\"@type\":\"SearchAction\",\"target\":{\"@type\":\"EntryPoint\",\"urlTemplate\":\"https:\/\/toys.lt\/lv\/?s={search_term_string}\"},\"query-input\":{\"@type\":\"PropertyValueSpecification\",\"valueRequired\":true,\"valueName\":\"search_term_string\"}}],\"inLanguage\":\"lv-LV\"}]}<\/script>\n<!-- \/ Yoast SEO plugin. -->","yoast_head_json":{"title":"LED mugursoma T2 - vied\u0101 mugursoma ar LED displeju - Toys.lt","description":"LED mugursoma T2 - vied\u0101 mugursoma ar LED displeju. Izveidojiet anim\u0101cijas, tekstus un att\u0113lus, vad\u012bba, izmantojot Bluetooth. \u0112rta un stil\u012bga ikdienas lieto\u0161anai!","robots":{"index":"index","follow":"follow","max-snippet":"max-snippet:-1","max-image-preview":"max-image-preview:large","max-video-preview":"max-video-preview:-1"},"canonical":"https:\/\/toys.lt\/lv\/produktas\/led-mugursoma-t2-vieda-mugursoma-ar-led-displeju\/","og_locale":"lv_LV","og_type":"article","og_title":"LED mugursoma T2 - vied\u0101 mugursoma ar LED displeju - Toys.lt","og_description":"LED mugursoma T2 - vied\u0101 mugursoma ar LED displeju. Izveidojiet anim\u0101cijas, tekstus un att\u0113lus, vad\u012bba, izmantojot Bluetooth. \u0112rta un stil\u012bga ikdienas lieto\u0161anai!","og_url":"https:\/\/toys.lt\/lv\/produktas\/led-mugursoma-t2-vieda-mugursoma-ar-led-displeju\/","og_site_name":"Toys.lt","article_modified_time":"2026-03-30T00:25:32+00:00","og_image":[{"width":1928,"height":2560,"url":"https:\/\/toys.lt\/wp-content\/uploads\/2025\/08\/PXL_20250912_184338194-scaled.jpg","type":"image\/jpeg"}],"twitter_card":"summary_large_image","twitter_misc":{"Est. reading time":"1 minute"},"schema":{"@context":"https:\/\/schema.org","@graph":[{"@type":"WebPage","@id":"https:\/\/toys.lt\/lv\/produktas\/led-mugursoma-t2-vieda-mugursoma-ar-led-displeju\/","url":"https:\/\/toys.lt\/lv\/produktas\/led-mugursoma-t2-vieda-mugursoma-ar-led-displeju\/","name":"LED mugursoma T2 - vied\u0101 mugursoma ar LED displeju - Toys.lt","isPartOf":{"@id":"https:\/\/toys.lt\/lv\/#website"},"primaryImageOfPage":{"@id":"https:\/\/toys.lt\/lv\/produktas\/led-mugursoma-t2-vieda-mugursoma-ar-led-displeju\/#primaryimage"},"image":{"@id":"https:\/\/toys.lt\/lv\/produktas\/led-mugursoma-t2-vieda-mugursoma-ar-led-displeju\/#primaryimage"},"thumbnailUrl":"https:\/\/toys.lt\/wp-content\/uploads\/2025\/08\/PXL_20250912_184338194-scaled.jpg","datePublished":"2025-08-25T21:59:48+00:00","dateModified":"2026-03-30T00:25:32+00:00","description":"LED mugursoma T2 - vied\u0101 mugursoma ar LED displeju. Izveidojiet anim\u0101cijas, tekstus un att\u0113lus, vad\u012bba, izmantojot Bluetooth. \u0112rta un stil\u012bga ikdienas lieto\u0161anai!","breadcrumb":{"@id":"https:\/\/toys.lt\/lv\/produktas\/led-mugursoma-t2-vieda-mugursoma-ar-led-displeju\/#breadcrumb"},"inLanguage":"lv-LV","potentialAction":[{"@type":"ReadAction","target":["https:\/\/toys.lt\/lv\/produktas\/led-mugursoma-t2-vieda-mugursoma-ar-led-displeju\/"]}]},{"@type":"ImageObject","inLanguage":"lv-LV","@id":"https:\/\/toys.lt\/lv\/produktas\/led-mugursoma-t2-vieda-mugursoma-ar-led-displeju\/#primaryimage","url":"https:\/\/toys.lt\/wp-content\/uploads\/2025\/08\/PXL_20250912_184338194-scaled.jpg","contentUrl":"https:\/\/toys.lt\/wp-content\/uploads\/2025\/08\/PXL_20250912_184338194-scaled.jpg","width":1928,"height":2560},{"@type":"BreadcrumbList","@id":"https:\/\/toys.lt\/lv\/produktas\/led-mugursoma-t2-vieda-mugursoma-ar-led-displeju\/#breadcrumb","itemListElement":[{"@type":"ListItem","position":1,"name":"Home","item":"https:\/\/toys.lt\/lv\/"},{"@type":"ListItem","position":2,"name":"Veikals","item":"https:\/\/toys.lt\/lv\/shop\/"},{"@type":"ListItem","position":3,"name":"LED mugursoma T2 &#8211; vied\u0101 mugursoma ar LED displeju"}]},{"@type":"WebSite","@id":"https:\/\/toys.lt\/lv\/#website","url":"https:\/\/toys.lt\/lv\/","name":"Toys.lt","description":"","potentialAction":[{"@type":"SearchAction","target":{"@type":"EntryPoint","urlTemplate":"https:\/\/toys.lt\/lv\/?s={search_term_string}"},"query-input":{"@type":"PropertyValueSpecification","valueRequired":true,"valueName":"search_term_string"}}],"inLanguage":"lv-LV"}]}},"_links":{"self":[{"href":"https:\/\/toys.lt\/lv\/wp-json\/wp\/v2\/product\/45650","targetHints":{"allow":["GET"]}}],"collection":[{"href":"https:\/\/toys.lt\/lv\/wp-json\/wp\/v2\/product"}],"about":[{"href":"https:\/\/toys.lt\/lv\/wp-json\/wp\/v2\/types\/product"}],"replies":[{"embeddable":true,"href":"https:\/\/toys.lt\/lv\/wp-json\/wp\/v2\/comments?post=45650"}],"version-history":[{"count":0,"href":"https:\/\/toys.lt\/lv\/wp-json\/wp\/v2\/product\/45650\/revisions"}],"wp:featuredmedia":[{"embeddable":true,"href":"https:\/\/toys.lt\/lv\/wp-json\/wp\/v2\/media\/45127"}],"wp:attachment":[{"href":"https:\/\/toys.lt\/lv\/wp-json\/wp\/v2\/media?parent=45650"}],"wp:term":[{"taxonomy":"product_brand","embeddable":true,"href":"https:\/\/toys.lt\/lv\/wp-json\/wp\/v2\/product_brand?post=45650"},{"taxonomy":"product_cat","embeddable":true,"href":"https:\/\/toys.lt\/lv\/wp-json\/wp\/v2\/product_cat?post=45650"},{"taxonomy":"product_tag","embeddable":true,"href":"https:\/\/toys.lt\/lv\/wp-json\/wp\/v2\/product_tag?post=45650"}],"curies":[{"name":"wp","href":"https:\/\/api.w.org\/{rel}","templated":true}]}}