{"id":45636,"date":"2025-08-27T22:47:15","date_gmt":"2025-08-27T22:47:15","guid":{"rendered":"https:\/\/toys.lt\/produktas\/clementoni-supercolor-juras-laikmeta-pasaules-puzle-180-gab\/"},"modified":"2026-04-08T00:01:20","modified_gmt":"2026-04-08T00:01:20","slug":"clementoni-supercolor-juras-laikmeta-pasaules-puzle-180-gab","status":"publish","type":"product","link":"https:\/\/toys.lt\/lv\/produktas\/clementoni-supercolor-juras-laikmeta-pasaules-puzle-180-gab\/","title":{"rendered":"Clementoni Supercolor Juras laikmeta pasaules puzle 180 gab."},"content":{"rendered":"<p class=\"MsoNormal\" style=\"margin: 0px; font-size: medium; color: #7a7a7a; padding: 0px; line-height: inherit; border: 0px; font-family: Roboto, sans-serif; background-color: #fefefe; text-align: center;\" align=\"center\"><i style=\"line-height: inherit; margin: 0px; padding: 0px; border: 0px; font-variant: inherit; font-weight: inherit; font-size: inherit; font-family: inherit;\"><span style=\"margin: 0px; padding: 0px; border: 0px; font-style: inherit; font-variant: inherit; font-weight: inherit; font-size: 8.5pt; line-height: inherit; font-family: Verdana, sans-serif; color: #000000;\">Clementoni &#8211; dibin\u0101ts It\u0101lij\u0101 un veiksm\u012bgi darbojas jau vair\u0101k nek\u0101 50 gadus! Uz\u0146\u0113muma misija ir rad\u012bt sp\u0113les, kas pal\u012bdz b\u0113rniem augt.   <\/span><\/i><\/p>\n<p class=\"MsoNormal\" style=\"margin: 0px; font-size: medium; color: #7a7a7a; padding: 0px; line-height: inherit; border: 0px; font-family: Roboto, sans-serif; background-color: #fefefe; text-align: center;\" align=\"center\"><i style=\"line-height: inherit; margin: 0px; padding: 0px; border: 0px; font-variant: inherit; font-weight: inherit; font-size: inherit; font-family: inherit;\"><span style=\"margin: 0px; padding: 0px; border: 0px; font-style: inherit; font-variant: inherit; font-weight: inherit; font-size: 8.5pt; line-height: inherit; font-family: Verdana, sans-serif; color: #000000;\">Tas viss ir izstr\u0101d\u0101ts, lai apmierin\u0101tu jaunie\u0161u vajadz\u012bbas, \u0146emot v\u0113r\u0101 m\u016bsdienu tehnolo\u0123ijas un glob\u0101l\u0101s izgl\u012bt\u012bbas tendences.<\/span><\/i><\/p>\n<p class=\"MsoNormal\" style=\"margin: 0px; font-size: medium; color: #7a7a7a; padding: 0px; line-height: inherit; border: 0px; font-family: Roboto, sans-serif; background-color: #fefefe; text-align: center;\" align=\"center\"><i style=\"line-height: inherit; margin: 0px; padding: 0px; border: 0px; font-variant: inherit; font-weight: inherit; font-size: inherit; font-family: inherit;\"><span style=\"margin: 0px; padding: 0px; border: 0px; font-style: inherit; font-variant: inherit; font-weight: inherit; font-size: 8.5pt; line-height: inherit; font-family: Verdana, sans-serif; color: #000000;\">Puzle ir lieliska izklaide visai \u0123imenei. Klusie un omul\u012bgie vakari, kas pavad\u012bti \u0161aj\u0101 br\u012bni\u0161\u0137\u012bgaj\u0101 nodarb\u0113, ilgi paliks atmi\u0146\u0101! <\/span><\/i><\/p>\n<p data-start=\"4136\" data-end=\"4260\">Iespaid\u012bga Juras laikmeta pasaules puzle ar dinozauriem. 180 gabali\u0146i veido spilgtu att\u0113lu. <\/p>\n<p data-start=\"4262\" data-end=\"4278\"><strong data-start=\"4262\" data-end=\"4276\">Funkcijas:<\/strong><\/p>\n<ul data-start=\"4279\" data-end=\"4394\">\n<li data-start=\"4279\" data-end=\"4295\">\n<p data-start=\"4281\" data-end=\"4295\">180 da\u013cas;<\/p>\n<\/li>\n<li data-start=\"4296\" data-end=\"4350\">\n<p data-start=\"4298\" data-end=\"4350\">Ofici\u0101li licenc\u0113ts Jurasas pasaules produkts;<\/p>\n<\/li>\n<li data-start=\"4351\" data-end=\"4394\">\n<p data-start=\"4353\" data-end=\"4394\">Stimul\u0113 interesi par dabu un v\u0113sturi.<\/p>\n<\/li>\n<\/ul>\n<p data-start=\"4396\" data-end=\"4493\"><strong data-start=\"4396\" data-end=\"4425\">Citi tehniskie dati:<\/strong><br data-start=\"4425\" data-end=\"4428\">Saloc\u012bta puzle: 48,5\u00d733,5 cm.<br data-start=\"4457\" data-end=\"4460\">Ieteicamais vecums: no 7 gadiem.<\/p>\n","protected":false},"excerpt":{"rendered":"<p>Produkta veids: puzle<\/p>\n<p>Z\u012bmola nosaukums: Clementoni<\/p>\n<p>Izcelsmes valsts: It\u0101lija<\/p>\n<p>Iepakojuma izm\u0113ri: 35 x 4 x 25 cm<\/p>\n<p>Gabali\u0146u skaits: 180<\/p>\n<p>Puzzle izm\u0113ri: 48,5 x 33,5 cm<\/p>\n<p>Ieteicamais vecums: no 7 gadiem.<\/p>\n","protected":false},"featured_media":44159,"comment_status":"open","ping_status":"closed","template":"","meta":[],"product_brand":[384],"product_cat":[1380,1406,1164,1153],"product_tag":[],"class_list":{"0":"post-45636","1":"product","2":"type-product","3":"status-publish","4":"has-post-thumbnail","6":"product_brand-clementoni-2","7":"product_cat-zinas","8":"product_cat-letakais","9":"product_cat-miklas-berniem","10":"product_cat-puzles-puzle","11":"pa_amziaus-grupe-7-lv","12":"pa_dali-skaicius-180-lv","13":"pa_prekes-zenklas-clementoni-lv","14":"pa_tema-citi","16":"first","17":"outofstock","18":"taxable","19":"shipping-taxable","20":"purchasable","21":"product-type-simple"},"yoast_head":"<!-- This site is optimized with the Yoast SEO plugin v26.3 - https:\/\/yoast.com\/wordpress\/plugins\/seo\/ -->\n<title>Clementoni Supercolor Juras laikmeta pasaules puzle 180 gab. - Toys.lt<\/title>\n<meta name=\"description\" content=\"Juras laikmeta pasaules 180 gabali\u0146u puzle b\u0113rniem no 7 gadiem. Aizraujo\u0161i dinozauri, augsta drukas kvalit\u0101te un izgl\u012btojo\u0161a sp\u0113le b\u0113rniem.\" \/>\n<meta name=\"robots\" content=\"index, follow, max-snippet:-1, max-image-preview:large, max-video-preview:-1\" \/>\n<link rel=\"canonical\" href=\"https:\/\/toys.lt\/lv\/produktas\/clementoni-supercolor-juras-laikmeta-pasaules-puzle-180-gab\/\" \/>\n<meta property=\"og:locale\" content=\"lv_LV\" \/>\n<meta property=\"og:type\" content=\"article\" \/>\n<meta property=\"og:title\" content=\"Clementoni Supercolor Juras laikmeta pasaules puzle 180 gab. - Toys.lt\" \/>\n<meta property=\"og:description\" content=\"Juras laikmeta pasaules 180 gabali\u0146u puzle b\u0113rniem no 7 gadiem. Aizraujo\u0161i dinozauri, augsta drukas kvalit\u0101te un izgl\u012btojo\u0161a sp\u0113le b\u0113rniem.\" \/>\n<meta property=\"og:url\" content=\"https:\/\/toys.lt\/lv\/produktas\/clementoni-supercolor-juras-laikmeta-pasaules-puzle-180-gab\/\" \/>\n<meta property=\"og:site_name\" content=\"Toys.lt\" \/>\n<meta property=\"article:modified_time\" content=\"2026-04-08T00:01:20+00:00\" \/>\n<meta property=\"og:image\" content=\"https:\/\/toys.lt\/wp-content\/uploads\/2025\/08\/29106-delione-1.jpg\" \/>\n\t<meta property=\"og:image:width\" content=\"1500\" \/>\n\t<meta property=\"og:image:height\" content=\"1265\" \/>\n\t<meta property=\"og:image:type\" content=\"image\/jpeg\" \/>\n<meta name=\"twitter:card\" content=\"summary_large_image\" \/>\n<meta name=\"twitter:label1\" content=\"Est. reading time\" \/>\n\t<meta name=\"twitter:data1\" content=\"1 minute\" \/>\n<script type=\"application\/ld+json\" class=\"yoast-schema-graph\">{\"@context\":\"https:\/\/schema.org\",\"@graph\":[{\"@type\":\"WebPage\",\"@id\":\"https:\/\/toys.lt\/lv\/produktas\/clementoni-supercolor-juras-laikmeta-pasaules-puzle-180-gab\/\",\"url\":\"https:\/\/toys.lt\/lv\/produktas\/clementoni-supercolor-juras-laikmeta-pasaules-puzle-180-gab\/\",\"name\":\"Clementoni Supercolor Juras laikmeta pasaules puzle 180 gab. - Toys.lt\",\"isPartOf\":{\"@id\":\"https:\/\/toys.lt\/lv\/#website\"},\"primaryImageOfPage\":{\"@id\":\"https:\/\/toys.lt\/lv\/produktas\/clementoni-supercolor-juras-laikmeta-pasaules-puzle-180-gab\/#primaryimage\"},\"image\":{\"@id\":\"https:\/\/toys.lt\/lv\/produktas\/clementoni-supercolor-juras-laikmeta-pasaules-puzle-180-gab\/#primaryimage\"},\"thumbnailUrl\":\"https:\/\/toys.lt\/wp-content\/uploads\/2025\/08\/29106-delione-1.jpg\",\"datePublished\":\"2025-08-27T22:47:15+00:00\",\"dateModified\":\"2026-04-08T00:01:20+00:00\",\"description\":\"Juras laikmeta pasaules 180 gabali\u0146u puzle b\u0113rniem no 7 gadiem. Aizraujo\u0161i dinozauri, augsta drukas kvalit\u0101te un izgl\u012btojo\u0161a sp\u0113le b\u0113rniem.\",\"breadcrumb\":{\"@id\":\"https:\/\/toys.lt\/lv\/produktas\/clementoni-supercolor-juras-laikmeta-pasaules-puzle-180-gab\/#breadcrumb\"},\"inLanguage\":\"lv-LV\",\"potentialAction\":[{\"@type\":\"ReadAction\",\"target\":[\"https:\/\/toys.lt\/lv\/produktas\/clementoni-supercolor-juras-laikmeta-pasaules-puzle-180-gab\/\"]}]},{\"@type\":\"ImageObject\",\"inLanguage\":\"lv-LV\",\"@id\":\"https:\/\/toys.lt\/lv\/produktas\/clementoni-supercolor-juras-laikmeta-pasaules-puzle-180-gab\/#primaryimage\",\"url\":\"https:\/\/toys.lt\/wp-content\/uploads\/2025\/08\/29106-delione-1.jpg\",\"contentUrl\":\"https:\/\/toys.lt\/wp-content\/uploads\/2025\/08\/29106-delione-1.jpg\",\"width\":1500,\"height\":1265},{\"@type\":\"BreadcrumbList\",\"@id\":\"https:\/\/toys.lt\/lv\/produktas\/clementoni-supercolor-juras-laikmeta-pasaules-puzle-180-gab\/#breadcrumb\",\"itemListElement\":[{\"@type\":\"ListItem\",\"position\":1,\"name\":\"Home\",\"item\":\"https:\/\/toys.lt\/lv\/\"},{\"@type\":\"ListItem\",\"position\":2,\"name\":\"Veikals\",\"item\":\"https:\/\/toys.lt\/lv\/shop\/\"},{\"@type\":\"ListItem\",\"position\":3,\"name\":\"Clementoni Supercolor Juras laikmeta pasaules puzle 180 gab.\"}]},{\"@type\":\"WebSite\",\"@id\":\"https:\/\/toys.lt\/lv\/#website\",\"url\":\"https:\/\/toys.lt\/lv\/\",\"name\":\"Toys.lt\",\"description\":\"\",\"potentialAction\":[{\"@type\":\"SearchAction\",\"target\":{\"@type\":\"EntryPoint\",\"urlTemplate\":\"https:\/\/toys.lt\/lv\/?s={search_term_string}\"},\"query-input\":{\"@type\":\"PropertyValueSpecification\",\"valueRequired\":true,\"valueName\":\"search_term_string\"}}],\"inLanguage\":\"lv-LV\"}]}<\/script>\n<!-- \/ Yoast SEO plugin. -->","yoast_head_json":{"title":"Clementoni Supercolor Juras laikmeta pasaules puzle 180 gab. - Toys.lt","description":"Juras laikmeta pasaules 180 gabali\u0146u puzle b\u0113rniem no 7 gadiem. Aizraujo\u0161i dinozauri, augsta drukas kvalit\u0101te un izgl\u012btojo\u0161a sp\u0113le b\u0113rniem.","robots":{"index":"index","follow":"follow","max-snippet":"max-snippet:-1","max-image-preview":"max-image-preview:large","max-video-preview":"max-video-preview:-1"},"canonical":"https:\/\/toys.lt\/lv\/produktas\/clementoni-supercolor-juras-laikmeta-pasaules-puzle-180-gab\/","og_locale":"lv_LV","og_type":"article","og_title":"Clementoni Supercolor Juras laikmeta pasaules puzle 180 gab. - Toys.lt","og_description":"Juras laikmeta pasaules 180 gabali\u0146u puzle b\u0113rniem no 7 gadiem. Aizraujo\u0161i dinozauri, augsta drukas kvalit\u0101te un izgl\u012btojo\u0161a sp\u0113le b\u0113rniem.","og_url":"https:\/\/toys.lt\/lv\/produktas\/clementoni-supercolor-juras-laikmeta-pasaules-puzle-180-gab\/","og_site_name":"Toys.lt","article_modified_time":"2026-04-08T00:01:20+00:00","og_image":[{"width":1500,"height":1265,"url":"https:\/\/toys.lt\/wp-content\/uploads\/2025\/08\/29106-delione-1.jpg","type":"image\/jpeg"}],"twitter_card":"summary_large_image","twitter_misc":{"Est. reading time":"1 minute"},"schema":{"@context":"https:\/\/schema.org","@graph":[{"@type":"WebPage","@id":"https:\/\/toys.lt\/lv\/produktas\/clementoni-supercolor-juras-laikmeta-pasaules-puzle-180-gab\/","url":"https:\/\/toys.lt\/lv\/produktas\/clementoni-supercolor-juras-laikmeta-pasaules-puzle-180-gab\/","name":"Clementoni Supercolor Juras laikmeta pasaules puzle 180 gab. - Toys.lt","isPartOf":{"@id":"https:\/\/toys.lt\/lv\/#website"},"primaryImageOfPage":{"@id":"https:\/\/toys.lt\/lv\/produktas\/clementoni-supercolor-juras-laikmeta-pasaules-puzle-180-gab\/#primaryimage"},"image":{"@id":"https:\/\/toys.lt\/lv\/produktas\/clementoni-supercolor-juras-laikmeta-pasaules-puzle-180-gab\/#primaryimage"},"thumbnailUrl":"https:\/\/toys.lt\/wp-content\/uploads\/2025\/08\/29106-delione-1.jpg","datePublished":"2025-08-27T22:47:15+00:00","dateModified":"2026-04-08T00:01:20+00:00","description":"Juras laikmeta pasaules 180 gabali\u0146u puzle b\u0113rniem no 7 gadiem. Aizraujo\u0161i dinozauri, augsta drukas kvalit\u0101te un izgl\u012btojo\u0161a sp\u0113le b\u0113rniem.","breadcrumb":{"@id":"https:\/\/toys.lt\/lv\/produktas\/clementoni-supercolor-juras-laikmeta-pasaules-puzle-180-gab\/#breadcrumb"},"inLanguage":"lv-LV","potentialAction":[{"@type":"ReadAction","target":["https:\/\/toys.lt\/lv\/produktas\/clementoni-supercolor-juras-laikmeta-pasaules-puzle-180-gab\/"]}]},{"@type":"ImageObject","inLanguage":"lv-LV","@id":"https:\/\/toys.lt\/lv\/produktas\/clementoni-supercolor-juras-laikmeta-pasaules-puzle-180-gab\/#primaryimage","url":"https:\/\/toys.lt\/wp-content\/uploads\/2025\/08\/29106-delione-1.jpg","contentUrl":"https:\/\/toys.lt\/wp-content\/uploads\/2025\/08\/29106-delione-1.jpg","width":1500,"height":1265},{"@type":"BreadcrumbList","@id":"https:\/\/toys.lt\/lv\/produktas\/clementoni-supercolor-juras-laikmeta-pasaules-puzle-180-gab\/#breadcrumb","itemListElement":[{"@type":"ListItem","position":1,"name":"Home","item":"https:\/\/toys.lt\/lv\/"},{"@type":"ListItem","position":2,"name":"Veikals","item":"https:\/\/toys.lt\/lv\/shop\/"},{"@type":"ListItem","position":3,"name":"Clementoni Supercolor Juras laikmeta pasaules puzle 180 gab."}]},{"@type":"WebSite","@id":"https:\/\/toys.lt\/lv\/#website","url":"https:\/\/toys.lt\/lv\/","name":"Toys.lt","description":"","potentialAction":[{"@type":"SearchAction","target":{"@type":"EntryPoint","urlTemplate":"https:\/\/toys.lt\/lv\/?s={search_term_string}"},"query-input":{"@type":"PropertyValueSpecification","valueRequired":true,"valueName":"search_term_string"}}],"inLanguage":"lv-LV"}]}},"_links":{"self":[{"href":"https:\/\/toys.lt\/lv\/wp-json\/wp\/v2\/product\/45636","targetHints":{"allow":["GET"]}}],"collection":[{"href":"https:\/\/toys.lt\/lv\/wp-json\/wp\/v2\/product"}],"about":[{"href":"https:\/\/toys.lt\/lv\/wp-json\/wp\/v2\/types\/product"}],"replies":[{"embeddable":true,"href":"https:\/\/toys.lt\/lv\/wp-json\/wp\/v2\/comments?post=45636"}],"version-history":[{"count":0,"href":"https:\/\/toys.lt\/lv\/wp-json\/wp\/v2\/product\/45636\/revisions"}],"wp:featuredmedia":[{"embeddable":true,"href":"https:\/\/toys.lt\/lv\/wp-json\/wp\/v2\/media\/44159"}],"wp:attachment":[{"href":"https:\/\/toys.lt\/lv\/wp-json\/wp\/v2\/media?parent=45636"}],"wp:term":[{"taxonomy":"product_brand","embeddable":true,"href":"https:\/\/toys.lt\/lv\/wp-json\/wp\/v2\/product_brand?post=45636"},{"taxonomy":"product_cat","embeddable":true,"href":"https:\/\/toys.lt\/lv\/wp-json\/wp\/v2\/product_cat?post=45636"},{"taxonomy":"product_tag","embeddable":true,"href":"https:\/\/toys.lt\/lv\/wp-json\/wp\/v2\/product_tag?post=45636"}],"curies":[{"name":"wp","href":"https:\/\/api.w.org\/{rel}","templated":true}]}}