{"id":45627,"date":"2025-08-27T22:48:46","date_gmt":"2025-08-27T22:48:46","guid":{"rendered":"https:\/\/toys.lt\/produktas\/clementoni-dragon-trainer-puzzle-180-det\/"},"modified":"2026-04-08T00:01:20","modified_gmt":"2026-04-08T00:01:20","slug":"clementoni-dragon-trainer-puzzle-180-det","status":"publish","type":"product","link":"https:\/\/toys.lt\/lv\/produktas\/clementoni-dragon-trainer-puzzle-180-det\/","title":{"rendered":"Clementoni Dragon Trainer Puzzle 180 det"},"content":{"rendered":"<p class=\"MsoNormal\" style=\"margin: 0px; font-size: medium; color: #7a7a7a; padding: 0px; line-height: inherit; border: 0px; font-family: Roboto, sans-serif; background-color: #fefefe; text-align: center;\" align=\"center\"><i style=\"line-height: inherit; margin: 0px; padding: 0px; border: 0px; font-variant: inherit; font-weight: inherit; font-size: inherit; font-family: inherit;\"><span style=\"margin: 0px; padding: 0px; border: 0px; font-style: inherit; font-variant: inherit; font-weight: inherit; font-size: 8.5pt; line-height: inherit; font-family: Verdana, sans-serif; color: #000000;\">Clementoni &#8211; dibin\u0101ts It\u0101lij\u0101 un veiksm\u012bgi darbojas jau vair\u0101k nek\u0101 50 gadus! Uz\u0146\u0113muma misija ir rad\u012bt sp\u0113les, kas pal\u012bdz b\u0113rniem augt.   <\/span><\/i><\/p>\n<p class=\"MsoNormal\" style=\"margin: 0px; font-size: medium; color: #7a7a7a; padding: 0px; line-height: inherit; border: 0px; font-family: Roboto, sans-serif; background-color: #fefefe; text-align: center;\" align=\"center\"><i style=\"line-height: inherit; margin: 0px; padding: 0px; border: 0px; font-variant: inherit; font-weight: inherit; font-size: inherit; font-family: inherit;\"><span style=\"margin: 0px; padding: 0px; border: 0px; font-style: inherit; font-variant: inherit; font-weight: inherit; font-size: 8.5pt; line-height: inherit; font-family: Verdana, sans-serif; color: #000000;\">Tas viss ir izstr\u0101d\u0101ts, lai apmierin\u0101tu jaunie\u0161u vajadz\u012bbas, \u0146emot v\u0113r\u0101 m\u016bsdienu tehnolo\u0123ijas un glob\u0101l\u0101s izgl\u012bt\u012bbas tendences.<\/span><\/i><\/p>\n<p class=\"MsoNormal\" style=\"margin: 0px; font-size: medium; color: #7a7a7a; padding: 0px; line-height: inherit; border: 0px; font-family: Roboto, sans-serif; background-color: #fefefe; text-align: center;\" align=\"center\"><i style=\"line-height: inherit; margin: 0px; padding: 0px; border: 0px; font-variant: inherit; font-weight: inherit; font-size: inherit; font-family: inherit;\"><span style=\"margin: 0px; padding: 0px; border: 0px; font-style: inherit; font-variant: inherit; font-weight: inherit; font-size: 8.5pt; line-height: inherit; font-family: Verdana, sans-serif; color: #000000;\">Puzle ir lieliska izklaide visai \u0123imenei. Klusie un omul\u012bgie vakari, kas pavad\u012bti \u0161aj\u0101 br\u012bni\u0161\u0137\u012bgaj\u0101 nodarb\u0113, ilgi paliks atmi\u0146\u0101! <\/span><\/i><\/p>\n<p data-start=\"4765\" data-end=\"4860\"><strong data-start=\"4765\" data-end=\"4786\">Pilns apraksts:<\/strong><br data-start=\"4786\" data-end=\"4789\">Dragon Trainer puzzle ar fant\u0101zijas pasauli, p\u016b\u0137i un j\u0101tnieku.<\/p>\n<p data-start=\"4862\" data-end=\"4878\"><strong data-start=\"4862\" data-end=\"4876\">Funkcijas:<\/strong><\/p>\n<ul data-start=\"4879\" data-end=\"4965\">\n<li data-start=\"4879\" data-end=\"4895\">\n<p data-start=\"4881\" data-end=\"4895\">180 da\u013cas;<\/p>\n<\/li>\n<li data-start=\"4896\" data-end=\"4931\">\n<p data-start=\"4898\" data-end=\"4931\">Kr\u0101sains fant\u0101zijas z\u012bm\u0113jums;<\/p>\n<\/li>\n<li data-start=\"4932\" data-end=\"4965\">\n<p data-start=\"4934\" data-end=\"4965\">Att\u012bsta uzman\u012bbu un paciet\u012bbu.<\/p>\n<\/li>\n<\/ul>\n<p data-start=\"4967\" data-end=\"5064\"><strong data-start=\"4967\" data-end=\"4996\">Citi tehniskie dati:<\/strong><br data-start=\"4996\" data-end=\"4999\">Saloc\u012bta puzle: 48,5\u00d733,5 cm.<br data-start=\"5028\" data-end=\"5031\">Ieteicamais vecums: no 7 gadiem.<\/p>\n","protected":false},"excerpt":{"rendered":"<p>Produkta veids: puzle<\/p>\n<p>Z\u012bmola nosaukums: Clementoni<\/p>\n<p>Izcelsmes valsts: It\u0101lija<\/p>\n<p>Iepakojuma izm\u0113ri: 24 x 34 x 4 cm<\/p>\n<p>Gabali\u0146u skaits: 180<\/p>\n<p>Puzzle izm\u0113ri: 48,5 x 33,5 cm<\/p>\n<p>Ieteicamais vecums: no 7 gadiem.<\/p>\n","protected":false},"featured_media":44167,"comment_status":"open","ping_status":"closed","template":"","meta":[],"product_brand":[384],"product_cat":[1406,1164,1153,1380],"product_tag":[],"class_list":{"0":"post-45627","1":"product","2":"type-product","3":"status-publish","4":"has-post-thumbnail","6":"product_brand-clementoni-2","7":"product_cat-letakais","8":"product_cat-miklas-berniem","9":"product_cat-puzles-puzle","10":"product_cat-zinas","11":"pa_amziaus-grupe-7-lv","12":"pa_dali-skaicius-180-lv","13":"pa_prekes-zenklas-clementoni-lv","14":"pa_tema-varoni-filmas","16":"first","17":"instock","18":"sale","19":"taxable","20":"shipping-taxable","21":"purchasable","22":"product-type-simple"},"yoast_head":"<!-- This site is optimized with the Yoast SEO plugin v27.6 - https:\/\/yoast.com\/product\/yoast-seo-wordpress\/ -->\n<title>Clementoni Dragon Trainer Puzzle 180 det - Toys.lt<\/title>\n<meta name=\"description\" content=\"Kr\u0101saina Clementoni Dragon Trainer puzle 180 gabali\u0146os. Fant\u0101zijas pasaules aina ar p\u016b\u0137i un j\u0101tnieku att\u012bsta v\u0113r\u012bgumu un lo\u0123isko dom\u0101\u0161anu.\" \/>\n<meta name=\"robots\" content=\"index, follow, max-snippet:-1, max-image-preview:large, max-video-preview:-1\" \/>\n<link rel=\"canonical\" href=\"https:\/\/toys.lt\/lv\/produktas\/clementoni-dragon-trainer-puzzle-180-det\/\" \/>\n<meta property=\"og:locale\" content=\"lv_LV\" \/>\n<meta property=\"og:type\" content=\"article\" \/>\n<meta property=\"og:title\" content=\"Clementoni Dragon Trainer Puzzle 180 det - Toys.lt\" \/>\n<meta property=\"og:description\" content=\"Kr\u0101saina Clementoni Dragon Trainer puzle 180 gabali\u0146os. Fant\u0101zijas pasaules aina ar p\u016b\u0137i un j\u0101tnieku att\u012bsta v\u0113r\u012bgumu un lo\u0123isko dom\u0101\u0161anu.\" \/>\n<meta property=\"og:url\" content=\"https:\/\/toys.lt\/lv\/produktas\/clementoni-dragon-trainer-puzzle-180-det\/\" \/>\n<meta property=\"og:site_name\" content=\"Toys.lt\" \/>\n<meta property=\"article:modified_time\" content=\"2026-04-08T00:01:20+00:00\" \/>\n<meta property=\"og:image\" content=\"https:\/\/toys.lt\/wp-content\/uploads\/2025\/08\/29793-delione-1.jpg\" \/>\n\t<meta property=\"og:image:width\" content=\"469\" \/>\n\t<meta property=\"og:image:height\" content=\"628\" \/>\n\t<meta property=\"og:image:type\" content=\"image\/jpeg\" \/>\n<meta name=\"twitter:card\" content=\"summary_large_image\" \/>\n<meta name=\"twitter:label1\" content=\"Est. reading time\" \/>\n\t<meta name=\"twitter:data1\" content=\"1 minute\" \/>\n<script type=\"application\/ld+json\" class=\"yoast-schema-graph\">{\"@context\":\"https:\\\/\\\/schema.org\",\"@graph\":[{\"@type\":\"WebPage\",\"@id\":\"https:\\\/\\\/toys.lt\\\/lv\\\/produktas\\\/clementoni-dragon-trainer-puzzle-180-det\\\/\",\"url\":\"https:\\\/\\\/toys.lt\\\/lv\\\/produktas\\\/clementoni-dragon-trainer-puzzle-180-det\\\/\",\"name\":\"Clementoni Dragon Trainer Puzzle 180 det - Toys.lt\",\"isPartOf\":{\"@id\":\"https:\\\/\\\/toys.lt\\\/lv\\\/#website\"},\"primaryImageOfPage\":{\"@id\":\"https:\\\/\\\/toys.lt\\\/lv\\\/produktas\\\/clementoni-dragon-trainer-puzzle-180-det\\\/#primaryimage\"},\"image\":{\"@id\":\"https:\\\/\\\/toys.lt\\\/lv\\\/produktas\\\/clementoni-dragon-trainer-puzzle-180-det\\\/#primaryimage\"},\"thumbnailUrl\":\"https:\\\/\\\/toys.lt\\\/wp-content\\\/uploads\\\/2025\\\/08\\\/29793-delione-1.jpg\",\"datePublished\":\"2025-08-27T22:48:46+00:00\",\"dateModified\":\"2026-04-08T00:01:20+00:00\",\"description\":\"Kr\u0101saina Clementoni Dragon Trainer puzle 180 gabali\u0146os. Fant\u0101zijas pasaules aina ar p\u016b\u0137i un j\u0101tnieku att\u012bsta v\u0113r\u012bgumu un lo\u0123isko dom\u0101\u0161anu.\",\"breadcrumb\":{\"@id\":\"https:\\\/\\\/toys.lt\\\/lv\\\/produktas\\\/clementoni-dragon-trainer-puzzle-180-det\\\/#breadcrumb\"},\"inLanguage\":\"lv-LV\",\"potentialAction\":[{\"@type\":\"ReadAction\",\"target\":[\"https:\\\/\\\/toys.lt\\\/lv\\\/produktas\\\/clementoni-dragon-trainer-puzzle-180-det\\\/\"]}]},{\"@type\":\"ImageObject\",\"inLanguage\":\"lv-LV\",\"@id\":\"https:\\\/\\\/toys.lt\\\/lv\\\/produktas\\\/clementoni-dragon-trainer-puzzle-180-det\\\/#primaryimage\",\"url\":\"https:\\\/\\\/toys.lt\\\/wp-content\\\/uploads\\\/2025\\\/08\\\/29793-delione-1.jpg\",\"contentUrl\":\"https:\\\/\\\/toys.lt\\\/wp-content\\\/uploads\\\/2025\\\/08\\\/29793-delione-1.jpg\",\"width\":469,\"height\":628},{\"@type\":\"BreadcrumbList\",\"@id\":\"https:\\\/\\\/toys.lt\\\/lv\\\/produktas\\\/clementoni-dragon-trainer-puzzle-180-det\\\/#breadcrumb\",\"itemListElement\":[{\"@type\":\"ListItem\",\"position\":1,\"name\":\"Home\",\"item\":\"https:\\\/\\\/toys.lt\\\/lv\\\/\"},{\"@type\":\"ListItem\",\"position\":2,\"name\":\"Veikals\",\"item\":\"https:\\\/\\\/toys.lt\\\/lv\\\/shop\\\/\"},{\"@type\":\"ListItem\",\"position\":3,\"name\":\"Clementoni Dragon Trainer Puzzle 180 det\"}]},{\"@type\":\"WebSite\",\"@id\":\"https:\\\/\\\/toys.lt\\\/lv\\\/#website\",\"url\":\"https:\\\/\\\/toys.lt\\\/lv\\\/\",\"name\":\"Toys.lt\",\"description\":\"\",\"potentialAction\":[{\"@type\":\"SearchAction\",\"target\":{\"@type\":\"EntryPoint\",\"urlTemplate\":\"https:\\\/\\\/toys.lt\\\/lv\\\/?s={search_term_string}\"},\"query-input\":{\"@type\":\"PropertyValueSpecification\",\"valueRequired\":true,\"valueName\":\"search_term_string\"}}],\"inLanguage\":\"lv-LV\"}]}<\/script>\n<!-- \/ Yoast SEO plugin. -->","yoast_head_json":{"title":"Clementoni Dragon Trainer Puzzle 180 det - Toys.lt","description":"Kr\u0101saina Clementoni Dragon Trainer puzle 180 gabali\u0146os. Fant\u0101zijas pasaules aina ar p\u016b\u0137i un j\u0101tnieku att\u012bsta v\u0113r\u012bgumu un lo\u0123isko dom\u0101\u0161anu.","robots":{"index":"index","follow":"follow","max-snippet":"max-snippet:-1","max-image-preview":"max-image-preview:large","max-video-preview":"max-video-preview:-1"},"canonical":"https:\/\/toys.lt\/lv\/produktas\/clementoni-dragon-trainer-puzzle-180-det\/","og_locale":"lv_LV","og_type":"article","og_title":"Clementoni Dragon Trainer Puzzle 180 det - Toys.lt","og_description":"Kr\u0101saina Clementoni Dragon Trainer puzle 180 gabali\u0146os. Fant\u0101zijas pasaules aina ar p\u016b\u0137i un j\u0101tnieku att\u012bsta v\u0113r\u012bgumu un lo\u0123isko dom\u0101\u0161anu.","og_url":"https:\/\/toys.lt\/lv\/produktas\/clementoni-dragon-trainer-puzzle-180-det\/","og_site_name":"Toys.lt","article_modified_time":"2026-04-08T00:01:20+00:00","og_image":[{"width":469,"height":628,"url":"https:\/\/toys.lt\/wp-content\/uploads\/2025\/08\/29793-delione-1.jpg","type":"image\/jpeg"}],"twitter_card":"summary_large_image","twitter_misc":{"Est. reading time":"1 minute"},"schema":{"@context":"https:\/\/schema.org","@graph":[{"@type":"WebPage","@id":"https:\/\/toys.lt\/lv\/produktas\/clementoni-dragon-trainer-puzzle-180-det\/","url":"https:\/\/toys.lt\/lv\/produktas\/clementoni-dragon-trainer-puzzle-180-det\/","name":"Clementoni Dragon Trainer Puzzle 180 det - Toys.lt","isPartOf":{"@id":"https:\/\/toys.lt\/lv\/#website"},"primaryImageOfPage":{"@id":"https:\/\/toys.lt\/lv\/produktas\/clementoni-dragon-trainer-puzzle-180-det\/#primaryimage"},"image":{"@id":"https:\/\/toys.lt\/lv\/produktas\/clementoni-dragon-trainer-puzzle-180-det\/#primaryimage"},"thumbnailUrl":"https:\/\/toys.lt\/wp-content\/uploads\/2025\/08\/29793-delione-1.jpg","datePublished":"2025-08-27T22:48:46+00:00","dateModified":"2026-04-08T00:01:20+00:00","description":"Kr\u0101saina Clementoni Dragon Trainer puzle 180 gabali\u0146os. Fant\u0101zijas pasaules aina ar p\u016b\u0137i un j\u0101tnieku att\u012bsta v\u0113r\u012bgumu un lo\u0123isko dom\u0101\u0161anu.","breadcrumb":{"@id":"https:\/\/toys.lt\/lv\/produktas\/clementoni-dragon-trainer-puzzle-180-det\/#breadcrumb"},"inLanguage":"lv-LV","potentialAction":[{"@type":"ReadAction","target":["https:\/\/toys.lt\/lv\/produktas\/clementoni-dragon-trainer-puzzle-180-det\/"]}]},{"@type":"ImageObject","inLanguage":"lv-LV","@id":"https:\/\/toys.lt\/lv\/produktas\/clementoni-dragon-trainer-puzzle-180-det\/#primaryimage","url":"https:\/\/toys.lt\/wp-content\/uploads\/2025\/08\/29793-delione-1.jpg","contentUrl":"https:\/\/toys.lt\/wp-content\/uploads\/2025\/08\/29793-delione-1.jpg","width":469,"height":628},{"@type":"BreadcrumbList","@id":"https:\/\/toys.lt\/lv\/produktas\/clementoni-dragon-trainer-puzzle-180-det\/#breadcrumb","itemListElement":[{"@type":"ListItem","position":1,"name":"Home","item":"https:\/\/toys.lt\/lv\/"},{"@type":"ListItem","position":2,"name":"Veikals","item":"https:\/\/toys.lt\/lv\/shop\/"},{"@type":"ListItem","position":3,"name":"Clementoni Dragon Trainer Puzzle 180 det"}]},{"@type":"WebSite","@id":"https:\/\/toys.lt\/lv\/#website","url":"https:\/\/toys.lt\/lv\/","name":"Toys.lt","description":"","potentialAction":[{"@type":"SearchAction","target":{"@type":"EntryPoint","urlTemplate":"https:\/\/toys.lt\/lv\/?s={search_term_string}"},"query-input":{"@type":"PropertyValueSpecification","valueRequired":true,"valueName":"search_term_string"}}],"inLanguage":"lv-LV"}]}},"_links":{"self":[{"href":"https:\/\/toys.lt\/lv\/wp-json\/wp\/v2\/product\/45627","targetHints":{"allow":["GET"]}}],"collection":[{"href":"https:\/\/toys.lt\/lv\/wp-json\/wp\/v2\/product"}],"about":[{"href":"https:\/\/toys.lt\/lv\/wp-json\/wp\/v2\/types\/product"}],"replies":[{"embeddable":true,"href":"https:\/\/toys.lt\/lv\/wp-json\/wp\/v2\/comments?post=45627"}],"version-history":[{"count":0,"href":"https:\/\/toys.lt\/lv\/wp-json\/wp\/v2\/product\/45627\/revisions"}],"wp:featuredmedia":[{"embeddable":true,"href":"https:\/\/toys.lt\/lv\/wp-json\/wp\/v2\/media\/44167"}],"wp:attachment":[{"href":"https:\/\/toys.lt\/lv\/wp-json\/wp\/v2\/media?parent=45627"}],"wp:term":[{"taxonomy":"product_brand","embeddable":true,"href":"https:\/\/toys.lt\/lv\/wp-json\/wp\/v2\/product_brand?post=45627"},{"taxonomy":"product_cat","embeddable":true,"href":"https:\/\/toys.lt\/lv\/wp-json\/wp\/v2\/product_cat?post=45627"},{"taxonomy":"product_tag","embeddable":true,"href":"https:\/\/toys.lt\/lv\/wp-json\/wp\/v2\/product_tag?post=45627"}],"curies":[{"name":"wp","href":"https:\/\/api.w.org\/{rel}","templated":true}]}}