{"id":45626,"date":"2025-08-25T22:08:23","date_gmt":"2025-08-25T22:08:23","guid":{"rendered":"https:\/\/toys.lt\/produktas\/led-mugursomas-maska-edition-ar-animetam-acim-2\/"},"modified":"2026-04-08T00:01:23","modified_gmt":"2026-04-08T00:01:23","slug":"led-mugursomas-maska-edition-ar-animetam-acim-2","status":"publish","type":"product","link":"https:\/\/toys.lt\/lv\/produktas\/led-mugursomas-maska-edition-ar-animetam-acim-2\/","title":{"rendered":"LED mugursomas maska Edition ar anim\u0113t\u0101m ac\u012bm"},"content":{"rendered":"<p data-start=\"193\" data-end=\"515\">Stil\u012bga un ekskluz\u012bva LED mugursoma &#8220;Mask Edition&#8221; ar &#8220;acu&#8221; displeju!<br data-start=\"275\" data-end=\"278\">T\u0101 ir ne tikai \u0113rta ikdienas mugursoma, bet ar\u012b stila akcents, kas \u013caus jums izcelties no p\u016b\u013ca. LED ekr\u0101n\u0101 tiek r\u0101d\u012btas anim\u0113tas acis, kuras var main\u012bt atbilsto\u0161i j\u016bsu noska\u0146ojumam vai stilam, t\u0101d\u0113j\u0101di pie\u0161\u0137irot mugursomai piln\u012bgi unik\u0101lu raksturu. <\/p>\n<p data-start=\"517\" data-end=\"756\">To ir viegli kontrol\u0113t &#8211; varat main\u012bt efektus, anim\u0101cijas un acu izteiksmes, lejupiel\u0101d\u0113jot \u012bpa\u0161u lietotni t\u0101lrun\u012b, izmantojot Bluetooth. Iztur\u012bg\u0101 ABS plastmasas un poliestera konstrukcija nodro\u0161ina ilgu kalpo\u0161anas laiku un \u0113rtu ikdienas lieto\u0161anu. <\/p>\n<hr data-start=\"758\" data-end=\"761\">\n<p data-start=\"763\" data-end=\"778\"><strong data-start=\"765\" data-end=\"776\">\u2b50 Funkcijas<\/strong><\/p>\n<ul data-start=\"779\" data-end=\"1099\">\n<li data-start=\"779\" data-end=\"837\">\n<p data-start=\"781\" data-end=\"837\">Darbojas ar \u0101r\u0113jo akumulatoru (&#8220;powerbank&#8221;), kas nav iek\u013cauts komplekt\u0101cij\u0101.<\/p>\n<\/li>\n<li data-start=\"838\" data-end=\"867\">\n<p data-start=\"840\" data-end=\"867\">Bluetooth vad\u012bba.<\/p>\n<\/li>\n<li data-start=\"868\" data-end=\"945\">\n<p data-start=\"870\" data-end=\"945\">\u012apa\u0161\u0101 lietotne \u013cauj main\u012bt acu izteiksmes, anim\u0101cijas un efektus.<\/p>\n<\/li>\n<li data-start=\"946\" data-end=\"1018\">\n<p data-start=\"948\" data-end=\"1018\">Fut\u016bristisks, iztur\u012bgs dizains &#8211; stila un funkcionalit\u0101tes apvienojums.<\/p>\n<\/li>\n<li data-start=\"1019\" data-end=\"1099\">\n<p data-start=\"1021\" data-end=\"1099\">Lieliski noder\u0113s ikdien\u0101 vai k\u0101 unik\u0101ls stila akcents.<\/p>\n<\/li>\n<\/ul>\n<hr data-start=\"1101\" data-end=\"1104\">\n<p data-start=\"1106\" data-end=\"1135\">\ud83d\udd27 <strong data-start=\"1109\" data-end=\"1133\">Tehnisk\u0101 inform\u0101cija<\/strong><\/p>\n<ul data-start=\"1136\" data-end=\"1320\">\n<li data-start=\"1136\" data-end=\"1168\">\n<p data-start=\"1138\" data-end=\"1168\">Izm\u0113ri: 37 \u00d7 25 \u00d7 48 cm<\/p>\n<\/li>\n<li data-start=\"1169\" data-end=\"1209\">\n<p data-start=\"1171\" data-end=\"1209\">Materi\u0101ls: ABS plastmasa, poliesteris<\/p>\n<\/li>\n<li data-start=\"1210\" data-end=\"1235\">\n<p data-start=\"1212\" data-end=\"1235\">Vad\u012bba: Bluetooth<\/p>\n<\/li>\n<li data-start=\"1236\" data-end=\"1295\">\n<p data-start=\"1238\" data-end=\"1295\">Baro\u0161ana: \u0101r\u0113j\u0101 baterija (powerbank), nav iek\u013cauta komplekt\u0101<\/p>\n<\/li>\n<\/ul>\n<p>&nbsp;<\/p>\n<div class=\"wonderplugin-video\" style=\"width:600px;height:400px;position:relative;display:block;background-color:#000;overflow:hidden;max-width:100%;margin:0 auto\" data-aspectratio=\"1.5\"><div class=\"wpve-videoplayer\" style=\"display:block;position:relative;width:100%;height:100%\" data-mp4=\"https:\/\/toys.lt\/wp-content\/uploads\/2025\/08\/kuprine-kauke-carbon-video-1.mp4\" data-skinfolder=\"https:\/\/toys.lt\/wp-content\/plugins\/wonderplugin-video-embed\/engine\/\" data-playbutton=\"https:\/\/toys.lt\/wp-content\/plugins\/wonderplugin-video-embed\/engine\/playvideo-64-64-0.png\"><\/div><\/div>\n","protected":false},"excerpt":{"rendered":"<p>Izstr\u0101d\u0101juma tips: mugursoma<\/p>\n<p>Izcelsmes valsts: \u0136\u012bna<\/p>\n<p>Materi\u0101ls: ABS plastmasa, poliesters<\/p>\n<p>Izstr\u0101d\u0101juma izm\u0113ri: 37 x 25 x 48 cm<\/p>\n<p>Darbojas ar \u0101r\u0113jo akumulatoru (powerbank), nav iek\u013cauts komplekt\u0101<\/p>\n<p>Vad\u012bba: Bluetooth<\/p>\n","protected":false},"featured_media":44906,"comment_status":"open","ping_status":"closed","template":"","meta":[],"product_brand":[],"product_cat":[1382,1380],"product_tag":[],"class_list":{"0":"post-45626","1":"product","2":"type-product","3":"status-publish","4":"has-post-thumbnail","6":"product_cat-led-mugursomas","7":"product_cat-zinas","9":"first","10":"instock","11":"taxable","12":"shipping-taxable","13":"purchasable","14":"product-type-simple"},"yoast_head":"<!-- This site is optimized with the Yoast SEO plugin v26.3 - https:\/\/yoast.com\/wordpress\/plugins\/seo\/ -->\n<title>LED mugursomas maska Edition ar anim\u0113t\u0101m ac\u012bm - Toys.lt<\/title>\n<meta name=\"description\" content=\"LED mugursomas maska Edition ar anim\u0113t\u0101m ac\u012bm. Bluetooth vad\u012bba, main\u0101mas izteiksmes un efekti. Fut\u016bristisks, iztur\u012bgs dizains.\" \/>\n<meta name=\"robots\" content=\"index, follow, max-snippet:-1, max-image-preview:large, max-video-preview:-1\" \/>\n<link rel=\"canonical\" href=\"https:\/\/toys.lt\/lv\/produktas\/led-mugursomas-maska-edition-ar-animetam-acim-2\/\" \/>\n<meta property=\"og:locale\" content=\"lv_LV\" \/>\n<meta property=\"og:type\" content=\"article\" \/>\n<meta property=\"og:title\" content=\"LED mugursomas maska Edition ar anim\u0113t\u0101m ac\u012bm - Toys.lt\" \/>\n<meta property=\"og:description\" content=\"LED mugursomas maska Edition ar anim\u0113t\u0101m ac\u012bm. Bluetooth vad\u012bba, main\u0101mas izteiksmes un efekti. Fut\u016bristisks, iztur\u012bgs dizains.\" \/>\n<meta property=\"og:url\" content=\"https:\/\/toys.lt\/lv\/produktas\/led-mugursomas-maska-edition-ar-animetam-acim-2\/\" \/>\n<meta property=\"og:site_name\" content=\"Toys.lt\" \/>\n<meta property=\"article:modified_time\" content=\"2026-04-08T00:01:23+00:00\" \/>\n<meta property=\"og:image\" content=\"https:\/\/toys.lt\/wp-content\/uploads\/2025\/08\/kuprine-kauke-carbon-1.jpg\" \/>\n\t<meta property=\"og:image:width\" content=\"800\" \/>\n\t<meta property=\"og:image:height\" content=\"800\" \/>\n\t<meta property=\"og:image:type\" content=\"image\/jpeg\" \/>\n<meta name=\"twitter:card\" content=\"summary_large_image\" \/>\n<meta name=\"twitter:label1\" content=\"Est. reading time\" \/>\n\t<meta name=\"twitter:data1\" content=\"1 minute\" \/>\n<script type=\"application\/ld+json\" class=\"yoast-schema-graph\">{\"@context\":\"https:\/\/schema.org\",\"@graph\":[{\"@type\":\"WebPage\",\"@id\":\"https:\/\/toys.lt\/lv\/produktas\/led-mugursomas-maska-edition-ar-animetam-acim-2\/\",\"url\":\"https:\/\/toys.lt\/lv\/produktas\/led-mugursomas-maska-edition-ar-animetam-acim-2\/\",\"name\":\"LED mugursomas maska Edition ar anim\u0113t\u0101m ac\u012bm - Toys.lt\",\"isPartOf\":{\"@id\":\"https:\/\/toys.lt\/lv\/#website\"},\"primaryImageOfPage\":{\"@id\":\"https:\/\/toys.lt\/lv\/produktas\/led-mugursomas-maska-edition-ar-animetam-acim-2\/#primaryimage\"},\"image\":{\"@id\":\"https:\/\/toys.lt\/lv\/produktas\/led-mugursomas-maska-edition-ar-animetam-acim-2\/#primaryimage\"},\"thumbnailUrl\":\"https:\/\/toys.lt\/wp-content\/uploads\/2025\/08\/kuprine-kauke-carbon-1.jpg\",\"datePublished\":\"2025-08-25T22:08:23+00:00\",\"dateModified\":\"2026-04-08T00:01:23+00:00\",\"description\":\"LED mugursomas maska Edition ar anim\u0113t\u0101m ac\u012bm. Bluetooth vad\u012bba, main\u0101mas izteiksmes un efekti. Fut\u016bristisks, iztur\u012bgs dizains.\",\"breadcrumb\":{\"@id\":\"https:\/\/toys.lt\/lv\/produktas\/led-mugursomas-maska-edition-ar-animetam-acim-2\/#breadcrumb\"},\"inLanguage\":\"lv-LV\",\"potentialAction\":[{\"@type\":\"ReadAction\",\"target\":[\"https:\/\/toys.lt\/lv\/produktas\/led-mugursomas-maska-edition-ar-animetam-acim-2\/\"]}]},{\"@type\":\"ImageObject\",\"inLanguage\":\"lv-LV\",\"@id\":\"https:\/\/toys.lt\/lv\/produktas\/led-mugursomas-maska-edition-ar-animetam-acim-2\/#primaryimage\",\"url\":\"https:\/\/toys.lt\/wp-content\/uploads\/2025\/08\/kuprine-kauke-carbon-1.jpg\",\"contentUrl\":\"https:\/\/toys.lt\/wp-content\/uploads\/2025\/08\/kuprine-kauke-carbon-1.jpg\",\"width\":800,\"height\":800},{\"@type\":\"BreadcrumbList\",\"@id\":\"https:\/\/toys.lt\/lv\/produktas\/led-mugursomas-maska-edition-ar-animetam-acim-2\/#breadcrumb\",\"itemListElement\":[{\"@type\":\"ListItem\",\"position\":1,\"name\":\"Home\",\"item\":\"https:\/\/toys.lt\/lv\/\"},{\"@type\":\"ListItem\",\"position\":2,\"name\":\"Veikals\",\"item\":\"https:\/\/toys.lt\/lv\/shop\/\"},{\"@type\":\"ListItem\",\"position\":3,\"name\":\"LED mugursomas maska Edition ar anim\u0113t\u0101m ac\u012bm\"}]},{\"@type\":\"WebSite\",\"@id\":\"https:\/\/toys.lt\/lv\/#website\",\"url\":\"https:\/\/toys.lt\/lv\/\",\"name\":\"Toys.lt\",\"description\":\"\",\"potentialAction\":[{\"@type\":\"SearchAction\",\"target\":{\"@type\":\"EntryPoint\",\"urlTemplate\":\"https:\/\/toys.lt\/lv\/?s={search_term_string}\"},\"query-input\":{\"@type\":\"PropertyValueSpecification\",\"valueRequired\":true,\"valueName\":\"search_term_string\"}}],\"inLanguage\":\"lv-LV\"}]}<\/script>\n<!-- \/ Yoast SEO plugin. -->","yoast_head_json":{"title":"LED mugursomas maska Edition ar anim\u0113t\u0101m ac\u012bm - Toys.lt","description":"LED mugursomas maska Edition ar anim\u0113t\u0101m ac\u012bm. Bluetooth vad\u012bba, main\u0101mas izteiksmes un efekti. Fut\u016bristisks, iztur\u012bgs dizains.","robots":{"index":"index","follow":"follow","max-snippet":"max-snippet:-1","max-image-preview":"max-image-preview:large","max-video-preview":"max-video-preview:-1"},"canonical":"https:\/\/toys.lt\/lv\/produktas\/led-mugursomas-maska-edition-ar-animetam-acim-2\/","og_locale":"lv_LV","og_type":"article","og_title":"LED mugursomas maska Edition ar anim\u0113t\u0101m ac\u012bm - Toys.lt","og_description":"LED mugursomas maska Edition ar anim\u0113t\u0101m ac\u012bm. Bluetooth vad\u012bba, main\u0101mas izteiksmes un efekti. Fut\u016bristisks, iztur\u012bgs dizains.","og_url":"https:\/\/toys.lt\/lv\/produktas\/led-mugursomas-maska-edition-ar-animetam-acim-2\/","og_site_name":"Toys.lt","article_modified_time":"2026-04-08T00:01:23+00:00","og_image":[{"width":800,"height":800,"url":"https:\/\/toys.lt\/wp-content\/uploads\/2025\/08\/kuprine-kauke-carbon-1.jpg","type":"image\/jpeg"}],"twitter_card":"summary_large_image","twitter_misc":{"Est. reading time":"1 minute"},"schema":{"@context":"https:\/\/schema.org","@graph":[{"@type":"WebPage","@id":"https:\/\/toys.lt\/lv\/produktas\/led-mugursomas-maska-edition-ar-animetam-acim-2\/","url":"https:\/\/toys.lt\/lv\/produktas\/led-mugursomas-maska-edition-ar-animetam-acim-2\/","name":"LED mugursomas maska Edition ar anim\u0113t\u0101m ac\u012bm - Toys.lt","isPartOf":{"@id":"https:\/\/toys.lt\/lv\/#website"},"primaryImageOfPage":{"@id":"https:\/\/toys.lt\/lv\/produktas\/led-mugursomas-maska-edition-ar-animetam-acim-2\/#primaryimage"},"image":{"@id":"https:\/\/toys.lt\/lv\/produktas\/led-mugursomas-maska-edition-ar-animetam-acim-2\/#primaryimage"},"thumbnailUrl":"https:\/\/toys.lt\/wp-content\/uploads\/2025\/08\/kuprine-kauke-carbon-1.jpg","datePublished":"2025-08-25T22:08:23+00:00","dateModified":"2026-04-08T00:01:23+00:00","description":"LED mugursomas maska Edition ar anim\u0113t\u0101m ac\u012bm. Bluetooth vad\u012bba, main\u0101mas izteiksmes un efekti. Fut\u016bristisks, iztur\u012bgs dizains.","breadcrumb":{"@id":"https:\/\/toys.lt\/lv\/produktas\/led-mugursomas-maska-edition-ar-animetam-acim-2\/#breadcrumb"},"inLanguage":"lv-LV","potentialAction":[{"@type":"ReadAction","target":["https:\/\/toys.lt\/lv\/produktas\/led-mugursomas-maska-edition-ar-animetam-acim-2\/"]}]},{"@type":"ImageObject","inLanguage":"lv-LV","@id":"https:\/\/toys.lt\/lv\/produktas\/led-mugursomas-maska-edition-ar-animetam-acim-2\/#primaryimage","url":"https:\/\/toys.lt\/wp-content\/uploads\/2025\/08\/kuprine-kauke-carbon-1.jpg","contentUrl":"https:\/\/toys.lt\/wp-content\/uploads\/2025\/08\/kuprine-kauke-carbon-1.jpg","width":800,"height":800},{"@type":"BreadcrumbList","@id":"https:\/\/toys.lt\/lv\/produktas\/led-mugursomas-maska-edition-ar-animetam-acim-2\/#breadcrumb","itemListElement":[{"@type":"ListItem","position":1,"name":"Home","item":"https:\/\/toys.lt\/lv\/"},{"@type":"ListItem","position":2,"name":"Veikals","item":"https:\/\/toys.lt\/lv\/shop\/"},{"@type":"ListItem","position":3,"name":"LED mugursomas maska Edition ar anim\u0113t\u0101m ac\u012bm"}]},{"@type":"WebSite","@id":"https:\/\/toys.lt\/lv\/#website","url":"https:\/\/toys.lt\/lv\/","name":"Toys.lt","description":"","potentialAction":[{"@type":"SearchAction","target":{"@type":"EntryPoint","urlTemplate":"https:\/\/toys.lt\/lv\/?s={search_term_string}"},"query-input":{"@type":"PropertyValueSpecification","valueRequired":true,"valueName":"search_term_string"}}],"inLanguage":"lv-LV"}]}},"_links":{"self":[{"href":"https:\/\/toys.lt\/lv\/wp-json\/wp\/v2\/product\/45626","targetHints":{"allow":["GET"]}}],"collection":[{"href":"https:\/\/toys.lt\/lv\/wp-json\/wp\/v2\/product"}],"about":[{"href":"https:\/\/toys.lt\/lv\/wp-json\/wp\/v2\/types\/product"}],"replies":[{"embeddable":true,"href":"https:\/\/toys.lt\/lv\/wp-json\/wp\/v2\/comments?post=45626"}],"version-history":[{"count":0,"href":"https:\/\/toys.lt\/lv\/wp-json\/wp\/v2\/product\/45626\/revisions"}],"wp:featuredmedia":[{"embeddable":true,"href":"https:\/\/toys.lt\/lv\/wp-json\/wp\/v2\/media\/44906"}],"wp:attachment":[{"href":"https:\/\/toys.lt\/lv\/wp-json\/wp\/v2\/media?parent=45626"}],"wp:term":[{"taxonomy":"product_brand","embeddable":true,"href":"https:\/\/toys.lt\/lv\/wp-json\/wp\/v2\/product_brand?post=45626"},{"taxonomy":"product_cat","embeddable":true,"href":"https:\/\/toys.lt\/lv\/wp-json\/wp\/v2\/product_cat?post=45626"},{"taxonomy":"product_tag","embeddable":true,"href":"https:\/\/toys.lt\/lv\/wp-json\/wp\/v2\/product_tag?post=45626"}],"curies":[{"name":"wp","href":"https:\/\/api.w.org\/{rel}","templated":true}]}}