{"id":45558,"date":"2025-09-07T18:45:04","date_gmt":"2025-09-07T18:45:04","guid":{"rendered":"https:\/\/toys.lt\/produktas\/clementoni-archeo-fun-pteranodons-izglitojoss-komplekts\/"},"modified":"2026-04-08T00:01:16","modified_gmt":"2026-04-08T00:01:16","slug":"clementoni-archeo-fun-pteranodons-izglitojoss-komplekts","status":"publish","type":"product","link":"https:\/\/toys.lt\/lv\/produktas\/clementoni-archeo-fun-pteranodons-izglitojoss-komplekts\/","title":{"rendered":"Clementoni Archeo Fun Pteranodons izgl\u012btojo\u0161s komplekts"},"content":{"rendered":"<p class=\"MsoNormal\" style=\"text-align: center;\" align=\"center\"><i><span style=\"font-size: 8.5pt; font-family: Verdana, 'sans-serif'; color: #000000;\">Clementoni &#8211; dibin\u0101ts It\u0101lij\u0101 un veiksm\u012bgi darbojas jau vair\u0101k nek\u0101 50 gadus! Uz\u0146\u0113muma misija ir rad\u012bt sp\u0113les, kas pal\u012bdz b\u0113rniem augt.   <\/span><\/i><\/p>\n<p class=\"MsoNormal\" style=\"text-align: center;\" align=\"center\"><i><span style=\"font-size: 8.5pt; font-family: Verdana, 'sans-serif'; color: #000000;\">Tas viss ir izstr\u0101d\u0101ts, lai apmierin\u0101tu jaunie\u0161u vajadz\u012bbas, \u0146emot v\u0113r\u0101 m\u016bsdienu tehnolo\u0123ijas un glob\u0101l\u0101s izgl\u012bt\u012bbas tendences.<\/span><\/i><\/p>\n<p data-start=\"153\" data-end=\"427\"><strong data-start=\"153\" data-end=\"206\">Clementoni Science &amp; Play Archeo Fun &#8220;Pteranodons&#8221;<\/strong> ir izgl\u012btojo\u0161s arheolo\u0123ijas komplekts b\u0113rniem, kas \u013cauj iepaz\u012bt dinozauru pasauli. Izrak\u0101jiet Pteranodona skeletu no \u0123ip\u0161a bloka un salieciet to iespaid\u012bg\u0101 3D model\u012b. Komplekts att\u012bsta zin\u0101tk\u0101ri, paciet\u012bbu un roku veikl\u012bbu.  <\/p>\n<h3 data-start=\"429\" data-end=\"444\">\u2b50 Funkcijas<\/h3>\n<ul data-start=\"445\" data-end=\"670\">\n<li data-start=\"445\" data-end=\"491\">\n<p data-start=\"447\" data-end=\"491\">Izgl\u012btojo\u0161s arheolo\u0123ijas komplekts b\u0113rniem.<\/p>\n<\/li>\n<li data-start=\"492\" data-end=\"540\">\n<p data-start=\"494\" data-end=\"540\">Izraksti pteranodona fosilijas no \u0123ip\u0161a bloka.<\/p>\n<\/li>\n<li data-start=\"541\" data-end=\"570\">\n<p data-start=\"543\" data-end=\"570\">Izveidojiet detaliz\u0113tu 3D skeletu.<\/p>\n<\/li>\n<li data-start=\"571\" data-end=\"623\">\n<p data-start=\"573\" data-end=\"623\">Att\u012bsta zin\u0101tk\u0101ri, nov\u0113ro\u0161anu un motoriku.<\/p>\n<\/li>\n<li data-start=\"624\" data-end=\"670\">\n<p data-start=\"626\" data-end=\"670\">Stimul\u0113 interesi par zin\u0101tni un v\u0113sturi.<\/p>\n<\/li>\n<\/ul>\n<h3 data-start=\"672\" data-end=\"701\">\ud83d\udd27 Tehnisk\u0101 inform\u0101cija<\/h3>\n<ul data-start=\"702\" data-end=\"920\">\n<li data-start=\"702\" data-end=\"741\">\n<p data-start=\"704\" data-end=\"741\">Ieteicamais vecums: no 7 gadiem.<\/p>\n<\/li>\n<li data-start=\"815\" data-end=\"839\">\n<p data-start=\"817\" data-end=\"839\">Ra\u017eots It\u0101lij\u0101.<\/p>\n<\/li>\n<li data-start=\"840\" data-end=\"920\">\n<p data-start=\"842\" data-end=\"920\">Dro\u0161\u012bbas br\u012bdin\u0101jums: mazo deta\u013cu d\u0113\u013c nav piem\u0113rots b\u0113rniem l\u012bdz 3 gadu (36 m\u0113ne\u0161u) vecumam.<\/p>\n<\/li>\n<\/ul>\n","protected":false},"excerpt":{"rendered":"<p>Produkta veids: izgl\u012btojo\u0161a sp\u0113le<\/p>\n<p>Z\u012bmola nosaukums: Clementoni<\/p>\n<p>Izcelsmes valsts: It\u0101lija<\/p>\n<p>Iepakojuma izm\u0113ri: 21 x 6 x 6 cm<\/p>\n<p>Ieteicamais vecums: no 7 gadiem.<\/p>\n","protected":false},"featured_media":44481,"comment_status":"open","ping_status":"closed","template":"","meta":[],"product_brand":[384],"product_cat":[1180,1176,1380,1157],"product_tag":[],"class_list":{"0":"post-45558","1":"product","2":"type-product","3":"status-publish","4":"has-post-thumbnail","6":"product_brand-clementoni-2","7":"product_cat-rotallietas-meitenem","8":"product_cat-rotallietas-zeniem","9":"product_cat-zinas","10":"product_cat-izglitojosas-un-interaktivas-rotallietas","11":"pa_amziaus-grupe-7-lv","12":"pa_prek-s-tipas-rotallietas-dazadam-spejam","13":"pa_prekes-zenklas-clementoni-lv","15":"first","16":"instock","17":"taxable","18":"shipping-taxable","19":"purchasable","20":"product-type-simple"},"yoast_head":"<!-- This site is optimized with the Yoast SEO plugin v26.3 - https:\/\/yoast.com\/wordpress\/plugins\/seo\/ -->\n<title>Clementoni Archeo Fun Pteranodons izgl\u012btojo\u0161s komplekts - Toys.lt<\/title>\n<meta name=\"description\" content=\"Clementoni Archeo Fun Pteranodon ir izgl\u012btojo\u0161s arheolo\u0123ijas komplekts b\u0113rniem vecum\u0101 no 7 gadiem.\" \/>\n<meta name=\"robots\" content=\"index, follow, max-snippet:-1, max-image-preview:large, max-video-preview:-1\" \/>\n<link rel=\"canonical\" href=\"https:\/\/toys.lt\/lv\/produktas\/clementoni-archeo-fun-pteranodons-izglitojoss-komplekts\/\" \/>\n<meta property=\"og:locale\" content=\"lv_LV\" \/>\n<meta property=\"og:type\" content=\"article\" \/>\n<meta property=\"og:title\" content=\"Clementoni Archeo Fun Pteranodons izgl\u012btojo\u0161s komplekts - Toys.lt\" \/>\n<meta property=\"og:description\" content=\"Clementoni Archeo Fun Pteranodon ir izgl\u012btojo\u0161s arheolo\u0123ijas komplekts b\u0113rniem vecum\u0101 no 7 gadiem.\" \/>\n<meta property=\"og:url\" content=\"https:\/\/toys.lt\/lv\/produktas\/clementoni-archeo-fun-pteranodons-izglitojoss-komplekts\/\" \/>\n<meta property=\"og:site_name\" content=\"Toys.lt\" \/>\n<meta property=\"article:modified_time\" content=\"2026-04-08T00:01:16+00:00\" \/>\n<meta property=\"og:image\" content=\"https:\/\/toys.lt\/wp-content\/uploads\/2025\/09\/50731-archeologija-1.jpeg\" \/>\n\t<meta property=\"og:image:width\" content=\"909\" \/>\n\t<meta property=\"og:image:height\" content=\"1200\" \/>\n\t<meta property=\"og:image:type\" content=\"image\/jpeg\" \/>\n<meta name=\"twitter:card\" content=\"summary_large_image\" \/>\n<meta name=\"twitter:label1\" content=\"Est. reading time\" \/>\n\t<meta name=\"twitter:data1\" content=\"1 minute\" \/>\n<script type=\"application\/ld+json\" class=\"yoast-schema-graph\">{\"@context\":\"https:\/\/schema.org\",\"@graph\":[{\"@type\":\"WebPage\",\"@id\":\"https:\/\/toys.lt\/lv\/produktas\/clementoni-archeo-fun-pteranodons-izglitojoss-komplekts\/\",\"url\":\"https:\/\/toys.lt\/lv\/produktas\/clementoni-archeo-fun-pteranodons-izglitojoss-komplekts\/\",\"name\":\"Clementoni Archeo Fun Pteranodons izgl\u012btojo\u0161s komplekts - Toys.lt\",\"isPartOf\":{\"@id\":\"https:\/\/toys.lt\/lv\/#website\"},\"primaryImageOfPage\":{\"@id\":\"https:\/\/toys.lt\/lv\/produktas\/clementoni-archeo-fun-pteranodons-izglitojoss-komplekts\/#primaryimage\"},\"image\":{\"@id\":\"https:\/\/toys.lt\/lv\/produktas\/clementoni-archeo-fun-pteranodons-izglitojoss-komplekts\/#primaryimage\"},\"thumbnailUrl\":\"https:\/\/toys.lt\/wp-content\/uploads\/2025\/09\/50731-archeologija-1.jpeg\",\"datePublished\":\"2025-09-07T18:45:04+00:00\",\"dateModified\":\"2026-04-08T00:01:16+00:00\",\"description\":\"Clementoni Archeo Fun Pteranodon ir izgl\u012btojo\u0161s arheolo\u0123ijas komplekts b\u0113rniem vecum\u0101 no 7 gadiem.\",\"breadcrumb\":{\"@id\":\"https:\/\/toys.lt\/lv\/produktas\/clementoni-archeo-fun-pteranodons-izglitojoss-komplekts\/#breadcrumb\"},\"inLanguage\":\"lv-LV\",\"potentialAction\":[{\"@type\":\"ReadAction\",\"target\":[\"https:\/\/toys.lt\/lv\/produktas\/clementoni-archeo-fun-pteranodons-izglitojoss-komplekts\/\"]}]},{\"@type\":\"ImageObject\",\"inLanguage\":\"lv-LV\",\"@id\":\"https:\/\/toys.lt\/lv\/produktas\/clementoni-archeo-fun-pteranodons-izglitojoss-komplekts\/#primaryimage\",\"url\":\"https:\/\/toys.lt\/wp-content\/uploads\/2025\/09\/50731-archeologija-1.jpeg\",\"contentUrl\":\"https:\/\/toys.lt\/wp-content\/uploads\/2025\/09\/50731-archeologija-1.jpeg\",\"width\":909,\"height\":1200},{\"@type\":\"BreadcrumbList\",\"@id\":\"https:\/\/toys.lt\/lv\/produktas\/clementoni-archeo-fun-pteranodons-izglitojoss-komplekts\/#breadcrumb\",\"itemListElement\":[{\"@type\":\"ListItem\",\"position\":1,\"name\":\"Home\",\"item\":\"https:\/\/toys.lt\/lv\/\"},{\"@type\":\"ListItem\",\"position\":2,\"name\":\"Veikals\",\"item\":\"https:\/\/toys.lt\/lv\/shop\/\"},{\"@type\":\"ListItem\",\"position\":3,\"name\":\"Clementoni Archeo Fun Pteranodons izgl\u012btojo\u0161s komplekts\"}]},{\"@type\":\"WebSite\",\"@id\":\"https:\/\/toys.lt\/lv\/#website\",\"url\":\"https:\/\/toys.lt\/lv\/\",\"name\":\"Toys.lt\",\"description\":\"\",\"potentialAction\":[{\"@type\":\"SearchAction\",\"target\":{\"@type\":\"EntryPoint\",\"urlTemplate\":\"https:\/\/toys.lt\/lv\/?s={search_term_string}\"},\"query-input\":{\"@type\":\"PropertyValueSpecification\",\"valueRequired\":true,\"valueName\":\"search_term_string\"}}],\"inLanguage\":\"lv-LV\"}]}<\/script>\n<!-- \/ Yoast SEO plugin. -->","yoast_head_json":{"title":"Clementoni Archeo Fun Pteranodons izgl\u012btojo\u0161s komplekts - Toys.lt","description":"Clementoni Archeo Fun Pteranodon ir izgl\u012btojo\u0161s arheolo\u0123ijas komplekts b\u0113rniem vecum\u0101 no 7 gadiem.","robots":{"index":"index","follow":"follow","max-snippet":"max-snippet:-1","max-image-preview":"max-image-preview:large","max-video-preview":"max-video-preview:-1"},"canonical":"https:\/\/toys.lt\/lv\/produktas\/clementoni-archeo-fun-pteranodons-izglitojoss-komplekts\/","og_locale":"lv_LV","og_type":"article","og_title":"Clementoni Archeo Fun Pteranodons izgl\u012btojo\u0161s komplekts - Toys.lt","og_description":"Clementoni Archeo Fun Pteranodon ir izgl\u012btojo\u0161s arheolo\u0123ijas komplekts b\u0113rniem vecum\u0101 no 7 gadiem.","og_url":"https:\/\/toys.lt\/lv\/produktas\/clementoni-archeo-fun-pteranodons-izglitojoss-komplekts\/","og_site_name":"Toys.lt","article_modified_time":"2026-04-08T00:01:16+00:00","og_image":[{"width":909,"height":1200,"url":"https:\/\/toys.lt\/wp-content\/uploads\/2025\/09\/50731-archeologija-1.jpeg","type":"image\/jpeg"}],"twitter_card":"summary_large_image","twitter_misc":{"Est. reading time":"1 minute"},"schema":{"@context":"https:\/\/schema.org","@graph":[{"@type":"WebPage","@id":"https:\/\/toys.lt\/lv\/produktas\/clementoni-archeo-fun-pteranodons-izglitojoss-komplekts\/","url":"https:\/\/toys.lt\/lv\/produktas\/clementoni-archeo-fun-pteranodons-izglitojoss-komplekts\/","name":"Clementoni Archeo Fun Pteranodons izgl\u012btojo\u0161s komplekts - Toys.lt","isPartOf":{"@id":"https:\/\/toys.lt\/lv\/#website"},"primaryImageOfPage":{"@id":"https:\/\/toys.lt\/lv\/produktas\/clementoni-archeo-fun-pteranodons-izglitojoss-komplekts\/#primaryimage"},"image":{"@id":"https:\/\/toys.lt\/lv\/produktas\/clementoni-archeo-fun-pteranodons-izglitojoss-komplekts\/#primaryimage"},"thumbnailUrl":"https:\/\/toys.lt\/wp-content\/uploads\/2025\/09\/50731-archeologija-1.jpeg","datePublished":"2025-09-07T18:45:04+00:00","dateModified":"2026-04-08T00:01:16+00:00","description":"Clementoni Archeo Fun Pteranodon ir izgl\u012btojo\u0161s arheolo\u0123ijas komplekts b\u0113rniem vecum\u0101 no 7 gadiem.","breadcrumb":{"@id":"https:\/\/toys.lt\/lv\/produktas\/clementoni-archeo-fun-pteranodons-izglitojoss-komplekts\/#breadcrumb"},"inLanguage":"lv-LV","potentialAction":[{"@type":"ReadAction","target":["https:\/\/toys.lt\/lv\/produktas\/clementoni-archeo-fun-pteranodons-izglitojoss-komplekts\/"]}]},{"@type":"ImageObject","inLanguage":"lv-LV","@id":"https:\/\/toys.lt\/lv\/produktas\/clementoni-archeo-fun-pteranodons-izglitojoss-komplekts\/#primaryimage","url":"https:\/\/toys.lt\/wp-content\/uploads\/2025\/09\/50731-archeologija-1.jpeg","contentUrl":"https:\/\/toys.lt\/wp-content\/uploads\/2025\/09\/50731-archeologija-1.jpeg","width":909,"height":1200},{"@type":"BreadcrumbList","@id":"https:\/\/toys.lt\/lv\/produktas\/clementoni-archeo-fun-pteranodons-izglitojoss-komplekts\/#breadcrumb","itemListElement":[{"@type":"ListItem","position":1,"name":"Home","item":"https:\/\/toys.lt\/lv\/"},{"@type":"ListItem","position":2,"name":"Veikals","item":"https:\/\/toys.lt\/lv\/shop\/"},{"@type":"ListItem","position":3,"name":"Clementoni Archeo Fun Pteranodons izgl\u012btojo\u0161s komplekts"}]},{"@type":"WebSite","@id":"https:\/\/toys.lt\/lv\/#website","url":"https:\/\/toys.lt\/lv\/","name":"Toys.lt","description":"","potentialAction":[{"@type":"SearchAction","target":{"@type":"EntryPoint","urlTemplate":"https:\/\/toys.lt\/lv\/?s={search_term_string}"},"query-input":{"@type":"PropertyValueSpecification","valueRequired":true,"valueName":"search_term_string"}}],"inLanguage":"lv-LV"}]}},"_links":{"self":[{"href":"https:\/\/toys.lt\/lv\/wp-json\/wp\/v2\/product\/45558","targetHints":{"allow":["GET"]}}],"collection":[{"href":"https:\/\/toys.lt\/lv\/wp-json\/wp\/v2\/product"}],"about":[{"href":"https:\/\/toys.lt\/lv\/wp-json\/wp\/v2\/types\/product"}],"replies":[{"embeddable":true,"href":"https:\/\/toys.lt\/lv\/wp-json\/wp\/v2\/comments?post=45558"}],"version-history":[{"count":0,"href":"https:\/\/toys.lt\/lv\/wp-json\/wp\/v2\/product\/45558\/revisions"}],"wp:featuredmedia":[{"embeddable":true,"href":"https:\/\/toys.lt\/lv\/wp-json\/wp\/v2\/media\/44481"}],"wp:attachment":[{"href":"https:\/\/toys.lt\/lv\/wp-json\/wp\/v2\/media?parent=45558"}],"wp:term":[{"taxonomy":"product_brand","embeddable":true,"href":"https:\/\/toys.lt\/lv\/wp-json\/wp\/v2\/product_brand?post=45558"},{"taxonomy":"product_cat","embeddable":true,"href":"https:\/\/toys.lt\/lv\/wp-json\/wp\/v2\/product_cat?post=45558"},{"taxonomy":"product_tag","embeddable":true,"href":"https:\/\/toys.lt\/lv\/wp-json\/wp\/v2\/product_tag?post=45558"}],"curies":[{"name":"wp","href":"https:\/\/api.w.org\/{rel}","templated":true}]}}