{"id":45539,"date":"2025-09-08T11:56:16","date_gmt":"2025-09-08T11:56:16","guid":{"rendered":"https:\/\/toys.lt\/produktas\/clementoni-archeo-fun-prehistoric-piranha-izglitojosais-komplekts\/"},"modified":"2026-04-08T00:01:15","modified_gmt":"2026-04-08T00:01:15","slug":"clementoni-archeo-fun-prehistoric-piranha-izglitojosais-komplekts","status":"publish","type":"product","link":"https:\/\/toys.lt\/lv\/produktas\/clementoni-archeo-fun-prehistoric-piranha-izglitojosais-komplekts\/","title":{"rendered":"Clementoni &#8220;Archeo Fun Prehistoric Piranha&#8221; izgl\u012btojo\u0161ais komplekts"},"content":{"rendered":"<p class=\"MsoNormal\" style=\"text-align: center;\" align=\"center\"><i><span style=\"font-size: 8.5pt; font-family: Verdana, 'sans-serif'; color: #000000;\">Clementoni &#8211; dibin\u0101ts It\u0101lij\u0101 un veiksm\u012bgi darbojas jau vair\u0101k nek\u0101 50 gadus! Uz\u0146\u0113muma misija ir rad\u012bt sp\u0113les, kas pal\u012bdz b\u0113rniem augt.   <\/span><\/i><\/p>\n<p class=\"MsoNormal\" style=\"text-align: center;\" align=\"center\"><i><span style=\"font-size: 8.5pt; font-family: Verdana, 'sans-serif'; color: #000000;\">Tas viss ir izstr\u0101d\u0101ts, lai apmierin\u0101tu jaunie\u0161u vajadz\u012bbas, \u0146emot v\u0113r\u0101 m\u016bsdienu tehnolo\u0123ijas un glob\u0101l\u0101s izgl\u012bt\u012bbas tendences.<\/span><\/i><\/p>\n<p data-start=\"251\" data-end=\"526\"><strong data-start=\"251\" data-end=\"311\">Clementoni Science &amp; Play Archeo Fun Aizv\u0113sturisk\u0101 piranja<\/strong> ir izgl\u012btojo\u0161s arheolo\u0123ijas komplekts b\u0113rniem, kas \u013cauj izrak\u0146\u0101t aizv\u0113sturisk\u0101s piranjas fosiliju no \u0123ip\u0161a bloka un salikt iespaid\u012bgu skeletu. Saloc\u012btais modelis sp\u012bd tums\u0101, padarot \u0161o pieredzi v\u0113l aizraujo\u0161\u0101ku. <\/p>\n<h3 data-start=\"528\" data-end=\"543\">\u2b50 Funkcijas<\/h3>\n<ul data-start=\"544\" data-end=\"746\">\n<li data-start=\"544\" data-end=\"590\">\n<p data-start=\"546\" data-end=\"590\">Izgl\u012btojo\u0161s arheolo\u0123ijas komplekts b\u0113rniem.<\/p>\n<\/li>\n<li data-start=\"591\" data-end=\"637\">\n<p data-start=\"593\" data-end=\"637\">Mekl\u0113jiet aizv\u0113sturisko piraniju fosilijas.<\/p>\n<\/li>\n<li data-start=\"638\" data-end=\"664\">\n<p data-start=\"640\" data-end=\"664\">Izveidojiet detaliz\u0113tu skeletu.<\/p>\n<\/li>\n<li data-start=\"665\" data-end=\"691\">\n<p data-start=\"667\" data-end=\"691\">Modelis sp\u012bd tums\u0101.<\/p>\n<\/li>\n<li data-start=\"692\" data-end=\"746\">\n<p data-start=\"694\" data-end=\"746\">Veicina zin\u0101tk\u0101ri, paciet\u012bbu un interesi par zin\u0101tni.<\/p>\n<\/li>\n<\/ul>\n<h3 data-start=\"748\" data-end=\"777\">\ud83d\udd27 Tehnisk\u0101 inform\u0101cija<\/h3>\n<ul data-start=\"778\" data-end=\"996\">\n<li data-start=\"778\" data-end=\"817\">\n<p data-start=\"780\" data-end=\"817\">Ieteicamais vecums: no 7 gadiem.<\/p>\n<\/li>\n<li data-start=\"891\" data-end=\"915\">\n<p data-start=\"893\" data-end=\"915\">Ra\u017eots It\u0101lij\u0101.<\/p>\n<\/li>\n<li data-start=\"916\" data-end=\"996\">\n<p data-start=\"918\" data-end=\"996\">Dro\u0161\u012bbas br\u012bdin\u0101jums: mazo deta\u013cu d\u0113\u013c nav piem\u0113rots b\u0113rniem l\u012bdz 3 gadu (36 m\u0113ne\u0161u) vecumam.<\/p>\n<\/li>\n<\/ul>\n","protected":false},"excerpt":{"rendered":"<p>Produkta veids: izgl\u012btojo\u0161a sp\u0113le<\/p>\n<p>Z\u012bmola nosaukums: Clementoni<\/p>\n<p>Izcelsmes valsts: It\u0101lija<\/p>\n<p>Iepakojuma izm\u0113ri: 21 \u00d7 26 \u00d7 6 cm<\/p>\n<p>Ieteicamais vecums: no 7 gadiem.<\/p>\n","protected":false},"featured_media":44534,"comment_status":"open","ping_status":"closed","template":"","meta":[],"product_brand":[384],"product_cat":[1180,1176,1380,1157],"product_tag":[],"class_list":{"0":"post-45539","1":"product","2":"type-product","3":"status-publish","4":"has-post-thumbnail","6":"product_brand-clementoni-2","7":"product_cat-rotallietas-meitenem","8":"product_cat-rotallietas-zeniem","9":"product_cat-zinas","10":"product_cat-izglitojosas-un-interaktivas-rotallietas","11":"pa_amziaus-grupe-7-lv","12":"pa_prek-s-tipas-rotallietas-dazadam-spejam","13":"pa_prekes-zenklas-clementoni-lv","15":"first","16":"instock","17":"taxable","18":"shipping-taxable","19":"purchasable","20":"product-type-simple"},"yoast_head":"<!-- This site is optimized with the Yoast SEO plugin v26.3 - https:\/\/yoast.com\/wordpress\/plugins\/seo\/ -->\n<title>Clementoni &quot;Archeo Fun Prehistoric Piranha&quot; izgl\u012btojo\u0161ais komplekts - Toys.lt<\/title>\n<meta name=\"description\" content=\"Clementoni Archeo Fun Prehistoric Piranha ir izgl\u012btojo\u0161s arheolo\u0123ijas komplekts b\u0113rniem vecum\u0101 no 7 gadiem.\" \/>\n<meta name=\"robots\" content=\"index, follow, max-snippet:-1, max-image-preview:large, max-video-preview:-1\" \/>\n<link rel=\"canonical\" href=\"https:\/\/toys.lt\/lv\/produktas\/clementoni-archeo-fun-prehistoric-piranha-izglitojosais-komplekts\/\" \/>\n<meta property=\"og:locale\" content=\"lv_LV\" \/>\n<meta property=\"og:type\" content=\"article\" \/>\n<meta property=\"og:title\" content=\"Clementoni &quot;Archeo Fun Prehistoric Piranha&quot; izgl\u012btojo\u0161ais komplekts - Toys.lt\" \/>\n<meta property=\"og:description\" content=\"Clementoni Archeo Fun Prehistoric Piranha ir izgl\u012btojo\u0161s arheolo\u0123ijas komplekts b\u0113rniem vecum\u0101 no 7 gadiem.\" \/>\n<meta property=\"og:url\" content=\"https:\/\/toys.lt\/lv\/produktas\/clementoni-archeo-fun-prehistoric-piranha-izglitojosais-komplekts\/\" \/>\n<meta property=\"og:site_name\" content=\"Toys.lt\" \/>\n<meta property=\"article:modified_time\" content=\"2026-04-08T00:01:15+00:00\" \/>\n<meta name=\"twitter:card\" content=\"summary_large_image\" \/>\n<meta name=\"twitter:label1\" content=\"Est. reading time\" \/>\n\t<meta name=\"twitter:data1\" content=\"1 minute\" \/>\n<script type=\"application\/ld+json\" class=\"yoast-schema-graph\">{\"@context\":\"https:\/\/schema.org\",\"@graph\":[{\"@type\":\"WebPage\",\"@id\":\"https:\/\/toys.lt\/lv\/produktas\/clementoni-archeo-fun-prehistoric-piranha-izglitojosais-komplekts\/\",\"url\":\"https:\/\/toys.lt\/lv\/produktas\/clementoni-archeo-fun-prehistoric-piranha-izglitojosais-komplekts\/\",\"name\":\"Clementoni \\\"Archeo Fun Prehistoric Piranha\\\" izgl\u012btojo\u0161ais komplekts - Toys.lt\",\"isPartOf\":{\"@id\":\"https:\/\/toys.lt\/lv\/#website\"},\"primaryImageOfPage\":{\"@id\":\"https:\/\/toys.lt\/lv\/produktas\/clementoni-archeo-fun-prehistoric-piranha-izglitojosais-komplekts\/#primaryimage\"},\"image\":{\"@id\":\"https:\/\/toys.lt\/lv\/produktas\/clementoni-archeo-fun-prehistoric-piranha-izglitojosais-komplekts\/#primaryimage\"},\"thumbnailUrl\":\"https:\/\/toys.lt\/wp-content\/uploads\/2025\/09\/60427-archeologija-1.avif\",\"datePublished\":\"2025-09-08T11:56:16+00:00\",\"dateModified\":\"2026-04-08T00:01:15+00:00\",\"description\":\"Clementoni Archeo Fun Prehistoric Piranha ir izgl\u012btojo\u0161s arheolo\u0123ijas komplekts b\u0113rniem vecum\u0101 no 7 gadiem.\",\"breadcrumb\":{\"@id\":\"https:\/\/toys.lt\/lv\/produktas\/clementoni-archeo-fun-prehistoric-piranha-izglitojosais-komplekts\/#breadcrumb\"},\"inLanguage\":\"lv-LV\",\"potentialAction\":[{\"@type\":\"ReadAction\",\"target\":[\"https:\/\/toys.lt\/lv\/produktas\/clementoni-archeo-fun-prehistoric-piranha-izglitojosais-komplekts\/\"]}]},{\"@type\":\"ImageObject\",\"inLanguage\":\"lv-LV\",\"@id\":\"https:\/\/toys.lt\/lv\/produktas\/clementoni-archeo-fun-prehistoric-piranha-izglitojosais-komplekts\/#primaryimage\",\"url\":\"https:\/\/toys.lt\/wp-content\/uploads\/2025\/09\/60427-archeologija-1.avif\",\"contentUrl\":\"https:\/\/toys.lt\/wp-content\/uploads\/2025\/09\/60427-archeologija-1.avif\",\"width\":600,\"height\":518},{\"@type\":\"BreadcrumbList\",\"@id\":\"https:\/\/toys.lt\/lv\/produktas\/clementoni-archeo-fun-prehistoric-piranha-izglitojosais-komplekts\/#breadcrumb\",\"itemListElement\":[{\"@type\":\"ListItem\",\"position\":1,\"name\":\"Home\",\"item\":\"https:\/\/toys.lt\/lv\/\"},{\"@type\":\"ListItem\",\"position\":2,\"name\":\"Veikals\",\"item\":\"https:\/\/toys.lt\/lv\/shop\/\"},{\"@type\":\"ListItem\",\"position\":3,\"name\":\"Clementoni &#8222;Archeo Fun Prehistoric Piranha&#8221; izgl\u012btojo\u0161ais komplekts\"}]},{\"@type\":\"WebSite\",\"@id\":\"https:\/\/toys.lt\/lv\/#website\",\"url\":\"https:\/\/toys.lt\/lv\/\",\"name\":\"Toys.lt\",\"description\":\"\",\"potentialAction\":[{\"@type\":\"SearchAction\",\"target\":{\"@type\":\"EntryPoint\",\"urlTemplate\":\"https:\/\/toys.lt\/lv\/?s={search_term_string}\"},\"query-input\":{\"@type\":\"PropertyValueSpecification\",\"valueRequired\":true,\"valueName\":\"search_term_string\"}}],\"inLanguage\":\"lv-LV\"}]}<\/script>\n<!-- \/ Yoast SEO plugin. -->","yoast_head_json":{"title":"Clementoni \"Archeo Fun Prehistoric Piranha\" izgl\u012btojo\u0161ais komplekts - Toys.lt","description":"Clementoni Archeo Fun Prehistoric Piranha ir izgl\u012btojo\u0161s arheolo\u0123ijas komplekts b\u0113rniem vecum\u0101 no 7 gadiem.","robots":{"index":"index","follow":"follow","max-snippet":"max-snippet:-1","max-image-preview":"max-image-preview:large","max-video-preview":"max-video-preview:-1"},"canonical":"https:\/\/toys.lt\/lv\/produktas\/clementoni-archeo-fun-prehistoric-piranha-izglitojosais-komplekts\/","og_locale":"lv_LV","og_type":"article","og_title":"Clementoni \"Archeo Fun Prehistoric Piranha\" izgl\u012btojo\u0161ais komplekts - Toys.lt","og_description":"Clementoni Archeo Fun Prehistoric Piranha ir izgl\u012btojo\u0161s arheolo\u0123ijas komplekts b\u0113rniem vecum\u0101 no 7 gadiem.","og_url":"https:\/\/toys.lt\/lv\/produktas\/clementoni-archeo-fun-prehistoric-piranha-izglitojosais-komplekts\/","og_site_name":"Toys.lt","article_modified_time":"2026-04-08T00:01:15+00:00","twitter_card":"summary_large_image","twitter_misc":{"Est. reading time":"1 minute"},"schema":{"@context":"https:\/\/schema.org","@graph":[{"@type":"WebPage","@id":"https:\/\/toys.lt\/lv\/produktas\/clementoni-archeo-fun-prehistoric-piranha-izglitojosais-komplekts\/","url":"https:\/\/toys.lt\/lv\/produktas\/clementoni-archeo-fun-prehistoric-piranha-izglitojosais-komplekts\/","name":"Clementoni \"Archeo Fun Prehistoric Piranha\" izgl\u012btojo\u0161ais komplekts - Toys.lt","isPartOf":{"@id":"https:\/\/toys.lt\/lv\/#website"},"primaryImageOfPage":{"@id":"https:\/\/toys.lt\/lv\/produktas\/clementoni-archeo-fun-prehistoric-piranha-izglitojosais-komplekts\/#primaryimage"},"image":{"@id":"https:\/\/toys.lt\/lv\/produktas\/clementoni-archeo-fun-prehistoric-piranha-izglitojosais-komplekts\/#primaryimage"},"thumbnailUrl":"https:\/\/toys.lt\/wp-content\/uploads\/2025\/09\/60427-archeologija-1.avif","datePublished":"2025-09-08T11:56:16+00:00","dateModified":"2026-04-08T00:01:15+00:00","description":"Clementoni Archeo Fun Prehistoric Piranha ir izgl\u012btojo\u0161s arheolo\u0123ijas komplekts b\u0113rniem vecum\u0101 no 7 gadiem.","breadcrumb":{"@id":"https:\/\/toys.lt\/lv\/produktas\/clementoni-archeo-fun-prehistoric-piranha-izglitojosais-komplekts\/#breadcrumb"},"inLanguage":"lv-LV","potentialAction":[{"@type":"ReadAction","target":["https:\/\/toys.lt\/lv\/produktas\/clementoni-archeo-fun-prehistoric-piranha-izglitojosais-komplekts\/"]}]},{"@type":"ImageObject","inLanguage":"lv-LV","@id":"https:\/\/toys.lt\/lv\/produktas\/clementoni-archeo-fun-prehistoric-piranha-izglitojosais-komplekts\/#primaryimage","url":"https:\/\/toys.lt\/wp-content\/uploads\/2025\/09\/60427-archeologija-1.avif","contentUrl":"https:\/\/toys.lt\/wp-content\/uploads\/2025\/09\/60427-archeologija-1.avif","width":600,"height":518},{"@type":"BreadcrumbList","@id":"https:\/\/toys.lt\/lv\/produktas\/clementoni-archeo-fun-prehistoric-piranha-izglitojosais-komplekts\/#breadcrumb","itemListElement":[{"@type":"ListItem","position":1,"name":"Home","item":"https:\/\/toys.lt\/lv\/"},{"@type":"ListItem","position":2,"name":"Veikals","item":"https:\/\/toys.lt\/lv\/shop\/"},{"@type":"ListItem","position":3,"name":"Clementoni &#8222;Archeo Fun Prehistoric Piranha&#8221; izgl\u012btojo\u0161ais komplekts"}]},{"@type":"WebSite","@id":"https:\/\/toys.lt\/lv\/#website","url":"https:\/\/toys.lt\/lv\/","name":"Toys.lt","description":"","potentialAction":[{"@type":"SearchAction","target":{"@type":"EntryPoint","urlTemplate":"https:\/\/toys.lt\/lv\/?s={search_term_string}"},"query-input":{"@type":"PropertyValueSpecification","valueRequired":true,"valueName":"search_term_string"}}],"inLanguage":"lv-LV"}]}},"_links":{"self":[{"href":"https:\/\/toys.lt\/lv\/wp-json\/wp\/v2\/product\/45539","targetHints":{"allow":["GET"]}}],"collection":[{"href":"https:\/\/toys.lt\/lv\/wp-json\/wp\/v2\/product"}],"about":[{"href":"https:\/\/toys.lt\/lv\/wp-json\/wp\/v2\/types\/product"}],"replies":[{"embeddable":true,"href":"https:\/\/toys.lt\/lv\/wp-json\/wp\/v2\/comments?post=45539"}],"version-history":[{"count":0,"href":"https:\/\/toys.lt\/lv\/wp-json\/wp\/v2\/product\/45539\/revisions"}],"wp:featuredmedia":[{"embeddable":true,"href":"https:\/\/toys.lt\/lv\/wp-json\/wp\/v2\/media\/44534"}],"wp:attachment":[{"href":"https:\/\/toys.lt\/lv\/wp-json\/wp\/v2\/media?parent=45539"}],"wp:term":[{"taxonomy":"product_brand","embeddable":true,"href":"https:\/\/toys.lt\/lv\/wp-json\/wp\/v2\/product_brand?post=45539"},{"taxonomy":"product_cat","embeddable":true,"href":"https:\/\/toys.lt\/lv\/wp-json\/wp\/v2\/product_cat?post=45539"},{"taxonomy":"product_tag","embeddable":true,"href":"https:\/\/toys.lt\/lv\/wp-json\/wp\/v2\/product_tag?post=45539"}],"curies":[{"name":"wp","href":"https:\/\/api.w.org\/{rel}","templated":true}]}}