{"id":45529,"date":"2025-09-14T23:47:47","date_gmt":"2025-09-14T23:47:47","guid":{"rendered":"https:\/\/toys.lt\/produktas\/led-mugursoma-berniem-kid-vieda-mugursoma-ar-led-displeju\/"},"modified":"2026-03-30T00:25:32","modified_gmt":"2026-03-30T00:25:32","slug":"led-mugursoma-berniem-kid-vieda-mugursoma-ar-led-displeju","status":"publish","type":"product","link":"https:\/\/toys.lt\/lv\/produktas\/led-mugursoma-berniem-kid-vieda-mugursoma-ar-led-displeju\/","title":{"rendered":"LED mugursoma b\u0113rniem KID &#8211; vied\u0101 mugursoma ar LED displeju"},"content":{"rendered":"<p data-start=\"246\" data-end=\"531\">Izcelieties no p\u016b\u013ca ar <strong data-start=\"279\" data-end=\"298\">KID<\/strong> viedo <strong data-start=\"279\" data-end=\"298\">LED mugursomu<\/strong>!<br data-start=\"299\" data-end=\"302\">\u0160aj\u0101 modernaj\u0101 mugursom\u0101 ir ieb\u016bv\u0113ts LED displejs, kas \u013cauj par\u0101d\u012bt savu stilu un noska\u0146ojumu jebkur\u0101 viet\u0101. \u0112rti p\u0101rvaldiet displeju, izmantojot <strong data-start=\"441\" data-end=\"454\">Bluetooth<\/strong>, lejupiel\u0101d\u0113jot \u012bpa\u0161u lietotni sav\u0101 t\u0101lrun\u012b (instrukcijas iek\u013cautas komplekt\u0101). <\/p>\n<p data-start=\"533\" data-end=\"551\"><strong data-start=\"535\" data-end=\"549\">\u2705 Iesp\u0113jas:<\/strong><\/p>\n<ul data-start=\"552\" data-end=\"765\">\n<li data-start=\"552\" data-end=\"613\">\n<p data-start=\"554\" data-end=\"613\">Par\u0101diet da\u017e\u0101das <strong data-start=\"570\" data-end=\"610\">anim\u0101cijas, att\u0113lus un tekstu<\/strong>.<\/p>\n<\/li>\n<li data-start=\"614\" data-end=\"674\">\n<p data-start=\"616\" data-end=\"674\">Izveidojiet <strong data-start=\"622\" data-end=\"644\">unik\u0101lus dizainus<\/strong> un personaliz\u0113tus v\u0113st\u012bjumus.<\/p>\n<\/li>\n<li data-start=\"675\" data-end=\"715\">\n<p data-start=\"677\" data-end=\"715\">Mainiet kr\u0101sas, stilus un efektus.<\/p>\n<\/li>\n<li data-start=\"716\" data-end=\"765\">\n<p data-start=\"718\" data-end=\"765\">Atz\u012bm\u0113jiet sevi skol\u0101, ce\u013cojum\u0101 vai pas\u0101kum\u0101.<\/p>\n<\/li>\n<\/ul>\n<p data-start=\"767\" data-end=\"797\">\ud83d\udccf <strong data-start=\"770\" data-end=\"795\">Tehnisk\u0101 inform\u0101cija:<\/strong><\/p>\n<ul data-start=\"798\" data-end=\"927\">\n<li data-start=\"798\" data-end=\"832\">\n<p data-start=\"800\" data-end=\"832\">Mugursomas izm\u0113rs: 33 \u00d7 22 \u00d7 5 cm<\/p>\n<\/li>\n<li data-start=\"833\" data-end=\"869\">\n<p data-start=\"835\" data-end=\"869\">LED ekr\u0101na izm\u0113rs: 19,5 \u00d7 19,5 cm<\/p>\n<\/li>\n<li data-start=\"870\" data-end=\"927\">\n<p data-start=\"872\" data-end=\"927\">Baro\u0161ana: \u0101r\u0113jais akumulators (powerbank, nav iek\u013cauts komplekt\u0101)<\/p>\n<\/li>\n<\/ul>\n<p data-start=\"929\" data-end=\"1043\">T\u0101 ir ne tikai praktiska mugursoma, bet ar\u012b izteiksm\u012bgs aksesu\u0101rs, kas pal\u012bdz b\u016bt paman\u0101mam un izpaust savu rado\u0161umu.<\/p>\n","protected":false},"excerpt":{"rendered":"<p>Izstr\u0101d\u0101juma tips: mugursoma<\/p>\n<p>Izcelsmes valsts: \u0136\u012bna<\/p>\n<p>Izstr\u0101d\u0101juma izm\u0113ri: 33x22x5 cm<\/p>\n<p>Darbojas ar \u0101r\u0113jo akumulatoru (powerbank) &#8211; nav iek\u013cauts<\/p>\n<p>Vad\u012bba: Bluetooth<\/p>\n","protected":false},"featured_media":45023,"comment_status":"open","ping_status":"closed","template":"","meta":[],"product_brand":[],"product_cat":[1382,1380],"product_tag":[],"class_list":{"0":"post-45529","1":"product","2":"type-product","3":"status-publish","4":"has-post-thumbnail","6":"product_cat-led-mugursomas","7":"product_cat-zinas","8":"pa_amziaus-grupe-3-lv","9":"pa_prek-s-spalva-azure","10":"pa_prek-s-spalva-black-lv","11":"pa_prek-s-spalva-gaisma","12":"pa_prek-s-spalva-roza","13":"pa_prek-s-spalva-violeta","15":"first","16":"instock","17":"taxable","18":"shipping-taxable","19":"purchasable","20":"product-type-variable"},"yoast_head":"<!-- This site is optimized with the Yoast SEO plugin v26.3 - https:\/\/yoast.com\/wordpress\/plugins\/seo\/ -->\n<title>LED mugursoma b\u0113rniem KID - vied\u0101 mugursoma ar LED displeju - Toys.lt<\/title>\n<meta name=\"description\" content=\"&quot;LED mugursoma KID b\u0113rniem - vied\u0101 mugursoma ar LED displeju. Veidojiet tekstus, anim\u0101cijas un att\u0113lus, p\u0101rvaldiet, izmantojot Bluetooth. Ekskluz\u012bvs stils ikdienai!&quot;\" \/>\n<meta name=\"robots\" content=\"index, follow, max-snippet:-1, max-image-preview:large, max-video-preview:-1\" \/>\n<link rel=\"canonical\" href=\"https:\/\/toys.lt\/lv\/produktas\/led-mugursoma-berniem-kid-vieda-mugursoma-ar-led-displeju\/\" \/>\n<meta property=\"og:locale\" content=\"lv_LV\" \/>\n<meta property=\"og:type\" content=\"article\" \/>\n<meta property=\"og:title\" content=\"LED mugursoma b\u0113rniem KID - vied\u0101 mugursoma ar LED displeju - Toys.lt\" \/>\n<meta property=\"og:description\" content=\"&quot;LED mugursoma KID b\u0113rniem - vied\u0101 mugursoma ar LED displeju. Veidojiet tekstus, anim\u0101cijas un att\u0113lus, p\u0101rvaldiet, izmantojot Bluetooth. Ekskluz\u012bvs stils ikdienai!&quot;\" \/>\n<meta property=\"og:url\" content=\"https:\/\/toys.lt\/lv\/produktas\/led-mugursoma-berniem-kid-vieda-mugursoma-ar-led-displeju\/\" \/>\n<meta property=\"og:site_name\" content=\"Toys.lt\" \/>\n<meta property=\"article:modified_time\" content=\"2026-03-30T00:25:32+00:00\" \/>\n<meta property=\"og:image\" content=\"https:\/\/toys.lt\/wp-content\/uploads\/2025\/09\/PXL_20250912_181915472.MP_-scaled.jpg\" \/>\n\t<meta property=\"og:image:width\" content=\"1928\" \/>\n\t<meta property=\"og:image:height\" content=\"2560\" \/>\n\t<meta property=\"og:image:type\" content=\"image\/jpeg\" \/>\n<meta name=\"twitter:card\" content=\"summary_large_image\" \/>\n<meta name=\"twitter:label1\" content=\"Est. reading time\" \/>\n\t<meta name=\"twitter:data1\" content=\"1 minute\" \/>\n<script type=\"application\/ld+json\" class=\"yoast-schema-graph\">{\"@context\":\"https:\/\/schema.org\",\"@graph\":[{\"@type\":\"WebPage\",\"@id\":\"https:\/\/toys.lt\/lv\/produktas\/led-mugursoma-berniem-kid-vieda-mugursoma-ar-led-displeju\/\",\"url\":\"https:\/\/toys.lt\/lv\/produktas\/led-mugursoma-berniem-kid-vieda-mugursoma-ar-led-displeju\/\",\"name\":\"LED mugursoma b\u0113rniem KID - vied\u0101 mugursoma ar LED displeju - Toys.lt\",\"isPartOf\":{\"@id\":\"https:\/\/toys.lt\/lv\/#website\"},\"primaryImageOfPage\":{\"@id\":\"https:\/\/toys.lt\/lv\/produktas\/led-mugursoma-berniem-kid-vieda-mugursoma-ar-led-displeju\/#primaryimage\"},\"image\":{\"@id\":\"https:\/\/toys.lt\/lv\/produktas\/led-mugursoma-berniem-kid-vieda-mugursoma-ar-led-displeju\/#primaryimage\"},\"thumbnailUrl\":\"https:\/\/toys.lt\/wp-content\/uploads\/2025\/09\/PXL_20250912_181915472.MP_-scaled.jpg\",\"datePublished\":\"2025-09-14T23:47:47+00:00\",\"dateModified\":\"2026-03-30T00:25:32+00:00\",\"description\":\"\\\"LED mugursoma KID b\u0113rniem - vied\u0101 mugursoma ar LED displeju. Veidojiet tekstus, anim\u0101cijas un att\u0113lus, p\u0101rvaldiet, izmantojot Bluetooth. Ekskluz\u012bvs stils ikdienai!\\\"\",\"breadcrumb\":{\"@id\":\"https:\/\/toys.lt\/lv\/produktas\/led-mugursoma-berniem-kid-vieda-mugursoma-ar-led-displeju\/#breadcrumb\"},\"inLanguage\":\"lv-LV\",\"potentialAction\":[{\"@type\":\"ReadAction\",\"target\":[\"https:\/\/toys.lt\/lv\/produktas\/led-mugursoma-berniem-kid-vieda-mugursoma-ar-led-displeju\/\"]}]},{\"@type\":\"ImageObject\",\"inLanguage\":\"lv-LV\",\"@id\":\"https:\/\/toys.lt\/lv\/produktas\/led-mugursoma-berniem-kid-vieda-mugursoma-ar-led-displeju\/#primaryimage\",\"url\":\"https:\/\/toys.lt\/wp-content\/uploads\/2025\/09\/PXL_20250912_181915472.MP_-scaled.jpg\",\"contentUrl\":\"https:\/\/toys.lt\/wp-content\/uploads\/2025\/09\/PXL_20250912_181915472.MP_-scaled.jpg\",\"width\":1928,\"height\":2560},{\"@type\":\"BreadcrumbList\",\"@id\":\"https:\/\/toys.lt\/lv\/produktas\/led-mugursoma-berniem-kid-vieda-mugursoma-ar-led-displeju\/#breadcrumb\",\"itemListElement\":[{\"@type\":\"ListItem\",\"position\":1,\"name\":\"Home\",\"item\":\"https:\/\/toys.lt\/lv\/\"},{\"@type\":\"ListItem\",\"position\":2,\"name\":\"Veikals\",\"item\":\"https:\/\/toys.lt\/lv\/shop\/\"},{\"@type\":\"ListItem\",\"position\":3,\"name\":\"LED mugursoma b\u0113rniem KID &#8211; vied\u0101 mugursoma ar LED displeju\"}]},{\"@type\":\"WebSite\",\"@id\":\"https:\/\/toys.lt\/lv\/#website\",\"url\":\"https:\/\/toys.lt\/lv\/\",\"name\":\"Toys.lt\",\"description\":\"\",\"potentialAction\":[{\"@type\":\"SearchAction\",\"target\":{\"@type\":\"EntryPoint\",\"urlTemplate\":\"https:\/\/toys.lt\/lv\/?s={search_term_string}\"},\"query-input\":{\"@type\":\"PropertyValueSpecification\",\"valueRequired\":true,\"valueName\":\"search_term_string\"}}],\"inLanguage\":\"lv-LV\"}]}<\/script>\n<!-- \/ Yoast SEO plugin. -->","yoast_head_json":{"title":"LED mugursoma b\u0113rniem KID - vied\u0101 mugursoma ar LED displeju - Toys.lt","description":"\"LED mugursoma KID b\u0113rniem - vied\u0101 mugursoma ar LED displeju. Veidojiet tekstus, anim\u0101cijas un att\u0113lus, p\u0101rvaldiet, izmantojot Bluetooth. Ekskluz\u012bvs stils ikdienai!\"","robots":{"index":"index","follow":"follow","max-snippet":"max-snippet:-1","max-image-preview":"max-image-preview:large","max-video-preview":"max-video-preview:-1"},"canonical":"https:\/\/toys.lt\/lv\/produktas\/led-mugursoma-berniem-kid-vieda-mugursoma-ar-led-displeju\/","og_locale":"lv_LV","og_type":"article","og_title":"LED mugursoma b\u0113rniem KID - vied\u0101 mugursoma ar LED displeju - Toys.lt","og_description":"\"LED mugursoma KID b\u0113rniem - vied\u0101 mugursoma ar LED displeju. Veidojiet tekstus, anim\u0101cijas un att\u0113lus, p\u0101rvaldiet, izmantojot Bluetooth. Ekskluz\u012bvs stils ikdienai!\"","og_url":"https:\/\/toys.lt\/lv\/produktas\/led-mugursoma-berniem-kid-vieda-mugursoma-ar-led-displeju\/","og_site_name":"Toys.lt","article_modified_time":"2026-03-30T00:25:32+00:00","og_image":[{"width":1928,"height":2560,"url":"https:\/\/toys.lt\/wp-content\/uploads\/2025\/09\/PXL_20250912_181915472.MP_-scaled.jpg","type":"image\/jpeg"}],"twitter_card":"summary_large_image","twitter_misc":{"Est. reading time":"1 minute"},"schema":{"@context":"https:\/\/schema.org","@graph":[{"@type":"WebPage","@id":"https:\/\/toys.lt\/lv\/produktas\/led-mugursoma-berniem-kid-vieda-mugursoma-ar-led-displeju\/","url":"https:\/\/toys.lt\/lv\/produktas\/led-mugursoma-berniem-kid-vieda-mugursoma-ar-led-displeju\/","name":"LED mugursoma b\u0113rniem KID - vied\u0101 mugursoma ar LED displeju - Toys.lt","isPartOf":{"@id":"https:\/\/toys.lt\/lv\/#website"},"primaryImageOfPage":{"@id":"https:\/\/toys.lt\/lv\/produktas\/led-mugursoma-berniem-kid-vieda-mugursoma-ar-led-displeju\/#primaryimage"},"image":{"@id":"https:\/\/toys.lt\/lv\/produktas\/led-mugursoma-berniem-kid-vieda-mugursoma-ar-led-displeju\/#primaryimage"},"thumbnailUrl":"https:\/\/toys.lt\/wp-content\/uploads\/2025\/09\/PXL_20250912_181915472.MP_-scaled.jpg","datePublished":"2025-09-14T23:47:47+00:00","dateModified":"2026-03-30T00:25:32+00:00","description":"\"LED mugursoma KID b\u0113rniem - vied\u0101 mugursoma ar LED displeju. Veidojiet tekstus, anim\u0101cijas un att\u0113lus, p\u0101rvaldiet, izmantojot Bluetooth. Ekskluz\u012bvs stils ikdienai!\"","breadcrumb":{"@id":"https:\/\/toys.lt\/lv\/produktas\/led-mugursoma-berniem-kid-vieda-mugursoma-ar-led-displeju\/#breadcrumb"},"inLanguage":"lv-LV","potentialAction":[{"@type":"ReadAction","target":["https:\/\/toys.lt\/lv\/produktas\/led-mugursoma-berniem-kid-vieda-mugursoma-ar-led-displeju\/"]}]},{"@type":"ImageObject","inLanguage":"lv-LV","@id":"https:\/\/toys.lt\/lv\/produktas\/led-mugursoma-berniem-kid-vieda-mugursoma-ar-led-displeju\/#primaryimage","url":"https:\/\/toys.lt\/wp-content\/uploads\/2025\/09\/PXL_20250912_181915472.MP_-scaled.jpg","contentUrl":"https:\/\/toys.lt\/wp-content\/uploads\/2025\/09\/PXL_20250912_181915472.MP_-scaled.jpg","width":1928,"height":2560},{"@type":"BreadcrumbList","@id":"https:\/\/toys.lt\/lv\/produktas\/led-mugursoma-berniem-kid-vieda-mugursoma-ar-led-displeju\/#breadcrumb","itemListElement":[{"@type":"ListItem","position":1,"name":"Home","item":"https:\/\/toys.lt\/lv\/"},{"@type":"ListItem","position":2,"name":"Veikals","item":"https:\/\/toys.lt\/lv\/shop\/"},{"@type":"ListItem","position":3,"name":"LED mugursoma b\u0113rniem KID &#8211; vied\u0101 mugursoma ar LED displeju"}]},{"@type":"WebSite","@id":"https:\/\/toys.lt\/lv\/#website","url":"https:\/\/toys.lt\/lv\/","name":"Toys.lt","description":"","potentialAction":[{"@type":"SearchAction","target":{"@type":"EntryPoint","urlTemplate":"https:\/\/toys.lt\/lv\/?s={search_term_string}"},"query-input":{"@type":"PropertyValueSpecification","valueRequired":true,"valueName":"search_term_string"}}],"inLanguage":"lv-LV"}]}},"_links":{"self":[{"href":"https:\/\/toys.lt\/lv\/wp-json\/wp\/v2\/product\/45529","targetHints":{"allow":["GET"]}}],"collection":[{"href":"https:\/\/toys.lt\/lv\/wp-json\/wp\/v2\/product"}],"about":[{"href":"https:\/\/toys.lt\/lv\/wp-json\/wp\/v2\/types\/product"}],"replies":[{"embeddable":true,"href":"https:\/\/toys.lt\/lv\/wp-json\/wp\/v2\/comments?post=45529"}],"version-history":[{"count":1,"href":"https:\/\/toys.lt\/lv\/wp-json\/wp\/v2\/product\/45529\/revisions"}],"predecessor-version":[{"id":45553,"href":"https:\/\/toys.lt\/lv\/wp-json\/wp\/v2\/product\/45529\/revisions\/45553"}],"wp:featuredmedia":[{"embeddable":true,"href":"https:\/\/toys.lt\/lv\/wp-json\/wp\/v2\/media\/45023"}],"wp:attachment":[{"href":"https:\/\/toys.lt\/lv\/wp-json\/wp\/v2\/media?parent=45529"}],"wp:term":[{"taxonomy":"product_brand","embeddable":true,"href":"https:\/\/toys.lt\/lv\/wp-json\/wp\/v2\/product_brand?post=45529"},{"taxonomy":"product_cat","embeddable":true,"href":"https:\/\/toys.lt\/lv\/wp-json\/wp\/v2\/product_cat?post=45529"},{"taxonomy":"product_tag","embeddable":true,"href":"https:\/\/toys.lt\/lv\/wp-json\/wp\/v2\/product_tag?post=45529"}],"curies":[{"name":"wp","href":"https:\/\/api.w.org\/{rel}","templated":true}]}}