{"id":45444,"date":"2025-09-17T21:25:56","date_gmt":"2025-09-17T21:25:56","guid":{"rendered":"https:\/\/toys.lt\/?post_type=product&#038;p=45444"},"modified":"2026-04-08T00:01:10","modified_gmt":"2026-04-08T00:01:10","slug":"sniega-motocikls-motorollers-kopija-kopija-kopija-kopija","status":"publish","type":"product","link":"https:\/\/toys.lt\/lv\/produktas\/sniega-motocikls-motorollers-kopija-kopija-kopija-kopija\/","title":{"rendered":"Wiggle Auto ar m\u016bziku un bag\u0101\u017eu"},"content":{"rendered":"<p data-start=\"224\" data-end=\"471\"><strong data-start=\"224\" data-end=\"281\">Wiggle Car ar m\u016bziku un pavadi\u0146u<\/strong> ir jautra un izgl\u012btojo\u0161a rota\u013clieta b\u0113rniem no 2 gadu vecuma. Kust\u012bbas princips ir vienk\u0101r\u0161s: pagrie\u017eot st\u016bres ratu, automa\u0161\u012bna p\u0101rvietojas uz priek\u0161u, t\u0101d\u0113j\u0101di att\u012bstot b\u0113rnu koordin\u0101ciju, l\u012bdzsvaru un fizisko aktivit\u0101ti. <\/p>\n<p data-start=\"473\" data-end=\"874\">\u0160im modelim ir v\u0113l vair\u0101k izklaides funkciju &#8211; <strong data-start=\"546\" data-end=\"569\">ska\u0146as sign\u0101ls<\/strong>, <strong data-start=\"571\" data-end=\"591\">izgaismots st\u016bres rats<\/strong>, l\u012bdz pat <strong data-start=\"597\" data-end=\"633\">10 jautr\u0101m m\u016bzikas dziesm\u0101m ang\u013cu valod\u0101<\/strong> un <strong data-start=\"638\" data-end=\"663\">atverams bag\u0101\u017enieks, kur\u0101<\/strong> var glab\u0101t s\u012bkus priek\u0161metus vai rota\u013clietas. Tam ir ar\u012b <strong data-start=\"740\" data-end=\"762\">135 cm gar\u0161 pavadi\u0146\u0161<\/strong>, ko var pagarin\u0101t vai savilkt, nospie\u017eot vienu pogu &#8211; papildu \u0113rt\u012bbai gan b\u0113rniem, gan vec\u0101kiem. <\/p>\n<p data-start=\"876\" data-end=\"1019\">T\u0101 ergonomiskais dizains, ko\u0161\u0101s kr\u0101sas un <strong data-start=\"918\" data-end=\"936\">gumijas rite\u0146i<\/strong> klusai rito\u0161ai kust\u012bbai padara to ide\u0101li piem\u0113rotu lieto\u0161anai gan m\u0101j\u0101s, gan \u0101rpus telp\u0101m.<\/p>\n<hr data-start=\"1021\" data-end=\"1024\">\n<h3 data-start=\"1026\" data-end=\"1039\">\u2b50 Funkcijas<\/h3>\n<ul data-start=\"1040\" data-end=\"1630\">\n<li data-start=\"1040\" data-end=\"1070\">\n<p data-start=\"1042\" data-end=\"1070\">B\u0113rniem no 2 gadu vecuma.<\/p>\n<\/li>\n<li data-start=\"1071\" data-end=\"1112\">\n<p data-start=\"1073\" data-end=\"1112\">Brauk\u0161ana bez ped\u0101\u013ciem &#8211; st\u016br\u0113\u0161ana.<\/p>\n<\/li>\n<li data-start=\"1113\" data-end=\"1169\">\n<p data-start=\"1115\" data-end=\"1169\">Uzlabo koordin\u0101ciju, l\u012bdzsvaru un fizisko aktivit\u0101ti.<\/p>\n<\/li>\n<li data-start=\"1170\" data-end=\"1215\">\n<p data-start=\"1172\" data-end=\"1215\">Stabili gumijas rite\u0146i, klusa brauk\u0161ana.<\/p>\n<\/li>\n<li data-start=\"1216\" data-end=\"1246\">\n<p data-start=\"1218\" data-end=\"1246\"><strong data-start=\"1218\" data-end=\"1243\">Virszemes audio sign\u0101ls<\/strong>.<\/p>\n<\/li>\n<li data-start=\"1247\" data-end=\"1286\">\n<p data-start=\"1249\" data-end=\"1286\"><strong data-start=\"1249\" data-end=\"1283\">Sp\u0113l\u0113jiet 10 m\u016bziklus ang\u013cu valod\u0101<\/strong>.<\/p>\n<\/li>\n<li data-start=\"1287\" data-end=\"1314\">\n<p data-start=\"1289\" data-end=\"1314\"><strong data-start=\"1289\" data-end=\"1311\">Izgaismots st\u016bres rats<\/strong>.<\/p>\n<\/li>\n<li data-start=\"1315\" data-end=\"1360\">\n<p data-start=\"1317\" data-end=\"1360\"><strong data-start=\"1317\" data-end=\"1338\">Bag\u0101\u017enieks atveras<\/strong> nelielu priek\u0161metu p\u0101rvad\u0101\u0161anai.<\/p>\n<\/li>\n<li data-start=\"1361\" data-end=\"1432\">\n<p data-start=\"1363\" data-end=\"1432\"><strong data-start=\"1363\" data-end=\"1383\">135 cm gar\u0161 pavadas posms<\/strong> &#8211; pagarin\u0101s un savelkas, nospie\u017eot pogu.<\/p>\n<\/li>\n<li data-start=\"1433\" data-end=\"1482\">\n<p data-start=\"1435\" data-end=\"1482\">Spilgtas kr\u0101sas, b\u0113rniem pievilc\u012bgs dizains.<\/p>\n<\/li>\n<li data-start=\"1483\" data-end=\"1520\">\n<p data-start=\"1485\" data-end=\"1520\">\u0112rts un ergonomisks dizains.<\/p>\n<\/li>\n<li data-start=\"1521\" data-end=\"1551\">\n<p data-start=\"1523\" data-end=\"1551\">Maksim\u0101l\u0101 slodze &#8211; 50 kg.<\/p>\n<\/li>\n<li data-start=\"1552\" data-end=\"1630\">\n<p data-start=\"1554\" data-end=\"1630\">Daudzfunkcion\u0101la izmanto\u0161ana &#8211; k\u0101 rota\u013clieta, transport\u0113\u0161anas vai sl\u012bd\u0113\u0161anas r\u012bks.<\/p>\n<\/li>\n<\/ul>\n<hr data-start=\"1632\" data-end=\"1635\">\n<h3 data-start=\"1637\" data-end=\"1664\">\ud83d\udccf Tehnisk\u0101 inform\u0101cija<\/h3>\n<ul data-start=\"1665\" data-end=\"1986\">\n<li data-start=\"1665\" data-end=\"1703\">\n<p data-start=\"1667\" data-end=\"1703\">Ieteicamais vecums: no 2 gadiem<\/p>\n<\/li>\n<li data-start=\"1704\" data-end=\"1744\">\n<p data-start=\"1706\" data-end=\"1744\">Ma\u0161\u012bnas izm\u0113ri: 73 \u00d7 32 \u00d7 38 cm<\/p>\n<\/li>\n<li data-start=\"1745\" data-end=\"1773\">\n<p data-start=\"1747\" data-end=\"1773\">Maksim\u0101l\u0101 slodze: 50 kg<\/p>\n<\/li>\n<li data-start=\"1774\" data-end=\"1813\">\n<p data-start=\"1776\" data-end=\"1813\">Materi\u0101ls: augstas kvalit\u0101tes plastmasa<\/p>\n<\/li>\n<li data-start=\"1814\" data-end=\"1851\">\n<p data-start=\"1816\" data-end=\"1851\">Rite\u0146i: gumijas, klusi rito\u0161i<\/p>\n<\/li>\n<li data-start=\"1852\" data-end=\"1884\">\n<p data-start=\"1854\" data-end=\"1884\">Baro\u0161ana: 2 \u00d7 AA baterijas<\/p>\n<\/li>\n<li data-start=\"1885\" data-end=\"1916\">\n<p data-start=\"1887\" data-end=\"1916\">Lieto\u0161ana: iek\u0161telp\u0101s un \u0101r\u0101<\/p>\n<\/li>\n<li data-start=\"1917\" data-end=\"1986\">\n<p data-start=\"1919\" data-end=\"1986\">Dro\u0161\u012bbas br\u012bdin\u0101jums: mazo deta\u013cu d\u0113\u013c nav piem\u0113rots b\u0113rniem l\u012bdz 3 gadu vecumam.<\/p>\n<\/li>\n<\/ul>\n","protected":false},"excerpt":{"rendered":"<p>Ieteicamais vecums no 2 gadiem. Nepiecie\u0161ama pieaugu\u0161o uzraudz\u012bba. <\/p>\n<p>Izcelsmes valsts &#8211; \u0136\u012bna<\/p>\n<p>Materi\u0101ls &#8211; plastmasa<\/p>\n<p>Maksim\u0101lais svars &#8211; 50 kg<\/p>\n<p>Ma\u0161\u012bnas izm\u0113ri 73 x 32 x 38 cm<\/p>\n<p>Nepiecie\u0161am\u0101s baterijas: 2xAA<\/p>\n<p>&nbsp;<\/p>\n","protected":false},"featured_media":45450,"comment_status":"open","ping_status":"closed","template":"","meta":[],"product_brand":[],"product_cat":[1180,1176,1380,1162,1155,1169],"product_tag":[],"class_list":{"0":"post-45444","1":"product","2":"type-product","3":"status-publish","4":"has-post-thumbnail","6":"product_cat-rotallietas-meitenem","7":"product_cat-rotallietas-zeniem","8":"product_cat-zinas","9":"product_cat-ara-un-vasaras-rotallietas","10":"product_cat-leti","11":"product_cat-uzsezamas-un-pedalu-rotallietu-masinas-un-traktori","12":"pa_amziaus-grupe-2-lv","13":"pa_spalva-dazadi","15":"first","16":"instock","17":"sale","18":"taxable","19":"shipping-taxable","20":"purchasable","21":"product-type-simple"},"yoast_head":"<!-- This site is optimized with the Yoast SEO plugin v26.3 - https:\/\/yoast.com\/wordpress\/plugins\/seo\/ -->\n<title>Wiggle Auto ar m\u016bziku un bag\u0101\u017eu - Toys.lt<\/title>\n<meta name=\"description\" content=\"Wiggle Car b\u0113rniem - ar gumijas rite\u0146iem, m\u016bziku, izgaismotu st\u016bri, ska\u0146as sign\u0101lu, pavadi\u0146u un bag\u0101\u017enieku. Kravnes\u012bba l\u012bdz 50 kg.\" \/>\n<meta name=\"robots\" content=\"index, follow, max-snippet:-1, max-image-preview:large, max-video-preview:-1\" \/>\n<link rel=\"canonical\" href=\"https:\/\/toys.lt\/lv\/produktas\/sniega-motocikls-motorollers-kopija-kopija-kopija-kopija\/\" \/>\n<meta property=\"og:locale\" content=\"lv_LV\" \/>\n<meta property=\"og:type\" content=\"article\" \/>\n<meta property=\"og:title\" content=\"Wiggle Auto ar m\u016bziku un bag\u0101\u017eu - Toys.lt\" \/>\n<meta property=\"og:description\" content=\"Wiggle Car b\u0113rniem - ar gumijas rite\u0146iem, m\u016bziku, izgaismotu st\u016bri, ska\u0146as sign\u0101lu, pavadi\u0146u un bag\u0101\u017enieku. Kravnes\u012bba l\u012bdz 50 kg.\" \/>\n<meta property=\"og:url\" content=\"https:\/\/toys.lt\/lv\/produktas\/sniega-motocikls-motorollers-kopija-kopija-kopija-kopija\/\" \/>\n<meta property=\"og:site_name\" content=\"Toys.lt\" \/>\n<meta property=\"article:modified_time\" content=\"2026-04-08T00:01:10+00:00\" \/>\n<meta property=\"og:image\" content=\"https:\/\/toys.lt\/wp-content\/uploads\/2025\/09\/Gemini_Generated_Image_gwsl2ggwsl2ggwsl-2.png\" \/>\n\t<meta property=\"og:image:width\" content=\"654\" \/>\n\t<meta property=\"og:image:height\" content=\"657\" \/>\n\t<meta property=\"og:image:type\" content=\"image\/png\" \/>\n<meta name=\"twitter:card\" content=\"summary_large_image\" \/>\n<meta name=\"twitter:label1\" content=\"Est. reading time\" \/>\n\t<meta name=\"twitter:data1\" content=\"2 minutes\" \/>\n<script type=\"application\/ld+json\" class=\"yoast-schema-graph\">{\"@context\":\"https:\/\/schema.org\",\"@graph\":[{\"@type\":\"WebPage\",\"@id\":\"https:\/\/toys.lt\/lv\/produktas\/sniega-motocikls-motorollers-kopija-kopija-kopija-kopija\/\",\"url\":\"https:\/\/toys.lt\/lv\/produktas\/sniega-motocikls-motorollers-kopija-kopija-kopija-kopija\/\",\"name\":\"Wiggle Auto ar m\u016bziku un bag\u0101\u017eu - Toys.lt\",\"isPartOf\":{\"@id\":\"https:\/\/toys.lt\/lv\/#website\"},\"primaryImageOfPage\":{\"@id\":\"https:\/\/toys.lt\/lv\/produktas\/sniega-motocikls-motorollers-kopija-kopija-kopija-kopija\/#primaryimage\"},\"image\":{\"@id\":\"https:\/\/toys.lt\/lv\/produktas\/sniega-motocikls-motorollers-kopija-kopija-kopija-kopija\/#primaryimage\"},\"thumbnailUrl\":\"https:\/\/toys.lt\/wp-content\/uploads\/2025\/09\/Gemini_Generated_Image_gwsl2ggwsl2ggwsl-2.png\",\"datePublished\":\"2025-09-17T21:25:56+00:00\",\"dateModified\":\"2026-04-08T00:01:10+00:00\",\"description\":\"Wiggle Car b\u0113rniem - ar gumijas rite\u0146iem, m\u016bziku, izgaismotu st\u016bri, ska\u0146as sign\u0101lu, pavadi\u0146u un bag\u0101\u017enieku. Kravnes\u012bba l\u012bdz 50 kg.\",\"breadcrumb\":{\"@id\":\"https:\/\/toys.lt\/lv\/produktas\/sniega-motocikls-motorollers-kopija-kopija-kopija-kopija\/#breadcrumb\"},\"inLanguage\":\"lv-LV\",\"potentialAction\":[{\"@type\":\"ReadAction\",\"target\":[\"https:\/\/toys.lt\/lv\/produktas\/sniega-motocikls-motorollers-kopija-kopija-kopija-kopija\/\"]}]},{\"@type\":\"ImageObject\",\"inLanguage\":\"lv-LV\",\"@id\":\"https:\/\/toys.lt\/lv\/produktas\/sniega-motocikls-motorollers-kopija-kopija-kopija-kopija\/#primaryimage\",\"url\":\"https:\/\/toys.lt\/wp-content\/uploads\/2025\/09\/Gemini_Generated_Image_gwsl2ggwsl2ggwsl-2.png\",\"contentUrl\":\"https:\/\/toys.lt\/wp-content\/uploads\/2025\/09\/Gemini_Generated_Image_gwsl2ggwsl2ggwsl-2.png\",\"width\":654,\"height\":657},{\"@type\":\"BreadcrumbList\",\"@id\":\"https:\/\/toys.lt\/lv\/produktas\/sniega-motocikls-motorollers-kopija-kopija-kopija-kopija\/#breadcrumb\",\"itemListElement\":[{\"@type\":\"ListItem\",\"position\":1,\"name\":\"Home\",\"item\":\"https:\/\/toys.lt\/lv\/\"},{\"@type\":\"ListItem\",\"position\":2,\"name\":\"Veikals\",\"item\":\"https:\/\/toys.lt\/lv\/shop\/\"},{\"@type\":\"ListItem\",\"position\":3,\"name\":\"Wiggle Auto ar m\u016bziku un bag\u0101\u017eu\"}]},{\"@type\":\"WebSite\",\"@id\":\"https:\/\/toys.lt\/lv\/#website\",\"url\":\"https:\/\/toys.lt\/lv\/\",\"name\":\"Toys.lt\",\"description\":\"\",\"potentialAction\":[{\"@type\":\"SearchAction\",\"target\":{\"@type\":\"EntryPoint\",\"urlTemplate\":\"https:\/\/toys.lt\/lv\/?s={search_term_string}\"},\"query-input\":{\"@type\":\"PropertyValueSpecification\",\"valueRequired\":true,\"valueName\":\"search_term_string\"}}],\"inLanguage\":\"lv-LV\"}]}<\/script>\n<!-- \/ Yoast SEO plugin. -->","yoast_head_json":{"title":"Wiggle Auto ar m\u016bziku un bag\u0101\u017eu - Toys.lt","description":"Wiggle Car b\u0113rniem - ar gumijas rite\u0146iem, m\u016bziku, izgaismotu st\u016bri, ska\u0146as sign\u0101lu, pavadi\u0146u un bag\u0101\u017enieku. Kravnes\u012bba l\u012bdz 50 kg.","robots":{"index":"index","follow":"follow","max-snippet":"max-snippet:-1","max-image-preview":"max-image-preview:large","max-video-preview":"max-video-preview:-1"},"canonical":"https:\/\/toys.lt\/lv\/produktas\/sniega-motocikls-motorollers-kopija-kopija-kopija-kopija\/","og_locale":"lv_LV","og_type":"article","og_title":"Wiggle Auto ar m\u016bziku un bag\u0101\u017eu - Toys.lt","og_description":"Wiggle Car b\u0113rniem - ar gumijas rite\u0146iem, m\u016bziku, izgaismotu st\u016bri, ska\u0146as sign\u0101lu, pavadi\u0146u un bag\u0101\u017enieku. Kravnes\u012bba l\u012bdz 50 kg.","og_url":"https:\/\/toys.lt\/lv\/produktas\/sniega-motocikls-motorollers-kopija-kopija-kopija-kopija\/","og_site_name":"Toys.lt","article_modified_time":"2026-04-08T00:01:10+00:00","og_image":[{"width":654,"height":657,"url":"https:\/\/toys.lt\/wp-content\/uploads\/2025\/09\/Gemini_Generated_Image_gwsl2ggwsl2ggwsl-2.png","type":"image\/png"}],"twitter_card":"summary_large_image","twitter_misc":{"Est. reading time":"2 minutes"},"schema":{"@context":"https:\/\/schema.org","@graph":[{"@type":"WebPage","@id":"https:\/\/toys.lt\/lv\/produktas\/sniega-motocikls-motorollers-kopija-kopija-kopija-kopija\/","url":"https:\/\/toys.lt\/lv\/produktas\/sniega-motocikls-motorollers-kopija-kopija-kopija-kopija\/","name":"Wiggle Auto ar m\u016bziku un bag\u0101\u017eu - Toys.lt","isPartOf":{"@id":"https:\/\/toys.lt\/lv\/#website"},"primaryImageOfPage":{"@id":"https:\/\/toys.lt\/lv\/produktas\/sniega-motocikls-motorollers-kopija-kopija-kopija-kopija\/#primaryimage"},"image":{"@id":"https:\/\/toys.lt\/lv\/produktas\/sniega-motocikls-motorollers-kopija-kopija-kopija-kopija\/#primaryimage"},"thumbnailUrl":"https:\/\/toys.lt\/wp-content\/uploads\/2025\/09\/Gemini_Generated_Image_gwsl2ggwsl2ggwsl-2.png","datePublished":"2025-09-17T21:25:56+00:00","dateModified":"2026-04-08T00:01:10+00:00","description":"Wiggle Car b\u0113rniem - ar gumijas rite\u0146iem, m\u016bziku, izgaismotu st\u016bri, ska\u0146as sign\u0101lu, pavadi\u0146u un bag\u0101\u017enieku. Kravnes\u012bba l\u012bdz 50 kg.","breadcrumb":{"@id":"https:\/\/toys.lt\/lv\/produktas\/sniega-motocikls-motorollers-kopija-kopija-kopija-kopija\/#breadcrumb"},"inLanguage":"lv-LV","potentialAction":[{"@type":"ReadAction","target":["https:\/\/toys.lt\/lv\/produktas\/sniega-motocikls-motorollers-kopija-kopija-kopija-kopija\/"]}]},{"@type":"ImageObject","inLanguage":"lv-LV","@id":"https:\/\/toys.lt\/lv\/produktas\/sniega-motocikls-motorollers-kopija-kopija-kopija-kopija\/#primaryimage","url":"https:\/\/toys.lt\/wp-content\/uploads\/2025\/09\/Gemini_Generated_Image_gwsl2ggwsl2ggwsl-2.png","contentUrl":"https:\/\/toys.lt\/wp-content\/uploads\/2025\/09\/Gemini_Generated_Image_gwsl2ggwsl2ggwsl-2.png","width":654,"height":657},{"@type":"BreadcrumbList","@id":"https:\/\/toys.lt\/lv\/produktas\/sniega-motocikls-motorollers-kopija-kopija-kopija-kopija\/#breadcrumb","itemListElement":[{"@type":"ListItem","position":1,"name":"Home","item":"https:\/\/toys.lt\/lv\/"},{"@type":"ListItem","position":2,"name":"Veikals","item":"https:\/\/toys.lt\/lv\/shop\/"},{"@type":"ListItem","position":3,"name":"Wiggle Auto ar m\u016bziku un bag\u0101\u017eu"}]},{"@type":"WebSite","@id":"https:\/\/toys.lt\/lv\/#website","url":"https:\/\/toys.lt\/lv\/","name":"Toys.lt","description":"","potentialAction":[{"@type":"SearchAction","target":{"@type":"EntryPoint","urlTemplate":"https:\/\/toys.lt\/lv\/?s={search_term_string}"},"query-input":{"@type":"PropertyValueSpecification","valueRequired":true,"valueName":"search_term_string"}}],"inLanguage":"lv-LV"}]}},"_links":{"self":[{"href":"https:\/\/toys.lt\/lv\/wp-json\/wp\/v2\/product\/45444","targetHints":{"allow":["GET"]}}],"collection":[{"href":"https:\/\/toys.lt\/lv\/wp-json\/wp\/v2\/product"}],"about":[{"href":"https:\/\/toys.lt\/lv\/wp-json\/wp\/v2\/types\/product"}],"replies":[{"embeddable":true,"href":"https:\/\/toys.lt\/lv\/wp-json\/wp\/v2\/comments?post=45444"}],"version-history":[{"count":2,"href":"https:\/\/toys.lt\/lv\/wp-json\/wp\/v2\/product\/45444\/revisions"}],"predecessor-version":[{"id":45527,"href":"https:\/\/toys.lt\/lv\/wp-json\/wp\/v2\/product\/45444\/revisions\/45527"}],"wp:featuredmedia":[{"embeddable":true,"href":"https:\/\/toys.lt\/lv\/wp-json\/wp\/v2\/media\/45450"}],"wp:attachment":[{"href":"https:\/\/toys.lt\/lv\/wp-json\/wp\/v2\/media?parent=45444"}],"wp:term":[{"taxonomy":"product_brand","embeddable":true,"href":"https:\/\/toys.lt\/lv\/wp-json\/wp\/v2\/product_brand?post=45444"},{"taxonomy":"product_cat","embeddable":true,"href":"https:\/\/toys.lt\/lv\/wp-json\/wp\/v2\/product_cat?post=45444"},{"taxonomy":"product_tag","embeddable":true,"href":"https:\/\/toys.lt\/lv\/wp-json\/wp\/v2\/product_tag?post=45444"}],"curies":[{"name":"wp","href":"https:\/\/api.w.org\/{rel}","templated":true}]}}