{"id":45363,"date":"2025-09-16T21:14:26","date_gmt":"2025-09-16T21:14:26","guid":{"rendered":"https:\/\/toys.lt\/?post_type=product&#038;p=45363"},"modified":"2026-04-08T00:01:11","modified_gmt":"2026-04-08T00:01:11","slug":"divpuseja-koka-magnetiska-zimesanas-tafele-kopija","status":"publish","type":"product","link":"https:\/\/toys.lt\/lv\/produktas\/divpuseja-koka-magnetiska-zimesanas-tafele-kopija\/","title":{"rendered":"Divpus\u0113ja koka magn\u0113tisk\u0101 z\u012bm\u0113\u0161anas t\u0101fele b\u0113rniem"},"content":{"rendered":"<p data-start=\"226\" data-end=\"458\"><strong data-start=\"226\" data-end=\"268\">Divpus\u0113j\u0101 koka magn\u0113tisk\u0101 z\u012bm\u0113\u0161anas t\u0101fele<\/strong> ir lieliska izgl\u012btojo\u0161a rota\u013clieta b\u0113rniem, lai m\u0101c\u012btos, rad\u012btu un izklaid\u0113tos. T\u0101feli var izmantot z\u012bm\u0113\u0161anai, matem\u0101tisku vien\u0101dojumu skait\u012b\u0161anai, v\u0101rdu m\u012bklu veido\u0161anai un rado\u0161uma att\u012bst\u012b\u0161anai. <\/p>\n<p data-start=\"460\" data-end=\"691\">\u0160\u012b t\u0101fele ir divpus\u0113ja: viena puse ir paredz\u0113ta rakst\u012b\u0161anai ar kr\u012btu, otra &#8211; z\u012bm\u0113\u0161anai ar mar\u0137ieri vai magn\u0113tisko burtu un ciparu izk\u0101rto\u0161anai. Tas ir daudzpus\u012bgs risin\u0101jums gan m\u0101c\u012bb\u0101m, gan rado\u0161umam, kas patiks gan b\u0113rniem, gan vec\u0101kiem. <\/p>\n<p data-start=\"693\" data-end=\"715\">\u2705 <strong data-start=\"695\" data-end=\"713\">Papildin\u0101jums<\/strong>:<\/p>\n<ul data-start=\"716\" data-end=\"857\">\n<li data-start=\"716\" data-end=\"751\">\n<p data-start=\"718\" data-end=\"751\">2 t\u0101feles (kr\u012bta un magn\u0113tisk\u0101)<\/p>\n<\/li>\n<li data-start=\"752\" data-end=\"765\">\n<p data-start=\"754\" data-end=\"765\">S\u016bklis<\/p>\n<\/li>\n<li data-start=\"766\" data-end=\"778\">\n<p data-start=\"768\" data-end=\"778\">Mar\u0137ieris<\/p>\n<\/li>\n<li data-start=\"779\" data-end=\"807\">\n<p data-start=\"781\" data-end=\"807\">Kr\u012bta kaste (12 gab.)<\/p>\n<\/li>\n<li data-start=\"808\" data-end=\"857\">\n<p data-start=\"810\" data-end=\"857\">Magn\u0113tiskie skait\u013ci un skait\u012b\u0161anas simboli<\/p>\n<\/li>\n<\/ul>\n<p data-start=\"859\" data-end=\"880\">\ud83d\udccf <strong data-start=\"862\" data-end=\"878\">Izm\u0113ri<\/strong>:<\/p>\n<ul data-start=\"881\" data-end=\"951\">\n<li data-start=\"881\" data-end=\"916\">\n<p data-start=\"883\" data-end=\"916\">Izstr\u0101d\u0101juma izm\u0113rs: 86 \u00d7 53 \u00d7 45 cm<\/p>\n<\/li>\n<li data-start=\"917\" data-end=\"951\">\n<p data-start=\"919\" data-end=\"951\">Iepakojuma izm\u0113rs: 91 \u00d7 5 \u00d7 55 cm<\/p>\n<\/li>\n<\/ul>\n<p data-start=\"953\" data-end=\"1075\">T\u0101 ir ne tikai rota\u013clieta, bet ar\u012b izgl\u012btojo\u0161s l\u012bdzeklis, kas pal\u012bdz b\u0113rniem att\u012bst\u012bt izt\u0113li, lo\u0123isko dom\u0101\u0161anu un kognit\u012bv\u0101s prasmes.<\/p>\n","protected":false},"excerpt":{"rendered":"<p>Produkta veids: ras\u0113\u0161anas t\u0101fele<\/p>\n<p>Izcelsmes valsts: \u0136\u012bna<\/p>\n<p>Iepakojuma izm\u0113ri: 91 x 5 x 55 cm<\/p>\n<p>Produkta izm\u0113ri: 86 x 53 x 45 cm<\/p>\n<p>&nbsp;<\/p>\n","protected":false},"featured_media":45365,"comment_status":"open","ping_status":"closed","template":"","meta":[],"product_brand":[],"product_cat":[1380,1155,1159],"product_tag":[],"class_list":{"0":"post-45363","1":"product","2":"type-product","3":"status-publish","4":"has-post-thumbnail","6":"product_cat-zinas","7":"product_cat-leti","8":"product_cat-magnetiskie-deli","10":"first","11":"instock","12":"sale","13":"taxable","14":"shipping-taxable","15":"purchasable","16":"product-type-simple"},"yoast_head":"<!-- This site is optimized with the Yoast SEO plugin v26.3 - https:\/\/yoast.com\/wordpress\/plugins\/seo\/ -->\n<title>Divpus\u0113ja koka magn\u0113tisk\u0101 z\u012bm\u0113\u0161anas t\u0101fele b\u0113rniem - Toys.lt<\/title>\n<meta name=\"description\" content=\"Divpus\u0113ja koka magn\u0113tisk\u0101 z\u012bm\u0113\u0161anas t\u0101fele b\u0113rniem - z\u012bm\u0113jiet, skaitiet un risiniet magn\u0113tiskos simbolus. Ietver kr\u012btu, mar\u0137ieri, ciparus un burtus.\" \/>\n<meta name=\"robots\" content=\"index, follow, max-snippet:-1, max-image-preview:large, max-video-preview:-1\" \/>\n<link rel=\"canonical\" href=\"https:\/\/toys.lt\/lv\/produktas\/divpuseja-koka-magnetiska-zimesanas-tafele-kopija\/\" \/>\n<meta property=\"og:locale\" content=\"lv_LV\" \/>\n<meta property=\"og:type\" content=\"article\" \/>\n<meta property=\"og:title\" content=\"Divpus\u0113ja koka magn\u0113tisk\u0101 z\u012bm\u0113\u0161anas t\u0101fele b\u0113rniem - Toys.lt\" \/>\n<meta property=\"og:description\" content=\"Divpus\u0113ja koka magn\u0113tisk\u0101 z\u012bm\u0113\u0161anas t\u0101fele b\u0113rniem - z\u012bm\u0113jiet, skaitiet un risiniet magn\u0113tiskos simbolus. Ietver kr\u012btu, mar\u0137ieri, ciparus un burtus.\" \/>\n<meta property=\"og:url\" content=\"https:\/\/toys.lt\/lv\/produktas\/divpuseja-koka-magnetiska-zimesanas-tafele-kopija\/\" \/>\n<meta property=\"og:site_name\" content=\"Toys.lt\" \/>\n<meta property=\"article:modified_time\" content=\"2026-04-08T00:01:11+00:00\" \/>\n<meta property=\"og:image\" content=\"https:\/\/toys.lt\/wp-content\/uploads\/2025\/09\/Gemini_Generated_Image_td74i6td74i6td74.png\" \/>\n\t<meta property=\"og:image:width\" content=\"864\" \/>\n\t<meta property=\"og:image:height\" content=\"1184\" \/>\n\t<meta property=\"og:image:type\" content=\"image\/png\" \/>\n<meta name=\"twitter:card\" content=\"summary_large_image\" \/>\n<meta name=\"twitter:label1\" content=\"Est. reading time\" \/>\n\t<meta name=\"twitter:data1\" content=\"1 minute\" \/>\n<script type=\"application\/ld+json\" class=\"yoast-schema-graph\">{\"@context\":\"https:\/\/schema.org\",\"@graph\":[{\"@type\":\"WebPage\",\"@id\":\"https:\/\/toys.lt\/lv\/produktas\/divpuseja-koka-magnetiska-zimesanas-tafele-kopija\/\",\"url\":\"https:\/\/toys.lt\/lv\/produktas\/divpuseja-koka-magnetiska-zimesanas-tafele-kopija\/\",\"name\":\"Divpus\u0113ja koka magn\u0113tisk\u0101 z\u012bm\u0113\u0161anas t\u0101fele b\u0113rniem - Toys.lt\",\"isPartOf\":{\"@id\":\"https:\/\/toys.lt\/lv\/#website\"},\"primaryImageOfPage\":{\"@id\":\"https:\/\/toys.lt\/lv\/produktas\/divpuseja-koka-magnetiska-zimesanas-tafele-kopija\/#primaryimage\"},\"image\":{\"@id\":\"https:\/\/toys.lt\/lv\/produktas\/divpuseja-koka-magnetiska-zimesanas-tafele-kopija\/#primaryimage\"},\"thumbnailUrl\":\"https:\/\/toys.lt\/wp-content\/uploads\/2025\/09\/Gemini_Generated_Image_td74i6td74i6td74.png\",\"datePublished\":\"2025-09-16T21:14:26+00:00\",\"dateModified\":\"2026-04-08T00:01:11+00:00\",\"description\":\"Divpus\u0113ja koka magn\u0113tisk\u0101 z\u012bm\u0113\u0161anas t\u0101fele b\u0113rniem - z\u012bm\u0113jiet, skaitiet un risiniet magn\u0113tiskos simbolus. Ietver kr\u012btu, mar\u0137ieri, ciparus un burtus.\",\"breadcrumb\":{\"@id\":\"https:\/\/toys.lt\/lv\/produktas\/divpuseja-koka-magnetiska-zimesanas-tafele-kopija\/#breadcrumb\"},\"inLanguage\":\"lv-LV\",\"potentialAction\":[{\"@type\":\"ReadAction\",\"target\":[\"https:\/\/toys.lt\/lv\/produktas\/divpuseja-koka-magnetiska-zimesanas-tafele-kopija\/\"]}]},{\"@type\":\"ImageObject\",\"inLanguage\":\"lv-LV\",\"@id\":\"https:\/\/toys.lt\/lv\/produktas\/divpuseja-koka-magnetiska-zimesanas-tafele-kopija\/#primaryimage\",\"url\":\"https:\/\/toys.lt\/wp-content\/uploads\/2025\/09\/Gemini_Generated_Image_td74i6td74i6td74.png\",\"contentUrl\":\"https:\/\/toys.lt\/wp-content\/uploads\/2025\/09\/Gemini_Generated_Image_td74i6td74i6td74.png\",\"width\":864,\"height\":1184},{\"@type\":\"BreadcrumbList\",\"@id\":\"https:\/\/toys.lt\/lv\/produktas\/divpuseja-koka-magnetiska-zimesanas-tafele-kopija\/#breadcrumb\",\"itemListElement\":[{\"@type\":\"ListItem\",\"position\":1,\"name\":\"Home\",\"item\":\"https:\/\/toys.lt\/lv\/\"},{\"@type\":\"ListItem\",\"position\":2,\"name\":\"Veikals\",\"item\":\"https:\/\/toys.lt\/lv\/shop\/\"},{\"@type\":\"ListItem\",\"position\":3,\"name\":\"Divpus\u0113ja koka magn\u0113tisk\u0101 z\u012bm\u0113\u0161anas t\u0101fele b\u0113rniem\"}]},{\"@type\":\"WebSite\",\"@id\":\"https:\/\/toys.lt\/lv\/#website\",\"url\":\"https:\/\/toys.lt\/lv\/\",\"name\":\"Toys.lt\",\"description\":\"\",\"potentialAction\":[{\"@type\":\"SearchAction\",\"target\":{\"@type\":\"EntryPoint\",\"urlTemplate\":\"https:\/\/toys.lt\/lv\/?s={search_term_string}\"},\"query-input\":{\"@type\":\"PropertyValueSpecification\",\"valueRequired\":true,\"valueName\":\"search_term_string\"}}],\"inLanguage\":\"lv-LV\"}]}<\/script>\n<!-- \/ Yoast SEO plugin. -->","yoast_head_json":{"title":"Divpus\u0113ja koka magn\u0113tisk\u0101 z\u012bm\u0113\u0161anas t\u0101fele b\u0113rniem - Toys.lt","description":"Divpus\u0113ja koka magn\u0113tisk\u0101 z\u012bm\u0113\u0161anas t\u0101fele b\u0113rniem - z\u012bm\u0113jiet, skaitiet un risiniet magn\u0113tiskos simbolus. Ietver kr\u012btu, mar\u0137ieri, ciparus un burtus.","robots":{"index":"index","follow":"follow","max-snippet":"max-snippet:-1","max-image-preview":"max-image-preview:large","max-video-preview":"max-video-preview:-1"},"canonical":"https:\/\/toys.lt\/lv\/produktas\/divpuseja-koka-magnetiska-zimesanas-tafele-kopija\/","og_locale":"lv_LV","og_type":"article","og_title":"Divpus\u0113ja koka magn\u0113tisk\u0101 z\u012bm\u0113\u0161anas t\u0101fele b\u0113rniem - Toys.lt","og_description":"Divpus\u0113ja koka magn\u0113tisk\u0101 z\u012bm\u0113\u0161anas t\u0101fele b\u0113rniem - z\u012bm\u0113jiet, skaitiet un risiniet magn\u0113tiskos simbolus. Ietver kr\u012btu, mar\u0137ieri, ciparus un burtus.","og_url":"https:\/\/toys.lt\/lv\/produktas\/divpuseja-koka-magnetiska-zimesanas-tafele-kopija\/","og_site_name":"Toys.lt","article_modified_time":"2026-04-08T00:01:11+00:00","og_image":[{"width":864,"height":1184,"url":"https:\/\/toys.lt\/wp-content\/uploads\/2025\/09\/Gemini_Generated_Image_td74i6td74i6td74.png","type":"image\/png"}],"twitter_card":"summary_large_image","twitter_misc":{"Est. reading time":"1 minute"},"schema":{"@context":"https:\/\/schema.org","@graph":[{"@type":"WebPage","@id":"https:\/\/toys.lt\/lv\/produktas\/divpuseja-koka-magnetiska-zimesanas-tafele-kopija\/","url":"https:\/\/toys.lt\/lv\/produktas\/divpuseja-koka-magnetiska-zimesanas-tafele-kopija\/","name":"Divpus\u0113ja koka magn\u0113tisk\u0101 z\u012bm\u0113\u0161anas t\u0101fele b\u0113rniem - Toys.lt","isPartOf":{"@id":"https:\/\/toys.lt\/lv\/#website"},"primaryImageOfPage":{"@id":"https:\/\/toys.lt\/lv\/produktas\/divpuseja-koka-magnetiska-zimesanas-tafele-kopija\/#primaryimage"},"image":{"@id":"https:\/\/toys.lt\/lv\/produktas\/divpuseja-koka-magnetiska-zimesanas-tafele-kopija\/#primaryimage"},"thumbnailUrl":"https:\/\/toys.lt\/wp-content\/uploads\/2025\/09\/Gemini_Generated_Image_td74i6td74i6td74.png","datePublished":"2025-09-16T21:14:26+00:00","dateModified":"2026-04-08T00:01:11+00:00","description":"Divpus\u0113ja koka magn\u0113tisk\u0101 z\u012bm\u0113\u0161anas t\u0101fele b\u0113rniem - z\u012bm\u0113jiet, skaitiet un risiniet magn\u0113tiskos simbolus. Ietver kr\u012btu, mar\u0137ieri, ciparus un burtus.","breadcrumb":{"@id":"https:\/\/toys.lt\/lv\/produktas\/divpuseja-koka-magnetiska-zimesanas-tafele-kopija\/#breadcrumb"},"inLanguage":"lv-LV","potentialAction":[{"@type":"ReadAction","target":["https:\/\/toys.lt\/lv\/produktas\/divpuseja-koka-magnetiska-zimesanas-tafele-kopija\/"]}]},{"@type":"ImageObject","inLanguage":"lv-LV","@id":"https:\/\/toys.lt\/lv\/produktas\/divpuseja-koka-magnetiska-zimesanas-tafele-kopija\/#primaryimage","url":"https:\/\/toys.lt\/wp-content\/uploads\/2025\/09\/Gemini_Generated_Image_td74i6td74i6td74.png","contentUrl":"https:\/\/toys.lt\/wp-content\/uploads\/2025\/09\/Gemini_Generated_Image_td74i6td74i6td74.png","width":864,"height":1184},{"@type":"BreadcrumbList","@id":"https:\/\/toys.lt\/lv\/produktas\/divpuseja-koka-magnetiska-zimesanas-tafele-kopija\/#breadcrumb","itemListElement":[{"@type":"ListItem","position":1,"name":"Home","item":"https:\/\/toys.lt\/lv\/"},{"@type":"ListItem","position":2,"name":"Veikals","item":"https:\/\/toys.lt\/lv\/shop\/"},{"@type":"ListItem","position":3,"name":"Divpus\u0113ja koka magn\u0113tisk\u0101 z\u012bm\u0113\u0161anas t\u0101fele b\u0113rniem"}]},{"@type":"WebSite","@id":"https:\/\/toys.lt\/lv\/#website","url":"https:\/\/toys.lt\/lv\/","name":"Toys.lt","description":"","potentialAction":[{"@type":"SearchAction","target":{"@type":"EntryPoint","urlTemplate":"https:\/\/toys.lt\/lv\/?s={search_term_string}"},"query-input":{"@type":"PropertyValueSpecification","valueRequired":true,"valueName":"search_term_string"}}],"inLanguage":"lv-LV"}]}},"_links":{"self":[{"href":"https:\/\/toys.lt\/lv\/wp-json\/wp\/v2\/product\/45363","targetHints":{"allow":["GET"]}}],"collection":[{"href":"https:\/\/toys.lt\/lv\/wp-json\/wp\/v2\/product"}],"about":[{"href":"https:\/\/toys.lt\/lv\/wp-json\/wp\/v2\/types\/product"}],"replies":[{"embeddable":true,"href":"https:\/\/toys.lt\/lv\/wp-json\/wp\/v2\/comments?post=45363"}],"version-history":[{"count":2,"href":"https:\/\/toys.lt\/lv\/wp-json\/wp\/v2\/product\/45363\/revisions"}],"predecessor-version":[{"id":45556,"href":"https:\/\/toys.lt\/lv\/wp-json\/wp\/v2\/product\/45363\/revisions\/45556"}],"wp:featuredmedia":[{"embeddable":true,"href":"https:\/\/toys.lt\/lv\/wp-json\/wp\/v2\/media\/45365"}],"wp:attachment":[{"href":"https:\/\/toys.lt\/lv\/wp-json\/wp\/v2\/media?parent=45363"}],"wp:term":[{"taxonomy":"product_brand","embeddable":true,"href":"https:\/\/toys.lt\/lv\/wp-json\/wp\/v2\/product_brand?post=45363"},{"taxonomy":"product_cat","embeddable":true,"href":"https:\/\/toys.lt\/lv\/wp-json\/wp\/v2\/product_cat?post=45363"},{"taxonomy":"product_tag","embeddable":true,"href":"https:\/\/toys.lt\/lv\/wp-json\/wp\/v2\/product_tag?post=45363"}],"curies":[{"name":"wp","href":"https:\/\/api.w.org\/{rel}","templated":true}]}}