{"id":45271,"date":"2025-09-16T17:10:45","date_gmt":"2025-09-16T17:10:45","guid":{"rendered":"https:\/\/toys.lt\/?post_type=product&#038;p=45271"},"modified":"2026-03-30T00:25:31","modified_gmt":"2026-03-30T00:25:31","slug":"clementoni-interaktiva-rotallieta-cookie-kucens-kopija-kopija","status":"publish","type":"product","link":"https:\/\/toys.lt\/lv\/produktas\/clementoni-interaktiva-rotallieta-cookie-kucens-kopija-kopija\/","title":{"rendered":"Interakt\u012bvs ka\u0137\u0113ns ar pavadi\u0146u &#8211; pl\u012b\u0161a rota\u013clieta b\u0113rniem"},"content":{"rendered":"<p data-start=\"201\" data-end=\"518\">Interakt\u012bvais pl\u012b\u0161a ka\u0137\u0113ns ar pavadi\u0146u ir lieliska rota\u013clieta b\u0113rniem, kas m\u012bl dz\u012bvniekus! \u0160is simp\u0101tiskais dz\u012bvnieci\u0146\u0161 rea\u0123\u0113 uz piesk\u0101rieniem, var staig\u0101t, vicin\u0101t asti, minkas, pat laiz\u012bt un atska\u0146ot jautras melodijas ang\u013cu valod\u0101. Rota\u013clieta pal\u012bdz att\u012bst\u012bt b\u0113rna izt\u0113li, r\u016bpes un emocion\u0101lo saikni.  <\/p>\n<p data-start=\"520\" data-end=\"761\">M\u012bksts ka\u017eoci\u0146\u0161 un m\u012bl\u012bgs dizains pie\u0161\u0137ir rota\u013c\u012bgumu, bet \u012bpa\u0161\u0101 pavadi\u0146a ar vad\u012bbas pogu padara to v\u0113l saisto\u0161\u0101ku j\u016bsu b\u0113rnam. Tas ir interakt\u012bvs draugs, kas sag\u0101d\u0101s daudz jautru br\u012b\u017eu m\u0101j\u0101s vai ce\u013c\u0101. <\/p>\n<hr data-start=\"763\" data-end=\"766\">\n<h3 data-start=\"768\" data-end=\"781\">\u2b50 Funkcijas<\/h3>\n<ul data-start=\"782\" data-end=\"1138\">\n<li data-start=\"782\" data-end=\"834\">\n<p data-start=\"784\" data-end=\"834\">Rea\u0123\u0113 uz piesk\u0101rienu &#8211; rea\u0123\u0113, kad to gl\u0101sta.<\/p>\n<\/li>\n<li data-start=\"835\" data-end=\"872\">\n<p data-start=\"837\" data-end=\"872\">Tas staig\u0101, mungo, vicina asti.<\/p>\n<\/li>\n<li data-start=\"873\" data-end=\"892\">\n<p data-start=\"875\" data-end=\"892\">Tas var laiz\u012bt.<\/p>\n<\/li>\n<li data-start=\"893\" data-end=\"932\">\n<p data-start=\"895\" data-end=\"932\">Dzied ang\u013cu valod\u0101 (5 m\u016bzikli).<\/p>\n<\/li>\n<li data-start=\"933\" data-end=\"981\">\n<p data-start=\"935\" data-end=\"981\">Vadas vad\u012bba ar integr\u0113tu pogu.<\/p>\n<\/li>\n<li data-start=\"982\" data-end=\"1013\">\n<p data-start=\"984\" data-end=\"1013\">Spilgtas, izteiksm\u012bgas acis.<\/p>\n<\/li>\n<li data-start=\"1014\" data-end=\"1053\">\n<p data-start=\"1016\" data-end=\"1053\">M\u012bksts ka\u017eoks, pat\u012bkams piesk\u0101rienam.<\/p>\n<\/li>\n<li data-start=\"1054\" data-end=\"1100\">\n<p data-start=\"1056\" data-end=\"1100\">Piem\u0113rots k\u0101 kompanjons un izgl\u012btojo\u0161a rota\u013clieta.<\/p>\n<\/li>\n<li data-start=\"1101\" data-end=\"1138\">\n<p data-start=\"1103\" data-end=\"1138\">Pieejama \u010detru kr\u0101su izv\u0113le.<\/p>\n<\/li>\n<\/ul>\n<hr data-start=\"1140\" data-end=\"1143\">\n<h3 data-start=\"1145\" data-end=\"1172\">\ud83d\udccf Tehnisk\u0101 inform\u0101cija<\/h3>\n<ul data-start=\"1173\" data-end=\"1360\">\n<li data-start=\"1173\" data-end=\"1212\">\n<p data-start=\"1175\" data-end=\"1212\">Rota\u013clietas izm\u0113ri: 27 \u00d7 12 \u00d7 27 cm<\/p>\n<\/li>\n<li data-start=\"1213\" data-end=\"1239\">\n<p data-start=\"1215\" data-end=\"1239\">Pavediena garums: 50 cm<\/p>\n<\/li>\n<li data-start=\"1240\" data-end=\"1287\">\n<p data-start=\"1242\" data-end=\"1287\">Baro\u0161ana: 3 \u00d7 AA baterijas (nav iek\u013cautas komplekt\u0101)<\/p>\n<\/li>\n<li data-start=\"1288\" data-end=\"1321\">\n<p data-start=\"1290\" data-end=\"1321\">Materi\u0101ls: tekstils, plastmasa<\/p>\n<\/li>\n<li data-start=\"1322\" data-end=\"1360\">\n<p data-start=\"1324\" data-end=\"1360\">Ieteicamais vecums: no 3 gadiem<\/p>\n<\/li>\n<\/ul>\n","protected":false},"excerpt":{"rendered":"<p>Produkta veids: interakt\u012bv\u0101 rota\u013clieta<\/p>\n<p>Izcelsmes valsts: \u0136\u012bna<\/p>\n<p>Iepakojuma izm\u0113ri: 14 x 26 x 28 cm<\/p>\n<p>Rota\u013clietas izm\u0113ri: 27 x 12 x 27 cm<\/p>\n<p>Ieteicamais vecums: no 3 gadiem<\/p>\n<p>Elementi: 3 x AA (nav iek\u013cauti)<\/p>\n","protected":false},"featured_media":45327,"comment_status":"open","ping_status":"closed","template":"","meta":[],"product_brand":[],"product_cat":[1309,1380,1157,1155],"product_tag":[],"class_list":{"0":"post-45271","1":"product","2":"type-product","3":"status-publish","4":"has-post-thumbnail","6":"product_cat-plisa-rotallietas","7":"product_cat-zinas","8":"product_cat-izglitojosas-un-interaktivas-rotallietas","9":"product_cat-leti","10":"pa_amziaus-grupe-3-lv","11":"pa_prek-s-spalva-black-lv","12":"pa_prek-s-spalva-rudas","13":"pa_prek-s-spalva-white","14":"pa_prek-s-spalva-zilais","15":"pa_spalva-dazadi","17":"first","18":"instock","19":"taxable","20":"shipping-taxable","21":"purchasable","22":"product-type-variable"},"yoast_head":"<!-- This site is optimized with the Yoast SEO plugin v26.3 - https:\/\/yoast.com\/wordpress\/plugins\/seo\/ -->\n<title>Interakt\u012bvs ka\u0137\u0113ns ar pavadi\u0146u - pl\u012b\u0161a rota\u013clieta b\u0113rniem - Toys.lt<\/title>\n<meta name=\"description\" content=\"Interakt\u012bvs ka\u0137\u0113ns ar pavadi\u0146u - pl\u012b\u0161a rota\u013clieta b\u0113rniem. Ka\u0137\u0113ns mungo, staig\u0101 un dzied un rosina izt\u0113li un sniedz prieku.\" \/>\n<meta name=\"robots\" content=\"index, follow, max-snippet:-1, max-image-preview:large, max-video-preview:-1\" \/>\n<link rel=\"canonical\" href=\"https:\/\/toys.lt\/lv\/produktas\/clementoni-interaktiva-rotallieta-cookie-kucens-kopija-kopija\/\" \/>\n<meta property=\"og:locale\" content=\"lv_LV\" \/>\n<meta property=\"og:type\" content=\"article\" \/>\n<meta property=\"og:title\" content=\"Interakt\u012bvs ka\u0137\u0113ns ar pavadi\u0146u - pl\u012b\u0161a rota\u013clieta b\u0113rniem - Toys.lt\" \/>\n<meta property=\"og:description\" content=\"Interakt\u012bvs ka\u0137\u0113ns ar pavadi\u0146u - pl\u012b\u0161a rota\u013clieta b\u0113rniem. Ka\u0137\u0113ns mungo, staig\u0101 un dzied un rosina izt\u0113li un sniedz prieku.\" \/>\n<meta property=\"og:url\" content=\"https:\/\/toys.lt\/lv\/produktas\/clementoni-interaktiva-rotallieta-cookie-kucens-kopija-kopija\/\" \/>\n<meta property=\"og:site_name\" content=\"Toys.lt\" \/>\n<meta property=\"article:modified_time\" content=\"2026-03-30T00:25:31+00:00\" \/>\n<meta property=\"og:image\" content=\"https:\/\/toys.lt\/wp-content\/uploads\/2025\/09\/ChatGPT-Image-Sep-16-2025-10_30_54-PM-3.png\" \/>\n\t<meta property=\"og:image:width\" content=\"1024\" \/>\n\t<meta property=\"og:image:height\" content=\"1536\" \/>\n\t<meta property=\"og:image:type\" content=\"image\/png\" \/>\n<meta name=\"twitter:card\" content=\"summary_large_image\" \/>\n<meta name=\"twitter:label1\" content=\"Est. reading time\" \/>\n\t<meta name=\"twitter:data1\" content=\"1 minute\" \/>\n<script type=\"application\/ld+json\" class=\"yoast-schema-graph\">{\"@context\":\"https:\/\/schema.org\",\"@graph\":[{\"@type\":\"WebPage\",\"@id\":\"https:\/\/toys.lt\/lv\/produktas\/clementoni-interaktiva-rotallieta-cookie-kucens-kopija-kopija\/\",\"url\":\"https:\/\/toys.lt\/lv\/produktas\/clementoni-interaktiva-rotallieta-cookie-kucens-kopija-kopija\/\",\"name\":\"Interakt\u012bvs ka\u0137\u0113ns ar pavadi\u0146u - pl\u012b\u0161a rota\u013clieta b\u0113rniem - Toys.lt\",\"isPartOf\":{\"@id\":\"https:\/\/toys.lt\/lv\/#website\"},\"primaryImageOfPage\":{\"@id\":\"https:\/\/toys.lt\/lv\/produktas\/clementoni-interaktiva-rotallieta-cookie-kucens-kopija-kopija\/#primaryimage\"},\"image\":{\"@id\":\"https:\/\/toys.lt\/lv\/produktas\/clementoni-interaktiva-rotallieta-cookie-kucens-kopija-kopija\/#primaryimage\"},\"thumbnailUrl\":\"https:\/\/toys.lt\/wp-content\/uploads\/2025\/09\/ChatGPT-Image-Sep-16-2025-10_30_54-PM-3.png\",\"datePublished\":\"2025-09-16T17:10:45+00:00\",\"dateModified\":\"2026-03-30T00:25:31+00:00\",\"description\":\"Interakt\u012bvs ka\u0137\u0113ns ar pavadi\u0146u - pl\u012b\u0161a rota\u013clieta b\u0113rniem. Ka\u0137\u0113ns mungo, staig\u0101 un dzied un rosina izt\u0113li un sniedz prieku.\",\"breadcrumb\":{\"@id\":\"https:\/\/toys.lt\/lv\/produktas\/clementoni-interaktiva-rotallieta-cookie-kucens-kopija-kopija\/#breadcrumb\"},\"inLanguage\":\"lv-LV\",\"potentialAction\":[{\"@type\":\"ReadAction\",\"target\":[\"https:\/\/toys.lt\/lv\/produktas\/clementoni-interaktiva-rotallieta-cookie-kucens-kopija-kopija\/\"]}]},{\"@type\":\"ImageObject\",\"inLanguage\":\"lv-LV\",\"@id\":\"https:\/\/toys.lt\/lv\/produktas\/clementoni-interaktiva-rotallieta-cookie-kucens-kopija-kopija\/#primaryimage\",\"url\":\"https:\/\/toys.lt\/wp-content\/uploads\/2025\/09\/ChatGPT-Image-Sep-16-2025-10_30_54-PM-3.png\",\"contentUrl\":\"https:\/\/toys.lt\/wp-content\/uploads\/2025\/09\/ChatGPT-Image-Sep-16-2025-10_30_54-PM-3.png\",\"width\":1024,\"height\":1536},{\"@type\":\"BreadcrumbList\",\"@id\":\"https:\/\/toys.lt\/lv\/produktas\/clementoni-interaktiva-rotallieta-cookie-kucens-kopija-kopija\/#breadcrumb\",\"itemListElement\":[{\"@type\":\"ListItem\",\"position\":1,\"name\":\"Home\",\"item\":\"https:\/\/toys.lt\/lv\/\"},{\"@type\":\"ListItem\",\"position\":2,\"name\":\"Veikals\",\"item\":\"https:\/\/toys.lt\/lv\/shop\/\"},{\"@type\":\"ListItem\",\"position\":3,\"name\":\"Interakt\u012bvs ka\u0137\u0113ns ar pavadi\u0146u &#8211; pl\u012b\u0161a rota\u013clieta b\u0113rniem\"}]},{\"@type\":\"WebSite\",\"@id\":\"https:\/\/toys.lt\/lv\/#website\",\"url\":\"https:\/\/toys.lt\/lv\/\",\"name\":\"Toys.lt\",\"description\":\"\",\"potentialAction\":[{\"@type\":\"SearchAction\",\"target\":{\"@type\":\"EntryPoint\",\"urlTemplate\":\"https:\/\/toys.lt\/lv\/?s={search_term_string}\"},\"query-input\":{\"@type\":\"PropertyValueSpecification\",\"valueRequired\":true,\"valueName\":\"search_term_string\"}}],\"inLanguage\":\"lv-LV\"}]}<\/script>\n<!-- \/ Yoast SEO plugin. -->","yoast_head_json":{"title":"Interakt\u012bvs ka\u0137\u0113ns ar pavadi\u0146u - pl\u012b\u0161a rota\u013clieta b\u0113rniem - Toys.lt","description":"Interakt\u012bvs ka\u0137\u0113ns ar pavadi\u0146u - pl\u012b\u0161a rota\u013clieta b\u0113rniem. Ka\u0137\u0113ns mungo, staig\u0101 un dzied un rosina izt\u0113li un sniedz prieku.","robots":{"index":"index","follow":"follow","max-snippet":"max-snippet:-1","max-image-preview":"max-image-preview:large","max-video-preview":"max-video-preview:-1"},"canonical":"https:\/\/toys.lt\/lv\/produktas\/clementoni-interaktiva-rotallieta-cookie-kucens-kopija-kopija\/","og_locale":"lv_LV","og_type":"article","og_title":"Interakt\u012bvs ka\u0137\u0113ns ar pavadi\u0146u - pl\u012b\u0161a rota\u013clieta b\u0113rniem - Toys.lt","og_description":"Interakt\u012bvs ka\u0137\u0113ns ar pavadi\u0146u - pl\u012b\u0161a rota\u013clieta b\u0113rniem. Ka\u0137\u0113ns mungo, staig\u0101 un dzied un rosina izt\u0113li un sniedz prieku.","og_url":"https:\/\/toys.lt\/lv\/produktas\/clementoni-interaktiva-rotallieta-cookie-kucens-kopija-kopija\/","og_site_name":"Toys.lt","article_modified_time":"2026-03-30T00:25:31+00:00","og_image":[{"width":1024,"height":1536,"url":"https:\/\/toys.lt\/wp-content\/uploads\/2025\/09\/ChatGPT-Image-Sep-16-2025-10_30_54-PM-3.png","type":"image\/png"}],"twitter_card":"summary_large_image","twitter_misc":{"Est. reading time":"1 minute"},"schema":{"@context":"https:\/\/schema.org","@graph":[{"@type":"WebPage","@id":"https:\/\/toys.lt\/lv\/produktas\/clementoni-interaktiva-rotallieta-cookie-kucens-kopija-kopija\/","url":"https:\/\/toys.lt\/lv\/produktas\/clementoni-interaktiva-rotallieta-cookie-kucens-kopija-kopija\/","name":"Interakt\u012bvs ka\u0137\u0113ns ar pavadi\u0146u - pl\u012b\u0161a rota\u013clieta b\u0113rniem - Toys.lt","isPartOf":{"@id":"https:\/\/toys.lt\/lv\/#website"},"primaryImageOfPage":{"@id":"https:\/\/toys.lt\/lv\/produktas\/clementoni-interaktiva-rotallieta-cookie-kucens-kopija-kopija\/#primaryimage"},"image":{"@id":"https:\/\/toys.lt\/lv\/produktas\/clementoni-interaktiva-rotallieta-cookie-kucens-kopija-kopija\/#primaryimage"},"thumbnailUrl":"https:\/\/toys.lt\/wp-content\/uploads\/2025\/09\/ChatGPT-Image-Sep-16-2025-10_30_54-PM-3.png","datePublished":"2025-09-16T17:10:45+00:00","dateModified":"2026-03-30T00:25:31+00:00","description":"Interakt\u012bvs ka\u0137\u0113ns ar pavadi\u0146u - pl\u012b\u0161a rota\u013clieta b\u0113rniem. Ka\u0137\u0113ns mungo, staig\u0101 un dzied un rosina izt\u0113li un sniedz prieku.","breadcrumb":{"@id":"https:\/\/toys.lt\/lv\/produktas\/clementoni-interaktiva-rotallieta-cookie-kucens-kopija-kopija\/#breadcrumb"},"inLanguage":"lv-LV","potentialAction":[{"@type":"ReadAction","target":["https:\/\/toys.lt\/lv\/produktas\/clementoni-interaktiva-rotallieta-cookie-kucens-kopija-kopija\/"]}]},{"@type":"ImageObject","inLanguage":"lv-LV","@id":"https:\/\/toys.lt\/lv\/produktas\/clementoni-interaktiva-rotallieta-cookie-kucens-kopija-kopija\/#primaryimage","url":"https:\/\/toys.lt\/wp-content\/uploads\/2025\/09\/ChatGPT-Image-Sep-16-2025-10_30_54-PM-3.png","contentUrl":"https:\/\/toys.lt\/wp-content\/uploads\/2025\/09\/ChatGPT-Image-Sep-16-2025-10_30_54-PM-3.png","width":1024,"height":1536},{"@type":"BreadcrumbList","@id":"https:\/\/toys.lt\/lv\/produktas\/clementoni-interaktiva-rotallieta-cookie-kucens-kopija-kopija\/#breadcrumb","itemListElement":[{"@type":"ListItem","position":1,"name":"Home","item":"https:\/\/toys.lt\/lv\/"},{"@type":"ListItem","position":2,"name":"Veikals","item":"https:\/\/toys.lt\/lv\/shop\/"},{"@type":"ListItem","position":3,"name":"Interakt\u012bvs ka\u0137\u0113ns ar pavadi\u0146u &#8211; pl\u012b\u0161a rota\u013clieta b\u0113rniem"}]},{"@type":"WebSite","@id":"https:\/\/toys.lt\/lv\/#website","url":"https:\/\/toys.lt\/lv\/","name":"Toys.lt","description":"","potentialAction":[{"@type":"SearchAction","target":{"@type":"EntryPoint","urlTemplate":"https:\/\/toys.lt\/lv\/?s={search_term_string}"},"query-input":{"@type":"PropertyValueSpecification","valueRequired":true,"valueName":"search_term_string"}}],"inLanguage":"lv-LV"}]}},"_links":{"self":[{"href":"https:\/\/toys.lt\/lv\/wp-json\/wp\/v2\/product\/45271","targetHints":{"allow":["GET"]}}],"collection":[{"href":"https:\/\/toys.lt\/lv\/wp-json\/wp\/v2\/product"}],"about":[{"href":"https:\/\/toys.lt\/lv\/wp-json\/wp\/v2\/types\/product"}],"replies":[{"embeddable":true,"href":"https:\/\/toys.lt\/lv\/wp-json\/wp\/v2\/comments?post=45271"}],"version-history":[{"count":2,"href":"https:\/\/toys.lt\/lv\/wp-json\/wp\/v2\/product\/45271\/revisions"}],"predecessor-version":[{"id":45554,"href":"https:\/\/toys.lt\/lv\/wp-json\/wp\/v2\/product\/45271\/revisions\/45554"}],"wp:featuredmedia":[{"embeddable":true,"href":"https:\/\/toys.lt\/lv\/wp-json\/wp\/v2\/media\/45327"}],"wp:attachment":[{"href":"https:\/\/toys.lt\/lv\/wp-json\/wp\/v2\/media?parent=45271"}],"wp:term":[{"taxonomy":"product_brand","embeddable":true,"href":"https:\/\/toys.lt\/lv\/wp-json\/wp\/v2\/product_brand?post=45271"},{"taxonomy":"product_cat","embeddable":true,"href":"https:\/\/toys.lt\/lv\/wp-json\/wp\/v2\/product_cat?post=45271"},{"taxonomy":"product_tag","embeddable":true,"href":"https:\/\/toys.lt\/lv\/wp-json\/wp\/v2\/product_tag?post=45271"}],"curies":[{"name":"wp","href":"https:\/\/api.w.org\/{rel}","templated":true}]}}