{"id":44977,"date":"2025-09-11T21:07:23","date_gmt":"2025-09-11T21:07:23","guid":{"rendered":"https:\/\/toys.lt\/?post_type=product&#038;p=44977"},"modified":"2026-03-30T00:25:32","modified_gmt":"2026-03-30T00:25:32","slug":"clementoni-bernu-skrejritenis-kopija","status":"publish","type":"product","link":"https:\/\/toys.lt\/lv\/produktas\/clementoni-bernu-skrejritenis-kopija\/","title":{"rendered":"B\u0113rnu \u010demod\u0101ns (4 kr\u0101sas)"},"content":{"rendered":"<p data-start=\"170\" data-end=\"397\"><strong data-start=\"170\" data-end=\"205\">B\u0113rnu \u010demod\u0101ns &#8211;<\/strong> ide\u0101ls ce\u013cojuma sabiedrotais b\u0113rniem! Tas ir praktisks koferis, ko j\u016bsu mazulis var izmantot ne tikai mantu glab\u0101\u0161anai, bet ar\u012b k\u0101 p\u0101rvieto\u0161an\u0101s l\u012bdzekli &#8211; aps\u0113sties, uzsist k\u0101jas un doties ce\u013c\u0101. <\/p>\n<p data-start=\"399\" data-end=\"681\">\u0160is koferis sniedz b\u0113rnam jautru ce\u013co\u0161anas pieredzi, att\u012bsta mobilit\u0101tes prasmes un \u013cauj vi\u0146am jautri pavad\u012bt laiku, k\u0101 ar\u012b atvieglo ce\u013cojumu vec\u0101kiem, jo vi\u0146u mazulis ir aiz\u0146emts un apmierin\u0101ts. Stabil\u0101 konstrukcija \u013cauj \u010demod\u0101nu izmantot gan k\u0101 skrejritul\u012bti, gan k\u0101 \u0113rtu glab\u0101\u0161anas kasti. <\/p>\n<hr data-start=\"683\" data-end=\"686\">\n<h3 data-start=\"688\" data-end=\"701\">\u2b50 Funkcijas<\/h3>\n<ul data-start=\"702\" data-end=\"1208\">\n<li data-start=\"702\" data-end=\"733\">\n<p data-start=\"704\" data-end=\"733\">B\u0113rniem no 3 gadu vecuma.<\/p>\n<\/li>\n<li data-start=\"734\" data-end=\"786\">\n<p data-start=\"736\" data-end=\"786\">Var izmantot k\u0101 koferi un skrejriteni.<\/p>\n<\/li>\n<li data-start=\"787\" data-end=\"860\">\n<p data-start=\"789\" data-end=\"860\">Iztur\u012bga konstrukcija &#8211; varat s\u0113d\u0113t un braukt ar pacelt\u0101m k\u0101j\u0101m.<\/p>\n<\/li>\n<li data-start=\"861\" data-end=\"894\">\n<p data-start=\"863\" data-end=\"894\"><strong data-start=\"863\" data-end=\"892\">Maksim\u0101l\u0101 slodze: 25 kg.<\/strong><\/p>\n<\/li>\n<li data-start=\"895\" data-end=\"950\">\n<p data-start=\"897\" data-end=\"950\"><strong data-start=\"897\" data-end=\"948\">Maksim\u0101lais priek\u0161metu svars \u010demod\u0101n\u0101: 3 kg.<\/strong><\/p>\n<\/li>\n<li data-start=\"951\" data-end=\"993\">\n<p data-start=\"953\" data-end=\"993\">Komplekt\u0101 ir <strong data-start=\"963\" data-end=\"990\">2 rokturi tur\u0113\u0161anai<\/strong>.<\/p>\n<\/li>\n<li data-start=\"994\" data-end=\"1053\">\n<p data-start=\"996\" data-end=\"1053\">\u0112rts rokturis &#8211; \u0113rti p\u0101rn\u0113s\u0101jams vai velkams.<\/p>\n<\/li>\n<li data-start=\"1054\" data-end=\"1096\">\n<p data-start=\"1056\" data-end=\"1096\"><strong data-start=\"1056\" data-end=\"1094\">Gumijas rite\u0146i &#8211; klusa rito\u0161\u0101 da\u013ca.<\/strong><\/p>\n<\/li>\n<li data-start=\"1097\" data-end=\"1170\">\n<p data-start=\"1099\" data-end=\"1170\">Rite\u0146i grie\u017eas vienm\u0113r\u012bgi un ir piem\u0113roti gan m\u0101jas, gan \u0101rzemju braucieniem.<\/p>\n<\/li>\n<li data-start=\"1171\" data-end=\"1208\">\n<p data-start=\"1173\" data-end=\"1208\">Rota\u013c\u012bgs un b\u0113rni\u0161\u0137\u012bgs dizains.<\/p>\n<\/li>\n<li data-start=\"1171\" data-end=\"1208\">Pieejama 4 kr\u0101su izv\u0113le<\/li>\n<\/ul>\n<hr data-start=\"1210\" data-end=\"1213\">\n<h3 data-start=\"1215\" data-end=\"1242\">\ud83d\udccf Tehnisk\u0101 inform\u0101cija<\/h3>\n<ul data-start=\"1243\" data-end=\"1580\">\n<li data-start=\"1243\" data-end=\"1281\">\n<p data-start=\"1245\" data-end=\"1281\">Ieteicamais vecums: no 3 gadiem<\/p>\n<\/li>\n<li data-start=\"1282\" data-end=\"1311\">\n<p data-start=\"1284\" data-end=\"1311\">Izm\u0113ri: 38 \u00d7 24 \u00d7 34 cm<\/p>\n<\/li>\n<li data-start=\"1312\" data-end=\"1335\">\n<p data-start=\"1314\" data-end=\"1335\">Materi\u0101ls: plastmasa<\/p>\n<\/li>\n<li data-start=\"1336\" data-end=\"1364\">\n<p data-start=\"1338\" data-end=\"1364\">Maksim\u0101l\u0101 slodze: 25 kg<\/p>\n<\/li>\n<li data-start=\"1365\" data-end=\"1402\">\n<p data-start=\"1367\" data-end=\"1402\">Iek\u0161\u0113jais svars: l\u012bdz 3 kg<\/p>\n<\/li>\n<li data-start=\"1403\" data-end=\"1440\">\n<p data-start=\"1405\" data-end=\"1440\">Rite\u0146i: gumijas, klusi rito\u0161i<\/p>\n<\/li>\n<li data-start=\"1441\" data-end=\"1506\">\n<p data-start=\"1443\" data-end=\"1506\">Komplekt\u0101 ietilpst: somi\u0146a, 2 rokturi p\u0101rn\u0113s\u0101\u0161anai<\/p>\n<\/li>\n<li data-start=\"1507\" data-end=\"1580\">\n<p data-start=\"1509\" data-end=\"1580\"><strong data-start=\"1509\" data-end=\"1531\">Dro\u0161\u012bbas br\u012bdin\u0101jums:<\/strong> mazo deta\u013cu d\u0113\u013c nav piem\u0113rots b\u0113rniem l\u012bdz 3 gadu vecumam. Lieto\u0161anai nepiecie\u0161ama pieaugu\u0161o uzraudz\u012bba <\/p>\n<\/li>\n<\/ul>\n","protected":false},"excerpt":{"rendered":"<p>Izstr\u0101d\u0101juma izm\u0113ri: 38 x 24 x 34 cm<\/p>\n<p>Maksim\u0101l\u0101 slodze: 25 kg<\/p>\n<p>Ieteicamais vecums: no 3 gadiem<\/p>\n<p>Pieejams 4 kr\u0101s\u0101s<\/p>\n<p>Izcelsmes valsts: \u0136\u012bna.<\/p>\n","protected":false},"featured_media":44979,"comment_status":"open","ping_status":"closed","template":"","meta":[],"product_brand":[],"product_cat":[1183,1380,1162,1155,1166,1169],"product_tag":[],"class_list":{"0":"post-44977","1":"product","2":"type-product","3":"status-publish","4":"has-post-thumbnail","6":"product_cat-rotallietas-maziem-berniem","7":"product_cat-zinas","8":"product_cat-ara-un-vasaras-rotallietas","9":"product_cat-leti","10":"product_cat-skuteri-tricikli-motocikli-kvadracikli","11":"product_cat-uzsezamas-un-pedalu-rotallietu-masinas-un-traktori","12":"pa_amziaus-grupe-3-lv","13":"pa_prek-s-spalva-azure","14":"pa_prek-s-spalva-gaisma","15":"pa_prek-s-spalva-violeta","16":"pa_prek-s-spalva-white","17":"pa_prek-s-tipas-skrejriteni","19":"first","20":"instock","21":"taxable","22":"shipping-taxable","23":"purchasable","24":"product-type-variable"},"yoast_head":"<!-- This site is optimized with the Yoast SEO plugin v26.3 - https:\/\/yoast.com\/wordpress\/plugins\/seo\/ -->\n<title>B\u0113rnu \u010demod\u0101ns (4 kr\u0101sas) - Toys.lt<\/title>\n<meta name=\"description\" content=\"B\u0113rnu \u010demod\u0101ns. Iztur\u012bgs, ar rite\u0146iem un \u0113rtu rokturi, uz t\u0101 var s\u0113d\u0113t un braukt, atliecoties atpaka\u013c. Lieliska izv\u0113le b\u0113rniem.\" \/>\n<meta name=\"robots\" content=\"index, follow, max-snippet:-1, max-image-preview:large, max-video-preview:-1\" \/>\n<link rel=\"canonical\" href=\"https:\/\/toys.lt\/lv\/produktas\/clementoni-bernu-skrejritenis-kopija\/\" \/>\n<meta property=\"og:locale\" content=\"lv_LV\" \/>\n<meta property=\"og:type\" content=\"article\" \/>\n<meta property=\"og:title\" content=\"B\u0113rnu \u010demod\u0101ns (4 kr\u0101sas) - Toys.lt\" \/>\n<meta property=\"og:description\" content=\"B\u0113rnu \u010demod\u0101ns. Iztur\u012bgs, ar rite\u0146iem un \u0113rtu rokturi, uz t\u0101 var s\u0113d\u0113t un braukt, atliecoties atpaka\u013c. Lieliska izv\u0113le b\u0113rniem.\" \/>\n<meta property=\"og:url\" content=\"https:\/\/toys.lt\/lv\/produktas\/clementoni-bernu-skrejritenis-kopija\/\" \/>\n<meta property=\"og:site_name\" content=\"Toys.lt\" \/>\n<meta property=\"article:modified_time\" content=\"2026-03-30T00:25:32+00:00\" \/>\n<meta property=\"og:image\" content=\"https:\/\/toys.lt\/wp-content\/uploads\/2025\/09\/7638-baby-trunk-melynas.jpg\" \/>\n\t<meta property=\"og:image:width\" content=\"907\" \/>\n\t<meta property=\"og:image:height\" content=\"888\" \/>\n\t<meta property=\"og:image:type\" content=\"image\/jpeg\" \/>\n<meta name=\"twitter:card\" content=\"summary_large_image\" \/>\n<meta name=\"twitter:label1\" content=\"Est. reading time\" \/>\n\t<meta name=\"twitter:data1\" content=\"1 minute\" \/>\n<script type=\"application\/ld+json\" class=\"yoast-schema-graph\">{\"@context\":\"https:\/\/schema.org\",\"@graph\":[{\"@type\":\"WebPage\",\"@id\":\"https:\/\/toys.lt\/lv\/produktas\/clementoni-bernu-skrejritenis-kopija\/\",\"url\":\"https:\/\/toys.lt\/lv\/produktas\/clementoni-bernu-skrejritenis-kopija\/\",\"name\":\"B\u0113rnu \u010demod\u0101ns (4 kr\u0101sas) - Toys.lt\",\"isPartOf\":{\"@id\":\"https:\/\/toys.lt\/lv\/#website\"},\"primaryImageOfPage\":{\"@id\":\"https:\/\/toys.lt\/lv\/produktas\/clementoni-bernu-skrejritenis-kopija\/#primaryimage\"},\"image\":{\"@id\":\"https:\/\/toys.lt\/lv\/produktas\/clementoni-bernu-skrejritenis-kopija\/#primaryimage\"},\"thumbnailUrl\":\"https:\/\/toys.lt\/wp-content\/uploads\/2025\/09\/7638-baby-trunk-melynas.jpg\",\"datePublished\":\"2025-09-11T21:07:23+00:00\",\"dateModified\":\"2026-03-30T00:25:32+00:00\",\"description\":\"B\u0113rnu \u010demod\u0101ns. Iztur\u012bgs, ar rite\u0146iem un \u0113rtu rokturi, uz t\u0101 var s\u0113d\u0113t un braukt, atliecoties atpaka\u013c. Lieliska izv\u0113le b\u0113rniem.\",\"breadcrumb\":{\"@id\":\"https:\/\/toys.lt\/lv\/produktas\/clementoni-bernu-skrejritenis-kopija\/#breadcrumb\"},\"inLanguage\":\"lv-LV\",\"potentialAction\":[{\"@type\":\"ReadAction\",\"target\":[\"https:\/\/toys.lt\/lv\/produktas\/clementoni-bernu-skrejritenis-kopija\/\"]}]},{\"@type\":\"ImageObject\",\"inLanguage\":\"lv-LV\",\"@id\":\"https:\/\/toys.lt\/lv\/produktas\/clementoni-bernu-skrejritenis-kopija\/#primaryimage\",\"url\":\"https:\/\/toys.lt\/wp-content\/uploads\/2025\/09\/7638-baby-trunk-melynas.jpg\",\"contentUrl\":\"https:\/\/toys.lt\/wp-content\/uploads\/2025\/09\/7638-baby-trunk-melynas.jpg\",\"width\":907,\"height\":888},{\"@type\":\"BreadcrumbList\",\"@id\":\"https:\/\/toys.lt\/lv\/produktas\/clementoni-bernu-skrejritenis-kopija\/#breadcrumb\",\"itemListElement\":[{\"@type\":\"ListItem\",\"position\":1,\"name\":\"Home\",\"item\":\"https:\/\/toys.lt\/lv\/\"},{\"@type\":\"ListItem\",\"position\":2,\"name\":\"Veikals\",\"item\":\"https:\/\/toys.lt\/lv\/shop\/\"},{\"@type\":\"ListItem\",\"position\":3,\"name\":\"B\u0113rnu \u010demod\u0101ns (4 kr\u0101sas)\"}]},{\"@type\":\"WebSite\",\"@id\":\"https:\/\/toys.lt\/lv\/#website\",\"url\":\"https:\/\/toys.lt\/lv\/\",\"name\":\"Toys.lt\",\"description\":\"\",\"potentialAction\":[{\"@type\":\"SearchAction\",\"target\":{\"@type\":\"EntryPoint\",\"urlTemplate\":\"https:\/\/toys.lt\/lv\/?s={search_term_string}\"},\"query-input\":{\"@type\":\"PropertyValueSpecification\",\"valueRequired\":true,\"valueName\":\"search_term_string\"}}],\"inLanguage\":\"lv-LV\"}]}<\/script>\n<!-- \/ Yoast SEO plugin. -->","yoast_head_json":{"title":"B\u0113rnu \u010demod\u0101ns (4 kr\u0101sas) - Toys.lt","description":"B\u0113rnu \u010demod\u0101ns. Iztur\u012bgs, ar rite\u0146iem un \u0113rtu rokturi, uz t\u0101 var s\u0113d\u0113t un braukt, atliecoties atpaka\u013c. Lieliska izv\u0113le b\u0113rniem.","robots":{"index":"index","follow":"follow","max-snippet":"max-snippet:-1","max-image-preview":"max-image-preview:large","max-video-preview":"max-video-preview:-1"},"canonical":"https:\/\/toys.lt\/lv\/produktas\/clementoni-bernu-skrejritenis-kopija\/","og_locale":"lv_LV","og_type":"article","og_title":"B\u0113rnu \u010demod\u0101ns (4 kr\u0101sas) - Toys.lt","og_description":"B\u0113rnu \u010demod\u0101ns. Iztur\u012bgs, ar rite\u0146iem un \u0113rtu rokturi, uz t\u0101 var s\u0113d\u0113t un braukt, atliecoties atpaka\u013c. Lieliska izv\u0113le b\u0113rniem.","og_url":"https:\/\/toys.lt\/lv\/produktas\/clementoni-bernu-skrejritenis-kopija\/","og_site_name":"Toys.lt","article_modified_time":"2026-03-30T00:25:32+00:00","og_image":[{"width":907,"height":888,"url":"https:\/\/toys.lt\/wp-content\/uploads\/2025\/09\/7638-baby-trunk-melynas.jpg","type":"image\/jpeg"}],"twitter_card":"summary_large_image","twitter_misc":{"Est. reading time":"1 minute"},"schema":{"@context":"https:\/\/schema.org","@graph":[{"@type":"WebPage","@id":"https:\/\/toys.lt\/lv\/produktas\/clementoni-bernu-skrejritenis-kopija\/","url":"https:\/\/toys.lt\/lv\/produktas\/clementoni-bernu-skrejritenis-kopija\/","name":"B\u0113rnu \u010demod\u0101ns (4 kr\u0101sas) - Toys.lt","isPartOf":{"@id":"https:\/\/toys.lt\/lv\/#website"},"primaryImageOfPage":{"@id":"https:\/\/toys.lt\/lv\/produktas\/clementoni-bernu-skrejritenis-kopija\/#primaryimage"},"image":{"@id":"https:\/\/toys.lt\/lv\/produktas\/clementoni-bernu-skrejritenis-kopija\/#primaryimage"},"thumbnailUrl":"https:\/\/toys.lt\/wp-content\/uploads\/2025\/09\/7638-baby-trunk-melynas.jpg","datePublished":"2025-09-11T21:07:23+00:00","dateModified":"2026-03-30T00:25:32+00:00","description":"B\u0113rnu \u010demod\u0101ns. Iztur\u012bgs, ar rite\u0146iem un \u0113rtu rokturi, uz t\u0101 var s\u0113d\u0113t un braukt, atliecoties atpaka\u013c. Lieliska izv\u0113le b\u0113rniem.","breadcrumb":{"@id":"https:\/\/toys.lt\/lv\/produktas\/clementoni-bernu-skrejritenis-kopija\/#breadcrumb"},"inLanguage":"lv-LV","potentialAction":[{"@type":"ReadAction","target":["https:\/\/toys.lt\/lv\/produktas\/clementoni-bernu-skrejritenis-kopija\/"]}]},{"@type":"ImageObject","inLanguage":"lv-LV","@id":"https:\/\/toys.lt\/lv\/produktas\/clementoni-bernu-skrejritenis-kopija\/#primaryimage","url":"https:\/\/toys.lt\/wp-content\/uploads\/2025\/09\/7638-baby-trunk-melynas.jpg","contentUrl":"https:\/\/toys.lt\/wp-content\/uploads\/2025\/09\/7638-baby-trunk-melynas.jpg","width":907,"height":888},{"@type":"BreadcrumbList","@id":"https:\/\/toys.lt\/lv\/produktas\/clementoni-bernu-skrejritenis-kopija\/#breadcrumb","itemListElement":[{"@type":"ListItem","position":1,"name":"Home","item":"https:\/\/toys.lt\/lv\/"},{"@type":"ListItem","position":2,"name":"Veikals","item":"https:\/\/toys.lt\/lv\/shop\/"},{"@type":"ListItem","position":3,"name":"B\u0113rnu \u010demod\u0101ns (4 kr\u0101sas)"}]},{"@type":"WebSite","@id":"https:\/\/toys.lt\/lv\/#website","url":"https:\/\/toys.lt\/lv\/","name":"Toys.lt","description":"","potentialAction":[{"@type":"SearchAction","target":{"@type":"EntryPoint","urlTemplate":"https:\/\/toys.lt\/lv\/?s={search_term_string}"},"query-input":{"@type":"PropertyValueSpecification","valueRequired":true,"valueName":"search_term_string"}}],"inLanguage":"lv-LV"}]}},"_links":{"self":[{"href":"https:\/\/toys.lt\/lv\/wp-json\/wp\/v2\/product\/44977","targetHints":{"allow":["GET"]}}],"collection":[{"href":"https:\/\/toys.lt\/lv\/wp-json\/wp\/v2\/product"}],"about":[{"href":"https:\/\/toys.lt\/lv\/wp-json\/wp\/v2\/types\/product"}],"replies":[{"embeddable":true,"href":"https:\/\/toys.lt\/lv\/wp-json\/wp\/v2\/comments?post=44977"}],"version-history":[{"count":2,"href":"https:\/\/toys.lt\/lv\/wp-json\/wp\/v2\/product\/44977\/revisions"}],"predecessor-version":[{"id":45550,"href":"https:\/\/toys.lt\/lv\/wp-json\/wp\/v2\/product\/44977\/revisions\/45550"}],"wp:featuredmedia":[{"embeddable":true,"href":"https:\/\/toys.lt\/lv\/wp-json\/wp\/v2\/media\/44979"}],"wp:attachment":[{"href":"https:\/\/toys.lt\/lv\/wp-json\/wp\/v2\/media?parent=44977"}],"wp:term":[{"taxonomy":"product_brand","embeddable":true,"href":"https:\/\/toys.lt\/lv\/wp-json\/wp\/v2\/product_brand?post=44977"},{"taxonomy":"product_cat","embeddable":true,"href":"https:\/\/toys.lt\/lv\/wp-json\/wp\/v2\/product_cat?post=44977"},{"taxonomy":"product_tag","embeddable":true,"href":"https:\/\/toys.lt\/lv\/wp-json\/wp\/v2\/product_tag?post=44977"}],"curies":[{"name":"wp","href":"https:\/\/api.w.org\/{rel}","templated":true}]}}