{"id":44853,"date":"2025-09-11T14:00:39","date_gmt":"2025-09-11T14:00:39","guid":{"rendered":"https:\/\/toys.lt\/?post_type=product&#038;p=44853"},"modified":"2026-03-30T00:25:31","modified_gmt":"2026-03-30T00:25:31","slug":"sniega-motocikls-motorollers-kopija","status":"publish","type":"product","link":"https:\/\/toys.lt\/lv\/produktas\/sniega-motocikls-motorollers-kopija\/","title":{"rendered":"Wiggle auto b\u0113rniem"},"content":{"rendered":"<p data-start=\"168\" data-end=\"392\"><strong data-start=\"168\" data-end=\"202\">Wiggle Car<\/strong> ir jautra un izgl\u012btojo\u0161a rota\u013clieta b\u0113rniem vecum\u0101 no 3 gadiem. Kust\u012bbas princips ir vienk\u0101r\u0161s: pagrie\u017eot st\u016bres ratu, automa\u0161\u012bna p\u0101rvietojas uz priek\u0161u, t\u0101d\u0113j\u0101di att\u012bstot b\u0113rnu koordin\u0101ciju, l\u012bdzsvaru un fizisko aktivit\u0101ti. <\/p>\n<p data-start=\"394\" data-end=\"732\">\u0160ai rota\u013clietai ir ergonomisks dizains, ko\u0161as kr\u0101sas un daudzpus\u012bba &#8211; t\u0101 ir piem\u0113rota gan lieto\u0161anai m\u0101j\u0101s, gan \u0101rpus telp\u0101m. Jaunajam modelim ir <strong data-start=\"536\" data-end=\"556\">gumijas rite\u0146i<\/strong>, kas nodro\u0161ina klusu un \u0113rtu brauk\u0161anu, t\u0101p\u0113c ma\u0161\u012bna nerad\u012bs troksni. T\u0101 var ar\u012b atska\u0146ot <strong data-start=\"651\" data-end=\"687\">10 jautras ang\u013cu valodas melodijas<\/strong> v\u0113l jautr\u0101kiem mirk\u013ciem.  <\/p>\n<p data-start=\"734\" data-end=\"879\"><strong data-start=\"734\" data-end=\"750\">&#8220;Wiggle Car&#8221;<\/strong> ir ne tikai rota\u013clieta, bet ar\u012b p\u0101rvieto\u0161an\u0101s l\u012bdzeklis b\u0113rniem, kas pal\u012bdz att\u012bst\u012bt vi\u0146u motoriku, rado\u0161umu un veicina akt\u012bvu kust\u012bbu.<\/p>\n<hr data-start=\"881\" data-end=\"884\">\n<h3 data-start=\"886\" data-end=\"899\">\u2b50 Funkcijas<\/h3>\n<ul data-start=\"900\" data-end=\"1321\">\n<li data-start=\"900\" data-end=\"930\">\n<p data-start=\"902\" data-end=\"930\">B\u0113rniem no 3 gadu vecuma.<\/p>\n<\/li>\n<li data-start=\"931\" data-end=\"972\">\n<p data-start=\"933\" data-end=\"972\">Brauk\u0161ana bez ped\u0101\u013ciem &#8211; st\u016br\u0113\u0161ana.<\/p>\n<\/li>\n<li data-start=\"973\" data-end=\"1029\">\n<p data-start=\"975\" data-end=\"1029\">Uzlabo koordin\u0101ciju, l\u012bdzsvaru un fizisko aktivit\u0101ti.<\/p>\n<\/li>\n<li data-start=\"1030\" data-end=\"1079\">\n<p data-start=\"1032\" data-end=\"1079\">Stabili <strong data-start=\"1041\" data-end=\"1059\">gumijas rite\u0146i<\/strong>, klusa brauk\u0161ana.<\/p>\n<\/li>\n<li data-start=\"1080\" data-end=\"1119\">\n<p data-start=\"1082\" data-end=\"1119\">Sp\u0113l\u0113jiet <strong data-start=\"1088\" data-end=\"1116\">10 m\u016bziklus ang\u013cu valod\u0101<\/strong>.<\/p>\n<\/li>\n<li data-start=\"1120\" data-end=\"1169\">\n<p data-start=\"1122\" data-end=\"1169\">Spilgtas kr\u0101sas, b\u0113rniem pievilc\u012bgs dizains.<\/p>\n<\/li>\n<li data-start=\"1170\" data-end=\"1207\">\n<p data-start=\"1172\" data-end=\"1207\">\u0112rts un ergonomisks dizains.<\/p>\n<\/li>\n<li data-start=\"1208\" data-end=\"1242\">\n<p data-start=\"1210\" data-end=\"1242\">Maksim\u0101l\u0101 slodze &#8211; <strong data-start=\"1230\" data-end=\"1239\">50 kg<\/strong>.<\/p>\n<\/li>\n<li data-start=\"1243\" data-end=\"1321\">\n<p data-start=\"1245\" data-end=\"1321\">Daudzfunkcion\u0101la izmanto\u0161ana &#8211; k\u0101 rota\u013clieta, transport\u0113\u0161anas vai sl\u012bd\u0113\u0161anas r\u012bks.<\/p>\n<\/li>\n<\/ul>\n<hr data-start=\"1323\" data-end=\"1326\">\n<h3 data-start=\"1328\" data-end=\"1355\">\ud83d\udccf Tehnisk\u0101 inform\u0101cija<\/h3>\n<ul data-start=\"1356\" data-end=\"1689\">\n<li data-start=\"1356\" data-end=\"1394\">\n<p data-start=\"1358\" data-end=\"1394\">Ieteicamais vecums: no 3 gadiem<\/p>\n<\/li>\n<li data-start=\"1395\" data-end=\"1439\">\n<p data-start=\"1397\" data-end=\"1439\">Ma\u0161\u012bnas izm\u0113ri: <strong data-start=\"1418\" data-end=\"1437\">69 \u00d7 31 \u00d7 36 cm<\/strong><\/p>\n<\/li>\n<li data-start=\"1440\" data-end=\"1472\">\n<p data-start=\"1442\" data-end=\"1472\">Maksim\u0101l\u0101 slodze: <strong data-start=\"1461\" data-end=\"1470\">50 kg<\/strong><\/p>\n<\/li>\n<li data-start=\"1473\" data-end=\"1512\">\n<p data-start=\"1475\" data-end=\"1512\">Materi\u0101ls: augstas kvalit\u0101tes plastmasa<\/p>\n<\/li>\n<li data-start=\"1513\" data-end=\"1550\">\n<p data-start=\"1515\" data-end=\"1550\">Rite\u0146i: gumijas, klusi rito\u0161i<\/p>\n<\/li>\n<li data-start=\"1551\" data-end=\"1587\">\n<p data-start=\"1553\" data-end=\"1587\">Baro\u0161ana: <strong data-start=\"1565\" data-end=\"1585\">2 \u00d7 AA baterijas<\/strong><\/p>\n<\/li>\n<li data-start=\"1588\" data-end=\"1619\">\n<p data-start=\"1590\" data-end=\"1619\">Lieto\u0161ana: iek\u0161telp\u0101s un \u0101r\u0101<\/p>\n<\/li>\n<li data-start=\"1620\" data-end=\"1689\">\n<p data-start=\"1622\" data-end=\"1689\">Dro\u0161\u012bbas br\u012bdin\u0101jums: mazo deta\u013cu d\u0113\u013c nav piem\u0113rots b\u0113rniem l\u012bdz 3 gadu vecumam.<\/p>\n<\/li>\n<\/ul>\n","protected":false},"excerpt":{"rendered":"<p>Ieteicamais vecums no 3 gadiem. Nepiecie\u0161ama pieaugu\u0161o uzraudz\u012bba. <\/p>\n<p>Izcelsmes valsts &#8211; \u0136\u012bna<\/p>\n<p>Materi\u0101ls &#8211; plastmasa<\/p>\n<p>Maksim\u0101lais svars &#8211; 50 kg<\/p>\n<p>Ma\u0161\u012bnas izm\u0113ri 69 x 31 x 36 cm<\/p>\n<p>Nepiecie\u0161am\u0101s baterijas: 2xAA<\/p>\n<p>&nbsp;<\/p>\n","protected":false},"featured_media":44865,"comment_status":"open","ping_status":"closed","template":"","meta":[],"product_brand":[],"product_cat":[1180,1176,1380,1162,1155,1169],"product_tag":[],"class_list":{"0":"post-44853","1":"product","2":"type-product","3":"status-publish","4":"has-post-thumbnail","6":"product_cat-rotallietas-meitenem","7":"product_cat-rotallietas-zeniem","8":"product_cat-zinas","9":"product_cat-ara-un-vasaras-rotallietas","10":"product_cat-leti","11":"product_cat-uzsezamas-un-pedalu-rotallietu-masinas-un-traktori","12":"pa_amziaus-grupe-3-lv","13":"pa_prek-s-spalva-dzeltenais","14":"pa_prek-s-spalva-white","15":"pa_prek-s-spalva-zilais","16":"pa_spalva-dazadi","18":"first","19":"instock","20":"taxable","21":"shipping-taxable","22":"purchasable","23":"product-type-variable"},"yoast_head":"<!-- This site is optimized with the Yoast SEO plugin v26.3 - https:\/\/yoast.com\/wordpress\/plugins\/seo\/ -->\n<title>Wiggle auto b\u0113rniem - Toys.lt<\/title>\n<meta name=\"description\" content=\"Wiggle Car b\u0113rniem no 3 gadu vecuma. P\u0101rvietojas, grie\u017eot st\u016bres ratu, att\u012bsta l\u012bdzsvaru un koordin\u0101ciju un veicina akt\u012bvas kust\u012bbas.\" \/>\n<meta name=\"robots\" content=\"index, follow, max-snippet:-1, max-image-preview:large, max-video-preview:-1\" \/>\n<link rel=\"canonical\" href=\"https:\/\/toys.lt\/lv\/produktas\/sniega-motocikls-motorollers-kopija\/\" \/>\n<meta property=\"og:locale\" content=\"lv_LV\" \/>\n<meta property=\"og:type\" content=\"article\" \/>\n<meta property=\"og:title\" content=\"Wiggle auto b\u0113rniem - Toys.lt\" \/>\n<meta property=\"og:description\" content=\"Wiggle Car b\u0113rniem no 3 gadu vecuma. P\u0101rvietojas, grie\u017eot st\u016bres ratu, att\u012bsta l\u012bdzsvaru un koordin\u0101ciju un veicina akt\u012bvas kust\u012bbas.\" \/>\n<meta property=\"og:url\" content=\"https:\/\/toys.lt\/lv\/produktas\/sniega-motocikls-motorollers-kopija\/\" \/>\n<meta property=\"og:site_name\" content=\"Toys.lt\" \/>\n<meta property=\"article:modified_time\" content=\"2026-03-30T00:25:31+00:00\" \/>\n<meta property=\"og:image\" content=\"https:\/\/toys.lt\/wp-content\/uploads\/2025\/09\/6613-uzsedamas-geltonas-scaled.jpg\" \/>\n\t<meta property=\"og:image:width\" content=\"2560\" \/>\n\t<meta property=\"og:image:height\" content=\"2192\" \/>\n\t<meta property=\"og:image:type\" content=\"image\/jpeg\" \/>\n<meta name=\"twitter:card\" content=\"summary_large_image\" \/>\n<meta name=\"twitter:label1\" content=\"Est. reading time\" \/>\n\t<meta name=\"twitter:data1\" content=\"1 minute\" \/>\n<script type=\"application\/ld+json\" class=\"yoast-schema-graph\">{\"@context\":\"https:\/\/schema.org\",\"@graph\":[{\"@type\":\"WebPage\",\"@id\":\"https:\/\/toys.lt\/lv\/produktas\/sniega-motocikls-motorollers-kopija\/\",\"url\":\"https:\/\/toys.lt\/lv\/produktas\/sniega-motocikls-motorollers-kopija\/\",\"name\":\"Wiggle auto b\u0113rniem - Toys.lt\",\"isPartOf\":{\"@id\":\"https:\/\/toys.lt\/lv\/#website\"},\"primaryImageOfPage\":{\"@id\":\"https:\/\/toys.lt\/lv\/produktas\/sniega-motocikls-motorollers-kopija\/#primaryimage\"},\"image\":{\"@id\":\"https:\/\/toys.lt\/lv\/produktas\/sniega-motocikls-motorollers-kopija\/#primaryimage\"},\"thumbnailUrl\":\"https:\/\/toys.lt\/wp-content\/uploads\/2025\/09\/6613-uzsedamas-geltonas-scaled.jpg\",\"datePublished\":\"2025-09-11T14:00:39+00:00\",\"dateModified\":\"2026-03-30T00:25:31+00:00\",\"description\":\"Wiggle Car b\u0113rniem no 3 gadu vecuma. P\u0101rvietojas, grie\u017eot st\u016bres ratu, att\u012bsta l\u012bdzsvaru un koordin\u0101ciju un veicina akt\u012bvas kust\u012bbas.\",\"breadcrumb\":{\"@id\":\"https:\/\/toys.lt\/lv\/produktas\/sniega-motocikls-motorollers-kopija\/#breadcrumb\"},\"inLanguage\":\"lv-LV\",\"potentialAction\":[{\"@type\":\"ReadAction\",\"target\":[\"https:\/\/toys.lt\/lv\/produktas\/sniega-motocikls-motorollers-kopija\/\"]}]},{\"@type\":\"ImageObject\",\"inLanguage\":\"lv-LV\",\"@id\":\"https:\/\/toys.lt\/lv\/produktas\/sniega-motocikls-motorollers-kopija\/#primaryimage\",\"url\":\"https:\/\/toys.lt\/wp-content\/uploads\/2025\/09\/6613-uzsedamas-geltonas-scaled.jpg\",\"contentUrl\":\"https:\/\/toys.lt\/wp-content\/uploads\/2025\/09\/6613-uzsedamas-geltonas-scaled.jpg\",\"width\":2560,\"height\":2192},{\"@type\":\"BreadcrumbList\",\"@id\":\"https:\/\/toys.lt\/lv\/produktas\/sniega-motocikls-motorollers-kopija\/#breadcrumb\",\"itemListElement\":[{\"@type\":\"ListItem\",\"position\":1,\"name\":\"Home\",\"item\":\"https:\/\/toys.lt\/lv\/\"},{\"@type\":\"ListItem\",\"position\":2,\"name\":\"Veikals\",\"item\":\"https:\/\/toys.lt\/lv\/shop\/\"},{\"@type\":\"ListItem\",\"position\":3,\"name\":\"Wiggle auto b\u0113rniem\"}]},{\"@type\":\"WebSite\",\"@id\":\"https:\/\/toys.lt\/lv\/#website\",\"url\":\"https:\/\/toys.lt\/lv\/\",\"name\":\"Toys.lt\",\"description\":\"\",\"potentialAction\":[{\"@type\":\"SearchAction\",\"target\":{\"@type\":\"EntryPoint\",\"urlTemplate\":\"https:\/\/toys.lt\/lv\/?s={search_term_string}\"},\"query-input\":{\"@type\":\"PropertyValueSpecification\",\"valueRequired\":true,\"valueName\":\"search_term_string\"}}],\"inLanguage\":\"lv-LV\"}]}<\/script>\n<!-- \/ Yoast SEO plugin. -->","yoast_head_json":{"title":"Wiggle auto b\u0113rniem - Toys.lt","description":"Wiggle Car b\u0113rniem no 3 gadu vecuma. P\u0101rvietojas, grie\u017eot st\u016bres ratu, att\u012bsta l\u012bdzsvaru un koordin\u0101ciju un veicina akt\u012bvas kust\u012bbas.","robots":{"index":"index","follow":"follow","max-snippet":"max-snippet:-1","max-image-preview":"max-image-preview:large","max-video-preview":"max-video-preview:-1"},"canonical":"https:\/\/toys.lt\/lv\/produktas\/sniega-motocikls-motorollers-kopija\/","og_locale":"lv_LV","og_type":"article","og_title":"Wiggle auto b\u0113rniem - Toys.lt","og_description":"Wiggle Car b\u0113rniem no 3 gadu vecuma. P\u0101rvietojas, grie\u017eot st\u016bres ratu, att\u012bsta l\u012bdzsvaru un koordin\u0101ciju un veicina akt\u012bvas kust\u012bbas.","og_url":"https:\/\/toys.lt\/lv\/produktas\/sniega-motocikls-motorollers-kopija\/","og_site_name":"Toys.lt","article_modified_time":"2026-03-30T00:25:31+00:00","og_image":[{"width":2560,"height":2192,"url":"https:\/\/toys.lt\/wp-content\/uploads\/2025\/09\/6613-uzsedamas-geltonas-scaled.jpg","type":"image\/jpeg"}],"twitter_card":"summary_large_image","twitter_misc":{"Est. reading time":"1 minute"},"schema":{"@context":"https:\/\/schema.org","@graph":[{"@type":"WebPage","@id":"https:\/\/toys.lt\/lv\/produktas\/sniega-motocikls-motorollers-kopija\/","url":"https:\/\/toys.lt\/lv\/produktas\/sniega-motocikls-motorollers-kopija\/","name":"Wiggle auto b\u0113rniem - Toys.lt","isPartOf":{"@id":"https:\/\/toys.lt\/lv\/#website"},"primaryImageOfPage":{"@id":"https:\/\/toys.lt\/lv\/produktas\/sniega-motocikls-motorollers-kopija\/#primaryimage"},"image":{"@id":"https:\/\/toys.lt\/lv\/produktas\/sniega-motocikls-motorollers-kopija\/#primaryimage"},"thumbnailUrl":"https:\/\/toys.lt\/wp-content\/uploads\/2025\/09\/6613-uzsedamas-geltonas-scaled.jpg","datePublished":"2025-09-11T14:00:39+00:00","dateModified":"2026-03-30T00:25:31+00:00","description":"Wiggle Car b\u0113rniem no 3 gadu vecuma. P\u0101rvietojas, grie\u017eot st\u016bres ratu, att\u012bsta l\u012bdzsvaru un koordin\u0101ciju un veicina akt\u012bvas kust\u012bbas.","breadcrumb":{"@id":"https:\/\/toys.lt\/lv\/produktas\/sniega-motocikls-motorollers-kopija\/#breadcrumb"},"inLanguage":"lv-LV","potentialAction":[{"@type":"ReadAction","target":["https:\/\/toys.lt\/lv\/produktas\/sniega-motocikls-motorollers-kopija\/"]}]},{"@type":"ImageObject","inLanguage":"lv-LV","@id":"https:\/\/toys.lt\/lv\/produktas\/sniega-motocikls-motorollers-kopija\/#primaryimage","url":"https:\/\/toys.lt\/wp-content\/uploads\/2025\/09\/6613-uzsedamas-geltonas-scaled.jpg","contentUrl":"https:\/\/toys.lt\/wp-content\/uploads\/2025\/09\/6613-uzsedamas-geltonas-scaled.jpg","width":2560,"height":2192},{"@type":"BreadcrumbList","@id":"https:\/\/toys.lt\/lv\/produktas\/sniega-motocikls-motorollers-kopija\/#breadcrumb","itemListElement":[{"@type":"ListItem","position":1,"name":"Home","item":"https:\/\/toys.lt\/lv\/"},{"@type":"ListItem","position":2,"name":"Veikals","item":"https:\/\/toys.lt\/lv\/shop\/"},{"@type":"ListItem","position":3,"name":"Wiggle auto b\u0113rniem"}]},{"@type":"WebSite","@id":"https:\/\/toys.lt\/lv\/#website","url":"https:\/\/toys.lt\/lv\/","name":"Toys.lt","description":"","potentialAction":[{"@type":"SearchAction","target":{"@type":"EntryPoint","urlTemplate":"https:\/\/toys.lt\/lv\/?s={search_term_string}"},"query-input":{"@type":"PropertyValueSpecification","valueRequired":true,"valueName":"search_term_string"}}],"inLanguage":"lv-LV"}]}},"_links":{"self":[{"href":"https:\/\/toys.lt\/lv\/wp-json\/wp\/v2\/product\/44853","targetHints":{"allow":["GET"]}}],"collection":[{"href":"https:\/\/toys.lt\/lv\/wp-json\/wp\/v2\/product"}],"about":[{"href":"https:\/\/toys.lt\/lv\/wp-json\/wp\/v2\/types\/product"}],"replies":[{"embeddable":true,"href":"https:\/\/toys.lt\/lv\/wp-json\/wp\/v2\/comments?post=44853"}],"version-history":[{"count":2,"href":"https:\/\/toys.lt\/lv\/wp-json\/wp\/v2\/product\/44853\/revisions"}],"predecessor-version":[{"id":45549,"href":"https:\/\/toys.lt\/lv\/wp-json\/wp\/v2\/product\/44853\/revisions\/45549"}],"wp:featuredmedia":[{"embeddable":true,"href":"https:\/\/toys.lt\/lv\/wp-json\/wp\/v2\/media\/44865"}],"wp:attachment":[{"href":"https:\/\/toys.lt\/lv\/wp-json\/wp\/v2\/media?parent=44853"}],"wp:term":[{"taxonomy":"product_brand","embeddable":true,"href":"https:\/\/toys.lt\/lv\/wp-json\/wp\/v2\/product_brand?post=44853"},{"taxonomy":"product_cat","embeddable":true,"href":"https:\/\/toys.lt\/lv\/wp-json\/wp\/v2\/product_cat?post=44853"},{"taxonomy":"product_tag","embeddable":true,"href":"https:\/\/toys.lt\/lv\/wp-json\/wp\/v2\/product_tag?post=44853"}],"curies":[{"name":"wp","href":"https:\/\/api.w.org\/{rel}","templated":true}]}}