{"id":44834,"date":"2025-09-11T13:35:43","date_gmt":"2025-09-11T13:35:43","guid":{"rendered":"https:\/\/toys.lt\/?post_type=product&#038;p=44834"},"modified":"2026-04-08T00:01:12","modified_gmt":"2026-04-08T00:01:12","slug":"pingvins-bernu-nakts-kresls-kopija-kopija","status":"publish","type":"product","link":"https:\/\/toys.lt\/lv\/produktas\/pingvins-bernu-nakts-kresls-kopija-kopija\/","title":{"rendered":"B\u0113rnu gu\u013camvieta ar atbalstu un m\u012bkstu spilvenu"},"content":{"rendered":"<p data-start=\"232\" data-end=\"485\">Augstais s\u0113deklis ar polster\u0113tu atzveltni ir praktisks un \u0113rts risin\u0101jums maziem b\u0113rniem no 6 m\u0113ne\u0161u l\u012bdz 6 gadu vecumam. Ergonomiskais dizains, nesl\u012bdo\u0161\u0101s k\u0101jas un aizsardz\u012bba pret izlie\u0161anu nodro\u0161ina stabilit\u0101ti un dro\u0161\u012bbu. <\/p>\n<p data-start=\"487\" data-end=\"759\">No\u0146emamo iek\u0161\u0113jo tvertni ir viegli iz\u0146emt un mazg\u0101t, t\u0101p\u0113c t\u0101s apkope ir \u013coti vienk\u0101r\u0161a. M\u012bkstais PU spilvens nodro\u0161ina komfortu visos gadalaikos &#8211; tas nesalst ziem\u0101 un nesv\u012bst vasar\u0101. Pateicoties kompaktajam izm\u0113ram, to ir viegli uzglab\u0101t m\u0101j\u0101s vai \u0146emt l\u012bdzi ce\u013c\u0101.  <\/p>\n<p data-start=\"761\" data-end=\"776\"><strong data-start=\"763\" data-end=\"774\">\u2b50 Funkcijas<\/strong><\/p>\n<ul data-start=\"777\" data-end=\"1112\">\n<li data-start=\"820\" data-end=\"866\">\n<p data-start=\"822\" data-end=\"866\">Ergonomiska forma un m\u012bksts PU spilvens.<\/p>\n<\/li>\n<li data-start=\"867\" data-end=\"917\">\n<p data-start=\"869\" data-end=\"917\">15 cm augsta atzveltne \u0113rtai s\u0113d\u0113\u0161anai.<\/p>\n<\/li>\n<li data-start=\"918\" data-end=\"967\">\n<p data-start=\"920\" data-end=\"967\">Nesl\u012bdo\u0161as silikona k\u0101ji\u0146as stabilit\u0101tei.<\/p>\n<\/li>\n<li data-start=\"968\" data-end=\"1009\">\n<p data-start=\"970\" data-end=\"1009\">No\u0146emams iek\u0161\u0113jais konteiners &#8211; viegli t\u012br\u0101ms.<\/p>\n<\/li>\n<li data-start=\"1010\" data-end=\"1051\">\n<p data-start=\"1012\" data-end=\"1051\">Aizsardz\u012bba pret \u0161\u013cakat\u0101m un nopl\u016bd\u0113m.<\/p>\n<\/li>\n<li data-start=\"1052\" data-end=\"1112\">\n<p data-start=\"1054\" data-end=\"1112\">Kompakts izm\u0113rs \u0113rtai lieto\u0161anai m\u0101j\u0101s vai ce\u013c\u0101.<\/p>\n<\/li>\n<\/ul>\n<p data-start=\"1114\" data-end=\"1143\">\ud83d\udd27 <strong data-start=\"1117\" data-end=\"1141\">Tehnisk\u0101 inform\u0101cija<\/strong><\/p>\n<ul data-start=\"1144\" data-end=\"1385\">\n<li data-start=\"1144\" data-end=\"1185\">\n<p data-start=\"1146\" data-end=\"1185\">Ieteicamais vecums: 6 m\u0113ne\u0161i &#8211; 6 gadi <\/p>\n<\/li>\n<li data-start=\"1186\" data-end=\"1219\">\n<p data-start=\"1188\" data-end=\"1219\">Izm\u0113ri: 34 \u00d7 32 \u00d7 31 cm.<\/p>\n<\/li>\n<li data-start=\"1242\" data-end=\"1268\">\n<p data-start=\"1244\" data-end=\"1268\">Atzveltnes augstums: 15 cm.<\/p>\n<\/li>\n<li data-start=\"1269\" data-end=\"1333\">\n<p data-start=\"1271\" data-end=\"1333\">Materi\u0101ls: augstas kvalit\u0101tes polipropil\u0113ns (PP), PU spilvens.<\/p>\n<\/li>\n<\/ul>\n","protected":false},"excerpt":{"rendered":"<p>Preces veids: b\u0113rnu gu\u013camvieta<\/p>\n<p>Izcelsmes valsts: \u0136\u012bna<\/p>\n<p>Produkta materi\u0101ls: plastmasa<\/p>\n<p>Izstr\u0101d\u0101juma izm\u0113ri: 32 x 34 x 31 cm<\/p>\n<p>Ieteicamais vecums: 6 m\u0113ne\u0161i &#8211; 6 gadi <\/p>\n","protected":false},"featured_media":44840,"comment_status":"open","ping_status":"closed","template":"","meta":[],"product_brand":[],"product_cat":[1183,1380,1155],"product_tag":[],"class_list":{"0":"post-44834","1":"product","2":"type-product","3":"status-publish","4":"has-post-thumbnail","6":"product_cat-rotallietas-maziem-berniem","7":"product_cat-zinas","8":"product_cat-leti","9":"pa_amziaus-grupe-0-lv","11":"first","12":"instock","13":"taxable","14":"shipping-taxable","15":"purchasable","16":"product-type-simple"},"yoast_head":"<!-- This site is optimized with the Yoast SEO plugin v26.3 - https:\/\/yoast.com\/wordpress\/plugins\/seo\/ -->\n<title>B\u0113rnu gu\u013camvieta ar atbalstu un m\u012bkstu spilvenu - Toys.lt<\/title>\n<meta name=\"description\" content=\"B\u0113rnu podi\u0146\u0161 ar augstu atzveltni, m\u012bkstu s\u0113dekli un no\u0146emamu tvertni. Viegli t\u012br\u0101ms, stabils un dro\u0161s lieto\u0161anai no 6 m\u0113ne\u0161iem l\u012bdz 6 gadiem.\" \/>\n<meta name=\"robots\" content=\"index, follow, max-snippet:-1, max-image-preview:large, max-video-preview:-1\" \/>\n<link rel=\"canonical\" href=\"https:\/\/toys.lt\/lv\/produktas\/pingvins-bernu-nakts-kresls-kopija-kopija\/\" \/>\n<meta property=\"og:locale\" content=\"lv_LV\" \/>\n<meta property=\"og:type\" content=\"article\" \/>\n<meta property=\"og:title\" content=\"B\u0113rnu gu\u013camvieta ar atbalstu un m\u012bkstu spilvenu - Toys.lt\" \/>\n<meta property=\"og:description\" content=\"B\u0113rnu podi\u0146\u0161 ar augstu atzveltni, m\u012bkstu s\u0113dekli un no\u0146emamu tvertni. Viegli t\u012br\u0101ms, stabils un dro\u0161s lieto\u0161anai no 6 m\u0113ne\u0161iem l\u012bdz 6 gadiem.\" \/>\n<meta property=\"og:url\" content=\"https:\/\/toys.lt\/lv\/produktas\/pingvins-bernu-nakts-kresls-kopija-kopija\/\" \/>\n<meta property=\"og:site_name\" content=\"Toys.lt\" \/>\n<meta property=\"article:modified_time\" content=\"2026-04-08T00:01:12+00:00\" \/>\n<meta property=\"og:image\" content=\"https:\/\/toys.lt\/wp-content\/uploads\/2025\/09\/123-naktipuodis-zalias-scaled.jpg\" \/>\n\t<meta property=\"og:image:width\" content=\"2560\" \/>\n\t<meta property=\"og:image:height\" content=\"1953\" \/>\n\t<meta property=\"og:image:type\" content=\"image\/jpeg\" \/>\n<meta name=\"twitter:card\" content=\"summary_large_image\" \/>\n<meta name=\"twitter:label1\" content=\"Est. reading time\" \/>\n\t<meta name=\"twitter:data1\" content=\"1 minute\" \/>\n<script type=\"application\/ld+json\" class=\"yoast-schema-graph\">{\"@context\":\"https:\/\/schema.org\",\"@graph\":[{\"@type\":\"WebPage\",\"@id\":\"https:\/\/toys.lt\/lv\/produktas\/pingvins-bernu-nakts-kresls-kopija-kopija\/\",\"url\":\"https:\/\/toys.lt\/lv\/produktas\/pingvins-bernu-nakts-kresls-kopija-kopija\/\",\"name\":\"B\u0113rnu gu\u013camvieta ar atbalstu un m\u012bkstu spilvenu - Toys.lt\",\"isPartOf\":{\"@id\":\"https:\/\/toys.lt\/lv\/#website\"},\"primaryImageOfPage\":{\"@id\":\"https:\/\/toys.lt\/lv\/produktas\/pingvins-bernu-nakts-kresls-kopija-kopija\/#primaryimage\"},\"image\":{\"@id\":\"https:\/\/toys.lt\/lv\/produktas\/pingvins-bernu-nakts-kresls-kopija-kopija\/#primaryimage\"},\"thumbnailUrl\":\"https:\/\/toys.lt\/wp-content\/uploads\/2025\/09\/123-naktipuodis-zalias-scaled.jpg\",\"datePublished\":\"2025-09-11T13:35:43+00:00\",\"dateModified\":\"2026-04-08T00:01:12+00:00\",\"description\":\"B\u0113rnu podi\u0146\u0161 ar augstu atzveltni, m\u012bkstu s\u0113dekli un no\u0146emamu tvertni. Viegli t\u012br\u0101ms, stabils un dro\u0161s lieto\u0161anai no 6 m\u0113ne\u0161iem l\u012bdz 6 gadiem.\",\"breadcrumb\":{\"@id\":\"https:\/\/toys.lt\/lv\/produktas\/pingvins-bernu-nakts-kresls-kopija-kopija\/#breadcrumb\"},\"inLanguage\":\"lv-LV\",\"potentialAction\":[{\"@type\":\"ReadAction\",\"target\":[\"https:\/\/toys.lt\/lv\/produktas\/pingvins-bernu-nakts-kresls-kopija-kopija\/\"]}]},{\"@type\":\"ImageObject\",\"inLanguage\":\"lv-LV\",\"@id\":\"https:\/\/toys.lt\/lv\/produktas\/pingvins-bernu-nakts-kresls-kopija-kopija\/#primaryimage\",\"url\":\"https:\/\/toys.lt\/wp-content\/uploads\/2025\/09\/123-naktipuodis-zalias-scaled.jpg\",\"contentUrl\":\"https:\/\/toys.lt\/wp-content\/uploads\/2025\/09\/123-naktipuodis-zalias-scaled.jpg\",\"width\":2560,\"height\":1953},{\"@type\":\"BreadcrumbList\",\"@id\":\"https:\/\/toys.lt\/lv\/produktas\/pingvins-bernu-nakts-kresls-kopija-kopija\/#breadcrumb\",\"itemListElement\":[{\"@type\":\"ListItem\",\"position\":1,\"name\":\"Home\",\"item\":\"https:\/\/toys.lt\/lv\/\"},{\"@type\":\"ListItem\",\"position\":2,\"name\":\"Veikals\",\"item\":\"https:\/\/toys.lt\/lv\/shop\/\"},{\"@type\":\"ListItem\",\"position\":3,\"name\":\"B\u0113rnu gu\u013camvieta ar atbalstu un m\u012bkstu spilvenu\"}]},{\"@type\":\"WebSite\",\"@id\":\"https:\/\/toys.lt\/lv\/#website\",\"url\":\"https:\/\/toys.lt\/lv\/\",\"name\":\"Toys.lt\",\"description\":\"\",\"potentialAction\":[{\"@type\":\"SearchAction\",\"target\":{\"@type\":\"EntryPoint\",\"urlTemplate\":\"https:\/\/toys.lt\/lv\/?s={search_term_string}\"},\"query-input\":{\"@type\":\"PropertyValueSpecification\",\"valueRequired\":true,\"valueName\":\"search_term_string\"}}],\"inLanguage\":\"lv-LV\"}]}<\/script>\n<!-- \/ Yoast SEO plugin. -->","yoast_head_json":{"title":"B\u0113rnu gu\u013camvieta ar atbalstu un m\u012bkstu spilvenu - Toys.lt","description":"B\u0113rnu podi\u0146\u0161 ar augstu atzveltni, m\u012bkstu s\u0113dekli un no\u0146emamu tvertni. Viegli t\u012br\u0101ms, stabils un dro\u0161s lieto\u0161anai no 6 m\u0113ne\u0161iem l\u012bdz 6 gadiem.","robots":{"index":"index","follow":"follow","max-snippet":"max-snippet:-1","max-image-preview":"max-image-preview:large","max-video-preview":"max-video-preview:-1"},"canonical":"https:\/\/toys.lt\/lv\/produktas\/pingvins-bernu-nakts-kresls-kopija-kopija\/","og_locale":"lv_LV","og_type":"article","og_title":"B\u0113rnu gu\u013camvieta ar atbalstu un m\u012bkstu spilvenu - Toys.lt","og_description":"B\u0113rnu podi\u0146\u0161 ar augstu atzveltni, m\u012bkstu s\u0113dekli un no\u0146emamu tvertni. Viegli t\u012br\u0101ms, stabils un dro\u0161s lieto\u0161anai no 6 m\u0113ne\u0161iem l\u012bdz 6 gadiem.","og_url":"https:\/\/toys.lt\/lv\/produktas\/pingvins-bernu-nakts-kresls-kopija-kopija\/","og_site_name":"Toys.lt","article_modified_time":"2026-04-08T00:01:12+00:00","og_image":[{"width":2560,"height":1953,"url":"https:\/\/toys.lt\/wp-content\/uploads\/2025\/09\/123-naktipuodis-zalias-scaled.jpg","type":"image\/jpeg"}],"twitter_card":"summary_large_image","twitter_misc":{"Est. reading time":"1 minute"},"schema":{"@context":"https:\/\/schema.org","@graph":[{"@type":"WebPage","@id":"https:\/\/toys.lt\/lv\/produktas\/pingvins-bernu-nakts-kresls-kopija-kopija\/","url":"https:\/\/toys.lt\/lv\/produktas\/pingvins-bernu-nakts-kresls-kopija-kopija\/","name":"B\u0113rnu gu\u013camvieta ar atbalstu un m\u012bkstu spilvenu - Toys.lt","isPartOf":{"@id":"https:\/\/toys.lt\/lv\/#website"},"primaryImageOfPage":{"@id":"https:\/\/toys.lt\/lv\/produktas\/pingvins-bernu-nakts-kresls-kopija-kopija\/#primaryimage"},"image":{"@id":"https:\/\/toys.lt\/lv\/produktas\/pingvins-bernu-nakts-kresls-kopija-kopija\/#primaryimage"},"thumbnailUrl":"https:\/\/toys.lt\/wp-content\/uploads\/2025\/09\/123-naktipuodis-zalias-scaled.jpg","datePublished":"2025-09-11T13:35:43+00:00","dateModified":"2026-04-08T00:01:12+00:00","description":"B\u0113rnu podi\u0146\u0161 ar augstu atzveltni, m\u012bkstu s\u0113dekli un no\u0146emamu tvertni. Viegli t\u012br\u0101ms, stabils un dro\u0161s lieto\u0161anai no 6 m\u0113ne\u0161iem l\u012bdz 6 gadiem.","breadcrumb":{"@id":"https:\/\/toys.lt\/lv\/produktas\/pingvins-bernu-nakts-kresls-kopija-kopija\/#breadcrumb"},"inLanguage":"lv-LV","potentialAction":[{"@type":"ReadAction","target":["https:\/\/toys.lt\/lv\/produktas\/pingvins-bernu-nakts-kresls-kopija-kopija\/"]}]},{"@type":"ImageObject","inLanguage":"lv-LV","@id":"https:\/\/toys.lt\/lv\/produktas\/pingvins-bernu-nakts-kresls-kopija-kopija\/#primaryimage","url":"https:\/\/toys.lt\/wp-content\/uploads\/2025\/09\/123-naktipuodis-zalias-scaled.jpg","contentUrl":"https:\/\/toys.lt\/wp-content\/uploads\/2025\/09\/123-naktipuodis-zalias-scaled.jpg","width":2560,"height":1953},{"@type":"BreadcrumbList","@id":"https:\/\/toys.lt\/lv\/produktas\/pingvins-bernu-nakts-kresls-kopija-kopija\/#breadcrumb","itemListElement":[{"@type":"ListItem","position":1,"name":"Home","item":"https:\/\/toys.lt\/lv\/"},{"@type":"ListItem","position":2,"name":"Veikals","item":"https:\/\/toys.lt\/lv\/shop\/"},{"@type":"ListItem","position":3,"name":"B\u0113rnu gu\u013camvieta ar atbalstu un m\u012bkstu spilvenu"}]},{"@type":"WebSite","@id":"https:\/\/toys.lt\/lv\/#website","url":"https:\/\/toys.lt\/lv\/","name":"Toys.lt","description":"","potentialAction":[{"@type":"SearchAction","target":{"@type":"EntryPoint","urlTemplate":"https:\/\/toys.lt\/lv\/?s={search_term_string}"},"query-input":{"@type":"PropertyValueSpecification","valueRequired":true,"valueName":"search_term_string"}}],"inLanguage":"lv-LV"}]}},"_links":{"self":[{"href":"https:\/\/toys.lt\/lv\/wp-json\/wp\/v2\/product\/44834","targetHints":{"allow":["GET"]}}],"collection":[{"href":"https:\/\/toys.lt\/lv\/wp-json\/wp\/v2\/product"}],"about":[{"href":"https:\/\/toys.lt\/lv\/wp-json\/wp\/v2\/types\/product"}],"replies":[{"embeddable":true,"href":"https:\/\/toys.lt\/lv\/wp-json\/wp\/v2\/comments?post=44834"}],"version-history":[{"count":2,"href":"https:\/\/toys.lt\/lv\/wp-json\/wp\/v2\/product\/44834\/revisions"}],"predecessor-version":[{"id":45547,"href":"https:\/\/toys.lt\/lv\/wp-json\/wp\/v2\/product\/44834\/revisions\/45547"}],"wp:featuredmedia":[{"embeddable":true,"href":"https:\/\/toys.lt\/lv\/wp-json\/wp\/v2\/media\/44840"}],"wp:attachment":[{"href":"https:\/\/toys.lt\/lv\/wp-json\/wp\/v2\/media?parent=44834"}],"wp:term":[{"taxonomy":"product_brand","embeddable":true,"href":"https:\/\/toys.lt\/lv\/wp-json\/wp\/v2\/product_brand?post=44834"},{"taxonomy":"product_cat","embeddable":true,"href":"https:\/\/toys.lt\/lv\/wp-json\/wp\/v2\/product_cat?post=44834"},{"taxonomy":"product_tag","embeddable":true,"href":"https:\/\/toys.lt\/lv\/wp-json\/wp\/v2\/product_tag?post=44834"}],"curies":[{"name":"wp","href":"https:\/\/api.w.org\/{rel}","templated":true}]}}