{"id":44588,"date":"2025-09-08T13:01:20","date_gmt":"2025-09-08T13:01:20","guid":{"rendered":"https:\/\/toys.lt\/?post_type=product&#038;p=44588"},"modified":"2026-04-08T00:01:13","modified_gmt":"2026-04-08T00:01:13","slug":"clementoni-mehanikas-laboratorija-dizaina-laboratorija-lauksaimniecibas-tehnika-ltlvee-kopija-kopija-kopija-kopija","status":"publish","type":"product","link":"https:\/\/toys.lt\/lv\/produktas\/clementoni-mehanikas-laboratorija-dizaina-laboratorija-lauksaimniecibas-tehnika-ltlvee-kopija-kopija-kopija-kopija\/","title":{"rendered":"Clementoni Meh\u0101nikas ma\u0161\u012bnu transportieris STEM konstruktors"},"content":{"rendered":"<p class=\"MsoNormal\" style=\"margin: 0px; font-size: medium; color: #7a7a7a; padding: 0px; line-height: inherit; border: 0px; font-family: Roboto, sans-serif; background-color: #fefefe; text-align: center;\" align=\"center\"><i style=\"line-height: inherit; margin: 0px; padding: 0px; border: 0px; font-variant: inherit; font-weight: inherit; font-size: inherit; font-family: inherit;\"><span style=\"margin: 0px; padding: 0px; border: 0px; font-style: inherit; font-variant: inherit; font-weight: inherit; font-size: 8.5pt; line-height: inherit; font-family: Verdana, sans-serif; color: #000000;\">Clementoni &#8211; dibin\u0101ts It\u0101lij\u0101 un veiksm\u012bgi darbojas jau vair\u0101k nek\u0101 50 gadus! Uz\u0146\u0113muma misija ir rad\u012bt sp\u0113les, kas pal\u012bdz b\u0113rniem augt.   <\/span><\/i><\/p>\n<p class=\"MsoNormal\" style=\"margin: 0px; font-size: medium; color: #7a7a7a; padding: 0px; line-height: inherit; border: 0px; font-family: Roboto, sans-serif; background-color: #fefefe; text-align: center;\" align=\"center\"><i style=\"line-height: inherit; margin: 0px; padding: 0px; border: 0px; font-variant: inherit; font-weight: inherit; font-size: inherit; font-family: inherit;\"><span style=\"margin: 0px; padding: 0px; border: 0px; font-style: inherit; font-variant: inherit; font-weight: inherit; font-size: 8.5pt; line-height: inherit; font-family: Verdana, sans-serif; color: #000000;\">Tas viss ir izstr\u0101d\u0101ts, lai apmierin\u0101tu jaunie\u0161u vajadz\u012bbas, \u0146emot v\u0113r\u0101 m\u016bsdienu tehnolo\u0123ijas un glob\u0101l\u0101s izgl\u012bt\u012bbas tendences.<\/span><\/i><\/p>\n<p data-start=\"347\" data-end=\"674\"><strong data-start=\"347\" data-end=\"413\">Clementoni Science &amp; Play Mechanics Laboratory Car Transporter<\/strong> ir STEM konstruktors b\u0113rniem vecum\u0101 no 8 gadiem, kas \u013cauj uzb\u016bv\u0113t jaud\u012bgu autotransportieri. Komplekt\u0101 ir 190 deta\u013cas, no kur\u0101m var uzb\u016bv\u0113t l\u012bdz pat 10 da\u017e\u0101diem mode\u013ciem. Tas ir lielisks veids, k\u0101 iepaz\u012bt meh\u0101nikas likumus, att\u012bst\u012bt rado\u0161umu un lo\u0123isko dom\u0101\u0161anu.  <\/p>\n<h3 data-start=\"676\" data-end=\"691\">\u2b50 Funkcijas<\/h3>\n<ul data-start=\"692\" data-end=\"939\">\n<li data-start=\"692\" data-end=\"724\">\n<p data-start=\"694\" data-end=\"724\">STEM konstruktors b\u0113rniem.<\/p>\n<\/li>\n<li data-start=\"725\" data-end=\"769\">\n<p data-start=\"727\" data-end=\"769\">Uzb\u016bv\u0113jiet automa\u0161\u012bnas transportiera modeli.<\/p>\n<\/li>\n<li data-start=\"770\" data-end=\"818\">\n<p data-start=\"772\" data-end=\"818\">Kopum\u0101 var izveidot 10 da\u017e\u0101dus mode\u013cus.<\/p>\n<\/li>\n<li data-start=\"846\" data-end=\"887\">\n<p data-start=\"848\" data-end=\"887\">Iepaz\u012bstina ar meh\u0101nikas principiem.<\/p>\n<\/li>\n<li data-start=\"888\" data-end=\"939\">\n<p data-start=\"890\" data-end=\"939\">T\u0101 att\u012bsta lo\u0123isko dom\u0101\u0161anu, rado\u0161umu un paciet\u012bbu.<\/p>\n<\/li>\n<\/ul>\n<h3 data-start=\"941\" data-end=\"970\">\ud83d\udd27 Tehnisk\u0101 inform\u0101cija<\/h3>\n<ul data-start=\"971\" data-end=\"1250\">\n<li data-start=\"971\" data-end=\"997\">\n<p data-start=\"973\" data-end=\"997\">Da\u013cu skaits: 190.<\/p>\n<\/li>\n<li data-start=\"998\" data-end=\"1027\">\n<p data-start=\"1000\" data-end=\"1027\">Mode\u013cu skaits: l\u012bdz 10.<\/p>\n<\/li>\n<li data-start=\"1028\" data-end=\"1067\">\n<p data-start=\"1030\" data-end=\"1067\">Ieteicamais vecums: no 8 gadiem.<\/p>\n<\/li>\n<li data-start=\"1068\" data-end=\"1113\">Ra\u017eots It\u0101lij\u0101.<\/li>\n<li data-start=\"1170\" data-end=\"1250\">\n<p data-start=\"1172\" data-end=\"1250\">Dro\u0161\u012bbas br\u012bdin\u0101jums: mazo deta\u013cu d\u0113\u013c nav piem\u0113rots b\u0113rniem l\u012bdz 3 gadu (36 m\u0113ne\u0161u) vecumam.<\/p>\n<\/li>\n<\/ul>\n","protected":false},"excerpt":{"rendered":"<p>Produkta veids: konstruktors<\/p>\n<p>Z\u012bmola nosaukums: Clementoni<\/p>\n<p>Izcelsmes valsts: It\u0101lija<\/p>\n<p>Iepakojuma izm\u0113ri: 45 \u00d7 31 \u00d7 7 cm<\/p>\n<p>Ieteicamais vecums: no 8 gadiem.<\/p>\n","protected":false},"featured_media":44590,"comment_status":"open","ping_status":"closed","template":"","meta":[],"product_brand":[384],"product_cat":[1176,1380,1157,1158,1155],"product_tag":[],"class_list":{"0":"post-44588","1":"product","2":"type-product","3":"status-publish","4":"has-post-thumbnail","6":"product_brand-clementoni-2","7":"product_cat-rotallietas-zeniem","8":"product_cat-zinas","9":"product_cat-izglitojosas-un-interaktivas-rotallietas","10":"product_cat-konstruktori","11":"product_cat-leti","12":"pa_amziaus-grupe-8-lv","13":"pa_prek-s-tipas-konstruktori-un-modulu-bloki","14":"pa_prekes-zenklas-clementoni-lv","16":"first","17":"outofstock","18":"taxable","19":"shipping-taxable","20":"purchasable","21":"product-type-simple"},"yoast_head":"<!-- This site is optimized with the Yoast SEO plugin v26.3 - https:\/\/yoast.com\/wordpress\/plugins\/seo\/ -->\n<title>Clementoni Meh\u0101nikas ma\u0161\u012bnu transportieris STEM konstruktors - Toys.lt<\/title>\n<meta name=\"description\" content=\"Clementoni Meh\u0101nikas laboratorijas autotransportieris - STEM konstruktors b\u0113rniem no 8 gadu vecuma.190 deta\u013cas \u013cauj uzb\u016bv\u0113t l\u012bdz pat 10 mode\u013ciem.\" \/>\n<meta name=\"robots\" content=\"index, follow, max-snippet:-1, max-image-preview:large, max-video-preview:-1\" \/>\n<link rel=\"canonical\" href=\"https:\/\/toys.lt\/lv\/produktas\/clementoni-mehanikas-laboratorija-dizaina-laboratorija-lauksaimniecibas-tehnika-ltlvee-kopija-kopija-kopija-kopija\/\" \/>\n<meta property=\"og:locale\" content=\"lv_LV\" \/>\n<meta property=\"og:type\" content=\"article\" \/>\n<meta property=\"og:title\" content=\"Clementoni Meh\u0101nikas ma\u0161\u012bnu transportieris STEM konstruktors - Toys.lt\" \/>\n<meta property=\"og:description\" content=\"Clementoni Meh\u0101nikas laboratorijas autotransportieris - STEM konstruktors b\u0113rniem no 8 gadu vecuma.190 deta\u013cas \u013cauj uzb\u016bv\u0113t l\u012bdz pat 10 mode\u013ciem.\" \/>\n<meta property=\"og:url\" content=\"https:\/\/toys.lt\/lv\/produktas\/clementoni-mehanikas-laboratorija-dizaina-laboratorija-lauksaimniecibas-tehnika-ltlvee-kopija-kopija-kopija-kopija\/\" \/>\n<meta property=\"og:site_name\" content=\"Toys.lt\" \/>\n<meta property=\"article:modified_time\" content=\"2026-04-08T00:01:13+00:00\" \/>\n<meta property=\"og:image\" content=\"https:\/\/toys.lt\/wp-content\/uploads\/2025\/09\/75132-kosntruktorius-1.jpg\" \/>\n\t<meta property=\"og:image:width\" content=\"1472\" \/>\n\t<meta property=\"og:image:height\" content=\"1200\" \/>\n\t<meta property=\"og:image:type\" content=\"image\/jpeg\" \/>\n<meta name=\"twitter:card\" content=\"summary_large_image\" \/>\n<meta name=\"twitter:label1\" content=\"Est. reading time\" \/>\n\t<meta name=\"twitter:data1\" content=\"1 minute\" \/>\n<script type=\"application\/ld+json\" class=\"yoast-schema-graph\">{\"@context\":\"https:\/\/schema.org\",\"@graph\":[{\"@type\":\"WebPage\",\"@id\":\"https:\/\/toys.lt\/lv\/produktas\/clementoni-mehanikas-laboratorija-dizaina-laboratorija-lauksaimniecibas-tehnika-ltlvee-kopija-kopija-kopija-kopija\/\",\"url\":\"https:\/\/toys.lt\/lv\/produktas\/clementoni-mehanikas-laboratorija-dizaina-laboratorija-lauksaimniecibas-tehnika-ltlvee-kopija-kopija-kopija-kopija\/\",\"name\":\"Clementoni Meh\u0101nikas ma\u0161\u012bnu transportieris STEM konstruktors - Toys.lt\",\"isPartOf\":{\"@id\":\"https:\/\/toys.lt\/lv\/#website\"},\"primaryImageOfPage\":{\"@id\":\"https:\/\/toys.lt\/lv\/produktas\/clementoni-mehanikas-laboratorija-dizaina-laboratorija-lauksaimniecibas-tehnika-ltlvee-kopija-kopija-kopija-kopija\/#primaryimage\"},\"image\":{\"@id\":\"https:\/\/toys.lt\/lv\/produktas\/clementoni-mehanikas-laboratorija-dizaina-laboratorija-lauksaimniecibas-tehnika-ltlvee-kopija-kopija-kopija-kopija\/#primaryimage\"},\"thumbnailUrl\":\"https:\/\/toys.lt\/wp-content\/uploads\/2025\/09\/75132-kosntruktorius-1.jpg\",\"datePublished\":\"2025-09-08T13:01:20+00:00\",\"dateModified\":\"2026-04-08T00:01:13+00:00\",\"description\":\"Clementoni Meh\u0101nikas laboratorijas autotransportieris - STEM konstruktors b\u0113rniem no 8 gadu vecuma.190 deta\u013cas \u013cauj uzb\u016bv\u0113t l\u012bdz pat 10 mode\u013ciem.\",\"breadcrumb\":{\"@id\":\"https:\/\/toys.lt\/lv\/produktas\/clementoni-mehanikas-laboratorija-dizaina-laboratorija-lauksaimniecibas-tehnika-ltlvee-kopija-kopija-kopija-kopija\/#breadcrumb\"},\"inLanguage\":\"lv-LV\",\"potentialAction\":[{\"@type\":\"ReadAction\",\"target\":[\"https:\/\/toys.lt\/lv\/produktas\/clementoni-mehanikas-laboratorija-dizaina-laboratorija-lauksaimniecibas-tehnika-ltlvee-kopija-kopija-kopija-kopija\/\"]}]},{\"@type\":\"ImageObject\",\"inLanguage\":\"lv-LV\",\"@id\":\"https:\/\/toys.lt\/lv\/produktas\/clementoni-mehanikas-laboratorija-dizaina-laboratorija-lauksaimniecibas-tehnika-ltlvee-kopija-kopija-kopija-kopija\/#primaryimage\",\"url\":\"https:\/\/toys.lt\/wp-content\/uploads\/2025\/09\/75132-kosntruktorius-1.jpg\",\"contentUrl\":\"https:\/\/toys.lt\/wp-content\/uploads\/2025\/09\/75132-kosntruktorius-1.jpg\",\"width\":1472,\"height\":1200},{\"@type\":\"BreadcrumbList\",\"@id\":\"https:\/\/toys.lt\/lv\/produktas\/clementoni-mehanikas-laboratorija-dizaina-laboratorija-lauksaimniecibas-tehnika-ltlvee-kopija-kopija-kopija-kopija\/#breadcrumb\",\"itemListElement\":[{\"@type\":\"ListItem\",\"position\":1,\"name\":\"Home\",\"item\":\"https:\/\/toys.lt\/lv\/\"},{\"@type\":\"ListItem\",\"position\":2,\"name\":\"Veikals\",\"item\":\"https:\/\/toys.lt\/lv\/shop\/\"},{\"@type\":\"ListItem\",\"position\":3,\"name\":\"Clementoni Meh\u0101nikas ma\u0161\u012bnu transportieris STEM konstruktors\"}]},{\"@type\":\"WebSite\",\"@id\":\"https:\/\/toys.lt\/lv\/#website\",\"url\":\"https:\/\/toys.lt\/lv\/\",\"name\":\"Toys.lt\",\"description\":\"\",\"potentialAction\":[{\"@type\":\"SearchAction\",\"target\":{\"@type\":\"EntryPoint\",\"urlTemplate\":\"https:\/\/toys.lt\/lv\/?s={search_term_string}\"},\"query-input\":{\"@type\":\"PropertyValueSpecification\",\"valueRequired\":true,\"valueName\":\"search_term_string\"}}],\"inLanguage\":\"lv-LV\"}]}<\/script>\n<!-- \/ Yoast SEO plugin. -->","yoast_head_json":{"title":"Clementoni Meh\u0101nikas ma\u0161\u012bnu transportieris STEM konstruktors - Toys.lt","description":"Clementoni Meh\u0101nikas laboratorijas autotransportieris - STEM konstruktors b\u0113rniem no 8 gadu vecuma.190 deta\u013cas \u013cauj uzb\u016bv\u0113t l\u012bdz pat 10 mode\u013ciem.","robots":{"index":"index","follow":"follow","max-snippet":"max-snippet:-1","max-image-preview":"max-image-preview:large","max-video-preview":"max-video-preview:-1"},"canonical":"https:\/\/toys.lt\/lv\/produktas\/clementoni-mehanikas-laboratorija-dizaina-laboratorija-lauksaimniecibas-tehnika-ltlvee-kopija-kopija-kopija-kopija\/","og_locale":"lv_LV","og_type":"article","og_title":"Clementoni Meh\u0101nikas ma\u0161\u012bnu transportieris STEM konstruktors - Toys.lt","og_description":"Clementoni Meh\u0101nikas laboratorijas autotransportieris - STEM konstruktors b\u0113rniem no 8 gadu vecuma.190 deta\u013cas \u013cauj uzb\u016bv\u0113t l\u012bdz pat 10 mode\u013ciem.","og_url":"https:\/\/toys.lt\/lv\/produktas\/clementoni-mehanikas-laboratorija-dizaina-laboratorija-lauksaimniecibas-tehnika-ltlvee-kopija-kopija-kopija-kopija\/","og_site_name":"Toys.lt","article_modified_time":"2026-04-08T00:01:13+00:00","og_image":[{"width":1472,"height":1200,"url":"https:\/\/toys.lt\/wp-content\/uploads\/2025\/09\/75132-kosntruktorius-1.jpg","type":"image\/jpeg"}],"twitter_card":"summary_large_image","twitter_misc":{"Est. reading time":"1 minute"},"schema":{"@context":"https:\/\/schema.org","@graph":[{"@type":"WebPage","@id":"https:\/\/toys.lt\/lv\/produktas\/clementoni-mehanikas-laboratorija-dizaina-laboratorija-lauksaimniecibas-tehnika-ltlvee-kopija-kopija-kopija-kopija\/","url":"https:\/\/toys.lt\/lv\/produktas\/clementoni-mehanikas-laboratorija-dizaina-laboratorija-lauksaimniecibas-tehnika-ltlvee-kopija-kopija-kopija-kopija\/","name":"Clementoni Meh\u0101nikas ma\u0161\u012bnu transportieris STEM konstruktors - Toys.lt","isPartOf":{"@id":"https:\/\/toys.lt\/lv\/#website"},"primaryImageOfPage":{"@id":"https:\/\/toys.lt\/lv\/produktas\/clementoni-mehanikas-laboratorija-dizaina-laboratorija-lauksaimniecibas-tehnika-ltlvee-kopija-kopija-kopija-kopija\/#primaryimage"},"image":{"@id":"https:\/\/toys.lt\/lv\/produktas\/clementoni-mehanikas-laboratorija-dizaina-laboratorija-lauksaimniecibas-tehnika-ltlvee-kopija-kopija-kopija-kopija\/#primaryimage"},"thumbnailUrl":"https:\/\/toys.lt\/wp-content\/uploads\/2025\/09\/75132-kosntruktorius-1.jpg","datePublished":"2025-09-08T13:01:20+00:00","dateModified":"2026-04-08T00:01:13+00:00","description":"Clementoni Meh\u0101nikas laboratorijas autotransportieris - STEM konstruktors b\u0113rniem no 8 gadu vecuma.190 deta\u013cas \u013cauj uzb\u016bv\u0113t l\u012bdz pat 10 mode\u013ciem.","breadcrumb":{"@id":"https:\/\/toys.lt\/lv\/produktas\/clementoni-mehanikas-laboratorija-dizaina-laboratorija-lauksaimniecibas-tehnika-ltlvee-kopija-kopija-kopija-kopija\/#breadcrumb"},"inLanguage":"lv-LV","potentialAction":[{"@type":"ReadAction","target":["https:\/\/toys.lt\/lv\/produktas\/clementoni-mehanikas-laboratorija-dizaina-laboratorija-lauksaimniecibas-tehnika-ltlvee-kopija-kopija-kopija-kopija\/"]}]},{"@type":"ImageObject","inLanguage":"lv-LV","@id":"https:\/\/toys.lt\/lv\/produktas\/clementoni-mehanikas-laboratorija-dizaina-laboratorija-lauksaimniecibas-tehnika-ltlvee-kopija-kopija-kopija-kopija\/#primaryimage","url":"https:\/\/toys.lt\/wp-content\/uploads\/2025\/09\/75132-kosntruktorius-1.jpg","contentUrl":"https:\/\/toys.lt\/wp-content\/uploads\/2025\/09\/75132-kosntruktorius-1.jpg","width":1472,"height":1200},{"@type":"BreadcrumbList","@id":"https:\/\/toys.lt\/lv\/produktas\/clementoni-mehanikas-laboratorija-dizaina-laboratorija-lauksaimniecibas-tehnika-ltlvee-kopija-kopija-kopija-kopija\/#breadcrumb","itemListElement":[{"@type":"ListItem","position":1,"name":"Home","item":"https:\/\/toys.lt\/lv\/"},{"@type":"ListItem","position":2,"name":"Veikals","item":"https:\/\/toys.lt\/lv\/shop\/"},{"@type":"ListItem","position":3,"name":"Clementoni Meh\u0101nikas ma\u0161\u012bnu transportieris STEM konstruktors"}]},{"@type":"WebSite","@id":"https:\/\/toys.lt\/lv\/#website","url":"https:\/\/toys.lt\/lv\/","name":"Toys.lt","description":"","potentialAction":[{"@type":"SearchAction","target":{"@type":"EntryPoint","urlTemplate":"https:\/\/toys.lt\/lv\/?s={search_term_string}"},"query-input":{"@type":"PropertyValueSpecification","valueRequired":true,"valueName":"search_term_string"}}],"inLanguage":"lv-LV"}]}},"_links":{"self":[{"href":"https:\/\/toys.lt\/lv\/wp-json\/wp\/v2\/product\/44588","targetHints":{"allow":["GET"]}}],"collection":[{"href":"https:\/\/toys.lt\/lv\/wp-json\/wp\/v2\/product"}],"about":[{"href":"https:\/\/toys.lt\/lv\/wp-json\/wp\/v2\/types\/product"}],"replies":[{"embeddable":true,"href":"https:\/\/toys.lt\/lv\/wp-json\/wp\/v2\/comments?post=44588"}],"version-history":[{"count":2,"href":"https:\/\/toys.lt\/lv\/wp-json\/wp\/v2\/product\/44588\/revisions"}],"predecessor-version":[{"id":45542,"href":"https:\/\/toys.lt\/lv\/wp-json\/wp\/v2\/product\/44588\/revisions\/45542"}],"wp:featuredmedia":[{"embeddable":true,"href":"https:\/\/toys.lt\/lv\/wp-json\/wp\/v2\/media\/44590"}],"wp:attachment":[{"href":"https:\/\/toys.lt\/lv\/wp-json\/wp\/v2\/media?parent=44588"}],"wp:term":[{"taxonomy":"product_brand","embeddable":true,"href":"https:\/\/toys.lt\/lv\/wp-json\/wp\/v2\/product_brand?post=44588"},{"taxonomy":"product_cat","embeddable":true,"href":"https:\/\/toys.lt\/lv\/wp-json\/wp\/v2\/product_cat?post=44588"},{"taxonomy":"product_tag","embeddable":true,"href":"https:\/\/toys.lt\/lv\/wp-json\/wp\/v2\/product_tag?post=44588"}],"curies":[{"name":"wp","href":"https:\/\/api.w.org\/{rel}","templated":true}]}}