{"id":44569,"date":"2025-09-08T12:46:47","date_gmt":"2025-09-08T12:46:47","guid":{"rendered":"https:\/\/toys.lt\/?post_type=product&#038;p=44569"},"modified":"2026-04-08T00:01:13","modified_gmt":"2026-04-08T00:01:13","slug":"clementoni-mehanikas-laboratorija-dizaina-laboratorija-lauksaimniecibas-tehnika-ltlvee-kopija-kopija","status":"publish","type":"product","link":"https:\/\/toys.lt\/lv\/produktas\/clementoni-mehanikas-laboratorija-dizaina-laboratorija-lauksaimniecibas-tehnika-ltlvee-kopija-kopija\/","title":{"rendered":"Clementoni Mechanics Cementa kravas automa\u0161\u012bnas STEM konstruktoru komplekts"},"content":{"rendered":"<p class=\"MsoNormal\" style=\"margin: 0px; font-size: medium; color: #7a7a7a; padding: 0px; line-height: inherit; border: 0px; font-family: Roboto, sans-serif; background-color: #fefefe; text-align: center;\" align=\"center\"><i style=\"line-height: inherit; margin: 0px; padding: 0px; border: 0px; font-variant: inherit; font-weight: inherit; font-size: inherit; font-family: inherit;\"><span style=\"margin: 0px; padding: 0px; border: 0px; font-style: inherit; font-variant: inherit; font-weight: inherit; font-size: 8.5pt; line-height: inherit; font-family: Verdana, sans-serif; color: #000000;\">Clementoni &#8211; dibin\u0101ts It\u0101lij\u0101 un veiksm\u012bgi darbojas jau vair\u0101k nek\u0101 50 gadus! Uz\u0146\u0113muma misija ir rad\u012bt sp\u0113les, kas pal\u012bdz b\u0113rniem augt.   <\/span><\/i><\/p>\n<p class=\"MsoNormal\" style=\"margin: 0px; font-size: medium; color: #7a7a7a; padding: 0px; line-height: inherit; border: 0px; font-family: Roboto, sans-serif; background-color: #fefefe; text-align: center;\" align=\"center\"><i style=\"line-height: inherit; margin: 0px; padding: 0px; border: 0px; font-variant: inherit; font-weight: inherit; font-size: inherit; font-family: inherit;\"><span style=\"margin: 0px; padding: 0px; border: 0px; font-style: inherit; font-variant: inherit; font-weight: inherit; font-size: 8.5pt; line-height: inherit; font-family: Verdana, sans-serif; color: #000000;\">Tas viss ir izstr\u0101d\u0101ts, lai apmierin\u0101tu jaunie\u0161u vajadz\u012bbas, \u0146emot v\u0113r\u0101 m\u016bsdienu tehnolo\u0123ijas un glob\u0101l\u0101s izgl\u012bt\u012bbas tendences.<\/span><\/i><\/p>\n<p data-start=\"139\" data-end=\"526\"><strong data-start=\"139\" data-end=\"191\">Clementoni Science &amp; Play Mechanics Cementa kravas automa\u0161\u012bna<\/strong> ir STEM konstruktors b\u0113rniem vecum\u0101 no 8 gadiem, no kura var uzb\u016bv\u0113t iespaid\u012bgu betona mais\u012bt\u0101ja modeli. Ar vair\u0101k nek\u0101 300 deta\u013c\u0101m un elektromotoru var uzb\u016bv\u0113t l\u012bdz pat 20 da\u017e\u0101d\u0101m konstrukcij\u0101m un p\u0101rbaud\u012bt re\u0101lus meh\u0101nikas principus. Tas ir lielisks veids, k\u0101 att\u012bst\u012bt rado\u0161umu, lo\u0123isko dom\u0101\u0161anu un interesi par in\u017eenierzin\u0101tn\u0113m.  <\/p>\n<h3 data-start=\"528\" data-end=\"543\">\u2b50 Funkcijas<\/h3>\n<ul data-start=\"544\" data-end=\"856\">\n<li data-start=\"544\" data-end=\"576\">\n<p data-start=\"546\" data-end=\"576\">STEM konstruktors b\u0113rniem.<\/p>\n<\/li>\n<li data-start=\"577\" data-end=\"622\">\n<p data-start=\"579\" data-end=\"622\">Izveidojiet iespaid\u012bgu betona mais\u012bt\u0101ja modeli.<\/p>\n<\/li>\n<li data-start=\"623\" data-end=\"667\">\n<p data-start=\"625\" data-end=\"667\">Var izveidot l\u012bdz 20 da\u017e\u0101diem mode\u013ciem.<\/p>\n<\/li>\n<li data-start=\"668\" data-end=\"696\">\n<p data-start=\"670\" data-end=\"696\">Vair\u0101k nek\u0101 300 deta\u013cu.<\/p>\n<\/li>\n<li data-start=\"697\" data-end=\"739\">\n<p data-start=\"699\" data-end=\"739\">Elektromotors iek\u013cauts komplekt\u0101.<\/p>\n<\/li>\n<li data-start=\"740\" data-end=\"804\">\n<p data-start=\"742\" data-end=\"804\">Veicina interesi par tehnolo\u0123ij\u0101m, in\u017eenierzin\u0101tn\u0113m un meh\u0101niku.<\/p>\n<\/li>\n<li data-start=\"805\" data-end=\"856\">\n<p data-start=\"807\" data-end=\"856\">T\u0101 att\u012bsta lo\u0123isko dom\u0101\u0161anu, rado\u0161umu un paciet\u012bbu.<\/p>\n<\/li>\n<\/ul>\n<h3 data-start=\"858\" data-end=\"887\">\ud83d\udd27 Tehnisk\u0101 inform\u0101cija<\/h3>\n<ul data-start=\"888\" data-end=\"1250\">\n<li data-start=\"991\" data-end=\"1028\">\n<p data-start=\"993\" data-end=\"1028\">Baterijas: 4 \u00d7 AA (nav iek\u013cautas komplekt\u0101).<\/p>\n<\/li>\n<li data-start=\"1029\" data-end=\"1068\">\n<p data-start=\"1031\" data-end=\"1068\">Ieteicamais vecums: no 8 gadiem.<\/p>\n<\/li>\n<li data-start=\"1145\" data-end=\"1169\">\n<p data-start=\"1147\" data-end=\"1169\">Ra\u017eots It\u0101lij\u0101.<\/p>\n<\/li>\n<li data-start=\"1170\" data-end=\"1250\">\n<p data-start=\"1172\" data-end=\"1250\">Dro\u0161\u012bbas br\u012bdin\u0101jums: mazo deta\u013cu d\u0113\u013c nav piem\u0113rots b\u0113rniem l\u012bdz 3 gadu (36 m\u0113ne\u0161u) vecumam.<\/p>\n<\/li>\n<\/ul>\n","protected":false},"excerpt":{"rendered":"<p>Produkta veids: konstruktors<\/p>\n<p>Z\u012bmola nosaukums: Clementoni<\/p>\n<p>Izcelsmes valsts: It\u0101lija<\/p>\n<p>Iepakojuma izm\u0113ri: 45 \u00d7 31 \u00d7 7 cm<\/p>\n<p>Ieteicamais vecums: no 8 gadiem.<\/p>\n","protected":false},"featured_media":44572,"comment_status":"open","ping_status":"closed","template":"","meta":[],"product_brand":[384],"product_cat":[1176,1380,1157,1158,1155],"product_tag":[],"class_list":{"0":"post-44569","1":"product","2":"type-product","3":"status-publish","4":"has-post-thumbnail","6":"product_brand-clementoni-2","7":"product_cat-rotallietas-zeniem","8":"product_cat-zinas","9":"product_cat-izglitojosas-un-interaktivas-rotallietas","10":"product_cat-konstruktori","11":"product_cat-leti","12":"pa_amziaus-grupe-8-lv","13":"pa_prek-s-tipas-konstruktori-un-modulu-bloki","14":"pa_prekes-zenklas-clementoni-lv","16":"first","17":"instock","18":"sale","19":"taxable","20":"shipping-taxable","21":"purchasable","22":"product-type-simple"},"yoast_head":"<!-- This site is optimized with the Yoast SEO plugin v26.3 - https:\/\/yoast.com\/wordpress\/plugins\/seo\/ -->\n<title>Clementoni Mechanics Cementa kravas automa\u0161\u012bnas STEM konstruktoru komplekts - Toys.lt<\/title>\n<meta name=\"description\" content=\"Clementoni Mechanics Cementa ma\u0161\u012bna ir STEM konstruktors b\u0113rniem no 8 gadu vecuma.Uzb\u016bv\u0113jiet betona mais\u012bt\u0101ja modeli un izm\u0113\u0123iniet l\u012bdz pat 20 da\u017e\u0101d\u0101m konstrukcij\u0101m.\" \/>\n<meta name=\"robots\" content=\"index, follow, max-snippet:-1, max-image-preview:large, max-video-preview:-1\" \/>\n<link rel=\"canonical\" href=\"https:\/\/toys.lt\/lv\/produktas\/clementoni-mehanikas-laboratorija-dizaina-laboratorija-lauksaimniecibas-tehnika-ltlvee-kopija-kopija\/\" \/>\n<meta property=\"og:locale\" content=\"lv_LV\" \/>\n<meta property=\"og:type\" content=\"article\" \/>\n<meta property=\"og:title\" content=\"Clementoni Mechanics Cementa kravas automa\u0161\u012bnas STEM konstruktoru komplekts - Toys.lt\" \/>\n<meta property=\"og:description\" content=\"Clementoni Mechanics Cementa ma\u0161\u012bna ir STEM konstruktors b\u0113rniem no 8 gadu vecuma.Uzb\u016bv\u0113jiet betona mais\u012bt\u0101ja modeli un izm\u0113\u0123iniet l\u012bdz pat 20 da\u017e\u0101d\u0101m konstrukcij\u0101m.\" \/>\n<meta property=\"og:url\" content=\"https:\/\/toys.lt\/lv\/produktas\/clementoni-mehanikas-laboratorija-dizaina-laboratorija-lauksaimniecibas-tehnika-ltlvee-kopija-kopija\/\" \/>\n<meta property=\"og:site_name\" content=\"Toys.lt\" \/>\n<meta property=\"article:modified_time\" content=\"2026-04-08T00:01:13+00:00\" \/>\n<meta property=\"og:image\" content=\"https:\/\/toys.lt\/wp-content\/uploads\/2025\/09\/75083-konstruktorius-1.jpg\" \/>\n\t<meta property=\"og:image:width\" content=\"800\" \/>\n\t<meta property=\"og:image:height\" content=\"800\" \/>\n\t<meta property=\"og:image:type\" content=\"image\/jpeg\" \/>\n<meta name=\"twitter:card\" content=\"summary_large_image\" \/>\n<meta name=\"twitter:label1\" content=\"Est. reading time\" \/>\n\t<meta name=\"twitter:data1\" content=\"1 minute\" \/>\n<script type=\"application\/ld+json\" class=\"yoast-schema-graph\">{\"@context\":\"https:\/\/schema.org\",\"@graph\":[{\"@type\":\"WebPage\",\"@id\":\"https:\/\/toys.lt\/lv\/produktas\/clementoni-mehanikas-laboratorija-dizaina-laboratorija-lauksaimniecibas-tehnika-ltlvee-kopija-kopija\/\",\"url\":\"https:\/\/toys.lt\/lv\/produktas\/clementoni-mehanikas-laboratorija-dizaina-laboratorija-lauksaimniecibas-tehnika-ltlvee-kopija-kopija\/\",\"name\":\"Clementoni Mechanics Cementa kravas automa\u0161\u012bnas STEM konstruktoru komplekts - Toys.lt\",\"isPartOf\":{\"@id\":\"https:\/\/toys.lt\/lv\/#website\"},\"primaryImageOfPage\":{\"@id\":\"https:\/\/toys.lt\/lv\/produktas\/clementoni-mehanikas-laboratorija-dizaina-laboratorija-lauksaimniecibas-tehnika-ltlvee-kopija-kopija\/#primaryimage\"},\"image\":{\"@id\":\"https:\/\/toys.lt\/lv\/produktas\/clementoni-mehanikas-laboratorija-dizaina-laboratorija-lauksaimniecibas-tehnika-ltlvee-kopija-kopija\/#primaryimage\"},\"thumbnailUrl\":\"https:\/\/toys.lt\/wp-content\/uploads\/2025\/09\/75083-konstruktorius-1.jpg\",\"datePublished\":\"2025-09-08T12:46:47+00:00\",\"dateModified\":\"2026-04-08T00:01:13+00:00\",\"description\":\"Clementoni Mechanics Cementa ma\u0161\u012bna ir STEM konstruktors b\u0113rniem no 8 gadu vecuma.Uzb\u016bv\u0113jiet betona mais\u012bt\u0101ja modeli un izm\u0113\u0123iniet l\u012bdz pat 20 da\u017e\u0101d\u0101m konstrukcij\u0101m.\",\"breadcrumb\":{\"@id\":\"https:\/\/toys.lt\/lv\/produktas\/clementoni-mehanikas-laboratorija-dizaina-laboratorija-lauksaimniecibas-tehnika-ltlvee-kopija-kopija\/#breadcrumb\"},\"inLanguage\":\"lv-LV\",\"potentialAction\":[{\"@type\":\"ReadAction\",\"target\":[\"https:\/\/toys.lt\/lv\/produktas\/clementoni-mehanikas-laboratorija-dizaina-laboratorija-lauksaimniecibas-tehnika-ltlvee-kopija-kopija\/\"]}]},{\"@type\":\"ImageObject\",\"inLanguage\":\"lv-LV\",\"@id\":\"https:\/\/toys.lt\/lv\/produktas\/clementoni-mehanikas-laboratorija-dizaina-laboratorija-lauksaimniecibas-tehnika-ltlvee-kopija-kopija\/#primaryimage\",\"url\":\"https:\/\/toys.lt\/wp-content\/uploads\/2025\/09\/75083-konstruktorius-1.jpg\",\"contentUrl\":\"https:\/\/toys.lt\/wp-content\/uploads\/2025\/09\/75083-konstruktorius-1.jpg\",\"width\":800,\"height\":800},{\"@type\":\"BreadcrumbList\",\"@id\":\"https:\/\/toys.lt\/lv\/produktas\/clementoni-mehanikas-laboratorija-dizaina-laboratorija-lauksaimniecibas-tehnika-ltlvee-kopija-kopija\/#breadcrumb\",\"itemListElement\":[{\"@type\":\"ListItem\",\"position\":1,\"name\":\"Home\",\"item\":\"https:\/\/toys.lt\/lv\/\"},{\"@type\":\"ListItem\",\"position\":2,\"name\":\"Veikals\",\"item\":\"https:\/\/toys.lt\/lv\/shop\/\"},{\"@type\":\"ListItem\",\"position\":3,\"name\":\"Clementoni Mechanics Cementa kravas automa\u0161\u012bnas STEM konstruktoru komplekts\"}]},{\"@type\":\"WebSite\",\"@id\":\"https:\/\/toys.lt\/lv\/#website\",\"url\":\"https:\/\/toys.lt\/lv\/\",\"name\":\"Toys.lt\",\"description\":\"\",\"potentialAction\":[{\"@type\":\"SearchAction\",\"target\":{\"@type\":\"EntryPoint\",\"urlTemplate\":\"https:\/\/toys.lt\/lv\/?s={search_term_string}\"},\"query-input\":{\"@type\":\"PropertyValueSpecification\",\"valueRequired\":true,\"valueName\":\"search_term_string\"}}],\"inLanguage\":\"lv-LV\"}]}<\/script>\n<!-- \/ Yoast SEO plugin. -->","yoast_head_json":{"title":"Clementoni Mechanics Cementa kravas automa\u0161\u012bnas STEM konstruktoru komplekts - Toys.lt","description":"Clementoni Mechanics Cementa ma\u0161\u012bna ir STEM konstruktors b\u0113rniem no 8 gadu vecuma.Uzb\u016bv\u0113jiet betona mais\u012bt\u0101ja modeli un izm\u0113\u0123iniet l\u012bdz pat 20 da\u017e\u0101d\u0101m konstrukcij\u0101m.","robots":{"index":"index","follow":"follow","max-snippet":"max-snippet:-1","max-image-preview":"max-image-preview:large","max-video-preview":"max-video-preview:-1"},"canonical":"https:\/\/toys.lt\/lv\/produktas\/clementoni-mehanikas-laboratorija-dizaina-laboratorija-lauksaimniecibas-tehnika-ltlvee-kopija-kopija\/","og_locale":"lv_LV","og_type":"article","og_title":"Clementoni Mechanics Cementa kravas automa\u0161\u012bnas STEM konstruktoru komplekts - Toys.lt","og_description":"Clementoni Mechanics Cementa ma\u0161\u012bna ir STEM konstruktors b\u0113rniem no 8 gadu vecuma.Uzb\u016bv\u0113jiet betona mais\u012bt\u0101ja modeli un izm\u0113\u0123iniet l\u012bdz pat 20 da\u017e\u0101d\u0101m konstrukcij\u0101m.","og_url":"https:\/\/toys.lt\/lv\/produktas\/clementoni-mehanikas-laboratorija-dizaina-laboratorija-lauksaimniecibas-tehnika-ltlvee-kopija-kopija\/","og_site_name":"Toys.lt","article_modified_time":"2026-04-08T00:01:13+00:00","og_image":[{"width":800,"height":800,"url":"https:\/\/toys.lt\/wp-content\/uploads\/2025\/09\/75083-konstruktorius-1.jpg","type":"image\/jpeg"}],"twitter_card":"summary_large_image","twitter_misc":{"Est. reading time":"1 minute"},"schema":{"@context":"https:\/\/schema.org","@graph":[{"@type":"WebPage","@id":"https:\/\/toys.lt\/lv\/produktas\/clementoni-mehanikas-laboratorija-dizaina-laboratorija-lauksaimniecibas-tehnika-ltlvee-kopija-kopija\/","url":"https:\/\/toys.lt\/lv\/produktas\/clementoni-mehanikas-laboratorija-dizaina-laboratorija-lauksaimniecibas-tehnika-ltlvee-kopija-kopija\/","name":"Clementoni Mechanics Cementa kravas automa\u0161\u012bnas STEM konstruktoru komplekts - Toys.lt","isPartOf":{"@id":"https:\/\/toys.lt\/lv\/#website"},"primaryImageOfPage":{"@id":"https:\/\/toys.lt\/lv\/produktas\/clementoni-mehanikas-laboratorija-dizaina-laboratorija-lauksaimniecibas-tehnika-ltlvee-kopija-kopija\/#primaryimage"},"image":{"@id":"https:\/\/toys.lt\/lv\/produktas\/clementoni-mehanikas-laboratorija-dizaina-laboratorija-lauksaimniecibas-tehnika-ltlvee-kopija-kopija\/#primaryimage"},"thumbnailUrl":"https:\/\/toys.lt\/wp-content\/uploads\/2025\/09\/75083-konstruktorius-1.jpg","datePublished":"2025-09-08T12:46:47+00:00","dateModified":"2026-04-08T00:01:13+00:00","description":"Clementoni Mechanics Cementa ma\u0161\u012bna ir STEM konstruktors b\u0113rniem no 8 gadu vecuma.Uzb\u016bv\u0113jiet betona mais\u012bt\u0101ja modeli un izm\u0113\u0123iniet l\u012bdz pat 20 da\u017e\u0101d\u0101m konstrukcij\u0101m.","breadcrumb":{"@id":"https:\/\/toys.lt\/lv\/produktas\/clementoni-mehanikas-laboratorija-dizaina-laboratorija-lauksaimniecibas-tehnika-ltlvee-kopija-kopija\/#breadcrumb"},"inLanguage":"lv-LV","potentialAction":[{"@type":"ReadAction","target":["https:\/\/toys.lt\/lv\/produktas\/clementoni-mehanikas-laboratorija-dizaina-laboratorija-lauksaimniecibas-tehnika-ltlvee-kopija-kopija\/"]}]},{"@type":"ImageObject","inLanguage":"lv-LV","@id":"https:\/\/toys.lt\/lv\/produktas\/clementoni-mehanikas-laboratorija-dizaina-laboratorija-lauksaimniecibas-tehnika-ltlvee-kopija-kopija\/#primaryimage","url":"https:\/\/toys.lt\/wp-content\/uploads\/2025\/09\/75083-konstruktorius-1.jpg","contentUrl":"https:\/\/toys.lt\/wp-content\/uploads\/2025\/09\/75083-konstruktorius-1.jpg","width":800,"height":800},{"@type":"BreadcrumbList","@id":"https:\/\/toys.lt\/lv\/produktas\/clementoni-mehanikas-laboratorija-dizaina-laboratorija-lauksaimniecibas-tehnika-ltlvee-kopija-kopija\/#breadcrumb","itemListElement":[{"@type":"ListItem","position":1,"name":"Home","item":"https:\/\/toys.lt\/lv\/"},{"@type":"ListItem","position":2,"name":"Veikals","item":"https:\/\/toys.lt\/lv\/shop\/"},{"@type":"ListItem","position":3,"name":"Clementoni Mechanics Cementa kravas automa\u0161\u012bnas STEM konstruktoru komplekts"}]},{"@type":"WebSite","@id":"https:\/\/toys.lt\/lv\/#website","url":"https:\/\/toys.lt\/lv\/","name":"Toys.lt","description":"","potentialAction":[{"@type":"SearchAction","target":{"@type":"EntryPoint","urlTemplate":"https:\/\/toys.lt\/lv\/?s={search_term_string}"},"query-input":{"@type":"PropertyValueSpecification","valueRequired":true,"valueName":"search_term_string"}}],"inLanguage":"lv-LV"}]}},"_links":{"self":[{"href":"https:\/\/toys.lt\/lv\/wp-json\/wp\/v2\/product\/44569","targetHints":{"allow":["GET"]}}],"collection":[{"href":"https:\/\/toys.lt\/lv\/wp-json\/wp\/v2\/product"}],"about":[{"href":"https:\/\/toys.lt\/lv\/wp-json\/wp\/v2\/types\/product"}],"replies":[{"embeddable":true,"href":"https:\/\/toys.lt\/lv\/wp-json\/wp\/v2\/comments?post=44569"}],"version-history":[{"count":2,"href":"https:\/\/toys.lt\/lv\/wp-json\/wp\/v2\/product\/44569\/revisions"}],"predecessor-version":[{"id":45538,"href":"https:\/\/toys.lt\/lv\/wp-json\/wp\/v2\/product\/44569\/revisions\/45538"}],"wp:featuredmedia":[{"embeddable":true,"href":"https:\/\/toys.lt\/lv\/wp-json\/wp\/v2\/media\/44572"}],"wp:attachment":[{"href":"https:\/\/toys.lt\/lv\/wp-json\/wp\/v2\/media?parent=44569"}],"wp:term":[{"taxonomy":"product_brand","embeddable":true,"href":"https:\/\/toys.lt\/lv\/wp-json\/wp\/v2\/product_brand?post=44569"},{"taxonomy":"product_cat","embeddable":true,"href":"https:\/\/toys.lt\/lv\/wp-json\/wp\/v2\/product_cat?post=44569"},{"taxonomy":"product_tag","embeddable":true,"href":"https:\/\/toys.lt\/lv\/wp-json\/wp\/v2\/product_tag?post=44569"}],"curies":[{"name":"wp","href":"https:\/\/api.w.org\/{rel}","templated":true}]}}