{"id":44543,"date":"2025-09-08T12:17:24","date_gmt":"2025-09-08T12:17:24","guid":{"rendered":"https:\/\/toys.lt\/?post_type=product&#038;p=44543"},"modified":"2026-04-08T00:01:14","modified_gmt":"2026-04-08T00:01:14","slug":"clementoni-mehaniskas-laboratorijas-monster-trucks-kopija","status":"publish","type":"product","link":"https:\/\/toys.lt\/lv\/produktas\/clementoni-mehaniskas-laboratorijas-monster-trucks-kopija\/","title":{"rendered":"Clementoni WalkingBot izgl\u012btojo\u0161ais robotikas komplekts"},"content":{"rendered":"<p class=\"MsoNormal\" style=\"margin: 0px; font-size: medium; color: #7a7a7a; padding: 0px; line-height: inherit; border: 0px; font-family: Roboto, sans-serif; background-color: #fefefe; text-align: center;\" align=\"center\"><i style=\"line-height: inherit; margin: 0px; padding: 0px; border: 0px; font-variant: inherit; font-weight: inherit; font-size: inherit; font-family: inherit;\"><span style=\"margin: 0px; padding: 0px; border: 0px; font-style: inherit; font-variant: inherit; font-weight: inherit; font-size: 8.5pt; line-height: inherit; font-family: Verdana, sans-serif; color: #000000;\">Clementoni &#8211; dibin\u0101ts It\u0101lij\u0101 un veiksm\u012bgi darbojas jau vair\u0101k nek\u0101 50 gadus! Uz\u0146\u0113muma misija ir rad\u012bt sp\u0113les, kas pal\u012bdz b\u0113rniem augt.   <\/span><\/i><\/p>\n<p class=\"MsoNormal\" style=\"margin: 0px; font-size: medium; color: #7a7a7a; padding: 0px; line-height: inherit; border: 0px; font-family: Roboto, sans-serif; background-color: #fefefe; text-align: center;\" align=\"center\"><i style=\"line-height: inherit; margin: 0px; padding: 0px; border: 0px; font-variant: inherit; font-weight: inherit; font-size: inherit; font-family: inherit;\"><span style=\"margin: 0px; padding: 0px; border: 0px; font-style: inherit; font-variant: inherit; font-weight: inherit; font-size: 8.5pt; line-height: inherit; font-family: Verdana, sans-serif; color: #000000;\">Tas viss ir izstr\u0101d\u0101ts, lai apmierin\u0101tu jaunie\u0161u vajadz\u012bbas, \u0146emot v\u0113r\u0101 m\u016bsdienu tehnolo\u0123ijas un glob\u0101l\u0101s izgl\u012bt\u012bbas tendences.<\/span><\/i><\/p>\n<p data-start=\"144\" data-end=\"438\"><strong data-start=\"144\" data-end=\"184\">Clementoni Science &amp; Play WalkingBot<\/strong> ir izgl\u012btojo\u0161s robotikas komplekts b\u0113rniem vecum\u0101 no 8 gadiem, kas \u013cauj izveidot kust\u012bgu bionisku robotu. Komplekt\u0101 ir divu asu motors, kas \u013cauj robotam staig\u0101t, un mont\u0101\u017eas process iepaz\u012bstina ar meh\u0101nikas un STEM tehnolo\u0123iju pamatiem. <\/p>\n<h3 data-start=\"440\" data-end=\"455\">\u2b50 Funkcijas<\/h3>\n<ul data-start=\"456\" data-end=\"726\">\n<li data-start=\"456\" data-end=\"495\">\n<p data-start=\"458\" data-end=\"495\">Izgl\u012btojo\u0161s STEM robotikas komplekts.<\/p>\n<\/li>\n<li data-start=\"496\" data-end=\"530\">\n<p data-start=\"498\" data-end=\"530\">Izveidojiet kust\u012bgu bionisku robotu.<\/p>\n<\/li>\n<li data-start=\"531\" data-end=\"572\">\n<p data-start=\"533\" data-end=\"572\">Ietver divu asu motoru.<\/p>\n<\/li>\n<li data-start=\"622\" data-end=\"674\">\n<p data-start=\"624\" data-end=\"674\">Stimul\u0113 interesi par tehnolo\u0123ij\u0101m un meh\u0101niku.<\/p>\n<\/li>\n<li data-start=\"675\" data-end=\"726\">\n<p data-start=\"677\" data-end=\"726\">T\u0101 att\u012bsta lo\u0123isko dom\u0101\u0161anu, rado\u0161umu un paciet\u012bbu.<\/p>\n<\/li>\n<\/ul>\n<h3 data-start=\"728\" data-end=\"757\">\ud83d\udd27 Tehnisk\u0101 inform\u0101cija<\/h3>\n<ul data-start=\"758\" data-end=\"1127\">\n<li data-start=\"758\" data-end=\"797\">\n<p data-start=\"760\" data-end=\"797\">Elementu skaits: aptuveni 40 da\u013cas.<\/p>\n<\/li>\n<li data-start=\"798\" data-end=\"865\">\n<p data-start=\"800\" data-end=\"865\">Motors: divasu motors, kust\u012bba ar zobratu pal\u012bdz\u012bbu.<\/p>\n<\/li>\n<li data-start=\"866\" data-end=\"907\">\n<p data-start=\"868\" data-end=\"907\">Baterijas: 2 \u00d7 AA\/LR6 (nav iek\u013cautas komplekt\u0101).<\/p>\n<\/li>\n<li data-start=\"908\" data-end=\"947\">\n<p data-start=\"910\" data-end=\"947\">Ieteicamais vecums: no 8 gadiem.<\/p>\n<\/li>\n<li data-start=\"1022\" data-end=\"1046\">\n<p data-start=\"1024\" data-end=\"1046\">Ra\u017eots It\u0101lij\u0101.<\/p>\n<\/li>\n<li data-start=\"1047\" data-end=\"1127\">\n<p data-start=\"1049\" data-end=\"1127\">Dro\u0161\u012bbas br\u012bdin\u0101jums: mazo deta\u013cu d\u0113\u013c nav piem\u0113rots b\u0113rniem l\u012bdz 3 gadu (36 m\u0113ne\u0161u) vecumam.<\/p>\n<\/li>\n<\/ul>\n","protected":false},"excerpt":{"rendered":"<p>Produkta veids: izgl\u012btojo\u0161s<\/p>\n<p>Z\u012bmola nosaukums: Clementoni<\/p>\n<p>Izcelsmes valsts: It\u0101lija<\/p>\n<p>Iepakojuma izm\u0113ri: 39 \u00d7 28 \u00d7 7 cm<\/p>\n<p>Ieteicamais vecums: no 8 gadiem.<\/p>\n","protected":false},"featured_media":44545,"comment_status":"open","ping_status":"closed","template":"","meta":[],"product_brand":[384],"product_cat":[1180,1176,1380,1157,1155],"product_tag":[],"class_list":{"0":"post-44543","1":"product","2":"type-product","3":"status-publish","4":"has-post-thumbnail","6":"product_brand-clementoni-2","7":"product_cat-rotallietas-meitenem","8":"product_cat-rotallietas-zeniem","9":"product_cat-zinas","10":"product_cat-izglitojosas-un-interaktivas-rotallietas","11":"product_cat-leti","12":"pa_amziaus-grupe-8-lv","13":"pa_prek-s-tipas-konstruktori-un-modulu-bloki","14":"pa_prekes-zenklas-clementoni-lv","16":"first","17":"instock","18":"taxable","19":"shipping-taxable","20":"purchasable","21":"product-type-simple"},"yoast_head":"<!-- This site is optimized with the Yoast SEO plugin v26.3 - https:\/\/yoast.com\/wordpress\/plugins\/seo\/ -->\n<title>Clementoni WalkingBot izgl\u012btojo\u0161ais robotikas komplekts - Toys.lt<\/title>\n<meta name=\"description\" content=\"Clementoni WalkingBot ir izgl\u012btojo\u0161s robotikas komplekts b\u0113rniem vecum\u0101 no 8 gadiem.Salikt kust\u012bgu robotu ar motoru, nepiecie\u0161amas 2\u00d7AA baterijas.\" \/>\n<meta name=\"robots\" content=\"index, follow, max-snippet:-1, max-image-preview:large, max-video-preview:-1\" \/>\n<link rel=\"canonical\" href=\"https:\/\/toys.lt\/lv\/produktas\/clementoni-mehaniskas-laboratorijas-monster-trucks-kopija\/\" \/>\n<meta property=\"og:locale\" content=\"lv_LV\" \/>\n<meta property=\"og:type\" content=\"article\" \/>\n<meta property=\"og:title\" content=\"Clementoni WalkingBot izgl\u012btojo\u0161ais robotikas komplekts - Toys.lt\" \/>\n<meta property=\"og:description\" content=\"Clementoni WalkingBot ir izgl\u012btojo\u0161s robotikas komplekts b\u0113rniem vecum\u0101 no 8 gadiem.Salikt kust\u012bgu robotu ar motoru, nepiecie\u0161amas 2\u00d7AA baterijas.\" \/>\n<meta property=\"og:url\" content=\"https:\/\/toys.lt\/lv\/produktas\/clementoni-mehaniskas-laboratorijas-monster-trucks-kopija\/\" \/>\n<meta property=\"og:site_name\" content=\"Toys.lt\" \/>\n<meta property=\"article:modified_time\" content=\"2026-04-08T00:01:14+00:00\" \/>\n<meta property=\"og:image\" content=\"https:\/\/toys.lt\/wp-content\/uploads\/2025\/09\/75039-robotas-1.jpg\" \/>\n\t<meta property=\"og:image:width\" content=\"1400\" \/>\n\t<meta property=\"og:image:height\" content=\"991\" \/>\n\t<meta property=\"og:image:type\" content=\"image\/jpeg\" \/>\n<meta name=\"twitter:card\" content=\"summary_large_image\" \/>\n<meta name=\"twitter:label1\" content=\"Est. reading time\" \/>\n\t<meta name=\"twitter:data1\" content=\"1 minute\" \/>\n<script type=\"application\/ld+json\" class=\"yoast-schema-graph\">{\"@context\":\"https:\/\/schema.org\",\"@graph\":[{\"@type\":\"WebPage\",\"@id\":\"https:\/\/toys.lt\/lv\/produktas\/clementoni-mehaniskas-laboratorijas-monster-trucks-kopija\/\",\"url\":\"https:\/\/toys.lt\/lv\/produktas\/clementoni-mehaniskas-laboratorijas-monster-trucks-kopija\/\",\"name\":\"Clementoni WalkingBot izgl\u012btojo\u0161ais robotikas komplekts - Toys.lt\",\"isPartOf\":{\"@id\":\"https:\/\/toys.lt\/lv\/#website\"},\"primaryImageOfPage\":{\"@id\":\"https:\/\/toys.lt\/lv\/produktas\/clementoni-mehaniskas-laboratorijas-monster-trucks-kopija\/#primaryimage\"},\"image\":{\"@id\":\"https:\/\/toys.lt\/lv\/produktas\/clementoni-mehaniskas-laboratorijas-monster-trucks-kopija\/#primaryimage\"},\"thumbnailUrl\":\"https:\/\/toys.lt\/wp-content\/uploads\/2025\/09\/75039-robotas-1.jpg\",\"datePublished\":\"2025-09-08T12:17:24+00:00\",\"dateModified\":\"2026-04-08T00:01:14+00:00\",\"description\":\"Clementoni WalkingBot ir izgl\u012btojo\u0161s robotikas komplekts b\u0113rniem vecum\u0101 no 8 gadiem.Salikt kust\u012bgu robotu ar motoru, nepiecie\u0161amas 2\u00d7AA baterijas.\",\"breadcrumb\":{\"@id\":\"https:\/\/toys.lt\/lv\/produktas\/clementoni-mehaniskas-laboratorijas-monster-trucks-kopija\/#breadcrumb\"},\"inLanguage\":\"lv-LV\",\"potentialAction\":[{\"@type\":\"ReadAction\",\"target\":[\"https:\/\/toys.lt\/lv\/produktas\/clementoni-mehaniskas-laboratorijas-monster-trucks-kopija\/\"]}]},{\"@type\":\"ImageObject\",\"inLanguage\":\"lv-LV\",\"@id\":\"https:\/\/toys.lt\/lv\/produktas\/clementoni-mehaniskas-laboratorijas-monster-trucks-kopija\/#primaryimage\",\"url\":\"https:\/\/toys.lt\/wp-content\/uploads\/2025\/09\/75039-robotas-1.jpg\",\"contentUrl\":\"https:\/\/toys.lt\/wp-content\/uploads\/2025\/09\/75039-robotas-1.jpg\",\"width\":1400,\"height\":991},{\"@type\":\"BreadcrumbList\",\"@id\":\"https:\/\/toys.lt\/lv\/produktas\/clementoni-mehaniskas-laboratorijas-monster-trucks-kopija\/#breadcrumb\",\"itemListElement\":[{\"@type\":\"ListItem\",\"position\":1,\"name\":\"Home\",\"item\":\"https:\/\/toys.lt\/lv\/\"},{\"@type\":\"ListItem\",\"position\":2,\"name\":\"Veikals\",\"item\":\"https:\/\/toys.lt\/lv\/shop\/\"},{\"@type\":\"ListItem\",\"position\":3,\"name\":\"Clementoni WalkingBot izgl\u012btojo\u0161ais robotikas komplekts\"}]},{\"@type\":\"WebSite\",\"@id\":\"https:\/\/toys.lt\/lv\/#website\",\"url\":\"https:\/\/toys.lt\/lv\/\",\"name\":\"Toys.lt\",\"description\":\"\",\"potentialAction\":[{\"@type\":\"SearchAction\",\"target\":{\"@type\":\"EntryPoint\",\"urlTemplate\":\"https:\/\/toys.lt\/lv\/?s={search_term_string}\"},\"query-input\":{\"@type\":\"PropertyValueSpecification\",\"valueRequired\":true,\"valueName\":\"search_term_string\"}}],\"inLanguage\":\"lv-LV\"}]}<\/script>\n<!-- \/ Yoast SEO plugin. -->","yoast_head_json":{"title":"Clementoni WalkingBot izgl\u012btojo\u0161ais robotikas komplekts - Toys.lt","description":"Clementoni WalkingBot ir izgl\u012btojo\u0161s robotikas komplekts b\u0113rniem vecum\u0101 no 8 gadiem.Salikt kust\u012bgu robotu ar motoru, nepiecie\u0161amas 2\u00d7AA baterijas.","robots":{"index":"index","follow":"follow","max-snippet":"max-snippet:-1","max-image-preview":"max-image-preview:large","max-video-preview":"max-video-preview:-1"},"canonical":"https:\/\/toys.lt\/lv\/produktas\/clementoni-mehaniskas-laboratorijas-monster-trucks-kopija\/","og_locale":"lv_LV","og_type":"article","og_title":"Clementoni WalkingBot izgl\u012btojo\u0161ais robotikas komplekts - Toys.lt","og_description":"Clementoni WalkingBot ir izgl\u012btojo\u0161s robotikas komplekts b\u0113rniem vecum\u0101 no 8 gadiem.Salikt kust\u012bgu robotu ar motoru, nepiecie\u0161amas 2\u00d7AA baterijas.","og_url":"https:\/\/toys.lt\/lv\/produktas\/clementoni-mehaniskas-laboratorijas-monster-trucks-kopija\/","og_site_name":"Toys.lt","article_modified_time":"2026-04-08T00:01:14+00:00","og_image":[{"width":1400,"height":991,"url":"https:\/\/toys.lt\/wp-content\/uploads\/2025\/09\/75039-robotas-1.jpg","type":"image\/jpeg"}],"twitter_card":"summary_large_image","twitter_misc":{"Est. reading time":"1 minute"},"schema":{"@context":"https:\/\/schema.org","@graph":[{"@type":"WebPage","@id":"https:\/\/toys.lt\/lv\/produktas\/clementoni-mehaniskas-laboratorijas-monster-trucks-kopija\/","url":"https:\/\/toys.lt\/lv\/produktas\/clementoni-mehaniskas-laboratorijas-monster-trucks-kopija\/","name":"Clementoni WalkingBot izgl\u012btojo\u0161ais robotikas komplekts - Toys.lt","isPartOf":{"@id":"https:\/\/toys.lt\/lv\/#website"},"primaryImageOfPage":{"@id":"https:\/\/toys.lt\/lv\/produktas\/clementoni-mehaniskas-laboratorijas-monster-trucks-kopija\/#primaryimage"},"image":{"@id":"https:\/\/toys.lt\/lv\/produktas\/clementoni-mehaniskas-laboratorijas-monster-trucks-kopija\/#primaryimage"},"thumbnailUrl":"https:\/\/toys.lt\/wp-content\/uploads\/2025\/09\/75039-robotas-1.jpg","datePublished":"2025-09-08T12:17:24+00:00","dateModified":"2026-04-08T00:01:14+00:00","description":"Clementoni WalkingBot ir izgl\u012btojo\u0161s robotikas komplekts b\u0113rniem vecum\u0101 no 8 gadiem.Salikt kust\u012bgu robotu ar motoru, nepiecie\u0161amas 2\u00d7AA baterijas.","breadcrumb":{"@id":"https:\/\/toys.lt\/lv\/produktas\/clementoni-mehaniskas-laboratorijas-monster-trucks-kopija\/#breadcrumb"},"inLanguage":"lv-LV","potentialAction":[{"@type":"ReadAction","target":["https:\/\/toys.lt\/lv\/produktas\/clementoni-mehaniskas-laboratorijas-monster-trucks-kopija\/"]}]},{"@type":"ImageObject","inLanguage":"lv-LV","@id":"https:\/\/toys.lt\/lv\/produktas\/clementoni-mehaniskas-laboratorijas-monster-trucks-kopija\/#primaryimage","url":"https:\/\/toys.lt\/wp-content\/uploads\/2025\/09\/75039-robotas-1.jpg","contentUrl":"https:\/\/toys.lt\/wp-content\/uploads\/2025\/09\/75039-robotas-1.jpg","width":1400,"height":991},{"@type":"BreadcrumbList","@id":"https:\/\/toys.lt\/lv\/produktas\/clementoni-mehaniskas-laboratorijas-monster-trucks-kopija\/#breadcrumb","itemListElement":[{"@type":"ListItem","position":1,"name":"Home","item":"https:\/\/toys.lt\/lv\/"},{"@type":"ListItem","position":2,"name":"Veikals","item":"https:\/\/toys.lt\/lv\/shop\/"},{"@type":"ListItem","position":3,"name":"Clementoni WalkingBot izgl\u012btojo\u0161ais robotikas komplekts"}]},{"@type":"WebSite","@id":"https:\/\/toys.lt\/lv\/#website","url":"https:\/\/toys.lt\/lv\/","name":"Toys.lt","description":"","potentialAction":[{"@type":"SearchAction","target":{"@type":"EntryPoint","urlTemplate":"https:\/\/toys.lt\/lv\/?s={search_term_string}"},"query-input":{"@type":"PropertyValueSpecification","valueRequired":true,"valueName":"search_term_string"}}],"inLanguage":"lv-LV"}]}},"_links":{"self":[{"href":"https:\/\/toys.lt\/lv\/wp-json\/wp\/v2\/product\/44543","targetHints":{"allow":["GET"]}}],"collection":[{"href":"https:\/\/toys.lt\/lv\/wp-json\/wp\/v2\/product"}],"about":[{"href":"https:\/\/toys.lt\/lv\/wp-json\/wp\/v2\/types\/product"}],"replies":[{"embeddable":true,"href":"https:\/\/toys.lt\/lv\/wp-json\/wp\/v2\/comments?post=44543"}],"version-history":[{"count":2,"href":"https:\/\/toys.lt\/lv\/wp-json\/wp\/v2\/product\/44543\/revisions"}],"predecessor-version":[{"id":45543,"href":"https:\/\/toys.lt\/lv\/wp-json\/wp\/v2\/product\/44543\/revisions\/45543"}],"wp:featuredmedia":[{"embeddable":true,"href":"https:\/\/toys.lt\/lv\/wp-json\/wp\/v2\/media\/44545"}],"wp:attachment":[{"href":"https:\/\/toys.lt\/lv\/wp-json\/wp\/v2\/media?parent=44543"}],"wp:term":[{"taxonomy":"product_brand","embeddable":true,"href":"https:\/\/toys.lt\/lv\/wp-json\/wp\/v2\/product_brand?post=44543"},{"taxonomy":"product_cat","embeddable":true,"href":"https:\/\/toys.lt\/lv\/wp-json\/wp\/v2\/product_cat?post=44543"},{"taxonomy":"product_tag","embeddable":true,"href":"https:\/\/toys.lt\/lv\/wp-json\/wp\/v2\/product_tag?post=44543"}],"curies":[{"name":"wp","href":"https:\/\/api.w.org\/{rel}","templated":true}]}}