{"id":44525,"date":"2025-09-08T11:51:48","date_gmt":"2025-09-08T11:51:48","guid":{"rendered":"https:\/\/toys.lt\/?post_type=product&#038;p=44525"},"modified":"2026-04-08T00:01:15","modified_gmt":"2026-04-08T00:01:15","slug":"jauna-cilveka-kermena-spele-kopija","status":"publish","type":"product","link":"https:\/\/toys.lt\/lv\/produktas\/jauna-cilveka-kermena-spele-kopija\/","title":{"rendered":"Clementoni Cilv\u0113ka \u0137erme\u0146a izgl\u012btojo\u0161ais komplekts"},"content":{"rendered":"<p class=\"MsoNormal\" style=\"text-align: center;\" align=\"center\"><i><span style=\"font-size: 8.5pt; font-family: Verdana, 'sans-serif'; color: #000000;\">Clementoni &#8211; dibin\u0101ts It\u0101lij\u0101 un veiksm\u012bgi darbojas jau vair\u0101k nek\u0101 50 gadus! Uz\u0146\u0113muma misija ir rad\u012bt sp\u0113les, kas pal\u012bdz b\u0113rniem augt.   <\/span><\/i><\/p>\n<p class=\"MsoNormal\" style=\"text-align: center;\" align=\"center\"><i><span style=\"font-size: 8.5pt; font-family: Verdana, 'sans-serif'; color: #000000;\">Tas viss ir izstr\u0101d\u0101ts, lai apmierin\u0101tu jaunie\u0161u vajadz\u012bbas, \u0146emot v\u0113r\u0101 m\u016bsdienu tehnolo\u0123ijas un glob\u0101l\u0101s izgl\u012bt\u012bbas tendences.<\/span><\/i><\/p>\n<p data-start=\"211\" data-end=\"498\"><strong data-start=\"211\" data-end=\"251\">Clementoni Science &amp; Play Human Body<\/strong> ir izgl\u012btojo\u0161s komplekts, kas \u013cauj b\u0113rniem atkl\u0101t cilv\u0113ka anatomijas nosl\u0113pumus. Komplekt\u0101 ir detaliz\u0113ts cilv\u0113ka \u0137erme\u0146a modelis ar org\u0101niem, kurus var salikt un izjaukt. Tas ir jautrs un saisto\u0161s veids, k\u0101 apg\u016bt biolo\u0123ijas pamatus.  <\/p>\n<h3 data-start=\"500\" data-end=\"515\">\u2b50 Funkcijas<\/h3>\n<ul data-start=\"516\" data-end=\"745\">\n<li data-start=\"516\" data-end=\"559\">\n<p data-start=\"518\" data-end=\"559\">Izgl\u012btojo\u0161s komplekts par cilv\u0113ka anatomiju.<\/p>\n<\/li>\n<li data-start=\"560\" data-end=\"607\">\n<p data-start=\"562\" data-end=\"607\">Cilv\u0113ka \u0137erme\u0146a 3D modelis ar iek\u0161\u0113jiem org\u0101niem.<\/p>\n<\/li>\n<li data-start=\"608\" data-end=\"653\">\n<p data-start=\"610\" data-end=\"653\">Sp\u0113ja mont\u0113t un demont\u0113t virsb\u016bves da\u013cas.<\/p>\n<\/li>\n<li data-start=\"654\" data-end=\"698\">\n<p data-start=\"656\" data-end=\"698\">Stimul\u0113 zin\u0101tk\u0101ri un interesi par zin\u0101tni.<\/p>\n<\/li>\n<li data-start=\"699\" data-end=\"745\">\n<p data-start=\"701\" data-end=\"745\">Aizraujo\u0161s un praktisks veids, k\u0101 m\u0101c\u012bties.<\/p>\n<\/li>\n<\/ul>\n<h3 data-start=\"747\" data-end=\"776\">\ud83d\udd27 Tehnisk\u0101 inform\u0101cija<\/h3>\n<ul data-start=\"777\" data-end=\"999\">\n<li data-start=\"777\" data-end=\"816\">\n<p data-start=\"779\" data-end=\"816\">Ieteicamais vecums: no 8 gadiem.<\/p>\n<\/li>\n<li data-start=\"894\" data-end=\"918\">\n<p data-start=\"896\" data-end=\"918\">Ra\u017eots It\u0101lij\u0101.<\/p>\n<\/li>\n<li data-start=\"919\" data-end=\"999\">\n<p data-start=\"921\" data-end=\"999\">Dro\u0161\u012bbas br\u012bdin\u0101jums: mazo deta\u013cu d\u0113\u013c nav piem\u0113rots b\u0113rniem l\u012bdz 3 gadu (36 m\u0113ne\u0161u) vecumam.<\/p>\n<\/li>\n<\/ul>\n","protected":false},"excerpt":{"rendered":"<p>Produkta veids: interakt\u012bvs<\/p>\n<p>Z\u012bmola nosaukums: Clementoni<\/p>\n<p>Izcelsmes valsts: It\u0101lija<\/p>\n<p>Iepakojuma izm\u0113ri: 45 \u00d7 31 \u00d7 7 cm<\/p>\n<p>Ieteicamais vecums: no 8 gadiem.<\/p>\n","protected":false},"featured_media":44527,"comment_status":"open","ping_status":"closed","template":"","meta":[],"product_brand":[384],"product_cat":[1157,1155,1180,1176,1380],"product_tag":[],"class_list":{"0":"post-44525","1":"product","2":"type-product","3":"status-publish","4":"has-post-thumbnail","6":"product_brand-clementoni-2","7":"product_cat-izglitojosas-un-interaktivas-rotallietas","8":"product_cat-leti","9":"product_cat-rotallietas-meitenem","10":"product_cat-rotallietas-zeniem","11":"product_cat-zinas","12":"pa_amziaus-grupe-8-lv","13":"pa_prek-s-tipas-rotallietas-dazadam-spejam","14":"pa_prekes-zenklas-clementoni-lv","16":"first","17":"instock","18":"sale","19":"taxable","20":"shipping-taxable","21":"purchasable","22":"product-type-simple"},"yoast_head":"<!-- This site is optimized with the Yoast SEO plugin v27.6 - https:\/\/yoast.com\/product\/yoast-seo-wordpress\/ -->\n<title>Clementoni Cilv\u0113ka \u0137erme\u0146a izgl\u012btojo\u0161ais komplekts - Toys.lt<\/title>\n<meta name=\"description\" content=\"Clementoni Cilv\u0113ka \u0137ermenis ir izgl\u012btojo\u0161s komplekts b\u0113rniem no 8 gadu vecuma.Iepaz\u012bstiet cilv\u0113ka anatomiju un izveidojiet 3D modeli ar iek\u0161\u0113jiem org\u0101niem.\" \/>\n<meta name=\"robots\" content=\"index, follow, max-snippet:-1, max-image-preview:large, max-video-preview:-1\" \/>\n<link rel=\"canonical\" href=\"https:\/\/toys.lt\/lv\/produktas\/jauna-cilveka-kermena-spele-kopija\/\" \/>\n<meta property=\"og:locale\" content=\"lv_LV\" \/>\n<meta property=\"og:type\" content=\"article\" \/>\n<meta property=\"og:title\" content=\"Clementoni Cilv\u0113ka \u0137erme\u0146a izgl\u012btojo\u0161ais komplekts - Toys.lt\" \/>\n<meta property=\"og:description\" content=\"Clementoni Cilv\u0113ka \u0137ermenis ir izgl\u012btojo\u0161s komplekts b\u0113rniem no 8 gadu vecuma.Iepaz\u012bstiet cilv\u0113ka anatomiju un izveidojiet 3D modeli ar iek\u0161\u0113jiem org\u0101niem.\" \/>\n<meta property=\"og:url\" content=\"https:\/\/toys.lt\/lv\/produktas\/jauna-cilveka-kermena-spele-kopija\/\" \/>\n<meta property=\"og:site_name\" content=\"Toys.lt\" \/>\n<meta property=\"article:modified_time\" content=\"2026-04-08T00:01:15+00:00\" \/>\n<meta property=\"og:image\" content=\"https:\/\/toys.lt\/wp-content\/uploads\/2025\/09\/50923-human-body-1.jpg\" \/>\n\t<meta property=\"og:image:width\" content=\"769\" \/>\n\t<meta property=\"og:image:height\" content=\"609\" \/>\n\t<meta property=\"og:image:type\" content=\"image\/jpeg\" \/>\n<meta name=\"twitter:card\" content=\"summary_large_image\" \/>\n<meta name=\"twitter:label1\" content=\"Est. reading time\" \/>\n\t<meta name=\"twitter:data1\" content=\"1 minute\" \/>\n<script type=\"application\/ld+json\" class=\"yoast-schema-graph\">{\"@context\":\"https:\\\/\\\/schema.org\",\"@graph\":[{\"@type\":\"WebPage\",\"@id\":\"https:\\\/\\\/toys.lt\\\/lv\\\/produktas\\\/jauna-cilveka-kermena-spele-kopija\\\/\",\"url\":\"https:\\\/\\\/toys.lt\\\/lv\\\/produktas\\\/jauna-cilveka-kermena-spele-kopija\\\/\",\"name\":\"Clementoni Cilv\u0113ka \u0137erme\u0146a izgl\u012btojo\u0161ais komplekts - Toys.lt\",\"isPartOf\":{\"@id\":\"https:\\\/\\\/toys.lt\\\/lv\\\/#website\"},\"primaryImageOfPage\":{\"@id\":\"https:\\\/\\\/toys.lt\\\/lv\\\/produktas\\\/jauna-cilveka-kermena-spele-kopija\\\/#primaryimage\"},\"image\":{\"@id\":\"https:\\\/\\\/toys.lt\\\/lv\\\/produktas\\\/jauna-cilveka-kermena-spele-kopija\\\/#primaryimage\"},\"thumbnailUrl\":\"https:\\\/\\\/toys.lt\\\/wp-content\\\/uploads\\\/2025\\\/09\\\/50923-human-body-1.jpg\",\"datePublished\":\"2025-09-08T11:51:48+00:00\",\"dateModified\":\"2026-04-08T00:01:15+00:00\",\"description\":\"Clementoni Cilv\u0113ka \u0137ermenis ir izgl\u012btojo\u0161s komplekts b\u0113rniem no 8 gadu vecuma.Iepaz\u012bstiet cilv\u0113ka anatomiju un izveidojiet 3D modeli ar iek\u0161\u0113jiem org\u0101niem.\",\"breadcrumb\":{\"@id\":\"https:\\\/\\\/toys.lt\\\/lv\\\/produktas\\\/jauna-cilveka-kermena-spele-kopija\\\/#breadcrumb\"},\"inLanguage\":\"lv-LV\",\"potentialAction\":[{\"@type\":\"ReadAction\",\"target\":[\"https:\\\/\\\/toys.lt\\\/lv\\\/produktas\\\/jauna-cilveka-kermena-spele-kopija\\\/\"]}]},{\"@type\":\"ImageObject\",\"inLanguage\":\"lv-LV\",\"@id\":\"https:\\\/\\\/toys.lt\\\/lv\\\/produktas\\\/jauna-cilveka-kermena-spele-kopija\\\/#primaryimage\",\"url\":\"https:\\\/\\\/toys.lt\\\/wp-content\\\/uploads\\\/2025\\\/09\\\/50923-human-body-1.jpg\",\"contentUrl\":\"https:\\\/\\\/toys.lt\\\/wp-content\\\/uploads\\\/2025\\\/09\\\/50923-human-body-1.jpg\",\"width\":769,\"height\":609},{\"@type\":\"BreadcrumbList\",\"@id\":\"https:\\\/\\\/toys.lt\\\/lv\\\/produktas\\\/jauna-cilveka-kermena-spele-kopija\\\/#breadcrumb\",\"itemListElement\":[{\"@type\":\"ListItem\",\"position\":1,\"name\":\"Home\",\"item\":\"https:\\\/\\\/toys.lt\\\/lv\\\/\"},{\"@type\":\"ListItem\",\"position\":2,\"name\":\"Veikals\",\"item\":\"https:\\\/\\\/toys.lt\\\/lv\\\/shop\\\/\"},{\"@type\":\"ListItem\",\"position\":3,\"name\":\"Clementoni Cilv\u0113ka \u0137erme\u0146a izgl\u012btojo\u0161ais komplekts\"}]},{\"@type\":\"WebSite\",\"@id\":\"https:\\\/\\\/toys.lt\\\/lv\\\/#website\",\"url\":\"https:\\\/\\\/toys.lt\\\/lv\\\/\",\"name\":\"Toys.lt\",\"description\":\"\",\"potentialAction\":[{\"@type\":\"SearchAction\",\"target\":{\"@type\":\"EntryPoint\",\"urlTemplate\":\"https:\\\/\\\/toys.lt\\\/lv\\\/?s={search_term_string}\"},\"query-input\":{\"@type\":\"PropertyValueSpecification\",\"valueRequired\":true,\"valueName\":\"search_term_string\"}}],\"inLanguage\":\"lv-LV\"}]}<\/script>\n<!-- \/ Yoast SEO plugin. -->","yoast_head_json":{"title":"Clementoni Cilv\u0113ka \u0137erme\u0146a izgl\u012btojo\u0161ais komplekts - Toys.lt","description":"Clementoni Cilv\u0113ka \u0137ermenis ir izgl\u012btojo\u0161s komplekts b\u0113rniem no 8 gadu vecuma.Iepaz\u012bstiet cilv\u0113ka anatomiju un izveidojiet 3D modeli ar iek\u0161\u0113jiem org\u0101niem.","robots":{"index":"index","follow":"follow","max-snippet":"max-snippet:-1","max-image-preview":"max-image-preview:large","max-video-preview":"max-video-preview:-1"},"canonical":"https:\/\/toys.lt\/lv\/produktas\/jauna-cilveka-kermena-spele-kopija\/","og_locale":"lv_LV","og_type":"article","og_title":"Clementoni Cilv\u0113ka \u0137erme\u0146a izgl\u012btojo\u0161ais komplekts - Toys.lt","og_description":"Clementoni Cilv\u0113ka \u0137ermenis ir izgl\u012btojo\u0161s komplekts b\u0113rniem no 8 gadu vecuma.Iepaz\u012bstiet cilv\u0113ka anatomiju un izveidojiet 3D modeli ar iek\u0161\u0113jiem org\u0101niem.","og_url":"https:\/\/toys.lt\/lv\/produktas\/jauna-cilveka-kermena-spele-kopija\/","og_site_name":"Toys.lt","article_modified_time":"2026-04-08T00:01:15+00:00","og_image":[{"width":769,"height":609,"url":"https:\/\/toys.lt\/wp-content\/uploads\/2025\/09\/50923-human-body-1.jpg","type":"image\/jpeg"}],"twitter_card":"summary_large_image","twitter_misc":{"Est. reading time":"1 minute"},"schema":{"@context":"https:\/\/schema.org","@graph":[{"@type":"WebPage","@id":"https:\/\/toys.lt\/lv\/produktas\/jauna-cilveka-kermena-spele-kopija\/","url":"https:\/\/toys.lt\/lv\/produktas\/jauna-cilveka-kermena-spele-kopija\/","name":"Clementoni Cilv\u0113ka \u0137erme\u0146a izgl\u012btojo\u0161ais komplekts - Toys.lt","isPartOf":{"@id":"https:\/\/toys.lt\/lv\/#website"},"primaryImageOfPage":{"@id":"https:\/\/toys.lt\/lv\/produktas\/jauna-cilveka-kermena-spele-kopija\/#primaryimage"},"image":{"@id":"https:\/\/toys.lt\/lv\/produktas\/jauna-cilveka-kermena-spele-kopija\/#primaryimage"},"thumbnailUrl":"https:\/\/toys.lt\/wp-content\/uploads\/2025\/09\/50923-human-body-1.jpg","datePublished":"2025-09-08T11:51:48+00:00","dateModified":"2026-04-08T00:01:15+00:00","description":"Clementoni Cilv\u0113ka \u0137ermenis ir izgl\u012btojo\u0161s komplekts b\u0113rniem no 8 gadu vecuma.Iepaz\u012bstiet cilv\u0113ka anatomiju un izveidojiet 3D modeli ar iek\u0161\u0113jiem org\u0101niem.","breadcrumb":{"@id":"https:\/\/toys.lt\/lv\/produktas\/jauna-cilveka-kermena-spele-kopija\/#breadcrumb"},"inLanguage":"lv-LV","potentialAction":[{"@type":"ReadAction","target":["https:\/\/toys.lt\/lv\/produktas\/jauna-cilveka-kermena-spele-kopija\/"]}]},{"@type":"ImageObject","inLanguage":"lv-LV","@id":"https:\/\/toys.lt\/lv\/produktas\/jauna-cilveka-kermena-spele-kopija\/#primaryimage","url":"https:\/\/toys.lt\/wp-content\/uploads\/2025\/09\/50923-human-body-1.jpg","contentUrl":"https:\/\/toys.lt\/wp-content\/uploads\/2025\/09\/50923-human-body-1.jpg","width":769,"height":609},{"@type":"BreadcrumbList","@id":"https:\/\/toys.lt\/lv\/produktas\/jauna-cilveka-kermena-spele-kopija\/#breadcrumb","itemListElement":[{"@type":"ListItem","position":1,"name":"Home","item":"https:\/\/toys.lt\/lv\/"},{"@type":"ListItem","position":2,"name":"Veikals","item":"https:\/\/toys.lt\/lv\/shop\/"},{"@type":"ListItem","position":3,"name":"Clementoni Cilv\u0113ka \u0137erme\u0146a izgl\u012btojo\u0161ais komplekts"}]},{"@type":"WebSite","@id":"https:\/\/toys.lt\/lv\/#website","url":"https:\/\/toys.lt\/lv\/","name":"Toys.lt","description":"","potentialAction":[{"@type":"SearchAction","target":{"@type":"EntryPoint","urlTemplate":"https:\/\/toys.lt\/lv\/?s={search_term_string}"},"query-input":{"@type":"PropertyValueSpecification","valueRequired":true,"valueName":"search_term_string"}}],"inLanguage":"lv-LV"}]}},"_links":{"self":[{"href":"https:\/\/toys.lt\/lv\/wp-json\/wp\/v2\/product\/44525","targetHints":{"allow":["GET"]}}],"collection":[{"href":"https:\/\/toys.lt\/lv\/wp-json\/wp\/v2\/product"}],"about":[{"href":"https:\/\/toys.lt\/lv\/wp-json\/wp\/v2\/types\/product"}],"replies":[{"embeddable":true,"href":"https:\/\/toys.lt\/lv\/wp-json\/wp\/v2\/comments?post=44525"}],"version-history":[{"count":2,"href":"https:\/\/toys.lt\/lv\/wp-json\/wp\/v2\/product\/44525\/revisions"}],"predecessor-version":[{"id":45537,"href":"https:\/\/toys.lt\/lv\/wp-json\/wp\/v2\/product\/44525\/revisions\/45537"}],"wp:featuredmedia":[{"embeddable":true,"href":"https:\/\/toys.lt\/lv\/wp-json\/wp\/v2\/media\/44527"}],"wp:attachment":[{"href":"https:\/\/toys.lt\/lv\/wp-json\/wp\/v2\/media?parent=44525"}],"wp:term":[{"taxonomy":"product_brand","embeddable":true,"href":"https:\/\/toys.lt\/lv\/wp-json\/wp\/v2\/product_brand?post=44525"},{"taxonomy":"product_cat","embeddable":true,"href":"https:\/\/toys.lt\/lv\/wp-json\/wp\/v2\/product_cat?post=44525"},{"taxonomy":"product_tag","embeddable":true,"href":"https:\/\/toys.lt\/lv\/wp-json\/wp\/v2\/product_tag?post=44525"}],"curies":[{"name":"wp","href":"https:\/\/api.w.org\/{rel}","templated":true}]}}