{"id":44507,"date":"2025-09-08T11:41:01","date_gmt":"2025-09-08T11:41:01","guid":{"rendered":"https:\/\/toys.lt\/?post_type=product&#038;p=44507"},"modified":"2026-04-08T00:01:15","modified_gmt":"2026-04-08T00:01:15","slug":"spele-dragon-slime-kopija","status":"publish","type":"product","link":"https:\/\/toys.lt\/lv\/produktas\/spele-dragon-slime-kopija\/","title":{"rendered":"Clementoni Slime Kit izgl\u012btojo\u0161ais komplekts"},"content":{"rendered":"<p class=\"MsoNormal\" style=\"text-align: center;\" align=\"center\"><i><span style=\"font-size: 8.5pt; font-family: Verdana, 'sans-serif'; color: #000000;\">Clementoni &#8211; dibin\u0101ts It\u0101lij\u0101 un veiksm\u012bgi darbojas jau vair\u0101k nek\u0101 50 gadus! Uz\u0146\u0113muma misija ir rad\u012bt sp\u0113les, kas pal\u012bdz b\u0113rniem augt.   <\/span><\/i><\/p>\n<p class=\"MsoNormal\" style=\"text-align: center;\" align=\"center\"><i><span style=\"font-size: 8.5pt; font-family: Verdana, 'sans-serif'; color: #000000;\">Tas viss ir izstr\u0101d\u0101ts, lai apmierin\u0101tu jaunie\u0161u vajadz\u012bbas, \u0146emot v\u0113r\u0101 m\u016bsdienu tehnolo\u0123ijas un glob\u0101l\u0101s izgl\u012bt\u012bbas tendences.<\/span><\/i><\/p>\n<p data-start=\"179\" data-end=\"428\"><strong data-start=\"179\" data-end=\"218\">Clementoni Science &amp; Play Slime Kit<\/strong> ir jautrs un izgl\u012btojo\u0161s komplekts b\u0113rniem, kas \u013cauj veikt jautrus eksperimentus un veidot da\u017e\u0101du kr\u0101su un fakt\u016bru g\u013cotas. Rota\u013c\u012bg\u0101s aktivit\u0101tes att\u012bsta rado\u0161umu un iepaz\u012bstina ar zin\u0101tnes pasauli. <\/p>\n<h3 data-start=\"430\" data-end=\"445\">\u2b50 Funkcijas<\/h3>\n<ul data-start=\"446\" data-end=\"681\">\n<li data-start=\"446\" data-end=\"497\">\n<p data-start=\"448\" data-end=\"497\">Zin\u0101tniskais komplekts ar eksperimentiem, ko veic r\u0101pojot.<\/p>\n<\/li>\n<li data-start=\"498\" data-end=\"560\">\n<p data-start=\"500\" data-end=\"560\">J\u016bs varat pagatavot da\u017e\u0101du kr\u0101su un fakt\u016bru g\u013cotas.<\/p>\n<\/li>\n<li data-start=\"561\" data-end=\"597\">\n<p data-start=\"563\" data-end=\"597\">Veicina rado\u0161umu un zin\u0101tk\u0101ri.<\/p>\n<\/li>\n<li data-start=\"598\" data-end=\"646\">\n<p data-start=\"600\" data-end=\"646\">Iepaz\u012bstina ar vienk\u0101r\u0161iem zin\u0101tnes principiem.<\/p>\n<\/li>\n<li data-start=\"647\" data-end=\"681\">\n<p data-start=\"649\" data-end=\"681\">Jautras un dro\u0161as aktivit\u0101tes b\u0113rniem.<\/p>\n<\/li>\n<\/ul>\n<h3 data-start=\"683\" data-end=\"712\">\ud83d\udd27 Tehnisk\u0101 inform\u0101cija<\/h3>\n<ul data-start=\"713\" data-end=\"931\">\n<li data-start=\"713\" data-end=\"752\">\n<p data-start=\"715\" data-end=\"752\">Ieteicamais vecums: no 8 gadiem.<\/p>\n<\/li>\n<li data-start=\"826\" data-end=\"850\">\n<p data-start=\"828\" data-end=\"850\">Ra\u017eots It\u0101lij\u0101.<\/p>\n<\/li>\n<li data-start=\"851\" data-end=\"931\">\n<p data-start=\"853\" data-end=\"931\">Dro\u0161\u012bbas br\u012bdin\u0101jums: mazo deta\u013cu d\u0113\u013c nav piem\u0113rots b\u0113rniem l\u012bdz 3 gadu (36 m\u0113ne\u0161u) vecumam.<\/p>\n<\/li>\n<\/ul>\n","protected":false},"excerpt":{"rendered":"<p>Produkta veids: izgl\u012btojo\u0161s<\/p>\n<p>Z\u012bmola nosaukums: Clementoni<\/p>\n<p>Izcelsmes valsts: It\u0101lija<\/p>\n<p>Iepakojuma izm\u0113ri: 21 \u00d7 26 \u00d7 6 cm<\/p>\n<p>Ieteicamais vecums: no 8 gadiem.<\/p>\n","protected":false},"featured_media":44509,"comment_status":"open","ping_status":"closed","template":"","meta":[],"product_brand":[384],"product_cat":[1180,1176,1380,1157,1155],"product_tag":[],"class_list":{"0":"post-44507","1":"product","2":"type-product","3":"status-publish","4":"has-post-thumbnail","6":"product_brand-clementoni-2","7":"product_cat-rotallietas-meitenem","8":"product_cat-rotallietas-zeniem","9":"product_cat-zinas","10":"product_cat-izglitojosas-un-interaktivas-rotallietas","11":"product_cat-leti","12":"pa_amziaus-grupe-8-lv","13":"pa_prek-s-tipas-interaktivas-speles","14":"pa_prekes-zenklas-clementoni-lv","16":"first","17":"instock","18":"sale","19":"taxable","20":"shipping-taxable","21":"purchasable","22":"product-type-simple"},"yoast_head":"<!-- This site is optimized with the Yoast SEO plugin v26.3 - https:\/\/yoast.com\/wordpress\/plugins\/seo\/ -->\n<title>Clementoni Slime Kit izgl\u012btojo\u0161ais komplekts - Toys.lt<\/title>\n<meta name=\"description\" content=\"Clementoni Slime Kit ir izgl\u012btojo\u0161s komplekts b\u0113rniem no 8 gadu vecuma.Izgatavo kr\u0101sainu g\u013cotu, veic jautrus un dro\u0161us eksperimentus.\" \/>\n<meta name=\"robots\" content=\"index, follow, max-snippet:-1, max-image-preview:large, max-video-preview:-1\" \/>\n<link rel=\"canonical\" href=\"https:\/\/toys.lt\/lv\/produktas\/spele-dragon-slime-kopija\/\" \/>\n<meta property=\"og:locale\" content=\"lv_LV\" \/>\n<meta property=\"og:type\" content=\"article\" \/>\n<meta property=\"og:title\" content=\"Clementoni Slime Kit izgl\u012btojo\u0161ais komplekts - Toys.lt\" \/>\n<meta property=\"og:description\" content=\"Clementoni Slime Kit ir izgl\u012btojo\u0161s komplekts b\u0113rniem no 8 gadu vecuma.Izgatavo kr\u0101sainu g\u013cotu, veic jautrus un dro\u0161us eksperimentus.\" \/>\n<meta property=\"og:url\" content=\"https:\/\/toys.lt\/lv\/produktas\/spele-dragon-slime-kopija\/\" \/>\n<meta property=\"og:site_name\" content=\"Toys.lt\" \/>\n<meta property=\"article:modified_time\" content=\"2026-04-08T00:01:15+00:00\" \/>\n<meta property=\"og:image\" content=\"https:\/\/toys.lt\/wp-content\/uploads\/2025\/09\/50823-slime-kit-1.jpg\" \/>\n\t<meta property=\"og:image:width\" content=\"833\" \/>\n\t<meta property=\"og:image:height\" content=\"827\" \/>\n\t<meta property=\"og:image:type\" content=\"image\/jpeg\" \/>\n<meta name=\"twitter:card\" content=\"summary_large_image\" \/>\n<meta name=\"twitter:label1\" content=\"Est. reading time\" \/>\n\t<meta name=\"twitter:data1\" content=\"1 minute\" \/>\n<script type=\"application\/ld+json\" class=\"yoast-schema-graph\">{\"@context\":\"https:\/\/schema.org\",\"@graph\":[{\"@type\":\"WebPage\",\"@id\":\"https:\/\/toys.lt\/lv\/produktas\/spele-dragon-slime-kopija\/\",\"url\":\"https:\/\/toys.lt\/lv\/produktas\/spele-dragon-slime-kopija\/\",\"name\":\"Clementoni Slime Kit izgl\u012btojo\u0161ais komplekts - Toys.lt\",\"isPartOf\":{\"@id\":\"https:\/\/toys.lt\/lv\/#website\"},\"primaryImageOfPage\":{\"@id\":\"https:\/\/toys.lt\/lv\/produktas\/spele-dragon-slime-kopija\/#primaryimage\"},\"image\":{\"@id\":\"https:\/\/toys.lt\/lv\/produktas\/spele-dragon-slime-kopija\/#primaryimage\"},\"thumbnailUrl\":\"https:\/\/toys.lt\/wp-content\/uploads\/2025\/09\/50823-slime-kit-1.jpg\",\"datePublished\":\"2025-09-08T11:41:01+00:00\",\"dateModified\":\"2026-04-08T00:01:15+00:00\",\"description\":\"Clementoni Slime Kit ir izgl\u012btojo\u0161s komplekts b\u0113rniem no 8 gadu vecuma.Izgatavo kr\u0101sainu g\u013cotu, veic jautrus un dro\u0161us eksperimentus.\",\"breadcrumb\":{\"@id\":\"https:\/\/toys.lt\/lv\/produktas\/spele-dragon-slime-kopija\/#breadcrumb\"},\"inLanguage\":\"lv-LV\",\"potentialAction\":[{\"@type\":\"ReadAction\",\"target\":[\"https:\/\/toys.lt\/lv\/produktas\/spele-dragon-slime-kopija\/\"]}]},{\"@type\":\"ImageObject\",\"inLanguage\":\"lv-LV\",\"@id\":\"https:\/\/toys.lt\/lv\/produktas\/spele-dragon-slime-kopija\/#primaryimage\",\"url\":\"https:\/\/toys.lt\/wp-content\/uploads\/2025\/09\/50823-slime-kit-1.jpg\",\"contentUrl\":\"https:\/\/toys.lt\/wp-content\/uploads\/2025\/09\/50823-slime-kit-1.jpg\",\"width\":833,\"height\":827},{\"@type\":\"BreadcrumbList\",\"@id\":\"https:\/\/toys.lt\/lv\/produktas\/spele-dragon-slime-kopija\/#breadcrumb\",\"itemListElement\":[{\"@type\":\"ListItem\",\"position\":1,\"name\":\"Home\",\"item\":\"https:\/\/toys.lt\/lv\/\"},{\"@type\":\"ListItem\",\"position\":2,\"name\":\"Veikals\",\"item\":\"https:\/\/toys.lt\/lv\/shop\/\"},{\"@type\":\"ListItem\",\"position\":3,\"name\":\"Clementoni Slime Kit izgl\u012btojo\u0161ais komplekts\"}]},{\"@type\":\"WebSite\",\"@id\":\"https:\/\/toys.lt\/lv\/#website\",\"url\":\"https:\/\/toys.lt\/lv\/\",\"name\":\"Toys.lt\",\"description\":\"\",\"potentialAction\":[{\"@type\":\"SearchAction\",\"target\":{\"@type\":\"EntryPoint\",\"urlTemplate\":\"https:\/\/toys.lt\/lv\/?s={search_term_string}\"},\"query-input\":{\"@type\":\"PropertyValueSpecification\",\"valueRequired\":true,\"valueName\":\"search_term_string\"}}],\"inLanguage\":\"lv-LV\"}]}<\/script>\n<!-- \/ Yoast SEO plugin. -->","yoast_head_json":{"title":"Clementoni Slime Kit izgl\u012btojo\u0161ais komplekts - Toys.lt","description":"Clementoni Slime Kit ir izgl\u012btojo\u0161s komplekts b\u0113rniem no 8 gadu vecuma.Izgatavo kr\u0101sainu g\u013cotu, veic jautrus un dro\u0161us eksperimentus.","robots":{"index":"index","follow":"follow","max-snippet":"max-snippet:-1","max-image-preview":"max-image-preview:large","max-video-preview":"max-video-preview:-1"},"canonical":"https:\/\/toys.lt\/lv\/produktas\/spele-dragon-slime-kopija\/","og_locale":"lv_LV","og_type":"article","og_title":"Clementoni Slime Kit izgl\u012btojo\u0161ais komplekts - Toys.lt","og_description":"Clementoni Slime Kit ir izgl\u012btojo\u0161s komplekts b\u0113rniem no 8 gadu vecuma.Izgatavo kr\u0101sainu g\u013cotu, veic jautrus un dro\u0161us eksperimentus.","og_url":"https:\/\/toys.lt\/lv\/produktas\/spele-dragon-slime-kopija\/","og_site_name":"Toys.lt","article_modified_time":"2026-04-08T00:01:15+00:00","og_image":[{"width":833,"height":827,"url":"https:\/\/toys.lt\/wp-content\/uploads\/2025\/09\/50823-slime-kit-1.jpg","type":"image\/jpeg"}],"twitter_card":"summary_large_image","twitter_misc":{"Est. reading time":"1 minute"},"schema":{"@context":"https:\/\/schema.org","@graph":[{"@type":"WebPage","@id":"https:\/\/toys.lt\/lv\/produktas\/spele-dragon-slime-kopija\/","url":"https:\/\/toys.lt\/lv\/produktas\/spele-dragon-slime-kopija\/","name":"Clementoni Slime Kit izgl\u012btojo\u0161ais komplekts - Toys.lt","isPartOf":{"@id":"https:\/\/toys.lt\/lv\/#website"},"primaryImageOfPage":{"@id":"https:\/\/toys.lt\/lv\/produktas\/spele-dragon-slime-kopija\/#primaryimage"},"image":{"@id":"https:\/\/toys.lt\/lv\/produktas\/spele-dragon-slime-kopija\/#primaryimage"},"thumbnailUrl":"https:\/\/toys.lt\/wp-content\/uploads\/2025\/09\/50823-slime-kit-1.jpg","datePublished":"2025-09-08T11:41:01+00:00","dateModified":"2026-04-08T00:01:15+00:00","description":"Clementoni Slime Kit ir izgl\u012btojo\u0161s komplekts b\u0113rniem no 8 gadu vecuma.Izgatavo kr\u0101sainu g\u013cotu, veic jautrus un dro\u0161us eksperimentus.","breadcrumb":{"@id":"https:\/\/toys.lt\/lv\/produktas\/spele-dragon-slime-kopija\/#breadcrumb"},"inLanguage":"lv-LV","potentialAction":[{"@type":"ReadAction","target":["https:\/\/toys.lt\/lv\/produktas\/spele-dragon-slime-kopija\/"]}]},{"@type":"ImageObject","inLanguage":"lv-LV","@id":"https:\/\/toys.lt\/lv\/produktas\/spele-dragon-slime-kopija\/#primaryimage","url":"https:\/\/toys.lt\/wp-content\/uploads\/2025\/09\/50823-slime-kit-1.jpg","contentUrl":"https:\/\/toys.lt\/wp-content\/uploads\/2025\/09\/50823-slime-kit-1.jpg","width":833,"height":827},{"@type":"BreadcrumbList","@id":"https:\/\/toys.lt\/lv\/produktas\/spele-dragon-slime-kopija\/#breadcrumb","itemListElement":[{"@type":"ListItem","position":1,"name":"Home","item":"https:\/\/toys.lt\/lv\/"},{"@type":"ListItem","position":2,"name":"Veikals","item":"https:\/\/toys.lt\/lv\/shop\/"},{"@type":"ListItem","position":3,"name":"Clementoni Slime Kit izgl\u012btojo\u0161ais komplekts"}]},{"@type":"WebSite","@id":"https:\/\/toys.lt\/lv\/#website","url":"https:\/\/toys.lt\/lv\/","name":"Toys.lt","description":"","potentialAction":[{"@type":"SearchAction","target":{"@type":"EntryPoint","urlTemplate":"https:\/\/toys.lt\/lv\/?s={search_term_string}"},"query-input":{"@type":"PropertyValueSpecification","valueRequired":true,"valueName":"search_term_string"}}],"inLanguage":"lv-LV"}]}},"_links":{"self":[{"href":"https:\/\/toys.lt\/lv\/wp-json\/wp\/v2\/product\/44507","targetHints":{"allow":["GET"]}}],"collection":[{"href":"https:\/\/toys.lt\/lv\/wp-json\/wp\/v2\/product"}],"about":[{"href":"https:\/\/toys.lt\/lv\/wp-json\/wp\/v2\/types\/product"}],"replies":[{"embeddable":true,"href":"https:\/\/toys.lt\/lv\/wp-json\/wp\/v2\/comments?post=44507"}],"version-history":[{"count":2,"href":"https:\/\/toys.lt\/lv\/wp-json\/wp\/v2\/product\/44507\/revisions"}],"predecessor-version":[{"id":45625,"href":"https:\/\/toys.lt\/lv\/wp-json\/wp\/v2\/product\/44507\/revisions\/45625"}],"wp:featuredmedia":[{"embeddable":true,"href":"https:\/\/toys.lt\/lv\/wp-json\/wp\/v2\/media\/44509"}],"wp:attachment":[{"href":"https:\/\/toys.lt\/lv\/wp-json\/wp\/v2\/media?parent=44507"}],"wp:term":[{"taxonomy":"product_brand","embeddable":true,"href":"https:\/\/toys.lt\/lv\/wp-json\/wp\/v2\/product_brand?post=44507"},{"taxonomy":"product_cat","embeddable":true,"href":"https:\/\/toys.lt\/lv\/wp-json\/wp\/v2\/product_cat?post=44507"},{"taxonomy":"product_tag","embeddable":true,"href":"https:\/\/toys.lt\/lv\/wp-json\/wp\/v2\/product_tag?post=44507"}],"curies":[{"name":"wp","href":"https:\/\/api.w.org\/{rel}","templated":true}]}}