{"id":44442,"date":"2025-09-07T17:46:04","date_gmt":"2025-09-07T17:46:04","guid":{"rendered":"https:\/\/toys.lt\/?post_type=product&#038;p=44442"},"modified":"2026-04-08T00:01:17","modified_gmt":"2026-04-08T00:01:17","slug":"clementoni-puzle-80s-nostalgia-1000gab-kopija","status":"publish","type":"product","link":"https:\/\/toys.lt\/lv\/produktas\/clementoni-puzle-80s-nostalgia-1000gab-kopija\/","title":{"rendered":"Clementoni puzle &#8220;Ven\u0113cija&#8221; 1000 gabali\u0146i"},"content":{"rendered":"<p class=\"MsoNormal\" style=\"margin: 0px; font-size: medium; color: #7a7a7a; padding: 0px; line-height: inherit; border: 0px; font-family: Roboto, sans-serif; background-color: #fefefe; text-align: center;\" align=\"center\"><i style=\"line-height: inherit; margin: 0px; padding: 0px; border: 0px; font-variant: inherit; font-weight: inherit; font-size: inherit; font-family: inherit;\"><span style=\"margin: 0px; padding: 0px; border: 0px; font-style: inherit; font-variant: inherit; font-weight: inherit; font-size: 8.5pt; line-height: inherit; font-family: Verdana, sans-serif; color: #000000;\">Clementoni &#8211; dibin\u0101ts It\u0101lij\u0101 un veiksm\u012bgi darbojas jau vair\u0101k nek\u0101 50 gadus! Uz\u0146\u0113muma misija ir rad\u012bt sp\u0113les, kas pal\u012bdz b\u0113rniem augt.   <\/span><\/i><\/p>\n<p class=\"MsoNormal\" style=\"margin: 0px; font-size: medium; color: #7a7a7a; padding: 0px; line-height: inherit; border: 0px; font-family: Roboto, sans-serif; background-color: #fefefe; text-align: center;\" align=\"center\"><i style=\"line-height: inherit; margin: 0px; padding: 0px; border: 0px; font-variant: inherit; font-weight: inherit; font-size: inherit; font-family: inherit;\"><span style=\"margin: 0px; padding: 0px; border: 0px; font-style: inherit; font-variant: inherit; font-weight: inherit; font-size: 8.5pt; line-height: inherit; font-family: Verdana, sans-serif; color: #000000;\">Tas viss ir izstr\u0101d\u0101ts, lai apmierin\u0101tu jaunie\u0161u vajadz\u012bbas, \u0146emot v\u0113r\u0101 m\u016bsdienu tehnolo\u0123ijas un glob\u0101l\u0101s izgl\u012bt\u012bbas tendences.<\/span><\/i><\/p>\n<p class=\"MsoNormal\" style=\"margin: 0px; font-size: medium; color: #7a7a7a; padding: 0px; line-height: inherit; border: 0px; font-family: Roboto, sans-serif; background-color: #fefefe; text-align: center;\" align=\"center\"><i style=\"line-height: inherit; margin: 0px; padding: 0px; border: 0px; font-variant: inherit; font-weight: inherit; font-size: inherit; font-family: inherit;\"><span style=\"margin: 0px; padding: 0px; border: 0px; font-style: inherit; font-variant: inherit; font-weight: inherit; font-size: 8.5pt; line-height: inherit; font-family: Verdana, sans-serif; color: #000000;\">Puzle ir lieliska izklaide visai \u0123imenei. Klusie un omul\u012bgie vakari, kas pavad\u012bti ar \u0161o br\u012bni\u0161\u0137\u012bgo nodarbi, paliks atmi\u0146\u0101 uz ilgu laiku! <\/span><\/i><\/p>\n<p data-start=\"152\" data-end=\"504\"><strong data-start=\"152\" data-end=\"207\">Clementoni High Quality Collection Ven\u0113cija Puzzle<\/strong> &#8211; 1000 gabali\u0146u puzle ar romantisku Ven\u0113cijas skatu. Puzzle ir izgatavotas no bieza, augstas kvalit\u0101tes kartona, un ekskluz\u012bv\u0101 drukas tehnika nodro\u0161ina spilgtus un spilgtus att\u0113lus. &#8220;Clementoni&#8221; r\u016bp\u0113jas par vidi, t\u0101s ra\u017eo\u0161an\u0101 izmantojot otrreiz\u0113ji p\u0101rstr\u0101d\u0101tus materi\u0101lus, t\u0101d\u0113j\u0101di padarot \u0161o puzli par videi draudz\u012bgu.  <\/p>\n<h3 data-start=\"506\" data-end=\"521\">\u2b50 Funkcijas<\/h3>\n<ul data-start=\"522\" data-end=\"790\">\n<li data-start=\"522\" data-end=\"546\">\n<p data-start=\"524\" data-end=\"546\">1000 puzles gabali\u0146u.<\/p>\n<\/li>\n<li data-start=\"547\" data-end=\"588\">\n<p data-start=\"549\" data-end=\"588\">Romantisks Ven\u0113cijas pils\u0113tas mot\u012bvs.<\/p>\n<\/li>\n<li data-start=\"589\" data-end=\"631\">\n<p data-start=\"591\" data-end=\"631\">Augstas kvalit\u0101tes druka, spilgtas kr\u0101sas.<\/p>\n<\/li>\n<li data-start=\"632\" data-end=\"690\">\n<p data-start=\"634\" data-end=\"690\">Gludas un prec\u012bzas deta\u013cu l\u012bnijas, perfekta savieno\u0161ana.<\/p>\n<\/li>\n<li data-start=\"691\" data-end=\"790\">\n<p data-start=\"693\" data-end=\"790\">Stimul\u0113 roku un acu koordin\u0101ciju, atmi\u0146u, motoriku, izt\u0113li un rado\u0161umu.<\/p>\n<\/li>\n<\/ul>\n<p>&nbsp;<\/p>\n<h3 data-start=\"792\" data-end=\"821\">\ud83d\udd27 Tehnisk\u0101 inform\u0101cija<\/h3>\n<ul data-start=\"822\" data-end=\"1074\">\n<li data-start=\"822\" data-end=\"853\">\n<p data-start=\"824\" data-end=\"853\">Saloc\u012bta puzle: 69 \u00d7 50 cm.<\/p>\n<\/li>\n<li data-start=\"854\" data-end=\"894\">\n<p data-start=\"856\" data-end=\"894\">Ieteicamais vecums: no 14 gadiem.<\/p>\n<\/li>\n<li data-start=\"969\" data-end=\"993\">\n<p data-start=\"971\" data-end=\"993\">Ra\u017eots It\u0101lij\u0101.<\/p>\n<\/li>\n<li data-start=\"994\" data-end=\"1074\">\n<p data-start=\"996\" data-end=\"1074\">Dro\u0161\u012bbas br\u012bdin\u0101jums: mazo deta\u013cu d\u0113\u013c nav piem\u0113rots b\u0113rniem l\u012bdz 3 gadu (36 m\u0113ne\u0161u) vecumam.<\/p>\n<\/li>\n<\/ul>\n","protected":false},"excerpt":{"rendered":"<p>Produkta veids: puzle<\/p>\n<p>Z\u012bmola nosaukums: Clementoni<\/p>\n<p>Izcelsmes valsts: It\u0101lija<\/p>\n<p>Iepakojuma izm\u0113ri: 37 \u00d7 28 \u00d7 5,5 cm.<\/p>\n<p>Gabali\u0146u skaits: 1000<\/p>\n<p>Puzzle izm\u0113ri: 69 \u00d7 50 cm<\/p>\n<p>Ieteicamais vecums: no 14 gadiem.<\/p>\n","protected":false},"featured_media":44444,"comment_status":"open","ping_status":"closed","template":"","meta":[],"product_brand":[384],"product_cat":[1380,1406,1153,1165],"product_tag":[],"class_list":{"0":"post-44442","1":"product","2":"type-product","3":"status-publish","4":"has-post-thumbnail","6":"product_brand-clementoni-2","7":"product_cat-zinas","8":"product_cat-letakais","9":"product_cat-puzles-puzle","10":"product_cat-puzles-no-500-lidz-1000-gabaliniem","11":"pa_amziaus-grupe-14-lv","12":"pa_dali-skaicius-1203","13":"pa_prekes-zenklas-clementoni-lv","14":"pa_special-s-pasi-lymai-populars-produkts","15":"pa_tema-pilsetas","17":"first","18":"instock","19":"sale","20":"taxable","21":"shipping-taxable","22":"purchasable","23":"product-type-simple"},"yoast_head":"<!-- This site is optimized with the Yoast SEO plugin v26.3 - https:\/\/yoast.com\/wordpress\/plugins\/seo\/ -->\n<title>Clementoni puzle &quot;Ven\u0113cija&quot; 1000 gabali\u0146i - Toys.lt<\/title>\n<meta name=\"description\" content=\"Clementoni puzle &quot;Ven\u0113cija&quot; ar 1000 gabali\u0146iem. Salieciet 69\u00d750 cm lielu romantisku Ven\u0113cijas pils\u0113tas att\u0113lu - kvalitat\u012bvu puzli pieaugu\u0161ajiem un b\u0113rniem no 14 gadu vecuma.\" \/>\n<meta name=\"robots\" content=\"index, follow, max-snippet:-1, max-image-preview:large, max-video-preview:-1\" \/>\n<link rel=\"canonical\" href=\"https:\/\/toys.lt\/lv\/produktas\/clementoni-puzle-80s-nostalgia-1000gab-kopija\/\" \/>\n<meta property=\"og:locale\" content=\"lv_LV\" \/>\n<meta property=\"og:type\" content=\"article\" \/>\n<meta property=\"og:title\" content=\"Clementoni puzle &quot;Ven\u0113cija&quot; 1000 gabali\u0146i - Toys.lt\" \/>\n<meta property=\"og:description\" content=\"Clementoni puzle &quot;Ven\u0113cija&quot; ar 1000 gabali\u0146iem. Salieciet 69\u00d750 cm lielu romantisku Ven\u0113cijas pils\u0113tas att\u0113lu - kvalitat\u012bvu puzli pieaugu\u0161ajiem un b\u0113rniem no 14 gadu vecuma.\" \/>\n<meta property=\"og:url\" content=\"https:\/\/toys.lt\/lv\/produktas\/clementoni-puzle-80s-nostalgia-1000gab-kopija\/\" \/>\n<meta property=\"og:site_name\" content=\"Toys.lt\" \/>\n<meta property=\"article:modified_time\" content=\"2026-04-08T00:01:17+00:00\" \/>\n<meta property=\"og:image\" content=\"https:\/\/toys.lt\/wp-content\/uploads\/2025\/09\/39458-delione-venice-1000-det-1.jpg\" \/>\n\t<meta property=\"og:image:width\" content=\"1006\" \/>\n\t<meta property=\"og:image:height\" content=\"875\" \/>\n\t<meta property=\"og:image:type\" content=\"image\/jpeg\" \/>\n<meta name=\"twitter:card\" content=\"summary_large_image\" \/>\n<meta name=\"twitter:label1\" content=\"Est. reading time\" \/>\n\t<meta name=\"twitter:data1\" content=\"1 minute\" \/>\n<script type=\"application\/ld+json\" class=\"yoast-schema-graph\">{\"@context\":\"https:\/\/schema.org\",\"@graph\":[{\"@type\":\"WebPage\",\"@id\":\"https:\/\/toys.lt\/lv\/produktas\/clementoni-puzle-80s-nostalgia-1000gab-kopija\/\",\"url\":\"https:\/\/toys.lt\/lv\/produktas\/clementoni-puzle-80s-nostalgia-1000gab-kopija\/\",\"name\":\"Clementoni puzle \\\"Ven\u0113cija\\\" 1000 gabali\u0146i - Toys.lt\",\"isPartOf\":{\"@id\":\"https:\/\/toys.lt\/lv\/#website\"},\"primaryImageOfPage\":{\"@id\":\"https:\/\/toys.lt\/lv\/produktas\/clementoni-puzle-80s-nostalgia-1000gab-kopija\/#primaryimage\"},\"image\":{\"@id\":\"https:\/\/toys.lt\/lv\/produktas\/clementoni-puzle-80s-nostalgia-1000gab-kopija\/#primaryimage\"},\"thumbnailUrl\":\"https:\/\/toys.lt\/wp-content\/uploads\/2025\/09\/39458-delione-venice-1000-det-1.jpg\",\"datePublished\":\"2025-09-07T17:46:04+00:00\",\"dateModified\":\"2026-04-08T00:01:17+00:00\",\"description\":\"Clementoni puzle \\\"Ven\u0113cija\\\" ar 1000 gabali\u0146iem. Salieciet 69\u00d750 cm lielu romantisku Ven\u0113cijas pils\u0113tas att\u0113lu - kvalitat\u012bvu puzli pieaugu\u0161ajiem un b\u0113rniem no 14 gadu vecuma.\",\"breadcrumb\":{\"@id\":\"https:\/\/toys.lt\/lv\/produktas\/clementoni-puzle-80s-nostalgia-1000gab-kopija\/#breadcrumb\"},\"inLanguage\":\"lv-LV\",\"potentialAction\":[{\"@type\":\"ReadAction\",\"target\":[\"https:\/\/toys.lt\/lv\/produktas\/clementoni-puzle-80s-nostalgia-1000gab-kopija\/\"]}]},{\"@type\":\"ImageObject\",\"inLanguage\":\"lv-LV\",\"@id\":\"https:\/\/toys.lt\/lv\/produktas\/clementoni-puzle-80s-nostalgia-1000gab-kopija\/#primaryimage\",\"url\":\"https:\/\/toys.lt\/wp-content\/uploads\/2025\/09\/39458-delione-venice-1000-det-1.jpg\",\"contentUrl\":\"https:\/\/toys.lt\/wp-content\/uploads\/2025\/09\/39458-delione-venice-1000-det-1.jpg\",\"width\":1006,\"height\":875},{\"@type\":\"BreadcrumbList\",\"@id\":\"https:\/\/toys.lt\/lv\/produktas\/clementoni-puzle-80s-nostalgia-1000gab-kopija\/#breadcrumb\",\"itemListElement\":[{\"@type\":\"ListItem\",\"position\":1,\"name\":\"Home\",\"item\":\"https:\/\/toys.lt\/lv\/\"},{\"@type\":\"ListItem\",\"position\":2,\"name\":\"Veikals\",\"item\":\"https:\/\/toys.lt\/lv\/shop\/\"},{\"@type\":\"ListItem\",\"position\":3,\"name\":\"Clementoni puzle &#8222;Ven\u0113cija&#8221; 1000 gabali\u0146i\"}]},{\"@type\":\"WebSite\",\"@id\":\"https:\/\/toys.lt\/lv\/#website\",\"url\":\"https:\/\/toys.lt\/lv\/\",\"name\":\"Toys.lt\",\"description\":\"\",\"potentialAction\":[{\"@type\":\"SearchAction\",\"target\":{\"@type\":\"EntryPoint\",\"urlTemplate\":\"https:\/\/toys.lt\/lv\/?s={search_term_string}\"},\"query-input\":{\"@type\":\"PropertyValueSpecification\",\"valueRequired\":true,\"valueName\":\"search_term_string\"}}],\"inLanguage\":\"lv-LV\"}]}<\/script>\n<!-- \/ Yoast SEO plugin. -->","yoast_head_json":{"title":"Clementoni puzle \"Ven\u0113cija\" 1000 gabali\u0146i - Toys.lt","description":"Clementoni puzle \"Ven\u0113cija\" ar 1000 gabali\u0146iem. Salieciet 69\u00d750 cm lielu romantisku Ven\u0113cijas pils\u0113tas att\u0113lu - kvalitat\u012bvu puzli pieaugu\u0161ajiem un b\u0113rniem no 14 gadu vecuma.","robots":{"index":"index","follow":"follow","max-snippet":"max-snippet:-1","max-image-preview":"max-image-preview:large","max-video-preview":"max-video-preview:-1"},"canonical":"https:\/\/toys.lt\/lv\/produktas\/clementoni-puzle-80s-nostalgia-1000gab-kopija\/","og_locale":"lv_LV","og_type":"article","og_title":"Clementoni puzle \"Ven\u0113cija\" 1000 gabali\u0146i - Toys.lt","og_description":"Clementoni puzle \"Ven\u0113cija\" ar 1000 gabali\u0146iem. Salieciet 69\u00d750 cm lielu romantisku Ven\u0113cijas pils\u0113tas att\u0113lu - kvalitat\u012bvu puzli pieaugu\u0161ajiem un b\u0113rniem no 14 gadu vecuma.","og_url":"https:\/\/toys.lt\/lv\/produktas\/clementoni-puzle-80s-nostalgia-1000gab-kopija\/","og_site_name":"Toys.lt","article_modified_time":"2026-04-08T00:01:17+00:00","og_image":[{"width":1006,"height":875,"url":"https:\/\/toys.lt\/wp-content\/uploads\/2025\/09\/39458-delione-venice-1000-det-1.jpg","type":"image\/jpeg"}],"twitter_card":"summary_large_image","twitter_misc":{"Est. reading time":"1 minute"},"schema":{"@context":"https:\/\/schema.org","@graph":[{"@type":"WebPage","@id":"https:\/\/toys.lt\/lv\/produktas\/clementoni-puzle-80s-nostalgia-1000gab-kopija\/","url":"https:\/\/toys.lt\/lv\/produktas\/clementoni-puzle-80s-nostalgia-1000gab-kopija\/","name":"Clementoni puzle \"Ven\u0113cija\" 1000 gabali\u0146i - Toys.lt","isPartOf":{"@id":"https:\/\/toys.lt\/lv\/#website"},"primaryImageOfPage":{"@id":"https:\/\/toys.lt\/lv\/produktas\/clementoni-puzle-80s-nostalgia-1000gab-kopija\/#primaryimage"},"image":{"@id":"https:\/\/toys.lt\/lv\/produktas\/clementoni-puzle-80s-nostalgia-1000gab-kopija\/#primaryimage"},"thumbnailUrl":"https:\/\/toys.lt\/wp-content\/uploads\/2025\/09\/39458-delione-venice-1000-det-1.jpg","datePublished":"2025-09-07T17:46:04+00:00","dateModified":"2026-04-08T00:01:17+00:00","description":"Clementoni puzle \"Ven\u0113cija\" ar 1000 gabali\u0146iem. Salieciet 69\u00d750 cm lielu romantisku Ven\u0113cijas pils\u0113tas att\u0113lu - kvalitat\u012bvu puzli pieaugu\u0161ajiem un b\u0113rniem no 14 gadu vecuma.","breadcrumb":{"@id":"https:\/\/toys.lt\/lv\/produktas\/clementoni-puzle-80s-nostalgia-1000gab-kopija\/#breadcrumb"},"inLanguage":"lv-LV","potentialAction":[{"@type":"ReadAction","target":["https:\/\/toys.lt\/lv\/produktas\/clementoni-puzle-80s-nostalgia-1000gab-kopija\/"]}]},{"@type":"ImageObject","inLanguage":"lv-LV","@id":"https:\/\/toys.lt\/lv\/produktas\/clementoni-puzle-80s-nostalgia-1000gab-kopija\/#primaryimage","url":"https:\/\/toys.lt\/wp-content\/uploads\/2025\/09\/39458-delione-venice-1000-det-1.jpg","contentUrl":"https:\/\/toys.lt\/wp-content\/uploads\/2025\/09\/39458-delione-venice-1000-det-1.jpg","width":1006,"height":875},{"@type":"BreadcrumbList","@id":"https:\/\/toys.lt\/lv\/produktas\/clementoni-puzle-80s-nostalgia-1000gab-kopija\/#breadcrumb","itemListElement":[{"@type":"ListItem","position":1,"name":"Home","item":"https:\/\/toys.lt\/lv\/"},{"@type":"ListItem","position":2,"name":"Veikals","item":"https:\/\/toys.lt\/lv\/shop\/"},{"@type":"ListItem","position":3,"name":"Clementoni puzle &#8222;Ven\u0113cija&#8221; 1000 gabali\u0146i"}]},{"@type":"WebSite","@id":"https:\/\/toys.lt\/lv\/#website","url":"https:\/\/toys.lt\/lv\/","name":"Toys.lt","description":"","potentialAction":[{"@type":"SearchAction","target":{"@type":"EntryPoint","urlTemplate":"https:\/\/toys.lt\/lv\/?s={search_term_string}"},"query-input":{"@type":"PropertyValueSpecification","valueRequired":true,"valueName":"search_term_string"}}],"inLanguage":"lv-LV"}]}},"_links":{"self":[{"href":"https:\/\/toys.lt\/lv\/wp-json\/wp\/v2\/product\/44442","targetHints":{"allow":["GET"]}}],"collection":[{"href":"https:\/\/toys.lt\/lv\/wp-json\/wp\/v2\/product"}],"about":[{"href":"https:\/\/toys.lt\/lv\/wp-json\/wp\/v2\/types\/product"}],"replies":[{"embeddable":true,"href":"https:\/\/toys.lt\/lv\/wp-json\/wp\/v2\/comments?post=44442"}],"version-history":[{"count":2,"href":"https:\/\/toys.lt\/lv\/wp-json\/wp\/v2\/product\/44442\/revisions"}],"predecessor-version":[{"id":45646,"href":"https:\/\/toys.lt\/lv\/wp-json\/wp\/v2\/product\/44442\/revisions\/45646"}],"wp:featuredmedia":[{"embeddable":true,"href":"https:\/\/toys.lt\/lv\/wp-json\/wp\/v2\/media\/44444"}],"wp:attachment":[{"href":"https:\/\/toys.lt\/lv\/wp-json\/wp\/v2\/media?parent=44442"}],"wp:term":[{"taxonomy":"product_brand","embeddable":true,"href":"https:\/\/toys.lt\/lv\/wp-json\/wp\/v2\/product_brand?post=44442"},{"taxonomy":"product_cat","embeddable":true,"href":"https:\/\/toys.lt\/lv\/wp-json\/wp\/v2\/product_cat?post=44442"},{"taxonomy":"product_tag","embeddable":true,"href":"https:\/\/toys.lt\/lv\/wp-json\/wp\/v2\/product_tag?post=44442"}],"curies":[{"name":"wp","href":"https:\/\/api.w.org\/{rel}","templated":true}]}}