{"id":44373,"date":"2025-09-05T17:09:45","date_gmt":"2025-09-05T17:09:45","guid":{"rendered":"https:\/\/toys.lt\/?post_type=product&#038;p=44373"},"modified":"2026-04-08T00:01:18","modified_gmt":"2026-04-08T00:01:18","slug":"clementoni-puzle-kakeni-un-ziepes-500gab-kopija-kopija-kopija-kopija-kopija-2","status":"publish","type":"product","link":"https:\/\/toys.lt\/lv\/produktas\/clementoni-puzle-kakeni-un-ziepes-500gab-kopija-kopija-kopija-kopija-kopija-2\/","title":{"rendered":"Clementoni Jagu\u0101rs d\u017eung\u013cos 500 gab."},"content":{"rendered":"<p class=\"MsoNormal\" style=\"margin: 0px; font-size: medium; color: #7a7a7a; padding: 0px; line-height: inherit; border: 0px; font-family: Roboto, sans-serif; background-color: #fefefe; text-align: center;\" align=\"center\"><i style=\"line-height: inherit; margin: 0px; padding: 0px; border: 0px; font-variant: inherit; font-weight: inherit; font-size: inherit; font-family: inherit;\"><span style=\"margin: 0px; padding: 0px; border: 0px; font-style: inherit; font-variant: inherit; font-weight: inherit; font-size: 8.5pt; line-height: inherit; font-family: Verdana, sans-serif; color: #000000;\">Clementoni &#8211; dibin\u0101ts It\u0101lij\u0101 un veiksm\u012bgi darbojas jau vair\u0101k nek\u0101 50 gadus! Uz\u0146\u0113muma misija ir rad\u012bt sp\u0113les, kas pal\u012bdz b\u0113rniem augt.   <\/span><\/i><\/p>\n<p class=\"MsoNormal\" style=\"margin: 0px; font-size: medium; color: #7a7a7a; padding: 0px; line-height: inherit; border: 0px; font-family: Roboto, sans-serif; background-color: #fefefe; text-align: center;\" align=\"center\"><i style=\"line-height: inherit; margin: 0px; padding: 0px; border: 0px; font-variant: inherit; font-weight: inherit; font-size: inherit; font-family: inherit;\"><span style=\"margin: 0px; padding: 0px; border: 0px; font-style: inherit; font-variant: inherit; font-weight: inherit; font-size: 8.5pt; line-height: inherit; font-family: Verdana, sans-serif; color: #000000;\">Tas viss ir izstr\u0101d\u0101ts, lai apmierin\u0101tu jaunie\u0161u vajadz\u012bbas, \u0146emot v\u0113r\u0101 m\u016bsdienu tehnolo\u0123ijas un glob\u0101l\u0101s izgl\u012bt\u012bbas tendences.<\/span><\/i><\/p>\n<p class=\"MsoNormal\" style=\"margin: 0px; font-size: medium; color: #7a7a7a; padding: 0px; line-height: inherit; border: 0px; font-family: Roboto, sans-serif; background-color: #fefefe; text-align: center;\" align=\"center\"><i style=\"line-height: inherit; margin: 0px; padding: 0px; border: 0px; font-variant: inherit; font-weight: inherit; font-size: inherit; font-family: inherit;\"><span style=\"margin: 0px; padding: 0px; border: 0px; font-style: inherit; font-variant: inherit; font-weight: inherit; font-size: 8.5pt; line-height: inherit; font-family: Verdana, sans-serif; color: #000000;\">Puzle ir lieliska izklaide visai \u0123imenei. Klusie un omul\u012bgie vakari, kas pavad\u012bti ar \u0161o br\u012bni\u0161\u0137\u012bgo nodarbi, paliks atmi\u0146\u0101 uz ilgu laiku! <\/span><\/i><\/p>\n<p data-start=\"164\" data-end=\"389\"><strong data-start=\"164\" data-end=\"219\">Clementoni High Quality Collection Jaguar Puzzle<\/strong> &#8211; 500 gabali\u0146u puzle ar iespaid\u012bgu savva\u013cas jagu\u0101ra att\u0113lu. Spilgtas kr\u0101sas un augstas kvalit\u0101tes deta\u013cas rada skaistu gleznu, kas ir lieliski piem\u0113rota dekor\u0113\u0161anai. <\/p>\n<h3 data-start=\"391\" data-end=\"406\">\u2b50 Funkcijas<\/h3>\n<ul data-start=\"407\" data-end=\"611\">\n<li data-start=\"407\" data-end=\"431\">\n<p data-start=\"409\" data-end=\"431\">500 gabali\u0146u puzle.<\/p>\n<\/li>\n<li data-start=\"432\" data-end=\"471\">\n<p data-start=\"434\" data-end=\"471\">Eksotisku savva\u013cas dz\u012bvnieku mot\u012bvs.<\/p>\n<\/li>\n<li data-start=\"472\" data-end=\"529\">\n<p data-start=\"474\" data-end=\"529\">Augstas kvalit\u0101tes druka un prec\u012bza deta\u013cu savieno\u0161ana.<\/p>\n<\/li>\n<li data-start=\"530\" data-end=\"583\">\n<p data-start=\"532\" data-end=\"583\">T\u0101 tren\u0113 uzman\u012bbu, lo\u0123isko dom\u0101\u0161anu un relaks\u0101ciju.<\/p>\n<\/li>\n<\/ul>\n<h3 data-start=\"613\" data-end=\"642\">\ud83d\udd27 Tehnisk\u0101 inform\u0101cija<\/h3>\n<ul data-start=\"643\" data-end=\"896\">\n<li data-start=\"643\" data-end=\"674\">\n<p data-start=\"645\" data-end=\"674\">Saloc\u012bta puzle: 49 \u00d7 36 cm.<\/p>\n<\/li>\n<li data-start=\"675\" data-end=\"715\">\n<p data-start=\"677\" data-end=\"715\">Ieteicamais vecums: no 10 gadiem.<\/p>\n<\/li>\n<li data-start=\"716\" data-end=\"759\">\n<p data-start=\"718\" data-end=\"759\">Iepakojuma izm\u0113ri: 19 \u00d7 27 \u00d7 4,5 cm.<\/p>\n<\/li>\n<li data-start=\"791\" data-end=\"815\">\n<p data-start=\"793\" data-end=\"815\">Ra\u017eots It\u0101lij\u0101.<\/p>\n<\/li>\n<li data-start=\"816\" data-end=\"896\">\n<p data-start=\"818\" data-end=\"896\">Dro\u0161\u012bbas br\u012bdin\u0101jums: mazo deta\u013cu d\u0113\u013c nav piem\u0113rots b\u0113rniem l\u012bdz 3 gadu (36 m\u0113ne\u0161u) vecumam.<\/p>\n<\/li>\n<\/ul>\n","protected":false},"excerpt":{"rendered":"<p>Produkta veids: puzle<\/p>\n<p>Z\u012bmola nosaukums: Clementoni<\/p>\n<p>Izcelsmes valsts: It\u0101lija<\/p>\n<p>Iepakojuma izm\u0113ri: 19 \u00d7 27 \u00d7 4,5 cm.<\/p>\n<p>Gabali\u0146u skaits: 500<\/p>\n<p>Puzles izm\u0113ri: 49 \u00d7 36 cm<\/p>\n<p>Ieteicamais vecums: no 10 gadiem.<\/p>\n","protected":false},"featured_media":44375,"comment_status":"open","ping_status":"closed","template":"","meta":[],"product_brand":[384],"product_cat":[1380,1406,1153,1165],"product_tag":[],"class_list":{"0":"post-44373","1":"product","2":"type-product","3":"status-publish","4":"has-post-thumbnail","6":"product_brand-clementoni-2","7":"product_cat-zinas","8":"product_cat-letakais","9":"product_cat-puzles-puzle","10":"product_cat-puzles-no-500-lidz-1000-gabaliniem","11":"pa_amziaus-grupe-10-lv","12":"pa_dali-skaicius-500-lv","13":"pa_prekes-zenklas-clementoni-lv","14":"pa_tema-dzivnieki","16":"first","17":"instock","18":"sale","19":"taxable","20":"shipping-taxable","21":"purchasable","22":"product-type-simple"},"yoast_head":"<!-- This site is optimized with the Yoast SEO plugin v26.3 - https:\/\/yoast.com\/wordpress\/plugins\/seo\/ -->\n<title>Clementoni Jagu\u0101rs d\u017eung\u013cos 500 gab. - Toys.lt<\/title>\n<meta name=\"description\" content=\"Clementoni Augstas kvalit\u0101tes Jagu\u0101ra finierz\u0101\u0123is ar 500 gabali\u0146iem un plak\u0101tu. Salieciet att\u0113lu 49\u00d736 cm - augstas kvalit\u0101tes puzle b\u0113rniem un pieaugu\u0161ajiem.\" \/>\n<meta name=\"robots\" content=\"index, follow, max-snippet:-1, max-image-preview:large, max-video-preview:-1\" \/>\n<link rel=\"canonical\" href=\"https:\/\/toys.lt\/lv\/produktas\/clementoni-puzle-kakeni-un-ziepes-500gab-kopija-kopija-kopija-kopija-kopija-2\/\" \/>\n<meta property=\"og:locale\" content=\"lv_LV\" \/>\n<meta property=\"og:type\" content=\"article\" \/>\n<meta property=\"og:title\" content=\"Clementoni Jagu\u0101rs d\u017eung\u013cos 500 gab. - Toys.lt\" \/>\n<meta property=\"og:description\" content=\"Clementoni Augstas kvalit\u0101tes Jagu\u0101ra finierz\u0101\u0123is ar 500 gabali\u0146iem un plak\u0101tu. Salieciet att\u0113lu 49\u00d736 cm - augstas kvalit\u0101tes puzle b\u0113rniem un pieaugu\u0161ajiem.\" \/>\n<meta property=\"og:url\" content=\"https:\/\/toys.lt\/lv\/produktas\/clementoni-puzle-kakeni-un-ziepes-500gab-kopija-kopija-kopija-kopija-kopija-2\/\" \/>\n<meta property=\"og:site_name\" content=\"Toys.lt\" \/>\n<meta property=\"article:modified_time\" content=\"2026-04-08T00:01:18+00:00\" \/>\n<meta property=\"og:image\" content=\"https:\/\/toys.lt\/wp-content\/uploads\/2025\/09\/35541-delione-500-det-1.jpg\" \/>\n\t<meta property=\"og:image:width\" content=\"1199\" \/>\n\t<meta property=\"og:image:height\" content=\"1500\" \/>\n\t<meta property=\"og:image:type\" content=\"image\/jpeg\" \/>\n<meta name=\"twitter:card\" content=\"summary_large_image\" \/>\n<meta name=\"twitter:label1\" content=\"Est. reading time\" \/>\n\t<meta name=\"twitter:data1\" content=\"1 minute\" \/>\n<script type=\"application\/ld+json\" class=\"yoast-schema-graph\">{\"@context\":\"https:\/\/schema.org\",\"@graph\":[{\"@type\":\"WebPage\",\"@id\":\"https:\/\/toys.lt\/lv\/produktas\/clementoni-puzle-kakeni-un-ziepes-500gab-kopija-kopija-kopija-kopija-kopija-2\/\",\"url\":\"https:\/\/toys.lt\/lv\/produktas\/clementoni-puzle-kakeni-un-ziepes-500gab-kopija-kopija-kopija-kopija-kopija-2\/\",\"name\":\"Clementoni Jagu\u0101rs d\u017eung\u013cos 500 gab. - Toys.lt\",\"isPartOf\":{\"@id\":\"https:\/\/toys.lt\/lv\/#website\"},\"primaryImageOfPage\":{\"@id\":\"https:\/\/toys.lt\/lv\/produktas\/clementoni-puzle-kakeni-un-ziepes-500gab-kopija-kopija-kopija-kopija-kopija-2\/#primaryimage\"},\"image\":{\"@id\":\"https:\/\/toys.lt\/lv\/produktas\/clementoni-puzle-kakeni-un-ziepes-500gab-kopija-kopija-kopija-kopija-kopija-2\/#primaryimage\"},\"thumbnailUrl\":\"https:\/\/toys.lt\/wp-content\/uploads\/2025\/09\/35541-delione-500-det-1.jpg\",\"datePublished\":\"2025-09-05T17:09:45+00:00\",\"dateModified\":\"2026-04-08T00:01:18+00:00\",\"description\":\"Clementoni Augstas kvalit\u0101tes Jagu\u0101ra finierz\u0101\u0123is ar 500 gabali\u0146iem un plak\u0101tu. Salieciet att\u0113lu 49\u00d736 cm - augstas kvalit\u0101tes puzle b\u0113rniem un pieaugu\u0161ajiem.\",\"breadcrumb\":{\"@id\":\"https:\/\/toys.lt\/lv\/produktas\/clementoni-puzle-kakeni-un-ziepes-500gab-kopija-kopija-kopija-kopija-kopija-2\/#breadcrumb\"},\"inLanguage\":\"lv-LV\",\"potentialAction\":[{\"@type\":\"ReadAction\",\"target\":[\"https:\/\/toys.lt\/lv\/produktas\/clementoni-puzle-kakeni-un-ziepes-500gab-kopija-kopija-kopija-kopija-kopija-2\/\"]}]},{\"@type\":\"ImageObject\",\"inLanguage\":\"lv-LV\",\"@id\":\"https:\/\/toys.lt\/lv\/produktas\/clementoni-puzle-kakeni-un-ziepes-500gab-kopija-kopija-kopija-kopija-kopija-2\/#primaryimage\",\"url\":\"https:\/\/toys.lt\/wp-content\/uploads\/2025\/09\/35541-delione-500-det-1.jpg\",\"contentUrl\":\"https:\/\/toys.lt\/wp-content\/uploads\/2025\/09\/35541-delione-500-det-1.jpg\",\"width\":1199,\"height\":1500},{\"@type\":\"BreadcrumbList\",\"@id\":\"https:\/\/toys.lt\/lv\/produktas\/clementoni-puzle-kakeni-un-ziepes-500gab-kopija-kopija-kopija-kopija-kopija-2\/#breadcrumb\",\"itemListElement\":[{\"@type\":\"ListItem\",\"position\":1,\"name\":\"Home\",\"item\":\"https:\/\/toys.lt\/lv\/\"},{\"@type\":\"ListItem\",\"position\":2,\"name\":\"Veikals\",\"item\":\"https:\/\/toys.lt\/lv\/shop\/\"},{\"@type\":\"ListItem\",\"position\":3,\"name\":\"Clementoni Jagu\u0101rs d\u017eung\u013cos 500 gab.\"}]},{\"@type\":\"WebSite\",\"@id\":\"https:\/\/toys.lt\/lv\/#website\",\"url\":\"https:\/\/toys.lt\/lv\/\",\"name\":\"Toys.lt\",\"description\":\"\",\"potentialAction\":[{\"@type\":\"SearchAction\",\"target\":{\"@type\":\"EntryPoint\",\"urlTemplate\":\"https:\/\/toys.lt\/lv\/?s={search_term_string}\"},\"query-input\":{\"@type\":\"PropertyValueSpecification\",\"valueRequired\":true,\"valueName\":\"search_term_string\"}}],\"inLanguage\":\"lv-LV\"}]}<\/script>\n<!-- \/ Yoast SEO plugin. -->","yoast_head_json":{"title":"Clementoni Jagu\u0101rs d\u017eung\u013cos 500 gab. - Toys.lt","description":"Clementoni Augstas kvalit\u0101tes Jagu\u0101ra finierz\u0101\u0123is ar 500 gabali\u0146iem un plak\u0101tu. Salieciet att\u0113lu 49\u00d736 cm - augstas kvalit\u0101tes puzle b\u0113rniem un pieaugu\u0161ajiem.","robots":{"index":"index","follow":"follow","max-snippet":"max-snippet:-1","max-image-preview":"max-image-preview:large","max-video-preview":"max-video-preview:-1"},"canonical":"https:\/\/toys.lt\/lv\/produktas\/clementoni-puzle-kakeni-un-ziepes-500gab-kopija-kopija-kopija-kopija-kopija-2\/","og_locale":"lv_LV","og_type":"article","og_title":"Clementoni Jagu\u0101rs d\u017eung\u013cos 500 gab. - Toys.lt","og_description":"Clementoni Augstas kvalit\u0101tes Jagu\u0101ra finierz\u0101\u0123is ar 500 gabali\u0146iem un plak\u0101tu. Salieciet att\u0113lu 49\u00d736 cm - augstas kvalit\u0101tes puzle b\u0113rniem un pieaugu\u0161ajiem.","og_url":"https:\/\/toys.lt\/lv\/produktas\/clementoni-puzle-kakeni-un-ziepes-500gab-kopija-kopija-kopija-kopija-kopija-2\/","og_site_name":"Toys.lt","article_modified_time":"2026-04-08T00:01:18+00:00","og_image":[{"width":1199,"height":1500,"url":"https:\/\/toys.lt\/wp-content\/uploads\/2025\/09\/35541-delione-500-det-1.jpg","type":"image\/jpeg"}],"twitter_card":"summary_large_image","twitter_misc":{"Est. reading time":"1 minute"},"schema":{"@context":"https:\/\/schema.org","@graph":[{"@type":"WebPage","@id":"https:\/\/toys.lt\/lv\/produktas\/clementoni-puzle-kakeni-un-ziepes-500gab-kopija-kopija-kopija-kopija-kopija-2\/","url":"https:\/\/toys.lt\/lv\/produktas\/clementoni-puzle-kakeni-un-ziepes-500gab-kopija-kopija-kopija-kopija-kopija-2\/","name":"Clementoni Jagu\u0101rs d\u017eung\u013cos 500 gab. - Toys.lt","isPartOf":{"@id":"https:\/\/toys.lt\/lv\/#website"},"primaryImageOfPage":{"@id":"https:\/\/toys.lt\/lv\/produktas\/clementoni-puzle-kakeni-un-ziepes-500gab-kopija-kopija-kopija-kopija-kopija-2\/#primaryimage"},"image":{"@id":"https:\/\/toys.lt\/lv\/produktas\/clementoni-puzle-kakeni-un-ziepes-500gab-kopija-kopija-kopija-kopija-kopija-2\/#primaryimage"},"thumbnailUrl":"https:\/\/toys.lt\/wp-content\/uploads\/2025\/09\/35541-delione-500-det-1.jpg","datePublished":"2025-09-05T17:09:45+00:00","dateModified":"2026-04-08T00:01:18+00:00","description":"Clementoni Augstas kvalit\u0101tes Jagu\u0101ra finierz\u0101\u0123is ar 500 gabali\u0146iem un plak\u0101tu. Salieciet att\u0113lu 49\u00d736 cm - augstas kvalit\u0101tes puzle b\u0113rniem un pieaugu\u0161ajiem.","breadcrumb":{"@id":"https:\/\/toys.lt\/lv\/produktas\/clementoni-puzle-kakeni-un-ziepes-500gab-kopija-kopija-kopija-kopija-kopija-2\/#breadcrumb"},"inLanguage":"lv-LV","potentialAction":[{"@type":"ReadAction","target":["https:\/\/toys.lt\/lv\/produktas\/clementoni-puzle-kakeni-un-ziepes-500gab-kopija-kopija-kopija-kopija-kopija-2\/"]}]},{"@type":"ImageObject","inLanguage":"lv-LV","@id":"https:\/\/toys.lt\/lv\/produktas\/clementoni-puzle-kakeni-un-ziepes-500gab-kopija-kopija-kopija-kopija-kopija-2\/#primaryimage","url":"https:\/\/toys.lt\/wp-content\/uploads\/2025\/09\/35541-delione-500-det-1.jpg","contentUrl":"https:\/\/toys.lt\/wp-content\/uploads\/2025\/09\/35541-delione-500-det-1.jpg","width":1199,"height":1500},{"@type":"BreadcrumbList","@id":"https:\/\/toys.lt\/lv\/produktas\/clementoni-puzle-kakeni-un-ziepes-500gab-kopija-kopija-kopija-kopija-kopija-2\/#breadcrumb","itemListElement":[{"@type":"ListItem","position":1,"name":"Home","item":"https:\/\/toys.lt\/lv\/"},{"@type":"ListItem","position":2,"name":"Veikals","item":"https:\/\/toys.lt\/lv\/shop\/"},{"@type":"ListItem","position":3,"name":"Clementoni Jagu\u0101rs d\u017eung\u013cos 500 gab."}]},{"@type":"WebSite","@id":"https:\/\/toys.lt\/lv\/#website","url":"https:\/\/toys.lt\/lv\/","name":"Toys.lt","description":"","potentialAction":[{"@type":"SearchAction","target":{"@type":"EntryPoint","urlTemplate":"https:\/\/toys.lt\/lv\/?s={search_term_string}"},"query-input":{"@type":"PropertyValueSpecification","valueRequired":true,"valueName":"search_term_string"}}],"inLanguage":"lv-LV"}]}},"_links":{"self":[{"href":"https:\/\/toys.lt\/lv\/wp-json\/wp\/v2\/product\/44373","targetHints":{"allow":["GET"]}}],"collection":[{"href":"https:\/\/toys.lt\/lv\/wp-json\/wp\/v2\/product"}],"about":[{"href":"https:\/\/toys.lt\/lv\/wp-json\/wp\/v2\/types\/product"}],"replies":[{"embeddable":true,"href":"https:\/\/toys.lt\/lv\/wp-json\/wp\/v2\/comments?post=44373"}],"version-history":[{"count":2,"href":"https:\/\/toys.lt\/lv\/wp-json\/wp\/v2\/product\/44373\/revisions"}],"predecessor-version":[{"id":45645,"href":"https:\/\/toys.lt\/lv\/wp-json\/wp\/v2\/product\/44373\/revisions\/45645"}],"wp:featuredmedia":[{"embeddable":true,"href":"https:\/\/toys.lt\/lv\/wp-json\/wp\/v2\/media\/44375"}],"wp:attachment":[{"href":"https:\/\/toys.lt\/lv\/wp-json\/wp\/v2\/media?parent=44373"}],"wp:term":[{"taxonomy":"product_brand","embeddable":true,"href":"https:\/\/toys.lt\/lv\/wp-json\/wp\/v2\/product_brand?post=44373"},{"taxonomy":"product_cat","embeddable":true,"href":"https:\/\/toys.lt\/lv\/wp-json\/wp\/v2\/product_cat?post=44373"},{"taxonomy":"product_tag","embeddable":true,"href":"https:\/\/toys.lt\/lv\/wp-json\/wp\/v2\/product_tag?post=44373"}],"curies":[{"name":"wp","href":"https:\/\/api.w.org\/{rel}","templated":true}]}}