{"id":44325,"date":"2025-09-04T21:14:21","date_gmt":"2025-09-04T21:14:21","guid":{"rendered":"https:\/\/toys.lt\/?post_type=product&#038;p=44325"},"modified":"2026-04-08T00:01:19","modified_gmt":"2026-04-08T00:01:19","slug":"clementoni-puzle-kakeni-un-ziepes-500gab-kopija-kopija-kopija-kopija","status":"publish","type":"product","link":"https:\/\/toys.lt\/lv\/produktas\/clementoni-puzle-kakeni-un-ziepes-500gab-kopija-kopija-kopija-kopija\/","title":{"rendered":"Clementoni Jagu\u0101rs d\u017eung\u013cos 500 gab."},"content":{"rendered":"<p class=\"MsoNormal\" style=\"margin: 0px; font-size: medium; color: #7a7a7a; padding: 0px; line-height: inherit; border: 0px; font-family: Roboto, sans-serif; background-color: #fefefe; text-align: center;\" align=\"center\"><i style=\"line-height: inherit; margin: 0px; padding: 0px; border: 0px; font-variant: inherit; font-weight: inherit; font-size: inherit; font-family: inherit;\"><span style=\"margin: 0px; padding: 0px; border: 0px; font-style: inherit; font-variant: inherit; font-weight: inherit; font-size: 8.5pt; line-height: inherit; font-family: Verdana, sans-serif; color: #000000;\">Clementoni &#8211; dibin\u0101ts It\u0101lij\u0101 un veiksm\u012bgi darbojas jau vair\u0101k nek\u0101 50 gadus! Uz\u0146\u0113muma misija ir rad\u012bt sp\u0113les, kas pal\u012bdz b\u0113rniem augt.   <\/span><\/i><\/p>\n<p class=\"MsoNormal\" style=\"margin: 0px; font-size: medium; color: #7a7a7a; padding: 0px; line-height: inherit; border: 0px; font-family: Roboto, sans-serif; background-color: #fefefe; text-align: center;\" align=\"center\"><i style=\"line-height: inherit; margin: 0px; padding: 0px; border: 0px; font-variant: inherit; font-weight: inherit; font-size: inherit; font-family: inherit;\"><span style=\"margin: 0px; padding: 0px; border: 0px; font-style: inherit; font-variant: inherit; font-weight: inherit; font-size: 8.5pt; line-height: inherit; font-family: Verdana, sans-serif; color: #000000;\">Tas viss ir izstr\u0101d\u0101ts, lai apmierin\u0101tu jaunie\u0161u vajadz\u012bbas, \u0146emot v\u0113r\u0101 m\u016bsdienu tehnolo\u0123ijas un glob\u0101l\u0101s izgl\u012bt\u012bbas tendences.<\/span><\/i><\/p>\n<p class=\"MsoNormal\" style=\"margin: 0px; font-size: medium; color: #7a7a7a; padding: 0px; line-height: inherit; border: 0px; font-family: Roboto, sans-serif; background-color: #fefefe; text-align: center;\" align=\"center\"><i style=\"line-height: inherit; margin: 0px; padding: 0px; border: 0px; font-variant: inherit; font-weight: inherit; font-size: inherit; font-family: inherit;\"><span style=\"margin: 0px; padding: 0px; border: 0px; font-style: inherit; font-variant: inherit; font-weight: inherit; font-size: 8.5pt; line-height: inherit; font-family: Verdana, sans-serif; color: #000000;\">Puzle ir lieliska izklaide visai \u0123imenei. Klusie un omul\u012bgie vakari, kas pavad\u012bti ar \u0161o br\u012bni\u0161\u0137\u012bgo nodarbi, paliks atmi\u0146\u0101 uz ilgu laiku! <\/span><\/i><\/p>\n<p data-start=\"1907\" data-end=\"2136\">Clementoni Jagu\u0101rs d\u017eung\u013cos ir 500 gabali\u0146u puzle ar eksotisku d\u017eung\u013cu mot\u012bvu. T\u0101 ir lieliska aktivit\u0101te koncentr\u0113\u0161an\u0101s, lo\u0123isk\u0101s dom\u0101\u0161anas un paciet\u012bbas veicin\u0101\u0161anai. P\u0113c salik\u0161anas puzle k\u013c\u016bst par skaistu dekoru.  <\/p>\n<p data-start=\"2138\" data-end=\"2152\"><strong data-start=\"2138\" data-end=\"2150\">Funkcijas:<\/strong><\/p>\n<ul data-start=\"2153\" data-end=\"2314\">\n<li data-start=\"2153\" data-end=\"2177\">\n<p data-start=\"2155\" data-end=\"2177\">500 gabali\u0146u puzle;<\/p>\n<\/li>\n<li data-start=\"2178\" data-end=\"2218\">\n<p data-start=\"2180\" data-end=\"2218\">Kr\u0101sains eksotisku dz\u012bvnieku mot\u012bvs;<\/p>\n<\/li>\n<li data-start=\"2219\" data-end=\"2257\">\n<p data-start=\"2221\" data-end=\"2257\">Augstas kvalit\u0101tes druka un deta\u013cas;<\/p>\n<\/li>\n<li data-start=\"2258\" data-end=\"2314\">\n<p data-start=\"2260\" data-end=\"2314\">Att\u012bsta uzman\u012bbu, lo\u0123isko dom\u0101\u0161anu un relaks\u0101ciju.<\/p>\n<\/li>\n<\/ul>\n<p data-start=\"2316\" data-end=\"2517\"><strong data-start=\"2316\" data-end=\"2345\">Citi tehniskie dati:<\/strong><br data-start=\"2345\" data-end=\"2348\">Saloc\u012bta puzle: 49 \u00d7 36 cm.<br data-start=\"2375\" data-end=\"2378\">Ieteicamais vecums: no 10 gadiem.<br data-start=\"2413\" data-end=\"2416\">Ra\u017eots It\u0101lij\u0101.<br data-start=\"2436\" data-end=\"2439\">Dro\u0161\u012bbas br\u012bdin\u0101jums: nav piem\u0113rots b\u0113rniem l\u012bdz 3 gadu (36 m\u0113ne\u0161u) vecumam, jo ir mazas deta\u013cas.<\/p>\n","protected":false},"excerpt":{"rendered":"<p>Produkta veids: puzle<\/p>\n<p>Z\u012bmola nosaukums: Clementoni<\/p>\n<p>Izcelsmes valsts: It\u0101lija<\/p>\n<p>Iepakojuma izm\u0113ri: 35 x 4 x 25 cm<\/p>\n<p>Gabali\u0146u skaits: 500<\/p>\n<p>Puzzle izm\u0113ri: 49 x 36 cm<\/p>\n<p>Ieteicamais vecums: no 10 gadiem.<\/p>\n","protected":false},"featured_media":44327,"comment_status":"open","ping_status":"closed","template":"","meta":[],"product_brand":[384],"product_cat":[1380,1406,1153,1165],"product_tag":[],"class_list":{"0":"post-44325","1":"product","2":"type-product","3":"status-publish","4":"has-post-thumbnail","6":"product_brand-clementoni-2","7":"product_cat-zinas","8":"product_cat-letakais","9":"product_cat-puzles-puzle","10":"product_cat-puzles-no-500-lidz-1000-gabaliniem","11":"pa_amziaus-grupe-10-lv","12":"pa_dali-skaicius-500-lv","13":"pa_prekes-zenklas-clementoni-lv","14":"pa_tema-dzivnieki","16":"first","17":"instock","18":"taxable","19":"shipping-taxable","20":"purchasable","21":"product-type-simple"},"yoast_head":"<!-- This site is optimized with the Yoast SEO plugin v26.3 - https:\/\/yoast.com\/wordpress\/plugins\/seo\/ -->\n<title>Clementoni Jagu\u0101rs d\u017eung\u013cos 500 gab. - Toys.lt<\/title>\n<meta name=\"description\" content=\"Clementoni Jagu\u0101rs d\u017eung\u013cos ir 500 gabali\u0146u puzle ar eksotisku mot\u012bvu. T\u0101 tren\u0113 koncentr\u0113\u0161an\u0101s sp\u0113jas, nov\u0113ro\u0161anu un lo\u0123isko dom\u0101\u0161anu.\" \/>\n<meta name=\"robots\" content=\"index, follow, max-snippet:-1, max-image-preview:large, max-video-preview:-1\" \/>\n<link rel=\"canonical\" href=\"https:\/\/toys.lt\/lv\/produktas\/clementoni-puzle-kakeni-un-ziepes-500gab-kopija-kopija-kopija-kopija\/\" \/>\n<meta property=\"og:locale\" content=\"lv_LV\" \/>\n<meta property=\"og:type\" content=\"article\" \/>\n<meta property=\"og:title\" content=\"Clementoni Jagu\u0101rs d\u017eung\u013cos 500 gab. - Toys.lt\" \/>\n<meta property=\"og:description\" content=\"Clementoni Jagu\u0101rs d\u017eung\u013cos ir 500 gabali\u0146u puzle ar eksotisku mot\u012bvu. T\u0101 tren\u0113 koncentr\u0113\u0161an\u0101s sp\u0113jas, nov\u0113ro\u0161anu un lo\u0123isko dom\u0101\u0161anu.\" \/>\n<meta property=\"og:url\" content=\"https:\/\/toys.lt\/lv\/produktas\/clementoni-puzle-kakeni-un-ziepes-500gab-kopija-kopija-kopija-kopija\/\" \/>\n<meta property=\"og:site_name\" content=\"Toys.lt\" \/>\n<meta property=\"article:modified_time\" content=\"2026-04-08T00:01:19+00:00\" \/>\n<meta property=\"og:image\" content=\"https:\/\/toys.lt\/wp-content\/uploads\/2025\/09\/35127-delione-500-detaliu-1.jpg\" \/>\n\t<meta property=\"og:image:width\" content=\"1171\" \/>\n\t<meta property=\"og:image:height\" content=\"1500\" \/>\n\t<meta property=\"og:image:type\" content=\"image\/jpeg\" \/>\n<meta name=\"twitter:card\" content=\"summary_large_image\" \/>\n<meta name=\"twitter:label1\" content=\"Est. reading time\" \/>\n\t<meta name=\"twitter:data1\" content=\"1 minute\" \/>\n<script type=\"application\/ld+json\" class=\"yoast-schema-graph\">{\"@context\":\"https:\/\/schema.org\",\"@graph\":[{\"@type\":\"WebPage\",\"@id\":\"https:\/\/toys.lt\/lv\/produktas\/clementoni-puzle-kakeni-un-ziepes-500gab-kopija-kopija-kopija-kopija\/\",\"url\":\"https:\/\/toys.lt\/lv\/produktas\/clementoni-puzle-kakeni-un-ziepes-500gab-kopija-kopija-kopija-kopija\/\",\"name\":\"Clementoni Jagu\u0101rs d\u017eung\u013cos 500 gab. - Toys.lt\",\"isPartOf\":{\"@id\":\"https:\/\/toys.lt\/lv\/#website\"},\"primaryImageOfPage\":{\"@id\":\"https:\/\/toys.lt\/lv\/produktas\/clementoni-puzle-kakeni-un-ziepes-500gab-kopija-kopija-kopija-kopija\/#primaryimage\"},\"image\":{\"@id\":\"https:\/\/toys.lt\/lv\/produktas\/clementoni-puzle-kakeni-un-ziepes-500gab-kopija-kopija-kopija-kopija\/#primaryimage\"},\"thumbnailUrl\":\"https:\/\/toys.lt\/wp-content\/uploads\/2025\/09\/35127-delione-500-detaliu-1.jpg\",\"datePublished\":\"2025-09-04T21:14:21+00:00\",\"dateModified\":\"2026-04-08T00:01:19+00:00\",\"description\":\"Clementoni Jagu\u0101rs d\u017eung\u013cos ir 500 gabali\u0146u puzle ar eksotisku mot\u012bvu. T\u0101 tren\u0113 koncentr\u0113\u0161an\u0101s sp\u0113jas, nov\u0113ro\u0161anu un lo\u0123isko dom\u0101\u0161anu.\",\"breadcrumb\":{\"@id\":\"https:\/\/toys.lt\/lv\/produktas\/clementoni-puzle-kakeni-un-ziepes-500gab-kopija-kopija-kopija-kopija\/#breadcrumb\"},\"inLanguage\":\"lv-LV\",\"potentialAction\":[{\"@type\":\"ReadAction\",\"target\":[\"https:\/\/toys.lt\/lv\/produktas\/clementoni-puzle-kakeni-un-ziepes-500gab-kopija-kopija-kopija-kopija\/\"]}]},{\"@type\":\"ImageObject\",\"inLanguage\":\"lv-LV\",\"@id\":\"https:\/\/toys.lt\/lv\/produktas\/clementoni-puzle-kakeni-un-ziepes-500gab-kopija-kopija-kopija-kopija\/#primaryimage\",\"url\":\"https:\/\/toys.lt\/wp-content\/uploads\/2025\/09\/35127-delione-500-detaliu-1.jpg\",\"contentUrl\":\"https:\/\/toys.lt\/wp-content\/uploads\/2025\/09\/35127-delione-500-detaliu-1.jpg\",\"width\":1171,\"height\":1500},{\"@type\":\"BreadcrumbList\",\"@id\":\"https:\/\/toys.lt\/lv\/produktas\/clementoni-puzle-kakeni-un-ziepes-500gab-kopija-kopija-kopija-kopija\/#breadcrumb\",\"itemListElement\":[{\"@type\":\"ListItem\",\"position\":1,\"name\":\"Home\",\"item\":\"https:\/\/toys.lt\/lv\/\"},{\"@type\":\"ListItem\",\"position\":2,\"name\":\"Veikals\",\"item\":\"https:\/\/toys.lt\/lv\/shop\/\"},{\"@type\":\"ListItem\",\"position\":3,\"name\":\"Clementoni Jagu\u0101rs d\u017eung\u013cos 500 gab.\"}]},{\"@type\":\"WebSite\",\"@id\":\"https:\/\/toys.lt\/lv\/#website\",\"url\":\"https:\/\/toys.lt\/lv\/\",\"name\":\"Toys.lt\",\"description\":\"\",\"potentialAction\":[{\"@type\":\"SearchAction\",\"target\":{\"@type\":\"EntryPoint\",\"urlTemplate\":\"https:\/\/toys.lt\/lv\/?s={search_term_string}\"},\"query-input\":{\"@type\":\"PropertyValueSpecification\",\"valueRequired\":true,\"valueName\":\"search_term_string\"}}],\"inLanguage\":\"lv-LV\"}]}<\/script>\n<!-- \/ Yoast SEO plugin. -->","yoast_head_json":{"title":"Clementoni Jagu\u0101rs d\u017eung\u013cos 500 gab. - Toys.lt","description":"Clementoni Jagu\u0101rs d\u017eung\u013cos ir 500 gabali\u0146u puzle ar eksotisku mot\u012bvu. T\u0101 tren\u0113 koncentr\u0113\u0161an\u0101s sp\u0113jas, nov\u0113ro\u0161anu un lo\u0123isko dom\u0101\u0161anu.","robots":{"index":"index","follow":"follow","max-snippet":"max-snippet:-1","max-image-preview":"max-image-preview:large","max-video-preview":"max-video-preview:-1"},"canonical":"https:\/\/toys.lt\/lv\/produktas\/clementoni-puzle-kakeni-un-ziepes-500gab-kopija-kopija-kopija-kopija\/","og_locale":"lv_LV","og_type":"article","og_title":"Clementoni Jagu\u0101rs d\u017eung\u013cos 500 gab. - Toys.lt","og_description":"Clementoni Jagu\u0101rs d\u017eung\u013cos ir 500 gabali\u0146u puzle ar eksotisku mot\u012bvu. T\u0101 tren\u0113 koncentr\u0113\u0161an\u0101s sp\u0113jas, nov\u0113ro\u0161anu un lo\u0123isko dom\u0101\u0161anu.","og_url":"https:\/\/toys.lt\/lv\/produktas\/clementoni-puzle-kakeni-un-ziepes-500gab-kopija-kopija-kopija-kopija\/","og_site_name":"Toys.lt","article_modified_time":"2026-04-08T00:01:19+00:00","og_image":[{"width":1171,"height":1500,"url":"https:\/\/toys.lt\/wp-content\/uploads\/2025\/09\/35127-delione-500-detaliu-1.jpg","type":"image\/jpeg"}],"twitter_card":"summary_large_image","twitter_misc":{"Est. reading time":"1 minute"},"schema":{"@context":"https:\/\/schema.org","@graph":[{"@type":"WebPage","@id":"https:\/\/toys.lt\/lv\/produktas\/clementoni-puzle-kakeni-un-ziepes-500gab-kopija-kopija-kopija-kopija\/","url":"https:\/\/toys.lt\/lv\/produktas\/clementoni-puzle-kakeni-un-ziepes-500gab-kopija-kopija-kopija-kopija\/","name":"Clementoni Jagu\u0101rs d\u017eung\u013cos 500 gab. - Toys.lt","isPartOf":{"@id":"https:\/\/toys.lt\/lv\/#website"},"primaryImageOfPage":{"@id":"https:\/\/toys.lt\/lv\/produktas\/clementoni-puzle-kakeni-un-ziepes-500gab-kopija-kopija-kopija-kopija\/#primaryimage"},"image":{"@id":"https:\/\/toys.lt\/lv\/produktas\/clementoni-puzle-kakeni-un-ziepes-500gab-kopija-kopija-kopija-kopija\/#primaryimage"},"thumbnailUrl":"https:\/\/toys.lt\/wp-content\/uploads\/2025\/09\/35127-delione-500-detaliu-1.jpg","datePublished":"2025-09-04T21:14:21+00:00","dateModified":"2026-04-08T00:01:19+00:00","description":"Clementoni Jagu\u0101rs d\u017eung\u013cos ir 500 gabali\u0146u puzle ar eksotisku mot\u012bvu. T\u0101 tren\u0113 koncentr\u0113\u0161an\u0101s sp\u0113jas, nov\u0113ro\u0161anu un lo\u0123isko dom\u0101\u0161anu.","breadcrumb":{"@id":"https:\/\/toys.lt\/lv\/produktas\/clementoni-puzle-kakeni-un-ziepes-500gab-kopija-kopija-kopija-kopija\/#breadcrumb"},"inLanguage":"lv-LV","potentialAction":[{"@type":"ReadAction","target":["https:\/\/toys.lt\/lv\/produktas\/clementoni-puzle-kakeni-un-ziepes-500gab-kopija-kopija-kopija-kopija\/"]}]},{"@type":"ImageObject","inLanguage":"lv-LV","@id":"https:\/\/toys.lt\/lv\/produktas\/clementoni-puzle-kakeni-un-ziepes-500gab-kopija-kopija-kopija-kopija\/#primaryimage","url":"https:\/\/toys.lt\/wp-content\/uploads\/2025\/09\/35127-delione-500-detaliu-1.jpg","contentUrl":"https:\/\/toys.lt\/wp-content\/uploads\/2025\/09\/35127-delione-500-detaliu-1.jpg","width":1171,"height":1500},{"@type":"BreadcrumbList","@id":"https:\/\/toys.lt\/lv\/produktas\/clementoni-puzle-kakeni-un-ziepes-500gab-kopija-kopija-kopija-kopija\/#breadcrumb","itemListElement":[{"@type":"ListItem","position":1,"name":"Home","item":"https:\/\/toys.lt\/lv\/"},{"@type":"ListItem","position":2,"name":"Veikals","item":"https:\/\/toys.lt\/lv\/shop\/"},{"@type":"ListItem","position":3,"name":"Clementoni Jagu\u0101rs d\u017eung\u013cos 500 gab."}]},{"@type":"WebSite","@id":"https:\/\/toys.lt\/lv\/#website","url":"https:\/\/toys.lt\/lv\/","name":"Toys.lt","description":"","potentialAction":[{"@type":"SearchAction","target":{"@type":"EntryPoint","urlTemplate":"https:\/\/toys.lt\/lv\/?s={search_term_string}"},"query-input":{"@type":"PropertyValueSpecification","valueRequired":true,"valueName":"search_term_string"}}],"inLanguage":"lv-LV"}]}},"_links":{"self":[{"href":"https:\/\/toys.lt\/lv\/wp-json\/wp\/v2\/product\/44325","targetHints":{"allow":["GET"]}}],"collection":[{"href":"https:\/\/toys.lt\/lv\/wp-json\/wp\/v2\/product"}],"about":[{"href":"https:\/\/toys.lt\/lv\/wp-json\/wp\/v2\/types\/product"}],"replies":[{"embeddable":true,"href":"https:\/\/toys.lt\/lv\/wp-json\/wp\/v2\/comments?post=44325"}],"version-history":[{"count":2,"href":"https:\/\/toys.lt\/lv\/wp-json\/wp\/v2\/product\/44325\/revisions"}],"predecessor-version":[{"id":45635,"href":"https:\/\/toys.lt\/lv\/wp-json\/wp\/v2\/product\/44325\/revisions\/45635"}],"wp:featuredmedia":[{"embeddable":true,"href":"https:\/\/toys.lt\/lv\/wp-json\/wp\/v2\/media\/44327"}],"wp:attachment":[{"href":"https:\/\/toys.lt\/lv\/wp-json\/wp\/v2\/media?parent=44325"}],"wp:term":[{"taxonomy":"product_brand","embeddable":true,"href":"https:\/\/toys.lt\/lv\/wp-json\/wp\/v2\/product_brand?post=44325"},{"taxonomy":"product_cat","embeddable":true,"href":"https:\/\/toys.lt\/lv\/wp-json\/wp\/v2\/product_cat?post=44325"},{"taxonomy":"product_tag","embeddable":true,"href":"https:\/\/toys.lt\/lv\/wp-json\/wp\/v2\/product_tag?post=44325"}],"curies":[{"name":"wp","href":"https:\/\/api.w.org\/{rel}","templated":true}]}}