{"id":44313,"date":"2025-09-04T20:58:50","date_gmt":"2025-09-04T20:58:50","guid":{"rendered":"https:\/\/toys.lt\/?post_type=product&#038;p=44313"},"modified":"2026-04-08T00:01:19","modified_gmt":"2026-04-08T00:01:19","slug":"clementoni-crazy-chic-radoss-rokasspradzu-komplekts-message-creations-kopija-kopija","status":"publish","type":"product","link":"https:\/\/toys.lt\/lv\/produktas\/clementoni-crazy-chic-radoss-rokasspradzu-komplekts-message-creations-kopija-kopija\/","title":{"rendered":"Clementoni Crazy Chic skaistumkop\u0161anas komplekts Unicorn Spogulis"},"content":{"rendered":"<p class=\"MsoNormal\" style=\"margin: 0px; font-size: medium; color: #7a7a7a; padding: 0px; line-height: inherit; border: 0px; font-family: Roboto, sans-serif; background-color: #fefefe; text-align: center;\" align=\"center\"><i style=\"line-height: inherit; margin: 0px; padding: 0px; border: 0px; font-variant: inherit; font-weight: inherit; font-size: inherit; font-family: inherit;\"><span style=\"margin: 0px; padding: 0px; border: 0px; font-style: inherit; font-variant: inherit; font-weight: inherit; font-size: 8.5pt; line-height: inherit; font-family: Verdana, sans-serif; color: #000000;\">Clementoni &#8211; dibin\u0101ts It\u0101lij\u0101 un veiksm\u012bgi darbojas jau vair\u0101k nek\u0101 50 gadus! Uz\u0146\u0113muma misija ir rad\u012bt sp\u0113les, kas pal\u012bdz b\u0113rniem augt.   <\/span><\/i><\/p>\n<p class=\"MsoNormal\" style=\"margin: 0px; font-size: medium; color: #7a7a7a; padding: 0px; line-height: inherit; border: 0px; font-family: Roboto, sans-serif; background-color: #fefefe; text-align: center;\" align=\"center\"><i style=\"line-height: inherit; margin: 0px; padding: 0px; border: 0px; font-variant: inherit; font-weight: inherit; font-size: inherit; font-family: inherit;\"><span style=\"margin: 0px; padding: 0px; border: 0px; font-style: inherit; font-variant: inherit; font-weight: inherit; font-size: 8.5pt; line-height: inherit; font-family: Verdana, sans-serif; color: #000000;\">Tas viss ir izstr\u0101d\u0101ts, lai apmierin\u0101tu jaunie\u0161u vajadz\u012bbas, \u0146emot v\u0113r\u0101 m\u016bsdienu tehnolo\u0123ijas un glob\u0101l\u0101s izgl\u012bt\u012bbas tendences.<\/span><\/i><\/p>\n<p data-start=\"357\" data-end=\"582\">Atkl\u0101jiet savu skaistuma pasauli ar <strong data-start=\"387\" data-end=\"445\">Clementoni &#8220;Crazy Chic Unicorn Mirror Beauty Set&#8221;!<\/strong> \u0160is kr\u0101sainais komplekts ar spoguli un apgaismojumu ir paredz\u0113ts mazajiem stilistiem, kuri v\u0113las justies k\u0101 \u012bsti skaistumkop\u0161anas eksperti.<\/p>\n<p data-start=\"584\" data-end=\"600\">Komplekt\u0101 ietilpst:<\/p>\n<ul data-start=\"601\" data-end=\"714\">\n<li data-start=\"601\" data-end=\"633\">\n<p data-start=\"603\" data-end=\"633\">Spogulis ar LED apgaismojumu.<\/p>\n<\/li>\n<li data-start=\"634\" data-end=\"662\">\n<p data-start=\"636\" data-end=\"662\">Kr\u0101sainas acu \u0113nas.<\/p>\n<\/li>\n<li data-start=\"663\" data-end=\"681\">\n<p data-start=\"665\" data-end=\"681\">L\u016bpu sp\u012bdumi.<\/p>\n<\/li>\n<li data-start=\"682\" data-end=\"714\">\n<p data-start=\"684\" data-end=\"714\">Sejas p\u016bderis un aplikatori.<\/p>\n<\/li>\n<\/ul>\n<p data-start=\"716\" data-end=\"855\">\u0160is skaistumkop\u0161anas komplekts ne tikai att\u012bsta rado\u0161umu un stila izj\u016btu, bet ar\u012b sniedz jums daudz jautra laika kop\u0101 ar draudzen\u0113m. Lieliski piem\u0113rots d\u0101vanai! <\/p>\n<p data-start=\"857\" data-end=\"884\"><strong data-start=\"857\" data-end=\"882\">Tehnisk\u0101 inform\u0101cija:<\/strong><\/p>\n<ul data-start=\"885\" data-end=\"1052\">\n<li data-start=\"885\" data-end=\"924\">\n<p data-start=\"887\" data-end=\"924\">Ieteicamais vecums: no 6 gadiem.<\/p>\n<\/li>\n<li data-start=\"925\" data-end=\"996\">\n<p data-start=\"927\" data-end=\"996\">Br\u012bdin\u0101jums: nav piem\u0113rots b\u0113rniem, kas jaun\u0101ki par 3 gadiem, jo past\u0101v risks, ka taj\u0101 var atrasties s\u012bkas deta\u013cas.<\/p>\n<\/li>\n<\/ul>\n","protected":false},"excerpt":{"rendered":"<p>Produkta veids: rado\u0161ais komplekts<\/p>\n<p>Z\u012bmola nosaukums: Clementoni<\/p>\n<p>Izcelsmes valsts: It\u0101lija<\/p>\n<p>Iepakojuma izm\u0113ri: 33 x 35 x 6 cm<\/p>\n<p>Ieteicamais vecums: no 6 gadiem<\/p>\n<p>Nepiecie\u0161amie elementi: 3XAAA.<\/p>\n","protected":false},"featured_media":44315,"comment_status":"open","ping_status":"closed","template":"","meta":[],"product_brand":[384],"product_cat":[1180,1261,1380],"product_tag":[],"class_list":{"0":"post-44313","1":"product","2":"type-product","3":"status-publish","4":"has-post-thumbnail","6":"product_brand-clementoni-2","7":"product_cat-rotallietas-meitenem","8":"product_cat-skaistumkopsanas-komplekti-un-kosmetika-meitenem","9":"product_cat-zinas","10":"pa_amziaus-grupe-6-lv","11":"pa_prek-s-tipas-skaistumkopsanas-komplekti-rotaslietas","12":"pa_prekes-zenklas-clementoni-lv","14":"first","15":"instock","16":"sale","17":"taxable","18":"shipping-taxable","19":"purchasable","20":"product-type-simple"},"yoast_head":"<!-- This site is optimized with the Yoast SEO plugin v26.3 - https:\/\/yoast.com\/wordpress\/plugins\/seo\/ -->\n<title>Clementoni Crazy Chic skaistumkop\u0161anas komplekts Unicorn Spogulis - Toys.lt<\/title>\n<meta name=\"description\" content=\"Clementoni Crazy Chic Unicorn Mirror Skaistumkop\u0161anas komplekts ar spoguli, LED apgaismojumu, acu \u0113n\u0101m un l\u016bpu sp\u012bdumu. Izklaid\u0113jies, veidojot savu stilu!\" \/>\n<meta name=\"robots\" content=\"index, follow, max-snippet:-1, max-image-preview:large, max-video-preview:-1\" \/>\n<link rel=\"canonical\" href=\"https:\/\/toys.lt\/lv\/produktas\/clementoni-crazy-chic-radoss-rokasspradzu-komplekts-message-creations-kopija-kopija\/\" \/>\n<meta property=\"og:locale\" content=\"lv_LV\" \/>\n<meta property=\"og:type\" content=\"article\" \/>\n<meta property=\"og:title\" content=\"Clementoni Crazy Chic skaistumkop\u0161anas komplekts Unicorn Spogulis - Toys.lt\" \/>\n<meta property=\"og:description\" content=\"Clementoni Crazy Chic Unicorn Mirror Skaistumkop\u0161anas komplekts ar spoguli, LED apgaismojumu, acu \u0113n\u0101m un l\u016bpu sp\u012bdumu. Izklaid\u0113jies, veidojot savu stilu!\" \/>\n<meta property=\"og:url\" content=\"https:\/\/toys.lt\/lv\/produktas\/clementoni-crazy-chic-radoss-rokasspradzu-komplekts-message-creations-kopija-kopija\/\" \/>\n<meta property=\"og:site_name\" content=\"Toys.lt\" \/>\n<meta property=\"article:modified_time\" content=\"2026-04-08T00:01:19+00:00\" \/>\n<meta property=\"og:image\" content=\"https:\/\/toys.lt\/wp-content\/uploads\/2025\/09\/18855-clementoni-kosmetikos-rinkinys-1.jpg\" \/>\n\t<meta property=\"og:image:width\" content=\"649\" \/>\n\t<meta property=\"og:image:height\" content=\"676\" \/>\n\t<meta property=\"og:image:type\" content=\"image\/jpeg\" \/>\n<meta name=\"twitter:card\" content=\"summary_large_image\" \/>\n<meta name=\"twitter:label1\" content=\"Est. reading time\" \/>\n\t<meta name=\"twitter:data1\" content=\"1 minute\" \/>\n<script type=\"application\/ld+json\" class=\"yoast-schema-graph\">{\"@context\":\"https:\/\/schema.org\",\"@graph\":[{\"@type\":\"WebPage\",\"@id\":\"https:\/\/toys.lt\/lv\/produktas\/clementoni-crazy-chic-radoss-rokasspradzu-komplekts-message-creations-kopija-kopija\/\",\"url\":\"https:\/\/toys.lt\/lv\/produktas\/clementoni-crazy-chic-radoss-rokasspradzu-komplekts-message-creations-kopija-kopija\/\",\"name\":\"Clementoni Crazy Chic skaistumkop\u0161anas komplekts Unicorn Spogulis - Toys.lt\",\"isPartOf\":{\"@id\":\"https:\/\/toys.lt\/lv\/#website\"},\"primaryImageOfPage\":{\"@id\":\"https:\/\/toys.lt\/lv\/produktas\/clementoni-crazy-chic-radoss-rokasspradzu-komplekts-message-creations-kopija-kopija\/#primaryimage\"},\"image\":{\"@id\":\"https:\/\/toys.lt\/lv\/produktas\/clementoni-crazy-chic-radoss-rokasspradzu-komplekts-message-creations-kopija-kopija\/#primaryimage\"},\"thumbnailUrl\":\"https:\/\/toys.lt\/wp-content\/uploads\/2025\/09\/18855-clementoni-kosmetikos-rinkinys-1.jpg\",\"datePublished\":\"2025-09-04T20:58:50+00:00\",\"dateModified\":\"2026-04-08T00:01:19+00:00\",\"description\":\"Clementoni Crazy Chic Unicorn Mirror Skaistumkop\u0161anas komplekts ar spoguli, LED apgaismojumu, acu \u0113n\u0101m un l\u016bpu sp\u012bdumu. Izklaid\u0113jies, veidojot savu stilu!\",\"breadcrumb\":{\"@id\":\"https:\/\/toys.lt\/lv\/produktas\/clementoni-crazy-chic-radoss-rokasspradzu-komplekts-message-creations-kopija-kopija\/#breadcrumb\"},\"inLanguage\":\"lv-LV\",\"potentialAction\":[{\"@type\":\"ReadAction\",\"target\":[\"https:\/\/toys.lt\/lv\/produktas\/clementoni-crazy-chic-radoss-rokasspradzu-komplekts-message-creations-kopija-kopija\/\"]}]},{\"@type\":\"ImageObject\",\"inLanguage\":\"lv-LV\",\"@id\":\"https:\/\/toys.lt\/lv\/produktas\/clementoni-crazy-chic-radoss-rokasspradzu-komplekts-message-creations-kopija-kopija\/#primaryimage\",\"url\":\"https:\/\/toys.lt\/wp-content\/uploads\/2025\/09\/18855-clementoni-kosmetikos-rinkinys-1.jpg\",\"contentUrl\":\"https:\/\/toys.lt\/wp-content\/uploads\/2025\/09\/18855-clementoni-kosmetikos-rinkinys-1.jpg\",\"width\":649,\"height\":676},{\"@type\":\"BreadcrumbList\",\"@id\":\"https:\/\/toys.lt\/lv\/produktas\/clementoni-crazy-chic-radoss-rokasspradzu-komplekts-message-creations-kopija-kopija\/#breadcrumb\",\"itemListElement\":[{\"@type\":\"ListItem\",\"position\":1,\"name\":\"Home\",\"item\":\"https:\/\/toys.lt\/lv\/\"},{\"@type\":\"ListItem\",\"position\":2,\"name\":\"Veikals\",\"item\":\"https:\/\/toys.lt\/lv\/shop\/\"},{\"@type\":\"ListItem\",\"position\":3,\"name\":\"Clementoni Crazy Chic skaistumkop\u0161anas komplekts Unicorn Spogulis\"}]},{\"@type\":\"WebSite\",\"@id\":\"https:\/\/toys.lt\/lv\/#website\",\"url\":\"https:\/\/toys.lt\/lv\/\",\"name\":\"Toys.lt\",\"description\":\"\",\"potentialAction\":[{\"@type\":\"SearchAction\",\"target\":{\"@type\":\"EntryPoint\",\"urlTemplate\":\"https:\/\/toys.lt\/lv\/?s={search_term_string}\"},\"query-input\":{\"@type\":\"PropertyValueSpecification\",\"valueRequired\":true,\"valueName\":\"search_term_string\"}}],\"inLanguage\":\"lv-LV\"}]}<\/script>\n<!-- \/ Yoast SEO plugin. -->","yoast_head_json":{"title":"Clementoni Crazy Chic skaistumkop\u0161anas komplekts Unicorn Spogulis - Toys.lt","description":"Clementoni Crazy Chic Unicorn Mirror Skaistumkop\u0161anas komplekts ar spoguli, LED apgaismojumu, acu \u0113n\u0101m un l\u016bpu sp\u012bdumu. Izklaid\u0113jies, veidojot savu stilu!","robots":{"index":"index","follow":"follow","max-snippet":"max-snippet:-1","max-image-preview":"max-image-preview:large","max-video-preview":"max-video-preview:-1"},"canonical":"https:\/\/toys.lt\/lv\/produktas\/clementoni-crazy-chic-radoss-rokasspradzu-komplekts-message-creations-kopija-kopija\/","og_locale":"lv_LV","og_type":"article","og_title":"Clementoni Crazy Chic skaistumkop\u0161anas komplekts Unicorn Spogulis - Toys.lt","og_description":"Clementoni Crazy Chic Unicorn Mirror Skaistumkop\u0161anas komplekts ar spoguli, LED apgaismojumu, acu \u0113n\u0101m un l\u016bpu sp\u012bdumu. Izklaid\u0113jies, veidojot savu stilu!","og_url":"https:\/\/toys.lt\/lv\/produktas\/clementoni-crazy-chic-radoss-rokasspradzu-komplekts-message-creations-kopija-kopija\/","og_site_name":"Toys.lt","article_modified_time":"2026-04-08T00:01:19+00:00","og_image":[{"width":649,"height":676,"url":"https:\/\/toys.lt\/wp-content\/uploads\/2025\/09\/18855-clementoni-kosmetikos-rinkinys-1.jpg","type":"image\/jpeg"}],"twitter_card":"summary_large_image","twitter_misc":{"Est. reading time":"1 minute"},"schema":{"@context":"https:\/\/schema.org","@graph":[{"@type":"WebPage","@id":"https:\/\/toys.lt\/lv\/produktas\/clementoni-crazy-chic-radoss-rokasspradzu-komplekts-message-creations-kopija-kopija\/","url":"https:\/\/toys.lt\/lv\/produktas\/clementoni-crazy-chic-radoss-rokasspradzu-komplekts-message-creations-kopija-kopija\/","name":"Clementoni Crazy Chic skaistumkop\u0161anas komplekts Unicorn Spogulis - Toys.lt","isPartOf":{"@id":"https:\/\/toys.lt\/lv\/#website"},"primaryImageOfPage":{"@id":"https:\/\/toys.lt\/lv\/produktas\/clementoni-crazy-chic-radoss-rokasspradzu-komplekts-message-creations-kopija-kopija\/#primaryimage"},"image":{"@id":"https:\/\/toys.lt\/lv\/produktas\/clementoni-crazy-chic-radoss-rokasspradzu-komplekts-message-creations-kopija-kopija\/#primaryimage"},"thumbnailUrl":"https:\/\/toys.lt\/wp-content\/uploads\/2025\/09\/18855-clementoni-kosmetikos-rinkinys-1.jpg","datePublished":"2025-09-04T20:58:50+00:00","dateModified":"2026-04-08T00:01:19+00:00","description":"Clementoni Crazy Chic Unicorn Mirror Skaistumkop\u0161anas komplekts ar spoguli, LED apgaismojumu, acu \u0113n\u0101m un l\u016bpu sp\u012bdumu. Izklaid\u0113jies, veidojot savu stilu!","breadcrumb":{"@id":"https:\/\/toys.lt\/lv\/produktas\/clementoni-crazy-chic-radoss-rokasspradzu-komplekts-message-creations-kopija-kopija\/#breadcrumb"},"inLanguage":"lv-LV","potentialAction":[{"@type":"ReadAction","target":["https:\/\/toys.lt\/lv\/produktas\/clementoni-crazy-chic-radoss-rokasspradzu-komplekts-message-creations-kopija-kopija\/"]}]},{"@type":"ImageObject","inLanguage":"lv-LV","@id":"https:\/\/toys.lt\/lv\/produktas\/clementoni-crazy-chic-radoss-rokasspradzu-komplekts-message-creations-kopija-kopija\/#primaryimage","url":"https:\/\/toys.lt\/wp-content\/uploads\/2025\/09\/18855-clementoni-kosmetikos-rinkinys-1.jpg","contentUrl":"https:\/\/toys.lt\/wp-content\/uploads\/2025\/09\/18855-clementoni-kosmetikos-rinkinys-1.jpg","width":649,"height":676},{"@type":"BreadcrumbList","@id":"https:\/\/toys.lt\/lv\/produktas\/clementoni-crazy-chic-radoss-rokasspradzu-komplekts-message-creations-kopija-kopija\/#breadcrumb","itemListElement":[{"@type":"ListItem","position":1,"name":"Home","item":"https:\/\/toys.lt\/lv\/"},{"@type":"ListItem","position":2,"name":"Veikals","item":"https:\/\/toys.lt\/lv\/shop\/"},{"@type":"ListItem","position":3,"name":"Clementoni Crazy Chic skaistumkop\u0161anas komplekts Unicorn Spogulis"}]},{"@type":"WebSite","@id":"https:\/\/toys.lt\/lv\/#website","url":"https:\/\/toys.lt\/lv\/","name":"Toys.lt","description":"","potentialAction":[{"@type":"SearchAction","target":{"@type":"EntryPoint","urlTemplate":"https:\/\/toys.lt\/lv\/?s={search_term_string}"},"query-input":{"@type":"PropertyValueSpecification","valueRequired":true,"valueName":"search_term_string"}}],"inLanguage":"lv-LV"}]}},"_links":{"self":[{"href":"https:\/\/toys.lt\/lv\/wp-json\/wp\/v2\/product\/44313","targetHints":{"allow":["GET"]}}],"collection":[{"href":"https:\/\/toys.lt\/lv\/wp-json\/wp\/v2\/product"}],"about":[{"href":"https:\/\/toys.lt\/lv\/wp-json\/wp\/v2\/types\/product"}],"replies":[{"embeddable":true,"href":"https:\/\/toys.lt\/lv\/wp-json\/wp\/v2\/comments?post=44313"}],"version-history":[{"count":2,"href":"https:\/\/toys.lt\/lv\/wp-json\/wp\/v2\/product\/44313\/revisions"}],"predecessor-version":[{"id":45640,"href":"https:\/\/toys.lt\/lv\/wp-json\/wp\/v2\/product\/44313\/revisions\/45640"}],"wp:featuredmedia":[{"embeddable":true,"href":"https:\/\/toys.lt\/lv\/wp-json\/wp\/v2\/media\/44315"}],"wp:attachment":[{"href":"https:\/\/toys.lt\/lv\/wp-json\/wp\/v2\/media?parent=44313"}],"wp:term":[{"taxonomy":"product_brand","embeddable":true,"href":"https:\/\/toys.lt\/lv\/wp-json\/wp\/v2\/product_brand?post=44313"},{"taxonomy":"product_cat","embeddable":true,"href":"https:\/\/toys.lt\/lv\/wp-json\/wp\/v2\/product_cat?post=44313"},{"taxonomy":"product_tag","embeddable":true,"href":"https:\/\/toys.lt\/lv\/wp-json\/wp\/v2\/product_tag?post=44313"}],"curies":[{"name":"wp","href":"https:\/\/api.w.org\/{rel}","templated":true}]}}