{"id":44190,"date":"2025-08-27T22:56:15","date_gmt":"2025-08-27T22:56:15","guid":{"rendered":"https:\/\/toys.lt\/?post_type=product&#038;p=44190"},"modified":"2026-04-08T00:01:19","modified_gmt":"2026-04-08T00:01:19","slug":"clementoni-puzle-kakeni-un-ziepes-500gab-kopija-kopija","status":"publish","type":"product","link":"https:\/\/toys.lt\/lv\/produktas\/clementoni-puzle-kakeni-un-ziepes-500gab-kopija-kopija\/","title":{"rendered":"Clementoni Ka\u0137\u0113ni Puzzle 500 det."},"content":{"rendered":"<p class=\"MsoNormal\" style=\"margin: 0px; font-size: medium; color: #7a7a7a; padding: 0px; line-height: inherit; border: 0px; font-family: Roboto, sans-serif; background-color: #fefefe; text-align: center;\" align=\"center\"><i style=\"line-height: inherit; margin: 0px; padding: 0px; border: 0px; font-variant: inherit; font-weight: inherit; font-size: inherit; font-family: inherit;\"><span style=\"margin: 0px; padding: 0px; border: 0px; font-style: inherit; font-variant: inherit; font-weight: inherit; font-size: 8.5pt; line-height: inherit; font-family: Verdana, sans-serif; color: #000000;\">Clementoni &#8211; dibin\u0101ts It\u0101lij\u0101 un veiksm\u012bgi darbojas jau vair\u0101k nek\u0101 50 gadus! Uz\u0146\u0113muma misija ir rad\u012bt sp\u0113les, kas pal\u012bdz b\u0113rniem augt.   <\/span><\/i><\/p>\n<p class=\"MsoNormal\" style=\"margin: 0px; font-size: medium; color: #7a7a7a; padding: 0px; line-height: inherit; border: 0px; font-family: Roboto, sans-serif; background-color: #fefefe; text-align: center;\" align=\"center\"><i style=\"line-height: inherit; margin: 0px; padding: 0px; border: 0px; font-variant: inherit; font-weight: inherit; font-size: inherit; font-family: inherit;\"><span style=\"margin: 0px; padding: 0px; border: 0px; font-style: inherit; font-variant: inherit; font-weight: inherit; font-size: 8.5pt; line-height: inherit; font-family: Verdana, sans-serif; color: #000000;\">Tas viss ir izstr\u0101d\u0101ts, lai apmierin\u0101tu jaunie\u0161u vajadz\u012bbas, \u0146emot v\u0113r\u0101 m\u016bsdienu tehnolo\u0123ijas un glob\u0101l\u0101s izgl\u012bt\u012bbas tendences.<\/span><\/i><\/p>\n<p class=\"MsoNormal\" style=\"margin: 0px; font-size: medium; color: #7a7a7a; padding: 0px; line-height: inherit; border: 0px; font-family: Roboto, sans-serif; background-color: #fefefe; text-align: center;\" align=\"center\"><i style=\"line-height: inherit; margin: 0px; padding: 0px; border: 0px; font-variant: inherit; font-weight: inherit; font-size: inherit; font-family: inherit;\"><span style=\"margin: 0px; padding: 0px; border: 0px; font-style: inherit; font-variant: inherit; font-weight: inherit; font-size: 8.5pt; line-height: inherit; font-family: Verdana, sans-serif; color: #000000;\">Puzle ir lieliska izklaide visai \u0123imenei. Klusie un omul\u012bgie vakari, kas pavad\u012bti ar \u0161o br\u012bni\u0161\u0137\u012bgo nodarbi, paliks atmi\u0146\u0101 uz ilgu laiku! <\/span><\/i><\/p>\n<p data-start=\"6480\" data-end=\"6596\"><br data-start=\"6501\" data-end=\"6504\">&#8220;Ka\u0137\u0113ni&#8221; ir m\u0101j\u012bga puzle ar diviem pel\u0113kiem ka\u0137\u0113niem. 500 deta\u013cas, augstas kvalit\u0101tes druka. <\/p>\n<p data-start=\"6598\" data-end=\"6614\"><strong data-start=\"6598\" data-end=\"6612\">Funkcijas:<\/strong><\/p>\n<ul data-start=\"6615\" data-end=\"6692\">\n<li data-start=\"6615\" data-end=\"6631\">\n<p data-start=\"6617\" data-end=\"6631\">500 da\u013cas;<\/p>\n<\/li>\n<li data-start=\"6632\" data-end=\"6652\">\n<p data-start=\"6634\" data-end=\"6652\">T\u0113ma ir ka\u0137\u0113ni;<\/p>\n<\/li>\n<li data-start=\"6653\" data-end=\"6692\">\n<p data-start=\"6655\" data-end=\"6692\">Veicina koncentr\u0113\u0161an\u0101s sp\u0113jas un uzman\u012bbu.<\/p>\n<\/li>\n<\/ul>\n<p data-start=\"6694\" data-end=\"6789\"><strong data-start=\"6694\" data-end=\"6723\">Citi tehniskie dati:<\/strong><br data-start=\"6723\" data-end=\"6726\">Puzzle izm\u0113rs: ~49\u00d736 cm.<br data-start=\"6752\" data-end=\"6755\">Ieteicamais vecums: no 10 gadiem.<\/p>\n","protected":false},"excerpt":{"rendered":"<p>Produkta veids: puzle<\/p>\n<p>Z\u012bmola nosaukums: Clementoni<\/p>\n<p>Izcelsmes valsts: It\u0101lija<\/p>\n<p>Iepakojuma izm\u0113ri: 35 x 5 x 25 cm<\/p>\n<p>Gabali\u0146u skaits: 500<\/p>\n<p>Puzzle izm\u0113ri: 49 x 36 cm<\/p>\n<p>Ieteicamais vecums: no 10 gadiem.<\/p>\n","protected":false},"featured_media":44192,"comment_status":"open","ping_status":"closed","template":"","meta":[],"product_brand":[384],"product_cat":[1380,1406,1153,1165],"product_tag":[],"class_list":{"0":"post-44190","1":"product","2":"type-product","3":"status-publish","4":"has-post-thumbnail","6":"product_brand-clementoni-2","7":"product_cat-zinas","8":"product_cat-letakais","9":"product_cat-puzles-puzle","10":"product_cat-puzles-no-500-lidz-1000-gabaliniem","11":"pa_amziaus-grupe-10-lv","12":"pa_dali-skaicius-500-lv","13":"pa_prekes-zenklas-clementoni-lv","14":"pa_tema-dzivnieki","16":"first","17":"instock","18":"taxable","19":"shipping-taxable","20":"purchasable","21":"product-type-simple"},"yoast_head":"<!-- This site is optimized with the Yoast SEO plugin v26.3 - https:\/\/yoast.com\/wordpress\/plugins\/seo\/ -->\n<title>Clementoni Ka\u0137\u0113ni Puzzle 500 det. - Toys.lt<\/title>\n<meta name=\"description\" content=\"500 gabali\u0146i Clementoni Kittens puzle ar pel\u0113kiem ka\u0137\u0113niem. Augsta drukas kvalit\u0101te, ko\u0161as kr\u0101sas un jautra izgl\u012btojo\u0161a aktivit\u0101te b\u0113rniem no 10 gadu vecuma.\" \/>\n<meta name=\"robots\" content=\"index, follow, max-snippet:-1, max-image-preview:large, max-video-preview:-1\" \/>\n<link rel=\"canonical\" href=\"https:\/\/toys.lt\/lv\/produktas\/clementoni-puzle-kakeni-un-ziepes-500gab-kopija-kopija\/\" \/>\n<meta property=\"og:locale\" content=\"lv_LV\" \/>\n<meta property=\"og:type\" content=\"article\" \/>\n<meta property=\"og:title\" content=\"Clementoni Ka\u0137\u0113ni Puzzle 500 det. - Toys.lt\" \/>\n<meta property=\"og:description\" content=\"500 gabali\u0146i Clementoni Kittens puzle ar pel\u0113kiem ka\u0137\u0113niem. Augsta drukas kvalit\u0101te, ko\u0161as kr\u0101sas un jautra izgl\u012btojo\u0161a aktivit\u0101te b\u0113rniem no 10 gadu vecuma.\" \/>\n<meta property=\"og:url\" content=\"https:\/\/toys.lt\/lv\/produktas\/clementoni-puzle-kakeni-un-ziepes-500gab-kopija-kopija\/\" \/>\n<meta property=\"og:site_name\" content=\"Toys.lt\" \/>\n<meta property=\"article:modified_time\" content=\"2026-04-08T00:01:19+00:00\" \/>\n<meta property=\"og:image\" content=\"https:\/\/toys.lt\/wp-content\/uploads\/2025\/08\/30545-delione.jpg\" \/>\n\t<meta property=\"og:image:width\" content=\"600\" \/>\n\t<meta property=\"og:image:height\" content=\"600\" \/>\n\t<meta property=\"og:image:type\" content=\"image\/jpeg\" \/>\n<meta name=\"twitter:card\" content=\"summary_large_image\" \/>\n<meta name=\"twitter:label1\" content=\"Est. reading time\" \/>\n\t<meta name=\"twitter:data1\" content=\"1 minute\" \/>\n<script type=\"application\/ld+json\" class=\"yoast-schema-graph\">{\"@context\":\"https:\/\/schema.org\",\"@graph\":[{\"@type\":\"WebPage\",\"@id\":\"https:\/\/toys.lt\/lv\/produktas\/clementoni-puzle-kakeni-un-ziepes-500gab-kopija-kopija\/\",\"url\":\"https:\/\/toys.lt\/lv\/produktas\/clementoni-puzle-kakeni-un-ziepes-500gab-kopija-kopija\/\",\"name\":\"Clementoni Ka\u0137\u0113ni Puzzle 500 det. - Toys.lt\",\"isPartOf\":{\"@id\":\"https:\/\/toys.lt\/lv\/#website\"},\"primaryImageOfPage\":{\"@id\":\"https:\/\/toys.lt\/lv\/produktas\/clementoni-puzle-kakeni-un-ziepes-500gab-kopija-kopija\/#primaryimage\"},\"image\":{\"@id\":\"https:\/\/toys.lt\/lv\/produktas\/clementoni-puzle-kakeni-un-ziepes-500gab-kopija-kopija\/#primaryimage\"},\"thumbnailUrl\":\"https:\/\/toys.lt\/wp-content\/uploads\/2025\/08\/30545-delione.jpg\",\"datePublished\":\"2025-08-27T22:56:15+00:00\",\"dateModified\":\"2026-04-08T00:01:19+00:00\",\"description\":\"500 gabali\u0146i Clementoni Kittens puzle ar pel\u0113kiem ka\u0137\u0113niem. Augsta drukas kvalit\u0101te, ko\u0161as kr\u0101sas un jautra izgl\u012btojo\u0161a aktivit\u0101te b\u0113rniem no 10 gadu vecuma.\",\"breadcrumb\":{\"@id\":\"https:\/\/toys.lt\/lv\/produktas\/clementoni-puzle-kakeni-un-ziepes-500gab-kopija-kopija\/#breadcrumb\"},\"inLanguage\":\"lv-LV\",\"potentialAction\":[{\"@type\":\"ReadAction\",\"target\":[\"https:\/\/toys.lt\/lv\/produktas\/clementoni-puzle-kakeni-un-ziepes-500gab-kopija-kopija\/\"]}]},{\"@type\":\"ImageObject\",\"inLanguage\":\"lv-LV\",\"@id\":\"https:\/\/toys.lt\/lv\/produktas\/clementoni-puzle-kakeni-un-ziepes-500gab-kopija-kopija\/#primaryimage\",\"url\":\"https:\/\/toys.lt\/wp-content\/uploads\/2025\/08\/30545-delione.jpg\",\"contentUrl\":\"https:\/\/toys.lt\/wp-content\/uploads\/2025\/08\/30545-delione.jpg\",\"width\":600,\"height\":600},{\"@type\":\"BreadcrumbList\",\"@id\":\"https:\/\/toys.lt\/lv\/produktas\/clementoni-puzle-kakeni-un-ziepes-500gab-kopija-kopija\/#breadcrumb\",\"itemListElement\":[{\"@type\":\"ListItem\",\"position\":1,\"name\":\"Home\",\"item\":\"https:\/\/toys.lt\/lv\/\"},{\"@type\":\"ListItem\",\"position\":2,\"name\":\"Veikals\",\"item\":\"https:\/\/toys.lt\/lv\/shop\/\"},{\"@type\":\"ListItem\",\"position\":3,\"name\":\"Clementoni Ka\u0137\u0113ni Puzzle 500 det.\"}]},{\"@type\":\"WebSite\",\"@id\":\"https:\/\/toys.lt\/lv\/#website\",\"url\":\"https:\/\/toys.lt\/lv\/\",\"name\":\"Toys.lt\",\"description\":\"\",\"potentialAction\":[{\"@type\":\"SearchAction\",\"target\":{\"@type\":\"EntryPoint\",\"urlTemplate\":\"https:\/\/toys.lt\/lv\/?s={search_term_string}\"},\"query-input\":{\"@type\":\"PropertyValueSpecification\",\"valueRequired\":true,\"valueName\":\"search_term_string\"}}],\"inLanguage\":\"lv-LV\"}]}<\/script>\n<!-- \/ Yoast SEO plugin. -->","yoast_head_json":{"title":"Clementoni Ka\u0137\u0113ni Puzzle 500 det. - Toys.lt","description":"500 gabali\u0146i Clementoni Kittens puzle ar pel\u0113kiem ka\u0137\u0113niem. Augsta drukas kvalit\u0101te, ko\u0161as kr\u0101sas un jautra izgl\u012btojo\u0161a aktivit\u0101te b\u0113rniem no 10 gadu vecuma.","robots":{"index":"index","follow":"follow","max-snippet":"max-snippet:-1","max-image-preview":"max-image-preview:large","max-video-preview":"max-video-preview:-1"},"canonical":"https:\/\/toys.lt\/lv\/produktas\/clementoni-puzle-kakeni-un-ziepes-500gab-kopija-kopija\/","og_locale":"lv_LV","og_type":"article","og_title":"Clementoni Ka\u0137\u0113ni Puzzle 500 det. - Toys.lt","og_description":"500 gabali\u0146i Clementoni Kittens puzle ar pel\u0113kiem ka\u0137\u0113niem. Augsta drukas kvalit\u0101te, ko\u0161as kr\u0101sas un jautra izgl\u012btojo\u0161a aktivit\u0101te b\u0113rniem no 10 gadu vecuma.","og_url":"https:\/\/toys.lt\/lv\/produktas\/clementoni-puzle-kakeni-un-ziepes-500gab-kopija-kopija\/","og_site_name":"Toys.lt","article_modified_time":"2026-04-08T00:01:19+00:00","og_image":[{"width":600,"height":600,"url":"https:\/\/toys.lt\/wp-content\/uploads\/2025\/08\/30545-delione.jpg","type":"image\/jpeg"}],"twitter_card":"summary_large_image","twitter_misc":{"Est. reading time":"1 minute"},"schema":{"@context":"https:\/\/schema.org","@graph":[{"@type":"WebPage","@id":"https:\/\/toys.lt\/lv\/produktas\/clementoni-puzle-kakeni-un-ziepes-500gab-kopija-kopija\/","url":"https:\/\/toys.lt\/lv\/produktas\/clementoni-puzle-kakeni-un-ziepes-500gab-kopija-kopija\/","name":"Clementoni Ka\u0137\u0113ni Puzzle 500 det. - Toys.lt","isPartOf":{"@id":"https:\/\/toys.lt\/lv\/#website"},"primaryImageOfPage":{"@id":"https:\/\/toys.lt\/lv\/produktas\/clementoni-puzle-kakeni-un-ziepes-500gab-kopija-kopija\/#primaryimage"},"image":{"@id":"https:\/\/toys.lt\/lv\/produktas\/clementoni-puzle-kakeni-un-ziepes-500gab-kopija-kopija\/#primaryimage"},"thumbnailUrl":"https:\/\/toys.lt\/wp-content\/uploads\/2025\/08\/30545-delione.jpg","datePublished":"2025-08-27T22:56:15+00:00","dateModified":"2026-04-08T00:01:19+00:00","description":"500 gabali\u0146i Clementoni Kittens puzle ar pel\u0113kiem ka\u0137\u0113niem. Augsta drukas kvalit\u0101te, ko\u0161as kr\u0101sas un jautra izgl\u012btojo\u0161a aktivit\u0101te b\u0113rniem no 10 gadu vecuma.","breadcrumb":{"@id":"https:\/\/toys.lt\/lv\/produktas\/clementoni-puzle-kakeni-un-ziepes-500gab-kopija-kopija\/#breadcrumb"},"inLanguage":"lv-LV","potentialAction":[{"@type":"ReadAction","target":["https:\/\/toys.lt\/lv\/produktas\/clementoni-puzle-kakeni-un-ziepes-500gab-kopija-kopija\/"]}]},{"@type":"ImageObject","inLanguage":"lv-LV","@id":"https:\/\/toys.lt\/lv\/produktas\/clementoni-puzle-kakeni-un-ziepes-500gab-kopija-kopija\/#primaryimage","url":"https:\/\/toys.lt\/wp-content\/uploads\/2025\/08\/30545-delione.jpg","contentUrl":"https:\/\/toys.lt\/wp-content\/uploads\/2025\/08\/30545-delione.jpg","width":600,"height":600},{"@type":"BreadcrumbList","@id":"https:\/\/toys.lt\/lv\/produktas\/clementoni-puzle-kakeni-un-ziepes-500gab-kopija-kopija\/#breadcrumb","itemListElement":[{"@type":"ListItem","position":1,"name":"Home","item":"https:\/\/toys.lt\/lv\/"},{"@type":"ListItem","position":2,"name":"Veikals","item":"https:\/\/toys.lt\/lv\/shop\/"},{"@type":"ListItem","position":3,"name":"Clementoni Ka\u0137\u0113ni Puzzle 500 det."}]},{"@type":"WebSite","@id":"https:\/\/toys.lt\/lv\/#website","url":"https:\/\/toys.lt\/lv\/","name":"Toys.lt","description":"","potentialAction":[{"@type":"SearchAction","target":{"@type":"EntryPoint","urlTemplate":"https:\/\/toys.lt\/lv\/?s={search_term_string}"},"query-input":{"@type":"PropertyValueSpecification","valueRequired":true,"valueName":"search_term_string"}}],"inLanguage":"lv-LV"}]}},"_links":{"self":[{"href":"https:\/\/toys.lt\/lv\/wp-json\/wp\/v2\/product\/44190","targetHints":{"allow":["GET"]}}],"collection":[{"href":"https:\/\/toys.lt\/lv\/wp-json\/wp\/v2\/product"}],"about":[{"href":"https:\/\/toys.lt\/lv\/wp-json\/wp\/v2\/types\/product"}],"replies":[{"embeddable":true,"href":"https:\/\/toys.lt\/lv\/wp-json\/wp\/v2\/comments?post=44190"}],"version-history":[{"count":2,"href":"https:\/\/toys.lt\/lv\/wp-json\/wp\/v2\/product\/44190\/revisions"}],"predecessor-version":[{"id":45633,"href":"https:\/\/toys.lt\/lv\/wp-json\/wp\/v2\/product\/44190\/revisions\/45633"}],"wp:featuredmedia":[{"embeddable":true,"href":"https:\/\/toys.lt\/lv\/wp-json\/wp\/v2\/media\/44192"}],"wp:attachment":[{"href":"https:\/\/toys.lt\/lv\/wp-json\/wp\/v2\/media?parent=44190"}],"wp:term":[{"taxonomy":"product_brand","embeddable":true,"href":"https:\/\/toys.lt\/lv\/wp-json\/wp\/v2\/product_brand?post=44190"},{"taxonomy":"product_cat","embeddable":true,"href":"https:\/\/toys.lt\/lv\/wp-json\/wp\/v2\/product_cat?post=44190"},{"taxonomy":"product_tag","embeddable":true,"href":"https:\/\/toys.lt\/lv\/wp-json\/wp\/v2\/product_tag?post=44190"}],"curies":[{"name":"wp","href":"https:\/\/api.w.org\/{rel}","templated":true}]}}