{"id":44104,"date":"2025-08-27T22:32:13","date_gmt":"2025-08-27T22:32:13","guid":{"rendered":"https:\/\/toys.lt\/?post_type=product&#038;p=44104"},"modified":"2026-04-08T00:01:22","modified_gmt":"2026-04-08T00:01:22","slug":"clementoni-supercolor-maxi-puzzle-paw-patrol-24-gab-kopija-kopija","status":"publish","type":"product","link":"https:\/\/toys.lt\/lv\/produktas\/clementoni-supercolor-maxi-puzzle-paw-patrol-24-gab-kopija-kopija\/","title":{"rendered":"Clementoni Frozen Edukit 4in1 Puzzle"},"content":{"rendered":"<p class=\"MsoNormal\" style=\"margin: 0px; font-size: medium; color: #7a7a7a; padding: 0px; line-height: inherit; border: 0px; font-family: Roboto, sans-serif; background-color: #fefefe; text-align: center;\" align=\"center\"><i style=\"line-height: inherit; margin: 0px; padding: 0px; border: 0px; font-variant: inherit; font-weight: inherit; font-size: inherit; font-family: inherit;\"><span style=\"margin: 0px; padding: 0px; border: 0px; font-style: inherit; font-variant: inherit; font-weight: inherit; font-size: 8.5pt; line-height: inherit; font-family: Verdana, sans-serif; color: #000000;\">Clementoni &#8211; dibin\u0101ts It\u0101lij\u0101 un veiksm\u012bgi darbojas jau vair\u0101k nek\u0101 50 gadus! Uz\u0146\u0113muma misija ir rad\u012bt sp\u0113les, kas pal\u012bdz b\u0113rniem augt.   <\/span><\/i><\/p>\n<p class=\"MsoNormal\" style=\"margin: 0px; font-size: medium; color: #7a7a7a; padding: 0px; line-height: inherit; border: 0px; font-family: Roboto, sans-serif; background-color: #fefefe; text-align: center;\" align=\"center\"><i style=\"line-height: inherit; margin: 0px; padding: 0px; border: 0px; font-variant: inherit; font-weight: inherit; font-size: inherit; font-family: inherit;\"><span style=\"margin: 0px; padding: 0px; border: 0px; font-style: inherit; font-variant: inherit; font-weight: inherit; font-size: 8.5pt; line-height: inherit; font-family: Verdana, sans-serif; color: #000000;\">Tas viss ir izstr\u0101d\u0101ts, lai apmierin\u0101tu jaunie\u0161u vajadz\u012bbas, \u0146emot v\u0113r\u0101 m\u016bsdienu tehnolo\u0123ijas un glob\u0101l\u0101s izgl\u012bt\u012bbas tendences.<\/span><\/i><\/p>\n<p class=\"MsoNormal\" style=\"margin: 0px; font-size: medium; color: #7a7a7a; padding: 0px; line-height: inherit; border: 0px; font-family: Roboto, sans-serif; background-color: #fefefe; text-align: center;\" align=\"center\"><i style=\"line-height: inherit; margin: 0px; padding: 0px; border: 0px; font-variant: inherit; font-weight: inherit; font-size: inherit; font-family: inherit;\"><span style=\"margin: 0px; padding: 0px; border: 0px; font-style: inherit; font-variant: inherit; font-weight: inherit; font-size: 8.5pt; line-height: inherit; font-family: Verdana, sans-serif; color: #000000;\">Puzle ir lieliska izklaide visai \u0123imenei. Klusie un omul\u012bgie vakari, kas pavad\u012bti ar \u0161o br\u012bni\u0161\u0137\u012bgo nodarbi, paliks atmi\u0146\u0101 uz ilgu laiku! <\/span><\/i><\/p>\n<p data-start=\"435\" data-end=\"589\"><br data-start=\"456\" data-end=\"459\">&#8220;Frozen 4in1&#8221; komplekts ar iem\u012b\u013cotajiem Ledus zemes varo\u0146iem. \u013bauj b\u0113rniem sp\u0113l\u0113ties un m\u0101c\u012bties da\u017e\u0101dos veidos vien\u0101 kast\u0113. <\/p>\n<p data-start=\"591\" data-end=\"607\"><strong data-start=\"591\" data-end=\"605\">Funkcijas:<\/strong><\/p>\n<ul data-start=\"608\" data-end=\"745\">\n<li data-start=\"608\" data-end=\"641\">\n<p data-start=\"610\" data-end=\"641\">Divas puzles (30 un 48 deta\u013cas);<\/p>\n<\/li>\n<li data-start=\"642\" data-end=\"660\">\n<p data-start=\"644\" data-end=\"660\">Atmi\u0146u sp\u0113le;<\/p>\n<\/li>\n<li data-start=\"661\" data-end=\"694\">\n<p data-start=\"663\" data-end=\"694\">6 att\u0113lu kubi;<\/p>\n<\/li>\n<li data-start=\"695\" data-end=\"745\">\n<p data-start=\"697\" data-end=\"745\">Aizraujo\u0161a sp\u0113le ar paz\u012bstamiem varo\u0146iem.<\/p>\n<\/li>\n<\/ul>\n<p data-start=\"747\" data-end=\"882\">\n","protected":false},"excerpt":{"rendered":"<p>Produkta veids: puzle<\/p>\n<p>Z\u012bmola nosaukums: Clementoni<\/p>\n<p>Izcelsmes valsts: It\u0101lija<\/p>\n<p>Gabali\u0146u skaits: 30+48<\/p>\n<p>Iepakojuma izm\u0113ri: 37 x 26 x 5 cm<\/p>\n<p>Ieteicamais vecums: no 3 gadiem.<\/p>\n","protected":false},"featured_media":44106,"comment_status":"open","ping_status":"closed","template":"","meta":[],"product_brand":[384],"product_cat":[1380,1153,1161],"product_tag":[],"class_list":{"0":"post-44104","1":"product","2":"type-product","3":"status-publish","4":"has-post-thumbnail","6":"product_brand-clementoni-2","7":"product_cat-zinas","8":"product_cat-puzles-puzle","9":"product_cat-puzles-mazajiem","10":"pa_amziaus-grupe-3-lv","11":"pa_dali-skaicius-30-lv","12":"pa_dali-skaicius-40-lv","13":"pa_prekes-zenklas-clementoni-lv","14":"pa_tema-disney-varoni","16":"first","17":"instock","18":"sale","19":"taxable","20":"shipping-taxable","21":"purchasable","22":"product-type-simple"},"yoast_head":"<!-- This site is optimized with the Yoast SEO plugin v26.3 - https:\/\/yoast.com\/wordpress\/plugins\/seo\/ -->\n<title>Clementoni Frozen Edukit 4in1 Puzzle - Toys.lt<\/title>\n<meta name=\"description\" content=\"Frozen Ice Party Edukit 4in1 komplekts: 2 puzles, piemi\u0146as kartes un 6 kluc\u012b\u0161i. Izgl\u012btojo\u0161a sp\u0113le b\u0113rniem no 3 gadu vecuma.\" \/>\n<meta name=\"robots\" content=\"index, follow, max-snippet:-1, max-image-preview:large, max-video-preview:-1\" \/>\n<link rel=\"canonical\" href=\"https:\/\/toys.lt\/lv\/produktas\/clementoni-supercolor-maxi-puzzle-paw-patrol-24-gab-kopija-kopija\/\" \/>\n<meta property=\"og:locale\" content=\"lv_LV\" \/>\n<meta property=\"og:type\" content=\"article\" \/>\n<meta property=\"og:title\" content=\"Clementoni Frozen Edukit 4in1 Puzzle - Toys.lt\" \/>\n<meta property=\"og:description\" content=\"Frozen Ice Party Edukit 4in1 komplekts: 2 puzles, piemi\u0146as kartes un 6 kluc\u012b\u0161i. Izgl\u012btojo\u0161a sp\u0113le b\u0113rniem no 3 gadu vecuma.\" \/>\n<meta property=\"og:url\" content=\"https:\/\/toys.lt\/lv\/produktas\/clementoni-supercolor-maxi-puzzle-paw-patrol-24-gab-kopija-kopija\/\" \/>\n<meta property=\"og:site_name\" content=\"Toys.lt\" \/>\n<meta property=\"article:modified_time\" content=\"2026-04-08T00:01:22+00:00\" \/>\n<meta property=\"og:image\" content=\"https:\/\/toys.lt\/wp-content\/uploads\/2025\/08\/18292-delione-frozen-1.jpg\" \/>\n\t<meta property=\"og:image:width\" content=\"1500\" \/>\n\t<meta property=\"og:image:height\" content=\"1217\" \/>\n\t<meta property=\"og:image:type\" content=\"image\/jpeg\" \/>\n<meta name=\"twitter:card\" content=\"summary_large_image\" \/>\n<meta name=\"twitter:label1\" content=\"Est. reading time\" \/>\n\t<meta name=\"twitter:data1\" content=\"1 minute\" \/>\n<script type=\"application\/ld+json\" class=\"yoast-schema-graph\">{\"@context\":\"https:\/\/schema.org\",\"@graph\":[{\"@type\":\"WebPage\",\"@id\":\"https:\/\/toys.lt\/lv\/produktas\/clementoni-supercolor-maxi-puzzle-paw-patrol-24-gab-kopija-kopija\/\",\"url\":\"https:\/\/toys.lt\/lv\/produktas\/clementoni-supercolor-maxi-puzzle-paw-patrol-24-gab-kopija-kopija\/\",\"name\":\"Clementoni Frozen Edukit 4in1 Puzzle - Toys.lt\",\"isPartOf\":{\"@id\":\"https:\/\/toys.lt\/lv\/#website\"},\"primaryImageOfPage\":{\"@id\":\"https:\/\/toys.lt\/lv\/produktas\/clementoni-supercolor-maxi-puzzle-paw-patrol-24-gab-kopija-kopija\/#primaryimage\"},\"image\":{\"@id\":\"https:\/\/toys.lt\/lv\/produktas\/clementoni-supercolor-maxi-puzzle-paw-patrol-24-gab-kopija-kopija\/#primaryimage\"},\"thumbnailUrl\":\"https:\/\/toys.lt\/wp-content\/uploads\/2025\/08\/18292-delione-frozen-1.jpg\",\"datePublished\":\"2025-08-27T22:32:13+00:00\",\"dateModified\":\"2026-04-08T00:01:22+00:00\",\"description\":\"Frozen Ice Party Edukit 4in1 komplekts: 2 puzles, piemi\u0146as kartes un 6 kluc\u012b\u0161i. Izgl\u012btojo\u0161a sp\u0113le b\u0113rniem no 3 gadu vecuma.\",\"breadcrumb\":{\"@id\":\"https:\/\/toys.lt\/lv\/produktas\/clementoni-supercolor-maxi-puzzle-paw-patrol-24-gab-kopija-kopija\/#breadcrumb\"},\"inLanguage\":\"lv-LV\",\"potentialAction\":[{\"@type\":\"ReadAction\",\"target\":[\"https:\/\/toys.lt\/lv\/produktas\/clementoni-supercolor-maxi-puzzle-paw-patrol-24-gab-kopija-kopija\/\"]}]},{\"@type\":\"ImageObject\",\"inLanguage\":\"lv-LV\",\"@id\":\"https:\/\/toys.lt\/lv\/produktas\/clementoni-supercolor-maxi-puzzle-paw-patrol-24-gab-kopija-kopija\/#primaryimage\",\"url\":\"https:\/\/toys.lt\/wp-content\/uploads\/2025\/08\/18292-delione-frozen-1.jpg\",\"contentUrl\":\"https:\/\/toys.lt\/wp-content\/uploads\/2025\/08\/18292-delione-frozen-1.jpg\",\"width\":1500,\"height\":1217},{\"@type\":\"BreadcrumbList\",\"@id\":\"https:\/\/toys.lt\/lv\/produktas\/clementoni-supercolor-maxi-puzzle-paw-patrol-24-gab-kopija-kopija\/#breadcrumb\",\"itemListElement\":[{\"@type\":\"ListItem\",\"position\":1,\"name\":\"Home\",\"item\":\"https:\/\/toys.lt\/lv\/\"},{\"@type\":\"ListItem\",\"position\":2,\"name\":\"Veikals\",\"item\":\"https:\/\/toys.lt\/lv\/shop\/\"},{\"@type\":\"ListItem\",\"position\":3,\"name\":\"Clementoni Frozen Edukit 4in1 Puzzle\"}]},{\"@type\":\"WebSite\",\"@id\":\"https:\/\/toys.lt\/lv\/#website\",\"url\":\"https:\/\/toys.lt\/lv\/\",\"name\":\"Toys.lt\",\"description\":\"\",\"potentialAction\":[{\"@type\":\"SearchAction\",\"target\":{\"@type\":\"EntryPoint\",\"urlTemplate\":\"https:\/\/toys.lt\/lv\/?s={search_term_string}\"},\"query-input\":{\"@type\":\"PropertyValueSpecification\",\"valueRequired\":true,\"valueName\":\"search_term_string\"}}],\"inLanguage\":\"lv-LV\"}]}<\/script>\n<!-- \/ Yoast SEO plugin. -->","yoast_head_json":{"title":"Clementoni Frozen Edukit 4in1 Puzzle - Toys.lt","description":"Frozen Ice Party Edukit 4in1 komplekts: 2 puzles, piemi\u0146as kartes un 6 kluc\u012b\u0161i. Izgl\u012btojo\u0161a sp\u0113le b\u0113rniem no 3 gadu vecuma.","robots":{"index":"index","follow":"follow","max-snippet":"max-snippet:-1","max-image-preview":"max-image-preview:large","max-video-preview":"max-video-preview:-1"},"canonical":"https:\/\/toys.lt\/lv\/produktas\/clementoni-supercolor-maxi-puzzle-paw-patrol-24-gab-kopija-kopija\/","og_locale":"lv_LV","og_type":"article","og_title":"Clementoni Frozen Edukit 4in1 Puzzle - Toys.lt","og_description":"Frozen Ice Party Edukit 4in1 komplekts: 2 puzles, piemi\u0146as kartes un 6 kluc\u012b\u0161i. Izgl\u012btojo\u0161a sp\u0113le b\u0113rniem no 3 gadu vecuma.","og_url":"https:\/\/toys.lt\/lv\/produktas\/clementoni-supercolor-maxi-puzzle-paw-patrol-24-gab-kopija-kopija\/","og_site_name":"Toys.lt","article_modified_time":"2026-04-08T00:01:22+00:00","og_image":[{"width":1500,"height":1217,"url":"https:\/\/toys.lt\/wp-content\/uploads\/2025\/08\/18292-delione-frozen-1.jpg","type":"image\/jpeg"}],"twitter_card":"summary_large_image","twitter_misc":{"Est. reading time":"1 minute"},"schema":{"@context":"https:\/\/schema.org","@graph":[{"@type":"WebPage","@id":"https:\/\/toys.lt\/lv\/produktas\/clementoni-supercolor-maxi-puzzle-paw-patrol-24-gab-kopija-kopija\/","url":"https:\/\/toys.lt\/lv\/produktas\/clementoni-supercolor-maxi-puzzle-paw-patrol-24-gab-kopija-kopija\/","name":"Clementoni Frozen Edukit 4in1 Puzzle - Toys.lt","isPartOf":{"@id":"https:\/\/toys.lt\/lv\/#website"},"primaryImageOfPage":{"@id":"https:\/\/toys.lt\/lv\/produktas\/clementoni-supercolor-maxi-puzzle-paw-patrol-24-gab-kopija-kopija\/#primaryimage"},"image":{"@id":"https:\/\/toys.lt\/lv\/produktas\/clementoni-supercolor-maxi-puzzle-paw-patrol-24-gab-kopija-kopija\/#primaryimage"},"thumbnailUrl":"https:\/\/toys.lt\/wp-content\/uploads\/2025\/08\/18292-delione-frozen-1.jpg","datePublished":"2025-08-27T22:32:13+00:00","dateModified":"2026-04-08T00:01:22+00:00","description":"Frozen Ice Party Edukit 4in1 komplekts: 2 puzles, piemi\u0146as kartes un 6 kluc\u012b\u0161i. Izgl\u012btojo\u0161a sp\u0113le b\u0113rniem no 3 gadu vecuma.","breadcrumb":{"@id":"https:\/\/toys.lt\/lv\/produktas\/clementoni-supercolor-maxi-puzzle-paw-patrol-24-gab-kopija-kopija\/#breadcrumb"},"inLanguage":"lv-LV","potentialAction":[{"@type":"ReadAction","target":["https:\/\/toys.lt\/lv\/produktas\/clementoni-supercolor-maxi-puzzle-paw-patrol-24-gab-kopija-kopija\/"]}]},{"@type":"ImageObject","inLanguage":"lv-LV","@id":"https:\/\/toys.lt\/lv\/produktas\/clementoni-supercolor-maxi-puzzle-paw-patrol-24-gab-kopija-kopija\/#primaryimage","url":"https:\/\/toys.lt\/wp-content\/uploads\/2025\/08\/18292-delione-frozen-1.jpg","contentUrl":"https:\/\/toys.lt\/wp-content\/uploads\/2025\/08\/18292-delione-frozen-1.jpg","width":1500,"height":1217},{"@type":"BreadcrumbList","@id":"https:\/\/toys.lt\/lv\/produktas\/clementoni-supercolor-maxi-puzzle-paw-patrol-24-gab-kopija-kopija\/#breadcrumb","itemListElement":[{"@type":"ListItem","position":1,"name":"Home","item":"https:\/\/toys.lt\/lv\/"},{"@type":"ListItem","position":2,"name":"Veikals","item":"https:\/\/toys.lt\/lv\/shop\/"},{"@type":"ListItem","position":3,"name":"Clementoni Frozen Edukit 4in1 Puzzle"}]},{"@type":"WebSite","@id":"https:\/\/toys.lt\/lv\/#website","url":"https:\/\/toys.lt\/lv\/","name":"Toys.lt","description":"","potentialAction":[{"@type":"SearchAction","target":{"@type":"EntryPoint","urlTemplate":"https:\/\/toys.lt\/lv\/?s={search_term_string}"},"query-input":{"@type":"PropertyValueSpecification","valueRequired":true,"valueName":"search_term_string"}}],"inLanguage":"lv-LV"}]}},"_links":{"self":[{"href":"https:\/\/toys.lt\/lv\/wp-json\/wp\/v2\/product\/44104","targetHints":{"allow":["GET"]}}],"collection":[{"href":"https:\/\/toys.lt\/lv\/wp-json\/wp\/v2\/product"}],"about":[{"href":"https:\/\/toys.lt\/lv\/wp-json\/wp\/v2\/types\/product"}],"replies":[{"embeddable":true,"href":"https:\/\/toys.lt\/lv\/wp-json\/wp\/v2\/comments?post=44104"}],"version-history":[{"count":2,"href":"https:\/\/toys.lt\/lv\/wp-json\/wp\/v2\/product\/44104\/revisions"}],"predecessor-version":[{"id":45661,"href":"https:\/\/toys.lt\/lv\/wp-json\/wp\/v2\/product\/44104\/revisions\/45661"}],"wp:featuredmedia":[{"embeddable":true,"href":"https:\/\/toys.lt\/lv\/wp-json\/wp\/v2\/media\/44106"}],"wp:attachment":[{"href":"https:\/\/toys.lt\/lv\/wp-json\/wp\/v2\/media?parent=44104"}],"wp:term":[{"taxonomy":"product_brand","embeddable":true,"href":"https:\/\/toys.lt\/lv\/wp-json\/wp\/v2\/product_brand?post=44104"},{"taxonomy":"product_cat","embeddable":true,"href":"https:\/\/toys.lt\/lv\/wp-json\/wp\/v2\/product_cat?post=44104"},{"taxonomy":"product_tag","embeddable":true,"href":"https:\/\/toys.lt\/lv\/wp-json\/wp\/v2\/product_tag?post=44104"}],"curies":[{"name":"wp","href":"https:\/\/api.w.org\/{rel}","templated":true}]}}