{"id":44082,"date":"2025-08-27T22:19:47","date_gmt":"2025-08-27T22:19:47","guid":{"rendered":"https:\/\/toys.lt\/?post_type=product&#038;p=44082"},"modified":"2026-04-08T00:01:22","modified_gmt":"2026-04-08T00:01:22","slug":"clementoni-kosmosa-rakete-sensora-rotallieta-ar-kluciem-kopija","status":"publish","type":"product","link":"https:\/\/toys.lt\/lv\/produktas\/clementoni-kosmosa-rakete-sensora-rotallieta-ar-kluciem-kopija\/","title":{"rendered":"Clementoni aktivit\u0101\u0161u m\u0101ja Montessori"},"content":{"rendered":"<p data-start=\"2749\" data-end=\"2976\">Clementoni &#8220;My Activity House&#8221; ir rota\u013clieta, kas balst\u012bta uz Montesori metodi, ar daudz sl\u0113dzen\u0113m, logiem un durv\u012bm, kas att\u012bsta b\u0113rna lo\u0123isko dom\u0101\u0161anu, c\u0113lo\u0146u un seku uztveri un s\u012bko motoriku.<\/p>\n<p data-start=\"2978\" data-end=\"2994\"><strong data-start=\"2978\" data-end=\"2992\">Funkcijas:<\/strong><\/p>\n<ul data-start=\"2995\" data-end=\"3205\">\n<li data-start=\"2995\" data-end=\"3055\">\n<p data-start=\"2997\" data-end=\"3055\">Da\u017e\u0101das atsl\u0113gas un sl\u0113dzenes atblo\u0137\u0113\u0161anai;<\/p>\n<\/li>\n<li data-start=\"3056\" data-end=\"3112\">\n<p data-start=\"3058\" data-end=\"3112\">Durvis un logi atkl\u0101j sl\u0113ptus p\u0101rsteigumus;<\/p>\n<\/li>\n<li data-start=\"3113\" data-end=\"3157\">\n<p data-start=\"3115\" data-end=\"3157\">Ietver nelielu sp\u0113les t\u0113lu;<\/p>\n<\/li>\n<li data-start=\"3158\" data-end=\"3205\">\n<p data-start=\"3160\" data-end=\"3205\">Iedvesmojoties no Montesori izgl\u012bt\u012bbas filozofijas.<\/p>\n<\/li>\n<\/ul>\n<p data-start=\"3207\" data-end=\"3329\"><div class=\"wonderplugin-video\" style=\"width:600px;height:400px;position:relative;display:block;background-color:#000;overflow:hidden;max-width:100%;margin:0 auto\" data-aspectratio=\"1.5\"><iframe loading=\"lazy\" class=\"wpve-iframe\" width=\"100%\" height=\"100%\" src=\"https:\/\/www.youtube.com\/embed\/zmaBGNoxcAo?list=TLGGL3vHQW5SRQowMTA5MjAyNQ\" frameborder=\"0\" allowfullscreen><\/iframe><\/div><\/p>\n","protected":false},"excerpt":{"rendered":"<p>Z\u012bmols: Clementoni<\/p>\n<p>Izcelsmes valsts: It\u0101lija<\/p>\n<p>Iepakojuma izm\u0113ri: 21 x 24 x 17 cm<\/p>\n<p>Ieteicamais vecums: no 18 m\u0113ne\u0161iem.<\/p>\n","protected":false},"featured_media":44084,"comment_status":"open","ping_status":"closed","template":"","meta":[],"product_brand":[384],"product_cat":[1157,1380],"product_tag":[],"class_list":{"0":"post-44082","1":"product","2":"type-product","3":"status-publish","4":"has-post-thumbnail","6":"product_brand-clementoni-2","7":"product_cat-izglitojosas-un-interaktivas-rotallietas","8":"product_cat-zinas","9":"pa_amziaus-grupe-1-lv","10":"pa_prek-s-tipas-izglitojosas-rotallietas","11":"pa_prekes-zenklas-clementoni-lv","13":"first","14":"instock","15":"sale","16":"taxable","17":"shipping-taxable","18":"purchasable","19":"product-type-simple"},"yoast_head":"<!-- This site is optimized with the Yoast SEO plugin v26.3 - https:\/\/yoast.com\/wordpress\/plugins\/seo\/ -->\n<title>Clementoni aktivit\u0101\u0161u m\u0101ja Montessori - Toys.lt<\/title>\n<meta name=\"description\" content=\"Montessori iedvesmota aktivit\u0101\u0161u m\u0101ja ar sl\u0113dzen\u0113m un logiem. Stimul\u0113 lo\u0123isko dom\u0101\u0161anu, koordin\u0101ciju un s\u012bko motoriku.\" \/>\n<meta name=\"robots\" content=\"index, follow, max-snippet:-1, max-image-preview:large, max-video-preview:-1\" \/>\n<link rel=\"canonical\" href=\"https:\/\/toys.lt\/lv\/produktas\/clementoni-kosmosa-rakete-sensora-rotallieta-ar-kluciem-kopija\/\" \/>\n<meta property=\"og:locale\" content=\"lv_LV\" \/>\n<meta property=\"og:type\" content=\"article\" \/>\n<meta property=\"og:title\" content=\"Clementoni aktivit\u0101\u0161u m\u0101ja Montessori - Toys.lt\" \/>\n<meta property=\"og:description\" content=\"Montessori iedvesmota aktivit\u0101\u0161u m\u0101ja ar sl\u0113dzen\u0113m un logiem. Stimul\u0113 lo\u0123isko dom\u0101\u0161anu, koordin\u0101ciju un s\u012bko motoriku.\" \/>\n<meta property=\"og:url\" content=\"https:\/\/toys.lt\/lv\/produktas\/clementoni-kosmosa-rakete-sensora-rotallieta-ar-kluciem-kopija\/\" \/>\n<meta property=\"og:site_name\" content=\"Toys.lt\" \/>\n<meta property=\"article:modified_time\" content=\"2026-04-08T00:01:22+00:00\" \/>\n<meta property=\"og:image\" content=\"https:\/\/toys.lt\/wp-content\/uploads\/2025\/08\/17857-veiklos-namelis-1.jpg\" \/>\n\t<meta property=\"og:image:width\" content=\"1500\" \/>\n\t<meta property=\"og:image:height\" content=\"1268\" \/>\n\t<meta property=\"og:image:type\" content=\"image\/jpeg\" \/>\n<meta name=\"twitter:card\" content=\"summary_large_image\" \/>\n<meta name=\"twitter:label1\" content=\"Est. reading time\" \/>\n\t<meta name=\"twitter:data1\" content=\"1 minute\" \/>\n<script type=\"application\/ld+json\" class=\"yoast-schema-graph\">{\"@context\":\"https:\/\/schema.org\",\"@graph\":[{\"@type\":\"WebPage\",\"@id\":\"https:\/\/toys.lt\/lv\/produktas\/clementoni-kosmosa-rakete-sensora-rotallieta-ar-kluciem-kopija\/\",\"url\":\"https:\/\/toys.lt\/lv\/produktas\/clementoni-kosmosa-rakete-sensora-rotallieta-ar-kluciem-kopija\/\",\"name\":\"Clementoni aktivit\u0101\u0161u m\u0101ja Montessori - Toys.lt\",\"isPartOf\":{\"@id\":\"https:\/\/toys.lt\/lv\/#website\"},\"primaryImageOfPage\":{\"@id\":\"https:\/\/toys.lt\/lv\/produktas\/clementoni-kosmosa-rakete-sensora-rotallieta-ar-kluciem-kopija\/#primaryimage\"},\"image\":{\"@id\":\"https:\/\/toys.lt\/lv\/produktas\/clementoni-kosmosa-rakete-sensora-rotallieta-ar-kluciem-kopija\/#primaryimage\"},\"thumbnailUrl\":\"https:\/\/toys.lt\/wp-content\/uploads\/2025\/08\/17857-veiklos-namelis-1.jpg\",\"datePublished\":\"2025-08-27T22:19:47+00:00\",\"dateModified\":\"2026-04-08T00:01:22+00:00\",\"description\":\"Montessori iedvesmota aktivit\u0101\u0161u m\u0101ja ar sl\u0113dzen\u0113m un logiem. Stimul\u0113 lo\u0123isko dom\u0101\u0161anu, koordin\u0101ciju un s\u012bko motoriku.\",\"breadcrumb\":{\"@id\":\"https:\/\/toys.lt\/lv\/produktas\/clementoni-kosmosa-rakete-sensora-rotallieta-ar-kluciem-kopija\/#breadcrumb\"},\"inLanguage\":\"lv-LV\",\"potentialAction\":[{\"@type\":\"ReadAction\",\"target\":[\"https:\/\/toys.lt\/lv\/produktas\/clementoni-kosmosa-rakete-sensora-rotallieta-ar-kluciem-kopija\/\"]}]},{\"@type\":\"ImageObject\",\"inLanguage\":\"lv-LV\",\"@id\":\"https:\/\/toys.lt\/lv\/produktas\/clementoni-kosmosa-rakete-sensora-rotallieta-ar-kluciem-kopija\/#primaryimage\",\"url\":\"https:\/\/toys.lt\/wp-content\/uploads\/2025\/08\/17857-veiklos-namelis-1.jpg\",\"contentUrl\":\"https:\/\/toys.lt\/wp-content\/uploads\/2025\/08\/17857-veiklos-namelis-1.jpg\",\"width\":1500,\"height\":1268},{\"@type\":\"BreadcrumbList\",\"@id\":\"https:\/\/toys.lt\/lv\/produktas\/clementoni-kosmosa-rakete-sensora-rotallieta-ar-kluciem-kopija\/#breadcrumb\",\"itemListElement\":[{\"@type\":\"ListItem\",\"position\":1,\"name\":\"Home\",\"item\":\"https:\/\/toys.lt\/lv\/\"},{\"@type\":\"ListItem\",\"position\":2,\"name\":\"Veikals\",\"item\":\"https:\/\/toys.lt\/lv\/shop\/\"},{\"@type\":\"ListItem\",\"position\":3,\"name\":\"Clementoni aktivit\u0101\u0161u m\u0101ja Montessori\"}]},{\"@type\":\"WebSite\",\"@id\":\"https:\/\/toys.lt\/lv\/#website\",\"url\":\"https:\/\/toys.lt\/lv\/\",\"name\":\"Toys.lt\",\"description\":\"\",\"potentialAction\":[{\"@type\":\"SearchAction\",\"target\":{\"@type\":\"EntryPoint\",\"urlTemplate\":\"https:\/\/toys.lt\/lv\/?s={search_term_string}\"},\"query-input\":{\"@type\":\"PropertyValueSpecification\",\"valueRequired\":true,\"valueName\":\"search_term_string\"}}],\"inLanguage\":\"lv-LV\"}]}<\/script>\n<!-- \/ Yoast SEO plugin. -->","yoast_head_json":{"title":"Clementoni aktivit\u0101\u0161u m\u0101ja Montessori - Toys.lt","description":"Montessori iedvesmota aktivit\u0101\u0161u m\u0101ja ar sl\u0113dzen\u0113m un logiem. Stimul\u0113 lo\u0123isko dom\u0101\u0161anu, koordin\u0101ciju un s\u012bko motoriku.","robots":{"index":"index","follow":"follow","max-snippet":"max-snippet:-1","max-image-preview":"max-image-preview:large","max-video-preview":"max-video-preview:-1"},"canonical":"https:\/\/toys.lt\/lv\/produktas\/clementoni-kosmosa-rakete-sensora-rotallieta-ar-kluciem-kopija\/","og_locale":"lv_LV","og_type":"article","og_title":"Clementoni aktivit\u0101\u0161u m\u0101ja Montessori - Toys.lt","og_description":"Montessori iedvesmota aktivit\u0101\u0161u m\u0101ja ar sl\u0113dzen\u0113m un logiem. Stimul\u0113 lo\u0123isko dom\u0101\u0161anu, koordin\u0101ciju un s\u012bko motoriku.","og_url":"https:\/\/toys.lt\/lv\/produktas\/clementoni-kosmosa-rakete-sensora-rotallieta-ar-kluciem-kopija\/","og_site_name":"Toys.lt","article_modified_time":"2026-04-08T00:01:22+00:00","og_image":[{"width":1500,"height":1268,"url":"https:\/\/toys.lt\/wp-content\/uploads\/2025\/08\/17857-veiklos-namelis-1.jpg","type":"image\/jpeg"}],"twitter_card":"summary_large_image","twitter_misc":{"Est. reading time":"1 minute"},"schema":{"@context":"https:\/\/schema.org","@graph":[{"@type":"WebPage","@id":"https:\/\/toys.lt\/lv\/produktas\/clementoni-kosmosa-rakete-sensora-rotallieta-ar-kluciem-kopija\/","url":"https:\/\/toys.lt\/lv\/produktas\/clementoni-kosmosa-rakete-sensora-rotallieta-ar-kluciem-kopija\/","name":"Clementoni aktivit\u0101\u0161u m\u0101ja Montessori - Toys.lt","isPartOf":{"@id":"https:\/\/toys.lt\/lv\/#website"},"primaryImageOfPage":{"@id":"https:\/\/toys.lt\/lv\/produktas\/clementoni-kosmosa-rakete-sensora-rotallieta-ar-kluciem-kopija\/#primaryimage"},"image":{"@id":"https:\/\/toys.lt\/lv\/produktas\/clementoni-kosmosa-rakete-sensora-rotallieta-ar-kluciem-kopija\/#primaryimage"},"thumbnailUrl":"https:\/\/toys.lt\/wp-content\/uploads\/2025\/08\/17857-veiklos-namelis-1.jpg","datePublished":"2025-08-27T22:19:47+00:00","dateModified":"2026-04-08T00:01:22+00:00","description":"Montessori iedvesmota aktivit\u0101\u0161u m\u0101ja ar sl\u0113dzen\u0113m un logiem. Stimul\u0113 lo\u0123isko dom\u0101\u0161anu, koordin\u0101ciju un s\u012bko motoriku.","breadcrumb":{"@id":"https:\/\/toys.lt\/lv\/produktas\/clementoni-kosmosa-rakete-sensora-rotallieta-ar-kluciem-kopija\/#breadcrumb"},"inLanguage":"lv-LV","potentialAction":[{"@type":"ReadAction","target":["https:\/\/toys.lt\/lv\/produktas\/clementoni-kosmosa-rakete-sensora-rotallieta-ar-kluciem-kopija\/"]}]},{"@type":"ImageObject","inLanguage":"lv-LV","@id":"https:\/\/toys.lt\/lv\/produktas\/clementoni-kosmosa-rakete-sensora-rotallieta-ar-kluciem-kopija\/#primaryimage","url":"https:\/\/toys.lt\/wp-content\/uploads\/2025\/08\/17857-veiklos-namelis-1.jpg","contentUrl":"https:\/\/toys.lt\/wp-content\/uploads\/2025\/08\/17857-veiklos-namelis-1.jpg","width":1500,"height":1268},{"@type":"BreadcrumbList","@id":"https:\/\/toys.lt\/lv\/produktas\/clementoni-kosmosa-rakete-sensora-rotallieta-ar-kluciem-kopija\/#breadcrumb","itemListElement":[{"@type":"ListItem","position":1,"name":"Home","item":"https:\/\/toys.lt\/lv\/"},{"@type":"ListItem","position":2,"name":"Veikals","item":"https:\/\/toys.lt\/lv\/shop\/"},{"@type":"ListItem","position":3,"name":"Clementoni aktivit\u0101\u0161u m\u0101ja Montessori"}]},{"@type":"WebSite","@id":"https:\/\/toys.lt\/lv\/#website","url":"https:\/\/toys.lt\/lv\/","name":"Toys.lt","description":"","potentialAction":[{"@type":"SearchAction","target":{"@type":"EntryPoint","urlTemplate":"https:\/\/toys.lt\/lv\/?s={search_term_string}"},"query-input":{"@type":"PropertyValueSpecification","valueRequired":true,"valueName":"search_term_string"}}],"inLanguage":"lv-LV"}]}},"_links":{"self":[{"href":"https:\/\/toys.lt\/lv\/wp-json\/wp\/v2\/product\/44082","targetHints":{"allow":["GET"]}}],"collection":[{"href":"https:\/\/toys.lt\/lv\/wp-json\/wp\/v2\/product"}],"about":[{"href":"https:\/\/toys.lt\/lv\/wp-json\/wp\/v2\/types\/product"}],"replies":[{"embeddable":true,"href":"https:\/\/toys.lt\/lv\/wp-json\/wp\/v2\/comments?post=44082"}],"version-history":[{"count":2,"href":"https:\/\/toys.lt\/lv\/wp-json\/wp\/v2\/product\/44082\/revisions"}],"predecessor-version":[{"id":45665,"href":"https:\/\/toys.lt\/lv\/wp-json\/wp\/v2\/product\/44082\/revisions\/45665"}],"wp:featuredmedia":[{"embeddable":true,"href":"https:\/\/toys.lt\/lv\/wp-json\/wp\/v2\/media\/44084"}],"wp:attachment":[{"href":"https:\/\/toys.lt\/lv\/wp-json\/wp\/v2\/media?parent=44082"}],"wp:term":[{"taxonomy":"product_brand","embeddable":true,"href":"https:\/\/toys.lt\/lv\/wp-json\/wp\/v2\/product_brand?post=44082"},{"taxonomy":"product_cat","embeddable":true,"href":"https:\/\/toys.lt\/lv\/wp-json\/wp\/v2\/product_cat?post=44082"},{"taxonomy":"product_tag","embeddable":true,"href":"https:\/\/toys.lt\/lv\/wp-json\/wp\/v2\/product_tag?post=44082"}],"curies":[{"name":"wp","href":"https:\/\/api.w.org\/{rel}","templated":true}]}}