{"id":44053,"date":"2025-08-27T22:03:45","date_gmt":"2025-08-27T22:03:45","guid":{"rendered":"https:\/\/toys.lt\/?post_type=product&#038;p=44053"},"modified":"2026-04-08T00:01:23","modified_gmt":"2026-04-08T00:01:23","slug":"clementoni-kosmosa-rakete-sensora-rotallieta-ar-kluciem-kopija-2","status":"publish","type":"product","link":"https:\/\/toys.lt\/lv\/produktas\/clementoni-kosmosa-rakete-sensora-rotallieta-ar-kluciem-kopija-2\/","title":{"rendered":"Clementoni Baby puzzle &#8220;Aug\u013ci&#8221;,"},"content":{"rendered":"<p data-start=\"660\" data-end=\"954\">Clementoni Baby Fruit Puzzle ir izgl\u012btojo\u0161a rota\u013clieta, kas att\u012bsta b\u0113rnu motorisk\u0101s prasmes un lo\u0123isko dom\u0101\u0161anu, izmantojot kr\u0101sainu un ma\u0146u pieredzi. Rota\u013clietas ir izgatavotas no p\u0101rstr\u0101d\u0101tas plastmasas (l\u012bnija Play For Future), un t\u0101s raksturo augstas kvalit\u0101tes dizains un videi draudz\u012bga pieeja. <\/p>\n<p data-start=\"956\" data-end=\"972\"><strong data-start=\"956\" data-end=\"970\">Funkcijas:<\/strong><\/p>\n<ul data-start=\"973\" data-end=\"1228\">\n<li data-start=\"973\" data-end=\"1055\">\n<p data-start=\"975\" data-end=\"1055\"><strong data-start=\"975\" data-end=\"987\">Avokado<\/strong> &#8211; atveras, lai atkl\u0101tu bumbi\u0146u, ko var iz\u0146emt un atkal ievietot;<\/p>\n<\/li>\n<li data-start=\"1056\" data-end=\"1137\">\n<p data-start=\"1058\" data-end=\"1137\"><strong data-start=\"1058\" data-end=\"1070\">Anan\u0101ss<\/strong> &#8211; sast\u0101v no segmentiem, kurus var sakraut vienu uz otra;<\/p>\n<\/li>\n<li data-start=\"1138\" data-end=\"1228\">\n<p data-start=\"1140\" data-end=\"1228\"><strong data-start=\"1140\" data-end=\"1153\">Apels\u012bns<\/strong> &#8211; atveras, lai atkl\u0101tu 4 \u0161\u0137\u0113les, kuras var no\u0146emt un salikt kop\u0101.<\/p>\n<\/li>\n<\/ul>\n<p data-start=\"1230\" data-end=\"1427\"><strong data-start=\"1230\" data-end=\"1259\">Citi tehniskie dati:<\/strong><br data-start=\"1259\" data-end=\"1262\">Ra\u017eots It\u0101lij\u0101 no augstas kvalit\u0101tes, netoksiskiem materi\u0101liem.<br data-start=\"1321\" data-end=\"1324\">Ieteicamais vecums: 12-36 m\u0113ne\u0161i.<br data-start=\"1357\" data-end=\"1360\">Izgl\u012btojo\u0161i ieguvumi &#8211; att\u012bsta lo\u0123iku, roku koordin\u0101ciju un ma\u0146as.<\/p>\n","protected":false},"excerpt":{"rendered":"<p>Z\u012bmols: Clementoni<\/p>\n<p>Izcelsmes valsts: It\u0101lija<\/p>\n<p>Iepakojuma izm\u0113ri: 24 x 19 x 11 cm<\/p>\n<p>Ieteicamais vecums: no 1 gada.<\/p>\n","protected":false},"featured_media":44055,"comment_status":"open","ping_status":"closed","template":"","meta":[],"product_brand":[384],"product_cat":[1380,1157],"product_tag":[],"class_list":{"0":"post-44053","1":"product","2":"type-product","3":"status-publish","4":"has-post-thumbnail","6":"product_brand-clementoni-2","7":"product_cat-zinas","8":"product_cat-izglitojosas-un-interaktivas-rotallietas","9":"pa_amziaus-grupe-1-lv","10":"pa_prek-s-tipas-rotallietas-dazadam-spejam","11":"pa_prekes-zenklas-clementoni-lv","13":"first","14":"instock","15":"sale","16":"taxable","17":"shipping-taxable","18":"purchasable","19":"product-type-simple"},"yoast_head":"<!-- This site is optimized with the Yoast SEO plugin v26.3 - https:\/\/yoast.com\/wordpress\/plugins\/seo\/ -->\n<title>Clementoni Baby puzzle &quot;Aug\u013ci&quot;, - Toys.lt<\/title>\n<meta name=\"description\" content=\"Izgl\u012btojo\u0161a rota\u013clieta b\u0113rniem no 12 m\u0113ne\u0161u vecuma. Kr\u0101sain\u0101 Clementoni aug\u013cu puzle att\u012bsta motoriku, lo\u0123isko dom\u0101\u0161anu un sensor\u0101s prasmes.\" \/>\n<meta name=\"robots\" content=\"index, follow, max-snippet:-1, max-image-preview:large, max-video-preview:-1\" \/>\n<link rel=\"canonical\" href=\"https:\/\/toys.lt\/lv\/produktas\/clementoni-kosmosa-rakete-sensora-rotallieta-ar-kluciem-kopija-2\/\" \/>\n<meta property=\"og:locale\" content=\"lv_LV\" \/>\n<meta property=\"og:type\" content=\"article\" \/>\n<meta property=\"og:title\" content=\"Clementoni Baby puzzle &quot;Aug\u013ci&quot;, - Toys.lt\" \/>\n<meta property=\"og:description\" content=\"Izgl\u012btojo\u0161a rota\u013clieta b\u0113rniem no 12 m\u0113ne\u0161u vecuma. Kr\u0101sain\u0101 Clementoni aug\u013cu puzle att\u012bsta motoriku, lo\u0123isko dom\u0101\u0161anu un sensor\u0101s prasmes.\" \/>\n<meta property=\"og:url\" content=\"https:\/\/toys.lt\/lv\/produktas\/clementoni-kosmosa-rakete-sensora-rotallieta-ar-kluciem-kopija-2\/\" \/>\n<meta property=\"og:site_name\" content=\"Toys.lt\" \/>\n<meta property=\"article:modified_time\" content=\"2026-04-08T00:01:23+00:00\" \/>\n<meta property=\"og:image\" content=\"https:\/\/toys.lt\/wp-content\/uploads\/2025\/08\/17512-zaidimais-vaisiai-1.jpg\" \/>\n\t<meta property=\"og:image:width\" content=\"1238\" \/>\n\t<meta property=\"og:image:height\" content=\"1330\" \/>\n\t<meta property=\"og:image:type\" content=\"image\/jpeg\" \/>\n<meta name=\"twitter:card\" content=\"summary_large_image\" \/>\n<meta name=\"twitter:label1\" content=\"Est. reading time\" \/>\n\t<meta name=\"twitter:data1\" content=\"1 minute\" \/>\n<script type=\"application\/ld+json\" class=\"yoast-schema-graph\">{\"@context\":\"https:\/\/schema.org\",\"@graph\":[{\"@type\":\"WebPage\",\"@id\":\"https:\/\/toys.lt\/lv\/produktas\/clementoni-kosmosa-rakete-sensora-rotallieta-ar-kluciem-kopija-2\/\",\"url\":\"https:\/\/toys.lt\/lv\/produktas\/clementoni-kosmosa-rakete-sensora-rotallieta-ar-kluciem-kopija-2\/\",\"name\":\"Clementoni Baby puzzle \\\"Aug\u013ci\\\", - Toys.lt\",\"isPartOf\":{\"@id\":\"https:\/\/toys.lt\/lv\/#website\"},\"primaryImageOfPage\":{\"@id\":\"https:\/\/toys.lt\/lv\/produktas\/clementoni-kosmosa-rakete-sensora-rotallieta-ar-kluciem-kopija-2\/#primaryimage\"},\"image\":{\"@id\":\"https:\/\/toys.lt\/lv\/produktas\/clementoni-kosmosa-rakete-sensora-rotallieta-ar-kluciem-kopija-2\/#primaryimage\"},\"thumbnailUrl\":\"https:\/\/toys.lt\/wp-content\/uploads\/2025\/08\/17512-zaidimais-vaisiai-1.jpg\",\"datePublished\":\"2025-08-27T22:03:45+00:00\",\"dateModified\":\"2026-04-08T00:01:23+00:00\",\"description\":\"Izgl\u012btojo\u0161a rota\u013clieta b\u0113rniem no 12 m\u0113ne\u0161u vecuma. Kr\u0101sain\u0101 Clementoni aug\u013cu puzle att\u012bsta motoriku, lo\u0123isko dom\u0101\u0161anu un sensor\u0101s prasmes.\",\"breadcrumb\":{\"@id\":\"https:\/\/toys.lt\/lv\/produktas\/clementoni-kosmosa-rakete-sensora-rotallieta-ar-kluciem-kopija-2\/#breadcrumb\"},\"inLanguage\":\"lv-LV\",\"potentialAction\":[{\"@type\":\"ReadAction\",\"target\":[\"https:\/\/toys.lt\/lv\/produktas\/clementoni-kosmosa-rakete-sensora-rotallieta-ar-kluciem-kopija-2\/\"]}]},{\"@type\":\"ImageObject\",\"inLanguage\":\"lv-LV\",\"@id\":\"https:\/\/toys.lt\/lv\/produktas\/clementoni-kosmosa-rakete-sensora-rotallieta-ar-kluciem-kopija-2\/#primaryimage\",\"url\":\"https:\/\/toys.lt\/wp-content\/uploads\/2025\/08\/17512-zaidimais-vaisiai-1.jpg\",\"contentUrl\":\"https:\/\/toys.lt\/wp-content\/uploads\/2025\/08\/17512-zaidimais-vaisiai-1.jpg\",\"width\":1238,\"height\":1330},{\"@type\":\"BreadcrumbList\",\"@id\":\"https:\/\/toys.lt\/lv\/produktas\/clementoni-kosmosa-rakete-sensora-rotallieta-ar-kluciem-kopija-2\/#breadcrumb\",\"itemListElement\":[{\"@type\":\"ListItem\",\"position\":1,\"name\":\"Home\",\"item\":\"https:\/\/toys.lt\/lv\/\"},{\"@type\":\"ListItem\",\"position\":2,\"name\":\"Veikals\",\"item\":\"https:\/\/toys.lt\/lv\/shop\/\"},{\"@type\":\"ListItem\",\"position\":3,\"name\":\"Clementoni Baby puzzle &#8222;Aug\u013ci&#8221;,\"}]},{\"@type\":\"WebSite\",\"@id\":\"https:\/\/toys.lt\/lv\/#website\",\"url\":\"https:\/\/toys.lt\/lv\/\",\"name\":\"Toys.lt\",\"description\":\"\",\"potentialAction\":[{\"@type\":\"SearchAction\",\"target\":{\"@type\":\"EntryPoint\",\"urlTemplate\":\"https:\/\/toys.lt\/lv\/?s={search_term_string}\"},\"query-input\":{\"@type\":\"PropertyValueSpecification\",\"valueRequired\":true,\"valueName\":\"search_term_string\"}}],\"inLanguage\":\"lv-LV\"}]}<\/script>\n<!-- \/ Yoast SEO plugin. -->","yoast_head_json":{"title":"Clementoni Baby puzzle \"Aug\u013ci\", - Toys.lt","description":"Izgl\u012btojo\u0161a rota\u013clieta b\u0113rniem no 12 m\u0113ne\u0161u vecuma. Kr\u0101sain\u0101 Clementoni aug\u013cu puzle att\u012bsta motoriku, lo\u0123isko dom\u0101\u0161anu un sensor\u0101s prasmes.","robots":{"index":"index","follow":"follow","max-snippet":"max-snippet:-1","max-image-preview":"max-image-preview:large","max-video-preview":"max-video-preview:-1"},"canonical":"https:\/\/toys.lt\/lv\/produktas\/clementoni-kosmosa-rakete-sensora-rotallieta-ar-kluciem-kopija-2\/","og_locale":"lv_LV","og_type":"article","og_title":"Clementoni Baby puzzle \"Aug\u013ci\", - Toys.lt","og_description":"Izgl\u012btojo\u0161a rota\u013clieta b\u0113rniem no 12 m\u0113ne\u0161u vecuma. Kr\u0101sain\u0101 Clementoni aug\u013cu puzle att\u012bsta motoriku, lo\u0123isko dom\u0101\u0161anu un sensor\u0101s prasmes.","og_url":"https:\/\/toys.lt\/lv\/produktas\/clementoni-kosmosa-rakete-sensora-rotallieta-ar-kluciem-kopija-2\/","og_site_name":"Toys.lt","article_modified_time":"2026-04-08T00:01:23+00:00","og_image":[{"width":1238,"height":1330,"url":"https:\/\/toys.lt\/wp-content\/uploads\/2025\/08\/17512-zaidimais-vaisiai-1.jpg","type":"image\/jpeg"}],"twitter_card":"summary_large_image","twitter_misc":{"Est. reading time":"1 minute"},"schema":{"@context":"https:\/\/schema.org","@graph":[{"@type":"WebPage","@id":"https:\/\/toys.lt\/lv\/produktas\/clementoni-kosmosa-rakete-sensora-rotallieta-ar-kluciem-kopija-2\/","url":"https:\/\/toys.lt\/lv\/produktas\/clementoni-kosmosa-rakete-sensora-rotallieta-ar-kluciem-kopija-2\/","name":"Clementoni Baby puzzle \"Aug\u013ci\", - Toys.lt","isPartOf":{"@id":"https:\/\/toys.lt\/lv\/#website"},"primaryImageOfPage":{"@id":"https:\/\/toys.lt\/lv\/produktas\/clementoni-kosmosa-rakete-sensora-rotallieta-ar-kluciem-kopija-2\/#primaryimage"},"image":{"@id":"https:\/\/toys.lt\/lv\/produktas\/clementoni-kosmosa-rakete-sensora-rotallieta-ar-kluciem-kopija-2\/#primaryimage"},"thumbnailUrl":"https:\/\/toys.lt\/wp-content\/uploads\/2025\/08\/17512-zaidimais-vaisiai-1.jpg","datePublished":"2025-08-27T22:03:45+00:00","dateModified":"2026-04-08T00:01:23+00:00","description":"Izgl\u012btojo\u0161a rota\u013clieta b\u0113rniem no 12 m\u0113ne\u0161u vecuma. Kr\u0101sain\u0101 Clementoni aug\u013cu puzle att\u012bsta motoriku, lo\u0123isko dom\u0101\u0161anu un sensor\u0101s prasmes.","breadcrumb":{"@id":"https:\/\/toys.lt\/lv\/produktas\/clementoni-kosmosa-rakete-sensora-rotallieta-ar-kluciem-kopija-2\/#breadcrumb"},"inLanguage":"lv-LV","potentialAction":[{"@type":"ReadAction","target":["https:\/\/toys.lt\/lv\/produktas\/clementoni-kosmosa-rakete-sensora-rotallieta-ar-kluciem-kopija-2\/"]}]},{"@type":"ImageObject","inLanguage":"lv-LV","@id":"https:\/\/toys.lt\/lv\/produktas\/clementoni-kosmosa-rakete-sensora-rotallieta-ar-kluciem-kopija-2\/#primaryimage","url":"https:\/\/toys.lt\/wp-content\/uploads\/2025\/08\/17512-zaidimais-vaisiai-1.jpg","contentUrl":"https:\/\/toys.lt\/wp-content\/uploads\/2025\/08\/17512-zaidimais-vaisiai-1.jpg","width":1238,"height":1330},{"@type":"BreadcrumbList","@id":"https:\/\/toys.lt\/lv\/produktas\/clementoni-kosmosa-rakete-sensora-rotallieta-ar-kluciem-kopija-2\/#breadcrumb","itemListElement":[{"@type":"ListItem","position":1,"name":"Home","item":"https:\/\/toys.lt\/lv\/"},{"@type":"ListItem","position":2,"name":"Veikals","item":"https:\/\/toys.lt\/lv\/shop\/"},{"@type":"ListItem","position":3,"name":"Clementoni Baby puzzle &#8222;Aug\u013ci&#8221;,"}]},{"@type":"WebSite","@id":"https:\/\/toys.lt\/lv\/#website","url":"https:\/\/toys.lt\/lv\/","name":"Toys.lt","description":"","potentialAction":[{"@type":"SearchAction","target":{"@type":"EntryPoint","urlTemplate":"https:\/\/toys.lt\/lv\/?s={search_term_string}"},"query-input":{"@type":"PropertyValueSpecification","valueRequired":true,"valueName":"search_term_string"}}],"inLanguage":"lv-LV"}]}},"_links":{"self":[{"href":"https:\/\/toys.lt\/lv\/wp-json\/wp\/v2\/product\/44053","targetHints":{"allow":["GET"]}}],"collection":[{"href":"https:\/\/toys.lt\/lv\/wp-json\/wp\/v2\/product"}],"about":[{"href":"https:\/\/toys.lt\/lv\/wp-json\/wp\/v2\/types\/product"}],"replies":[{"embeddable":true,"href":"https:\/\/toys.lt\/lv\/wp-json\/wp\/v2\/comments?post=44053"}],"version-history":[{"count":2,"href":"https:\/\/toys.lt\/lv\/wp-json\/wp\/v2\/product\/44053\/revisions"}],"predecessor-version":[{"id":45654,"href":"https:\/\/toys.lt\/lv\/wp-json\/wp\/v2\/product\/44053\/revisions\/45654"}],"wp:featuredmedia":[{"embeddable":true,"href":"https:\/\/toys.lt\/lv\/wp-json\/wp\/v2\/media\/44055"}],"wp:attachment":[{"href":"https:\/\/toys.lt\/lv\/wp-json\/wp\/v2\/media?parent=44053"}],"wp:term":[{"taxonomy":"product_brand","embeddable":true,"href":"https:\/\/toys.lt\/lv\/wp-json\/wp\/v2\/product_brand?post=44053"},{"taxonomy":"product_cat","embeddable":true,"href":"https:\/\/toys.lt\/lv\/wp-json\/wp\/v2\/product_cat?post=44053"},{"taxonomy":"product_tag","embeddable":true,"href":"https:\/\/toys.lt\/lv\/wp-json\/wp\/v2\/product_tag?post=44053"}],"curies":[{"name":"wp","href":"https:\/\/api.w.org\/{rel}","templated":true}]}}