{"id":43068,"date":"2020-04-06T11:45:41","date_gmt":"2020-04-06T11:45:41","guid":{"rendered":"https:\/\/toys.lt\/produktas\/metala-traktors-ar-divam-piekabem\/"},"modified":"2026-03-30T00:25:30","modified_gmt":"2026-03-30T00:25:30","slug":"metala-traktors-ar-divam-piekabem","status":"publish","type":"product","link":"https:\/\/toys.lt\/lv\/produktas\/metala-traktors-ar-divam-piekabem\/","title":{"rendered":"Met\u0101la traktors ar div\u0101m piekab\u0113m"},"content":{"rendered":"<p><strong>Funkcijas:<\/strong><\/p>\n<ul style=\"list-style-type: square;\">\n<li>Izv\u0113le no 2 rota\u013clietu veidiem<\/li>\n<li>2 da\u017e\u0101das piekabes<\/li>\n<li style=\"margin: 0px; padding: 0px; font: inherit; border: 0px;\">Met\u0101la r\u0101mis, triecieniztur\u012bgs un \u016bdensiztur\u012bgs<\/li>\n<li style=\"margin: 0px; padding: 0px; font: inherit; border: 0px;\">Piem\u0113rots rota\u013c\u0101m \u0101rpus telp\u0101m smil\u0161u kast\u0113<\/li>\n<li style=\"margin: 0px; padding: 0px; font: inherit; border: 0px;\">Izgatavots no netoksiskiem, hipoaler\u0123iskiem materi\u0101liem.<\/li>\n<li style=\"margin: 0px; padding: 0px; font: inherit; border: 0px;\">Att\u012bsta s\u012bko motoriku, dom\u0101\u0161anu un papla\u0161ina redzesloku.<\/li>\n<\/ul>\n<p>Dr\u012bzum\u0101 b\u016bs pieejams pla\u0161\u0101ks produkta apraksts.<\/p>\n<p>Lai ieg\u016btu vair\u0101k inform\u0101cijas par produktu, zvaniet pa lap\u0101 nor\u0101d\u012bto t\u0101lru\u0146a numuru.<\/p>\n","protected":false},"excerpt":{"rendered":"<p>Produkta veids: lauksaimniec\u012bbas tehnika<\/p>\n<p>Izcelsmes valsts: \u0136\u012bna<\/p>\n<p>Produkta materi\u0101ls: plastmasa, met\u0101ls<\/p>\n<p>Iepakojuma izm\u0113ri: 4,5 x 11 x 24,5 cm<\/p>\n<p>Ieteicamais vecums: no 3 gadiem.<\/p>\n","protected":false},"featured_media":26021,"comment_status":"open","ping_status":"closed","template":"","meta":[],"product_brand":[],"product_cat":[1176,1177],"product_tag":[],"class_list":{"0":"post-43068","1":"product","2":"type-product","3":"status-publish","4":"has-post-thumbnail","6":"product_cat-rotallietas-zeniem","7":"product_cat-rotalu-automasinas-traktori-un-kapurkedes","8":"pa_prek-s-spalva-dzeltenais","9":"pa_prek-s-spalva-zala","11":"first","12":"outofstock","13":"taxable","14":"shipping-taxable","15":"purchasable","16":"product-type-variable"},"yoast_head":"<!-- This site is optimized with the Yoast SEO plugin v26.3 - https:\/\/yoast.com\/wordpress\/plugins\/seo\/ -->\n<title>Met\u0101la traktors ar div\u0101m piekab\u0113m - Toys.lt<\/title>\n<meta name=\"robots\" content=\"index, follow, max-snippet:-1, max-image-preview:large, max-video-preview:-1\" \/>\n<link rel=\"canonical\" href=\"https:\/\/toys.lt\/lv\/produktas\/metala-traktors-ar-divam-piekabem\/\" \/>\n<meta property=\"og:locale\" content=\"lv_LV\" \/>\n<meta property=\"og:type\" content=\"article\" \/>\n<meta property=\"og:title\" content=\"Met\u0101la traktors ar div\u0101m piekab\u0113m - Toys.lt\" \/>\n<meta property=\"og:description\" content=\"Produkta veids: lauksaimniec\u012bbas tehnika Izcelsmes valsts: \u0136\u012bna Produkta materi\u0101ls: plastmasa, met\u0101ls Iepakojuma izm\u0113ri: 4,5 x 11 x 24,5 cm Ieteicamais vecums: no 3 gadiem.\" \/>\n<meta property=\"og:url\" content=\"https:\/\/toys.lt\/lv\/produktas\/metala-traktors-ar-divam-piekabem\/\" \/>\n<meta property=\"og:site_name\" content=\"Toys.lt\" \/>\n<meta property=\"article:modified_time\" content=\"2026-03-30T00:25:30+00:00\" \/>\n<meta property=\"og:image\" content=\"https:\/\/toys.lt\/wp-content\/uploads\/2020\/04\/products-355.jpg\" \/>\n\t<meta property=\"og:image:width\" content=\"800\" \/>\n\t<meta property=\"og:image:height\" content=\"600\" \/>\n\t<meta property=\"og:image:type\" content=\"image\/jpeg\" \/>\n<meta name=\"twitter:card\" content=\"summary_large_image\" \/>\n<script type=\"application\/ld+json\" class=\"yoast-schema-graph\">{\"@context\":\"https:\/\/schema.org\",\"@graph\":[{\"@type\":\"WebPage\",\"@id\":\"https:\/\/toys.lt\/lv\/produktas\/metala-traktors-ar-divam-piekabem\/\",\"url\":\"https:\/\/toys.lt\/lv\/produktas\/metala-traktors-ar-divam-piekabem\/\",\"name\":\"Met\u0101la traktors ar div\u0101m piekab\u0113m - Toys.lt\",\"isPartOf\":{\"@id\":\"https:\/\/toys.lt\/lv\/#website\"},\"primaryImageOfPage\":{\"@id\":\"https:\/\/toys.lt\/lv\/produktas\/metala-traktors-ar-divam-piekabem\/#primaryimage\"},\"image\":{\"@id\":\"https:\/\/toys.lt\/lv\/produktas\/metala-traktors-ar-divam-piekabem\/#primaryimage\"},\"thumbnailUrl\":\"https:\/\/toys.lt\/wp-content\/uploads\/2020\/04\/products-355.jpg\",\"datePublished\":\"2020-04-06T11:45:41+00:00\",\"dateModified\":\"2026-03-30T00:25:30+00:00\",\"breadcrumb\":{\"@id\":\"https:\/\/toys.lt\/lv\/produktas\/metala-traktors-ar-divam-piekabem\/#breadcrumb\"},\"inLanguage\":\"lv-LV\",\"potentialAction\":[{\"@type\":\"ReadAction\",\"target\":[\"https:\/\/toys.lt\/lv\/produktas\/metala-traktors-ar-divam-piekabem\/\"]}]},{\"@type\":\"ImageObject\",\"inLanguage\":\"lv-LV\",\"@id\":\"https:\/\/toys.lt\/lv\/produktas\/metala-traktors-ar-divam-piekabem\/#primaryimage\",\"url\":\"https:\/\/toys.lt\/wp-content\/uploads\/2020\/04\/products-355.jpg\",\"contentUrl\":\"https:\/\/toys.lt\/wp-content\/uploads\/2020\/04\/products-355.jpg\",\"width\":800,\"height\":600,\"caption\":\"Metalinis traktorius su dviem priekabom\"},{\"@type\":\"BreadcrumbList\",\"@id\":\"https:\/\/toys.lt\/lv\/produktas\/metala-traktors-ar-divam-piekabem\/#breadcrumb\",\"itemListElement\":[{\"@type\":\"ListItem\",\"position\":1,\"name\":\"Home\",\"item\":\"https:\/\/toys.lt\/lv\/\"},{\"@type\":\"ListItem\",\"position\":2,\"name\":\"Veikals\",\"item\":\"https:\/\/toys.lt\/lv\/shop\/\"},{\"@type\":\"ListItem\",\"position\":3,\"name\":\"Met\u0101la traktors ar div\u0101m piekab\u0113m\"}]},{\"@type\":\"WebSite\",\"@id\":\"https:\/\/toys.lt\/lv\/#website\",\"url\":\"https:\/\/toys.lt\/lv\/\",\"name\":\"Toys.lt\",\"description\":\"\",\"potentialAction\":[{\"@type\":\"SearchAction\",\"target\":{\"@type\":\"EntryPoint\",\"urlTemplate\":\"https:\/\/toys.lt\/lv\/?s={search_term_string}\"},\"query-input\":{\"@type\":\"PropertyValueSpecification\",\"valueRequired\":true,\"valueName\":\"search_term_string\"}}],\"inLanguage\":\"lv-LV\"}]}<\/script>\n<!-- \/ Yoast SEO plugin. -->","yoast_head_json":{"title":"Met\u0101la traktors ar div\u0101m piekab\u0113m - Toys.lt","robots":{"index":"index","follow":"follow","max-snippet":"max-snippet:-1","max-image-preview":"max-image-preview:large","max-video-preview":"max-video-preview:-1"},"canonical":"https:\/\/toys.lt\/lv\/produktas\/metala-traktors-ar-divam-piekabem\/","og_locale":"lv_LV","og_type":"article","og_title":"Met\u0101la traktors ar div\u0101m piekab\u0113m - Toys.lt","og_description":"Produkta veids: lauksaimniec\u012bbas tehnika Izcelsmes valsts: \u0136\u012bna Produkta materi\u0101ls: plastmasa, met\u0101ls Iepakojuma izm\u0113ri: 4,5 x 11 x 24,5 cm Ieteicamais vecums: no 3 gadiem.","og_url":"https:\/\/toys.lt\/lv\/produktas\/metala-traktors-ar-divam-piekabem\/","og_site_name":"Toys.lt","article_modified_time":"2026-03-30T00:25:30+00:00","og_image":[{"width":800,"height":600,"url":"https:\/\/toys.lt\/wp-content\/uploads\/2020\/04\/products-355.jpg","type":"image\/jpeg"}],"twitter_card":"summary_large_image","schema":{"@context":"https:\/\/schema.org","@graph":[{"@type":"WebPage","@id":"https:\/\/toys.lt\/lv\/produktas\/metala-traktors-ar-divam-piekabem\/","url":"https:\/\/toys.lt\/lv\/produktas\/metala-traktors-ar-divam-piekabem\/","name":"Met\u0101la traktors ar div\u0101m piekab\u0113m - Toys.lt","isPartOf":{"@id":"https:\/\/toys.lt\/lv\/#website"},"primaryImageOfPage":{"@id":"https:\/\/toys.lt\/lv\/produktas\/metala-traktors-ar-divam-piekabem\/#primaryimage"},"image":{"@id":"https:\/\/toys.lt\/lv\/produktas\/metala-traktors-ar-divam-piekabem\/#primaryimage"},"thumbnailUrl":"https:\/\/toys.lt\/wp-content\/uploads\/2020\/04\/products-355.jpg","datePublished":"2020-04-06T11:45:41+00:00","dateModified":"2026-03-30T00:25:30+00:00","breadcrumb":{"@id":"https:\/\/toys.lt\/lv\/produktas\/metala-traktors-ar-divam-piekabem\/#breadcrumb"},"inLanguage":"lv-LV","potentialAction":[{"@type":"ReadAction","target":["https:\/\/toys.lt\/lv\/produktas\/metala-traktors-ar-divam-piekabem\/"]}]},{"@type":"ImageObject","inLanguage":"lv-LV","@id":"https:\/\/toys.lt\/lv\/produktas\/metala-traktors-ar-divam-piekabem\/#primaryimage","url":"https:\/\/toys.lt\/wp-content\/uploads\/2020\/04\/products-355.jpg","contentUrl":"https:\/\/toys.lt\/wp-content\/uploads\/2020\/04\/products-355.jpg","width":800,"height":600,"caption":"Metalinis traktorius su dviem priekabom"},{"@type":"BreadcrumbList","@id":"https:\/\/toys.lt\/lv\/produktas\/metala-traktors-ar-divam-piekabem\/#breadcrumb","itemListElement":[{"@type":"ListItem","position":1,"name":"Home","item":"https:\/\/toys.lt\/lv\/"},{"@type":"ListItem","position":2,"name":"Veikals","item":"https:\/\/toys.lt\/lv\/shop\/"},{"@type":"ListItem","position":3,"name":"Met\u0101la traktors ar div\u0101m piekab\u0113m"}]},{"@type":"WebSite","@id":"https:\/\/toys.lt\/lv\/#website","url":"https:\/\/toys.lt\/lv\/","name":"Toys.lt","description":"","potentialAction":[{"@type":"SearchAction","target":{"@type":"EntryPoint","urlTemplate":"https:\/\/toys.lt\/lv\/?s={search_term_string}"},"query-input":{"@type":"PropertyValueSpecification","valueRequired":true,"valueName":"search_term_string"}}],"inLanguage":"lv-LV"}]}},"_links":{"self":[{"href":"https:\/\/toys.lt\/lv\/wp-json\/wp\/v2\/product\/43068","targetHints":{"allow":["GET"]}}],"collection":[{"href":"https:\/\/toys.lt\/lv\/wp-json\/wp\/v2\/product"}],"about":[{"href":"https:\/\/toys.lt\/lv\/wp-json\/wp\/v2\/types\/product"}],"replies":[{"embeddable":true,"href":"https:\/\/toys.lt\/lv\/wp-json\/wp\/v2\/comments?post=43068"}],"version-history":[{"count":0,"href":"https:\/\/toys.lt\/lv\/wp-json\/wp\/v2\/product\/43068\/revisions"}],"wp:featuredmedia":[{"embeddable":true,"href":"https:\/\/toys.lt\/lv\/wp-json\/wp\/v2\/media\/26021"}],"wp:attachment":[{"href":"https:\/\/toys.lt\/lv\/wp-json\/wp\/v2\/media?parent=43068"}],"wp:term":[{"taxonomy":"product_brand","embeddable":true,"href":"https:\/\/toys.lt\/lv\/wp-json\/wp\/v2\/product_brand?post=43068"},{"taxonomy":"product_cat","embeddable":true,"href":"https:\/\/toys.lt\/lv\/wp-json\/wp\/v2\/product_cat?post=43068"},{"taxonomy":"product_tag","embeddable":true,"href":"https:\/\/toys.lt\/lv\/wp-json\/wp\/v2\/product_tag?post=43068"}],"curies":[{"name":"wp","href":"https:\/\/api.w.org\/{rel}","templated":true}]}}