{"id":43061,"date":"2020-04-06T11:25:47","date_gmt":"2020-04-06T11:25:47","guid":{"rendered":"https:\/\/toys.lt\/produktas\/talantigais-sefpavars-bernu-virtuves-komplekts-53-gab-2\/"},"modified":"2026-04-09T00:02:56","modified_gmt":"2026-04-09T00:02:56","slug":"talantigais-sefpavars-bernu-virtuves-komplekts-53-gab-2","status":"publish","type":"product","link":"https:\/\/toys.lt\/lv\/produktas\/talantigais-sefpavars-bernu-virtuves-komplekts-53-gab-2\/","title":{"rendered":"Talant\u012bgais \u0161efpav\u0101rs B\u0113rnu virtuves komplekts 53 gab."},"content":{"rendered":"<p><strong>Komplekt\u0101 ietilpst:<\/strong><\/p>\n<ul style=\"list-style-type: square;\">\n<li style=\"margin: 0px; padding: 0px; font: inherit; border: 0px;\">Pieskarieties kr\u0101nam ar spiediena s\u016bkni<\/li>\n<li style=\"margin: 0px; padding: 0px; font: inherit; border: 0px;\">Panna un katls ar v\u0101kiem<\/li>\n<li style=\"margin: 0px; padding: 0px; font: inherit; border: 0px;\">Spageti karote<\/li>\n<li style=\"margin: 0px; padding: 0px; font: inherit; border: 0px;\">L\u0101psti\u0146a pannai cep\u0161anai<\/li>\n<li style=\"margin: 0px; padding: 0px; font: inherit; border: 0px;\">Zupas liek\u0161\u0137ere<\/li>\n<li style=\"margin: 0px; padding: 0px; font: inherit; border: 0px;\">Ga\u013cas knaibles<\/li>\n<li style=\"margin: 0px; padding: 0px; font: inherit; border: 0px;\">2 na\u017ei, dak\u0161a<\/li>\n<li style=\"margin: 0px; padding: 0px; font: inherit; border: 0px;\">\u0161\u0137\u012bvis, kr\u016bze<\/li>\n<li style=\"margin: 0px; padding: 0px; font: inherit; border: 0px;\">P\u0101rtikas produkti<\/li>\n<\/ul>\n<p><strong>Funkcijas:<\/strong><\/p>\n<ul style=\"list-style-type: square;\">\n<li style=\"margin: 0px; padding: 0px; font: inherit; border: 0px;\">53 piederumi, tostarp trauki<\/li>\n<li style=\"margin: 0px; padding: 0px; font: inherit; border: 0px;\">Apgaismojums, ska\u0146a un ier\u012bce ar cirkul\u0113jo\u0161u \u016bdeni<\/li>\n<li style=\"margin: 0px; padding: 0px; font: inherit; border: 0px;\">Deg\u013ci ar gaismas un ska\u0146as efektiem<\/li>\n<li style=\"margin: 0px; padding: 0px; font: inherit; border: 0px;\">No kr\u0101na tek \u016bdens<\/li>\n<li style=\"margin: 0px; padding: 0px; font: inherit; border: 0px;\">Kafijas autom\u0101ta imit\u0101cija<\/li>\n<li style=\"margin: 0px; padding: 0px; font: inherit; border: 0px;\">Pl\u012bts ar 2 deg\u013ciem<\/li>\n<li style=\"margin: 0px; padding: 0px; font: inherit; border: 0px;\">Aug\u0161\u0113j\u0101 da\u013c\u0101 ir plaukts un \u0101\u0137i virtuves piederumiem.<\/li>\n<li style=\"margin: 0px; padding: 0px; font: inherit; border: 0px;\">S\u0101nu apak\u0161\u0113jie plaukti atveras un aizveras<\/li>\n<li style=\"margin: 0px; padding: 0px; font: inherit; border: 0px;\">2 lieli un ietilp\u012bgi skapji ar durv\u012bm<\/li>\n<li style=\"margin: 0px; padding: 0px; font: inherit; border: 0px;\">Ir tvaika nos\u016bc\u0113js, izlietne un vieta trauku \u017e\u0101v\u0113\u0161anai.<\/li>\n<li style=\"margin: 0px; padding: 0px; font: inherit; border: 0px;\">Zem pl\u012bts atrodas cepe\u0161kr\u0101sns un ledusskapis ar durv\u012bm.<\/li>\n<\/ul>\n<p>Dr\u012bzum\u0101 b\u016bs pieejams pla\u0161\u0101ks produkta apraksts.<\/p>\n<p>Lai ieg\u016btu vair\u0101k inform\u0101cijas par produktu, zvaniet pa lap\u0101 nor\u0101d\u012bto t\u0101lru\u0146a numuru.<\/p>\n","protected":false},"excerpt":{"rendered":"<p>Produkta veids: b\u0113rnu virtuv\u012bte<\/p>\n<p>Izcelsmes valsts: \u0136\u012bna<\/p>\n<p>Iepakojuma izm\u0113ri: 11,5 x 57 x 73 cm<\/p>\n<p>Virtuv\u012btes izm\u0113ri: 33 x 61 x 72,5 cm<\/p>\n<p>Produkta materi\u0101ls: plastmasa<\/p>\n<p>Ieteicamais vecums: no 3 gadiem<\/p>\n<p>Elementi: 3 x AA (nav iek\u013cauti)<\/p>\n","protected":false},"featured_media":26015,"comment_status":"open","ping_status":"closed","template":"","meta":[],"product_brand":[],"product_cat":[1180,1176,1178],"product_tag":[],"class_list":{"0":"post-43061","1":"product","2":"type-product","3":"status-publish","4":"has-post-thumbnail","6":"product_cat-rotallietas-meitenem","7":"product_cat-rotallietas-zeniem","8":"product_cat-rotallietu-virtuves-piederumi-un-aksesuari","9":"pa_spalva-dazadi","11":"first","12":"outofstock","13":"taxable","14":"shipping-taxable","15":"purchasable","16":"product-type-simple"},"yoast_head":"<!-- This site is optimized with the Yoast SEO plugin v26.3 - https:\/\/yoast.com\/wordpress\/plugins\/seo\/ -->\n<title>Talant\u012bgais \u0161efpav\u0101rs B\u0113rnu virtuves komplekts 53 gab. - Toys.lt<\/title>\n<meta name=\"robots\" content=\"index, follow, max-snippet:-1, max-image-preview:large, max-video-preview:-1\" \/>\n<link rel=\"canonical\" href=\"https:\/\/toys.lt\/lv\/produktas\/talantigais-sefpavars-bernu-virtuves-komplekts-53-gab-2\/\" \/>\n<meta property=\"og:locale\" content=\"lv_LV\" \/>\n<meta property=\"og:type\" content=\"article\" \/>\n<meta property=\"og:title\" content=\"Talant\u012bgais \u0161efpav\u0101rs B\u0113rnu virtuves komplekts 53 gab. - Toys.lt\" \/>\n<meta property=\"og:description\" content=\"Produkta veids: b\u0113rnu virtuv\u012bte Izcelsmes valsts: \u0136\u012bna Iepakojuma izm\u0113ri: 11,5 x 57 x 73 cm Virtuv\u012btes izm\u0113ri: 33 x 61 x 72,5 cm Produkta materi\u0101ls: plastmasa Ieteicamais vecums: no 3 gadiem Elementi: 3 x AA (nav iek\u013cauti)\" \/>\n<meta property=\"og:url\" content=\"https:\/\/toys.lt\/lv\/produktas\/talantigais-sefpavars-bernu-virtuves-komplekts-53-gab-2\/\" \/>\n<meta property=\"og:site_name\" content=\"Toys.lt\" \/>\n<meta property=\"article:modified_time\" content=\"2026-04-09T00:02:56+00:00\" \/>\n<meta property=\"og:image\" content=\"https:\/\/toys.lt\/wp-content\/uploads\/2020\/04\/products-353-scaled.jpg\" \/>\n\t<meta property=\"og:image:width\" content=\"2511\" \/>\n\t<meta property=\"og:image:height\" content=\"2560\" \/>\n\t<meta property=\"og:image:type\" content=\"image\/jpeg\" \/>\n<meta name=\"twitter:card\" content=\"summary_large_image\" \/>\n<meta name=\"twitter:label1\" content=\"Est. reading time\" \/>\n\t<meta name=\"twitter:data1\" content=\"1 minute\" \/>\n<script type=\"application\/ld+json\" class=\"yoast-schema-graph\">{\"@context\":\"https:\/\/schema.org\",\"@graph\":[{\"@type\":\"WebPage\",\"@id\":\"https:\/\/toys.lt\/lv\/produktas\/talantigais-sefpavars-bernu-virtuves-komplekts-53-gab-2\/\",\"url\":\"https:\/\/toys.lt\/lv\/produktas\/talantigais-sefpavars-bernu-virtuves-komplekts-53-gab-2\/\",\"name\":\"Talant\u012bgais \u0161efpav\u0101rs B\u0113rnu virtuves komplekts 53 gab. - Toys.lt\",\"isPartOf\":{\"@id\":\"https:\/\/toys.lt\/lv\/#website\"},\"primaryImageOfPage\":{\"@id\":\"https:\/\/toys.lt\/lv\/produktas\/talantigais-sefpavars-bernu-virtuves-komplekts-53-gab-2\/#primaryimage\"},\"image\":{\"@id\":\"https:\/\/toys.lt\/lv\/produktas\/talantigais-sefpavars-bernu-virtuves-komplekts-53-gab-2\/#primaryimage\"},\"thumbnailUrl\":\"https:\/\/toys.lt\/wp-content\/uploads\/2020\/04\/products-353-scaled.jpg\",\"datePublished\":\"2020-04-06T11:25:47+00:00\",\"dateModified\":\"2026-04-09T00:02:56+00:00\",\"breadcrumb\":{\"@id\":\"https:\/\/toys.lt\/lv\/produktas\/talantigais-sefpavars-bernu-virtuves-komplekts-53-gab-2\/#breadcrumb\"},\"inLanguage\":\"lv-LV\",\"potentialAction\":[{\"@type\":\"ReadAction\",\"target\":[\"https:\/\/toys.lt\/lv\/produktas\/talantigais-sefpavars-bernu-virtuves-komplekts-53-gab-2\/\"]}]},{\"@type\":\"ImageObject\",\"inLanguage\":\"lv-LV\",\"@id\":\"https:\/\/toys.lt\/lv\/produktas\/talantigais-sefpavars-bernu-virtuves-komplekts-53-gab-2\/#primaryimage\",\"url\":\"https:\/\/toys.lt\/wp-content\/uploads\/2020\/04\/products-353-scaled.jpg\",\"contentUrl\":\"https:\/\/toys.lt\/wp-content\/uploads\/2020\/04\/products-353-scaled.jpg\",\"width\":2511,\"height\":2560,\"caption\":\"Vaiki\u0161kas virtuv\u0117l\u0117s rinkinys &#8220;Talented Chef&#8221; 53 pcs\"},{\"@type\":\"BreadcrumbList\",\"@id\":\"https:\/\/toys.lt\/lv\/produktas\/talantigais-sefpavars-bernu-virtuves-komplekts-53-gab-2\/#breadcrumb\",\"itemListElement\":[{\"@type\":\"ListItem\",\"position\":1,\"name\":\"Home\",\"item\":\"https:\/\/toys.lt\/lv\/\"},{\"@type\":\"ListItem\",\"position\":2,\"name\":\"Veikals\",\"item\":\"https:\/\/toys.lt\/lv\/shop\/\"},{\"@type\":\"ListItem\",\"position\":3,\"name\":\"Talant\u012bgais \u0161efpav\u0101rs B\u0113rnu virtuves komplekts 53 gab.\"}]},{\"@type\":\"WebSite\",\"@id\":\"https:\/\/toys.lt\/lv\/#website\",\"url\":\"https:\/\/toys.lt\/lv\/\",\"name\":\"Toys.lt\",\"description\":\"\",\"potentialAction\":[{\"@type\":\"SearchAction\",\"target\":{\"@type\":\"EntryPoint\",\"urlTemplate\":\"https:\/\/toys.lt\/lv\/?s={search_term_string}\"},\"query-input\":{\"@type\":\"PropertyValueSpecification\",\"valueRequired\":true,\"valueName\":\"search_term_string\"}}],\"inLanguage\":\"lv-LV\"}]}<\/script>\n<!-- \/ Yoast SEO plugin. -->","yoast_head_json":{"title":"Talant\u012bgais \u0161efpav\u0101rs B\u0113rnu virtuves komplekts 53 gab. - Toys.lt","robots":{"index":"index","follow":"follow","max-snippet":"max-snippet:-1","max-image-preview":"max-image-preview:large","max-video-preview":"max-video-preview:-1"},"canonical":"https:\/\/toys.lt\/lv\/produktas\/talantigais-sefpavars-bernu-virtuves-komplekts-53-gab-2\/","og_locale":"lv_LV","og_type":"article","og_title":"Talant\u012bgais \u0161efpav\u0101rs B\u0113rnu virtuves komplekts 53 gab. - Toys.lt","og_description":"Produkta veids: b\u0113rnu virtuv\u012bte Izcelsmes valsts: \u0136\u012bna Iepakojuma izm\u0113ri: 11,5 x 57 x 73 cm Virtuv\u012btes izm\u0113ri: 33 x 61 x 72,5 cm Produkta materi\u0101ls: plastmasa Ieteicamais vecums: no 3 gadiem Elementi: 3 x AA (nav iek\u013cauti)","og_url":"https:\/\/toys.lt\/lv\/produktas\/talantigais-sefpavars-bernu-virtuves-komplekts-53-gab-2\/","og_site_name":"Toys.lt","article_modified_time":"2026-04-09T00:02:56+00:00","og_image":[{"width":2511,"height":2560,"url":"https:\/\/toys.lt\/wp-content\/uploads\/2020\/04\/products-353-scaled.jpg","type":"image\/jpeg"}],"twitter_card":"summary_large_image","twitter_misc":{"Est. reading time":"1 minute"},"schema":{"@context":"https:\/\/schema.org","@graph":[{"@type":"WebPage","@id":"https:\/\/toys.lt\/lv\/produktas\/talantigais-sefpavars-bernu-virtuves-komplekts-53-gab-2\/","url":"https:\/\/toys.lt\/lv\/produktas\/talantigais-sefpavars-bernu-virtuves-komplekts-53-gab-2\/","name":"Talant\u012bgais \u0161efpav\u0101rs B\u0113rnu virtuves komplekts 53 gab. - Toys.lt","isPartOf":{"@id":"https:\/\/toys.lt\/lv\/#website"},"primaryImageOfPage":{"@id":"https:\/\/toys.lt\/lv\/produktas\/talantigais-sefpavars-bernu-virtuves-komplekts-53-gab-2\/#primaryimage"},"image":{"@id":"https:\/\/toys.lt\/lv\/produktas\/talantigais-sefpavars-bernu-virtuves-komplekts-53-gab-2\/#primaryimage"},"thumbnailUrl":"https:\/\/toys.lt\/wp-content\/uploads\/2020\/04\/products-353-scaled.jpg","datePublished":"2020-04-06T11:25:47+00:00","dateModified":"2026-04-09T00:02:56+00:00","breadcrumb":{"@id":"https:\/\/toys.lt\/lv\/produktas\/talantigais-sefpavars-bernu-virtuves-komplekts-53-gab-2\/#breadcrumb"},"inLanguage":"lv-LV","potentialAction":[{"@type":"ReadAction","target":["https:\/\/toys.lt\/lv\/produktas\/talantigais-sefpavars-bernu-virtuves-komplekts-53-gab-2\/"]}]},{"@type":"ImageObject","inLanguage":"lv-LV","@id":"https:\/\/toys.lt\/lv\/produktas\/talantigais-sefpavars-bernu-virtuves-komplekts-53-gab-2\/#primaryimage","url":"https:\/\/toys.lt\/wp-content\/uploads\/2020\/04\/products-353-scaled.jpg","contentUrl":"https:\/\/toys.lt\/wp-content\/uploads\/2020\/04\/products-353-scaled.jpg","width":2511,"height":2560,"caption":"Vaiki\u0161kas virtuv\u0117l\u0117s rinkinys &#8220;Talented Chef&#8221; 53 pcs"},{"@type":"BreadcrumbList","@id":"https:\/\/toys.lt\/lv\/produktas\/talantigais-sefpavars-bernu-virtuves-komplekts-53-gab-2\/#breadcrumb","itemListElement":[{"@type":"ListItem","position":1,"name":"Home","item":"https:\/\/toys.lt\/lv\/"},{"@type":"ListItem","position":2,"name":"Veikals","item":"https:\/\/toys.lt\/lv\/shop\/"},{"@type":"ListItem","position":3,"name":"Talant\u012bgais \u0161efpav\u0101rs B\u0113rnu virtuves komplekts 53 gab."}]},{"@type":"WebSite","@id":"https:\/\/toys.lt\/lv\/#website","url":"https:\/\/toys.lt\/lv\/","name":"Toys.lt","description":"","potentialAction":[{"@type":"SearchAction","target":{"@type":"EntryPoint","urlTemplate":"https:\/\/toys.lt\/lv\/?s={search_term_string}"},"query-input":{"@type":"PropertyValueSpecification","valueRequired":true,"valueName":"search_term_string"}}],"inLanguage":"lv-LV"}]}},"_links":{"self":[{"href":"https:\/\/toys.lt\/lv\/wp-json\/wp\/v2\/product\/43061","targetHints":{"allow":["GET"]}}],"collection":[{"href":"https:\/\/toys.lt\/lv\/wp-json\/wp\/v2\/product"}],"about":[{"href":"https:\/\/toys.lt\/lv\/wp-json\/wp\/v2\/types\/product"}],"replies":[{"embeddable":true,"href":"https:\/\/toys.lt\/lv\/wp-json\/wp\/v2\/comments?post=43061"}],"version-history":[{"count":0,"href":"https:\/\/toys.lt\/lv\/wp-json\/wp\/v2\/product\/43061\/revisions"}],"wp:featuredmedia":[{"embeddable":true,"href":"https:\/\/toys.lt\/lv\/wp-json\/wp\/v2\/media\/26015"}],"wp:attachment":[{"href":"https:\/\/toys.lt\/lv\/wp-json\/wp\/v2\/media?parent=43061"}],"wp:term":[{"taxonomy":"product_brand","embeddable":true,"href":"https:\/\/toys.lt\/lv\/wp-json\/wp\/v2\/product_brand?post=43061"},{"taxonomy":"product_cat","embeddable":true,"href":"https:\/\/toys.lt\/lv\/wp-json\/wp\/v2\/product_cat?post=43061"},{"taxonomy":"product_tag","embeddable":true,"href":"https:\/\/toys.lt\/lv\/wp-json\/wp\/v2\/product_tag?post=43061"}],"curies":[{"name":"wp","href":"https:\/\/api.w.org\/{rel}","templated":true}]}}