{"id":43060,"date":"2020-04-06T08:41:20","date_gmt":"2020-04-06T08:41:20","guid":{"rendered":"https:\/\/toys.lt\/produktas\/tiny-chef-rotallietu-lellu-virtuves-komplekts\/"},"modified":"2026-04-09T00:02:57","modified_gmt":"2026-04-09T00:02:57","slug":"tiny-chef-rotallietu-lellu-virtuves-komplekts","status":"publish","type":"product","link":"https:\/\/toys.lt\/lv\/produktas\/tiny-chef-rotallietu-lellu-virtuves-komplekts\/","title":{"rendered":"Tiny Chef rota\u013clietu le\u013c\u013cu virtuves komplekts"},"content":{"rendered":"<p><strong>Funkcijas:<\/strong><\/p>\n<ul style=\"list-style-type:square;\">\n<li style=\"margin:0px;padding:0px;font:inherit;border:0px;\">Gaismas un ska\u0146as efekti<\/li>\n<li style=\"margin:0px;padding:0px;font:inherit;border:0px;\">Viegls un kompakts  <\/li>\n<li style=\"margin:0px;padding:0px;font:inherit;border:0px;\">Att\u012bsta izt\u0113li, rado\u0161umu<\/li>\n<li style=\"margin:0px;padding:0px;font:inherit;border:0px;\">Sp\u0113l\u0113jiet kop\u0101 ar draugiem<\/li>\n<li style=\"margin:0px;padding:0px;font:inherit;border:0px;\">dro\u0161i, netoksiski materi\u0101li<\/li>\n<\/ul>\n<p>Dr\u012bzum\u0101 b\u016bs pieejams pla\u0161\u0101ks produkta apraksts.<\/p>\n<p>Lai ieg\u016btu vair\u0101k inform\u0101cijas par produktu, zvaniet pa lap\u0101 nor\u0101d\u012bto t\u0101lru\u0146a numuru.<\/p>\n","protected":false},"excerpt":{"rendered":"<p>Preces veids: le\u013c\u013cu virtuves komplekts<\/p>\n<p>Izcelsmes valsts: \u0136\u012bna<\/p>\n<p>Ieteicamais vecums: no 3 gadiem<\/p>\n","protected":false},"featured_media":25983,"comment_status":"open","ping_status":"closed","template":"","meta":[],"product_brand":[],"product_cat":[1180,1221],"product_tag":[],"class_list":{"0":"post-43060","1":"product","2":"type-product","3":"status-publish","4":"has-post-thumbnail","6":"product_cat-rotallietas-meitenem","7":"product_cat-rotalu-lelles-un-aksesuari","8":"pa_amziaus-grupe-3-lv","10":"first","11":"outofstock","12":"taxable","13":"shipping-taxable","14":"purchasable","15":"product-type-simple"},"yoast_head":"<!-- This site is optimized with the Yoast SEO plugin v26.3 - https:\/\/yoast.com\/wordpress\/plugins\/seo\/ -->\n<title>Tiny Chef rota\u013clietu le\u013c\u013cu virtuves komplekts - Toys.lt<\/title>\n<meta name=\"robots\" content=\"index, follow, max-snippet:-1, max-image-preview:large, max-video-preview:-1\" \/>\n<link rel=\"canonical\" href=\"https:\/\/toys.lt\/lv\/produktas\/tiny-chef-rotallietu-lellu-virtuves-komplekts\/\" \/>\n<meta property=\"og:locale\" content=\"lv_LV\" \/>\n<meta property=\"og:type\" content=\"article\" \/>\n<meta property=\"og:title\" content=\"Tiny Chef rota\u013clietu le\u013c\u013cu virtuves komplekts - Toys.lt\" \/>\n<meta property=\"og:description\" content=\"Preces veids: le\u013c\u013cu virtuves komplekts Izcelsmes valsts: \u0136\u012bna Ieteicamais vecums: no 3 gadiem\" \/>\n<meta property=\"og:url\" content=\"https:\/\/toys.lt\/lv\/produktas\/tiny-chef-rotallietu-lellu-virtuves-komplekts\/\" \/>\n<meta property=\"og:site_name\" content=\"Toys.lt\" \/>\n<meta property=\"article:modified_time\" content=\"2026-04-09T00:02:57+00:00\" \/>\n<meta property=\"og:image\" content=\"https:\/\/toys.lt\/wp-content\/uploads\/2020\/04\/products-342.jpg\" \/>\n\t<meta property=\"og:image:width\" content=\"1821\" \/>\n\t<meta property=\"og:image:height\" content=\"1411\" \/>\n\t<meta property=\"og:image:type\" content=\"image\/jpeg\" \/>\n<meta name=\"twitter:card\" content=\"summary_large_image\" \/>\n<script type=\"application\/ld+json\" class=\"yoast-schema-graph\">{\"@context\":\"https:\/\/schema.org\",\"@graph\":[{\"@type\":\"WebPage\",\"@id\":\"https:\/\/toys.lt\/lv\/produktas\/tiny-chef-rotallietu-lellu-virtuves-komplekts\/\",\"url\":\"https:\/\/toys.lt\/lv\/produktas\/tiny-chef-rotallietu-lellu-virtuves-komplekts\/\",\"name\":\"Tiny Chef rota\u013clietu le\u013c\u013cu virtuves komplekts - Toys.lt\",\"isPartOf\":{\"@id\":\"https:\/\/toys.lt\/lv\/#website\"},\"primaryImageOfPage\":{\"@id\":\"https:\/\/toys.lt\/lv\/produktas\/tiny-chef-rotallietu-lellu-virtuves-komplekts\/#primaryimage\"},\"image\":{\"@id\":\"https:\/\/toys.lt\/lv\/produktas\/tiny-chef-rotallietu-lellu-virtuves-komplekts\/#primaryimage\"},\"thumbnailUrl\":\"https:\/\/toys.lt\/wp-content\/uploads\/2020\/04\/products-342.jpg\",\"datePublished\":\"2020-04-06T08:41:20+00:00\",\"dateModified\":\"2026-04-09T00:02:57+00:00\",\"breadcrumb\":{\"@id\":\"https:\/\/toys.lt\/lv\/produktas\/tiny-chef-rotallietu-lellu-virtuves-komplekts\/#breadcrumb\"},\"inLanguage\":\"lv-LV\",\"potentialAction\":[{\"@type\":\"ReadAction\",\"target\":[\"https:\/\/toys.lt\/lv\/produktas\/tiny-chef-rotallietu-lellu-virtuves-komplekts\/\"]}]},{\"@type\":\"ImageObject\",\"inLanguage\":\"lv-LV\",\"@id\":\"https:\/\/toys.lt\/lv\/produktas\/tiny-chef-rotallietu-lellu-virtuves-komplekts\/#primaryimage\",\"url\":\"https:\/\/toys.lt\/wp-content\/uploads\/2020\/04\/products-342.jpg\",\"contentUrl\":\"https:\/\/toys.lt\/wp-content\/uploads\/2020\/04\/products-342.jpg\",\"width\":1821,\"height\":1411,\"caption\":\"\u017daislinis l\u0117li\u0173 virtuv\u0117s rinkinys &#8220;Tiny Chef&#8221;\"},{\"@type\":\"BreadcrumbList\",\"@id\":\"https:\/\/toys.lt\/lv\/produktas\/tiny-chef-rotallietu-lellu-virtuves-komplekts\/#breadcrumb\",\"itemListElement\":[{\"@type\":\"ListItem\",\"position\":1,\"name\":\"Home\",\"item\":\"https:\/\/toys.lt\/lv\/\"},{\"@type\":\"ListItem\",\"position\":2,\"name\":\"Veikals\",\"item\":\"https:\/\/toys.lt\/lv\/shop\/\"},{\"@type\":\"ListItem\",\"position\":3,\"name\":\"Tiny Chef rota\u013clietu le\u013c\u013cu virtuves komplekts\"}]},{\"@type\":\"WebSite\",\"@id\":\"https:\/\/toys.lt\/lv\/#website\",\"url\":\"https:\/\/toys.lt\/lv\/\",\"name\":\"Toys.lt\",\"description\":\"\",\"potentialAction\":[{\"@type\":\"SearchAction\",\"target\":{\"@type\":\"EntryPoint\",\"urlTemplate\":\"https:\/\/toys.lt\/lv\/?s={search_term_string}\"},\"query-input\":{\"@type\":\"PropertyValueSpecification\",\"valueRequired\":true,\"valueName\":\"search_term_string\"}}],\"inLanguage\":\"lv-LV\"}]}<\/script>\n<!-- \/ Yoast SEO plugin. -->","yoast_head_json":{"title":"Tiny Chef rota\u013clietu le\u013c\u013cu virtuves komplekts - Toys.lt","robots":{"index":"index","follow":"follow","max-snippet":"max-snippet:-1","max-image-preview":"max-image-preview:large","max-video-preview":"max-video-preview:-1"},"canonical":"https:\/\/toys.lt\/lv\/produktas\/tiny-chef-rotallietu-lellu-virtuves-komplekts\/","og_locale":"lv_LV","og_type":"article","og_title":"Tiny Chef rota\u013clietu le\u013c\u013cu virtuves komplekts - Toys.lt","og_description":"Preces veids: le\u013c\u013cu virtuves komplekts Izcelsmes valsts: \u0136\u012bna Ieteicamais vecums: no 3 gadiem","og_url":"https:\/\/toys.lt\/lv\/produktas\/tiny-chef-rotallietu-lellu-virtuves-komplekts\/","og_site_name":"Toys.lt","article_modified_time":"2026-04-09T00:02:57+00:00","og_image":[{"width":1821,"height":1411,"url":"https:\/\/toys.lt\/wp-content\/uploads\/2020\/04\/products-342.jpg","type":"image\/jpeg"}],"twitter_card":"summary_large_image","schema":{"@context":"https:\/\/schema.org","@graph":[{"@type":"WebPage","@id":"https:\/\/toys.lt\/lv\/produktas\/tiny-chef-rotallietu-lellu-virtuves-komplekts\/","url":"https:\/\/toys.lt\/lv\/produktas\/tiny-chef-rotallietu-lellu-virtuves-komplekts\/","name":"Tiny Chef rota\u013clietu le\u013c\u013cu virtuves komplekts - Toys.lt","isPartOf":{"@id":"https:\/\/toys.lt\/lv\/#website"},"primaryImageOfPage":{"@id":"https:\/\/toys.lt\/lv\/produktas\/tiny-chef-rotallietu-lellu-virtuves-komplekts\/#primaryimage"},"image":{"@id":"https:\/\/toys.lt\/lv\/produktas\/tiny-chef-rotallietu-lellu-virtuves-komplekts\/#primaryimage"},"thumbnailUrl":"https:\/\/toys.lt\/wp-content\/uploads\/2020\/04\/products-342.jpg","datePublished":"2020-04-06T08:41:20+00:00","dateModified":"2026-04-09T00:02:57+00:00","breadcrumb":{"@id":"https:\/\/toys.lt\/lv\/produktas\/tiny-chef-rotallietu-lellu-virtuves-komplekts\/#breadcrumb"},"inLanguage":"lv-LV","potentialAction":[{"@type":"ReadAction","target":["https:\/\/toys.lt\/lv\/produktas\/tiny-chef-rotallietu-lellu-virtuves-komplekts\/"]}]},{"@type":"ImageObject","inLanguage":"lv-LV","@id":"https:\/\/toys.lt\/lv\/produktas\/tiny-chef-rotallietu-lellu-virtuves-komplekts\/#primaryimage","url":"https:\/\/toys.lt\/wp-content\/uploads\/2020\/04\/products-342.jpg","contentUrl":"https:\/\/toys.lt\/wp-content\/uploads\/2020\/04\/products-342.jpg","width":1821,"height":1411,"caption":"\u017daislinis l\u0117li\u0173 virtuv\u0117s rinkinys &#8220;Tiny Chef&#8221;"},{"@type":"BreadcrumbList","@id":"https:\/\/toys.lt\/lv\/produktas\/tiny-chef-rotallietu-lellu-virtuves-komplekts\/#breadcrumb","itemListElement":[{"@type":"ListItem","position":1,"name":"Home","item":"https:\/\/toys.lt\/lv\/"},{"@type":"ListItem","position":2,"name":"Veikals","item":"https:\/\/toys.lt\/lv\/shop\/"},{"@type":"ListItem","position":3,"name":"Tiny Chef rota\u013clietu le\u013c\u013cu virtuves komplekts"}]},{"@type":"WebSite","@id":"https:\/\/toys.lt\/lv\/#website","url":"https:\/\/toys.lt\/lv\/","name":"Toys.lt","description":"","potentialAction":[{"@type":"SearchAction","target":{"@type":"EntryPoint","urlTemplate":"https:\/\/toys.lt\/lv\/?s={search_term_string}"},"query-input":{"@type":"PropertyValueSpecification","valueRequired":true,"valueName":"search_term_string"}}],"inLanguage":"lv-LV"}]}},"_links":{"self":[{"href":"https:\/\/toys.lt\/lv\/wp-json\/wp\/v2\/product\/43060","targetHints":{"allow":["GET"]}}],"collection":[{"href":"https:\/\/toys.lt\/lv\/wp-json\/wp\/v2\/product"}],"about":[{"href":"https:\/\/toys.lt\/lv\/wp-json\/wp\/v2\/types\/product"}],"replies":[{"embeddable":true,"href":"https:\/\/toys.lt\/lv\/wp-json\/wp\/v2\/comments?post=43060"}],"version-history":[{"count":0,"href":"https:\/\/toys.lt\/lv\/wp-json\/wp\/v2\/product\/43060\/revisions"}],"wp:featuredmedia":[{"embeddable":true,"href":"https:\/\/toys.lt\/lv\/wp-json\/wp\/v2\/media\/25983"}],"wp:attachment":[{"href":"https:\/\/toys.lt\/lv\/wp-json\/wp\/v2\/media?parent=43060"}],"wp:term":[{"taxonomy":"product_brand","embeddable":true,"href":"https:\/\/toys.lt\/lv\/wp-json\/wp\/v2\/product_brand?post=43060"},{"taxonomy":"product_cat","embeddable":true,"href":"https:\/\/toys.lt\/lv\/wp-json\/wp\/v2\/product_cat?post=43060"},{"taxonomy":"product_tag","embeddable":true,"href":"https:\/\/toys.lt\/lv\/wp-json\/wp\/v2\/product_tag?post=43060"}],"curies":[{"name":"wp","href":"https:\/\/api.w.org\/{rel}","templated":true}]}}