{"id":43040,"date":"2020-04-07T08:54:09","date_gmt":"2020-04-07T08:54:09","guid":{"rendered":"https:\/\/toys.lt\/produktas\/metala-rotalu-automasina-120-ar-gaismam-un-skanam\/"},"modified":"2026-03-30T00:25:29","modified_gmt":"2026-03-30T00:25:29","slug":"metala-rotalu-automasina-120-ar-gaismam-un-skanam","status":"publish","type":"product","link":"https:\/\/toys.lt\/lv\/produktas\/metala-rotalu-automasina-120-ar-gaismam-un-skanam\/","title":{"rendered":"Met\u0101la rota\u013cu automa\u0161\u012bna 1:20 ar gaism\u0101m un ska\u0146\u0101m"},"content":{"rendered":"<p><strong>Funkcijas:<\/strong><\/p>\n<ul style=\"list-style-type: square;\">\n<li>Apgaismes \u0137erme\u0146i<\/li>\n<li>Ska\u0146as efekti<\/li>\n<li>Met\u0101la ma\u0161\u012bnas korpuss<\/li>\n<li>Atv\u0113rtas priek\u0161\u0113j\u0101s durvis<\/li>\n<li>Ma\u0161\u012bna ar piekabi<\/li>\n<li>Izgatavots no augstas kvalit\u0101tes materi\u0101liem<\/li>\n<li>Dro\u0161s b\u0113rnu vesel\u012bbai<\/li>\n<li>Piem\u0113rots gan \u0101ra, gan iek\u0161telpu rota\u013c\u0101m<\/li>\n<li>Att\u012bsta kust\u012bbu koordin\u0101ciju, izt\u0113li un motorisk\u0101s prasmes.<\/li>\n<\/ul>\n<p>&nbsp;<\/p>\n","protected":false},"excerpt":{"rendered":"<p>Produkta veids: transportl\u012bdzeklis<\/p>\n<p>Izcelsmes valsts: \u0136\u012bna<\/p>\n<p>Iepakojuma izm\u0113ri: 11 x 28,5 x 13 cm<\/p>\n<p>Produkta izm\u0113ri: 9 x 23 x 9 cm<\/p>\n<p>Produkta materi\u0101ls: met\u0101ls, plastmasa<\/p>\n<p>M\u0113rogs: 1:20<\/p>\n<p>Ieteicamais vecums: no 3 gadiem.<\/p>\n","protected":false},"featured_media":26112,"comment_status":"open","ping_status":"closed","template":"","meta":[],"product_brand":[],"product_cat":[1176,1177],"product_tag":[],"class_list":{"0":"post-43040","1":"product","2":"type-product","3":"status-publish","4":"has-post-thumbnail","6":"product_cat-rotallietas-zeniem","7":"product_cat-rotalu-automasinas-traktori-un-kapurkedes","8":"pa_amziaus-grupe-3-lv","9":"pa_prek-s-spalva-smiltis","10":"pa_prek-s-spalva-zala","12":"first","13":"outofstock","14":"taxable","15":"shipping-taxable","16":"product-type-variable"},"yoast_head":"<!-- This site is optimized with the Yoast SEO plugin v26.3 - https:\/\/yoast.com\/wordpress\/plugins\/seo\/ -->\n<title>Met\u0101la rota\u013cu automa\u0161\u012bna 1:20 ar gaism\u0101m un ska\u0146\u0101m - Toys.lt<\/title>\n<meta name=\"robots\" content=\"index, follow, max-snippet:-1, max-image-preview:large, max-video-preview:-1\" \/>\n<link rel=\"canonical\" href=\"https:\/\/toys.lt\/lv\/produktas\/metala-rotalu-automasina-120-ar-gaismam-un-skanam\/\" \/>\n<meta property=\"og:locale\" content=\"lv_LV\" \/>\n<meta property=\"og:type\" content=\"article\" \/>\n<meta property=\"og:title\" content=\"Met\u0101la rota\u013cu automa\u0161\u012bna 1:20 ar gaism\u0101m un ska\u0146\u0101m - Toys.lt\" \/>\n<meta property=\"og:description\" content=\"Produkta veids: transportl\u012bdzeklis Izcelsmes valsts: \u0136\u012bna Iepakojuma izm\u0113ri: 11 x 28,5 x 13 cm Produkta izm\u0113ri: 9 x 23 x 9 cm Produkta materi\u0101ls: met\u0101ls, plastmasa M\u0113rogs: 1:20 Ieteicamais vecums: no 3 gadiem.\" \/>\n<meta property=\"og:url\" content=\"https:\/\/toys.lt\/lv\/produktas\/metala-rotalu-automasina-120-ar-gaismam-un-skanam\/\" \/>\n<meta property=\"og:site_name\" content=\"Toys.lt\" \/>\n<meta property=\"article:modified_time\" content=\"2026-03-30T00:25:29+00:00\" \/>\n<meta property=\"og:image\" content=\"https:\/\/toys.lt\/wp-content\/uploads\/2020\/04\/products-392.jpg\" \/>\n\t<meta property=\"og:image:width\" content=\"1080\" \/>\n\t<meta property=\"og:image:height\" content=\"1726\" \/>\n\t<meta property=\"og:image:type\" content=\"image\/jpeg\" \/>\n<meta name=\"twitter:card\" content=\"summary_large_image\" \/>\n<script type=\"application\/ld+json\" class=\"yoast-schema-graph\">{\"@context\":\"https:\/\/schema.org\",\"@graph\":[{\"@type\":\"WebPage\",\"@id\":\"https:\/\/toys.lt\/lv\/produktas\/metala-rotalu-automasina-120-ar-gaismam-un-skanam\/\",\"url\":\"https:\/\/toys.lt\/lv\/produktas\/metala-rotalu-automasina-120-ar-gaismam-un-skanam\/\",\"name\":\"Met\u0101la rota\u013cu automa\u0161\u012bna 1:20 ar gaism\u0101m un ska\u0146\u0101m - Toys.lt\",\"isPartOf\":{\"@id\":\"https:\/\/toys.lt\/lv\/#website\"},\"primaryImageOfPage\":{\"@id\":\"https:\/\/toys.lt\/lv\/produktas\/metala-rotalu-automasina-120-ar-gaismam-un-skanam\/#primaryimage\"},\"image\":{\"@id\":\"https:\/\/toys.lt\/lv\/produktas\/metala-rotalu-automasina-120-ar-gaismam-un-skanam\/#primaryimage\"},\"thumbnailUrl\":\"https:\/\/toys.lt\/wp-content\/uploads\/2020\/04\/products-392.jpg\",\"datePublished\":\"2020-04-07T08:54:09+00:00\",\"dateModified\":\"2026-03-30T00:25:29+00:00\",\"breadcrumb\":{\"@id\":\"https:\/\/toys.lt\/lv\/produktas\/metala-rotalu-automasina-120-ar-gaismam-un-skanam\/#breadcrumb\"},\"inLanguage\":\"lv-LV\",\"potentialAction\":[{\"@type\":\"ReadAction\",\"target\":[\"https:\/\/toys.lt\/lv\/produktas\/metala-rotalu-automasina-120-ar-gaismam-un-skanam\/\"]}]},{\"@type\":\"ImageObject\",\"inLanguage\":\"lv-LV\",\"@id\":\"https:\/\/toys.lt\/lv\/produktas\/metala-rotalu-automasina-120-ar-gaismam-un-skanam\/#primaryimage\",\"url\":\"https:\/\/toys.lt\/wp-content\/uploads\/2020\/04\/products-392.jpg\",\"contentUrl\":\"https:\/\/toys.lt\/wp-content\/uploads\/2020\/04\/products-392.jpg\",\"width\":1080,\"height\":1726,\"caption\":\"\u017daislin\u0117 metalin\u0117 ma\u0161ina 1:20 su \u0161viesa ir garsais\"},{\"@type\":\"BreadcrumbList\",\"@id\":\"https:\/\/toys.lt\/lv\/produktas\/metala-rotalu-automasina-120-ar-gaismam-un-skanam\/#breadcrumb\",\"itemListElement\":[{\"@type\":\"ListItem\",\"position\":1,\"name\":\"Home\",\"item\":\"https:\/\/toys.lt\/lv\/\"},{\"@type\":\"ListItem\",\"position\":2,\"name\":\"Veikals\",\"item\":\"https:\/\/toys.lt\/lv\/shop\/\"},{\"@type\":\"ListItem\",\"position\":3,\"name\":\"Met\u0101la rota\u013cu automa\u0161\u012bna 1:20 ar gaism\u0101m un ska\u0146\u0101m\"}]},{\"@type\":\"WebSite\",\"@id\":\"https:\/\/toys.lt\/lv\/#website\",\"url\":\"https:\/\/toys.lt\/lv\/\",\"name\":\"Toys.lt\",\"description\":\"\",\"potentialAction\":[{\"@type\":\"SearchAction\",\"target\":{\"@type\":\"EntryPoint\",\"urlTemplate\":\"https:\/\/toys.lt\/lv\/?s={search_term_string}\"},\"query-input\":{\"@type\":\"PropertyValueSpecification\",\"valueRequired\":true,\"valueName\":\"search_term_string\"}}],\"inLanguage\":\"lv-LV\"}]}<\/script>\n<!-- \/ Yoast SEO plugin. -->","yoast_head_json":{"title":"Met\u0101la rota\u013cu automa\u0161\u012bna 1:20 ar gaism\u0101m un ska\u0146\u0101m - Toys.lt","robots":{"index":"index","follow":"follow","max-snippet":"max-snippet:-1","max-image-preview":"max-image-preview:large","max-video-preview":"max-video-preview:-1"},"canonical":"https:\/\/toys.lt\/lv\/produktas\/metala-rotalu-automasina-120-ar-gaismam-un-skanam\/","og_locale":"lv_LV","og_type":"article","og_title":"Met\u0101la rota\u013cu automa\u0161\u012bna 1:20 ar gaism\u0101m un ska\u0146\u0101m - Toys.lt","og_description":"Produkta veids: transportl\u012bdzeklis Izcelsmes valsts: \u0136\u012bna Iepakojuma izm\u0113ri: 11 x 28,5 x 13 cm Produkta izm\u0113ri: 9 x 23 x 9 cm Produkta materi\u0101ls: met\u0101ls, plastmasa M\u0113rogs: 1:20 Ieteicamais vecums: no 3 gadiem.","og_url":"https:\/\/toys.lt\/lv\/produktas\/metala-rotalu-automasina-120-ar-gaismam-un-skanam\/","og_site_name":"Toys.lt","article_modified_time":"2026-03-30T00:25:29+00:00","og_image":[{"width":1080,"height":1726,"url":"https:\/\/toys.lt\/wp-content\/uploads\/2020\/04\/products-392.jpg","type":"image\/jpeg"}],"twitter_card":"summary_large_image","schema":{"@context":"https:\/\/schema.org","@graph":[{"@type":"WebPage","@id":"https:\/\/toys.lt\/lv\/produktas\/metala-rotalu-automasina-120-ar-gaismam-un-skanam\/","url":"https:\/\/toys.lt\/lv\/produktas\/metala-rotalu-automasina-120-ar-gaismam-un-skanam\/","name":"Met\u0101la rota\u013cu automa\u0161\u012bna 1:20 ar gaism\u0101m un ska\u0146\u0101m - Toys.lt","isPartOf":{"@id":"https:\/\/toys.lt\/lv\/#website"},"primaryImageOfPage":{"@id":"https:\/\/toys.lt\/lv\/produktas\/metala-rotalu-automasina-120-ar-gaismam-un-skanam\/#primaryimage"},"image":{"@id":"https:\/\/toys.lt\/lv\/produktas\/metala-rotalu-automasina-120-ar-gaismam-un-skanam\/#primaryimage"},"thumbnailUrl":"https:\/\/toys.lt\/wp-content\/uploads\/2020\/04\/products-392.jpg","datePublished":"2020-04-07T08:54:09+00:00","dateModified":"2026-03-30T00:25:29+00:00","breadcrumb":{"@id":"https:\/\/toys.lt\/lv\/produktas\/metala-rotalu-automasina-120-ar-gaismam-un-skanam\/#breadcrumb"},"inLanguage":"lv-LV","potentialAction":[{"@type":"ReadAction","target":["https:\/\/toys.lt\/lv\/produktas\/metala-rotalu-automasina-120-ar-gaismam-un-skanam\/"]}]},{"@type":"ImageObject","inLanguage":"lv-LV","@id":"https:\/\/toys.lt\/lv\/produktas\/metala-rotalu-automasina-120-ar-gaismam-un-skanam\/#primaryimage","url":"https:\/\/toys.lt\/wp-content\/uploads\/2020\/04\/products-392.jpg","contentUrl":"https:\/\/toys.lt\/wp-content\/uploads\/2020\/04\/products-392.jpg","width":1080,"height":1726,"caption":"\u017daislin\u0117 metalin\u0117 ma\u0161ina 1:20 su \u0161viesa ir garsais"},{"@type":"BreadcrumbList","@id":"https:\/\/toys.lt\/lv\/produktas\/metala-rotalu-automasina-120-ar-gaismam-un-skanam\/#breadcrumb","itemListElement":[{"@type":"ListItem","position":1,"name":"Home","item":"https:\/\/toys.lt\/lv\/"},{"@type":"ListItem","position":2,"name":"Veikals","item":"https:\/\/toys.lt\/lv\/shop\/"},{"@type":"ListItem","position":3,"name":"Met\u0101la rota\u013cu automa\u0161\u012bna 1:20 ar gaism\u0101m un ska\u0146\u0101m"}]},{"@type":"WebSite","@id":"https:\/\/toys.lt\/lv\/#website","url":"https:\/\/toys.lt\/lv\/","name":"Toys.lt","description":"","potentialAction":[{"@type":"SearchAction","target":{"@type":"EntryPoint","urlTemplate":"https:\/\/toys.lt\/lv\/?s={search_term_string}"},"query-input":{"@type":"PropertyValueSpecification","valueRequired":true,"valueName":"search_term_string"}}],"inLanguage":"lv-LV"}]}},"_links":{"self":[{"href":"https:\/\/toys.lt\/lv\/wp-json\/wp\/v2\/product\/43040","targetHints":{"allow":["GET"]}}],"collection":[{"href":"https:\/\/toys.lt\/lv\/wp-json\/wp\/v2\/product"}],"about":[{"href":"https:\/\/toys.lt\/lv\/wp-json\/wp\/v2\/types\/product"}],"replies":[{"embeddable":true,"href":"https:\/\/toys.lt\/lv\/wp-json\/wp\/v2\/comments?post=43040"}],"version-history":[{"count":0,"href":"https:\/\/toys.lt\/lv\/wp-json\/wp\/v2\/product\/43040\/revisions"}],"wp:featuredmedia":[{"embeddable":true,"href":"https:\/\/toys.lt\/lv\/wp-json\/wp\/v2\/media\/26112"}],"wp:attachment":[{"href":"https:\/\/toys.lt\/lv\/wp-json\/wp\/v2\/media?parent=43040"}],"wp:term":[{"taxonomy":"product_brand","embeddable":true,"href":"https:\/\/toys.lt\/lv\/wp-json\/wp\/v2\/product_brand?post=43040"},{"taxonomy":"product_cat","embeddable":true,"href":"https:\/\/toys.lt\/lv\/wp-json\/wp\/v2\/product_cat?post=43040"},{"taxonomy":"product_tag","embeddable":true,"href":"https:\/\/toys.lt\/lv\/wp-json\/wp\/v2\/product_tag?post=43040"}],"curies":[{"name":"wp","href":"https:\/\/api.w.org\/{rel}","templated":true}]}}