{"id":42991,"date":"2020-06-23T08:23:12","date_gmt":"2020-06-23T08:23:12","guid":{"rendered":"https:\/\/toys.lt\/produktas\/pilsan-aktivais-traktors-berniem-2\/"},"modified":"2026-03-30T00:25:28","modified_gmt":"2026-03-30T00:25:28","slug":"pilsan-aktivais-traktors-berniem-2","status":"publish","type":"product","link":"https:\/\/toys.lt\/lv\/produktas\/pilsan-aktivais-traktors-berniem-2\/","title":{"rendered":"Pilsan Akt\u012bvais traktors b\u0113rniem"},"content":{"rendered":"<p><strong>Funkcijas:<\/strong><\/p>\n<ul style=\"list-style-type: square;\">\n<li>Maksim\u0101lais svars: 50 kg<\/li>\n<li>Patent\u0113ts regul\u0113jams s\u0113deklis<\/li>\n<li>Patent\u0113ta viegli pagrie\u017eama st\u016bres sist\u0113ma<\/li>\n<li>Aizmugur\u0113jais piekabes sakabes punkts<\/li>\n<li>Ar ped\u0101\u013ciem un pla\u0161u piekabi<\/li>\n<li>Patent\u0113ta priek\u0161\u0113jo instrumentu sist\u0113ma, ko var main\u012bt atbilsto\u0161i gr\u012bdai<\/li>\n<li>\u0136\u0113des padeves meh\u0101nisms<\/li>\n<li>Sign\u0101la poga<\/li>\n<li>Elegants un ergonomisks dizains<\/li>\n<li>B\u0113rnu vesel\u012bbai piem\u0113rota izejviela, kas nesatur kancerog\u0113nas vielas<\/li>\n<li>Pilsan rota\u013clietas no Turcijas izce\u013cas ar augstu kvalit\u0101ti.<\/li>\n<\/ul>\n","protected":false},"excerpt":{"rendered":"<p>Produkta veids: p\u0101rvieto\u0161an\u0101s pal\u012bgl\u012bdzeklis<\/p>\n<p>Izcelsmes valsts: Turcija<\/p>\n<p>Z\u012bmola nosaukums: Pilsan<\/p>\n<p>Iepakojuma izm\u0113ri: 92 x 51 x 35,5 cm<\/p>\n<p>Produkta izm\u0113ri: 143 x 51 x 51 cm<\/p>\n<p>Svars: 9,66 kg<\/p>\n<p>Ieteicamais vecums: no 3 gadiem.<\/p>\n","protected":false},"featured_media":37313,"comment_status":"open","ping_status":"closed","template":"","meta":[],"product_brand":[],"product_cat":[1162,1155,1169],"product_tag":[],"class_list":{"0":"post-42991","1":"product","2":"type-product","3":"status-publish","4":"has-post-thumbnail","6":"product_cat-ara-un-vasaras-rotallietas","7":"product_cat-leti","8":"product_cat-uzsezamas-un-pedalu-rotallietu-masinas-un-traktori","9":"pa_amziaus-grupe-3-lv","10":"pa_prek-s-spalva-sarkanais","11":"pa_prek-s-spalva-zala","12":"pa_prek-s-tipas-traktoru-uzbrauksana-un-nobrauksana","13":"pa_prekes-zenklas-citizen","14":"pa_spalva-sarkanais","16":"first","17":"outofstock","18":"taxable","19":"shipping-taxable","20":"product-type-variable"},"yoast_head":"<!-- This site is optimized with the Yoast SEO plugin v26.3 - https:\/\/yoast.com\/wordpress\/plugins\/seo\/ -->\n<title>Pilsan Akt\u012bvais traktors b\u0113rniem - Toys.lt<\/title>\n<meta name=\"robots\" content=\"index, follow, max-snippet:-1, max-image-preview:large, max-video-preview:-1\" \/>\n<link rel=\"canonical\" href=\"https:\/\/toys.lt\/lv\/produktas\/pilsan-aktivais-traktors-berniem-2\/\" \/>\n<meta property=\"og:locale\" content=\"lv_LV\" \/>\n<meta property=\"og:type\" content=\"article\" \/>\n<meta property=\"og:title\" content=\"Pilsan Akt\u012bvais traktors b\u0113rniem - Toys.lt\" \/>\n<meta property=\"og:description\" content=\"Produkta veids: p\u0101rvieto\u0161an\u0101s pal\u012bgl\u012bdzeklis Izcelsmes valsts: Turcija Z\u012bmola nosaukums: Pilsan Iepakojuma izm\u0113ri: 92 x 51 x 35,5 cm Produkta izm\u0113ri: 143 x 51 x 51 cm Svars: 9,66 kg Ieteicamais vecums: no 3 gadiem.\" \/>\n<meta property=\"og:url\" content=\"https:\/\/toys.lt\/lv\/produktas\/pilsan-aktivais-traktors-berniem-2\/\" \/>\n<meta property=\"og:site_name\" content=\"Toys.lt\" \/>\n<meta property=\"article:modified_time\" content=\"2026-03-30T00:25:28+00:00\" \/>\n<meta property=\"og:image\" content=\"https:\/\/toys.lt\/wp-content\/uploads\/2020\/06\/products-1255.jpg\" \/>\n\t<meta property=\"og:image:width\" content=\"1024\" \/>\n\t<meta property=\"og:image:height\" content=\"768\" \/>\n\t<meta property=\"og:image:type\" content=\"image\/jpeg\" \/>\n<meta name=\"twitter:card\" content=\"summary_large_image\" \/>\n<script type=\"application\/ld+json\" class=\"yoast-schema-graph\">{\"@context\":\"https:\/\/schema.org\",\"@graph\":[{\"@type\":\"WebPage\",\"@id\":\"https:\/\/toys.lt\/lv\/produktas\/pilsan-aktivais-traktors-berniem-2\/\",\"url\":\"https:\/\/toys.lt\/lv\/produktas\/pilsan-aktivais-traktors-berniem-2\/\",\"name\":\"Pilsan Akt\u012bvais traktors b\u0113rniem - Toys.lt\",\"isPartOf\":{\"@id\":\"https:\/\/toys.lt\/lv\/#website\"},\"primaryImageOfPage\":{\"@id\":\"https:\/\/toys.lt\/lv\/produktas\/pilsan-aktivais-traktors-berniem-2\/#primaryimage\"},\"image\":{\"@id\":\"https:\/\/toys.lt\/lv\/produktas\/pilsan-aktivais-traktors-berniem-2\/#primaryimage\"},\"thumbnailUrl\":\"https:\/\/toys.lt\/wp-content\/uploads\/2020\/06\/products-1255.jpg\",\"datePublished\":\"2020-06-23T08:23:12+00:00\",\"dateModified\":\"2026-03-30T00:25:28+00:00\",\"breadcrumb\":{\"@id\":\"https:\/\/toys.lt\/lv\/produktas\/pilsan-aktivais-traktors-berniem-2\/#breadcrumb\"},\"inLanguage\":\"lv-LV\",\"potentialAction\":[{\"@type\":\"ReadAction\",\"target\":[\"https:\/\/toys.lt\/lv\/produktas\/pilsan-aktivais-traktors-berniem-2\/\"]}]},{\"@type\":\"ImageObject\",\"inLanguage\":\"lv-LV\",\"@id\":\"https:\/\/toys.lt\/lv\/produktas\/pilsan-aktivais-traktors-berniem-2\/#primaryimage\",\"url\":\"https:\/\/toys.lt\/wp-content\/uploads\/2020\/06\/products-1255.jpg\",\"contentUrl\":\"https:\/\/toys.lt\/wp-content\/uploads\/2020\/06\/products-1255.jpg\",\"width\":1024,\"height\":768,\"caption\":\"Vaiki\u0161kas minamas traktorius Pilsan &#8220;Active&#8221;\"},{\"@type\":\"BreadcrumbList\",\"@id\":\"https:\/\/toys.lt\/lv\/produktas\/pilsan-aktivais-traktors-berniem-2\/#breadcrumb\",\"itemListElement\":[{\"@type\":\"ListItem\",\"position\":1,\"name\":\"Home\",\"item\":\"https:\/\/toys.lt\/lv\/\"},{\"@type\":\"ListItem\",\"position\":2,\"name\":\"Veikals\",\"item\":\"https:\/\/toys.lt\/lv\/shop\/\"},{\"@type\":\"ListItem\",\"position\":3,\"name\":\"Pilsan Akt\u012bvais traktors b\u0113rniem\"}]},{\"@type\":\"WebSite\",\"@id\":\"https:\/\/toys.lt\/lv\/#website\",\"url\":\"https:\/\/toys.lt\/lv\/\",\"name\":\"Toys.lt\",\"description\":\"\",\"potentialAction\":[{\"@type\":\"SearchAction\",\"target\":{\"@type\":\"EntryPoint\",\"urlTemplate\":\"https:\/\/toys.lt\/lv\/?s={search_term_string}\"},\"query-input\":{\"@type\":\"PropertyValueSpecification\",\"valueRequired\":true,\"valueName\":\"search_term_string\"}}],\"inLanguage\":\"lv-LV\"}]}<\/script>\n<!-- \/ Yoast SEO plugin. -->","yoast_head_json":{"title":"Pilsan Akt\u012bvais traktors b\u0113rniem - Toys.lt","robots":{"index":"index","follow":"follow","max-snippet":"max-snippet:-1","max-image-preview":"max-image-preview:large","max-video-preview":"max-video-preview:-1"},"canonical":"https:\/\/toys.lt\/lv\/produktas\/pilsan-aktivais-traktors-berniem-2\/","og_locale":"lv_LV","og_type":"article","og_title":"Pilsan Akt\u012bvais traktors b\u0113rniem - Toys.lt","og_description":"Produkta veids: p\u0101rvieto\u0161an\u0101s pal\u012bgl\u012bdzeklis Izcelsmes valsts: Turcija Z\u012bmola nosaukums: Pilsan Iepakojuma izm\u0113ri: 92 x 51 x 35,5 cm Produkta izm\u0113ri: 143 x 51 x 51 cm Svars: 9,66 kg Ieteicamais vecums: no 3 gadiem.","og_url":"https:\/\/toys.lt\/lv\/produktas\/pilsan-aktivais-traktors-berniem-2\/","og_site_name":"Toys.lt","article_modified_time":"2026-03-30T00:25:28+00:00","og_image":[{"width":1024,"height":768,"url":"https:\/\/toys.lt\/wp-content\/uploads\/2020\/06\/products-1255.jpg","type":"image\/jpeg"}],"twitter_card":"summary_large_image","schema":{"@context":"https:\/\/schema.org","@graph":[{"@type":"WebPage","@id":"https:\/\/toys.lt\/lv\/produktas\/pilsan-aktivais-traktors-berniem-2\/","url":"https:\/\/toys.lt\/lv\/produktas\/pilsan-aktivais-traktors-berniem-2\/","name":"Pilsan Akt\u012bvais traktors b\u0113rniem - Toys.lt","isPartOf":{"@id":"https:\/\/toys.lt\/lv\/#website"},"primaryImageOfPage":{"@id":"https:\/\/toys.lt\/lv\/produktas\/pilsan-aktivais-traktors-berniem-2\/#primaryimage"},"image":{"@id":"https:\/\/toys.lt\/lv\/produktas\/pilsan-aktivais-traktors-berniem-2\/#primaryimage"},"thumbnailUrl":"https:\/\/toys.lt\/wp-content\/uploads\/2020\/06\/products-1255.jpg","datePublished":"2020-06-23T08:23:12+00:00","dateModified":"2026-03-30T00:25:28+00:00","breadcrumb":{"@id":"https:\/\/toys.lt\/lv\/produktas\/pilsan-aktivais-traktors-berniem-2\/#breadcrumb"},"inLanguage":"lv-LV","potentialAction":[{"@type":"ReadAction","target":["https:\/\/toys.lt\/lv\/produktas\/pilsan-aktivais-traktors-berniem-2\/"]}]},{"@type":"ImageObject","inLanguage":"lv-LV","@id":"https:\/\/toys.lt\/lv\/produktas\/pilsan-aktivais-traktors-berniem-2\/#primaryimage","url":"https:\/\/toys.lt\/wp-content\/uploads\/2020\/06\/products-1255.jpg","contentUrl":"https:\/\/toys.lt\/wp-content\/uploads\/2020\/06\/products-1255.jpg","width":1024,"height":768,"caption":"Vaiki\u0161kas minamas traktorius Pilsan &#8220;Active&#8221;"},{"@type":"BreadcrumbList","@id":"https:\/\/toys.lt\/lv\/produktas\/pilsan-aktivais-traktors-berniem-2\/#breadcrumb","itemListElement":[{"@type":"ListItem","position":1,"name":"Home","item":"https:\/\/toys.lt\/lv\/"},{"@type":"ListItem","position":2,"name":"Veikals","item":"https:\/\/toys.lt\/lv\/shop\/"},{"@type":"ListItem","position":3,"name":"Pilsan Akt\u012bvais traktors b\u0113rniem"}]},{"@type":"WebSite","@id":"https:\/\/toys.lt\/lv\/#website","url":"https:\/\/toys.lt\/lv\/","name":"Toys.lt","description":"","potentialAction":[{"@type":"SearchAction","target":{"@type":"EntryPoint","urlTemplate":"https:\/\/toys.lt\/lv\/?s={search_term_string}"},"query-input":{"@type":"PropertyValueSpecification","valueRequired":true,"valueName":"search_term_string"}}],"inLanguage":"lv-LV"}]}},"_links":{"self":[{"href":"https:\/\/toys.lt\/lv\/wp-json\/wp\/v2\/product\/42991","targetHints":{"allow":["GET"]}}],"collection":[{"href":"https:\/\/toys.lt\/lv\/wp-json\/wp\/v2\/product"}],"about":[{"href":"https:\/\/toys.lt\/lv\/wp-json\/wp\/v2\/types\/product"}],"replies":[{"embeddable":true,"href":"https:\/\/toys.lt\/lv\/wp-json\/wp\/v2\/comments?post=42991"}],"version-history":[{"count":1,"href":"https:\/\/toys.lt\/lv\/wp-json\/wp\/v2\/product\/42991\/revisions"}],"predecessor-version":[{"id":46281,"href":"https:\/\/toys.lt\/lv\/wp-json\/wp\/v2\/product\/42991\/revisions\/46281"}],"wp:featuredmedia":[{"embeddable":true,"href":"https:\/\/toys.lt\/lv\/wp-json\/wp\/v2\/media\/37313"}],"wp:attachment":[{"href":"https:\/\/toys.lt\/lv\/wp-json\/wp\/v2\/media?parent=42991"}],"wp:term":[{"taxonomy":"product_brand","embeddable":true,"href":"https:\/\/toys.lt\/lv\/wp-json\/wp\/v2\/product_brand?post=42991"},{"taxonomy":"product_cat","embeddable":true,"href":"https:\/\/toys.lt\/lv\/wp-json\/wp\/v2\/product_cat?post=42991"},{"taxonomy":"product_tag","embeddable":true,"href":"https:\/\/toys.lt\/lv\/wp-json\/wp\/v2\/product_tag?post=42991"}],"curies":[{"name":"wp","href":"https:\/\/api.w.org\/{rel}","templated":true}]}}