{"id":42980,"date":"2020-04-07T06:59:04","date_gmt":"2020-04-07T06:59:04","guid":{"rendered":"https:\/\/toys.lt\/produktas\/talantigais-sefpavars-bernu-virtuves-komplekts-58-gab\/"},"modified":"2026-04-09T00:02:53","modified_gmt":"2026-04-09T00:02:53","slug":"talantigais-sefpavars-bernu-virtuves-komplekts-58-gab","status":"publish","type":"product","link":"https:\/\/toys.lt\/lv\/produktas\/talantigais-sefpavars-bernu-virtuves-komplekts-58-gab\/","title":{"rendered":"Talant\u012bgais \u0161efpav\u0101rs B\u0113rnu virtuves komplekts 58 gab."},"content":{"rendered":"<p><strong>Komplekt\u0101 ietilpst:<\/strong><\/p>\n<ul style=\"list-style-type: square\">\n<li style=\"margin: 0px;padding: 0px;font: inherit;border: 0px\">Panna un katls ar v\u0101kiem<\/li>\n<li style=\"margin: 0px;padding: 0px;font: inherit;border: 0px\">Spageti karote<\/li>\n<li style=\"margin: 0px;padding: 0px;font: inherit;border: 0px\">L\u0101psti\u0146a pannai cep\u0161anai<\/li>\n<li style=\"margin: 0px;padding: 0px;font: inherit;border: 0px\">Zupas liek\u0161\u0137ere<\/li>\n<li style=\"margin: 0px;padding: 0px;font: inherit;border: 0px\">Ga\u013cas knaibles<\/li>\n<li style=\"margin: 0px;padding: 0px;font: inherit;border: 0px\">2 na\u017ei, dak\u0161a<\/li>\n<li style=\"margin: 0px;padding: 0px;font: inherit;border: 0px\">\u0161\u0137\u012bvis, kr\u016bze<\/li>\n<li style=\"margin: 0px;padding: 0px;font: inherit;border: 0px\">P\u0101rtikas produkti<\/li>\n<\/ul>\n<p><strong>Funkcijas:<\/strong><\/p>\n<ul style=\"list-style-type: square\">\n<li style=\"margin: 0px;padding: 0px;font: inherit;border: 0px\">58 da\u013cas, ieskaitot piederumus<\/li>\n<li style=\"margin: 0px;padding: 0px;font: inherit;border: 0px\">Deg\u013ci ar gaismas un ska\u0146as efektiem<\/li>\n<li style=\"margin: 0px;padding: 0px;font: inherit;border: 0px\">Ar akumulatoru darbin\u0101ms elektriskais \u016bdens s\u016bknis<\/li>\n<li style=\"margin: 0px;padding: 0px;font: inherit;border: 0px\">St\u016bra darba virsmas<\/li>\n<li style=\"margin: 0px;padding: 0px;font: inherit;border: 0px\">Aiz izlietnes ir \u012bpa\u0161s plaukts \u0161\u0137\u012bvjiem vai v\u0101kiem.<\/li>\n<li style=\"margin: 0px;padding: 0px;font: inherit;border: 0px\">Darba virsm\u0101 ieb\u016bv\u0113ta stikla keramikas pl\u012bts ar 4 vad\u012bbas pog\u0101m priek\u0161pus\u0113<\/li>\n<li style=\"margin: 0px;padding: 0px;font: inherit;border: 0px\">Papildu s\u0101nu galds ar ieb\u016bv\u0113tu ledusskapi un diviem s\u0101nu plauktiem<\/li>\n<li style=\"margin: 0px;padding: 0px;font: inherit;border: 0px\">Skapjos var uzglab\u0101t visus galda piederumus, traukus un p\u0101rtikas produktu iepakojumu.<\/li>\n<li style=\"margin: 0px;padding: 0px;font: inherit;border: 0px\">Aug\u0161\u0113j\u0101 da\u013c\u0101 ir plaukts un \u0101\u0137i virtuves piederumiem.<\/li>\n<li style=\"margin: 0px;padding: 0px;font: inherit;border: 0px\">2 ledusskapji<\/li>\n<li style=\"margin: 0px;padding: 0px;font: inherit;border: 0px\">Pulkstenis ar b\u0113go\u0161\u0101m \u0161autri\u0146\u0101m<\/li>\n<li style=\"margin: 0px;padding: 0px;font: inherit;border: 0px\">Zem pl\u012bts ir cepe\u0161kr\u0101sns un mikrovi\u013c\u0146u kr\u0101sns ar durv\u012bm.<\/li>\n<\/ul>\n<p>&nbsp;<\/p>\n","protected":false},"excerpt":{"rendered":"<p>Produkta veids: b\u0113rnu virtuv\u012bte<\/p>\n<p>Izcelsmes valsts: \u0136\u012bna<\/p>\n<p>Iepakojuma izm\u0113ri: 14,5 x 55 x 63 cm<\/p>\n<p>Virtuv\u012btes izm\u0113ri: 35 x 63 x 84 cm<\/p>\n<p>Produkta materi\u0101ls: plastmasa<\/p>\n<p>Ieteicamais vecums: no 3 gadiem<\/p>\n<p>Elementi: 3 x AA (nav iek\u013cauti)<\/p>\n","protected":false},"featured_media":36509,"comment_status":"open","ping_status":"closed","template":"","meta":[],"product_brand":[],"product_cat":[1178,1155],"product_tag":[],"class_list":{"0":"post-42980","1":"product","2":"type-product","3":"status-publish","4":"has-post-thumbnail","6":"product_cat-rotallietu-virtuves-piederumi-un-aksesuari","7":"product_cat-leti","9":"first","10":"instock","11":"taxable","12":"shipping-taxable","13":"purchasable","14":"product-type-simple"},"yoast_head":"<!-- This site is optimized with the Yoast SEO plugin v26.3 - https:\/\/yoast.com\/wordpress\/plugins\/seo\/ -->\n<title>Talant\u012bgais \u0161efpav\u0101rs B\u0113rnu virtuves komplekts 58 gab. - Toys.lt<\/title>\n<meta name=\"robots\" content=\"index, follow, max-snippet:-1, max-image-preview:large, max-video-preview:-1\" \/>\n<link rel=\"canonical\" href=\"https:\/\/toys.lt\/lv\/produktas\/talantigais-sefpavars-bernu-virtuves-komplekts-58-gab\/\" \/>\n<meta property=\"og:locale\" content=\"lv_LV\" \/>\n<meta property=\"og:type\" content=\"article\" \/>\n<meta property=\"og:title\" content=\"Talant\u012bgais \u0161efpav\u0101rs B\u0113rnu virtuves komplekts 58 gab. - Toys.lt\" \/>\n<meta property=\"og:description\" content=\"Produkta veids: b\u0113rnu virtuv\u012bte Izcelsmes valsts: \u0136\u012bna Iepakojuma izm\u0113ri: 14,5 x 55 x 63 cm Virtuv\u012btes izm\u0113ri: 35 x 63 x 84 cm Produkta materi\u0101ls: plastmasa Ieteicamais vecums: no 3 gadiem Elementi: 3 x AA (nav iek\u013cauti)\" \/>\n<meta property=\"og:url\" content=\"https:\/\/toys.lt\/lv\/produktas\/talantigais-sefpavars-bernu-virtuves-komplekts-58-gab\/\" \/>\n<meta property=\"og:site_name\" content=\"Toys.lt\" \/>\n<meta property=\"article:modified_time\" content=\"2026-04-09T00:02:53+00:00\" \/>\n<meta property=\"og:image\" content=\"https:\/\/toys.lt\/wp-content\/uploads\/2020\/04\/products-377.jpg\" \/>\n\t<meta property=\"og:image:width\" content=\"1653\" \/>\n\t<meta property=\"og:image:height\" content=\"1103\" \/>\n\t<meta property=\"og:image:type\" content=\"image\/jpeg\" \/>\n<meta name=\"twitter:card\" content=\"summary_large_image\" \/>\n<meta name=\"twitter:label1\" content=\"Est. reading time\" \/>\n\t<meta name=\"twitter:data1\" content=\"1 minute\" \/>\n<script type=\"application\/ld+json\" class=\"yoast-schema-graph\">{\"@context\":\"https:\/\/schema.org\",\"@graph\":[{\"@type\":\"WebPage\",\"@id\":\"https:\/\/toys.lt\/lv\/produktas\/talantigais-sefpavars-bernu-virtuves-komplekts-58-gab\/\",\"url\":\"https:\/\/toys.lt\/lv\/produktas\/talantigais-sefpavars-bernu-virtuves-komplekts-58-gab\/\",\"name\":\"Talant\u012bgais \u0161efpav\u0101rs B\u0113rnu virtuves komplekts 58 gab. - Toys.lt\",\"isPartOf\":{\"@id\":\"https:\/\/toys.lt\/lv\/#website\"},\"primaryImageOfPage\":{\"@id\":\"https:\/\/toys.lt\/lv\/produktas\/talantigais-sefpavars-bernu-virtuves-komplekts-58-gab\/#primaryimage\"},\"image\":{\"@id\":\"https:\/\/toys.lt\/lv\/produktas\/talantigais-sefpavars-bernu-virtuves-komplekts-58-gab\/#primaryimage\"},\"thumbnailUrl\":\"https:\/\/toys.lt\/wp-content\/uploads\/2020\/04\/products-377.jpg\",\"datePublished\":\"2020-04-07T06:59:04+00:00\",\"dateModified\":\"2026-04-09T00:02:53+00:00\",\"breadcrumb\":{\"@id\":\"https:\/\/toys.lt\/lv\/produktas\/talantigais-sefpavars-bernu-virtuves-komplekts-58-gab\/#breadcrumb\"},\"inLanguage\":\"lv-LV\",\"potentialAction\":[{\"@type\":\"ReadAction\",\"target\":[\"https:\/\/toys.lt\/lv\/produktas\/talantigais-sefpavars-bernu-virtuves-komplekts-58-gab\/\"]}]},{\"@type\":\"ImageObject\",\"inLanguage\":\"lv-LV\",\"@id\":\"https:\/\/toys.lt\/lv\/produktas\/talantigais-sefpavars-bernu-virtuves-komplekts-58-gab\/#primaryimage\",\"url\":\"https:\/\/toys.lt\/wp-content\/uploads\/2020\/04\/products-377.jpg\",\"contentUrl\":\"https:\/\/toys.lt\/wp-content\/uploads\/2020\/04\/products-377.jpg\",\"width\":1653,\"height\":1103,\"caption\":\"Vaiki\u0161kas virtuv\u0117l\u0117s rinkinys &#8220;Talented Chef&#8221; 58 pcs\"},{\"@type\":\"BreadcrumbList\",\"@id\":\"https:\/\/toys.lt\/lv\/produktas\/talantigais-sefpavars-bernu-virtuves-komplekts-58-gab\/#breadcrumb\",\"itemListElement\":[{\"@type\":\"ListItem\",\"position\":1,\"name\":\"Home\",\"item\":\"https:\/\/toys.lt\/lv\/\"},{\"@type\":\"ListItem\",\"position\":2,\"name\":\"Veikals\",\"item\":\"https:\/\/toys.lt\/lv\/shop\/\"},{\"@type\":\"ListItem\",\"position\":3,\"name\":\"Talant\u012bgais \u0161efpav\u0101rs B\u0113rnu virtuves komplekts 58 gab.\"}]},{\"@type\":\"WebSite\",\"@id\":\"https:\/\/toys.lt\/lv\/#website\",\"url\":\"https:\/\/toys.lt\/lv\/\",\"name\":\"Toys.lt\",\"description\":\"\",\"potentialAction\":[{\"@type\":\"SearchAction\",\"target\":{\"@type\":\"EntryPoint\",\"urlTemplate\":\"https:\/\/toys.lt\/lv\/?s={search_term_string}\"},\"query-input\":{\"@type\":\"PropertyValueSpecification\",\"valueRequired\":true,\"valueName\":\"search_term_string\"}}],\"inLanguage\":\"lv-LV\"}]}<\/script>\n<!-- \/ Yoast SEO plugin. -->","yoast_head_json":{"title":"Talant\u012bgais \u0161efpav\u0101rs B\u0113rnu virtuves komplekts 58 gab. - Toys.lt","robots":{"index":"index","follow":"follow","max-snippet":"max-snippet:-1","max-image-preview":"max-image-preview:large","max-video-preview":"max-video-preview:-1"},"canonical":"https:\/\/toys.lt\/lv\/produktas\/talantigais-sefpavars-bernu-virtuves-komplekts-58-gab\/","og_locale":"lv_LV","og_type":"article","og_title":"Talant\u012bgais \u0161efpav\u0101rs B\u0113rnu virtuves komplekts 58 gab. - Toys.lt","og_description":"Produkta veids: b\u0113rnu virtuv\u012bte Izcelsmes valsts: \u0136\u012bna Iepakojuma izm\u0113ri: 14,5 x 55 x 63 cm Virtuv\u012btes izm\u0113ri: 35 x 63 x 84 cm Produkta materi\u0101ls: plastmasa Ieteicamais vecums: no 3 gadiem Elementi: 3 x AA (nav iek\u013cauti)","og_url":"https:\/\/toys.lt\/lv\/produktas\/talantigais-sefpavars-bernu-virtuves-komplekts-58-gab\/","og_site_name":"Toys.lt","article_modified_time":"2026-04-09T00:02:53+00:00","og_image":[{"width":1653,"height":1103,"url":"https:\/\/toys.lt\/wp-content\/uploads\/2020\/04\/products-377.jpg","type":"image\/jpeg"}],"twitter_card":"summary_large_image","twitter_misc":{"Est. reading time":"1 minute"},"schema":{"@context":"https:\/\/schema.org","@graph":[{"@type":"WebPage","@id":"https:\/\/toys.lt\/lv\/produktas\/talantigais-sefpavars-bernu-virtuves-komplekts-58-gab\/","url":"https:\/\/toys.lt\/lv\/produktas\/talantigais-sefpavars-bernu-virtuves-komplekts-58-gab\/","name":"Talant\u012bgais \u0161efpav\u0101rs B\u0113rnu virtuves komplekts 58 gab. - Toys.lt","isPartOf":{"@id":"https:\/\/toys.lt\/lv\/#website"},"primaryImageOfPage":{"@id":"https:\/\/toys.lt\/lv\/produktas\/talantigais-sefpavars-bernu-virtuves-komplekts-58-gab\/#primaryimage"},"image":{"@id":"https:\/\/toys.lt\/lv\/produktas\/talantigais-sefpavars-bernu-virtuves-komplekts-58-gab\/#primaryimage"},"thumbnailUrl":"https:\/\/toys.lt\/wp-content\/uploads\/2020\/04\/products-377.jpg","datePublished":"2020-04-07T06:59:04+00:00","dateModified":"2026-04-09T00:02:53+00:00","breadcrumb":{"@id":"https:\/\/toys.lt\/lv\/produktas\/talantigais-sefpavars-bernu-virtuves-komplekts-58-gab\/#breadcrumb"},"inLanguage":"lv-LV","potentialAction":[{"@type":"ReadAction","target":["https:\/\/toys.lt\/lv\/produktas\/talantigais-sefpavars-bernu-virtuves-komplekts-58-gab\/"]}]},{"@type":"ImageObject","inLanguage":"lv-LV","@id":"https:\/\/toys.lt\/lv\/produktas\/talantigais-sefpavars-bernu-virtuves-komplekts-58-gab\/#primaryimage","url":"https:\/\/toys.lt\/wp-content\/uploads\/2020\/04\/products-377.jpg","contentUrl":"https:\/\/toys.lt\/wp-content\/uploads\/2020\/04\/products-377.jpg","width":1653,"height":1103,"caption":"Vaiki\u0161kas virtuv\u0117l\u0117s rinkinys &#8220;Talented Chef&#8221; 58 pcs"},{"@type":"BreadcrumbList","@id":"https:\/\/toys.lt\/lv\/produktas\/talantigais-sefpavars-bernu-virtuves-komplekts-58-gab\/#breadcrumb","itemListElement":[{"@type":"ListItem","position":1,"name":"Home","item":"https:\/\/toys.lt\/lv\/"},{"@type":"ListItem","position":2,"name":"Veikals","item":"https:\/\/toys.lt\/lv\/shop\/"},{"@type":"ListItem","position":3,"name":"Talant\u012bgais \u0161efpav\u0101rs B\u0113rnu virtuves komplekts 58 gab."}]},{"@type":"WebSite","@id":"https:\/\/toys.lt\/lv\/#website","url":"https:\/\/toys.lt\/lv\/","name":"Toys.lt","description":"","potentialAction":[{"@type":"SearchAction","target":{"@type":"EntryPoint","urlTemplate":"https:\/\/toys.lt\/lv\/?s={search_term_string}"},"query-input":{"@type":"PropertyValueSpecification","valueRequired":true,"valueName":"search_term_string"}}],"inLanguage":"lv-LV"}]}},"_links":{"self":[{"href":"https:\/\/toys.lt\/lv\/wp-json\/wp\/v2\/product\/42980","targetHints":{"allow":["GET"]}}],"collection":[{"href":"https:\/\/toys.lt\/lv\/wp-json\/wp\/v2\/product"}],"about":[{"href":"https:\/\/toys.lt\/lv\/wp-json\/wp\/v2\/types\/product"}],"replies":[{"embeddable":true,"href":"https:\/\/toys.lt\/lv\/wp-json\/wp\/v2\/comments?post=42980"}],"version-history":[{"count":1,"href":"https:\/\/toys.lt\/lv\/wp-json\/wp\/v2\/product\/42980\/revisions"}],"predecessor-version":[{"id":46013,"href":"https:\/\/toys.lt\/lv\/wp-json\/wp\/v2\/product\/42980\/revisions\/46013"}],"wp:featuredmedia":[{"embeddable":true,"href":"https:\/\/toys.lt\/lv\/wp-json\/wp\/v2\/media\/36509"}],"wp:attachment":[{"href":"https:\/\/toys.lt\/lv\/wp-json\/wp\/v2\/media?parent=42980"}],"wp:term":[{"taxonomy":"product_brand","embeddable":true,"href":"https:\/\/toys.lt\/lv\/wp-json\/wp\/v2\/product_brand?post=42980"},{"taxonomy":"product_cat","embeddable":true,"href":"https:\/\/toys.lt\/lv\/wp-json\/wp\/v2\/product_cat?post=42980"},{"taxonomy":"product_tag","embeddable":true,"href":"https:\/\/toys.lt\/lv\/wp-json\/wp\/v2\/product_tag?post=42980"}],"curies":[{"name":"wp","href":"https:\/\/api.w.org\/{rel}","templated":true}]}}