{"id":42979,"date":"2020-04-07T03:53:11","date_gmt":"2020-04-07T03:53:11","guid":{"rendered":"https:\/\/toys.lt\/produktas\/bada-vardes-hungry-frogs-galda-spele\/"},"modified":"2026-04-09T00:02:55","modified_gmt":"2026-04-09T00:02:55","slug":"bada-vardes-hungry-frogs-galda-spele","status":"publish","type":"product","link":"https:\/\/toys.lt\/lv\/produktas\/bada-vardes-hungry-frogs-galda-spele\/","title":{"rendered":"Bada vardes (Hungry Frogs) galda sp\u0113le"},"content":{"rendered":"<p><strong>Funkcijas:<\/strong><\/p>\n<ul style=\"list-style-type: square;\">\n<li style=\"margin: 0px; padding: 0px; font: inherit; border: 0px;\">Lielisks dizains, gludas malas, rota\u013cu laik\u0101 b\u0113rns netiek savainots.<\/li>\n<li style=\"margin: 0px; padding: 0px; font: inherit; border: 0px;\">Vienlaikus var sp\u0113l\u0113t l\u012bdz 2 sp\u0113l\u0113t\u0101jiem.<\/li>\n<li style=\"margin: 0px; padding: 0px; font: inherit; border: 0px;\">Netoksiskas vielas<\/li>\n<li style=\"margin: 0px; padding: 0px; font: inherit; border: 0px;\">Dro\u0161s b\u0113rnu vesel\u012bbai<\/li>\n<li style=\"margin: 0px; padding: 0px; font: inherit; border: 0px;\">Uzlabot b\u0113rna roku un acu koordin\u0101ciju, paaugstin\u0101t IQ, att\u012bst\u012bt dom\u0101\u0161anu un motoriku.<\/li>\n<\/ul>\n<p>&nbsp;<\/p>\n","protected":false},"excerpt":{"rendered":"<p>Produkta veids: galda sp\u0113le<\/p>\n<p>Izcelsmes valsts: \u0136\u012bna<\/p>\n<p>Iepakojuma izm\u0113ri: 7,2 x 36,3 x 15,2 cm<\/p>\n<p>Iepakojuma materi\u0101ls: plastmasa<\/p>\n<p>Ieteicamais vecums: no 3 gadiem.<\/p>\n","protected":false},"featured_media":36495,"comment_status":"open","ping_status":"closed","template":"","meta":[],"product_brand":[],"product_cat":[1280,1180,1176,1406],"product_tag":[],"class_list":{"0":"post-42979","1":"product","2":"type-product","3":"status-publish","4":"has-post-thumbnail","6":"product_cat-galda-speles","7":"product_cat-rotallietas-meitenem","8":"product_cat-rotallietas-zeniem","9":"product_cat-letakais","10":"pa_amziaus-grupe-3-lv","12":"first","13":"instock","14":"taxable","15":"shipping-taxable","16":"purchasable","17":"product-type-simple"},"yoast_head":"<!-- This site is optimized with the Yoast SEO plugin v26.3 - https:\/\/yoast.com\/wordpress\/plugins\/seo\/ -->\n<title>Bada vardes (Hungry Frogs) galda sp\u0113le - Toys.lt<\/title>\n<meta name=\"robots\" content=\"index, follow, max-snippet:-1, max-image-preview:large, max-video-preview:-1\" \/>\n<link rel=\"canonical\" href=\"https:\/\/toys.lt\/lv\/produktas\/bada-vardes-hungry-frogs-galda-spele\/\" \/>\n<meta property=\"og:locale\" content=\"lv_LV\" \/>\n<meta property=\"og:type\" content=\"article\" \/>\n<meta property=\"og:title\" content=\"Bada vardes (Hungry Frogs) galda sp\u0113le - Toys.lt\" \/>\n<meta property=\"og:description\" content=\"Produkta veids: galda sp\u0113le Izcelsmes valsts: \u0136\u012bna Iepakojuma izm\u0113ri: 7,2 x 36,3 x 15,2 cm Iepakojuma materi\u0101ls: plastmasa Ieteicamais vecums: no 3 gadiem.\" \/>\n<meta property=\"og:url\" content=\"https:\/\/toys.lt\/lv\/produktas\/bada-vardes-hungry-frogs-galda-spele\/\" \/>\n<meta property=\"og:site_name\" content=\"Toys.lt\" \/>\n<meta property=\"article:modified_time\" content=\"2026-04-09T00:02:55+00:00\" \/>\n<meta property=\"og:image\" content=\"https:\/\/toys.lt\/wp-content\/uploads\/2020\/04\/products-362.jpg\" \/>\n\t<meta property=\"og:image:width\" content=\"1751\" \/>\n\t<meta property=\"og:image:height\" content=\"896\" \/>\n\t<meta property=\"og:image:type\" content=\"image\/jpeg\" \/>\n<meta name=\"twitter:card\" content=\"summary_large_image\" \/>\n<script type=\"application\/ld+json\" class=\"yoast-schema-graph\">{\"@context\":\"https:\/\/schema.org\",\"@graph\":[{\"@type\":\"WebPage\",\"@id\":\"https:\/\/toys.lt\/lv\/produktas\/bada-vardes-hungry-frogs-galda-spele\/\",\"url\":\"https:\/\/toys.lt\/lv\/produktas\/bada-vardes-hungry-frogs-galda-spele\/\",\"name\":\"Bada vardes (Hungry Frogs) galda sp\u0113le - Toys.lt\",\"isPartOf\":{\"@id\":\"https:\/\/toys.lt\/lv\/#website\"},\"primaryImageOfPage\":{\"@id\":\"https:\/\/toys.lt\/lv\/produktas\/bada-vardes-hungry-frogs-galda-spele\/#primaryimage\"},\"image\":{\"@id\":\"https:\/\/toys.lt\/lv\/produktas\/bada-vardes-hungry-frogs-galda-spele\/#primaryimage\"},\"thumbnailUrl\":\"https:\/\/toys.lt\/wp-content\/uploads\/2020\/04\/products-362.jpg\",\"datePublished\":\"2020-04-07T03:53:11+00:00\",\"dateModified\":\"2026-04-09T00:02:55+00:00\",\"breadcrumb\":{\"@id\":\"https:\/\/toys.lt\/lv\/produktas\/bada-vardes-hungry-frogs-galda-spele\/#breadcrumb\"},\"inLanguage\":\"lv-LV\",\"potentialAction\":[{\"@type\":\"ReadAction\",\"target\":[\"https:\/\/toys.lt\/lv\/produktas\/bada-vardes-hungry-frogs-galda-spele\/\"]}]},{\"@type\":\"ImageObject\",\"inLanguage\":\"lv-LV\",\"@id\":\"https:\/\/toys.lt\/lv\/produktas\/bada-vardes-hungry-frogs-galda-spele\/#primaryimage\",\"url\":\"https:\/\/toys.lt\/wp-content\/uploads\/2020\/04\/products-362.jpg\",\"contentUrl\":\"https:\/\/toys.lt\/wp-content\/uploads\/2020\/04\/products-362.jpg\",\"width\":1751,\"height\":896,\"caption\":\"Stalo \u017eaidimas &#8220;Hungry Frogs&#8221;\"},{\"@type\":\"BreadcrumbList\",\"@id\":\"https:\/\/toys.lt\/lv\/produktas\/bada-vardes-hungry-frogs-galda-spele\/#breadcrumb\",\"itemListElement\":[{\"@type\":\"ListItem\",\"position\":1,\"name\":\"Home\",\"item\":\"https:\/\/toys.lt\/lv\/\"},{\"@type\":\"ListItem\",\"position\":2,\"name\":\"Veikals\",\"item\":\"https:\/\/toys.lt\/lv\/shop\/\"},{\"@type\":\"ListItem\",\"position\":3,\"name\":\"Bada vardes (Hungry Frogs) galda sp\u0113le\"}]},{\"@type\":\"WebSite\",\"@id\":\"https:\/\/toys.lt\/lv\/#website\",\"url\":\"https:\/\/toys.lt\/lv\/\",\"name\":\"Toys.lt\",\"description\":\"\",\"potentialAction\":[{\"@type\":\"SearchAction\",\"target\":{\"@type\":\"EntryPoint\",\"urlTemplate\":\"https:\/\/toys.lt\/lv\/?s={search_term_string}\"},\"query-input\":{\"@type\":\"PropertyValueSpecification\",\"valueRequired\":true,\"valueName\":\"search_term_string\"}}],\"inLanguage\":\"lv-LV\"}]}<\/script>\n<!-- \/ Yoast SEO plugin. -->","yoast_head_json":{"title":"Bada vardes (Hungry Frogs) galda sp\u0113le - Toys.lt","robots":{"index":"index","follow":"follow","max-snippet":"max-snippet:-1","max-image-preview":"max-image-preview:large","max-video-preview":"max-video-preview:-1"},"canonical":"https:\/\/toys.lt\/lv\/produktas\/bada-vardes-hungry-frogs-galda-spele\/","og_locale":"lv_LV","og_type":"article","og_title":"Bada vardes (Hungry Frogs) galda sp\u0113le - Toys.lt","og_description":"Produkta veids: galda sp\u0113le Izcelsmes valsts: \u0136\u012bna Iepakojuma izm\u0113ri: 7,2 x 36,3 x 15,2 cm Iepakojuma materi\u0101ls: plastmasa Ieteicamais vecums: no 3 gadiem.","og_url":"https:\/\/toys.lt\/lv\/produktas\/bada-vardes-hungry-frogs-galda-spele\/","og_site_name":"Toys.lt","article_modified_time":"2026-04-09T00:02:55+00:00","og_image":[{"width":1751,"height":896,"url":"https:\/\/toys.lt\/wp-content\/uploads\/2020\/04\/products-362.jpg","type":"image\/jpeg"}],"twitter_card":"summary_large_image","schema":{"@context":"https:\/\/schema.org","@graph":[{"@type":"WebPage","@id":"https:\/\/toys.lt\/lv\/produktas\/bada-vardes-hungry-frogs-galda-spele\/","url":"https:\/\/toys.lt\/lv\/produktas\/bada-vardes-hungry-frogs-galda-spele\/","name":"Bada vardes (Hungry Frogs) galda sp\u0113le - Toys.lt","isPartOf":{"@id":"https:\/\/toys.lt\/lv\/#website"},"primaryImageOfPage":{"@id":"https:\/\/toys.lt\/lv\/produktas\/bada-vardes-hungry-frogs-galda-spele\/#primaryimage"},"image":{"@id":"https:\/\/toys.lt\/lv\/produktas\/bada-vardes-hungry-frogs-galda-spele\/#primaryimage"},"thumbnailUrl":"https:\/\/toys.lt\/wp-content\/uploads\/2020\/04\/products-362.jpg","datePublished":"2020-04-07T03:53:11+00:00","dateModified":"2026-04-09T00:02:55+00:00","breadcrumb":{"@id":"https:\/\/toys.lt\/lv\/produktas\/bada-vardes-hungry-frogs-galda-spele\/#breadcrumb"},"inLanguage":"lv-LV","potentialAction":[{"@type":"ReadAction","target":["https:\/\/toys.lt\/lv\/produktas\/bada-vardes-hungry-frogs-galda-spele\/"]}]},{"@type":"ImageObject","inLanguage":"lv-LV","@id":"https:\/\/toys.lt\/lv\/produktas\/bada-vardes-hungry-frogs-galda-spele\/#primaryimage","url":"https:\/\/toys.lt\/wp-content\/uploads\/2020\/04\/products-362.jpg","contentUrl":"https:\/\/toys.lt\/wp-content\/uploads\/2020\/04\/products-362.jpg","width":1751,"height":896,"caption":"Stalo \u017eaidimas &#8220;Hungry Frogs&#8221;"},{"@type":"BreadcrumbList","@id":"https:\/\/toys.lt\/lv\/produktas\/bada-vardes-hungry-frogs-galda-spele\/#breadcrumb","itemListElement":[{"@type":"ListItem","position":1,"name":"Home","item":"https:\/\/toys.lt\/lv\/"},{"@type":"ListItem","position":2,"name":"Veikals","item":"https:\/\/toys.lt\/lv\/shop\/"},{"@type":"ListItem","position":3,"name":"Bada vardes (Hungry Frogs) galda sp\u0113le"}]},{"@type":"WebSite","@id":"https:\/\/toys.lt\/lv\/#website","url":"https:\/\/toys.lt\/lv\/","name":"Toys.lt","description":"","potentialAction":[{"@type":"SearchAction","target":{"@type":"EntryPoint","urlTemplate":"https:\/\/toys.lt\/lv\/?s={search_term_string}"},"query-input":{"@type":"PropertyValueSpecification","valueRequired":true,"valueName":"search_term_string"}}],"inLanguage":"lv-LV"}]}},"_links":{"self":[{"href":"https:\/\/toys.lt\/lv\/wp-json\/wp\/v2\/product\/42979","targetHints":{"allow":["GET"]}}],"collection":[{"href":"https:\/\/toys.lt\/lv\/wp-json\/wp\/v2\/product"}],"about":[{"href":"https:\/\/toys.lt\/lv\/wp-json\/wp\/v2\/types\/product"}],"replies":[{"embeddable":true,"href":"https:\/\/toys.lt\/lv\/wp-json\/wp\/v2\/comments?post=42979"}],"version-history":[{"count":1,"href":"https:\/\/toys.lt\/lv\/wp-json\/wp\/v2\/product\/42979\/revisions"}],"predecessor-version":[{"id":46001,"href":"https:\/\/toys.lt\/lv\/wp-json\/wp\/v2\/product\/42979\/revisions\/46001"}],"wp:featuredmedia":[{"embeddable":true,"href":"https:\/\/toys.lt\/lv\/wp-json\/wp\/v2\/media\/36495"}],"wp:attachment":[{"href":"https:\/\/toys.lt\/lv\/wp-json\/wp\/v2\/media?parent=42979"}],"wp:term":[{"taxonomy":"product_brand","embeddable":true,"href":"https:\/\/toys.lt\/lv\/wp-json\/wp\/v2\/product_brand?post=42979"},{"taxonomy":"product_cat","embeddable":true,"href":"https:\/\/toys.lt\/lv\/wp-json\/wp\/v2\/product_cat?post=42979"},{"taxonomy":"product_tag","embeddable":true,"href":"https:\/\/toys.lt\/lv\/wp-json\/wp\/v2\/product_tag?post=42979"}],"curies":[{"name":"wp","href":"https:\/\/api.w.org\/{rel}","templated":true}]}}