{"id":42976,"date":"2020-04-06T08:02:59","date_gmt":"2020-04-06T08:02:59","guid":{"rendered":"https:\/\/toys.lt\/produktas\/metala-traktors-ar-piekabi\/"},"modified":"2026-02-19T00:03:12","modified_gmt":"2026-02-19T00:03:12","slug":"metala-traktors-ar-piekabi","status":"publish","type":"product","link":"https:\/\/toys.lt\/lv\/produktas\/metala-traktors-ar-piekabi\/","title":{"rendered":"Met\u0101la traktors ar piekabi"},"content":{"rendered":"<p><strong>Funkcijas:<\/strong><\/p>\n<ul style=\"list-style-type: square;\">\n<li>Iesp\u0113jams izv\u0113l\u0113ties no 4 rota\u013clietu opcij\u0101m (l\u016bdzu, nor\u0101diet piez\u012bm\u0113, veicot pas\u016bt\u012bjumu).<\/li>\n<li>Met\u0101la r\u0101mis, triecieniztur\u012bgs un \u016bdensiztur\u012bgs<\/li>\n<li>No\u0146emama piekabe<\/li>\n<li>Piem\u0113rots rota\u013c\u0101m \u0101rpus telp\u0101m smil\u0161u kast\u0113<\/li>\n<li>Att\u012bsta s\u012bko motoriku, dom\u0101\u0161anu un papla\u0161ina redzesloku.<\/li>\n<\/ul>\n<p>&nbsp;<\/p>\n","protected":false},"excerpt":{"rendered":"<p>Produkta veids: lauksaimniec\u012bbas tehnika<\/p>\n<p>Izcelsmes valsts: \u0136\u012bna<\/p>\n<p>Produkta materi\u0101ls: plastmasa, met\u0101ls<\/p>\n<p>Iepakojuma izm\u0113ri: 6,5 x 27 x 12,5 cm<\/p>\n<p>Ieteicamais vecums: no 3 gadiem.<\/p>\n","protected":false},"featured_media":36476,"comment_status":"open","ping_status":"closed","template":"","meta":[],"product_brand":[],"product_cat":[1176,1177,1406],"product_tag":[],"class_list":{"0":"post-42976","1":"product","2":"type-product","3":"status-publish","4":"has-post-thumbnail","6":"product_cat-rotallietas-zeniem","7":"product_cat-rotalu-automasinas-traktori-un-kapurkedes","8":"product_cat-letakais","9":"pa_amziaus-grupe-3-lv","10":"pa_ean_nc-9420171100261-lv","11":"pa_prek-s-spalva-marga-lv","12":"pa_prek-s-spalva-orange","13":"pa_prek-s-spalva-sarkanais","14":"pa_prek-s-spalva-zala","16":"first","17":"instock","18":"taxable","19":"shipping-taxable","20":"purchasable","21":"product-type-simple"},"yoast_head":"<!-- This site is optimized with the Yoast SEO plugin v26.3 - https:\/\/yoast.com\/wordpress\/plugins\/seo\/ -->\n<title>Met\u0101la traktors ar piekabi - Toys.lt<\/title>\n<meta name=\"robots\" content=\"index, follow, max-snippet:-1, max-image-preview:large, max-video-preview:-1\" \/>\n<link rel=\"canonical\" href=\"https:\/\/toys.lt\/lv\/produktas\/metala-traktors-ar-piekabi\/\" \/>\n<meta property=\"og:locale\" content=\"lv_LV\" \/>\n<meta property=\"og:type\" content=\"article\" \/>\n<meta property=\"og:title\" content=\"Met\u0101la traktors ar piekabi - Toys.lt\" \/>\n<meta property=\"og:description\" content=\"Produkta veids: lauksaimniec\u012bbas tehnika Izcelsmes valsts: \u0136\u012bna Produkta materi\u0101ls: plastmasa, met\u0101ls Iepakojuma izm\u0113ri: 6,5 x 27 x 12,5 cm Ieteicamais vecums: no 3 gadiem.\" \/>\n<meta property=\"og:url\" content=\"https:\/\/toys.lt\/lv\/produktas\/metala-traktors-ar-piekabi\/\" \/>\n<meta property=\"og:site_name\" content=\"Toys.lt\" \/>\n<meta property=\"article:modified_time\" content=\"2026-02-19T00:03:12+00:00\" \/>\n<meta property=\"og:image\" content=\"https:\/\/toys.lt\/wp-content\/uploads\/2020\/04\/products-340.jpg\" \/>\n\t<meta property=\"og:image:width\" content=\"400\" \/>\n\t<meta property=\"og:image:height\" content=\"300\" \/>\n\t<meta property=\"og:image:type\" content=\"image\/jpeg\" \/>\n<meta name=\"twitter:card\" content=\"summary_large_image\" \/>\n<script type=\"application\/ld+json\" class=\"yoast-schema-graph\">{\"@context\":\"https:\/\/schema.org\",\"@graph\":[{\"@type\":\"WebPage\",\"@id\":\"https:\/\/toys.lt\/lv\/produktas\/metala-traktors-ar-piekabi\/\",\"url\":\"https:\/\/toys.lt\/lv\/produktas\/metala-traktors-ar-piekabi\/\",\"name\":\"Met\u0101la traktors ar piekabi - Toys.lt\",\"isPartOf\":{\"@id\":\"https:\/\/toys.lt\/lv\/#website\"},\"primaryImageOfPage\":{\"@id\":\"https:\/\/toys.lt\/lv\/produktas\/metala-traktors-ar-piekabi\/#primaryimage\"},\"image\":{\"@id\":\"https:\/\/toys.lt\/lv\/produktas\/metala-traktors-ar-piekabi\/#primaryimage\"},\"thumbnailUrl\":\"https:\/\/toys.lt\/wp-content\/uploads\/2020\/04\/products-340.jpg\",\"datePublished\":\"2020-04-06T08:02:59+00:00\",\"dateModified\":\"2026-02-19T00:03:12+00:00\",\"breadcrumb\":{\"@id\":\"https:\/\/toys.lt\/lv\/produktas\/metala-traktors-ar-piekabi\/#breadcrumb\"},\"inLanguage\":\"lv-LV\",\"potentialAction\":[{\"@type\":\"ReadAction\",\"target\":[\"https:\/\/toys.lt\/lv\/produktas\/metala-traktors-ar-piekabi\/\"]}]},{\"@type\":\"ImageObject\",\"inLanguage\":\"lv-LV\",\"@id\":\"https:\/\/toys.lt\/lv\/produktas\/metala-traktors-ar-piekabi\/#primaryimage\",\"url\":\"https:\/\/toys.lt\/wp-content\/uploads\/2020\/04\/products-340.jpg\",\"contentUrl\":\"https:\/\/toys.lt\/wp-content\/uploads\/2020\/04\/products-340.jpg\",\"width\":400,\"height\":300,\"caption\":\"Metalinis traktorius su priekaba\"},{\"@type\":\"BreadcrumbList\",\"@id\":\"https:\/\/toys.lt\/lv\/produktas\/metala-traktors-ar-piekabi\/#breadcrumb\",\"itemListElement\":[{\"@type\":\"ListItem\",\"position\":1,\"name\":\"Home\",\"item\":\"https:\/\/toys.lt\/lv\/\"},{\"@type\":\"ListItem\",\"position\":2,\"name\":\"Veikals\",\"item\":\"https:\/\/toys.lt\/lv\/shop\/\"},{\"@type\":\"ListItem\",\"position\":3,\"name\":\"Met\u0101la traktors ar piekabi\"}]},{\"@type\":\"WebSite\",\"@id\":\"https:\/\/toys.lt\/lv\/#website\",\"url\":\"https:\/\/toys.lt\/lv\/\",\"name\":\"Toys.lt\",\"description\":\"\",\"potentialAction\":[{\"@type\":\"SearchAction\",\"target\":{\"@type\":\"EntryPoint\",\"urlTemplate\":\"https:\/\/toys.lt\/lv\/?s={search_term_string}\"},\"query-input\":{\"@type\":\"PropertyValueSpecification\",\"valueRequired\":true,\"valueName\":\"search_term_string\"}}],\"inLanguage\":\"lv-LV\"}]}<\/script>\n<!-- \/ Yoast SEO plugin. -->","yoast_head_json":{"title":"Met\u0101la traktors ar piekabi - Toys.lt","robots":{"index":"index","follow":"follow","max-snippet":"max-snippet:-1","max-image-preview":"max-image-preview:large","max-video-preview":"max-video-preview:-1"},"canonical":"https:\/\/toys.lt\/lv\/produktas\/metala-traktors-ar-piekabi\/","og_locale":"lv_LV","og_type":"article","og_title":"Met\u0101la traktors ar piekabi - Toys.lt","og_description":"Produkta veids: lauksaimniec\u012bbas tehnika Izcelsmes valsts: \u0136\u012bna Produkta materi\u0101ls: plastmasa, met\u0101ls Iepakojuma izm\u0113ri: 6,5 x 27 x 12,5 cm Ieteicamais vecums: no 3 gadiem.","og_url":"https:\/\/toys.lt\/lv\/produktas\/metala-traktors-ar-piekabi\/","og_site_name":"Toys.lt","article_modified_time":"2026-02-19T00:03:12+00:00","og_image":[{"width":400,"height":300,"url":"https:\/\/toys.lt\/wp-content\/uploads\/2020\/04\/products-340.jpg","type":"image\/jpeg"}],"twitter_card":"summary_large_image","schema":{"@context":"https:\/\/schema.org","@graph":[{"@type":"WebPage","@id":"https:\/\/toys.lt\/lv\/produktas\/metala-traktors-ar-piekabi\/","url":"https:\/\/toys.lt\/lv\/produktas\/metala-traktors-ar-piekabi\/","name":"Met\u0101la traktors ar piekabi - Toys.lt","isPartOf":{"@id":"https:\/\/toys.lt\/lv\/#website"},"primaryImageOfPage":{"@id":"https:\/\/toys.lt\/lv\/produktas\/metala-traktors-ar-piekabi\/#primaryimage"},"image":{"@id":"https:\/\/toys.lt\/lv\/produktas\/metala-traktors-ar-piekabi\/#primaryimage"},"thumbnailUrl":"https:\/\/toys.lt\/wp-content\/uploads\/2020\/04\/products-340.jpg","datePublished":"2020-04-06T08:02:59+00:00","dateModified":"2026-02-19T00:03:12+00:00","breadcrumb":{"@id":"https:\/\/toys.lt\/lv\/produktas\/metala-traktors-ar-piekabi\/#breadcrumb"},"inLanguage":"lv-LV","potentialAction":[{"@type":"ReadAction","target":["https:\/\/toys.lt\/lv\/produktas\/metala-traktors-ar-piekabi\/"]}]},{"@type":"ImageObject","inLanguage":"lv-LV","@id":"https:\/\/toys.lt\/lv\/produktas\/metala-traktors-ar-piekabi\/#primaryimage","url":"https:\/\/toys.lt\/wp-content\/uploads\/2020\/04\/products-340.jpg","contentUrl":"https:\/\/toys.lt\/wp-content\/uploads\/2020\/04\/products-340.jpg","width":400,"height":300,"caption":"Metalinis traktorius su priekaba"},{"@type":"BreadcrumbList","@id":"https:\/\/toys.lt\/lv\/produktas\/metala-traktors-ar-piekabi\/#breadcrumb","itemListElement":[{"@type":"ListItem","position":1,"name":"Home","item":"https:\/\/toys.lt\/lv\/"},{"@type":"ListItem","position":2,"name":"Veikals","item":"https:\/\/toys.lt\/lv\/shop\/"},{"@type":"ListItem","position":3,"name":"Met\u0101la traktors ar piekabi"}]},{"@type":"WebSite","@id":"https:\/\/toys.lt\/lv\/#website","url":"https:\/\/toys.lt\/lv\/","name":"Toys.lt","description":"","potentialAction":[{"@type":"SearchAction","target":{"@type":"EntryPoint","urlTemplate":"https:\/\/toys.lt\/lv\/?s={search_term_string}"},"query-input":{"@type":"PropertyValueSpecification","valueRequired":true,"valueName":"search_term_string"}}],"inLanguage":"lv-LV"}]}},"_links":{"self":[{"href":"https:\/\/toys.lt\/lv\/wp-json\/wp\/v2\/product\/42976","targetHints":{"allow":["GET"]}}],"collection":[{"href":"https:\/\/toys.lt\/lv\/wp-json\/wp\/v2\/product"}],"about":[{"href":"https:\/\/toys.lt\/lv\/wp-json\/wp\/v2\/types\/product"}],"replies":[{"embeddable":true,"href":"https:\/\/toys.lt\/lv\/wp-json\/wp\/v2\/comments?post=42976"}],"version-history":[{"count":1,"href":"https:\/\/toys.lt\/lv\/wp-json\/wp\/v2\/product\/42976\/revisions"}],"predecessor-version":[{"id":46350,"href":"https:\/\/toys.lt\/lv\/wp-json\/wp\/v2\/product\/42976\/revisions\/46350"}],"wp:featuredmedia":[{"embeddable":true,"href":"https:\/\/toys.lt\/lv\/wp-json\/wp\/v2\/media\/36476"}],"wp:attachment":[{"href":"https:\/\/toys.lt\/lv\/wp-json\/wp\/v2\/media?parent=42976"}],"wp:term":[{"taxonomy":"product_brand","embeddable":true,"href":"https:\/\/toys.lt\/lv\/wp-json\/wp\/v2\/product_brand?post=42976"},{"taxonomy":"product_cat","embeddable":true,"href":"https:\/\/toys.lt\/lv\/wp-json\/wp\/v2\/product_cat?post=42976"},{"taxonomy":"product_tag","embeddable":true,"href":"https:\/\/toys.lt\/lv\/wp-json\/wp\/v2\/product_tag?post=42976"}],"curies":[{"name":"wp","href":"https:\/\/api.w.org\/{rel}","templated":true}]}}