{"id":42975,"date":"2020-04-20T04:55:47","date_gmt":"2020-04-20T04:55:47","guid":{"rendered":"https:\/\/toys.lt\/produktas\/bernu-naktskrekls-2\/"},"modified":"2026-02-19T00:02:46","modified_gmt":"2026-02-19T00:02:46","slug":"bernu-naktskrekls-2","status":"publish","type":"product","link":"https:\/\/toys.lt\/lv\/produktas\/bernu-naktskrekls-2\/","title":{"rendered":"B\u0113rnu naktskrekls"},"content":{"rendered":"<p><strong>Funkcijas:<\/strong><\/p>\n<ul style=\"list-style-type: square\">\n<li style=\"margin: 0px;padding: 0px;font: inherit;border: 0px\">Pieejamas 2 da\u017e\u0101d\u0101s kr\u0101s\u0101s: roz\u0101 un zilganza\u013c\u0101.<\/li>\n<li style=\"margin: 0px;padding: 0px;font: inherit;border: 0px\">Videi draudz\u012bgs, augstas kvalit\u0101tes<\/li>\n<li style=\"margin: 0px;padding: 0px;font: inherit;border: 0px\">\u0112rti un dro\u0161i<\/li>\n<li style=\"margin: 0px;padding: 0px;font: inherit;border: 0px\">V\u0101ka gredzenveida rokturi pal\u012bdz maziem b\u0113rniem justies dro\u0161i<\/li>\n<\/ul>\n<p>&nbsp;<\/p>\n","protected":false},"excerpt":{"rendered":"<p>Produkta veids: z\u012bdai\u0146u podi\u0146\u0161<\/p>\n<p>Izcelsmes valsts: \u0136\u012bna<\/p>\n<p>Produkta materi\u0101ls: plastmasa<\/p>\n<p>Iepakojuma izm\u0113ri: 34 x 32 x 47 cm<\/p>\n<p>Ieteicamais vecums: no 6 m\u0113ne\u0161iem.<\/p>\n","protected":false},"featured_media":36798,"comment_status":"open","ping_status":"closed","template":"","meta":[],"product_brand":[],"product_cat":[1183,1155],"product_tag":[],"class_list":{"0":"post-42975","1":"product","2":"type-product","3":"status-publish","4":"has-post-thumbnail","6":"product_cat-rotallietas-maziem-berniem","7":"product_cat-leti","8":"pa_amziaus-grupe-6-lv","9":"pa_prek-s-spalva-azure","10":"pa_prek-s-spalva-roza-lv","12":"first","13":"instock","14":"taxable","15":"shipping-taxable","16":"purchasable","17":"product-type-simple"},"yoast_head":"<!-- This site is optimized with the Yoast SEO plugin v26.3 - https:\/\/yoast.com\/wordpress\/plugins\/seo\/ -->\n<title>B\u0113rnu naktskrekls - Toys.lt<\/title>\n<meta name=\"robots\" content=\"index, follow, max-snippet:-1, max-image-preview:large, max-video-preview:-1\" \/>\n<link rel=\"canonical\" href=\"https:\/\/toys.lt\/lv\/produktas\/bernu-naktskrekls-2\/\" \/>\n<meta property=\"og:locale\" content=\"lv_LV\" \/>\n<meta property=\"og:type\" content=\"article\" \/>\n<meta property=\"og:title\" content=\"B\u0113rnu naktskrekls - Toys.lt\" \/>\n<meta property=\"og:description\" content=\"Produkta veids: z\u012bdai\u0146u podi\u0146\u0161 Izcelsmes valsts: \u0136\u012bna Produkta materi\u0101ls: plastmasa Iepakojuma izm\u0113ri: 34 x 32 x 47 cm Ieteicamais vecums: no 6 m\u0113ne\u0161iem.\" \/>\n<meta property=\"og:url\" content=\"https:\/\/toys.lt\/lv\/produktas\/bernu-naktskrekls-2\/\" \/>\n<meta property=\"og:site_name\" content=\"Toys.lt\" \/>\n<meta property=\"article:modified_time\" content=\"2026-02-19T00:02:46+00:00\" \/>\n<meta property=\"og:image\" content=\"https:\/\/toys.lt\/wp-content\/uploads\/2020\/04\/products-679.jpg\" \/>\n\t<meta property=\"og:image:width\" content=\"794\" \/>\n\t<meta property=\"og:image:height\" content=\"550\" \/>\n\t<meta property=\"og:image:type\" content=\"image\/jpeg\" \/>\n<meta name=\"twitter:card\" content=\"summary_large_image\" \/>\n<script type=\"application\/ld+json\" class=\"yoast-schema-graph\">{\"@context\":\"https:\/\/schema.org\",\"@graph\":[{\"@type\":\"WebPage\",\"@id\":\"https:\/\/toys.lt\/lv\/produktas\/bernu-naktskrekls-2\/\",\"url\":\"https:\/\/toys.lt\/lv\/produktas\/bernu-naktskrekls-2\/\",\"name\":\"B\u0113rnu naktskrekls - Toys.lt\",\"isPartOf\":{\"@id\":\"https:\/\/toys.lt\/lv\/#website\"},\"primaryImageOfPage\":{\"@id\":\"https:\/\/toys.lt\/lv\/produktas\/bernu-naktskrekls-2\/#primaryimage\"},\"image\":{\"@id\":\"https:\/\/toys.lt\/lv\/produktas\/bernu-naktskrekls-2\/#primaryimage\"},\"thumbnailUrl\":\"https:\/\/toys.lt\/wp-content\/uploads\/2020\/04\/products-679.jpg\",\"datePublished\":\"2020-04-20T04:55:47+00:00\",\"dateModified\":\"2026-02-19T00:02:46+00:00\",\"breadcrumb\":{\"@id\":\"https:\/\/toys.lt\/lv\/produktas\/bernu-naktskrekls-2\/#breadcrumb\"},\"inLanguage\":\"lv-LV\",\"potentialAction\":[{\"@type\":\"ReadAction\",\"target\":[\"https:\/\/toys.lt\/lv\/produktas\/bernu-naktskrekls-2\/\"]}]},{\"@type\":\"ImageObject\",\"inLanguage\":\"lv-LV\",\"@id\":\"https:\/\/toys.lt\/lv\/produktas\/bernu-naktskrekls-2\/#primaryimage\",\"url\":\"https:\/\/toys.lt\/wp-content\/uploads\/2020\/04\/products-679.jpg\",\"contentUrl\":\"https:\/\/toys.lt\/wp-content\/uploads\/2020\/04\/products-679.jpg\",\"width\":794,\"height\":550,\"caption\":\"Vaiki\u0161kas naktipuodis plastikinis\"},{\"@type\":\"BreadcrumbList\",\"@id\":\"https:\/\/toys.lt\/lv\/produktas\/bernu-naktskrekls-2\/#breadcrumb\",\"itemListElement\":[{\"@type\":\"ListItem\",\"position\":1,\"name\":\"Home\",\"item\":\"https:\/\/toys.lt\/lv\/\"},{\"@type\":\"ListItem\",\"position\":2,\"name\":\"Veikals\",\"item\":\"https:\/\/toys.lt\/lv\/shop\/\"},{\"@type\":\"ListItem\",\"position\":3,\"name\":\"B\u0113rnu naktskrekls\"}]},{\"@type\":\"WebSite\",\"@id\":\"https:\/\/toys.lt\/lv\/#website\",\"url\":\"https:\/\/toys.lt\/lv\/\",\"name\":\"Toys.lt\",\"description\":\"\",\"potentialAction\":[{\"@type\":\"SearchAction\",\"target\":{\"@type\":\"EntryPoint\",\"urlTemplate\":\"https:\/\/toys.lt\/lv\/?s={search_term_string}\"},\"query-input\":{\"@type\":\"PropertyValueSpecification\",\"valueRequired\":true,\"valueName\":\"search_term_string\"}}],\"inLanguage\":\"lv-LV\"}]}<\/script>\n<!-- \/ Yoast SEO plugin. -->","yoast_head_json":{"title":"B\u0113rnu naktskrekls - Toys.lt","robots":{"index":"index","follow":"follow","max-snippet":"max-snippet:-1","max-image-preview":"max-image-preview:large","max-video-preview":"max-video-preview:-1"},"canonical":"https:\/\/toys.lt\/lv\/produktas\/bernu-naktskrekls-2\/","og_locale":"lv_LV","og_type":"article","og_title":"B\u0113rnu naktskrekls - Toys.lt","og_description":"Produkta veids: z\u012bdai\u0146u podi\u0146\u0161 Izcelsmes valsts: \u0136\u012bna Produkta materi\u0101ls: plastmasa Iepakojuma izm\u0113ri: 34 x 32 x 47 cm Ieteicamais vecums: no 6 m\u0113ne\u0161iem.","og_url":"https:\/\/toys.lt\/lv\/produktas\/bernu-naktskrekls-2\/","og_site_name":"Toys.lt","article_modified_time":"2026-02-19T00:02:46+00:00","og_image":[{"width":794,"height":550,"url":"https:\/\/toys.lt\/wp-content\/uploads\/2020\/04\/products-679.jpg","type":"image\/jpeg"}],"twitter_card":"summary_large_image","schema":{"@context":"https:\/\/schema.org","@graph":[{"@type":"WebPage","@id":"https:\/\/toys.lt\/lv\/produktas\/bernu-naktskrekls-2\/","url":"https:\/\/toys.lt\/lv\/produktas\/bernu-naktskrekls-2\/","name":"B\u0113rnu naktskrekls - Toys.lt","isPartOf":{"@id":"https:\/\/toys.lt\/lv\/#website"},"primaryImageOfPage":{"@id":"https:\/\/toys.lt\/lv\/produktas\/bernu-naktskrekls-2\/#primaryimage"},"image":{"@id":"https:\/\/toys.lt\/lv\/produktas\/bernu-naktskrekls-2\/#primaryimage"},"thumbnailUrl":"https:\/\/toys.lt\/wp-content\/uploads\/2020\/04\/products-679.jpg","datePublished":"2020-04-20T04:55:47+00:00","dateModified":"2026-02-19T00:02:46+00:00","breadcrumb":{"@id":"https:\/\/toys.lt\/lv\/produktas\/bernu-naktskrekls-2\/#breadcrumb"},"inLanguage":"lv-LV","potentialAction":[{"@type":"ReadAction","target":["https:\/\/toys.lt\/lv\/produktas\/bernu-naktskrekls-2\/"]}]},{"@type":"ImageObject","inLanguage":"lv-LV","@id":"https:\/\/toys.lt\/lv\/produktas\/bernu-naktskrekls-2\/#primaryimage","url":"https:\/\/toys.lt\/wp-content\/uploads\/2020\/04\/products-679.jpg","contentUrl":"https:\/\/toys.lt\/wp-content\/uploads\/2020\/04\/products-679.jpg","width":794,"height":550,"caption":"Vaiki\u0161kas naktipuodis plastikinis"},{"@type":"BreadcrumbList","@id":"https:\/\/toys.lt\/lv\/produktas\/bernu-naktskrekls-2\/#breadcrumb","itemListElement":[{"@type":"ListItem","position":1,"name":"Home","item":"https:\/\/toys.lt\/lv\/"},{"@type":"ListItem","position":2,"name":"Veikals","item":"https:\/\/toys.lt\/lv\/shop\/"},{"@type":"ListItem","position":3,"name":"B\u0113rnu naktskrekls"}]},{"@type":"WebSite","@id":"https:\/\/toys.lt\/lv\/#website","url":"https:\/\/toys.lt\/lv\/","name":"Toys.lt","description":"","potentialAction":[{"@type":"SearchAction","target":{"@type":"EntryPoint","urlTemplate":"https:\/\/toys.lt\/lv\/?s={search_term_string}"},"query-input":{"@type":"PropertyValueSpecification","valueRequired":true,"valueName":"search_term_string"}}],"inLanguage":"lv-LV"}]}},"_links":{"self":[{"href":"https:\/\/toys.lt\/lv\/wp-json\/wp\/v2\/product\/42975","targetHints":{"allow":["GET"]}}],"collection":[{"href":"https:\/\/toys.lt\/lv\/wp-json\/wp\/v2\/product"}],"about":[{"href":"https:\/\/toys.lt\/lv\/wp-json\/wp\/v2\/types\/product"}],"replies":[{"embeddable":true,"href":"https:\/\/toys.lt\/lv\/wp-json\/wp\/v2\/comments?post=42975"}],"version-history":[{"count":1,"href":"https:\/\/toys.lt\/lv\/wp-json\/wp\/v2\/product\/42975\/revisions"}],"predecessor-version":[{"id":46321,"href":"https:\/\/toys.lt\/lv\/wp-json\/wp\/v2\/product\/42975\/revisions\/46321"}],"wp:featuredmedia":[{"embeddable":true,"href":"https:\/\/toys.lt\/lv\/wp-json\/wp\/v2\/media\/36798"}],"wp:attachment":[{"href":"https:\/\/toys.lt\/lv\/wp-json\/wp\/v2\/media?parent=42975"}],"wp:term":[{"taxonomy":"product_brand","embeddable":true,"href":"https:\/\/toys.lt\/lv\/wp-json\/wp\/v2\/product_brand?post=42975"},{"taxonomy":"product_cat","embeddable":true,"href":"https:\/\/toys.lt\/lv\/wp-json\/wp\/v2\/product_cat?post=42975"},{"taxonomy":"product_tag","embeddable":true,"href":"https:\/\/toys.lt\/lv\/wp-json\/wp\/v2\/product_tag?post=42975"}],"curies":[{"name":"wp","href":"https:\/\/api.w.org\/{rel}","templated":true}]}}